{"id":23768,"date":"2023-11-29T13:23:56","date_gmt":"2023-11-29T18:23:56","guid":{"rendered":"https:\/\/www.belleflamme.ca\/?post_type=product&#038;p=23768"},"modified":"2025-04-03T10:00:24","modified_gmt":"2025-04-03T14:00:24","slug":"poele-au-gaz-titan-de-marquis","status":"publish","type":"product","link":"https:\/\/staging.belleflamme.ca\/fr\/produit\/poele-au-gaz-titan-de-marquis\/","title":{"rendered":"Po\u00eale au Gaz TITAN de Marquis"},"content":{"rendered":"\t\t<div data-elementor-type=\"product-post\" data-elementor-id=\"23768\" class=\"elementor elementor-23768\" data-elementor-post-type=\"product\">\n\t\t\t\t\t\t<section class=\"elementor-section elementor-top-section elementor-element elementor-element-405a695d elementor-section-boxed elementor-section-height-default elementor-section-height-default\" data-id=\"405a695d\" data-element_type=\"section\">\n\t\t\t\t\t\t<div class=\"elementor-container elementor-column-gap-default\">\n\t\t\t\t\t<div class=\"elementor-column elementor-col-100 elementor-top-column elementor-element elementor-element-49c5e687\" data-id=\"49c5e687\" data-element_type=\"column\">\n\t\t\t<div class=\"elementor-widget-wrap elementor-element-populated\">\n\t\t\t\t\t\t<div class=\"elementor-element elementor-element-397b52c elementor-widget elementor-widget-text-editor\" data-id=\"397b52c\" data-element_type=\"widget\" data-widget_type=\"text-editor.default\">\n\t\t\t\t<div class=\"elementor-widget-container\">\n\t\t\t\t\t\t\t\t\t<div class=\"col-lg-12 col-md-12 col-sm-12 col-xs-12\">\r\n<h2><span>Po\u00eale au gaz autoportante \u00e0 \u00e9vacuation directe<\/span><\/h2>\r\n<\/div>\r\n<div class=\"col-lg-9 col-md-10 col-sm-12 col-xs-12\">\r\n\r\nLe mod\u00e8le\u00a0<strong>TITAN<\/strong>\u00a0\u00e0 \u00e9vacuation directe assure une combustion scell\u00e9e o\u00f9 il aspire l&#8217;air ext\u00e9rieur pour la combustion.\u00a0Ce mod\u00e8le peut \u00eatre ventil\u00e9 horizontalement ou verticalement.\r\n<h3><span>Caract\u00e9ristiques standards<\/span><\/h3>\r\n<ul>\r\n \t<li><span>Le syst\u00e8me de valve Millivolt et IPI PF1 permet un fonctionnement lors d&#8217;une panne de courant avec r\u00e9glage de la chaleur et de la flamme Hi-Low.<\/span><\/li>\r\n \t<li><span>Les mod\u00e8les IPI Proflame II (PF2) incluent une t\u00e9l\u00e9commande \u2013 comprend une flamme, un ventilateur, un thermostat, un thermostat intelligent (Compatibilit\u00e9 WIFI : Smartphone \u2013 WIFI local uniquement) et une batterie de secours<\/span><\/li>\r\n \t<li><span>Syst\u00e8me \u00e0 double br\u00fbleur, avec un motif de flamme r\u00e9aliste<\/span><\/li>\r\n \t<li><span>Verre c\u00e9ramique rayonnant de chaleur<\/span><\/li>\r\n \t<li><span>Homologu\u00e9 Mobil Home<\/span><\/li>\r\n \t<li><span>Approuv\u00e9 pour une installation dans une chambre ou un salon-lit<\/span><\/li>\r\n \t<li><span>Ensemble de b\u00fbches de ch\u00eane en fibre avec braises incandescentes<\/span><\/li>\r\n \t<li><span>Barri\u00e8re d&#8217;\u00e9cran de s\u00e9curit\u00e9<\/span><\/li>\r\n<\/ul>\r\n<h3><span>Caract\u00e9ristiques optionnelles<\/span><\/h3>\r\n<h4><span>SOUFFLERIE (MV\/IPI, PF1)\u00a0:<\/span><\/h4>\r\n<span>Activation par la chaleur avec contr\u00f4le de vitesse variable<\/span>\r\n<h4><span>DOUBLURE:<\/span><\/h4>\r\n<span>Brique r\u00e9fractaire (3 pi\u00e8ces)<\/span>\r\n<h4><span>T\u00c9L\u00c9COMMANDE (MILLIVOLT)\u00a0:<\/span><\/h4>\r\n<span>Thermostat On\/Off, Thermostat On\/Off modulant<\/span>\r\n<h4><span>THERMOSTAT (VM\/PF1)\u00a0:<\/span><\/h4>\r\n<span>Montage mural ou programmable<\/span>\r\n\r\n<\/div>\t\t\t\t\t\t\t\t<\/div>\n\t\t\t\t<\/div>\n\t\t\t\t\t<\/div>\n\t\t<\/div>\n\t\t\t\t\t<\/div>\n\t\t<\/section>\n\t\t\t\t<section class=\"elementor-section elementor-top-section elementor-element elementor-element-13508df elementor-section-boxed elementor-section-height-default elementor-section-height-default\" data-id=\"13508df\" data-element_type=\"section\">\n\t\t\t\t\t\t<div class=\"elementor-container elementor-column-gap-default\">\n\t\t\t\t\t<div class=\"elementor-column elementor-col-100 elementor-top-column elementor-element elementor-element-656f6cd\" data-id=\"656f6cd\" data-element_type=\"column\">\n\t\t\t<div class=\"elementor-widget-wrap elementor-element-populated\">\n\t\t\t\t\t\t<div class=\"elementor-element elementor-element-61f4a12 elementor-tabs-view-horizontal elementor-widget elementor-widget-tabs\" data-id=\"61f4a12\" data-element_type=\"widget\" data-widget_type=\"tabs.default\">\n\t\t\t\t<div class=\"elementor-widget-container\">\n\t\t\t\t\t\t\t<div class=\"elementor-tabs\">\n\t\t\t<div class=\"elementor-tabs-wrapper\" role=\"tablist\" >\n\t\t\t\t\t\t\t\t\t<div id=\"elementor-tab-title-1021\" class=\"elementor-tab-title elementor-tab-desktop-title\" aria-selected=\"true\" data-tab=\"1\" role=\"tab\" tabindex=\"0\" aria-controls=\"elementor-tab-content-1021\" aria-expanded=\"false\">Fichiers<\/div>\n\t\t\t\t\t\t\t<\/div>\n\t\t\t<div class=\"elementor-tabs-content-wrapper\" role=\"tablist\" aria-orientation=\"vertical\">\n\t\t\t\t\t\t\t\t\t<div class=\"elementor-tab-title elementor-tab-mobile-title\" aria-selected=\"true\" data-tab=\"1\" role=\"tab\" tabindex=\"0\" aria-controls=\"elementor-tab-content-1021\" aria-expanded=\"false\">Fichiers<\/div>\n\t\t\t\t\t<div id=\"elementor-tab-content-1021\" class=\"elementor-tab-content elementor-clearfix\" data-tab=\"1\" role=\"tabpanel\" aria-labelledby=\"elementor-tab-title-1021\" tabindex=\"0\" hidden=\"false\"><i class=\"far fa-file-pdf fa-xl\" style=\"font-size:35px\"><\/i><a href=\"https:\/\/www.belleflamme.ca\/wp-content\/uploads\/2023\/11\/18595-MQ-B068-TITANFR-Jul2023-WEB2.pdf\"> Brochure<\/a><\/br>\n<i class=\"far fa-file-pdf fa-xl\" style=\"font-size:35px\"><\/i><a href=\"https:\/\/www.belleflamme.ca\/wp-content\/uploads\/2023\/11\/200S-MANFR19-2.pdf\"> Manuel<\/a><\/br>\n<i class=\"far fa-file-pdf fa-xl\" style=\"font-size:35px\"><\/i><a href=\"https:\/\/www.belleflamme.ca\/wp-content\/uploads\/2023\/11\/16946-MQ-ProductGuide-Marquis-2022-Mar2023-WEB2-Single-2.pdf\"> Brochure Marquis<\/a><\/br><\/div>\n\t\t\t\t\t\t\t<\/div>\n\t\t<\/div>\n\t\t\t\t\t\t<\/div>\n\t\t\t\t<\/div>\n\t\t\t\t\t<\/div>\n\t\t<\/div>\n\t\t\t\t\t<\/div>\n\t\t<\/section>\n\t\t\t\t<\/div>\n\t\t","protected":false},"excerpt":{"rendered":"<p>Po\u00eale au gaz autoportante \u00e0 \u00e9vacuation directe Le mod\u00e8le\u00a0TITAN\u00a0\u00e0 \u00e9vacuation directe assure une combustion scell\u00e9e o\u00f9 il aspire l&#8217;air ext\u00e9rieur pour la combustion.\u00a0Ce mod\u00e8le peut \u00eatre ventil\u00e9 horizontalement ou verticalement. Caract\u00e9ristiques standards Le syst\u00e8me de valve Millivolt et IPI PF1 permet un fonctionnement lors d&#8217;une panne de courant avec r\u00e9glage de la chaleur et de [&hellip;]<\/p>\n","protected":false},"featured_media":23769,"template":"","meta":{"inline_featured_image":false},"product_brand":[217],"product_cat":[33,35,38],"product_tag":[],"class_list":{"0":"post-23768","1":"product","2":"type-product","3":"status-publish","4":"has-post-thumbnail","6":"product_brand-marquis","7":"product_cat-poeles-et-foyers","8":"product_cat-poeles-foyer-au-gaz","9":"product_cat-poeles-au-gaz","11":"first","12":"instock","13":"taxable","14":"shipping-taxable","15":"purchasable","16":"product-type-variable"},"yoast_head":"<!-- This site is optimized with the Yoast SEO Premium plugin v24.2 (Yoast SEO v24.2) - https:\/\/yoast.com\/wordpress\/plugins\/seo\/ -->\n<title>Po\u00eale au Gaz TITAN de Marquis - Groupe BelleFlamme<\/title>\n<meta name=\"description\" content=\"Po\u00eale au Gaz TITAN de Marquis vendu et install\u00e9 par le Groupe Belleflamme. Laval, Montr\u00e9al, Gatineau, Drummondville et Saint-Sauveur.\" \/>\n<meta name=\"robots\" content=\"index, follow, max-snippet:-1, max-image-preview:large, max-video-preview:-1\" \/>\n<link rel=\"canonical\" href=\"https:\/\/staging.belleflamme.ca\/fr\/produit\/poele-au-gaz-titan-de-marquis\/\" \/>\n<meta property=\"og:locale\" content=\"fr_FR\" \/>\n<meta property=\"og:type\" content=\"article\" \/>\n<meta property=\"og:title\" content=\"Po\u00eale au Gaz TITAN de Marquis\" \/>\n<meta property=\"og:description\" content=\"Po\u00eale au Gaz TITAN de Marquis vendu et install\u00e9 par le Groupe Belleflamme. Laval, Montr\u00e9al, Gatineau, Drummondville et Saint-Sauveur.\" \/>\n<meta property=\"og:url\" content=\"https:\/\/staging.belleflamme.ca\/fr\/produit\/poele-au-gaz-titan-de-marquis\/\" \/>\n<meta property=\"og:site_name\" content=\"Groupe BelleFlamme\" \/>\n<meta property=\"article:publisher\" content=\"https:\/\/www.facebook.com\/belleflamme.ca\/\" \/>\n<meta property=\"article:modified_time\" content=\"2025-04-03T14:00:24+00:00\" \/>\n<meta property=\"og:image\" content=\"https:\/\/www.belleflamme.ca\/wp-content\/uploads\/2023\/11\/Poeles-au-Gaz-TITAN-de-Marquis.jpg\" \/>\n\t<meta property=\"og:image:width\" content=\"1500\" \/>\n\t<meta property=\"og:image:height\" content=\"803\" \/>\n\t<meta property=\"og:image:type\" content=\"image\/jpeg\" \/>\n<meta name=\"twitter:card\" content=\"summary_large_image\" \/>\n<meta name=\"twitter:label1\" content=\"Disponibilit\u00e9\" \/>\n\t<meta name=\"twitter:data1\" content=\"En stock\" \/>\n<script type=\"application\/ld+json\" class=\"yoast-schema-graph\">{\"@context\":\"https:\/\/schema.org\",\"@graph\":[{\"@type\":[\"WebPage\",\"ItemPage\"],\"@id\":\"https:\/\/staging.belleflamme.ca\/fr\/produit\/poele-au-gaz-titan-de-marquis\/\",\"url\":\"https:\/\/staging.belleflamme.ca\/fr\/produit\/poele-au-gaz-titan-de-marquis\/\",\"name\":\"Po\u00eale au Gaz TITAN de Marquis - Groupe BelleFlamme\",\"isPartOf\":{\"@id\":\"https:\/\/www.belleflamme.ca\/fr\/#website\"},\"primaryImageOfPage\":{\"@id\":\"https:\/\/staging.belleflamme.ca\/fr\/produit\/poele-au-gaz-titan-de-marquis\/#primaryimage\"},\"image\":{\"@id\":\"https:\/\/staging.belleflamme.ca\/fr\/produit\/poele-au-gaz-titan-de-marquis\/#primaryimage\"},\"thumbnailUrl\":\"https:\/\/staging.belleflamme.ca\/wp-content\/uploads\/2023\/11\/Poeles-au-Gaz-TITAN-de-Marquis.jpg\",\"datePublished\":\"2023-11-29T18:23:56+00:00\",\"dateModified\":\"2025-04-03T14:00:24+00:00\",\"description\":\"Po\u00eale au Gaz TITAN de Marquis [get_meta_en_fr]\",\"breadcrumb\":{\"@id\":\"https:\/\/staging.belleflamme.ca\/fr\/produit\/poele-au-gaz-titan-de-marquis\/#breadcrumb\"},\"inLanguage\":\"fr-FR\",\"potentialAction\":[{\"@type\":\"ReadAction\",\"target\":[\"https:\/\/staging.belleflamme.ca\/fr\/produit\/poele-au-gaz-titan-de-marquis\/\"]}]},{\"@type\":\"ImageObject\",\"inLanguage\":\"fr-FR\",\"@id\":\"https:\/\/staging.belleflamme.ca\/fr\/produit\/poele-au-gaz-titan-de-marquis\/#primaryimage\",\"url\":\"https:\/\/staging.belleflamme.ca\/wp-content\/uploads\/2023\/11\/Poeles-au-Gaz-TITAN-de-Marquis.jpg\",\"contentUrl\":\"https:\/\/staging.belleflamme.ca\/wp-content\/uploads\/2023\/11\/Poeles-au-Gaz-TITAN-de-Marquis.jpg\",\"width\":1500,\"height\":803,\"caption\":\"Po\u00eales au Gaz TITAN de Marquis\"},{\"@type\":\"BreadcrumbList\",\"@id\":\"https:\/\/staging.belleflamme.ca\/fr\/produit\/poele-au-gaz-titan-de-marquis\/#breadcrumb\",\"itemListElement\":[{\"@type\":\"ListItem\",\"position\":1,\"name\":\"Accueil\",\"item\":\"https:\/\/www.belleflamme.ca\/fr\/\"},{\"@type\":\"ListItem\",\"position\":2,\"name\":\"Boutique\",\"item\":\"https:\/\/www.belleflamme.ca\/fr\/boutique\/\"},{\"@type\":\"ListItem\",\"position\":3,\"name\":\"Po\u00eales &amp; Foyers\",\"item\":\"https:\/\/staging.belleflamme.ca\/fr\/categories\/poeles-et-foyers\/\"},{\"@type\":\"ListItem\",\"position\":4,\"name\":\"Po\u00eale au Gaz TITAN de Marquis\"}]},{\"@type\":\"WebSite\",\"@id\":\"https:\/\/www.belleflamme.ca\/fr\/#website\",\"url\":\"https:\/\/www.belleflamme.ca\/fr\/\",\"name\":\"Groupe Belleflamme\",\"description\":\"La m\u00e9canique du b\u00e2timent dans le sang.\",\"publisher\":{\"@id\":\"https:\/\/www.belleflamme.ca\/fr\/#organization\"},\"potentialAction\":[{\"@type\":\"SearchAction\",\"target\":{\"@type\":\"EntryPoint\",\"urlTemplate\":\"https:\/\/www.belleflamme.ca\/fr\/?s={search_term_string}\"},\"query-input\":{\"@type\":\"PropertyValueSpecification\",\"valueRequired\":true,\"valueName\":\"search_term_string\"}}],\"inLanguage\":\"fr-FR\"},{\"@type\":[\"Organization\",\"Place\"],\"@id\":\"https:\/\/www.belleflamme.ca\/fr\/#organization\",\"name\":\"Groupe Belleflamme\",\"alternateName\":\"Belleflamme\",\"url\":\"https:\/\/www.belleflamme.ca\/fr\/\",\"logo\":{\"@type\":\"ImageObject\",\"inLanguage\":\"fr-FR\",\"@id\":\"https:\/\/www.belleflamme.ca\/fr\/#\/schema\/logo\/image\/\",\"url\":\"https:\/\/staging.belleflamme.ca\/wp-content\/uploads\/2023\/01\/og-image.jpg\",\"contentUrl\":\"https:\/\/staging.belleflamme.ca\/wp-content\/uploads\/2023\/01\/og-image.jpg\",\"width\":1200,\"height\":630,\"caption\":\"Groupe Belleflamme\"},\"image\":{\"@id\":\"https:\/\/www.belleflamme.ca\/fr\/#\/schema\/logo\/image\/\"},\"sameAs\":[\"https:\/\/www.facebook.com\/belleflamme.ca\/\",\"https:\/\/www.linkedin.com\/company\/belleflamme\/\",\"https:\/\/www.pinterest.ca\/groupebelleflamme\/\",\"https:\/\/www.instagram.com\/legroupebelleflamme\/\"],\"mainEntityOfPage\":{\"@id\":\"https:\/\/staging.belleflamme.ca\/fr\/produit\/poele-au-gaz-titan-de-marquis\/\"}}]}<\/script>\n<meta property=\"product:brand\" content=\"Marquis\" \/>\n<meta property=\"og:availability\" content=\"instock\" \/>\n<meta property=\"product:availability\" content=\"instock\" \/>\n<meta property=\"product:condition\" content=\"new\" \/>\n<!-- \/ Yoast SEO Premium plugin. -->","yoast_head_json":{"title":"Po\u00eale au Gaz TITAN de Marquis - Groupe BelleFlamme","description":"Po\u00eale au Gaz TITAN de Marquis vendu et install\u00e9 par le Groupe Belleflamme. Laval, Montr\u00e9al, Gatineau, Drummondville et Saint-Sauveur.","robots":{"index":"index","follow":"follow","max-snippet":"max-snippet:-1","max-image-preview":"max-image-preview:large","max-video-preview":"max-video-preview:-1"},"canonical":"https:\/\/staging.belleflamme.ca\/fr\/produit\/poele-au-gaz-titan-de-marquis\/","og_locale":"fr_FR","og_type":"article","og_title":"Po\u00eale au Gaz TITAN de Marquis","og_description":"Po\u00eale au Gaz TITAN de Marquis vendu et install\u00e9 par le Groupe Belleflamme. Laval, Montr\u00e9al, Gatineau, Drummondville et Saint-Sauveur.","og_url":"https:\/\/staging.belleflamme.ca\/fr\/produit\/poele-au-gaz-titan-de-marquis\/","og_site_name":"Groupe BelleFlamme","article_publisher":"https:\/\/www.facebook.com\/belleflamme.ca\/","article_modified_time":"2025-04-03T14:00:24+00:00","og_image":[{"width":1500,"height":803,"url":"https:\/\/www.belleflamme.ca\/wp-content\/uploads\/2023\/11\/Poeles-au-Gaz-TITAN-de-Marquis.jpg","type":"image\/jpeg"}],"twitter_card":"summary_large_image","twitter_misc":{"Disponibilit\u00e9":"En stock"},"schema":{"@context":"https:\/\/schema.org","@graph":[{"@type":["WebPage","ItemPage"],"@id":"https:\/\/staging.belleflamme.ca\/fr\/produit\/poele-au-gaz-titan-de-marquis\/","url":"https:\/\/staging.belleflamme.ca\/fr\/produit\/poele-au-gaz-titan-de-marquis\/","name":"Po\u00eale au Gaz TITAN de Marquis - Groupe BelleFlamme","isPartOf":{"@id":"https:\/\/www.belleflamme.ca\/fr\/#website"},"primaryImageOfPage":{"@id":"https:\/\/staging.belleflamme.ca\/fr\/produit\/poele-au-gaz-titan-de-marquis\/#primaryimage"},"image":{"@id":"https:\/\/staging.belleflamme.ca\/fr\/produit\/poele-au-gaz-titan-de-marquis\/#primaryimage"},"thumbnailUrl":"https:\/\/staging.belleflamme.ca\/wp-content\/uploads\/2023\/11\/Poeles-au-Gaz-TITAN-de-Marquis.jpg","datePublished":"2023-11-29T18:23:56+00:00","dateModified":"2025-04-03T14:00:24+00:00","description":"Po\u00eale au Gaz TITAN de Marquis [get_meta_en_fr]","breadcrumb":{"@id":"https:\/\/staging.belleflamme.ca\/fr\/produit\/poele-au-gaz-titan-de-marquis\/#breadcrumb"},"inLanguage":"fr-FR","potentialAction":[{"@type":"ReadAction","target":["https:\/\/staging.belleflamme.ca\/fr\/produit\/poele-au-gaz-titan-de-marquis\/"]}]},{"@type":"ImageObject","inLanguage":"fr-FR","@id":"https:\/\/staging.belleflamme.ca\/fr\/produit\/poele-au-gaz-titan-de-marquis\/#primaryimage","url":"https:\/\/staging.belleflamme.ca\/wp-content\/uploads\/2023\/11\/Poeles-au-Gaz-TITAN-de-Marquis.jpg","contentUrl":"https:\/\/staging.belleflamme.ca\/wp-content\/uploads\/2023\/11\/Poeles-au-Gaz-TITAN-de-Marquis.jpg","width":1500,"height":803,"caption":"Po\u00eales au Gaz TITAN de Marquis"},{"@type":"BreadcrumbList","@id":"https:\/\/staging.belleflamme.ca\/fr\/produit\/poele-au-gaz-titan-de-marquis\/#breadcrumb","itemListElement":[{"@type":"ListItem","position":1,"name":"Accueil","item":"https:\/\/www.belleflamme.ca\/fr\/"},{"@type":"ListItem","position":2,"name":"Boutique","item":"https:\/\/www.belleflamme.ca\/fr\/boutique\/"},{"@type":"ListItem","position":3,"name":"Po\u00eales &amp; Foyers","item":"https:\/\/staging.belleflamme.ca\/fr\/categories\/poeles-et-foyers\/"},{"@type":"ListItem","position":4,"name":"Po\u00eale au Gaz TITAN de Marquis"}]},{"@type":"WebSite","@id":"https:\/\/www.belleflamme.ca\/fr\/#website","url":"https:\/\/www.belleflamme.ca\/fr\/","name":"Groupe Belleflamme","description":"La m\u00e9canique du b\u00e2timent dans le sang.","publisher":{"@id":"https:\/\/www.belleflamme.ca\/fr\/#organization"},"potentialAction":[{"@type":"SearchAction","target":{"@type":"EntryPoint","urlTemplate":"https:\/\/www.belleflamme.ca\/fr\/?s={search_term_string}"},"query-input":{"@type":"PropertyValueSpecification","valueRequired":true,"valueName":"search_term_string"}}],"inLanguage":"fr-FR"},{"@type":["Organization","Place"],"@id":"https:\/\/www.belleflamme.ca\/fr\/#organization","name":"Groupe Belleflamme","alternateName":"Belleflamme","url":"https:\/\/www.belleflamme.ca\/fr\/","logo":{"@type":"ImageObject","inLanguage":"fr-FR","@id":"https:\/\/www.belleflamme.ca\/fr\/#\/schema\/logo\/image\/","url":"https:\/\/staging.belleflamme.ca\/wp-content\/uploads\/2023\/01\/og-image.jpg","contentUrl":"https:\/\/staging.belleflamme.ca\/wp-content\/uploads\/2023\/01\/og-image.jpg","width":1200,"height":630,"caption":"Groupe Belleflamme"},"image":{"@id":"https:\/\/www.belleflamme.ca\/fr\/#\/schema\/logo\/image\/"},"sameAs":["https:\/\/www.facebook.com\/belleflamme.ca\/","https:\/\/www.linkedin.com\/company\/belleflamme\/","https:\/\/www.pinterest.ca\/groupebelleflamme\/","https:\/\/www.instagram.com\/legroupebelleflamme\/"],"mainEntityOfPage":{"@id":"https:\/\/staging.belleflamme.ca\/fr\/produit\/poele-au-gaz-titan-de-marquis\/"}}]},"product_brand":"Marquis","og_availability":"instock","product_availability":"instock","product_condition":"new"},"_links":{"self":[{"href":"https:\/\/staging.belleflamme.ca\/fr\/wp-json\/wp\/v2\/product\/23768","targetHints":{"allow":["GET"]}}],"collection":[{"href":"https:\/\/staging.belleflamme.ca\/fr\/wp-json\/wp\/v2\/product"}],"about":[{"href":"https:\/\/staging.belleflamme.ca\/fr\/wp-json\/wp\/v2\/types\/product"}],"version-history":[{"count":6,"href":"https:\/\/staging.belleflamme.ca\/fr\/wp-json\/wp\/v2\/product\/23768\/revisions"}],"predecessor-version":[{"id":42462,"href":"https:\/\/staging.belleflamme.ca\/fr\/wp-json\/wp\/v2\/product\/23768\/revisions\/42462"}],"wp:featuredmedia":[{"embeddable":true,"href":"https:\/\/staging.belleflamme.ca\/fr\/wp-json\/wp\/v2\/media\/23769"}],"wp:attachment":[{"href":"https:\/\/staging.belleflamme.ca\/fr\/wp-json\/wp\/v2\/media?parent=23768"}],"wp:term":[{"taxonomy":"product_brand","embeddable":true,"href":"https:\/\/staging.belleflamme.ca\/fr\/wp-json\/wp\/v2\/product_brand?post=23768"},{"taxonomy":"product_cat","embeddable":true,"href":"https:\/\/staging.belleflamme.ca\/fr\/wp-json\/wp\/v2\/product_cat?post=23768"},{"taxonomy":"product_tag","embeddable":true,"href":"https:\/\/staging.belleflamme.ca\/fr\/wp-json\/wp\/v2\/product_tag?post=23768"}],"curies":[{"name":"wp","href":"https:\/\/api.w.org\/{rel}","templated":true}]}}