{"id":23719,"date":"2023-11-29T12:47:40","date_gmt":"2023-11-29T17:47:40","guid":{"rendered":"https:\/\/www.belleflamme.ca\/?post_type=product&#038;p=23719"},"modified":"2025-04-03T08:47:58","modified_gmt":"2025-04-03T12:47:58","slug":"foyer-au-gas-transparent-bentley-st-par-marquis","status":"publish","type":"product","link":"https:\/\/staging.belleflamme.ca\/fr\/produit\/foyer-au-gas-transparent-bentley-st-par-marquis\/","title":{"rendered":"Foyer au gas transparent BENTLEY ST par Marquis"},"content":{"rendered":"\t\t<div data-elementor-type=\"product-post\" data-elementor-id=\"23719\" class=\"elementor elementor-23719\" data-elementor-post-type=\"product\">\n\t\t\t\t\t\t<section class=\"elementor-section elementor-top-section elementor-element elementor-element-3671ea8c elementor-section-boxed elementor-section-height-default elementor-section-height-default\" data-id=\"3671ea8c\" data-element_type=\"section\">\n\t\t\t\t\t\t<div class=\"elementor-container elementor-column-gap-default\">\n\t\t\t\t\t<div class=\"elementor-column elementor-col-100 elementor-top-column elementor-element elementor-element-3c729dbe\" data-id=\"3c729dbe\" data-element_type=\"column\">\n\t\t\t<div class=\"elementor-widget-wrap elementor-element-populated\">\n\t\t\t\t\t\t<div class=\"elementor-element elementor-element-2f1e3c4d elementor-widget elementor-widget-text-editor\" data-id=\"2f1e3c4d\" data-element_type=\"widget\" data-widget_type=\"text-editor.default\">\n\t\t\t\t<div class=\"elementor-widget-container\">\n\t\t\t\t\t\t\t\t\t<div class=\"col-lg-12 col-md-12 col-sm-12 col-xs-12\">\r\n<h2><span>Foyer au gaz \u00e0 \u00e9vacuation directe et \u00e0 d\u00e9gagement z\u00e9ro<\/span><\/h2>\r\n<\/div>\r\n<div class=\"col-lg-9 col-md-10 col-sm-12 col-xs-12\">\r\n\r\n<span>Avec une vaste zone de visualisation en verre et des options de conception intelligentes, nous avons pens\u00e9 que la nouvelle Bentley \u00e9tait la pure perfection du design.\u00a0<\/span><strong><span>Nous avons d\u00e9sormais introduit la nouvelle BENTLEY ST<\/span><\/strong><span>\u00a0transparente\u00a0de Marquis, ce qui signifie que vous obtenez la m\u00eame vue\u2026 deux fois\u00a0!<\/span>\r\n\r\n<span>Personnalisez votre look avec votre choix d&#8217;encadrement, de rev\u00eatement de brique, d&#8217;ensembles de b\u00fbches de ch\u00eane, de bouleau ou de bois flott\u00e9, de verre de braise en cinq options de couleurs, de boulets de canon ou de roches.<\/span>\r\n\r\n<span>Pouvoir profiter de la beaut\u00e9 et de la chaleur des deux c\u00f4t\u00e9s signifie que nous avons doubl\u00e9 les raisons d&#8217;aimer la\u00a0<\/span><strong><span>BENTLEY ST<\/span><\/strong><span>\u00a0.<\/span>\r\n\r\n<\/div>\r\n<h3><span>Caract\u00e9ristiques standards<\/span><\/h3>\r\n<ul>\r\n \t<li><span>Appareil Clean View d\u00e9di\u00e9<\/span><\/li>\r\n \t<li><span>Le syst\u00e8me de valve millivolt ou IPI permet un fonctionnement pendant une panne de courant avec un r\u00e9glage de la chaleur et de la flamme haute\/basse.<\/span><\/li>\r\n \t<li><span>Barri\u00e8re d&#8217;\u00e9cran de s\u00e9curit\u00e9<\/span><\/li>\r\n<\/ul>\r\n<h3><span>Caract\u00e9ristiques optionnelles<\/span><\/h3>\r\n<h4><span>KIT DE VENTILATEUR<\/span><\/h4>\r\n<span>Activation par la chaleur avec contr\u00f4le de vitesse variable<\/span>\r\n<h4><span>PORTES DESIGN<\/span><\/h4>\r\n<span>Trois styles\u00a0: Arch, Straight Black (2 options)<\/span>\r\n<h4><span>ENVIRONS<\/span><\/h4>\r\n<strong><span>Support pour foyer, cadre photo ou cadre photo Slim Line<\/span><\/strong>\r\n\r\n<span>Support pour foyer 4&#8243; de large (couvre 44 5\/8&#8243; de largeur x 38 1\/8&#8243; de hauteur)<\/span>\r\n<span>Cadre photo 4&#8243; de largeur (couvre 44 5\/8&#8243; de largeur x 40 1\/8&#8243; de hauteur)<\/span>\r\n<span>Cadre photo 1 5\/8&#8243; de largeur (Couvre 40 1\/8&#8243; de largeur x 35 5\/8&#8243; de hauteur)<\/span>\r\n<h4><span>DOUBLURES<\/span><\/h4>\r\n<span>Porcelaine r\u00e9fl\u00e9chissante ou noir traditionnel<\/span>\r\n<h4><span>PLATEAU EN VERRE<\/span><\/h4>\r\n<span>Roche contemporaine (2 options), ensemble de bois flott\u00e9, pierres d\u00e9coratives et verre de braise d\u00e9coratif (glace glacier, bleu cobalt, noir, bronze et blanc), morceaux de braise ou boulets de canon multicolores.<\/span>\r\n<h4><span>\u00c9CLAIRAGE D&#8217;ACCENTUATION<\/span><\/h4>\r\n<span>\u00e0 utiliser avec le plateau en verre<\/span>\r\n<h4><span>ENSEMBLES DE JOURNAUX<\/span><\/h4>\r\n<span>Deux ensembles de bois flott\u00e9 (6 ou 8 pi\u00e8ces), deux ensembles de ch\u00eane (7 ou 8 pi\u00e8ces)<\/span>\r\n<h4><span>T\u00c9L\u00c9COMMANDES<\/span><\/h4>\r\n<span>Thermostat marche\/arr\u00eat, Thermostat marche\/arr\u00eat modulant, Thermostat marche\/arr\u00eat modulant et contr\u00f4le ventilateur\/lumi\u00e8re<\/span>\r\n<h4><span>THERMOSTAT<\/span><\/h4>\r\n<span>Montage mural ou programmable<\/span>\t\t\t\t\t\t\t\t<\/div>\n\t\t\t\t<\/div>\n\t\t\t\t\t<\/div>\n\t\t<\/div>\n\t\t\t\t\t<\/div>\n\t\t<\/section>\n\t\t\t\t<section class=\"elementor-section elementor-top-section elementor-element elementor-element-a82a4d3 elementor-section-boxed elementor-section-height-default elementor-section-height-default\" data-id=\"a82a4d3\" data-element_type=\"section\">\n\t\t\t\t\t\t<div class=\"elementor-container elementor-column-gap-default\">\n\t\t\t\t\t<div class=\"elementor-column elementor-col-100 elementor-top-column elementor-element elementor-element-8f43db7\" data-id=\"8f43db7\" data-element_type=\"column\">\n\t\t\t<div class=\"elementor-widget-wrap elementor-element-populated\">\n\t\t\t\t\t\t<div class=\"elementor-element elementor-element-c7fc606 elementor-tabs-view-horizontal elementor-widget elementor-widget-tabs\" data-id=\"c7fc606\" data-element_type=\"widget\" data-widget_type=\"tabs.default\">\n\t\t\t\t<div class=\"elementor-widget-container\">\n\t\t\t\t\t\t\t<div class=\"elementor-tabs\">\n\t\t\t<div class=\"elementor-tabs-wrapper\" role=\"tablist\" >\n\t\t\t\t\t\t\t\t\t<div id=\"elementor-tab-title-2091\" class=\"elementor-tab-title elementor-tab-desktop-title\" aria-selected=\"true\" data-tab=\"1\" role=\"tab\" tabindex=\"0\" aria-controls=\"elementor-tab-content-2091\" aria-expanded=\"false\">Fichiers<\/div>\n\t\t\t\t\t\t\t<\/div>\n\t\t\t<div class=\"elementor-tabs-content-wrapper\" role=\"tablist\" aria-orientation=\"vertical\">\n\t\t\t\t\t\t\t\t\t<div class=\"elementor-tab-title elementor-tab-mobile-title\" aria-selected=\"true\" data-tab=\"1\" role=\"tab\" tabindex=\"0\" aria-controls=\"elementor-tab-content-2091\" aria-expanded=\"false\">Fichiers<\/div>\n\t\t\t\t\t<div id=\"elementor-tab-content-2091\" class=\"elementor-tab-content elementor-clearfix\" data-tab=\"1\" role=\"tabpanel\" aria-labelledby=\"elementor-tab-title-2091\" tabindex=\"0\" hidden=\"false\"><i class=\"far fa-file-pdf fa-xl\" style=\"font-size:35px\"><\/i><a href=\"https:\/\/www.belleflamme.ca\/wp-content\/uploads\/2023\/11\/18595-MQ-B083-BENTLEY-STFR-Aug2023-WEB2.pdf\"> Brochure<\/a><\/br>\n<i class=\"far fa-file-pdf fa-xl\" style=\"font-size:35px\"><\/i><a href=\"https:\/\/www.belleflamme.ca\/wp-content\/uploads\/2023\/11\/42MCVST-MANFR19-1.pdf\"> Installation<\/a><\/br>\n<i class=\"far fa-file-pdf fa-xl\" style=\"font-size:35px\"><\/i><a href=\"https:\/\/www.belleflamme.ca\/wp-content\/uploads\/2023\/11\/16946-MQ-ProductGuide-Marquis-2022-Mar2023-WEB2-Single-2.pdf\"> Brochure Marquis<\/a><\/br><\/div>\n\t\t\t\t\t\t\t<\/div>\n\t\t<\/div>\n\t\t\t\t\t\t<\/div>\n\t\t\t\t<\/div>\n\t\t\t\t\t<\/div>\n\t\t<\/div>\n\t\t\t\t\t<\/div>\n\t\t<\/section>\n\t\t\t\t<\/div>\n\t\t","protected":false},"excerpt":{"rendered":"<p>Foyer au gaz \u00e0 \u00e9vacuation directe et \u00e0 d\u00e9gagement z\u00e9ro Avec une vaste zone de visualisation en verre et des options de conception intelligentes, nous avons pens\u00e9 que la nouvelle Bentley \u00e9tait la pure perfection du design.\u00a0Nous avons d\u00e9sormais introduit la nouvelle BENTLEY ST\u00a0transparente\u00a0de Marquis, ce qui signifie que vous obtenez la m\u00eame vue\u2026 deux [&hellip;]<\/p>\n","protected":false},"featured_media":23720,"template":"","meta":{"inline_featured_image":false},"product_brand":[217],"product_cat":[33,35,37],"product_tag":[],"class_list":{"0":"post-23719","1":"product","2":"type-product","3":"status-publish","4":"has-post-thumbnail","6":"product_brand-marquis","7":"product_cat-poeles-et-foyers","8":"product_cat-poeles-foyer-au-gaz","9":"product_cat-foyer-au-gaz","11":"first","12":"instock","13":"taxable","14":"shipping-taxable","15":"purchasable","16":"product-type-variable"},"yoast_head":"<!-- This site is optimized with the Yoast SEO Premium plugin v24.2 (Yoast SEO v24.2) - https:\/\/yoast.com\/wordpress\/plugins\/seo\/ -->\n<title>Foyer au gas transparent BENTLEY ST par Marquis - Groupe BelleFlamme<\/title>\n<meta name=\"description\" content=\"Foyer au gas transparent BENTLEY ST par Marquis vendu et install\u00e9 par le Groupe Belleflamme. Laval, Montr\u00e9al, Gatineau, Drummondville et Saint-Sauveur.\" \/>\n<meta name=\"robots\" content=\"index, follow, max-snippet:-1, max-image-preview:large, max-video-preview:-1\" \/>\n<link rel=\"canonical\" href=\"https:\/\/staging.belleflamme.ca\/fr\/produit\/foyer-au-gas-transparent-bentley-st-par-marquis\/\" \/>\n<meta property=\"og:locale\" content=\"fr_FR\" \/>\n<meta property=\"og:type\" content=\"article\" \/>\n<meta property=\"og:title\" content=\"Foyer au gas transparent BENTLEY ST par Marquis\" \/>\n<meta property=\"og:description\" content=\"Foyer au gas transparent BENTLEY ST par Marquis vendu et install\u00e9 par le Groupe Belleflamme. Laval, Montr\u00e9al, Gatineau, Drummondville et Saint-Sauveur.\" \/>\n<meta property=\"og:url\" content=\"https:\/\/staging.belleflamme.ca\/fr\/produit\/foyer-au-gas-transparent-bentley-st-par-marquis\/\" \/>\n<meta property=\"og:site_name\" content=\"Groupe BelleFlamme\" \/>\n<meta property=\"article:publisher\" content=\"https:\/\/www.facebook.com\/belleflamme.ca\/\" \/>\n<meta property=\"article:modified_time\" content=\"2025-04-03T12:47:58+00:00\" \/>\n<meta property=\"og:image\" content=\"https:\/\/www.belleflamme.ca\/wp-content\/uploads\/2023\/11\/Foyer-au-gas-transparent-BENTLEY-ST-par-Marquis.jpg\" \/>\n\t<meta property=\"og:image:width\" content=\"1500\" \/>\n\t<meta property=\"og:image:height\" content=\"915\" \/>\n\t<meta property=\"og:image:type\" content=\"image\/jpeg\" \/>\n<meta name=\"twitter:card\" content=\"summary_large_image\" \/>\n<meta name=\"twitter:label1\" content=\"Disponibilit\u00e9\" \/>\n\t<meta name=\"twitter:data1\" content=\"En stock\" \/>\n<script type=\"application\/ld+json\" class=\"yoast-schema-graph\">{\"@context\":\"https:\/\/schema.org\",\"@graph\":[{\"@type\":[\"WebPage\",\"ItemPage\"],\"@id\":\"https:\/\/staging.belleflamme.ca\/fr\/produit\/foyer-au-gas-transparent-bentley-st-par-marquis\/\",\"url\":\"https:\/\/staging.belleflamme.ca\/fr\/produit\/foyer-au-gas-transparent-bentley-st-par-marquis\/\",\"name\":\"Foyer au gas transparent BENTLEY ST par Marquis - Groupe BelleFlamme\",\"isPartOf\":{\"@id\":\"https:\/\/www.belleflamme.ca\/fr\/#website\"},\"primaryImageOfPage\":{\"@id\":\"https:\/\/staging.belleflamme.ca\/fr\/produit\/foyer-au-gas-transparent-bentley-st-par-marquis\/#primaryimage\"},\"image\":{\"@id\":\"https:\/\/staging.belleflamme.ca\/fr\/produit\/foyer-au-gas-transparent-bentley-st-par-marquis\/#primaryimage\"},\"thumbnailUrl\":\"https:\/\/staging.belleflamme.ca\/wp-content\/uploads\/2023\/11\/Foyer-au-gas-transparent-BENTLEY-ST-par-Marquis.jpg\",\"datePublished\":\"2023-11-29T17:47:40+00:00\",\"dateModified\":\"2025-04-03T12:47:58+00:00\",\"description\":\"Foyer au gas transparent BENTLEY ST par Marquis [get_meta_en_fr]\",\"breadcrumb\":{\"@id\":\"https:\/\/staging.belleflamme.ca\/fr\/produit\/foyer-au-gas-transparent-bentley-st-par-marquis\/#breadcrumb\"},\"inLanguage\":\"fr-FR\",\"potentialAction\":[{\"@type\":\"ReadAction\",\"target\":[\"https:\/\/staging.belleflamme.ca\/fr\/produit\/foyer-au-gas-transparent-bentley-st-par-marquis\/\"]}]},{\"@type\":\"ImageObject\",\"inLanguage\":\"fr-FR\",\"@id\":\"https:\/\/staging.belleflamme.ca\/fr\/produit\/foyer-au-gas-transparent-bentley-st-par-marquis\/#primaryimage\",\"url\":\"https:\/\/staging.belleflamme.ca\/wp-content\/uploads\/2023\/11\/Foyer-au-gas-transparent-BENTLEY-ST-par-Marquis.jpg\",\"contentUrl\":\"https:\/\/staging.belleflamme.ca\/wp-content\/uploads\/2023\/11\/Foyer-au-gas-transparent-BENTLEY-ST-par-Marquis.jpg\",\"width\":1500,\"height\":915,\"caption\":\"Foyer au gas transparent BENTLEY ST par Marquis\"},{\"@type\":\"BreadcrumbList\",\"@id\":\"https:\/\/staging.belleflamme.ca\/fr\/produit\/foyer-au-gas-transparent-bentley-st-par-marquis\/#breadcrumb\",\"itemListElement\":[{\"@type\":\"ListItem\",\"position\":1,\"name\":\"Accueil\",\"item\":\"https:\/\/www.belleflamme.ca\/fr\/\"},{\"@type\":\"ListItem\",\"position\":2,\"name\":\"Boutique\",\"item\":\"https:\/\/www.belleflamme.ca\/fr\/boutique\/\"},{\"@type\":\"ListItem\",\"position\":3,\"name\":\"Po\u00eales &amp; Foyers\",\"item\":\"https:\/\/staging.belleflamme.ca\/fr\/categories\/poeles-et-foyers\/\"},{\"@type\":\"ListItem\",\"position\":4,\"name\":\"Po\u00eale &amp; Foyer au Gaz\",\"item\":\"https:\/\/staging.belleflamme.ca\/fr\/categories\/poeles-et-foyers\/poeles-foyer-au-gaz\/\"},{\"@type\":\"ListItem\",\"position\":5,\"name\":\"Foyer au Gaz\",\"item\":\"https:\/\/staging.belleflamme.ca\/fr\/categories\/poeles-et-foyers\/poeles-foyer-au-gaz\/foyer-au-gaz\/\"},{\"@type\":\"ListItem\",\"position\":6,\"name\":\"Foyer au gas transparent BENTLEY ST par Marquis\"}]},{\"@type\":\"WebSite\",\"@id\":\"https:\/\/www.belleflamme.ca\/fr\/#website\",\"url\":\"https:\/\/www.belleflamme.ca\/fr\/\",\"name\":\"Groupe Belleflamme\",\"description\":\"La m\u00e9canique du b\u00e2timent dans le sang.\",\"publisher\":{\"@id\":\"https:\/\/www.belleflamme.ca\/fr\/#organization\"},\"potentialAction\":[{\"@type\":\"SearchAction\",\"target\":{\"@type\":\"EntryPoint\",\"urlTemplate\":\"https:\/\/www.belleflamme.ca\/fr\/?s={search_term_string}\"},\"query-input\":{\"@type\":\"PropertyValueSpecification\",\"valueRequired\":true,\"valueName\":\"search_term_string\"}}],\"inLanguage\":\"fr-FR\"},{\"@type\":[\"Organization\",\"Place\"],\"@id\":\"https:\/\/www.belleflamme.ca\/fr\/#organization\",\"name\":\"Groupe Belleflamme\",\"alternateName\":\"Belleflamme\",\"url\":\"https:\/\/www.belleflamme.ca\/fr\/\",\"logo\":{\"@type\":\"ImageObject\",\"inLanguage\":\"fr-FR\",\"@id\":\"https:\/\/www.belleflamme.ca\/fr\/#\/schema\/logo\/image\/\",\"url\":\"https:\/\/staging.belleflamme.ca\/wp-content\/uploads\/2023\/01\/og-image.jpg\",\"contentUrl\":\"https:\/\/staging.belleflamme.ca\/wp-content\/uploads\/2023\/01\/og-image.jpg\",\"width\":1200,\"height\":630,\"caption\":\"Groupe Belleflamme\"},\"image\":{\"@id\":\"https:\/\/www.belleflamme.ca\/fr\/#\/schema\/logo\/image\/\"},\"sameAs\":[\"https:\/\/www.facebook.com\/belleflamme.ca\/\",\"https:\/\/www.linkedin.com\/company\/belleflamme\/\",\"https:\/\/www.pinterest.ca\/groupebelleflamme\/\",\"https:\/\/www.instagram.com\/legroupebelleflamme\/\"],\"mainEntityOfPage\":{\"@id\":\"https:\/\/staging.belleflamme.ca\/fr\/produit\/foyer-au-gas-transparent-bentley-st-par-marquis\/\"}}]}<\/script>\n<meta property=\"product:brand\" content=\"Marquis\" \/>\n<meta property=\"og:availability\" content=\"instock\" \/>\n<meta property=\"product:availability\" content=\"instock\" \/>\n<meta property=\"product:condition\" content=\"new\" \/>\n<!-- \/ Yoast SEO Premium plugin. -->","yoast_head_json":{"title":"Foyer au gas transparent BENTLEY ST par Marquis - Groupe BelleFlamme","description":"Foyer au gas transparent BENTLEY ST par Marquis vendu et install\u00e9 par le Groupe Belleflamme. Laval, Montr\u00e9al, Gatineau, Drummondville et Saint-Sauveur.","robots":{"index":"index","follow":"follow","max-snippet":"max-snippet:-1","max-image-preview":"max-image-preview:large","max-video-preview":"max-video-preview:-1"},"canonical":"https:\/\/staging.belleflamme.ca\/fr\/produit\/foyer-au-gas-transparent-bentley-st-par-marquis\/","og_locale":"fr_FR","og_type":"article","og_title":"Foyer au gas transparent BENTLEY ST par Marquis","og_description":"Foyer au gas transparent BENTLEY ST par Marquis vendu et install\u00e9 par le Groupe Belleflamme. Laval, Montr\u00e9al, Gatineau, Drummondville et Saint-Sauveur.","og_url":"https:\/\/staging.belleflamme.ca\/fr\/produit\/foyer-au-gas-transparent-bentley-st-par-marquis\/","og_site_name":"Groupe BelleFlamme","article_publisher":"https:\/\/www.facebook.com\/belleflamme.ca\/","article_modified_time":"2025-04-03T12:47:58+00:00","og_image":[{"width":1500,"height":915,"url":"https:\/\/www.belleflamme.ca\/wp-content\/uploads\/2023\/11\/Foyer-au-gas-transparent-BENTLEY-ST-par-Marquis.jpg","type":"image\/jpeg"}],"twitter_card":"summary_large_image","twitter_misc":{"Disponibilit\u00e9":"En stock"},"schema":{"@context":"https:\/\/schema.org","@graph":[{"@type":["WebPage","ItemPage"],"@id":"https:\/\/staging.belleflamme.ca\/fr\/produit\/foyer-au-gas-transparent-bentley-st-par-marquis\/","url":"https:\/\/staging.belleflamme.ca\/fr\/produit\/foyer-au-gas-transparent-bentley-st-par-marquis\/","name":"Foyer au gas transparent BENTLEY ST par Marquis - Groupe BelleFlamme","isPartOf":{"@id":"https:\/\/www.belleflamme.ca\/fr\/#website"},"primaryImageOfPage":{"@id":"https:\/\/staging.belleflamme.ca\/fr\/produit\/foyer-au-gas-transparent-bentley-st-par-marquis\/#primaryimage"},"image":{"@id":"https:\/\/staging.belleflamme.ca\/fr\/produit\/foyer-au-gas-transparent-bentley-st-par-marquis\/#primaryimage"},"thumbnailUrl":"https:\/\/staging.belleflamme.ca\/wp-content\/uploads\/2023\/11\/Foyer-au-gas-transparent-BENTLEY-ST-par-Marquis.jpg","datePublished":"2023-11-29T17:47:40+00:00","dateModified":"2025-04-03T12:47:58+00:00","description":"Foyer au gas transparent BENTLEY ST par Marquis [get_meta_en_fr]","breadcrumb":{"@id":"https:\/\/staging.belleflamme.ca\/fr\/produit\/foyer-au-gas-transparent-bentley-st-par-marquis\/#breadcrumb"},"inLanguage":"fr-FR","potentialAction":[{"@type":"ReadAction","target":["https:\/\/staging.belleflamme.ca\/fr\/produit\/foyer-au-gas-transparent-bentley-st-par-marquis\/"]}]},{"@type":"ImageObject","inLanguage":"fr-FR","@id":"https:\/\/staging.belleflamme.ca\/fr\/produit\/foyer-au-gas-transparent-bentley-st-par-marquis\/#primaryimage","url":"https:\/\/staging.belleflamme.ca\/wp-content\/uploads\/2023\/11\/Foyer-au-gas-transparent-BENTLEY-ST-par-Marquis.jpg","contentUrl":"https:\/\/staging.belleflamme.ca\/wp-content\/uploads\/2023\/11\/Foyer-au-gas-transparent-BENTLEY-ST-par-Marquis.jpg","width":1500,"height":915,"caption":"Foyer au gas transparent BENTLEY ST par Marquis"},{"@type":"BreadcrumbList","@id":"https:\/\/staging.belleflamme.ca\/fr\/produit\/foyer-au-gas-transparent-bentley-st-par-marquis\/#breadcrumb","itemListElement":[{"@type":"ListItem","position":1,"name":"Accueil","item":"https:\/\/www.belleflamme.ca\/fr\/"},{"@type":"ListItem","position":2,"name":"Boutique","item":"https:\/\/www.belleflamme.ca\/fr\/boutique\/"},{"@type":"ListItem","position":3,"name":"Po\u00eales &amp; Foyers","item":"https:\/\/staging.belleflamme.ca\/fr\/categories\/poeles-et-foyers\/"},{"@type":"ListItem","position":4,"name":"Po\u00eale &amp; Foyer au Gaz","item":"https:\/\/staging.belleflamme.ca\/fr\/categories\/poeles-et-foyers\/poeles-foyer-au-gaz\/"},{"@type":"ListItem","position":5,"name":"Foyer au Gaz","item":"https:\/\/staging.belleflamme.ca\/fr\/categories\/poeles-et-foyers\/poeles-foyer-au-gaz\/foyer-au-gaz\/"},{"@type":"ListItem","position":6,"name":"Foyer au gas transparent BENTLEY ST par Marquis"}]},{"@type":"WebSite","@id":"https:\/\/www.belleflamme.ca\/fr\/#website","url":"https:\/\/www.belleflamme.ca\/fr\/","name":"Groupe Belleflamme","description":"La m\u00e9canique du b\u00e2timent dans le sang.","publisher":{"@id":"https:\/\/www.belleflamme.ca\/fr\/#organization"},"potentialAction":[{"@type":"SearchAction","target":{"@type":"EntryPoint","urlTemplate":"https:\/\/www.belleflamme.ca\/fr\/?s={search_term_string}"},"query-input":{"@type":"PropertyValueSpecification","valueRequired":true,"valueName":"search_term_string"}}],"inLanguage":"fr-FR"},{"@type":["Organization","Place"],"@id":"https:\/\/www.belleflamme.ca\/fr\/#organization","name":"Groupe Belleflamme","alternateName":"Belleflamme","url":"https:\/\/www.belleflamme.ca\/fr\/","logo":{"@type":"ImageObject","inLanguage":"fr-FR","@id":"https:\/\/www.belleflamme.ca\/fr\/#\/schema\/logo\/image\/","url":"https:\/\/staging.belleflamme.ca\/wp-content\/uploads\/2023\/01\/og-image.jpg","contentUrl":"https:\/\/staging.belleflamme.ca\/wp-content\/uploads\/2023\/01\/og-image.jpg","width":1200,"height":630,"caption":"Groupe Belleflamme"},"image":{"@id":"https:\/\/www.belleflamme.ca\/fr\/#\/schema\/logo\/image\/"},"sameAs":["https:\/\/www.facebook.com\/belleflamme.ca\/","https:\/\/www.linkedin.com\/company\/belleflamme\/","https:\/\/www.pinterest.ca\/groupebelleflamme\/","https:\/\/www.instagram.com\/legroupebelleflamme\/"],"mainEntityOfPage":{"@id":"https:\/\/staging.belleflamme.ca\/fr\/produit\/foyer-au-gas-transparent-bentley-st-par-marquis\/"}}]},"product_brand":"Marquis","og_availability":"instock","product_availability":"instock","product_condition":"new"},"_links":{"self":[{"href":"https:\/\/staging.belleflamme.ca\/fr\/wp-json\/wp\/v2\/product\/23719","targetHints":{"allow":["GET"]}}],"collection":[{"href":"https:\/\/staging.belleflamme.ca\/fr\/wp-json\/wp\/v2\/product"}],"about":[{"href":"https:\/\/staging.belleflamme.ca\/fr\/wp-json\/wp\/v2\/types\/product"}],"version-history":[{"count":6,"href":"https:\/\/staging.belleflamme.ca\/fr\/wp-json\/wp\/v2\/product\/23719\/revisions"}],"predecessor-version":[{"id":42461,"href":"https:\/\/staging.belleflamme.ca\/fr\/wp-json\/wp\/v2\/product\/23719\/revisions\/42461"}],"wp:featuredmedia":[{"embeddable":true,"href":"https:\/\/staging.belleflamme.ca\/fr\/wp-json\/wp\/v2\/media\/23720"}],"wp:attachment":[{"href":"https:\/\/staging.belleflamme.ca\/fr\/wp-json\/wp\/v2\/media?parent=23719"}],"wp:term":[{"taxonomy":"product_brand","embeddable":true,"href":"https:\/\/staging.belleflamme.ca\/fr\/wp-json\/wp\/v2\/product_brand?post=23719"},{"taxonomy":"product_cat","embeddable":true,"href":"https:\/\/staging.belleflamme.ca\/fr\/wp-json\/wp\/v2\/product_cat?post=23719"},{"taxonomy":"product_tag","embeddable":true,"href":"https:\/\/staging.belleflamme.ca\/fr\/wp-json\/wp\/v2\/product_tag?post=23719"}],"curies":[{"name":"wp","href":"https:\/\/api.w.org\/{rel}","templated":true}]}}