{"id":23586,"date":"2023-11-28T11:05:46","date_gmt":"2023-11-28T16:05:46","guid":{"rendered":"https:\/\/www.belleflamme.ca\/?post_type=product&#038;p=23586"},"modified":"2025-04-03T08:47:10","modified_gmt":"2025-04-03T12:47:10","slug":"foyer-au-gaz-bentley-48-de-marquis","status":"publish","type":"product","link":"https:\/\/staging.belleflamme.ca\/fr\/produit\/foyer-au-gaz-bentley-48-de-marquis\/","title":{"rendered":"Foyer au Gaz BENTLEY 48 de Marquis"},"content":{"rendered":"\t\t<div data-elementor-type=\"product-post\" data-elementor-id=\"23586\" class=\"elementor elementor-23586\" data-elementor-post-type=\"product\">\n\t\t\t\t\t\t<section class=\"elementor-section elementor-top-section elementor-element elementor-element-41d9041d elementor-section-boxed elementor-section-height-default elementor-section-height-default\" data-id=\"41d9041d\" data-element_type=\"section\">\n\t\t\t\t\t\t<div class=\"elementor-container elementor-column-gap-default\">\n\t\t\t\t\t<div class=\"elementor-column elementor-col-100 elementor-top-column elementor-element elementor-element-1335ec65\" data-id=\"1335ec65\" data-element_type=\"column\">\n\t\t\t<div class=\"elementor-widget-wrap elementor-element-populated\">\n\t\t\t\t\t\t<div class=\"elementor-element elementor-element-486aed85 elementor-widget elementor-widget-text-editor\" data-id=\"486aed85\" data-element_type=\"widget\" data-widget_type=\"text-editor.default\">\n\t\t\t\t<div class=\"elementor-widget-container\">\n\t\t\t\t\t\t\t\t\t<div class=\"col-lg-12 col-md-12 col-sm-12 col-xs-12\">\n<h2>Foyer au gaz \u00e0 \u00e9vacuation directe et \u00e0 d\u00e9gagement z\u00e9ro<\/h2>\n<\/div>\n<div class=\"col-lg-9 col-md-10 col-sm-12 col-xs-12\">\n<p>Quand la vue est aussi grande, ce doit \u00eatre le&nbsp;<strong>BENTLEY 48<\/strong>&nbsp;.&nbsp;Ce grand fr\u00e8re de la populaire Bentley de Marquis suscite une attention particuli\u00e8re et suscite de nombreux regards de la part des propri\u00e9taires souhaitant profiter d&#8217;un foyer remarquable.&nbsp;Une vaste zone de visualisation en verre et de superbes options de conception vous permettent de personnaliser le look selon votre propre style.&nbsp;\u00c9liminez le froid de la pi\u00e8ce avec ce foyer \u00e0 chauffage et profitez d&#8217;une chaleur intense.<\/p>\n<p>Wow \u2013 nous vous avons fait regarder, n&#8217;est-ce pas ?<\/p>\n<p>Personnalisez votre look avec votre choix de rev\u00eatement de brique, de bois flott\u00e9, de b\u00fbches, de braises de verre en cinq options de couleurs, de boulets de canon ou de roches.<\/p>\n<h3><span>Caract\u00e9ristiques standards<\/span><\/h3>\n<ul>\n<li><span>Appareil Clean View d\u00e9di\u00e9<\/span><\/li>\n<li><span>Le syst\u00e8me de valve millivolt ou IPI permet un fonctionnement pendant une panne de courant avec un r\u00e9glage de la chaleur et de la flamme haute\/basse.<\/span><\/li>\n<li><span>Br\u00fbleur de po\u00eale avec motif de flamme r\u00e9aliste<\/span><\/li>\n<li><span>Barri\u00e8re d&#8217;\u00e9cran de s\u00e9curit\u00e9<\/span><\/li>\n<li><span>Les mod\u00e8les Proflame II (PF2) incluent une t\u00e9l\u00e9commande&nbsp;: comprend une flamme, un ventilateur, un thermostat, un thermostat intelligent (compatibilit\u00e9 WIFI*) et un \u00e9clairage d&#8217;accentuation.<\/span><\/li>\n<\/ul>\n<p><em><span>* Smartphone (WIFI local uniquement)<\/span><\/em><\/p>\n<h3><span>Caract\u00e9ristiques optionnelles<\/span><\/h3>\n<h4><span>KIT DE VENTILATEUR<\/span><\/h4>\n<p><span>Activation par la chaleur avec contr\u00f4le de vitesse variable<\/span><\/p>\n<h4><span>PORTES DESIGN<\/span><\/h4>\n<p><span>Arc, Droit Noir (2 options)<\/span><\/p>\n<h4><span>ENVIRONS<\/span><\/h4>\n<p><span>Support pour foyer, cadre photo ou cadre photo Slim Line<\/span><\/p>\n<h4><span>DOUBLURES<\/span><\/h4>\n<p><span dir=\"ltr\" role=\"presentation\"><span>Porcelaine r\u00e9fl\u00e9chissante, cannel\u00e9e ou brique<\/span><\/span><\/p>\n<h4><span>OPTIONS MULTIM\u00c9DIAS<\/span><\/h4>\n<p><span>Roches contemporaines (2 options), ensemble de bois flott\u00e9 (2 options), pierres d\u00e9coratives, verre de braise d\u00e9coratif (glace de glacier, bleu cobalt, noir, bronze, blanc), morceaux de braise ou boulets de canon multicolores.<\/span><\/p>\n<h4><span>ENSEMBLES DE JOURNAUX<\/span><\/h4>\n<p><span>Choisissez entre des ensembles de b\u00fbches en ch\u00eane ou des ensembles de b\u00fbches en bois flott\u00e9<\/span><\/p>\n<h4><span>\u00c9CLAIRAGE D&#8217;ACCENTUATION<\/span><\/h4>\n<p><span>\u00c0 utiliser avec le plateau en verre&nbsp;<\/span><em><span>(article install\u00e9 par le concessionnaire)<\/span><\/em><\/p>\n<h4><span>T\u00c9L\u00c9COMMANDES (MILLIVOLT OU IPI PF1)<\/span><\/h4>\n<p><span>Thermostat marche\/arr\u00eat, Thermostat marche\/arr\u00eat modulant, Thermostat marche\/arr\u00eat modulant et contr\u00f4le ventilateur<\/span><\/p>\n<h4><span>THERMOSTAT<\/span><\/h4>\n<p><span>Montage mural ou programmable<\/span><\/p>\n<h4><span>CHASSE VENTIL\u00c9E<\/span><\/h4>\n<p><span>Grille avant ou grilles lat\u00e9rales<\/span><\/p>\n<\/div>\t\t\t\t\t\t\t\t<\/div>\n\t\t\t\t<\/div>\n\t\t\t\t\t<\/div>\n\t\t<\/div>\n\t\t\t\t\t<\/div>\n\t\t<\/section>\n\t\t\t\t<section class=\"elementor-section elementor-top-section elementor-element elementor-element-3fb74bd elementor-section-boxed elementor-section-height-default elementor-section-height-default\" data-id=\"3fb74bd\" data-element_type=\"section\">\n\t\t\t\t\t\t<div class=\"elementor-container elementor-column-gap-default\">\n\t\t\t\t\t<div class=\"elementor-column elementor-col-100 elementor-top-column elementor-element elementor-element-6d4d93c\" data-id=\"6d4d93c\" data-element_type=\"column\">\n\t\t\t<div class=\"elementor-widget-wrap elementor-element-populated\">\n\t\t\t\t\t\t<div class=\"elementor-element elementor-element-032c943 elementor-tabs-view-horizontal elementor-widget elementor-widget-tabs\" data-id=\"032c943\" data-element_type=\"widget\" data-widget_type=\"tabs.default\">\n\t\t\t\t<div class=\"elementor-widget-container\">\n\t\t\t\t\t\t\t<div class=\"elementor-tabs\">\n\t\t\t<div class=\"elementor-tabs-wrapper\" role=\"tablist\" >\n\t\t\t\t\t\t\t\t\t<div id=\"elementor-tab-title-3321\" class=\"elementor-tab-title elementor-tab-desktop-title\" aria-selected=\"true\" data-tab=\"1\" role=\"tab\" tabindex=\"0\" aria-controls=\"elementor-tab-content-3321\" aria-expanded=\"false\">Fichiers<\/div>\n\t\t\t\t\t\t\t<\/div>\n\t\t\t<div class=\"elementor-tabs-content-wrapper\" role=\"tablist\" aria-orientation=\"vertical\">\n\t\t\t\t\t\t\t\t\t<div class=\"elementor-tab-title elementor-tab-mobile-title\" aria-selected=\"true\" data-tab=\"1\" role=\"tab\" tabindex=\"0\" aria-controls=\"elementor-tab-content-3321\" aria-expanded=\"false\">Fichiers<\/div>\n\t\t\t\t\t<div id=\"elementor-tab-content-3321\" class=\"elementor-tab-content elementor-clearfix\" data-tab=\"1\" role=\"tabpanel\" aria-labelledby=\"elementor-tab-title-3321\" tabindex=\"0\" hidden=\"false\"><i class=\"far fa-file-pdf fa-xl\" style=\"font-size:35px\"><\/i><a href=\"https:\/\/www.belleflamme.ca\/wp-content\/uploads\/2023\/11\/18590-MQ-B106-BENTLEY-34-39-42-48ENG-June2023-WEB6.pdf\"> Brochure<\/a><\/br>\n<i class=\"far fa-file-pdf fa-xl\" style=\"font-size:35px\"><\/i><a href=\"https:\/\/www.belleflamme.ca\/wp-content\/uploads\/2023\/11\/48ZCV-MANFR19-1.pdf\"> Manuel<\/a><\/br>\n<i class=\"far fa-file-pdf fa-xl\" style=\"font-size:35px\"><\/i><a href=\"https:\/\/www.belleflamme.ca\/wp-content\/uploads\/2023\/11\/16946-MQ-ProductGuide-Marquis-2022-Mar2023-WEB2-Single-1.pdf\"> Brochure Marquis<\/a><\/br><\/div>\n\t\t\t\t\t\t\t<\/div>\n\t\t<\/div>\n\t\t\t\t\t\t<\/div>\n\t\t\t\t<\/div>\n\t\t\t\t\t<\/div>\n\t\t<\/div>\n\t\t\t\t\t<\/div>\n\t\t<\/section>\n\t\t\t\t<\/div>\n\t\t","protected":false},"excerpt":{"rendered":"<p>Foyer au gaz \u00e0 \u00e9vacuation directe et \u00e0 d\u00e9gagement z\u00e9ro Quand la vue est aussi grande, ce doit \u00eatre le\u00a0BENTLEY 48\u00a0.\u00a0Ce grand fr\u00e8re de la populaire Bentley de Marquis suscite une attention particuli\u00e8re et suscite de nombreux regards de la part des propri\u00e9taires souhaitant profiter d&#8217;un foyer remarquable.\u00a0Une vaste zone de visualisation en verre et [&hellip;]<\/p>\n","protected":false},"featured_media":23587,"template":"","meta":{"inline_featured_image":false},"product_brand":[217],"product_cat":[33,35,37],"product_tag":[],"class_list":{"0":"post-23586","1":"product","2":"type-product","3":"status-publish","4":"has-post-thumbnail","6":"product_brand-marquis","7":"product_cat-poeles-et-foyers","8":"product_cat-poeles-foyer-au-gaz","9":"product_cat-foyer-au-gaz","11":"first","12":"instock","13":"taxable","14":"shipping-taxable","15":"purchasable","16":"product-type-variable"},"yoast_head":"<!-- This site is optimized with the Yoast SEO Premium plugin v24.2 (Yoast SEO v24.2) - https:\/\/yoast.com\/wordpress\/plugins\/seo\/ -->\n<title>Foyer au Gaz BENTLEY 48 de Marquis - Groupe BelleFlamme<\/title>\n<meta name=\"description\" content=\"Foyer au Gaz BENTLEY 48 de Marquis vendu et install\u00e9 par le Groupe Belleflamme. Laval, Montr\u00e9al, Gatineau, Drummondville et Saint-Sauveur.\" \/>\n<meta name=\"robots\" content=\"index, follow, max-snippet:-1, max-image-preview:large, max-video-preview:-1\" \/>\n<link rel=\"canonical\" href=\"https:\/\/staging.belleflamme.ca\/fr\/produit\/foyer-au-gaz-bentley-48-de-marquis\/\" \/>\n<meta property=\"og:locale\" content=\"fr_FR\" \/>\n<meta property=\"og:type\" content=\"article\" \/>\n<meta property=\"og:title\" content=\"Foyer au Gaz BENTLEY 48 de Marquis\" \/>\n<meta property=\"og:description\" content=\"Foyer au Gaz BENTLEY 48 de Marquis vendu et install\u00e9 par le Groupe Belleflamme. Laval, Montr\u00e9al, Gatineau, Drummondville et Saint-Sauveur.\" \/>\n<meta property=\"og:url\" content=\"https:\/\/staging.belleflamme.ca\/fr\/produit\/foyer-au-gaz-bentley-48-de-marquis\/\" \/>\n<meta property=\"og:site_name\" content=\"Groupe BelleFlamme\" \/>\n<meta property=\"article:publisher\" content=\"https:\/\/www.facebook.com\/belleflamme.ca\/\" \/>\n<meta property=\"article:modified_time\" content=\"2025-04-03T12:47:10+00:00\" \/>\n<meta property=\"og:image\" content=\"https:\/\/www.belleflamme.ca\/wp-content\/uploads\/2023\/11\/Foyer-au-Gaz-BENTLEY-48-de-Marquis.jpg\" \/>\n\t<meta property=\"og:image:width\" content=\"1500\" \/>\n\t<meta property=\"og:image:height\" content=\"888\" \/>\n\t<meta property=\"og:image:type\" content=\"image\/jpeg\" \/>\n<meta name=\"twitter:card\" content=\"summary_large_image\" \/>\n<meta name=\"twitter:label1\" content=\"Disponibilit\u00e9\" \/>\n\t<meta name=\"twitter:data1\" content=\"En stock\" \/>\n<script type=\"application\/ld+json\" class=\"yoast-schema-graph\">{\"@context\":\"https:\/\/schema.org\",\"@graph\":[{\"@type\":[\"WebPage\",\"ItemPage\"],\"@id\":\"https:\/\/staging.belleflamme.ca\/fr\/produit\/foyer-au-gaz-bentley-48-de-marquis\/\",\"url\":\"https:\/\/staging.belleflamme.ca\/fr\/produit\/foyer-au-gaz-bentley-48-de-marquis\/\",\"name\":\"Foyer au Gaz BENTLEY 48 de Marquis - Groupe BelleFlamme\",\"isPartOf\":{\"@id\":\"https:\/\/www.belleflamme.ca\/fr\/#website\"},\"primaryImageOfPage\":{\"@id\":\"https:\/\/staging.belleflamme.ca\/fr\/produit\/foyer-au-gaz-bentley-48-de-marquis\/#primaryimage\"},\"image\":{\"@id\":\"https:\/\/staging.belleflamme.ca\/fr\/produit\/foyer-au-gaz-bentley-48-de-marquis\/#primaryimage\"},\"thumbnailUrl\":\"https:\/\/staging.belleflamme.ca\/wp-content\/uploads\/2023\/11\/Foyer-au-Gaz-BENTLEY-48-de-Marquis.jpg\",\"datePublished\":\"2023-11-28T16:05:46+00:00\",\"dateModified\":\"2025-04-03T12:47:10+00:00\",\"description\":\"Foyer au Gaz BENTLEY 48 de Marquis [get_meta_en_fr]\",\"breadcrumb\":{\"@id\":\"https:\/\/staging.belleflamme.ca\/fr\/produit\/foyer-au-gaz-bentley-48-de-marquis\/#breadcrumb\"},\"inLanguage\":\"fr-FR\",\"potentialAction\":[{\"@type\":\"ReadAction\",\"target\":[\"https:\/\/staging.belleflamme.ca\/fr\/produit\/foyer-au-gaz-bentley-48-de-marquis\/\"]}]},{\"@type\":\"ImageObject\",\"inLanguage\":\"fr-FR\",\"@id\":\"https:\/\/staging.belleflamme.ca\/fr\/produit\/foyer-au-gaz-bentley-48-de-marquis\/#primaryimage\",\"url\":\"https:\/\/staging.belleflamme.ca\/wp-content\/uploads\/2023\/11\/Foyer-au-Gaz-BENTLEY-48-de-Marquis.jpg\",\"contentUrl\":\"https:\/\/staging.belleflamme.ca\/wp-content\/uploads\/2023\/11\/Foyer-au-Gaz-BENTLEY-48-de-Marquis.jpg\",\"width\":1500,\"height\":888,\"caption\":\"Foyer au Gaz BENTLEY 48 de Marquis\"},{\"@type\":\"BreadcrumbList\",\"@id\":\"https:\/\/staging.belleflamme.ca\/fr\/produit\/foyer-au-gaz-bentley-48-de-marquis\/#breadcrumb\",\"itemListElement\":[{\"@type\":\"ListItem\",\"position\":1,\"name\":\"Accueil\",\"item\":\"https:\/\/www.belleflamme.ca\/fr\/\"},{\"@type\":\"ListItem\",\"position\":2,\"name\":\"Boutique\",\"item\":\"https:\/\/www.belleflamme.ca\/fr\/boutique\/\"},{\"@type\":\"ListItem\",\"position\":3,\"name\":\"Po\u00eales &amp; Foyers\",\"item\":\"https:\/\/staging.belleflamme.ca\/fr\/categories\/poeles-et-foyers\/\"},{\"@type\":\"ListItem\",\"position\":4,\"name\":\"Po\u00eale &amp; Foyer au Gaz\",\"item\":\"https:\/\/staging.belleflamme.ca\/fr\/categories\/poeles-et-foyers\/poeles-foyer-au-gaz\/\"},{\"@type\":\"ListItem\",\"position\":5,\"name\":\"Foyer au Gaz\",\"item\":\"https:\/\/staging.belleflamme.ca\/fr\/categories\/poeles-et-foyers\/poeles-foyer-au-gaz\/foyer-au-gaz\/\"},{\"@type\":\"ListItem\",\"position\":6,\"name\":\"Foyer au Gaz BENTLEY 48 de Marquis\"}]},{\"@type\":\"WebSite\",\"@id\":\"https:\/\/www.belleflamme.ca\/fr\/#website\",\"url\":\"https:\/\/www.belleflamme.ca\/fr\/\",\"name\":\"Groupe Belleflamme\",\"description\":\"La m\u00e9canique du b\u00e2timent dans le sang.\",\"publisher\":{\"@id\":\"https:\/\/www.belleflamme.ca\/fr\/#organization\"},\"potentialAction\":[{\"@type\":\"SearchAction\",\"target\":{\"@type\":\"EntryPoint\",\"urlTemplate\":\"https:\/\/www.belleflamme.ca\/fr\/?s={search_term_string}\"},\"query-input\":{\"@type\":\"PropertyValueSpecification\",\"valueRequired\":true,\"valueName\":\"search_term_string\"}}],\"inLanguage\":\"fr-FR\"},{\"@type\":[\"Organization\",\"Place\"],\"@id\":\"https:\/\/www.belleflamme.ca\/fr\/#organization\",\"name\":\"Groupe Belleflamme\",\"alternateName\":\"Belleflamme\",\"url\":\"https:\/\/www.belleflamme.ca\/fr\/\",\"logo\":{\"@type\":\"ImageObject\",\"inLanguage\":\"fr-FR\",\"@id\":\"https:\/\/www.belleflamme.ca\/fr\/#\/schema\/logo\/image\/\",\"url\":\"https:\/\/staging.belleflamme.ca\/wp-content\/uploads\/2023\/01\/og-image.jpg\",\"contentUrl\":\"https:\/\/staging.belleflamme.ca\/wp-content\/uploads\/2023\/01\/og-image.jpg\",\"width\":1200,\"height\":630,\"caption\":\"Groupe Belleflamme\"},\"image\":{\"@id\":\"https:\/\/www.belleflamme.ca\/fr\/#\/schema\/logo\/image\/\"},\"sameAs\":[\"https:\/\/www.facebook.com\/belleflamme.ca\/\",\"https:\/\/www.linkedin.com\/company\/belleflamme\/\",\"https:\/\/www.pinterest.ca\/groupebelleflamme\/\",\"https:\/\/www.instagram.com\/legroupebelleflamme\/\"],\"mainEntityOfPage\":{\"@id\":\"https:\/\/staging.belleflamme.ca\/fr\/produit\/foyer-au-gaz-bentley-48-de-marquis\/\"}}]}<\/script>\n<meta property=\"product:brand\" content=\"Marquis\" \/>\n<meta property=\"og:availability\" content=\"instock\" \/>\n<meta property=\"product:availability\" content=\"instock\" \/>\n<meta property=\"product:condition\" content=\"new\" \/>\n<!-- \/ Yoast SEO Premium plugin. -->","yoast_head_json":{"title":"Foyer au Gaz BENTLEY 48 de Marquis - Groupe BelleFlamme","description":"Foyer au Gaz BENTLEY 48 de Marquis vendu et install\u00e9 par le Groupe Belleflamme. Laval, Montr\u00e9al, Gatineau, Drummondville et Saint-Sauveur.","robots":{"index":"index","follow":"follow","max-snippet":"max-snippet:-1","max-image-preview":"max-image-preview:large","max-video-preview":"max-video-preview:-1"},"canonical":"https:\/\/staging.belleflamme.ca\/fr\/produit\/foyer-au-gaz-bentley-48-de-marquis\/","og_locale":"fr_FR","og_type":"article","og_title":"Foyer au Gaz BENTLEY 48 de Marquis","og_description":"Foyer au Gaz BENTLEY 48 de Marquis vendu et install\u00e9 par le Groupe Belleflamme. Laval, Montr\u00e9al, Gatineau, Drummondville et Saint-Sauveur.","og_url":"https:\/\/staging.belleflamme.ca\/fr\/produit\/foyer-au-gaz-bentley-48-de-marquis\/","og_site_name":"Groupe BelleFlamme","article_publisher":"https:\/\/www.facebook.com\/belleflamme.ca\/","article_modified_time":"2025-04-03T12:47:10+00:00","og_image":[{"width":1500,"height":888,"url":"https:\/\/www.belleflamme.ca\/wp-content\/uploads\/2023\/11\/Foyer-au-Gaz-BENTLEY-48-de-Marquis.jpg","type":"image\/jpeg"}],"twitter_card":"summary_large_image","twitter_misc":{"Disponibilit\u00e9":"En stock"},"schema":{"@context":"https:\/\/schema.org","@graph":[{"@type":["WebPage","ItemPage"],"@id":"https:\/\/staging.belleflamme.ca\/fr\/produit\/foyer-au-gaz-bentley-48-de-marquis\/","url":"https:\/\/staging.belleflamme.ca\/fr\/produit\/foyer-au-gaz-bentley-48-de-marquis\/","name":"Foyer au Gaz BENTLEY 48 de Marquis - Groupe BelleFlamme","isPartOf":{"@id":"https:\/\/www.belleflamme.ca\/fr\/#website"},"primaryImageOfPage":{"@id":"https:\/\/staging.belleflamme.ca\/fr\/produit\/foyer-au-gaz-bentley-48-de-marquis\/#primaryimage"},"image":{"@id":"https:\/\/staging.belleflamme.ca\/fr\/produit\/foyer-au-gaz-bentley-48-de-marquis\/#primaryimage"},"thumbnailUrl":"https:\/\/staging.belleflamme.ca\/wp-content\/uploads\/2023\/11\/Foyer-au-Gaz-BENTLEY-48-de-Marquis.jpg","datePublished":"2023-11-28T16:05:46+00:00","dateModified":"2025-04-03T12:47:10+00:00","description":"Foyer au Gaz BENTLEY 48 de Marquis [get_meta_en_fr]","breadcrumb":{"@id":"https:\/\/staging.belleflamme.ca\/fr\/produit\/foyer-au-gaz-bentley-48-de-marquis\/#breadcrumb"},"inLanguage":"fr-FR","potentialAction":[{"@type":"ReadAction","target":["https:\/\/staging.belleflamme.ca\/fr\/produit\/foyer-au-gaz-bentley-48-de-marquis\/"]}]},{"@type":"ImageObject","inLanguage":"fr-FR","@id":"https:\/\/staging.belleflamme.ca\/fr\/produit\/foyer-au-gaz-bentley-48-de-marquis\/#primaryimage","url":"https:\/\/staging.belleflamme.ca\/wp-content\/uploads\/2023\/11\/Foyer-au-Gaz-BENTLEY-48-de-Marquis.jpg","contentUrl":"https:\/\/staging.belleflamme.ca\/wp-content\/uploads\/2023\/11\/Foyer-au-Gaz-BENTLEY-48-de-Marquis.jpg","width":1500,"height":888,"caption":"Foyer au Gaz BENTLEY 48 de Marquis"},{"@type":"BreadcrumbList","@id":"https:\/\/staging.belleflamme.ca\/fr\/produit\/foyer-au-gaz-bentley-48-de-marquis\/#breadcrumb","itemListElement":[{"@type":"ListItem","position":1,"name":"Accueil","item":"https:\/\/www.belleflamme.ca\/fr\/"},{"@type":"ListItem","position":2,"name":"Boutique","item":"https:\/\/www.belleflamme.ca\/fr\/boutique\/"},{"@type":"ListItem","position":3,"name":"Po\u00eales &amp; Foyers","item":"https:\/\/staging.belleflamme.ca\/fr\/categories\/poeles-et-foyers\/"},{"@type":"ListItem","position":4,"name":"Po\u00eale &amp; Foyer au Gaz","item":"https:\/\/staging.belleflamme.ca\/fr\/categories\/poeles-et-foyers\/poeles-foyer-au-gaz\/"},{"@type":"ListItem","position":5,"name":"Foyer au Gaz","item":"https:\/\/staging.belleflamme.ca\/fr\/categories\/poeles-et-foyers\/poeles-foyer-au-gaz\/foyer-au-gaz\/"},{"@type":"ListItem","position":6,"name":"Foyer au Gaz BENTLEY 48 de Marquis"}]},{"@type":"WebSite","@id":"https:\/\/www.belleflamme.ca\/fr\/#website","url":"https:\/\/www.belleflamme.ca\/fr\/","name":"Groupe Belleflamme","description":"La m\u00e9canique du b\u00e2timent dans le sang.","publisher":{"@id":"https:\/\/www.belleflamme.ca\/fr\/#organization"},"potentialAction":[{"@type":"SearchAction","target":{"@type":"EntryPoint","urlTemplate":"https:\/\/www.belleflamme.ca\/fr\/?s={search_term_string}"},"query-input":{"@type":"PropertyValueSpecification","valueRequired":true,"valueName":"search_term_string"}}],"inLanguage":"fr-FR"},{"@type":["Organization","Place"],"@id":"https:\/\/www.belleflamme.ca\/fr\/#organization","name":"Groupe Belleflamme","alternateName":"Belleflamme","url":"https:\/\/www.belleflamme.ca\/fr\/","logo":{"@type":"ImageObject","inLanguage":"fr-FR","@id":"https:\/\/www.belleflamme.ca\/fr\/#\/schema\/logo\/image\/","url":"https:\/\/staging.belleflamme.ca\/wp-content\/uploads\/2023\/01\/og-image.jpg","contentUrl":"https:\/\/staging.belleflamme.ca\/wp-content\/uploads\/2023\/01\/og-image.jpg","width":1200,"height":630,"caption":"Groupe Belleflamme"},"image":{"@id":"https:\/\/www.belleflamme.ca\/fr\/#\/schema\/logo\/image\/"},"sameAs":["https:\/\/www.facebook.com\/belleflamme.ca\/","https:\/\/www.linkedin.com\/company\/belleflamme\/","https:\/\/www.pinterest.ca\/groupebelleflamme\/","https:\/\/www.instagram.com\/legroupebelleflamme\/"],"mainEntityOfPage":{"@id":"https:\/\/staging.belleflamme.ca\/fr\/produit\/foyer-au-gaz-bentley-48-de-marquis\/"}}]},"product_brand":"Marquis","og_availability":"instock","product_availability":"instock","product_condition":"new"},"_links":{"self":[{"href":"https:\/\/staging.belleflamme.ca\/fr\/wp-json\/wp\/v2\/product\/23586","targetHints":{"allow":["GET"]}}],"collection":[{"href":"https:\/\/staging.belleflamme.ca\/fr\/wp-json\/wp\/v2\/product"}],"about":[{"href":"https:\/\/staging.belleflamme.ca\/fr\/wp-json\/wp\/v2\/types\/product"}],"version-history":[{"count":6,"href":"https:\/\/staging.belleflamme.ca\/fr\/wp-json\/wp\/v2\/product\/23586\/revisions"}],"predecessor-version":[{"id":43687,"href":"https:\/\/staging.belleflamme.ca\/fr\/wp-json\/wp\/v2\/product\/23586\/revisions\/43687"}],"wp:featuredmedia":[{"embeddable":true,"href":"https:\/\/staging.belleflamme.ca\/fr\/wp-json\/wp\/v2\/media\/23587"}],"wp:attachment":[{"href":"https:\/\/staging.belleflamme.ca\/fr\/wp-json\/wp\/v2\/media?parent=23586"}],"wp:term":[{"taxonomy":"product_brand","embeddable":true,"href":"https:\/\/staging.belleflamme.ca\/fr\/wp-json\/wp\/v2\/product_brand?post=23586"},{"taxonomy":"product_cat","embeddable":true,"href":"https:\/\/staging.belleflamme.ca\/fr\/wp-json\/wp\/v2\/product_cat?post=23586"},{"taxonomy":"product_tag","embeddable":true,"href":"https:\/\/staging.belleflamme.ca\/fr\/wp-json\/wp\/v2\/product_tag?post=23586"}],"curies":[{"name":"wp","href":"https:\/\/api.w.org\/{rel}","templated":true}]}}