{"id":22739,"date":"2023-11-25T14:06:41","date_gmt":"2023-11-25T19:06:41","guid":{"rendered":"https:\/\/www.belleflamme.ca\/?post_type=product&#038;p=22739"},"modified":"2025-03-20T12:50:31","modified_gmt":"2025-03-20T16:50:31","slug":"foyer-de-luxe-au-gaz-exemplar-rp620-de-montigo","status":"publish","type":"product","link":"https:\/\/staging.belleflamme.ca\/fr\/produit\/foyer-de-luxe-au-gaz-exemplar-rp620-de-montigo\/","title":{"rendered":"Foyer de luxe au Gaz EXEMPLAR  RP620 de Montigo"},"content":{"rendered":"\t\t<div data-elementor-type=\"product-post\" data-elementor-id=\"22739\" class=\"elementor elementor-22739\" data-elementor-post-type=\"product\">\n\t\t\t\t\t\t<section class=\"elementor-section elementor-top-section elementor-element elementor-element-186ca257 elementor-section-boxed elementor-section-height-default elementor-section-height-default\" data-id=\"186ca257\" data-element_type=\"section\">\n\t\t\t\t\t\t<div class=\"elementor-container elementor-column-gap-default\">\n\t\t\t\t\t<div class=\"elementor-column elementor-col-100 elementor-top-column elementor-element elementor-element-825eac\" data-id=\"825eac\" data-element_type=\"column\">\n\t\t\t<div class=\"elementor-widget-wrap elementor-element-populated\">\n\t\t\t\t\t\t<div class=\"elementor-element elementor-element-26f2cc8 elementor-widget elementor-widget-text-editor\" data-id=\"26f2cc8\" data-element_type=\"widget\" data-widget_type=\"text-editor.default\">\n\t\t\t\t<div class=\"elementor-widget-container\">\n\t\t\t\t\t\t\t\t\t<iframe title=\"YouTube video player\" src=\"https:\/\/www.youtube.com\/embed\/WvviBzQAnBw?si=3_1ZDDm33mFyyNAc\" width=\"560\" height=\"315\" frameborder=\"0\" allowfullscreen=\"allowfullscreen\"><\/iframe>\r\n<h2>Un design \u00e9quilibr\u00e9 dans des proportions \u00e9l\u00e9gantes<\/h2>\r\n<span class=\"\">La foyer transparent de luxe EXEMPLAR RP620 est l&#8217;innovation, le luxe et le confort \u00e0 son meilleur. Ce foyer \u00e0 ventilation forc\u00e9e de qualit\u00e9 professionnelle est compatible avec les bouches d&#8217;a\u00e9ration ext\u00e9rieures affleurantes, verticales ou \u00e0 persiennes affleurantes de la s\u00e9rie 300.<\/span>\r\n<div class=\"\">\r\n<p class=\"\"><span class=\"\">L&#8217;EXEMPLAR est un foyer de luxe d\u00e9di\u00e9 \u00e0 l&#8217;\u00e9vacuation forc\u00e9e, caract\u00e9ris\u00e9 par une g\u00e9n\u00e9reuse zone d&#8217;observation du paysage et un br\u00fbleur lin\u00e9aire.\u00a0Des pierres ou des carreaux peuvent \u00eatre install\u00e9s sur le cadre de la chambre de combustion pour un look \u00e9pur\u00e9 et minimaliste.<\/span><\/p>\r\n\r\n<h2>Id\u00e9es de conception de foyer avec la s\u00e9rie Exemplar<\/h2>\r\n<h3>ID\u00c9ES DE CONCEPTION DE FOYER\u2013 INSPIRATION EXEMPLAIRE DE MONTIGO SUR HOUZZ<\/h3>\r\nVous cherchez des id\u00e9es de conception de foyers? Des br\u00fbleurs lin\u00e9aires \u00e9l\u00e9gants de l&#8217;Exemplar 820 aux flammes imposantes et robustes de la jet\u00e9e RP424.\u00a0Le catalogue Montigo offre un choix infini de mod\u00e8les de foyers. La s\u00e9rie Exemplar offre une exp\u00e9rience de visualisation des flammes pas comme les autres.\r\n\r\nHouzz offre une excellente exp\u00e9rience pour rechercher des id\u00e9es de r\u00e9novation et de design.\u00a0La plateforme en ligne connecte les propri\u00e9taires et les professionnels de la maison avec les meilleurs outils, ressources et fournisseurs.\u00a0Naturellement, le foyer r\u00e9sidentiel de luxe de Montigo, l&#8217;Exemplar, figure en bonne place sur le site.\r\n\r\n<strong>Standard:<\/strong>\r\n<ul>\r\n \t<li>Br\u00fbleur dissimul\u00e9 avec perles de feu en quartz, rev\u00eatement en porcelaine noire, \u00e9clairage halog\u00e8ne vers le haut<\/li>\r\n<\/ul>\r\n<strong>Possibilit\u00e9s\u00a0:<\/strong>\r\n<ul>\r\n \t<li>Pierres mouchet\u00e9es, bois flott\u00e9s, supports en verre, T\u00e9l\u00e9commande marche\/arr\u00eat<\/li>\r\n<\/ul>\r\n<div class=\"grid grid--flush moved-on-top\">\r\n<div class=\"grid__item one-half md-one-whole\">\r\n<div class=\"specs offset-left--big\">\r\n<h3><span>SP\u00c9CIFICATIONS EN UN COUP D&#8217;\u0152IL\u00a0:<\/span><\/h3>\r\n<div class=\"specs-list\">\r\n<dl>\r\n \t<dt><span>BTU maximum (NG)<\/span><\/dt>\r\n \t<dd><span>75 000<\/span><\/dd>\r\n<\/dl>\r\n<dl>\r\n \t<dt><span>Largeur du cadre<\/span><\/dt>\r\n \t<dd><span>96&#8243;<\/span><\/dd>\r\n<\/dl>\r\n<dl>\r\n \t<dt><span>Hauteur du cadre<\/span><\/dt>\r\n \t<dd><span>55 1\/2&#8243;<\/span><\/dd>\r\n<\/dl>\r\n<dl>\r\n \t<dt><span>Profondeur du cadrage<\/span><\/dt>\r\n \t<dd><span>26&#8243;<\/span><\/dd>\r\n<\/dl>\r\n<dl>\r\n \t<dt><span>Largeur d&#8217;ouverture du verre<\/span><\/dt>\r\n \t<dd><span>73 1\/8&#8243;<\/span><\/dd>\r\n<\/dl>\r\n<dl>\r\n \t<dt><span>Hauteur d&#8217;ouverture du verre<\/span><\/dt>\r\n \t<dd><span>18&#8243;<\/span><\/dd>\r\n<\/dl>\r\n<dl>\r\n \t<dt><span>Taille de l&#8217;\u00e9vent int\u00e9rieur<\/span><\/dt>\r\n \t<dd><span>5<\/span><\/dd>\r\n<\/dl>\r\n<dl>\r\n \t<dt><span>Taille de l&#8217;\u00e9vent ext\u00e9rieur<\/span><\/dt>\r\n \t<dd><span>8<\/span><\/dd>\r\n<\/dl>\r\n<dl>\r\n \t<dt><span>Commercial<\/span><\/dt>\r\n \t<dd><span>Non<\/span><\/dd>\r\n<\/dl>\r\n<dl>\r\n \t<dt><span>Personnalisable<\/span><\/dt>\r\n \t<dd><span>Non<\/span><\/dd>\r\n<\/dl>\r\n<\/div>\r\n<\/div>\r\n<\/div>\r\n<\/div>\r\n<div class=\"grid grid--flush margin-bottom--medium two-images\">\r\n<div class=\"grid__item one-half sm-one-whole\">\r\n<div class=\"small-image left-aligned\"><\/div>\r\n<\/div>\r\n<\/div>\r\n<\/div>\t\t\t\t\t\t\t\t<\/div>\n\t\t\t\t<\/div>\n\t\t\t\t\t<\/div>\n\t\t<\/div>\n\t\t\t\t\t<\/div>\n\t\t<\/section>\n\t\t\t\t<section class=\"elementor-section elementor-top-section elementor-element elementor-element-62caf7f elementor-section-boxed elementor-section-height-default elementor-section-height-default\" data-id=\"62caf7f\" data-element_type=\"section\">\n\t\t\t\t\t\t<div class=\"elementor-container elementor-column-gap-default\">\n\t\t\t\t\t<div class=\"elementor-column elementor-col-100 elementor-top-column elementor-element elementor-element-abd2100\" data-id=\"abd2100\" data-element_type=\"column\">\n\t\t\t<div class=\"elementor-widget-wrap elementor-element-populated\">\n\t\t\t\t\t\t<div class=\"elementor-element elementor-element-662ce57 elementor-tabs-view-horizontal elementor-widget elementor-widget-tabs\" data-id=\"662ce57\" data-element_type=\"widget\" data-widget_type=\"tabs.default\">\n\t\t\t\t<div class=\"elementor-widget-container\">\n\t\t\t\t\t\t\t<div class=\"elementor-tabs\">\n\t\t\t<div class=\"elementor-tabs-wrapper\" role=\"tablist\" >\n\t\t\t\t\t\t\t\t\t<div id=\"elementor-tab-title-1071\" class=\"elementor-tab-title elementor-tab-desktop-title\" aria-selected=\"true\" data-tab=\"1\" role=\"tab\" tabindex=\"0\" aria-controls=\"elementor-tab-content-1071\" aria-expanded=\"false\">Fichiers<\/div>\n\t\t\t\t\t\t\t<\/div>\n\t\t\t<div class=\"elementor-tabs-content-wrapper\" role=\"tablist\" aria-orientation=\"vertical\">\n\t\t\t\t\t\t\t\t\t<div class=\"elementor-tab-title elementor-tab-mobile-title\" aria-selected=\"true\" data-tab=\"1\" role=\"tab\" tabindex=\"0\" aria-controls=\"elementor-tab-content-1071\" aria-expanded=\"false\">Fichiers<\/div>\n\t\t\t\t\t<div id=\"elementor-tab-content-1071\" class=\"elementor-tab-content elementor-clearfix\" data-tab=\"1\" role=\"tabpanel\" aria-labelledby=\"elementor-tab-title-1071\" tabindex=\"0\" hidden=\"false\"><i class=\"far fa-file-pdf fa-xl\" style=\"font-size:35px\"><\/i><a href=\"https:\/\/www.belleflamme.ca\/wp-content\/uploads\/2023\/11\/XB2214FR-Montigo-Fireplaces-Exemplar-Brochure.pdf\"> Brochure<\/a><\/br>\n<i class=\"far fa-file-pdf fa-xl\" style=\"font-size:35px\"><\/i><a href=\"https:\/\/www.belleflamme.ca\/wp-content\/uploads\/2023\/11\/montigo-FR-residential-fireplace-Exemplar-RP620-spec-sheet.pdf\"> Sp\u00e9cifications<\/a><\/br>\n<i class=\"far fa-file-pdf fa-xl\" style=\"font-size:35px\"><\/i><a href=\"https:\/\/www.belleflamme.ca\/wp-content\/uploads\/2023\/11\/xg0777-montigo-manual-exemplar-rp620.pdf\"> Installation<\/a><\/br><\/div>\n\t\t\t\t\t\t\t<\/div>\n\t\t<\/div>\n\t\t\t\t\t\t<\/div>\n\t\t\t\t<\/div>\n\t\t\t\t\t<\/div>\n\t\t<\/div>\n\t\t\t\t\t<\/div>\n\t\t<\/section>\n\t\t\t\t<\/div>\n\t\t","protected":false},"excerpt":{"rendered":"<p>Un design \u00e9quilibr\u00e9 dans des proportions \u00e9l\u00e9gantes La foyer transparent de luxe EXEMPLAR RP620 est l&#8217;innovation, le luxe et le confort \u00e0 son meilleur. Ce foyer \u00e0 ventilation forc\u00e9e de qualit\u00e9 professionnelle est compatible avec les bouches d&#8217;a\u00e9ration ext\u00e9rieures affleurantes, verticales ou \u00e0 persiennes affleurantes de la s\u00e9rie 300. L&#8217;EXEMPLAR est un foyer de luxe [&hellip;]<\/p>\n","protected":false},"featured_media":22740,"template":"","meta":{"inline_featured_image":false},"product_brand":[218],"product_cat":[33,35,37],"product_tag":[],"class_list":{"0":"post-22739","1":"product","2":"type-product","3":"status-publish","4":"has-post-thumbnail","6":"product_brand-montigo","7":"product_cat-poeles-et-foyers","8":"product_cat-poeles-foyer-au-gaz","9":"product_cat-foyer-au-gaz","11":"first","12":"instock","13":"taxable","14":"shipping-taxable","15":"purchasable","16":"product-type-variable"},"yoast_head":"<!-- This site is optimized with the Yoast SEO Premium plugin v24.2 (Yoast SEO v24.2) - https:\/\/yoast.com\/wordpress\/plugins\/seo\/ -->\n<title>Foyer de luxe au Gaz EXEMPLAR RP620 de Montigo - Groupe BelleFlamme<\/title>\n<meta name=\"description\" content=\"Foyer de luxe au Gaz EXEMPLAR RP620 de Montigo vendu et install\u00e9 par le Groupe Belleflamme. Laval, Montr\u00e9al, Gatineau et Saint-Sauveur.\" \/>\n<meta name=\"robots\" content=\"index, follow, max-snippet:-1, max-image-preview:large, max-video-preview:-1\" \/>\n<link rel=\"canonical\" href=\"https:\/\/staging.belleflamme.ca\/fr\/produit\/foyer-de-luxe-au-gaz-exemplar-rp620-de-montigo\/\" \/>\n<meta property=\"og:locale\" content=\"fr_FR\" \/>\n<meta property=\"og:type\" content=\"article\" \/>\n<meta property=\"og:title\" content=\"Foyer de luxe au Gaz EXEMPLAR RP620 de Montigo\" \/>\n<meta property=\"og:description\" content=\"Foyer de luxe au Gaz EXEMPLAR RP620 de Montigo vendu et install\u00e9 par le Groupe Belleflamme. Laval, Montr\u00e9al, Gatineau et Saint-Sauveur.\" \/>\n<meta property=\"og:url\" content=\"https:\/\/staging.belleflamme.ca\/fr\/produit\/foyer-de-luxe-au-gaz-exemplar-rp620-de-montigo\/\" \/>\n<meta property=\"og:site_name\" content=\"Groupe BelleFlamme\" \/>\n<meta property=\"article:publisher\" content=\"https:\/\/www.facebook.com\/belleflamme.ca\/\" \/>\n<meta property=\"article:modified_time\" content=\"2025-03-20T16:50:31+00:00\" \/>\n<meta property=\"og:image\" content=\"https:\/\/www.belleflamme.ca\/wp-content\/uploads\/2023\/11\/Foyer-de-luxe-au-Gaz-EXEMPLAR-RP620-de-Montigo.jpg\" \/>\n\t<meta property=\"og:image:width\" content=\"1200\" \/>\n\t<meta property=\"og:image:height\" content=\"1360\" \/>\n\t<meta property=\"og:image:type\" content=\"image\/jpeg\" \/>\n<meta name=\"twitter:card\" content=\"summary_large_image\" \/>\n<meta name=\"twitter:label1\" content=\"Disponibilit\u00e9\" \/>\n\t<meta name=\"twitter:data1\" content=\"En stock\" \/>\n<script type=\"application\/ld+json\" class=\"yoast-schema-graph\">{\"@context\":\"https:\/\/schema.org\",\"@graph\":[{\"@type\":[\"WebPage\",\"ItemPage\"],\"@id\":\"https:\/\/staging.belleflamme.ca\/fr\/produit\/foyer-de-luxe-au-gaz-exemplar-rp620-de-montigo\/\",\"url\":\"https:\/\/staging.belleflamme.ca\/fr\/produit\/foyer-de-luxe-au-gaz-exemplar-rp620-de-montigo\/\",\"name\":\"Foyer de luxe au Gaz EXEMPLAR RP620 de Montigo - Groupe BelleFlamme\",\"isPartOf\":{\"@id\":\"https:\/\/www.belleflamme.ca\/fr\/#website\"},\"primaryImageOfPage\":{\"@id\":\"https:\/\/staging.belleflamme.ca\/fr\/produit\/foyer-de-luxe-au-gaz-exemplar-rp620-de-montigo\/#primaryimage\"},\"image\":{\"@id\":\"https:\/\/staging.belleflamme.ca\/fr\/produit\/foyer-de-luxe-au-gaz-exemplar-rp620-de-montigo\/#primaryimage\"},\"thumbnailUrl\":\"https:\/\/staging.belleflamme.ca\/wp-content\/uploads\/2023\/11\/Foyer-de-luxe-au-Gaz-EXEMPLAR-RP620-de-Montigo.jpg\",\"datePublished\":\"2023-11-25T19:06:41+00:00\",\"dateModified\":\"2025-03-20T16:50:31+00:00\",\"description\":\"Foyer de luxe au Gaz EXEMPLAR RP620 de Montigo vendu et install\u00e9 par le Groupe Belleflamme. Laval, Montr\u00e9al, Gatineau et Saint-Sauveur.\",\"breadcrumb\":{\"@id\":\"https:\/\/staging.belleflamme.ca\/fr\/produit\/foyer-de-luxe-au-gaz-exemplar-rp620-de-montigo\/#breadcrumb\"},\"inLanguage\":\"fr-FR\",\"potentialAction\":[{\"@type\":\"ReadAction\",\"target\":[\"https:\/\/staging.belleflamme.ca\/fr\/produit\/foyer-de-luxe-au-gaz-exemplar-rp620-de-montigo\/\"]}]},{\"@type\":\"ImageObject\",\"inLanguage\":\"fr-FR\",\"@id\":\"https:\/\/staging.belleflamme.ca\/fr\/produit\/foyer-de-luxe-au-gaz-exemplar-rp620-de-montigo\/#primaryimage\",\"url\":\"https:\/\/staging.belleflamme.ca\/wp-content\/uploads\/2023\/11\/Foyer-de-luxe-au-Gaz-EXEMPLAR-RP620-de-Montigo.jpg\",\"contentUrl\":\"https:\/\/staging.belleflamme.ca\/wp-content\/uploads\/2023\/11\/Foyer-de-luxe-au-Gaz-EXEMPLAR-RP620-de-Montigo.jpg\",\"width\":1200,\"height\":1360,\"caption\":\"foyer au gaz\"},{\"@type\":\"BreadcrumbList\",\"@id\":\"https:\/\/staging.belleflamme.ca\/fr\/produit\/foyer-de-luxe-au-gaz-exemplar-rp620-de-montigo\/#breadcrumb\",\"itemListElement\":[{\"@type\":\"ListItem\",\"position\":1,\"name\":\"Accueil\",\"item\":\"https:\/\/www.belleflamme.ca\/fr\/\"},{\"@type\":\"ListItem\",\"position\":2,\"name\":\"Boutique\",\"item\":\"https:\/\/www.belleflamme.ca\/fr\/boutique\/\"},{\"@type\":\"ListItem\",\"position\":3,\"name\":\"Po\u00eales &amp; Foyers\",\"item\":\"https:\/\/staging.belleflamme.ca\/fr\/categories\/poeles-et-foyers\/\"},{\"@type\":\"ListItem\",\"position\":4,\"name\":\"Po\u00eale &amp; Foyer au Gaz\",\"item\":\"https:\/\/staging.belleflamme.ca\/fr\/categories\/poeles-et-foyers\/poeles-foyer-au-gaz\/\"},{\"@type\":\"ListItem\",\"position\":5,\"name\":\"Foyer au Gaz\",\"item\":\"https:\/\/staging.belleflamme.ca\/fr\/categories\/poeles-et-foyers\/poeles-foyer-au-gaz\/foyer-au-gaz\/\"},{\"@type\":\"ListItem\",\"position\":6,\"name\":\"Foyer de luxe au Gaz EXEMPLAR RP620 de Montigo\"}]},{\"@type\":\"WebSite\",\"@id\":\"https:\/\/www.belleflamme.ca\/fr\/#website\",\"url\":\"https:\/\/www.belleflamme.ca\/fr\/\",\"name\":\"Groupe Belleflamme\",\"description\":\"La m\u00e9canique du b\u00e2timent dans le sang.\",\"publisher\":{\"@id\":\"https:\/\/www.belleflamme.ca\/fr\/#organization\"},\"potentialAction\":[{\"@type\":\"SearchAction\",\"target\":{\"@type\":\"EntryPoint\",\"urlTemplate\":\"https:\/\/www.belleflamme.ca\/fr\/?s={search_term_string}\"},\"query-input\":{\"@type\":\"PropertyValueSpecification\",\"valueRequired\":true,\"valueName\":\"search_term_string\"}}],\"inLanguage\":\"fr-FR\"},{\"@type\":[\"Organization\",\"Place\"],\"@id\":\"https:\/\/www.belleflamme.ca\/fr\/#organization\",\"name\":\"Groupe Belleflamme\",\"alternateName\":\"Belleflamme\",\"url\":\"https:\/\/www.belleflamme.ca\/fr\/\",\"logo\":{\"@type\":\"ImageObject\",\"inLanguage\":\"fr-FR\",\"@id\":\"https:\/\/www.belleflamme.ca\/fr\/#\/schema\/logo\/image\/\",\"url\":\"https:\/\/staging.belleflamme.ca\/wp-content\/uploads\/2023\/01\/og-image.jpg\",\"contentUrl\":\"https:\/\/staging.belleflamme.ca\/wp-content\/uploads\/2023\/01\/og-image.jpg\",\"width\":1200,\"height\":630,\"caption\":\"Groupe Belleflamme\"},\"image\":{\"@id\":\"https:\/\/www.belleflamme.ca\/fr\/#\/schema\/logo\/image\/\"},\"sameAs\":[\"https:\/\/www.facebook.com\/belleflamme.ca\/\",\"https:\/\/www.linkedin.com\/company\/belleflamme\/\",\"https:\/\/www.pinterest.ca\/groupebelleflamme\/\",\"https:\/\/www.instagram.com\/legroupebelleflamme\/\"],\"mainEntityOfPage\":{\"@id\":\"https:\/\/staging.belleflamme.ca\/fr\/produit\/foyer-de-luxe-au-gaz-exemplar-rp620-de-montigo\/\"}}]}<\/script>\n<meta property=\"product:brand\" content=\"Montigo\" \/>\n<meta property=\"og:availability\" content=\"instock\" \/>\n<meta property=\"product:availability\" content=\"instock\" \/>\n<meta property=\"product:retailer_item_id\" content=\"RP620*\" \/>\n<meta property=\"product:condition\" content=\"new\" \/>\n<!-- \/ Yoast SEO Premium plugin. -->","yoast_head_json":{"title":"Foyer de luxe au Gaz EXEMPLAR RP620 de Montigo - Groupe BelleFlamme","description":"Foyer de luxe au Gaz EXEMPLAR RP620 de Montigo vendu et install\u00e9 par le Groupe Belleflamme. Laval, Montr\u00e9al, Gatineau et Saint-Sauveur.","robots":{"index":"index","follow":"follow","max-snippet":"max-snippet:-1","max-image-preview":"max-image-preview:large","max-video-preview":"max-video-preview:-1"},"canonical":"https:\/\/staging.belleflamme.ca\/fr\/produit\/foyer-de-luxe-au-gaz-exemplar-rp620-de-montigo\/","og_locale":"fr_FR","og_type":"article","og_title":"Foyer de luxe au Gaz EXEMPLAR RP620 de Montigo","og_description":"Foyer de luxe au Gaz EXEMPLAR RP620 de Montigo vendu et install\u00e9 par le Groupe Belleflamme. Laval, Montr\u00e9al, Gatineau et Saint-Sauveur.","og_url":"https:\/\/staging.belleflamme.ca\/fr\/produit\/foyer-de-luxe-au-gaz-exemplar-rp620-de-montigo\/","og_site_name":"Groupe BelleFlamme","article_publisher":"https:\/\/www.facebook.com\/belleflamme.ca\/","article_modified_time":"2025-03-20T16:50:31+00:00","og_image":[{"width":1200,"height":1360,"url":"https:\/\/www.belleflamme.ca\/wp-content\/uploads\/2023\/11\/Foyer-de-luxe-au-Gaz-EXEMPLAR-RP620-de-Montigo.jpg","type":"image\/jpeg"}],"twitter_card":"summary_large_image","twitter_misc":{"Disponibilit\u00e9":"En stock"},"schema":{"@context":"https:\/\/schema.org","@graph":[{"@type":["WebPage","ItemPage"],"@id":"https:\/\/staging.belleflamme.ca\/fr\/produit\/foyer-de-luxe-au-gaz-exemplar-rp620-de-montigo\/","url":"https:\/\/staging.belleflamme.ca\/fr\/produit\/foyer-de-luxe-au-gaz-exemplar-rp620-de-montigo\/","name":"Foyer de luxe au Gaz EXEMPLAR RP620 de Montigo - Groupe BelleFlamme","isPartOf":{"@id":"https:\/\/www.belleflamme.ca\/fr\/#website"},"primaryImageOfPage":{"@id":"https:\/\/staging.belleflamme.ca\/fr\/produit\/foyer-de-luxe-au-gaz-exemplar-rp620-de-montigo\/#primaryimage"},"image":{"@id":"https:\/\/staging.belleflamme.ca\/fr\/produit\/foyer-de-luxe-au-gaz-exemplar-rp620-de-montigo\/#primaryimage"},"thumbnailUrl":"https:\/\/staging.belleflamme.ca\/wp-content\/uploads\/2023\/11\/Foyer-de-luxe-au-Gaz-EXEMPLAR-RP620-de-Montigo.jpg","datePublished":"2023-11-25T19:06:41+00:00","dateModified":"2025-03-20T16:50:31+00:00","description":"Foyer de luxe au Gaz EXEMPLAR RP620 de Montigo vendu et install\u00e9 par le Groupe Belleflamme. Laval, Montr\u00e9al, Gatineau et Saint-Sauveur.","breadcrumb":{"@id":"https:\/\/staging.belleflamme.ca\/fr\/produit\/foyer-de-luxe-au-gaz-exemplar-rp620-de-montigo\/#breadcrumb"},"inLanguage":"fr-FR","potentialAction":[{"@type":"ReadAction","target":["https:\/\/staging.belleflamme.ca\/fr\/produit\/foyer-de-luxe-au-gaz-exemplar-rp620-de-montigo\/"]}]},{"@type":"ImageObject","inLanguage":"fr-FR","@id":"https:\/\/staging.belleflamme.ca\/fr\/produit\/foyer-de-luxe-au-gaz-exemplar-rp620-de-montigo\/#primaryimage","url":"https:\/\/staging.belleflamme.ca\/wp-content\/uploads\/2023\/11\/Foyer-de-luxe-au-Gaz-EXEMPLAR-RP620-de-Montigo.jpg","contentUrl":"https:\/\/staging.belleflamme.ca\/wp-content\/uploads\/2023\/11\/Foyer-de-luxe-au-Gaz-EXEMPLAR-RP620-de-Montigo.jpg","width":1200,"height":1360,"caption":"foyer au gaz"},{"@type":"BreadcrumbList","@id":"https:\/\/staging.belleflamme.ca\/fr\/produit\/foyer-de-luxe-au-gaz-exemplar-rp620-de-montigo\/#breadcrumb","itemListElement":[{"@type":"ListItem","position":1,"name":"Accueil","item":"https:\/\/www.belleflamme.ca\/fr\/"},{"@type":"ListItem","position":2,"name":"Boutique","item":"https:\/\/www.belleflamme.ca\/fr\/boutique\/"},{"@type":"ListItem","position":3,"name":"Po\u00eales &amp; Foyers","item":"https:\/\/staging.belleflamme.ca\/fr\/categories\/poeles-et-foyers\/"},{"@type":"ListItem","position":4,"name":"Po\u00eale &amp; Foyer au Gaz","item":"https:\/\/staging.belleflamme.ca\/fr\/categories\/poeles-et-foyers\/poeles-foyer-au-gaz\/"},{"@type":"ListItem","position":5,"name":"Foyer au Gaz","item":"https:\/\/staging.belleflamme.ca\/fr\/categories\/poeles-et-foyers\/poeles-foyer-au-gaz\/foyer-au-gaz\/"},{"@type":"ListItem","position":6,"name":"Foyer de luxe au Gaz EXEMPLAR RP620 de Montigo"}]},{"@type":"WebSite","@id":"https:\/\/www.belleflamme.ca\/fr\/#website","url":"https:\/\/www.belleflamme.ca\/fr\/","name":"Groupe Belleflamme","description":"La m\u00e9canique du b\u00e2timent dans le sang.","publisher":{"@id":"https:\/\/www.belleflamme.ca\/fr\/#organization"},"potentialAction":[{"@type":"SearchAction","target":{"@type":"EntryPoint","urlTemplate":"https:\/\/www.belleflamme.ca\/fr\/?s={search_term_string}"},"query-input":{"@type":"PropertyValueSpecification","valueRequired":true,"valueName":"search_term_string"}}],"inLanguage":"fr-FR"},{"@type":["Organization","Place"],"@id":"https:\/\/www.belleflamme.ca\/fr\/#organization","name":"Groupe Belleflamme","alternateName":"Belleflamme","url":"https:\/\/www.belleflamme.ca\/fr\/","logo":{"@type":"ImageObject","inLanguage":"fr-FR","@id":"https:\/\/www.belleflamme.ca\/fr\/#\/schema\/logo\/image\/","url":"https:\/\/staging.belleflamme.ca\/wp-content\/uploads\/2023\/01\/og-image.jpg","contentUrl":"https:\/\/staging.belleflamme.ca\/wp-content\/uploads\/2023\/01\/og-image.jpg","width":1200,"height":630,"caption":"Groupe Belleflamme"},"image":{"@id":"https:\/\/www.belleflamme.ca\/fr\/#\/schema\/logo\/image\/"},"sameAs":["https:\/\/www.facebook.com\/belleflamme.ca\/","https:\/\/www.linkedin.com\/company\/belleflamme\/","https:\/\/www.pinterest.ca\/groupebelleflamme\/","https:\/\/www.instagram.com\/legroupebelleflamme\/"],"mainEntityOfPage":{"@id":"https:\/\/staging.belleflamme.ca\/fr\/produit\/foyer-de-luxe-au-gaz-exemplar-rp620-de-montigo\/"}}]},"product_brand":"Montigo","og_availability":"instock","product_availability":"instock","product_retailer_item_id":"RP620*","product_condition":"new"},"_links":{"self":[{"href":"https:\/\/staging.belleflamme.ca\/fr\/wp-json\/wp\/v2\/product\/22739","targetHints":{"allow":["GET"]}}],"collection":[{"href":"https:\/\/staging.belleflamme.ca\/fr\/wp-json\/wp\/v2\/product"}],"about":[{"href":"https:\/\/staging.belleflamme.ca\/fr\/wp-json\/wp\/v2\/types\/product"}],"version-history":[{"count":6,"href":"https:\/\/staging.belleflamme.ca\/fr\/wp-json\/wp\/v2\/product\/22739\/revisions"}],"predecessor-version":[{"id":49226,"href":"https:\/\/staging.belleflamme.ca\/fr\/wp-json\/wp\/v2\/product\/22739\/revisions\/49226"}],"wp:featuredmedia":[{"embeddable":true,"href":"https:\/\/staging.belleflamme.ca\/fr\/wp-json\/wp\/v2\/media\/22740"}],"wp:attachment":[{"href":"https:\/\/staging.belleflamme.ca\/fr\/wp-json\/wp\/v2\/media?parent=22739"}],"wp:term":[{"taxonomy":"product_brand","embeddable":true,"href":"https:\/\/staging.belleflamme.ca\/fr\/wp-json\/wp\/v2\/product_brand?post=22739"},{"taxonomy":"product_cat","embeddable":true,"href":"https:\/\/staging.belleflamme.ca\/fr\/wp-json\/wp\/v2\/product_cat?post=22739"},{"taxonomy":"product_tag","embeddable":true,"href":"https:\/\/staging.belleflamme.ca\/fr\/wp-json\/wp\/v2\/product_tag?post=22739"}],"curies":[{"name":"wp","href":"https:\/\/api.w.org\/{rel}","templated":true}]}}