{"id":22666,"date":"2023-11-25T13:25:18","date_gmt":"2023-11-25T18:25:18","guid":{"rendered":"https:\/\/www.belleflamme.ca\/?post_type=product&#038;p=22666"},"modified":"2025-03-20T14:02:57","modified_gmt":"2025-03-20T18:02:57","slug":"foyer-residentiel-au-gaz-entierement-equipe-phenom-p42df-de-montigo","status":"publish","type":"product","link":"https:\/\/staging.belleflamme.ca\/fr\/produit\/foyer-residentiel-au-gaz-entierement-equipe-phenom-p42df-de-montigo\/","title":{"rendered":"Foyer r\u00e9sidentiel au Gaz Enti\u00e8rement \u00c9quip\u00e9 PHENOM  P42DF de Montigo"},"content":{"rendered":"\t\t<div data-elementor-type=\"product-post\" data-elementor-id=\"22666\" class=\"elementor elementor-22666\" data-elementor-post-type=\"product\">\n\t\t\t\t\t\t<section class=\"elementor-section elementor-top-section elementor-element elementor-element-313aea38 elementor-section-boxed elementor-section-height-default elementor-section-height-default\" data-id=\"313aea38\" data-element_type=\"section\">\n\t\t\t\t\t\t<div class=\"elementor-container elementor-column-gap-default\">\n\t\t\t\t\t<div class=\"elementor-column elementor-col-100 elementor-top-column elementor-element elementor-element-52801bfe\" data-id=\"52801bfe\" data-element_type=\"column\">\n\t\t\t<div class=\"elementor-widget-wrap elementor-element-populated\">\n\t\t\t\t\t\t<div class=\"elementor-element elementor-element-59b0c0b5 elementor-widget elementor-widget-text-editor\" data-id=\"59b0c0b5\" data-element_type=\"widget\" data-widget_type=\"text-editor.default\">\n\t\t\t\t<div class=\"elementor-widget-container\">\n\t\t\t\t\t\t\t\t\t<iframe title=\"YouTube video player\" src=\"https:\/\/www.youtube.com\/embed\/amNIUIO838A?si=4fAaQQ9vfFe4Z9zX\" width=\"560\" height=\"315\" frameborder=\"0\" allowfullscreen=\"allowfullscreen\"><\/iframe>\r\n<h2><span>Tout commence par une \u00e9tincelle<\/span><\/h2>\r\n<span>Pr\u00e9sentation du PHENOM, la quintessence de la sophistication et de la commodit\u00e9 dans le domaine des chemin\u00e9es.\u00a0Cette merveille enti\u00e8rement \u00e9quip\u00e9e combine une technologie de pointe, une esth\u00e9tique \u00e9l\u00e9gante et une fonctionnalit\u00e9 in\u00e9gal\u00e9e pour r\u00e9volutionner l&#8217;exp\u00e9rience du foyer.\u00a0Orn\u00e9 d&#8217;un \u00e9clairage halog\u00e8ne, le PHENOM illumine la pi\u00e8ce d&#8217;une lueur captivante, simulant parfaitement les flammes vacillantes d&#8217;un feu traditionnel.\u00a0Gr\u00e2ce \u00e0 la commodit\u00e9 d&#8217;une t\u00e9l\u00e9commande, les utilisateurs peuvent r\u00e9gler sans effort l&#8217;intensit\u00e9 lumineuse, les ventilateurs et la puissance thermique, cr\u00e9ant ainsi une atmosph\u00e8re idyllique sans quitter le confort de leur si\u00e8ge.<\/span>\r\n\r\n<span>L&#8217;innovation ne s&#8217;arr\u00eate pas l\u00e0.\u00a0Int\u00e9gr\u00e9 \u00e0 des ventilateurs de haute qualit\u00e9, ce foyer assure une r\u00e9partition uniforme de la chaleur dans tout l&#8217;espace, \u00e9liminant les points froids et offrant un environnement confortable lors des soir\u00e9es fra\u00eeches.\u00a0Qu&#8217;il s&#8217;agisse d&#8217;un grand salon ou d&#8217;un salon confortable, le syst\u00e8me de chauffage avanc\u00e9 r\u00e9gule sans effort la temp\u00e9rature de la pi\u00e8ce, ce qui en fait un point central de confort et de style.\u00a0Avec sa fusion de fonctionnalit\u00e9s de pointe et d&#8217;un design opulent, le PHENOM t\u00e9moigne de l&#8217;avenir de la technologie des foyers, \u00e9tablissant une nouvelle r\u00e9f\u00e9rence en mati\u00e8re de luxe, de commodit\u00e9 et d&#8217;\u00e9l\u00e9gance in\u00e9gal\u00e9e dans les solutions de chauffage domestique.<\/span>\r\n<h2><span>Un classique des foyers au gaz \u00e0 \u00e9vacuation directe<\/span><\/h2>\r\n<em><strong><span>Un superbe design est intemporel.\u00a0<\/span><\/strong><\/em><span>Le foyer au gaz \u00e0 \u00e9vacuation directe simple face de la s\u00e9rie PHENOM est la v\u00e9ritable d\u00e9finition de cette expression, car nous voyons encore de nouveaux exemples d&#8217;architectes d&#8217;int\u00e9rieur utilisant le foyer Phenom dans plusieurs projets.<\/span>\r\n<h2><span>Inspiration de conception de foyers<\/span><\/h2>\r\n<h3><span>TENDANCES LES PLUS CHAUDES EN MATI\u00c8RE DE CONCEPTION DE FOYERS<\/span><\/h3>\r\n<span>Que vous souhaitiez rafra\u00eechir un foyer existant avec un changement de manteau, un peu de peinture, une refonte compl\u00e8te de la conception, ou remplacer l&#8217;unit\u00e9 et cr\u00e9er un chef-d&#8217;\u0153uvre.\u00a0Il existe de nombreuses fa\u00e7ons de mettre \u00e0 niveau et une infinit\u00e9 de mat\u00e9riaux parmi lesquels choisir.<\/span>\r\n\r\n<strong><span>Standard:<\/span><\/strong>\r\n<ul>\r\n \t<li><span>Br\u00fbleur dissimul\u00e9 avec perles de feu en quartz, T\u00e9l\u00e9commande multifonction, Ventilateurs t\u00e9l\u00e9command\u00e9s, Doublure en porcelaine noire, \u00c9clairage halog\u00e8ne, Contr\u00f4le de flamme Hi-Lo \u00e0 distance, Batterie de secours<\/span><\/li>\r\n<\/ul>\r\n<strong><span>Possibilit\u00e9s\u00a0:<\/span><\/strong>\r\n<ul>\r\n \t<li><span>Entourages en noir satin\u00e9 ou inox, Pierres mouchet\u00e9es, bois flott\u00e9s, m\u00e9dia verre<\/span><\/li>\r\n<\/ul>\r\n<h3><span>SP\u00c9CIFICATIONS EN UN COUP D&#8217;\u0152IL\u00a0:<\/span><\/h3>\r\n<div class=\"specs-list\">\r\n<dl>\r\n \t<dt><span>BTU maximum (NG)<\/span><\/dt>\r\n \t<dd><span>32 000<\/span><\/dd>\r\n<\/dl>\r\n<dl>\r\n \t<dt><span>Largeur du cadre<\/span><\/dt>\r\n \t<dd><span>42&#8243;<\/span><\/dd>\r\n<\/dl>\r\n<dl>\r\n \t<dt><span>Hauteur du cadre<\/span><\/dt>\r\n \t<dd><span>42&#8243;<\/span><\/dd>\r\n<\/dl>\r\n<dl>\r\n \t<dt><span>Profondeur du cadrage<\/span><\/dt>\r\n \t<dd><span>21 7\/8&#8243;<\/span><\/dd>\r\n<\/dl>\r\n<dl>\r\n \t<dt><span>Largeur d&#8217;ouverture du verre<\/span><\/dt>\r\n \t<dd><span>39 1\/2&#8243;<\/span><\/dd>\r\n<\/dl>\r\n<dl>\r\n \t<dt><span>Hauteur d&#8217;ouverture du verre<\/span><\/dt>\r\n \t<dd><span>20 1\/4&#8243;<\/span><\/dd>\r\n<\/dl>\r\n<dl>\r\n \t<dt><span>Taille de l&#8217;\u00e9vent int\u00e9rieur<\/span><\/dt>\r\n \t<dd><span>5<\/span><\/dd>\r\n<\/dl>\r\n<dl>\r\n \t<dt><span>Taille de l&#8217;\u00e9vent ext\u00e9rieur<\/span><\/dt>\r\n \t<dd><span>8<\/span><\/dd>\r\n<\/dl>\r\n<dl>\r\n \t<dt><span>Commercial<\/span><\/dt>\r\n \t<dd><span>Non<\/span><\/dd>\r\n<\/dl>\r\n<dl>\r\n \t<dt><span>Personnalisable<\/span><\/dt>\r\n \t<dd><span>Non<\/span><\/dd>\r\n<\/dl>\r\n<\/div>\t\t\t\t\t\t\t\t<\/div>\n\t\t\t\t<\/div>\n\t\t\t\t\t<\/div>\n\t\t<\/div>\n\t\t\t\t\t<\/div>\n\t\t<\/section>\n\t\t\t\t<section class=\"elementor-section elementor-top-section elementor-element elementor-element-3348e5c elementor-section-boxed elementor-section-height-default elementor-section-height-default\" data-id=\"3348e5c\" data-element_type=\"section\">\n\t\t\t\t\t\t<div class=\"elementor-container elementor-column-gap-default\">\n\t\t\t\t\t<div class=\"elementor-column elementor-col-100 elementor-top-column elementor-element elementor-element-02eb71a\" data-id=\"02eb71a\" data-element_type=\"column\">\n\t\t\t<div class=\"elementor-widget-wrap elementor-element-populated\">\n\t\t\t\t\t\t<div class=\"elementor-element elementor-element-97af8cd elementor-tabs-view-horizontal elementor-widget elementor-widget-tabs\" data-id=\"97af8cd\" data-element_type=\"widget\" data-widget_type=\"tabs.default\">\n\t\t\t\t<div class=\"elementor-widget-container\">\n\t\t\t\t\t\t\t<div class=\"elementor-tabs\">\n\t\t\t<div class=\"elementor-tabs-wrapper\" role=\"tablist\" >\n\t\t\t\t\t\t\t\t\t<div id=\"elementor-tab-title-1591\" class=\"elementor-tab-title elementor-tab-desktop-title\" aria-selected=\"true\" data-tab=\"1\" role=\"tab\" tabindex=\"0\" aria-controls=\"elementor-tab-content-1591\" aria-expanded=\"false\">Fichiers<\/div>\n\t\t\t\t\t\t\t<\/div>\n\t\t\t<div class=\"elementor-tabs-content-wrapper\" role=\"tablist\" aria-orientation=\"vertical\">\n\t\t\t\t\t\t\t\t\t<div class=\"elementor-tab-title elementor-tab-mobile-title\" aria-selected=\"true\" data-tab=\"1\" role=\"tab\" tabindex=\"0\" aria-controls=\"elementor-tab-content-1591\" aria-expanded=\"false\">Fichiers<\/div>\n\t\t\t\t\t<div id=\"elementor-tab-content-1591\" class=\"elementor-tab-content elementor-clearfix\" data-tab=\"1\" role=\"tabpanel\" aria-labelledby=\"elementor-tab-title-1591\" tabindex=\"0\" hidden=\"false\"><i class=\"far fa-file-pdf fa-xl\" style=\"font-size:35px\"><\/i><a href=\"https:\/\/www.belleflamme.ca\/wp-content\/uploads\/2023\/11\/XB2209FR-Montigo-Fireplaces-Phenom-Brochure.pdf\"> Brochure<\/a><\/br>\n<i class=\"far fa-file-pdf fa-xl\" style=\"font-size:35px\"><\/i><a href=\"https:\/\/www.belleflamme.ca\/wp-content\/uploads\/2023\/11\/montigo-FR-residential-fireplace-Phenom-single-sided-spec-sheet.pdf\"> Sp\u00e9cifications<\/a><\/br>\n<i class=\"far fa-file-pdf fa-xl\" style=\"font-size:35px\"><\/i><a href=\"https:\/\/www.belleflamme.ca\/wp-content\/uploads\/2023\/11\/xg0199fr-montigo-manual-phenom-single-sided.pdf\"> Installation<\/a><\/br><\/div>\n\t\t\t\t\t\t\t<\/div>\n\t\t<\/div>\n\t\t\t\t\t\t<\/div>\n\t\t\t\t<\/div>\n\t\t\t\t\t<\/div>\n\t\t<\/div>\n\t\t\t\t\t<\/div>\n\t\t<\/section>\n\t\t\t\t<\/div>\n\t\t","protected":false},"excerpt":{"rendered":"<p>Tout commence par une \u00e9tincelle Pr\u00e9sentation du PHENOM, la quintessence de la sophistication et de la commodit\u00e9 dans le domaine des chemin\u00e9es.\u00a0Cette merveille enti\u00e8rement \u00e9quip\u00e9e combine une technologie de pointe, une esth\u00e9tique \u00e9l\u00e9gante et une fonctionnalit\u00e9 in\u00e9gal\u00e9e pour r\u00e9volutionner l&#8217;exp\u00e9rience du foyer.\u00a0Orn\u00e9 d&#8217;un \u00e9clairage halog\u00e8ne, le PHENOM illumine la pi\u00e8ce d&#8217;une lueur captivante, simulant parfaitement [&hellip;]<\/p>\n","protected":false},"featured_media":22667,"template":"","meta":{"inline_featured_image":false},"product_brand":[218],"product_cat":[33,35,37],"product_tag":[],"class_list":{"0":"post-22666","1":"product","2":"type-product","3":"status-publish","4":"has-post-thumbnail","6":"product_brand-montigo","7":"product_cat-poeles-et-foyers","8":"product_cat-poeles-foyer-au-gaz","9":"product_cat-foyer-au-gaz","11":"first","12":"instock","13":"taxable","14":"shipping-taxable","15":"purchasable","16":"product-type-variable"},"yoast_head":"<!-- This site is optimized with the Yoast SEO Premium plugin v24.2 (Yoast SEO v24.2) - https:\/\/yoast.com\/wordpress\/plugins\/seo\/ -->\n<title>Foyer r\u00e9sidentiel au Gaz Enti\u00e8rement \u00c9quip\u00e9 PHENOM P42DF de Montigo - Groupe BelleFlamme<\/title>\n<meta name=\"description\" content=\"Foyer r\u00e9sidentiel au Gaz Enti\u00e8rement \u00c9quip\u00e9 PHENOM P42DF de Montigo vendu et install\u00e9 par le Groupe Belleflamme. Laval, Montr\u00e9al, Gatineau et Saint-Sauveur.\" \/>\n<meta name=\"robots\" content=\"index, follow, max-snippet:-1, max-image-preview:large, max-video-preview:-1\" \/>\n<link rel=\"canonical\" href=\"https:\/\/staging.belleflamme.ca\/fr\/produit\/foyer-residentiel-au-gaz-entierement-equipe-phenom-p42df-de-montigo\/\" \/>\n<meta property=\"og:locale\" content=\"fr_FR\" \/>\n<meta property=\"og:type\" content=\"article\" \/>\n<meta property=\"og:title\" content=\"Foyer r\u00e9sidentiel au Gaz Enti\u00e8rement \u00c9quip\u00e9 PHENOM P42DF de Montigo\" \/>\n<meta property=\"og:description\" content=\"Foyer r\u00e9sidentiel au Gaz Enti\u00e8rement \u00c9quip\u00e9 PHENOM P42DF de Montigo vendu et install\u00e9 par le Groupe Belleflamme. Laval, Montr\u00e9al, Gatineau et Saint-Sauveur.\" \/>\n<meta property=\"og:url\" content=\"https:\/\/staging.belleflamme.ca\/fr\/produit\/foyer-residentiel-au-gaz-entierement-equipe-phenom-p42df-de-montigo\/\" \/>\n<meta property=\"og:site_name\" content=\"Groupe BelleFlamme\" \/>\n<meta property=\"article:publisher\" content=\"https:\/\/www.facebook.com\/belleflamme.ca\/\" \/>\n<meta property=\"article:modified_time\" content=\"2025-03-20T18:02:57+00:00\" \/>\n<meta property=\"og:image\" content=\"https:\/\/www.belleflamme.ca\/wp-content\/uploads\/2023\/11\/Foyer-residentiel-au-Gaz-Entierement-Equipe-PHENOM-P42DF-de-Montigo.jpg\" \/>\n\t<meta property=\"og:image:width\" content=\"1200\" \/>\n\t<meta property=\"og:image:height\" content=\"1360\" \/>\n\t<meta property=\"og:image:type\" content=\"image\/jpeg\" \/>\n<meta name=\"twitter:card\" content=\"summary_large_image\" \/>\n<meta name=\"twitter:label1\" content=\"Disponibilit\u00e9\" \/>\n\t<meta name=\"twitter:data1\" content=\"En stock\" \/>\n<script type=\"application\/ld+json\" class=\"yoast-schema-graph\">{\"@context\":\"https:\/\/schema.org\",\"@graph\":[{\"@type\":[\"WebPage\",\"ItemPage\"],\"@id\":\"https:\/\/staging.belleflamme.ca\/fr\/produit\/foyer-residentiel-au-gaz-entierement-equipe-phenom-p42df-de-montigo\/\",\"url\":\"https:\/\/staging.belleflamme.ca\/fr\/produit\/foyer-residentiel-au-gaz-entierement-equipe-phenom-p42df-de-montigo\/\",\"name\":\"Foyer r\u00e9sidentiel au Gaz Enti\u00e8rement \u00c9quip\u00e9 PHENOM P42DF de Montigo - Groupe BelleFlamme\",\"isPartOf\":{\"@id\":\"https:\/\/www.belleflamme.ca\/fr\/#website\"},\"primaryImageOfPage\":{\"@id\":\"https:\/\/staging.belleflamme.ca\/fr\/produit\/foyer-residentiel-au-gaz-entierement-equipe-phenom-p42df-de-montigo\/#primaryimage\"},\"image\":{\"@id\":\"https:\/\/staging.belleflamme.ca\/fr\/produit\/foyer-residentiel-au-gaz-entierement-equipe-phenom-p42df-de-montigo\/#primaryimage\"},\"thumbnailUrl\":\"https:\/\/staging.belleflamme.ca\/wp-content\/uploads\/2023\/11\/Foyer-residentiel-au-Gaz-Entierement-Equipe-PHENOM-P42DF-de-Montigo.jpg\",\"datePublished\":\"2023-11-25T18:25:18+00:00\",\"dateModified\":\"2025-03-20T18:02:57+00:00\",\"description\":\"Foyer r\u00e9sidentiel au Gaz Enti\u00e8rement \u00c9quip\u00e9 PHENOM P42DF de Montigo vendu et install\u00e9 par le Groupe Belleflamme. Laval, Montr\u00e9al, Gatineau et Saint-Sauveur.\",\"breadcrumb\":{\"@id\":\"https:\/\/staging.belleflamme.ca\/fr\/produit\/foyer-residentiel-au-gaz-entierement-equipe-phenom-p42df-de-montigo\/#breadcrumb\"},\"inLanguage\":\"fr-FR\",\"potentialAction\":[{\"@type\":\"ReadAction\",\"target\":[\"https:\/\/staging.belleflamme.ca\/fr\/produit\/foyer-residentiel-au-gaz-entierement-equipe-phenom-p42df-de-montigo\/\"]}]},{\"@type\":\"ImageObject\",\"inLanguage\":\"fr-FR\",\"@id\":\"https:\/\/staging.belleflamme.ca\/fr\/produit\/foyer-residentiel-au-gaz-entierement-equipe-phenom-p42df-de-montigo\/#primaryimage\",\"url\":\"https:\/\/staging.belleflamme.ca\/wp-content\/uploads\/2023\/11\/Foyer-residentiel-au-Gaz-Entierement-Equipe-PHENOM-P42DF-de-Montigo.jpg\",\"contentUrl\":\"https:\/\/staging.belleflamme.ca\/wp-content\/uploads\/2023\/11\/Foyer-residentiel-au-Gaz-Entierement-Equipe-PHENOM-P42DF-de-Montigo.jpg\",\"width\":1200,\"height\":1360,\"caption\":\"Foyer r\u00e9sidentiel au Gaz Enti\u00e8rement \u00c9quip\u00e9 PHENOM P42DF de Montigo\"},{\"@type\":\"BreadcrumbList\",\"@id\":\"https:\/\/staging.belleflamme.ca\/fr\/produit\/foyer-residentiel-au-gaz-entierement-equipe-phenom-p42df-de-montigo\/#breadcrumb\",\"itemListElement\":[{\"@type\":\"ListItem\",\"position\":1,\"name\":\"Accueil\",\"item\":\"https:\/\/www.belleflamme.ca\/fr\/\"},{\"@type\":\"ListItem\",\"position\":2,\"name\":\"Boutique\",\"item\":\"https:\/\/www.belleflamme.ca\/fr\/boutique\/\"},{\"@type\":\"ListItem\",\"position\":3,\"name\":\"Po\u00eales &amp; Foyers\",\"item\":\"https:\/\/staging.belleflamme.ca\/fr\/categories\/poeles-et-foyers\/\"},{\"@type\":\"ListItem\",\"position\":4,\"name\":\"Po\u00eale &amp; Foyer au Gaz\",\"item\":\"https:\/\/staging.belleflamme.ca\/fr\/categories\/poeles-et-foyers\/poeles-foyer-au-gaz\/\"},{\"@type\":\"ListItem\",\"position\":5,\"name\":\"Foyer au Gaz\",\"item\":\"https:\/\/staging.belleflamme.ca\/fr\/categories\/poeles-et-foyers\/poeles-foyer-au-gaz\/foyer-au-gaz\/\"},{\"@type\":\"ListItem\",\"position\":6,\"name\":\"Foyer r\u00e9sidentiel au Gaz Enti\u00e8rement \u00c9quip\u00e9 PHENOM P42DF de Montigo\"}]},{\"@type\":\"WebSite\",\"@id\":\"https:\/\/www.belleflamme.ca\/fr\/#website\",\"url\":\"https:\/\/www.belleflamme.ca\/fr\/\",\"name\":\"Groupe Belleflamme\",\"description\":\"La m\u00e9canique du b\u00e2timent dans le sang.\",\"publisher\":{\"@id\":\"https:\/\/www.belleflamme.ca\/fr\/#organization\"},\"potentialAction\":[{\"@type\":\"SearchAction\",\"target\":{\"@type\":\"EntryPoint\",\"urlTemplate\":\"https:\/\/www.belleflamme.ca\/fr\/?s={search_term_string}\"},\"query-input\":{\"@type\":\"PropertyValueSpecification\",\"valueRequired\":true,\"valueName\":\"search_term_string\"}}],\"inLanguage\":\"fr-FR\"},{\"@type\":[\"Organization\",\"Place\"],\"@id\":\"https:\/\/www.belleflamme.ca\/fr\/#organization\",\"name\":\"Groupe Belleflamme\",\"alternateName\":\"Belleflamme\",\"url\":\"https:\/\/www.belleflamme.ca\/fr\/\",\"logo\":{\"@type\":\"ImageObject\",\"inLanguage\":\"fr-FR\",\"@id\":\"https:\/\/www.belleflamme.ca\/fr\/#\/schema\/logo\/image\/\",\"url\":\"https:\/\/staging.belleflamme.ca\/wp-content\/uploads\/2023\/01\/og-image.jpg\",\"contentUrl\":\"https:\/\/staging.belleflamme.ca\/wp-content\/uploads\/2023\/01\/og-image.jpg\",\"width\":1200,\"height\":630,\"caption\":\"Groupe Belleflamme\"},\"image\":{\"@id\":\"https:\/\/www.belleflamme.ca\/fr\/#\/schema\/logo\/image\/\"},\"sameAs\":[\"https:\/\/www.facebook.com\/belleflamme.ca\/\",\"https:\/\/www.linkedin.com\/company\/belleflamme\/\",\"https:\/\/www.pinterest.ca\/groupebelleflamme\/\",\"https:\/\/www.instagram.com\/legroupebelleflamme\/\"],\"mainEntityOfPage\":{\"@id\":\"https:\/\/staging.belleflamme.ca\/fr\/produit\/foyer-residentiel-au-gaz-entierement-equipe-phenom-p42df-de-montigo\/\"}}]}<\/script>\n<meta property=\"product:brand\" content=\"Montigo\" \/>\n<meta property=\"og:availability\" content=\"instock\" \/>\n<meta property=\"product:availability\" content=\"instock\" \/>\n<meta property=\"product:retailer_item_id\" content=\"P42DF*I-2\" \/>\n<meta property=\"product:condition\" content=\"new\" \/>\n<!-- \/ Yoast SEO Premium plugin. -->","yoast_head_json":{"title":"Foyer r\u00e9sidentiel au Gaz Enti\u00e8rement \u00c9quip\u00e9 PHENOM P42DF de Montigo - Groupe BelleFlamme","description":"Foyer r\u00e9sidentiel au Gaz Enti\u00e8rement \u00c9quip\u00e9 PHENOM P42DF de Montigo vendu et install\u00e9 par le Groupe Belleflamme. Laval, Montr\u00e9al, Gatineau et Saint-Sauveur.","robots":{"index":"index","follow":"follow","max-snippet":"max-snippet:-1","max-image-preview":"max-image-preview:large","max-video-preview":"max-video-preview:-1"},"canonical":"https:\/\/staging.belleflamme.ca\/fr\/produit\/foyer-residentiel-au-gaz-entierement-equipe-phenom-p42df-de-montigo\/","og_locale":"fr_FR","og_type":"article","og_title":"Foyer r\u00e9sidentiel au Gaz Enti\u00e8rement \u00c9quip\u00e9 PHENOM P42DF de Montigo","og_description":"Foyer r\u00e9sidentiel au Gaz Enti\u00e8rement \u00c9quip\u00e9 PHENOM P42DF de Montigo vendu et install\u00e9 par le Groupe Belleflamme. Laval, Montr\u00e9al, Gatineau et Saint-Sauveur.","og_url":"https:\/\/staging.belleflamme.ca\/fr\/produit\/foyer-residentiel-au-gaz-entierement-equipe-phenom-p42df-de-montigo\/","og_site_name":"Groupe BelleFlamme","article_publisher":"https:\/\/www.facebook.com\/belleflamme.ca\/","article_modified_time":"2025-03-20T18:02:57+00:00","og_image":[{"width":1200,"height":1360,"url":"https:\/\/www.belleflamme.ca\/wp-content\/uploads\/2023\/11\/Foyer-residentiel-au-Gaz-Entierement-Equipe-PHENOM-P42DF-de-Montigo.jpg","type":"image\/jpeg"}],"twitter_card":"summary_large_image","twitter_misc":{"Disponibilit\u00e9":"En stock"},"schema":{"@context":"https:\/\/schema.org","@graph":[{"@type":["WebPage","ItemPage"],"@id":"https:\/\/staging.belleflamme.ca\/fr\/produit\/foyer-residentiel-au-gaz-entierement-equipe-phenom-p42df-de-montigo\/","url":"https:\/\/staging.belleflamme.ca\/fr\/produit\/foyer-residentiel-au-gaz-entierement-equipe-phenom-p42df-de-montigo\/","name":"Foyer r\u00e9sidentiel au Gaz Enti\u00e8rement \u00c9quip\u00e9 PHENOM P42DF de Montigo - Groupe BelleFlamme","isPartOf":{"@id":"https:\/\/www.belleflamme.ca\/fr\/#website"},"primaryImageOfPage":{"@id":"https:\/\/staging.belleflamme.ca\/fr\/produit\/foyer-residentiel-au-gaz-entierement-equipe-phenom-p42df-de-montigo\/#primaryimage"},"image":{"@id":"https:\/\/staging.belleflamme.ca\/fr\/produit\/foyer-residentiel-au-gaz-entierement-equipe-phenom-p42df-de-montigo\/#primaryimage"},"thumbnailUrl":"https:\/\/staging.belleflamme.ca\/wp-content\/uploads\/2023\/11\/Foyer-residentiel-au-Gaz-Entierement-Equipe-PHENOM-P42DF-de-Montigo.jpg","datePublished":"2023-11-25T18:25:18+00:00","dateModified":"2025-03-20T18:02:57+00:00","description":"Foyer r\u00e9sidentiel au Gaz Enti\u00e8rement \u00c9quip\u00e9 PHENOM P42DF de Montigo vendu et install\u00e9 par le Groupe Belleflamme. Laval, Montr\u00e9al, Gatineau et Saint-Sauveur.","breadcrumb":{"@id":"https:\/\/staging.belleflamme.ca\/fr\/produit\/foyer-residentiel-au-gaz-entierement-equipe-phenom-p42df-de-montigo\/#breadcrumb"},"inLanguage":"fr-FR","potentialAction":[{"@type":"ReadAction","target":["https:\/\/staging.belleflamme.ca\/fr\/produit\/foyer-residentiel-au-gaz-entierement-equipe-phenom-p42df-de-montigo\/"]}]},{"@type":"ImageObject","inLanguage":"fr-FR","@id":"https:\/\/staging.belleflamme.ca\/fr\/produit\/foyer-residentiel-au-gaz-entierement-equipe-phenom-p42df-de-montigo\/#primaryimage","url":"https:\/\/staging.belleflamme.ca\/wp-content\/uploads\/2023\/11\/Foyer-residentiel-au-Gaz-Entierement-Equipe-PHENOM-P42DF-de-Montigo.jpg","contentUrl":"https:\/\/staging.belleflamme.ca\/wp-content\/uploads\/2023\/11\/Foyer-residentiel-au-Gaz-Entierement-Equipe-PHENOM-P42DF-de-Montigo.jpg","width":1200,"height":1360,"caption":"Foyer r\u00e9sidentiel au Gaz Enti\u00e8rement \u00c9quip\u00e9 PHENOM P42DF de Montigo"},{"@type":"BreadcrumbList","@id":"https:\/\/staging.belleflamme.ca\/fr\/produit\/foyer-residentiel-au-gaz-entierement-equipe-phenom-p42df-de-montigo\/#breadcrumb","itemListElement":[{"@type":"ListItem","position":1,"name":"Accueil","item":"https:\/\/www.belleflamme.ca\/fr\/"},{"@type":"ListItem","position":2,"name":"Boutique","item":"https:\/\/www.belleflamme.ca\/fr\/boutique\/"},{"@type":"ListItem","position":3,"name":"Po\u00eales &amp; Foyers","item":"https:\/\/staging.belleflamme.ca\/fr\/categories\/poeles-et-foyers\/"},{"@type":"ListItem","position":4,"name":"Po\u00eale &amp; Foyer au Gaz","item":"https:\/\/staging.belleflamme.ca\/fr\/categories\/poeles-et-foyers\/poeles-foyer-au-gaz\/"},{"@type":"ListItem","position":5,"name":"Foyer au Gaz","item":"https:\/\/staging.belleflamme.ca\/fr\/categories\/poeles-et-foyers\/poeles-foyer-au-gaz\/foyer-au-gaz\/"},{"@type":"ListItem","position":6,"name":"Foyer r\u00e9sidentiel au Gaz Enti\u00e8rement \u00c9quip\u00e9 PHENOM P42DF de Montigo"}]},{"@type":"WebSite","@id":"https:\/\/www.belleflamme.ca\/fr\/#website","url":"https:\/\/www.belleflamme.ca\/fr\/","name":"Groupe Belleflamme","description":"La m\u00e9canique du b\u00e2timent dans le sang.","publisher":{"@id":"https:\/\/www.belleflamme.ca\/fr\/#organization"},"potentialAction":[{"@type":"SearchAction","target":{"@type":"EntryPoint","urlTemplate":"https:\/\/www.belleflamme.ca\/fr\/?s={search_term_string}"},"query-input":{"@type":"PropertyValueSpecification","valueRequired":true,"valueName":"search_term_string"}}],"inLanguage":"fr-FR"},{"@type":["Organization","Place"],"@id":"https:\/\/www.belleflamme.ca\/fr\/#organization","name":"Groupe Belleflamme","alternateName":"Belleflamme","url":"https:\/\/www.belleflamme.ca\/fr\/","logo":{"@type":"ImageObject","inLanguage":"fr-FR","@id":"https:\/\/www.belleflamme.ca\/fr\/#\/schema\/logo\/image\/","url":"https:\/\/staging.belleflamme.ca\/wp-content\/uploads\/2023\/01\/og-image.jpg","contentUrl":"https:\/\/staging.belleflamme.ca\/wp-content\/uploads\/2023\/01\/og-image.jpg","width":1200,"height":630,"caption":"Groupe Belleflamme"},"image":{"@id":"https:\/\/www.belleflamme.ca\/fr\/#\/schema\/logo\/image\/"},"sameAs":["https:\/\/www.facebook.com\/belleflamme.ca\/","https:\/\/www.linkedin.com\/company\/belleflamme\/","https:\/\/www.pinterest.ca\/groupebelleflamme\/","https:\/\/www.instagram.com\/legroupebelleflamme\/"],"mainEntityOfPage":{"@id":"https:\/\/staging.belleflamme.ca\/fr\/produit\/foyer-residentiel-au-gaz-entierement-equipe-phenom-p42df-de-montigo\/"}}]},"product_brand":"Montigo","og_availability":"instock","product_availability":"instock","product_retailer_item_id":"P42DF*I-2","product_condition":"new"},"_links":{"self":[{"href":"https:\/\/staging.belleflamme.ca\/fr\/wp-json\/wp\/v2\/product\/22666","targetHints":{"allow":["GET"]}}],"collection":[{"href":"https:\/\/staging.belleflamme.ca\/fr\/wp-json\/wp\/v2\/product"}],"about":[{"href":"https:\/\/staging.belleflamme.ca\/fr\/wp-json\/wp\/v2\/types\/product"}],"version-history":[{"count":5,"href":"https:\/\/staging.belleflamme.ca\/fr\/wp-json\/wp\/v2\/product\/22666\/revisions"}],"predecessor-version":[{"id":49302,"href":"https:\/\/staging.belleflamme.ca\/fr\/wp-json\/wp\/v2\/product\/22666\/revisions\/49302"}],"wp:featuredmedia":[{"embeddable":true,"href":"https:\/\/staging.belleflamme.ca\/fr\/wp-json\/wp\/v2\/media\/22667"}],"wp:attachment":[{"href":"https:\/\/staging.belleflamme.ca\/fr\/wp-json\/wp\/v2\/media?parent=22666"}],"wp:term":[{"taxonomy":"product_brand","embeddable":true,"href":"https:\/\/staging.belleflamme.ca\/fr\/wp-json\/wp\/v2\/product_brand?post=22666"},{"taxonomy":"product_cat","embeddable":true,"href":"https:\/\/staging.belleflamme.ca\/fr\/wp-json\/wp\/v2\/product_cat?post=22666"},{"taxonomy":"product_tag","embeddable":true,"href":"https:\/\/staging.belleflamme.ca\/fr\/wp-json\/wp\/v2\/product_tag?post=22666"}],"curies":[{"name":"wp","href":"https:\/\/api.w.org\/{rel}","templated":true}]}}