{"id":22579,"date":"2023-11-25T11:57:52","date_gmt":"2023-11-25T16:57:52","guid":{"rendered":"https:\/\/www.belleflamme.ca\/?post_type=product&#038;p=22579"},"modified":"2023-11-25T14:28:09","modified_gmt":"2023-11-25T19:28:09","slug":"foyer-au-gaz-moderne-d6315-de-montigo","status":"publish","type":"product","link":"https:\/\/staging.belleflamme.ca\/fr\/produit\/foyer-au-gaz-moderne-d6315-de-montigo\/","title":{"rendered":"Foyer au gaz moderne DISTINCTION D6315 de Montigo"},"content":{"rendered":"\t\t<div data-elementor-type=\"product-post\" data-elementor-id=\"22579\" class=\"elementor elementor-22579\" data-elementor-post-type=\"product\">\n\t\t\t\t\t\t<section class=\"elementor-section elementor-top-section elementor-element elementor-element-5f069597 elementor-section-boxed elementor-section-height-default elementor-section-height-default\" data-id=\"5f069597\" data-element_type=\"section\">\n\t\t\t\t\t\t<div class=\"elementor-container elementor-column-gap-default\">\n\t\t\t\t\t<div class=\"elementor-column elementor-col-100 elementor-top-column elementor-element elementor-element-6611c01d\" data-id=\"6611c01d\" data-element_type=\"column\">\n\t\t\t<div class=\"elementor-widget-wrap elementor-element-populated\">\n\t\t\t\t\t\t<div class=\"elementor-element elementor-element-788a8df6 elementor-widget elementor-widget-text-editor\" data-id=\"788a8df6\" data-element_type=\"widget\" data-widget_type=\"text-editor.default\">\n\t\t\t\t<div class=\"elementor-widget-container\">\n\t\t\t\t\t\t\t\t\t<iframe title=\"YouTube video player\" src=\"https:\/\/www.youtube.com\/embed\/G5tQbX5CzDg?si=bxpzlk9XRysq3_qP\" width=\"560\" height=\"315\" frameborder=\"0\" allowfullscreen=\"allowfullscreen\"><\/iframe>\r\n<h2><span>La combinaison parfaite de performance et de design<\/span><\/h2>\r\n<span>Le DISTINCTION est un foyer au gaz \u00e0 \u00e9vacuation directe ultra moderne d&#8217;un c\u00f4t\u00e9 avec une zone de visualisation paysag\u00e8re g\u00e9n\u00e9reuse et un br\u00fbleur lin\u00e9aire dissimul\u00e9.\u00a0Chaque taille de la gamme est livr\u00e9e enti\u00e8rement \u00e9quip\u00e9e, y compris un \u00e9clairage LED et une t\u00e9l\u00e9commande multifonction Proflame 2.<\/span>\r\n\r\n<span>Le foyer DISTINCTION est con\u00e7u pour rehausser l&#8217;esth\u00e9tique de votre maison tout en offrant un chauffage efficace et confortable, ce qui en fait la pi\u00e8ce ma\u00eetresse id\u00e9ale pour votre salon ou tout autre espace de rassemblement.\u00a0Le design lin\u00e9aire \u00e9l\u00e9gant et moderne ajoute une touche de sophistication \u00e0 n&#8217;importe quelle pi\u00e8ce.\u00a0Des lignes \u00e9pur\u00e9es et un profil minimaliste garantissent qu&#8217;il s&#8217;int\u00e8gre parfaitement dans diff\u00e9rents styles d&#8217;int\u00e9rieur, ce qui en fait un ajout polyvalent \u00e0 votre d\u00e9coration int\u00e9rieure.<\/span>\r\n\r\n<span>La flamme \u00e9poustouflante est encore am\u00e9lior\u00e9e gr\u00e2ce \u00e0 l&#8217;ajout d&#8217;un \u00e9cran \u00e0 micro-mailles non intrusif, de panneaux de verre r\u00e9fl\u00e9chissants noirs et de la commodit\u00e9 d&#8217;un taux de r\u00e9duction de 50 %.\u00a0Pour un contr\u00f4le suppl\u00e9mentaire de la chaleur, nous recommandons notre gamme compl\u00e8te de kits\u00a0<\/span><a href=\"https:\/\/www.montigo.com\/blog\/fireplace-heat-management\/\"><span>de gestion de la chaleur<\/span><\/a><span>\u00a0Cool Wall Advantage , compatibles avec chaque configuration de la s\u00e9rie DISTINCTION.<\/span>\r\n<h2><span>Gestion de la chaleur<\/span><\/h2>\r\n<h3><span>SOLUTIONS DE MURS FROIDS<\/span><\/h3>\r\n<span>\u00c9tant donn\u00e9 que les propri\u00e9taires d&#8217;aujourd&#8217;hui souhaitent souvent installer un t\u00e9l\u00e9viseur ou une \u0153uvre d&#8217;art au-dessus de leur foyer, la gestion de la chaleur et le maintien d&#8217;un mur frais sont une pr\u00e9occupation majeure. Les foyers \u00e0 gaz d\u00e9gagent une quantit\u00e9 consid\u00e9rable de chaleur, ce qui peut endommager les appareils \u00e9lectroniques d\u00e9licats.\u00a0C&#8217;est pourquoi Montigo propose plusieurs options de contr\u00f4le et de redirection de la chaleur.<\/span>\r\n<h2><span>Inspiration de conception de chemin\u00e9e<\/span><\/h2>\r\n<h3><span>TENDANCES LES PLUS CHAUDES EN MATI\u00c8RE DE CONCEPTION DE CHEMIN\u00c9ES<\/span><\/h3>\r\n<span>Que vous souhaitiez rafra\u00eechir un foyer existant avec un changement de manteau, un peu de peinture, une refonte compl\u00e8te de la conception, ou remplacer l&#8217;unit\u00e9 et cr\u00e9er un chef-d&#8217;\u0153uvre.\u00a0Il existe de nombreuses fa\u00e7ons de mettre \u00e0 niveau et une infinit\u00e9 de mat\u00e9riaux parmi lesquels choisir.<\/span>\r\n<div class=\"js-fade js-fade-up js-delay-1 js-in\">\r\n\r\n<strong>Standard:<\/strong>\r\n<ul>\r\n \t<li>Br\u00fbleur dissimul\u00e9 avec verre \u00e0 feu Ice, t\u00e9l\u00e9commande multifonction, contr\u00f4le de flamme Hi-Lo \u00e0 distance, ventilateurs t\u00e9l\u00e9command\u00e9s, \u00e9cran micro-maille, verre r\u00e9fl\u00e9chissant noir, \u00e9clairage LED multicolore, batterie de secours<\/li>\r\n<\/ul>\r\n<strong>Possibilit\u00e9s\u00a0:<\/strong>\r\n<ul>\r\n \t<li>Kit Cool Wall Advantage, kit de conversion au propane, kit de garniture r\u00e9glable, doublures cannel\u00e9es, contr\u00f4le par application t\u00e9l\u00e9phonique WiFi<\/li>\r\n<\/ul>\r\n<h3><span>SP\u00c9CIFICATIONS EN UN COUP D&#8217;\u0152IL\u00a0:<\/span><\/h3>\r\n<div class=\"specs-list\">\r\n<dl>\r\n \t<dt><span>BTU maximum (NG)<\/span><\/dt>\r\n \t<dd><span>50 000<\/span><\/dd>\r\n<\/dl>\r\n<dl>\r\n \t<dt><span>Largeur du cadre<\/span><\/dt>\r\n \t<dd><span>79 1\/2&#8243;<\/span><\/dd>\r\n<\/dl>\r\n<dl>\r\n \t<dt><span>Hauteur du cadre<\/span><\/dt>\r\n \t<dd><span>50 3\/8&#8243;<\/span><\/dd>\r\n<\/dl>\r\n<dl>\r\n \t<dt><span>Profondeur du cadrage<\/span><\/dt>\r\n \t<dd><span>18&#8243;<\/span><\/dd>\r\n<\/dl>\r\n<dl>\r\n \t<dt><span>Largeur d&#8217;ouverture du verre<\/span><\/dt>\r\n \t<dd><span>63&#8243;<\/span><\/dd>\r\n<\/dl>\r\n<dl>\r\n \t<dt><span>Hauteur d&#8217;ouverture du verre<\/span><\/dt>\r\n \t<dd><span>14 3\/8&#8243;<\/span><\/dd>\r\n<\/dl>\r\n<dl>\r\n \t<dt><span>Taille de l&#8217;\u00e9vent int\u00e9rieur<\/span><\/dt>\r\n \t<dd><span>5<\/span><\/dd>\r\n<\/dl>\r\n<dl>\r\n \t<dt><span>Taille de l&#8217;\u00e9vent ext\u00e9rieur<\/span><\/dt>\r\n \t<dd><span>8<\/span><\/dd>\r\n<\/dl>\r\n<dl>\r\n \t<dt><span>Commercial<\/span><\/dt>\r\n \t<dd><span>Non<\/span><\/dd>\r\n<\/dl>\r\n<dl>\r\n \t<dt><span>Personnalisable<\/span><\/dt>\r\n \t<dd><span>Non<\/span><\/dd>\r\n<\/dl>\r\n<dl>\r\n \t<dt><span>P.4.\u00a01-15 Efficacit\u00e9 NG<\/span><\/dt>\r\n \t<dd><span>62,69%<\/span><\/dd>\r\n<\/dl>\r\n<dl>\r\n \t<dt><span>P.4.\u00a01-15 Efficacit\u00e9 LP<\/span><\/dt>\r\n \t<dd><span>60,49%<\/span><\/dd>\r\n<\/dl>\r\n<\/div>\r\n<\/div>\r\n<div class=\"js-fade js-fade-up js-delay-2 js-in\"><\/div>\t\t\t\t\t\t\t\t<\/div>\n\t\t\t\t<\/div>\n\t\t\t\t\t<\/div>\n\t\t<\/div>\n\t\t\t\t\t<\/div>\n\t\t<\/section>\n\t\t\t\t<section class=\"elementor-section elementor-top-section elementor-element elementor-element-6b81005 elementor-section-boxed elementor-section-height-default elementor-section-height-default\" data-id=\"6b81005\" data-element_type=\"section\">\n\t\t\t\t\t\t<div class=\"elementor-container elementor-column-gap-default\">\n\t\t\t\t\t<div class=\"elementor-column elementor-col-100 elementor-top-column elementor-element elementor-element-68748c1\" data-id=\"68748c1\" data-element_type=\"column\">\n\t\t\t<div class=\"elementor-widget-wrap elementor-element-populated\">\n\t\t\t\t\t\t<div class=\"elementor-element elementor-element-2da68fe elementor-tabs-view-horizontal elementor-widget elementor-widget-tabs\" data-id=\"2da68fe\" data-element_type=\"widget\" data-widget_type=\"tabs.default\">\n\t\t\t\t<div class=\"elementor-widget-container\">\n\t\t\t\t\t\t\t<div class=\"elementor-tabs\">\n\t\t\t<div class=\"elementor-tabs-wrapper\" role=\"tablist\" >\n\t\t\t\t\t\t\t\t\t<div id=\"elementor-tab-title-4781\" class=\"elementor-tab-title elementor-tab-desktop-title\" aria-selected=\"true\" data-tab=\"1\" role=\"tab\" tabindex=\"0\" aria-controls=\"elementor-tab-content-4781\" aria-expanded=\"false\">Fichiers<\/div>\n\t\t\t\t\t\t\t<\/div>\n\t\t\t<div class=\"elementor-tabs-content-wrapper\" role=\"tablist\" aria-orientation=\"vertical\">\n\t\t\t\t\t\t\t\t\t<div class=\"elementor-tab-title elementor-tab-mobile-title\" aria-selected=\"true\" data-tab=\"1\" role=\"tab\" tabindex=\"0\" aria-controls=\"elementor-tab-content-4781\" aria-expanded=\"false\">Fichiers<\/div>\n\t\t\t\t\t<div id=\"elementor-tab-content-4781\" class=\"elementor-tab-content elementor-clearfix\" data-tab=\"1\" role=\"tabpanel\" aria-labelledby=\"elementor-tab-title-4781\" tabindex=\"0\" hidden=\"false\"><i class=\"far fa-file-pdf fa-xl\" style=\"font-size:35px\"><\/i><a href=\"https:\/\/www.belleflamme.ca\/wp-content\/uploads\/2023\/11\/XB2213FR-Montigo-Fireplaces-Distinction-Brochure.pdf\"> Brochure<\/a><\/br>\n<i class=\"far fa-file-pdf fa-xl\" style=\"font-size:35px\"><\/i><a href=\"https:\/\/www.belleflamme.ca\/wp-content\/uploads\/2023\/11\/montigo-FR-residential-fireplace-Distinction-single-sided-spec-sheet.pdf\"> Sp\u00e9cifications<\/a><\/br>\n<i class=\"far fa-file-pdf fa-xl\" style=\"font-size:35px\"><\/i><a href=\"https:\/\/www.belleflamme.ca\/wp-content\/uploads\/2023\/11\/xt0052-montigo-manual-coolwall-advantage.pdf\"> Avantages Mur Froid<\/a><\/br>\n<i class=\"far fa-file-pdf fa-xl\" style=\"font-size:35px\"><\/i><a href=\"https:\/\/www.belleflamme.ca\/wp-content\/uploads\/2023\/11\/xg0222-montigo-manual-distinction.pdf\"> Installation<\/a><\/br><\/div>\n\t\t\t\t\t\t\t<\/div>\n\t\t<\/div>\n\t\t\t\t\t\t<\/div>\n\t\t\t\t<\/div>\n\t\t\t\t\t<\/div>\n\t\t<\/div>\n\t\t\t\t\t<\/div>\n\t\t<\/section>\n\t\t\t\t<\/div>\n\t\t","protected":false},"excerpt":{"rendered":"<p>La combinaison parfaite de performance et de design Le DISTINCTION est un foyer au gaz \u00e0 \u00e9vacuation directe ultra moderne d&#8217;un c\u00f4t\u00e9 avec une zone de visualisation paysag\u00e8re g\u00e9n\u00e9reuse et un br\u00fbleur lin\u00e9aire dissimul\u00e9.\u00a0Chaque taille de la gamme est livr\u00e9e enti\u00e8rement \u00e9quip\u00e9e, y compris un \u00e9clairage LED et une t\u00e9l\u00e9commande multifonction Proflame 2. Le foyer [&hellip;]<\/p>\n","protected":false},"featured_media":22580,"template":"","meta":{"inline_featured_image":false},"product_brand":[218],"product_cat":[33,35,37],"product_tag":[],"class_list":{"0":"post-22579","1":"product","2":"type-product","3":"status-publish","4":"has-post-thumbnail","6":"product_brand-montigo","7":"product_cat-poeles-et-foyers","8":"product_cat-poeles-foyer-au-gaz","9":"product_cat-foyer-au-gaz","11":"first","12":"instock","13":"taxable","14":"shipping-taxable","15":"purchasable","16":"product-type-simple"},"yoast_head":"<!-- This site is optimized with the Yoast SEO Premium plugin v24.2 (Yoast SEO v24.2) - https:\/\/yoast.com\/wordpress\/plugins\/seo\/ -->\n<title>Foyer au gaz moderne DISTINCTION D6315 de Montigo - Groupe BelleFlamme<\/title>\n<meta name=\"description\" content=\"Foyer au gaz moderne DISTINCTION D6315 de Montigo vendu et install\u00e9 par le Groupe Belleflamme. Laval, Montr\u00e9al, Gatineau, Drummondville et Saint-Sauveur.\" \/>\n<meta name=\"robots\" content=\"index, follow, max-snippet:-1, max-image-preview:large, max-video-preview:-1\" \/>\n<link rel=\"canonical\" href=\"https:\/\/staging.belleflamme.ca\/fr\/produit\/foyer-au-gaz-moderne-d6315-de-montigo\/\" \/>\n<meta property=\"og:locale\" content=\"fr_FR\" \/>\n<meta property=\"og:type\" content=\"article\" \/>\n<meta property=\"og:title\" content=\"Foyer au gaz moderne DISTINCTION D6315 de Montigo\" \/>\n<meta property=\"og:description\" content=\"Foyer au gaz moderne DISTINCTION D6315 de Montigo vendu et install\u00e9 par le Groupe Belleflamme. Laval, Montr\u00e9al, Gatineau, Drummondville et Saint-Sauveur.\" \/>\n<meta property=\"og:url\" content=\"https:\/\/staging.belleflamme.ca\/fr\/produit\/foyer-au-gaz-moderne-d6315-de-montigo\/\" \/>\n<meta property=\"og:site_name\" content=\"Groupe BelleFlamme\" \/>\n<meta property=\"article:publisher\" content=\"https:\/\/www.facebook.com\/belleflamme.ca\/\" \/>\n<meta property=\"article:modified_time\" content=\"2023-11-25T19:28:09+00:00\" \/>\n<meta property=\"og:image\" content=\"https:\/\/www.belleflamme.ca\/wp-content\/uploads\/2023\/11\/Foyer-au-gaz-moderne-D6315-de-Montigo.jpg\" \/>\n\t<meta property=\"og:image:width\" content=\"1200\" \/>\n\t<meta property=\"og:image:height\" content=\"1360\" \/>\n\t<meta property=\"og:image:type\" content=\"image\/jpeg\" \/>\n<meta name=\"twitter:card\" content=\"summary_large_image\" \/>\n<meta name=\"twitter:label1\" content=\"Prix\" \/>\n\t<meta name=\"twitter:data1\" content=\"&#036;15,559.00\" \/>\n\t<meta name=\"twitter:label2\" content=\"Disponibilit\u00e9\" \/>\n\t<meta name=\"twitter:data2\" content=\"En stock\" \/>\n<script type=\"application\/ld+json\" class=\"yoast-schema-graph\">{\"@context\":\"https:\/\/schema.org\",\"@graph\":[{\"@type\":[\"WebPage\",\"ItemPage\"],\"@id\":\"https:\/\/staging.belleflamme.ca\/fr\/produit\/foyer-au-gaz-moderne-d6315-de-montigo\/\",\"url\":\"https:\/\/staging.belleflamme.ca\/fr\/produit\/foyer-au-gaz-moderne-d6315-de-montigo\/\",\"name\":\"Foyer au gaz moderne DISTINCTION D6315 de Montigo - Groupe BelleFlamme\",\"isPartOf\":{\"@id\":\"https:\/\/www.belleflamme.ca\/fr\/#website\"},\"primaryImageOfPage\":{\"@id\":\"https:\/\/staging.belleflamme.ca\/fr\/produit\/foyer-au-gaz-moderne-d6315-de-montigo\/#primaryimage\"},\"image\":{\"@id\":\"https:\/\/staging.belleflamme.ca\/fr\/produit\/foyer-au-gaz-moderne-d6315-de-montigo\/#primaryimage\"},\"thumbnailUrl\":\"https:\/\/staging.belleflamme.ca\/wp-content\/uploads\/2023\/11\/Foyer-au-gaz-moderne-D6315-de-Montigo.jpg\",\"datePublished\":\"2023-11-25T16:57:52+00:00\",\"dateModified\":\"2023-11-25T19:28:09+00:00\",\"description\":\"Foyer au gaz moderne DISTINCTION D6315 de Montigo [get_meta_en_fr]\",\"breadcrumb\":{\"@id\":\"https:\/\/staging.belleflamme.ca\/fr\/produit\/foyer-au-gaz-moderne-d6315-de-montigo\/#breadcrumb\"},\"inLanguage\":\"fr-FR\",\"potentialAction\":[{\"@type\":\"ReadAction\",\"target\":[\"https:\/\/staging.belleflamme.ca\/fr\/produit\/foyer-au-gaz-moderne-d6315-de-montigo\/\"]}]},{\"@type\":\"ImageObject\",\"inLanguage\":\"fr-FR\",\"@id\":\"https:\/\/staging.belleflamme.ca\/fr\/produit\/foyer-au-gaz-moderne-d6315-de-montigo\/#primaryimage\",\"url\":\"https:\/\/staging.belleflamme.ca\/wp-content\/uploads\/2023\/11\/Foyer-au-gaz-moderne-D6315-de-Montigo.jpg\",\"contentUrl\":\"https:\/\/staging.belleflamme.ca\/wp-content\/uploads\/2023\/11\/Foyer-au-gaz-moderne-D6315-de-Montigo.jpg\",\"width\":1200,\"height\":1360,\"caption\":\"Foyer au gaz moderne D6315 de Montigo\"},{\"@type\":\"BreadcrumbList\",\"@id\":\"https:\/\/staging.belleflamme.ca\/fr\/produit\/foyer-au-gaz-moderne-d6315-de-montigo\/#breadcrumb\",\"itemListElement\":[{\"@type\":\"ListItem\",\"position\":1,\"name\":\"Accueil\",\"item\":\"https:\/\/www.belleflamme.ca\/fr\/\"},{\"@type\":\"ListItem\",\"position\":2,\"name\":\"Boutique\",\"item\":\"https:\/\/www.belleflamme.ca\/fr\/boutique\/\"},{\"@type\":\"ListItem\",\"position\":3,\"name\":\"Po\u00eales &amp; Foyers\",\"item\":\"https:\/\/staging.belleflamme.ca\/fr\/categories\/poeles-et-foyers\/\"},{\"@type\":\"ListItem\",\"position\":4,\"name\":\"Po\u00eale &amp; Foyer au Gaz\",\"item\":\"https:\/\/staging.belleflamme.ca\/fr\/categories\/poeles-et-foyers\/poeles-foyer-au-gaz\/\"},{\"@type\":\"ListItem\",\"position\":5,\"name\":\"Foyer au Gaz\",\"item\":\"https:\/\/staging.belleflamme.ca\/fr\/categories\/poeles-et-foyers\/poeles-foyer-au-gaz\/foyer-au-gaz\/\"},{\"@type\":\"ListItem\",\"position\":6,\"name\":\"Foyer au gaz moderne DISTINCTION D6315 de Montigo\"}]},{\"@type\":\"WebSite\",\"@id\":\"https:\/\/www.belleflamme.ca\/fr\/#website\",\"url\":\"https:\/\/www.belleflamme.ca\/fr\/\",\"name\":\"Groupe Belleflamme\",\"description\":\"La m\u00e9canique du b\u00e2timent dans le sang.\",\"publisher\":{\"@id\":\"https:\/\/www.belleflamme.ca\/fr\/#organization\"},\"potentialAction\":[{\"@type\":\"SearchAction\",\"target\":{\"@type\":\"EntryPoint\",\"urlTemplate\":\"https:\/\/www.belleflamme.ca\/fr\/?s={search_term_string}\"},\"query-input\":{\"@type\":\"PropertyValueSpecification\",\"valueRequired\":true,\"valueName\":\"search_term_string\"}}],\"inLanguage\":\"fr-FR\"},{\"@type\":[\"Organization\",\"Place\"],\"@id\":\"https:\/\/www.belleflamme.ca\/fr\/#organization\",\"name\":\"Groupe Belleflamme\",\"alternateName\":\"Belleflamme\",\"url\":\"https:\/\/www.belleflamme.ca\/fr\/\",\"logo\":{\"@type\":\"ImageObject\",\"inLanguage\":\"fr-FR\",\"@id\":\"https:\/\/www.belleflamme.ca\/fr\/#\/schema\/logo\/image\/\",\"url\":\"https:\/\/staging.belleflamme.ca\/wp-content\/uploads\/2023\/01\/og-image.jpg\",\"contentUrl\":\"https:\/\/staging.belleflamme.ca\/wp-content\/uploads\/2023\/01\/og-image.jpg\",\"width\":1200,\"height\":630,\"caption\":\"Groupe Belleflamme\"},\"image\":{\"@id\":\"https:\/\/www.belleflamme.ca\/fr\/#\/schema\/logo\/image\/\"},\"sameAs\":[\"https:\/\/www.facebook.com\/belleflamme.ca\/\",\"https:\/\/www.linkedin.com\/company\/belleflamme\/\",\"https:\/\/www.pinterest.ca\/groupebelleflamme\/\",\"https:\/\/www.instagram.com\/legroupebelleflamme\/\"],\"mainEntityOfPage\":{\"@id\":\"https:\/\/staging.belleflamme.ca\/fr\/produit\/foyer-au-gaz-moderne-d6315-de-montigo\/\"}}]}<\/script>\n<meta property=\"product:brand\" content=\"Montigo\" \/>\n<meta property=\"product:price:amount\" content=\"15559.00\" \/>\n<meta property=\"product:price:currency\" content=\"CAD\" \/>\n<meta property=\"og:availability\" content=\"instock\" \/>\n<meta property=\"product:availability\" content=\"instock\" \/>\n<meta property=\"product:retailer_item_id\" content=\"D6315NI-2\" \/>\n<meta property=\"product:condition\" content=\"new\" \/>\n<!-- \/ Yoast SEO Premium plugin. -->","yoast_head_json":{"title":"Foyer au gaz moderne DISTINCTION D6315 de Montigo - Groupe BelleFlamme","description":"Foyer au gaz moderne DISTINCTION D6315 de Montigo vendu et install\u00e9 par le Groupe Belleflamme. Laval, Montr\u00e9al, Gatineau, Drummondville et Saint-Sauveur.","robots":{"index":"index","follow":"follow","max-snippet":"max-snippet:-1","max-image-preview":"max-image-preview:large","max-video-preview":"max-video-preview:-1"},"canonical":"https:\/\/staging.belleflamme.ca\/fr\/produit\/foyer-au-gaz-moderne-d6315-de-montigo\/","og_locale":"fr_FR","og_type":"article","og_title":"Foyer au gaz moderne DISTINCTION D6315 de Montigo","og_description":"Foyer au gaz moderne DISTINCTION D6315 de Montigo vendu et install\u00e9 par le Groupe Belleflamme. Laval, Montr\u00e9al, Gatineau, Drummondville et Saint-Sauveur.","og_url":"https:\/\/staging.belleflamme.ca\/fr\/produit\/foyer-au-gaz-moderne-d6315-de-montigo\/","og_site_name":"Groupe BelleFlamme","article_publisher":"https:\/\/www.facebook.com\/belleflamme.ca\/","article_modified_time":"2023-11-25T19:28:09+00:00","og_image":[{"width":1200,"height":1360,"url":"https:\/\/www.belleflamme.ca\/wp-content\/uploads\/2023\/11\/Foyer-au-gaz-moderne-D6315-de-Montigo.jpg","type":"image\/jpeg"}],"twitter_card":"summary_large_image","twitter_misc":{"Prix":"&#36;15,559.00","Disponibilit\u00e9":"En stock"},"schema":{"@context":"https:\/\/schema.org","@graph":[{"@type":["WebPage","ItemPage"],"@id":"https:\/\/staging.belleflamme.ca\/fr\/produit\/foyer-au-gaz-moderne-d6315-de-montigo\/","url":"https:\/\/staging.belleflamme.ca\/fr\/produit\/foyer-au-gaz-moderne-d6315-de-montigo\/","name":"Foyer au gaz moderne DISTINCTION D6315 de Montigo - Groupe BelleFlamme","isPartOf":{"@id":"https:\/\/www.belleflamme.ca\/fr\/#website"},"primaryImageOfPage":{"@id":"https:\/\/staging.belleflamme.ca\/fr\/produit\/foyer-au-gaz-moderne-d6315-de-montigo\/#primaryimage"},"image":{"@id":"https:\/\/staging.belleflamme.ca\/fr\/produit\/foyer-au-gaz-moderne-d6315-de-montigo\/#primaryimage"},"thumbnailUrl":"https:\/\/staging.belleflamme.ca\/wp-content\/uploads\/2023\/11\/Foyer-au-gaz-moderne-D6315-de-Montigo.jpg","datePublished":"2023-11-25T16:57:52+00:00","dateModified":"2023-11-25T19:28:09+00:00","description":"Foyer au gaz moderne DISTINCTION D6315 de Montigo [get_meta_en_fr]","breadcrumb":{"@id":"https:\/\/staging.belleflamme.ca\/fr\/produit\/foyer-au-gaz-moderne-d6315-de-montigo\/#breadcrumb"},"inLanguage":"fr-FR","potentialAction":[{"@type":"ReadAction","target":["https:\/\/staging.belleflamme.ca\/fr\/produit\/foyer-au-gaz-moderne-d6315-de-montigo\/"]}]},{"@type":"ImageObject","inLanguage":"fr-FR","@id":"https:\/\/staging.belleflamme.ca\/fr\/produit\/foyer-au-gaz-moderne-d6315-de-montigo\/#primaryimage","url":"https:\/\/staging.belleflamme.ca\/wp-content\/uploads\/2023\/11\/Foyer-au-gaz-moderne-D6315-de-Montigo.jpg","contentUrl":"https:\/\/staging.belleflamme.ca\/wp-content\/uploads\/2023\/11\/Foyer-au-gaz-moderne-D6315-de-Montigo.jpg","width":1200,"height":1360,"caption":"Foyer au gaz moderne D6315 de Montigo"},{"@type":"BreadcrumbList","@id":"https:\/\/staging.belleflamme.ca\/fr\/produit\/foyer-au-gaz-moderne-d6315-de-montigo\/#breadcrumb","itemListElement":[{"@type":"ListItem","position":1,"name":"Accueil","item":"https:\/\/www.belleflamme.ca\/fr\/"},{"@type":"ListItem","position":2,"name":"Boutique","item":"https:\/\/www.belleflamme.ca\/fr\/boutique\/"},{"@type":"ListItem","position":3,"name":"Po\u00eales &amp; Foyers","item":"https:\/\/staging.belleflamme.ca\/fr\/categories\/poeles-et-foyers\/"},{"@type":"ListItem","position":4,"name":"Po\u00eale &amp; Foyer au Gaz","item":"https:\/\/staging.belleflamme.ca\/fr\/categories\/poeles-et-foyers\/poeles-foyer-au-gaz\/"},{"@type":"ListItem","position":5,"name":"Foyer au Gaz","item":"https:\/\/staging.belleflamme.ca\/fr\/categories\/poeles-et-foyers\/poeles-foyer-au-gaz\/foyer-au-gaz\/"},{"@type":"ListItem","position":6,"name":"Foyer au gaz moderne DISTINCTION D6315 de Montigo"}]},{"@type":"WebSite","@id":"https:\/\/www.belleflamme.ca\/fr\/#website","url":"https:\/\/www.belleflamme.ca\/fr\/","name":"Groupe Belleflamme","description":"La m\u00e9canique du b\u00e2timent dans le sang.","publisher":{"@id":"https:\/\/www.belleflamme.ca\/fr\/#organization"},"potentialAction":[{"@type":"SearchAction","target":{"@type":"EntryPoint","urlTemplate":"https:\/\/www.belleflamme.ca\/fr\/?s={search_term_string}"},"query-input":{"@type":"PropertyValueSpecification","valueRequired":true,"valueName":"search_term_string"}}],"inLanguage":"fr-FR"},{"@type":["Organization","Place"],"@id":"https:\/\/www.belleflamme.ca\/fr\/#organization","name":"Groupe Belleflamme","alternateName":"Belleflamme","url":"https:\/\/www.belleflamme.ca\/fr\/","logo":{"@type":"ImageObject","inLanguage":"fr-FR","@id":"https:\/\/www.belleflamme.ca\/fr\/#\/schema\/logo\/image\/","url":"https:\/\/staging.belleflamme.ca\/wp-content\/uploads\/2023\/01\/og-image.jpg","contentUrl":"https:\/\/staging.belleflamme.ca\/wp-content\/uploads\/2023\/01\/og-image.jpg","width":1200,"height":630,"caption":"Groupe Belleflamme"},"image":{"@id":"https:\/\/www.belleflamme.ca\/fr\/#\/schema\/logo\/image\/"},"sameAs":["https:\/\/www.facebook.com\/belleflamme.ca\/","https:\/\/www.linkedin.com\/company\/belleflamme\/","https:\/\/www.pinterest.ca\/groupebelleflamme\/","https:\/\/www.instagram.com\/legroupebelleflamme\/"],"mainEntityOfPage":{"@id":"https:\/\/staging.belleflamme.ca\/fr\/produit\/foyer-au-gaz-moderne-d6315-de-montigo\/"}}]},"product_brand":"Montigo","product_price_amount":"15559.00","product_price_currency":"CAD","og_availability":"instock","product_availability":"instock","product_retailer_item_id":"D6315NI-2","product_condition":"new"},"_links":{"self":[{"href":"https:\/\/staging.belleflamme.ca\/fr\/wp-json\/wp\/v2\/product\/22579","targetHints":{"allow":["GET"]}}],"collection":[{"href":"https:\/\/staging.belleflamme.ca\/fr\/wp-json\/wp\/v2\/product"}],"about":[{"href":"https:\/\/staging.belleflamme.ca\/fr\/wp-json\/wp\/v2\/types\/product"}],"version-history":[{"count":5,"href":"https:\/\/staging.belleflamme.ca\/fr\/wp-json\/wp\/v2\/product\/22579\/revisions"}],"predecessor-version":[{"id":22779,"href":"https:\/\/staging.belleflamme.ca\/fr\/wp-json\/wp\/v2\/product\/22579\/revisions\/22779"}],"wp:featuredmedia":[{"embeddable":true,"href":"https:\/\/staging.belleflamme.ca\/fr\/wp-json\/wp\/v2\/media\/22580"}],"wp:attachment":[{"href":"https:\/\/staging.belleflamme.ca\/fr\/wp-json\/wp\/v2\/media?parent=22579"}],"wp:term":[{"taxonomy":"product_brand","embeddable":true,"href":"https:\/\/staging.belleflamme.ca\/fr\/wp-json\/wp\/v2\/product_brand?post=22579"},{"taxonomy":"product_cat","embeddable":true,"href":"https:\/\/staging.belleflamme.ca\/fr\/wp-json\/wp\/v2\/product_cat?post=22579"},{"taxonomy":"product_tag","embeddable":true,"href":"https:\/\/staging.belleflamme.ca\/fr\/wp-json\/wp\/v2\/product_tag?post=22579"}],"curies":[{"name":"wp","href":"https:\/\/api.w.org\/{rel}","templated":true}]}}