{"id":22450,"date":"2023-11-25T10:21:32","date_gmt":"2023-11-25T15:21:32","guid":{"rendered":"https:\/\/www.belleflamme.ca\/?post_type=product&#038;p=22450"},"modified":"2025-04-18T15:45:06","modified_gmt":"2025-04-18T19:45:06","slug":"foyer-au-gaz-carre-drsq42-delray-de-montigo","status":"publish","type":"product","link":"https:\/\/staging.belleflamme.ca\/fr\/produit\/foyer-au-gaz-carre-drsq42-delray-de-montigo\/","title":{"rendered":"Foyer au Gaz Carr\u00e9 DelRay DRSQ42NI de Montigo"},"content":{"rendered":"\t\t<div data-elementor-type=\"product-post\" data-elementor-id=\"22450\" class=\"elementor elementor-22450\" data-elementor-post-type=\"product\">\n\t\t\t\t\t\t<section class=\"elementor-section elementor-top-section elementor-element elementor-element-3cb46d02 elementor-section-boxed elementor-section-height-default elementor-section-height-default\" data-id=\"3cb46d02\" data-element_type=\"section\">\n\t\t\t\t\t\t<div class=\"elementor-container elementor-column-gap-default\">\n\t\t\t\t\t<div class=\"elementor-column elementor-col-100 elementor-top-column elementor-element elementor-element-1a4a51e3\" data-id=\"1a4a51e3\" data-element_type=\"column\">\n\t\t\t<div class=\"elementor-widget-wrap elementor-element-populated\">\n\t\t\t\t\t\t<div class=\"elementor-element elementor-element-5c2a97c7 elementor-widget elementor-widget-text-editor\" data-id=\"5c2a97c7\" data-element_type=\"widget\" data-widget_type=\"text-editor.default\">\n\t\t\t\t<div class=\"elementor-widget-container\">\n\t\t\t\t\t\t\t\t\t<iframe title=\"YouTube video player\" src=\"https:\/\/www.youtube.com\/embed\/pXYHnExcJqE?si=LzcIVtjnjjFJxMLZ\" width=\"560\" height=\"315\" frameborder=\"0\" allowfullscreen=\"allowfullscreen\"><\/iframe>\r\n\r\nUn foyer plus flexible que vous pouvez repenser \u00e0 tout moment !\r\nPr\u00e9sentation du DELRAY Square DRSQ42. Ce foyer \u00e0 gaz flexible pr\u00e9sente un style contemporain \u00e9l\u00e9gant et un faible encombrement qui est parfait pour les nouvelles installations de construction et de r\u00e9novation avec un impact minimal sur l&#8217;espace au sol.\r\n\r\nLe DELRAY Square est un foyer \u00e0 haute efficacit\u00e9 compatible avec les maisons mobiles, pr\u00eat \u00e0 \u00eatre personnalis\u00e9 avec n&#8217;importe lequel de nos superbes ensembles de b\u00fbches ou sc\u00e8nes contemporaines. Un parement en bois combustible peut \u00eatre install\u00e9 jusqu\u2019\u00e0 l\u2019ouverture vitr\u00e9e.\r\n\r\nLe syst\u00e8me de br\u00fbleur universel est non seulement convertible du gaz naturel au propane, mais peut \u00e9galement passer des sc\u00e8nes multim\u00e9dias traditionnelles aux sc\u00e8nes contemporaines sans changer le syst\u00e8me de br\u00fbleur.\r\n\r\nLes fonctionnalit\u00e9s suppl\u00e9mentaires incluent la gestion de la chaleur , les kits de conversion au propane, les kits de garniture, et plus encore.\r\n<h2>Gestion de la chaleur<\/h2>\r\n<h3>SOLUTIONS DE MURS FROIDS<\/h3>\r\n\u00c9tant donn\u00e9 que les propri\u00e9taires d&#8217;aujourd&#8217;hui souhaitent souvent installer un t\u00e9l\u00e9viseur ou une \u0153uvre d&#8217;art au-dessus de leur foyer, la gestion de la chaleur et le maintien d&#8217;un mur frais sont une pr\u00e9occupation majeure. Les foyers \u00e0 gaz d\u00e9gagent une quantit\u00e9 consid\u00e9rable de chaleur, ce qui peut endommager les appareils \u00e9lectroniques d\u00e9licats.\u00a0C&#8217;est pourquoi Montigo propose plusieurs options de contr\u00f4le et de redirection de la chaleur.\r\n<h2>Inspiration de conception de foyers<\/h2>\r\n<h3>TENDANCES LES PLUS CHAUDES EN MATI\u00c8RE DE CONCEPTION DE FOYERS<\/h3>\r\nQue vous souhaitiez rafra\u00eechir un foyer existant avec un changement de manteau, un peu de peinture, une refonte compl\u00e8te de la conception, ou remplacer l&#8217;unit\u00e9 et cr\u00e9er un chef-d&#8217;\u0153uvre.\u00a0Il existe de nombreuses fa\u00e7ons de mettre \u00e0 niveau et une infinit\u00e9 de mat\u00e9riaux parmi lesquels choisir.\r\n<div class=\"js-fade js-fade-up js-delay-1 js-in\">\r\n\r\n<strong>Standard:<\/strong>\r\n<ul>\r\n \t<li>Br\u00fbleur universel dissimul\u00e9, contr\u00f4le manuel de la flamme haute-basse<\/li>\r\n<\/ul>\r\n<strong>Possibilit\u00e9s\u00a0:<\/strong>\r\n<ul>\r\n \t<li>Gestion de la chaleur, kit de garniture r\u00e9glable, ventilateurs t\u00e9l\u00e9command\u00e9s, \u00e9cran micro-maille, doublures traditionnelles et contemporaines, kit de conversion au propane, batterie de secours, b\u00fbches traditionnelles, sc\u00e8nes contemporaines, pierres mouchet\u00e9es, supports en verre<\/li>\r\n<\/ul>\r\n<\/div>\r\n<div class=\"js-fade js-fade-up js-delay-2 js-in\">\r\n<h3>SP\u00c9CIFICATIONS EN UN COUP D&#8217;\u0152IL\u00a0:<\/h3>\r\n<div class=\"specs-list\">\r\n<dl>\r\n \t<dt>BTU maximum (NG)<\/dt>\r\n \t<dd>32 500<\/dd>\r\n<\/dl>\r\n<dl>\r\n \t<dt>Largeur du cadre<\/dt>\r\n \t<dd>45&#8243;<\/dd>\r\n<\/dl>\r\n<dl>\r\n \t<dt>Hauteur du cadre<\/dt>\r\n \t<dd>51&#8243;<\/dd>\r\n<\/dl>\r\n<dl>\r\n \t<dt>Profondeur du cadrage<\/dt>\r\n \t<dd>22&#8243;<\/dd>\r\n<\/dl>\r\n<dl>\r\n \t<dt>Largeur d&#8217;ouverture du verre<\/dt>\r\n \t<dd>37 11\/16&#8243;<\/dd>\r\n<\/dl>\r\n<dl>\r\n \t<dt>Hauteur d&#8217;ouverture du verre<\/dt>\r\n \t<dd>26 7\/8&#8243;<\/dd>\r\n<\/dl>\r\n<dl>\r\n \t<dt>Taille de l&#8217;\u00e9vent int\u00e9rieur<\/dt>\r\n \t<dd>5<\/dd>\r\n<\/dl>\r\n<dl>\r\n \t<dt>Taille de l&#8217;\u00e9vent ext\u00e9rieur<\/dt>\r\n \t<dd>8<\/dd>\r\n<\/dl>\r\n<dl>\r\n \t<dt>Commercial<\/dt>\r\n \t<dd>Non<\/dd>\r\n<\/dl>\r\n<dl>\r\n \t<dt>Personnalisable<\/dt>\r\n \t<dd>Non<\/dd>\r\n<\/dl>\r\n<dl>\r\n \t<dt>P.4.\u00a01-15 Efficacit\u00e9 NG<\/dt>\r\n \t<dd>63,1%<\/dd>\r\n<\/dl>\r\n<dl>\r\n \t<dt>P.4.\u00a01-15 Efficacit\u00e9 LP<\/dt>\r\n \t<dd>63,0%<\/dd>\r\n<\/dl>\r\n<\/div>\r\n<\/div>\t\t\t\t\t\t\t\t<\/div>\n\t\t\t\t<\/div>\n\t\t\t\t\t<\/div>\n\t\t<\/div>\n\t\t\t\t\t<\/div>\n\t\t<\/section>\n\t\t\t\t<section class=\"elementor-section elementor-top-section elementor-element elementor-element-b0b194f elementor-section-boxed elementor-section-height-default elementor-section-height-default\" data-id=\"b0b194f\" data-element_type=\"section\">\n\t\t\t\t\t\t<div class=\"elementor-container elementor-column-gap-default\">\n\t\t\t\t\t<div class=\"elementor-column elementor-col-100 elementor-top-column elementor-element elementor-element-f6bc01d\" data-id=\"f6bc01d\" data-element_type=\"column\">\n\t\t\t<div class=\"elementor-widget-wrap elementor-element-populated\">\n\t\t\t\t\t\t<div class=\"elementor-element elementor-element-51137d4 elementor-tabs-view-horizontal elementor-widget elementor-widget-tabs\" data-id=\"51137d4\" data-element_type=\"widget\" data-widget_type=\"tabs.default\">\n\t\t\t\t<div class=\"elementor-widget-container\">\n\t\t\t\t\t\t\t<div class=\"elementor-tabs\">\n\t\t\t<div class=\"elementor-tabs-wrapper\" role=\"tablist\" >\n\t\t\t\t\t\t\t\t\t<div id=\"elementor-tab-title-8501\" class=\"elementor-tab-title elementor-tab-desktop-title\" aria-selected=\"true\" data-tab=\"1\" role=\"tab\" tabindex=\"0\" aria-controls=\"elementor-tab-content-8501\" aria-expanded=\"false\">Fichiers<\/div>\n\t\t\t\t\t\t\t<\/div>\n\t\t\t<div class=\"elementor-tabs-content-wrapper\" role=\"tablist\" aria-orientation=\"vertical\">\n\t\t\t\t\t\t\t\t\t<div class=\"elementor-tab-title elementor-tab-mobile-title\" aria-selected=\"true\" data-tab=\"1\" role=\"tab\" tabindex=\"0\" aria-controls=\"elementor-tab-content-8501\" aria-expanded=\"false\">Fichiers<\/div>\n\t\t\t\t\t<div id=\"elementor-tab-content-8501\" class=\"elementor-tab-content elementor-clearfix\" data-tab=\"1\" role=\"tabpanel\" aria-labelledby=\"elementor-tab-title-8501\" tabindex=\"0\" hidden=\"false\"><i class=\"far fa-file-pdf fa-xl\" style=\"font-size:35px\"><\/i><a href=\"https:\/\/www.belleflamme.ca\/wp-content\/uploads\/2023\/11\/XB2219FR-Montigo-Fireplaces-DelRay-Brochure.pdf\"> Brochure<\/a><\/br>\n<i class=\"far fa-file-pdf fa-xl\" style=\"font-size:35px\"><\/i><a href=\"https:\/\/www.belleflamme.ca\/wp-content\/uploads\/2023\/11\/montigo-FR-residential-fireplace-DelRay-Square-42-46-spec-sheet.pdf\">Sp\u00e9cifications<\/a><\/br>\n<i class=\"far fa-file-pdf fa-xl\" style=\"font-size:35px\"><\/i><a href=\"https:\/\/www.belleflamme.ca\/wp-content\/uploads\/2023\/11\/xg0232fr-montigo-manual-delray-square-42-46.pdf\"> Installation<\/a><\/br><\/div>\n\t\t\t\t\t\t\t<\/div>\n\t\t<\/div>\n\t\t\t\t\t\t<\/div>\n\t\t\t\t<\/div>\n\t\t\t\t\t<\/div>\n\t\t<\/div>\n\t\t\t\t\t<\/div>\n\t\t<\/section>\n\t\t\t\t<\/div>\n\t\t","protected":false},"excerpt":{"rendered":"<p>Un foyer plus flexible que vous pouvez repenser \u00e0 tout moment ! Pr\u00e9sentation du DELRAY Square DRSQ42. Ce foyer \u00e0 gaz flexible pr\u00e9sente un style contemporain \u00e9l\u00e9gant et un faible encombrement qui est parfait pour les nouvelles installations de construction et de r\u00e9novation avec un impact minimal sur l&#8217;espace au sol. Le DELRAY Square est [&hellip;]<\/p>\n","protected":false},"featured_media":22451,"template":"","meta":{"inline_featured_image":false},"product_brand":[218],"product_cat":[33,35,37],"product_tag":[],"class_list":{"0":"post-22450","1":"product","2":"type-product","3":"status-publish","4":"has-post-thumbnail","6":"product_brand-montigo","7":"product_cat-poeles-et-foyers","8":"product_cat-poeles-foyer-au-gaz","9":"product_cat-foyer-au-gaz","11":"first","12":"instock","13":"taxable","14":"shipping-taxable","15":"purchasable","16":"product-type-simple"},"yoast_head":"<!-- This site is optimized with the Yoast SEO Premium plugin v24.2 (Yoast SEO v24.2) - https:\/\/yoast.com\/wordpress\/plugins\/seo\/ -->\n<title>Foyer au Gaz Carr\u00e9 DelRay DRSQ42NI de Montigo - Groupe BelleFlamme<\/title>\n<meta name=\"description\" content=\"Foyer au Gaz Carr\u00e9 DelRay DRSQ42NI de Montigo vendu et install\u00e9 par le Groupe Belleflamme. Laval, Montr\u00e9al, Gatineau et Saint-Sauveur.\" \/>\n<meta name=\"robots\" content=\"index, follow, max-snippet:-1, max-image-preview:large, max-video-preview:-1\" \/>\n<link rel=\"canonical\" href=\"https:\/\/staging.belleflamme.ca\/fr\/produit\/foyer-au-gaz-carre-drsq42-delray-de-montigo\/\" \/>\n<meta property=\"og:locale\" content=\"fr_FR\" \/>\n<meta property=\"og:type\" content=\"article\" \/>\n<meta property=\"og:title\" content=\"Foyer au Gaz Carr\u00e9 DelRay DRSQ42NI de Montigo\" \/>\n<meta property=\"og:description\" content=\"Foyer au Gaz Carr\u00e9 DelRay DRSQ42NI de Montigo vendu et install\u00e9 par le Groupe Belleflamme. Laval, Montr\u00e9al, Gatineau et Saint-Sauveur.\" \/>\n<meta property=\"og:url\" content=\"https:\/\/staging.belleflamme.ca\/fr\/produit\/foyer-au-gaz-carre-drsq42-delray-de-montigo\/\" \/>\n<meta property=\"og:site_name\" content=\"Groupe BelleFlamme\" \/>\n<meta property=\"article:publisher\" content=\"https:\/\/www.facebook.com\/belleflamme.ca\/\" \/>\n<meta property=\"article:modified_time\" content=\"2025-04-18T19:45:06+00:00\" \/>\n<meta property=\"og:image\" content=\"https:\/\/www.belleflamme.ca\/wp-content\/uploads\/2023\/11\/Foyer-au-Gaz-Carre-DRSQ42-DelRay-de-Montigo.jpg\" \/>\n\t<meta property=\"og:image:width\" content=\"1200\" \/>\n\t<meta property=\"og:image:height\" content=\"1360\" \/>\n\t<meta property=\"og:image:type\" content=\"image\/jpeg\" \/>\n<meta name=\"twitter:card\" content=\"summary_large_image\" \/>\n<meta name=\"twitter:label1\" content=\"Prix\" \/>\n\t<meta name=\"twitter:data1\" content=\"&#036;6,075.47\" \/>\n\t<meta name=\"twitter:label2\" content=\"Disponibilit\u00e9\" \/>\n\t<meta name=\"twitter:data2\" content=\"En stock\" \/>\n<script type=\"application\/ld+json\" class=\"yoast-schema-graph\">{\"@context\":\"https:\/\/schema.org\",\"@graph\":[{\"@type\":[\"WebPage\",\"ItemPage\"],\"@id\":\"https:\/\/staging.belleflamme.ca\/fr\/produit\/foyer-au-gaz-carre-drsq42-delray-de-montigo\/\",\"url\":\"https:\/\/staging.belleflamme.ca\/fr\/produit\/foyer-au-gaz-carre-drsq42-delray-de-montigo\/\",\"name\":\"Foyer au Gaz Carr\u00e9 DelRay DRSQ42NI de Montigo - Groupe BelleFlamme\",\"isPartOf\":{\"@id\":\"https:\/\/www.belleflamme.ca\/fr\/#website\"},\"primaryImageOfPage\":{\"@id\":\"https:\/\/staging.belleflamme.ca\/fr\/produit\/foyer-au-gaz-carre-drsq42-delray-de-montigo\/#primaryimage\"},\"image\":{\"@id\":\"https:\/\/staging.belleflamme.ca\/fr\/produit\/foyer-au-gaz-carre-drsq42-delray-de-montigo\/#primaryimage\"},\"thumbnailUrl\":\"https:\/\/staging.belleflamme.ca\/wp-content\/uploads\/2023\/11\/Foyer-au-Gaz-Carre-DRSQ42-DelRay-de-Montigo.jpg\",\"datePublished\":\"2023-11-25T15:21:32+00:00\",\"dateModified\":\"2025-04-18T19:45:06+00:00\",\"description\":\"Foyer au Gaz Carr\u00e9 DelRay DRSQ42NI de Montigo vendu et install\u00e9 par le Groupe Belleflamme. Laval, Montr\u00e9al, Gatineau et Saint-Sauveur.\",\"breadcrumb\":{\"@id\":\"https:\/\/staging.belleflamme.ca\/fr\/produit\/foyer-au-gaz-carre-drsq42-delray-de-montigo\/#breadcrumb\"},\"inLanguage\":\"fr-FR\",\"potentialAction\":[{\"@type\":\"ReadAction\",\"target\":[\"https:\/\/staging.belleflamme.ca\/fr\/produit\/foyer-au-gaz-carre-drsq42-delray-de-montigo\/\"]}]},{\"@type\":\"ImageObject\",\"inLanguage\":\"fr-FR\",\"@id\":\"https:\/\/staging.belleflamme.ca\/fr\/produit\/foyer-au-gaz-carre-drsq42-delray-de-montigo\/#primaryimage\",\"url\":\"https:\/\/staging.belleflamme.ca\/wp-content\/uploads\/2023\/11\/Foyer-au-Gaz-Carre-DRSQ42-DelRay-de-Montigo.jpg\",\"contentUrl\":\"https:\/\/staging.belleflamme.ca\/wp-content\/uploads\/2023\/11\/Foyer-au-Gaz-Carre-DRSQ42-DelRay-de-Montigo.jpg\",\"width\":1200,\"height\":1360,\"caption\":\"Foyer au Gaz Carr\u00e9 DRSQ42 DelRay de Montigo\"},{\"@type\":\"BreadcrumbList\",\"@id\":\"https:\/\/staging.belleflamme.ca\/fr\/produit\/foyer-au-gaz-carre-drsq42-delray-de-montigo\/#breadcrumb\",\"itemListElement\":[{\"@type\":\"ListItem\",\"position\":1,\"name\":\"Accueil\",\"item\":\"https:\/\/www.belleflamme.ca\/fr\/\"},{\"@type\":\"ListItem\",\"position\":2,\"name\":\"Boutique\",\"item\":\"https:\/\/www.belleflamme.ca\/fr\/boutique\/\"},{\"@type\":\"ListItem\",\"position\":3,\"name\":\"Po\u00eales &amp; Foyers\",\"item\":\"https:\/\/staging.belleflamme.ca\/fr\/categories\/poeles-et-foyers\/\"},{\"@type\":\"ListItem\",\"position\":4,\"name\":\"Po\u00eale &amp; Foyer au Gaz\",\"item\":\"https:\/\/staging.belleflamme.ca\/fr\/categories\/poeles-et-foyers\/poeles-foyer-au-gaz\/\"},{\"@type\":\"ListItem\",\"position\":5,\"name\":\"Foyer au Gaz\",\"item\":\"https:\/\/staging.belleflamme.ca\/fr\/categories\/poeles-et-foyers\/poeles-foyer-au-gaz\/foyer-au-gaz\/\"},{\"@type\":\"ListItem\",\"position\":6,\"name\":\"Foyer au Gaz Carr\u00e9 DelRay DRSQ42NI de Montigo\"}]},{\"@type\":\"WebSite\",\"@id\":\"https:\/\/www.belleflamme.ca\/fr\/#website\",\"url\":\"https:\/\/www.belleflamme.ca\/fr\/\",\"name\":\"Groupe Belleflamme\",\"description\":\"La m\u00e9canique du b\u00e2timent dans le sang.\",\"publisher\":{\"@id\":\"https:\/\/www.belleflamme.ca\/fr\/#organization\"},\"potentialAction\":[{\"@type\":\"SearchAction\",\"target\":{\"@type\":\"EntryPoint\",\"urlTemplate\":\"https:\/\/www.belleflamme.ca\/fr\/?s={search_term_string}\"},\"query-input\":{\"@type\":\"PropertyValueSpecification\",\"valueRequired\":true,\"valueName\":\"search_term_string\"}}],\"inLanguage\":\"fr-FR\"},{\"@type\":[\"Organization\",\"Place\"],\"@id\":\"https:\/\/www.belleflamme.ca\/fr\/#organization\",\"name\":\"Groupe Belleflamme\",\"alternateName\":\"Belleflamme\",\"url\":\"https:\/\/www.belleflamme.ca\/fr\/\",\"logo\":{\"@type\":\"ImageObject\",\"inLanguage\":\"fr-FR\",\"@id\":\"https:\/\/www.belleflamme.ca\/fr\/#\/schema\/logo\/image\/\",\"url\":\"https:\/\/staging.belleflamme.ca\/wp-content\/uploads\/2023\/01\/og-image.jpg\",\"contentUrl\":\"https:\/\/staging.belleflamme.ca\/wp-content\/uploads\/2023\/01\/og-image.jpg\",\"width\":1200,\"height\":630,\"caption\":\"Groupe Belleflamme\"},\"image\":{\"@id\":\"https:\/\/www.belleflamme.ca\/fr\/#\/schema\/logo\/image\/\"},\"sameAs\":[\"https:\/\/www.facebook.com\/belleflamme.ca\/\",\"https:\/\/www.linkedin.com\/company\/belleflamme\/\",\"https:\/\/www.pinterest.ca\/groupebelleflamme\/\",\"https:\/\/www.instagram.com\/legroupebelleflamme\/\"],\"mainEntityOfPage\":{\"@id\":\"https:\/\/staging.belleflamme.ca\/fr\/produit\/foyer-au-gaz-carre-drsq42-delray-de-montigo\/\"}}]}<\/script>\n<meta property=\"product:brand\" content=\"Montigo\" \/>\n<meta property=\"product:price:amount\" content=\"6075.47\" \/>\n<meta property=\"product:price:currency\" content=\"CAD\" \/>\n<meta property=\"og:availability\" content=\"instock\" \/>\n<meta property=\"product:availability\" content=\"instock\" \/>\n<meta property=\"product:retailer_item_id\" content=\"MGO DRSQ42NI\" \/>\n<meta property=\"product:condition\" content=\"new\" \/>\n<!-- \/ Yoast SEO Premium plugin. -->","yoast_head_json":{"title":"Foyer au Gaz Carr\u00e9 DelRay DRSQ42NI de Montigo - Groupe BelleFlamme","description":"Foyer au Gaz Carr\u00e9 DelRay DRSQ42NI de Montigo vendu et install\u00e9 par le Groupe Belleflamme. Laval, Montr\u00e9al, Gatineau et Saint-Sauveur.","robots":{"index":"index","follow":"follow","max-snippet":"max-snippet:-1","max-image-preview":"max-image-preview:large","max-video-preview":"max-video-preview:-1"},"canonical":"https:\/\/staging.belleflamme.ca\/fr\/produit\/foyer-au-gaz-carre-drsq42-delray-de-montigo\/","og_locale":"fr_FR","og_type":"article","og_title":"Foyer au Gaz Carr\u00e9 DelRay DRSQ42NI de Montigo","og_description":"Foyer au Gaz Carr\u00e9 DelRay DRSQ42NI de Montigo vendu et install\u00e9 par le Groupe Belleflamme. Laval, Montr\u00e9al, Gatineau et Saint-Sauveur.","og_url":"https:\/\/staging.belleflamme.ca\/fr\/produit\/foyer-au-gaz-carre-drsq42-delray-de-montigo\/","og_site_name":"Groupe BelleFlamme","article_publisher":"https:\/\/www.facebook.com\/belleflamme.ca\/","article_modified_time":"2025-04-18T19:45:06+00:00","og_image":[{"width":1200,"height":1360,"url":"https:\/\/www.belleflamme.ca\/wp-content\/uploads\/2023\/11\/Foyer-au-Gaz-Carre-DRSQ42-DelRay-de-Montigo.jpg","type":"image\/jpeg"}],"twitter_card":"summary_large_image","twitter_misc":{"Prix":"&#36;6,075.47","Disponibilit\u00e9":"En stock"},"schema":{"@context":"https:\/\/schema.org","@graph":[{"@type":["WebPage","ItemPage"],"@id":"https:\/\/staging.belleflamme.ca\/fr\/produit\/foyer-au-gaz-carre-drsq42-delray-de-montigo\/","url":"https:\/\/staging.belleflamme.ca\/fr\/produit\/foyer-au-gaz-carre-drsq42-delray-de-montigo\/","name":"Foyer au Gaz Carr\u00e9 DelRay DRSQ42NI de Montigo - Groupe BelleFlamme","isPartOf":{"@id":"https:\/\/www.belleflamme.ca\/fr\/#website"},"primaryImageOfPage":{"@id":"https:\/\/staging.belleflamme.ca\/fr\/produit\/foyer-au-gaz-carre-drsq42-delray-de-montigo\/#primaryimage"},"image":{"@id":"https:\/\/staging.belleflamme.ca\/fr\/produit\/foyer-au-gaz-carre-drsq42-delray-de-montigo\/#primaryimage"},"thumbnailUrl":"https:\/\/staging.belleflamme.ca\/wp-content\/uploads\/2023\/11\/Foyer-au-Gaz-Carre-DRSQ42-DelRay-de-Montigo.jpg","datePublished":"2023-11-25T15:21:32+00:00","dateModified":"2025-04-18T19:45:06+00:00","description":"Foyer au Gaz Carr\u00e9 DelRay DRSQ42NI de Montigo vendu et install\u00e9 par le Groupe Belleflamme. Laval, Montr\u00e9al, Gatineau et Saint-Sauveur.","breadcrumb":{"@id":"https:\/\/staging.belleflamme.ca\/fr\/produit\/foyer-au-gaz-carre-drsq42-delray-de-montigo\/#breadcrumb"},"inLanguage":"fr-FR","potentialAction":[{"@type":"ReadAction","target":["https:\/\/staging.belleflamme.ca\/fr\/produit\/foyer-au-gaz-carre-drsq42-delray-de-montigo\/"]}]},{"@type":"ImageObject","inLanguage":"fr-FR","@id":"https:\/\/staging.belleflamme.ca\/fr\/produit\/foyer-au-gaz-carre-drsq42-delray-de-montigo\/#primaryimage","url":"https:\/\/staging.belleflamme.ca\/wp-content\/uploads\/2023\/11\/Foyer-au-Gaz-Carre-DRSQ42-DelRay-de-Montigo.jpg","contentUrl":"https:\/\/staging.belleflamme.ca\/wp-content\/uploads\/2023\/11\/Foyer-au-Gaz-Carre-DRSQ42-DelRay-de-Montigo.jpg","width":1200,"height":1360,"caption":"Foyer au Gaz Carr\u00e9 DRSQ42 DelRay de Montigo"},{"@type":"BreadcrumbList","@id":"https:\/\/staging.belleflamme.ca\/fr\/produit\/foyer-au-gaz-carre-drsq42-delray-de-montigo\/#breadcrumb","itemListElement":[{"@type":"ListItem","position":1,"name":"Accueil","item":"https:\/\/www.belleflamme.ca\/fr\/"},{"@type":"ListItem","position":2,"name":"Boutique","item":"https:\/\/www.belleflamme.ca\/fr\/boutique\/"},{"@type":"ListItem","position":3,"name":"Po\u00eales &amp; Foyers","item":"https:\/\/staging.belleflamme.ca\/fr\/categories\/poeles-et-foyers\/"},{"@type":"ListItem","position":4,"name":"Po\u00eale &amp; Foyer au Gaz","item":"https:\/\/staging.belleflamme.ca\/fr\/categories\/poeles-et-foyers\/poeles-foyer-au-gaz\/"},{"@type":"ListItem","position":5,"name":"Foyer au Gaz","item":"https:\/\/staging.belleflamme.ca\/fr\/categories\/poeles-et-foyers\/poeles-foyer-au-gaz\/foyer-au-gaz\/"},{"@type":"ListItem","position":6,"name":"Foyer au Gaz Carr\u00e9 DelRay DRSQ42NI de Montigo"}]},{"@type":"WebSite","@id":"https:\/\/www.belleflamme.ca\/fr\/#website","url":"https:\/\/www.belleflamme.ca\/fr\/","name":"Groupe Belleflamme","description":"La m\u00e9canique du b\u00e2timent dans le sang.","publisher":{"@id":"https:\/\/www.belleflamme.ca\/fr\/#organization"},"potentialAction":[{"@type":"SearchAction","target":{"@type":"EntryPoint","urlTemplate":"https:\/\/www.belleflamme.ca\/fr\/?s={search_term_string}"},"query-input":{"@type":"PropertyValueSpecification","valueRequired":true,"valueName":"search_term_string"}}],"inLanguage":"fr-FR"},{"@type":["Organization","Place"],"@id":"https:\/\/www.belleflamme.ca\/fr\/#organization","name":"Groupe Belleflamme","alternateName":"Belleflamme","url":"https:\/\/www.belleflamme.ca\/fr\/","logo":{"@type":"ImageObject","inLanguage":"fr-FR","@id":"https:\/\/www.belleflamme.ca\/fr\/#\/schema\/logo\/image\/","url":"https:\/\/staging.belleflamme.ca\/wp-content\/uploads\/2023\/01\/og-image.jpg","contentUrl":"https:\/\/staging.belleflamme.ca\/wp-content\/uploads\/2023\/01\/og-image.jpg","width":1200,"height":630,"caption":"Groupe Belleflamme"},"image":{"@id":"https:\/\/www.belleflamme.ca\/fr\/#\/schema\/logo\/image\/"},"sameAs":["https:\/\/www.facebook.com\/belleflamme.ca\/","https:\/\/www.linkedin.com\/company\/belleflamme\/","https:\/\/www.pinterest.ca\/groupebelleflamme\/","https:\/\/www.instagram.com\/legroupebelleflamme\/"],"mainEntityOfPage":{"@id":"https:\/\/staging.belleflamme.ca\/fr\/produit\/foyer-au-gaz-carre-drsq42-delray-de-montigo\/"}}]},"product_brand":"Montigo","product_price_amount":"6075.47","product_price_currency":"CAD","og_availability":"instock","product_availability":"instock","product_retailer_item_id":"MGO DRSQ42NI","product_condition":"new"},"_links":{"self":[{"href":"https:\/\/staging.belleflamme.ca\/fr\/wp-json\/wp\/v2\/product\/22450","targetHints":{"allow":["GET"]}}],"collection":[{"href":"https:\/\/staging.belleflamme.ca\/fr\/wp-json\/wp\/v2\/product"}],"about":[{"href":"https:\/\/staging.belleflamme.ca\/fr\/wp-json\/wp\/v2\/types\/product"}],"version-history":[{"count":6,"href":"https:\/\/staging.belleflamme.ca\/fr\/wp-json\/wp\/v2\/product\/22450\/revisions"}],"predecessor-version":[{"id":49118,"href":"https:\/\/staging.belleflamme.ca\/fr\/wp-json\/wp\/v2\/product\/22450\/revisions\/49118"}],"wp:featuredmedia":[{"embeddable":true,"href":"https:\/\/staging.belleflamme.ca\/fr\/wp-json\/wp\/v2\/media\/22451"}],"wp:attachment":[{"href":"https:\/\/staging.belleflamme.ca\/fr\/wp-json\/wp\/v2\/media?parent=22450"}],"wp:term":[{"taxonomy":"product_brand","embeddable":true,"href":"https:\/\/staging.belleflamme.ca\/fr\/wp-json\/wp\/v2\/product_brand?post=22450"},{"taxonomy":"product_cat","embeddable":true,"href":"https:\/\/staging.belleflamme.ca\/fr\/wp-json\/wp\/v2\/product_cat?post=22450"},{"taxonomy":"product_tag","embeddable":true,"href":"https:\/\/staging.belleflamme.ca\/fr\/wp-json\/wp\/v2\/product_tag?post=22450"}],"curies":[{"name":"wp","href":"https:\/\/api.w.org\/{rel}","templated":true}]}}