{"id":22193,"date":"2023-11-24T12:23:58","date_gmt":"2023-11-24T17:23:58","guid":{"rendered":"https:\/\/www.belleflamme.ca\/?post_type=product&#038;p=22193"},"modified":"2025-05-15T13:14:07","modified_gmt":"2025-05-15T17:14:07","slug":"foyer-encastrable-arque-large-flush-au-bois-nexgen-hybrid-de-fireplace-xtrordinair","status":"publish","type":"product","link":"https:\/\/staging.belleflamme.ca\/fr\/produit\/foyer-encastrable-arque-large-flush-au-bois-nexgen-hybrid-de-fireplace-xtrordinair\/","title":{"rendered":"FOYER ENCASTRABLE ARQU\u00c9 LARGE FLUSH AU BOIS NEXGEN-HYBRID\u2122 de Fireplace Xtrordinair"},"content":{"rendered":"\t\t<div data-elementor-type=\"product-post\" data-elementor-id=\"22193\" class=\"elementor elementor-22193\" data-elementor-post-type=\"product\">\n\t\t\t\t\t\t<section class=\"elementor-section elementor-top-section elementor-element elementor-element-406bac0f elementor-section-boxed elementor-section-height-default elementor-section-height-default\" data-id=\"406bac0f\" data-element_type=\"section\">\n\t\t\t\t\t\t<div class=\"elementor-container elementor-column-gap-default\">\n\t\t\t\t\t<div class=\"elementor-column elementor-col-100 elementor-top-column elementor-element elementor-element-599f156c\" data-id=\"599f156c\" data-element_type=\"column\">\n\t\t\t<div class=\"elementor-widget-wrap elementor-element-populated\">\n\t\t\t\t\t\t<div class=\"elementor-element elementor-element-7287e998 elementor-widget elementor-widget-text-editor\" data-id=\"7287e998\" data-element_type=\"widget\" data-widget_type=\"text-editor.default\">\n\t\t\t\t<div class=\"elementor-widget-container\">\n\t\t\t\t\t\t\t\t\t<iframe src=\"https:\/\/player.vimeo.com\/video\/863717318?h=120783134e\" width=\"640\" height=\"360\" frameborder=\"0\" allowfullscreen=\"allowfullscreen\"><\/iframe>\r\n\r\n&nbsp;\r\n\r\nLe grand insert NexGen-Hybrid\u2122 \u00e0 bois affleurant est une excellente option pour ceux qui cherchent \u00e0 am\u00e9liorer leur vieux foyer inefficace. Il pr\u00e9sente un design \u00e9l\u00e9gant et affleurant, une grande et belle zone de visualisation du feu et des ventilateurs de convection dissimul\u00e9s qui augmentent le transfert et la circulation de la chaleur dans toute votre maison.\r\nLa technologie NexGen-Hybrid\u2122 offre une combustion plus propre, des dur\u00e9es de combustion plus longues, une efficacit\u00e9 plus \u00e9lev\u00e9e et plus de chaleur pour votre maison. Cela fait du Large Flush Wood Insert\u2122 l\u2019un des moyens les plus efficaces et les plus rentables de chauffer votre maison.\r\nVoici quelques-uns des avantages de l&#8217;insert NexGen-Hybrid\u2122 \u00e0 bois \u00e0 grande chasse d&#8217;eau :\r\n\u2022 Moins d&#8217;\u00e9missions que les inserts de foyer au bois traditionnels. Ceci est important \u00e0 la fois pour l\u2019environnement et pour votre sant\u00e9.\r\n\u2022 Plus efficace qu&#8217;un insert de chemin\u00e9e \u00e0 bois traditionnel, ce qui signifie que vous pouvez chauffer votre maison avec moins de bois.\r\n\u2022 Des dur\u00e9es de combustion plus longues, pour que vous puissiez profiter de votre feu plus longtemps sans avoir \u00e0 ajouter plus de bois.\r\n\u2022 Profitez d&#8217;une immense fen\u00eatre avec vue sur le feu avec un feu magnifique et \u00e9quilibr\u00e9 qui r\u00e9chauffera votre maison et votre \u00e2me.\r\n\u2022 L&#8217;allumeur \u00e0 bouton-poussoir GreenStart \u00ae en option offre un moyen simple, s\u00fbr et pratique d&#8217;allumer votre feu.\r\nSi vous recherchez un moyen propre, efficace et fiable de chauffer votre maison, l&#8217;insert NexGen-Hybrid\u2122 \u00e0 bois \u00e0 grande chasse d&#8217;eau est un excellent choix.\r\nDisponible en mod\u00e8les de portes cintr\u00e9es ou rectangulaires.\r\n\r\n&nbsp;\r\n<ul>\r\n \t<li><span>Capacit\u00e9 de chauffage* : jusqu&#8217;\u00e0 2 500 pieds carr\u00e9s.<\/span><\/li>\r\n \t<li><span>Dur\u00e9e de combustion maximale : jusqu&#8217;\u00e0 12 heures.<\/span><\/li>\r\n \t<li><span>Longueur des b\u00fbches\u00a0: 24\u00a0po<\/span><\/li>\r\n \t<li><span>Plage de BTU test\u00e9e par l&#8217;EPA\u00a0: 17\u00a0900 \u00e0 66\u00a0736 BTU par heure<\/span><\/li>\r\n \t<li><span>BTU de bois de corde\u00a0: 18\u00a0000 \u00e0 67\u00a0000 BTU par heure<\/span><\/li>\r\n \t<li><span>BTU en bois pour lit de b\u00e9b\u00e9\u00a0: 11\u00a0162 \u00e0 39\u00a0875 BTU par heure<\/span><\/li>\r\n \t<li><span>\u00c9missions\u00a0: 0,8 grammes\/heure.\u00a0(Bois de corde)<\/span><\/li>\r\n \t<li><span>Efficacit\u00e9 globale des PCS\u00a0:** Jusqu&#8217;\u00e0 77,8\u00a0%<\/span><\/li>\r\n \t<li><span>Foyer\u00a0: 3,0 pieds cubes.<\/span><\/li>\r\n \t<li><span>Zone de visualisation en verre\u00a0: 24-1\/2&#8243; L x 13&#8243; H (307 po\u00b2. Arch, 319 Rect.)<\/span><\/li>\r\n<\/ul>\r\n<em><span>* La capacit\u00e9 de chauffage peut varier en fonction du degr\u00e9 d&#8217;isolation de la maison, du plan d&#8217;\u00e9tage et de la zone de temp\u00e9rature ambiante de la zone o\u00f9 vous habitez.<\/span><\/em>\r\n<em><span>**Tel que test\u00e9 selon B-415.1 en utilisant Cord Wood.\u00a0HHV = Pouvoir Calorifique \u00c9lev\u00e9<\/span><\/em>\r\n\r\n<img decoding=\"async\" src=\"https:\/\/www.fireplacex.com\/wp-content\/uploads\/LrgFWINNGH_MinReq.jpg\" \/>\r\n\r\n<img decoding=\"async\" src=\"https:\/\/www.fireplacex.com\/wp-content\/uploads\/LrgFWINNGH_InPlace.jpg\" \/>\r\n\r\n<img decoding=\"async\" src=\"https:\/\/www.fireplacex.com\/wp-content\/uploads\/LrgFWINNGH_Dim.jpg\" \/>\t\t\t\t\t\t\t\t<\/div>\n\t\t\t\t<\/div>\n\t\t\t\t\t<\/div>\n\t\t<\/div>\n\t\t\t\t\t<\/div>\n\t\t<\/section>\n\t\t\t\t<section class=\"elementor-section elementor-top-section elementor-element elementor-element-a25a820 elementor-section-boxed elementor-section-height-default elementor-section-height-default\" data-id=\"a25a820\" data-element_type=\"section\">\n\t\t\t\t\t\t<div class=\"elementor-container elementor-column-gap-default\">\n\t\t\t\t\t<div class=\"elementor-column elementor-col-100 elementor-top-column elementor-element elementor-element-99d934f\" data-id=\"99d934f\" data-element_type=\"column\">\n\t\t\t<div class=\"elementor-widget-wrap elementor-element-populated\">\n\t\t\t\t\t\t<div class=\"elementor-element elementor-element-dda5301 elementor-tabs-view-horizontal elementor-widget elementor-widget-tabs\" data-id=\"dda5301\" data-element_type=\"widget\" data-widget_type=\"tabs.default\">\n\t\t\t\t<div class=\"elementor-widget-container\">\n\t\t\t\t\t\t\t<div class=\"elementor-tabs\">\n\t\t\t<div class=\"elementor-tabs-wrapper\" role=\"tablist\" >\n\t\t\t\t\t\t\t\t\t<div id=\"elementor-tab-title-2321\" class=\"elementor-tab-title elementor-tab-desktop-title\" aria-selected=\"true\" data-tab=\"1\" role=\"tab\" tabindex=\"0\" aria-controls=\"elementor-tab-content-2321\" aria-expanded=\"false\">Fichiers<\/div>\n\t\t\t\t\t\t\t<\/div>\n\t\t\t<div class=\"elementor-tabs-content-wrapper\" role=\"tablist\" aria-orientation=\"vertical\">\n\t\t\t\t\t\t\t\t\t<div class=\"elementor-tab-title elementor-tab-mobile-title\" aria-selected=\"true\" data-tab=\"1\" role=\"tab\" tabindex=\"0\" aria-controls=\"elementor-tab-content-2321\" aria-expanded=\"false\">Fichiers<\/div>\n\t\t\t\t\t<div id=\"elementor-tab-content-2321\" class=\"elementor-tab-content elementor-clearfix\" data-tab=\"1\" role=\"tabpanel\" aria-labelledby=\"elementor-tab-title-2321\" tabindex=\"0\" hidden=\"false\"><i class=\"far fa-file-pdf fa-xl\" style=\"font-size:35px\"><\/i><a href=\"https:\/\/www.belleflamme.ca\/wp-content\/uploads\/2023\/11\/98801097.pdf\"> Flyer<\/a><\/br>\n<i class=\"far fa-file-pdf fa-xl\" style=\"font-size:35px\"><\/i><a href=\"https:\/\/www.belleflamme.ca\/wp-content\/uploads\/2023\/11\/100-01573.pdf\"> Manuel<\/a><\/br>\n<i class=\"far fa-file-pdf fa-xl\" style=\"font-size:35px\"><\/i><a href=\"https:\/\/www.belleflamme.ca\/wp-content\/uploads\/2023\/11\/17602177.pdf\"> Aide M\u00e9moire<\/a><\/br>\n<i class=\"far fa-file-pdf fa-xl\" style=\"font-size:35px\"><\/i><a href=\"https:\/\/www.belleflamme.ca\/wp-content\/uploads\/2023\/11\/17601728.pdf\"> Pi\u00e8ces de remplacement<\/a><\/br>\n<i class=\"far fa-file-pdf fa-xl\" style=\"font-size:35px\"><\/i><a href=\"https:\/\/www.belleflamme.ca\/wp-content\/uploads\/2023\/11\/Firebrick_LargeFlush.pdf\"> Bon de commande<\/a><\/br>\n<i class=\"far fa-file-pdf fa-xl\" style=\"font-size:35px\"><\/i><a href=\"https:\/\/www.belleflamme.ca\/wp-content\/uploads\/2023\/11\/Install_guide_insert.pdf\"> Feuille de travail d&#8217;installation<\/a><\/br><\/div>\n\t\t\t\t\t\t\t<\/div>\n\t\t<\/div>\n\t\t\t\t\t\t<\/div>\n\t\t\t\t<\/div>\n\t\t\t\t\t<\/div>\n\t\t<\/div>\n\t\t\t\t\t<\/div>\n\t\t<\/section>\n\t\t\t\t<\/div>\n\t\t","protected":false},"excerpt":{"rendered":"<p>Le grand insert NexGen-Hybrid\u2122 \u00e0 bois affleurant est une excellente option pour ceux qui cherchent \u00e0 am\u00e9liorer leur vieux foyer inefficace. Il pr\u00e9sente un design \u00e9l\u00e9gant et affleurant, une grande et belle zone de visualisation du feu et des ventilateurs de convection dissimul\u00e9s qui augmentent le transfert et la circulation de la chaleur dans toute [&hellip;]<\/p>\n","protected":false},"featured_media":22194,"template":"","meta":{"inline_featured_image":false},"product_brand":[236],"product_cat":[33,34,42],"product_tag":[],"class_list":{"0":"post-22193","1":"product","2":"type-product","3":"status-publish","4":"has-post-thumbnail","6":"product_brand-fireplaces-xtrordinair","7":"product_cat-poeles-et-foyers","8":"product_cat-poeles-et-foyers-au-bois","9":"product_cat-encastrables-au-bois","11":"first","12":"instock","13":"taxable","14":"shipping-taxable","15":"purchasable","16":"product-type-simple"},"yoast_head":"<!-- This site is optimized with the Yoast SEO Premium plugin v24.2 (Yoast SEO v24.2) - https:\/\/yoast.com\/wordpress\/plugins\/seo\/ -->\n<title>FOYER ENCASTRABLE ARQU\u00c9 LARGE FLUSH AU BOIS NEXGEN-HYBRID\u2122 de Fireplace Xtrordinair - Groupe BelleFlamme<\/title>\n<meta name=\"description\" content=\"FOYER ENCASTRABLE ARQU\u00c9 LARGE FLUSH AU BOIS NEXGEN-HYBRID\u2122 de Fireplace Xtrordinair vendu et install\u00e9 par le Groupe Belleflamme. Laval, Montr\u00e9al, Gatineau, Drummondville et Saint-Sauveur.\" \/>\n<meta name=\"robots\" content=\"index, follow, max-snippet:-1, max-image-preview:large, max-video-preview:-1\" \/>\n<link rel=\"canonical\" href=\"https:\/\/staging.belleflamme.ca\/fr\/produit\/foyer-encastrable-arque-large-flush-au-bois-nexgen-hybrid-de-fireplace-xtrordinair\/\" \/>\n<meta property=\"og:locale\" content=\"fr_FR\" \/>\n<meta property=\"og:type\" content=\"article\" \/>\n<meta property=\"og:title\" content=\"FOYER ENCASTRABLE ARQU\u00c9 LARGE FLUSH AU BOIS NEXGEN-HYBRID\u2122 de Fireplace Xtrordinair\" \/>\n<meta property=\"og:description\" content=\"FOYER ENCASTRABLE ARQU\u00c9 LARGE FLUSH AU BOIS NEXGEN-HYBRID\u2122 de Fireplace Xtrordinair vendu et install\u00e9 par le Groupe Belleflamme. Laval, Montr\u00e9al, Gatineau, Drummondville et Saint-Sauveur.\" \/>\n<meta property=\"og:url\" content=\"https:\/\/staging.belleflamme.ca\/fr\/produit\/foyer-encastrable-arque-large-flush-au-bois-nexgen-hybrid-de-fireplace-xtrordinair\/\" \/>\n<meta property=\"og:site_name\" content=\"Groupe BelleFlamme\" \/>\n<meta property=\"article:publisher\" content=\"https:\/\/www.facebook.com\/belleflamme.ca\/\" \/>\n<meta property=\"article:modified_time\" content=\"2025-05-15T17:14:07+00:00\" \/>\n<meta property=\"og:image\" content=\"https:\/\/www.belleflamme.ca\/wp-content\/uploads\/2023\/11\/FOYER-ENCASTRABLE-ARQUE-LARGE-FLUSH-AU-BOIS-NEXGEN-HYBRID\u2122-de-Fireplace-Xtrordinair.jpg\" \/>\n\t<meta property=\"og:image:width\" content=\"800\" \/>\n\t<meta property=\"og:image:height\" content=\"600\" \/>\n\t<meta property=\"og:image:type\" content=\"image\/jpeg\" \/>\n<meta name=\"twitter:card\" content=\"summary_large_image\" \/>\n<meta name=\"twitter:label1\" content=\"Prix\" \/>\n\t<meta name=\"twitter:data1\" content=\"&#036;6,900.00\" \/>\n\t<meta name=\"twitter:label2\" content=\"Disponibilit\u00e9\" \/>\n\t<meta name=\"twitter:data2\" content=\"En stock\" \/>\n<script type=\"application\/ld+json\" class=\"yoast-schema-graph\">{\"@context\":\"https:\/\/schema.org\",\"@graph\":[{\"@type\":[\"WebPage\",\"ItemPage\"],\"@id\":\"https:\/\/staging.belleflamme.ca\/fr\/produit\/foyer-encastrable-arque-large-flush-au-bois-nexgen-hybrid-de-fireplace-xtrordinair\/\",\"url\":\"https:\/\/staging.belleflamme.ca\/fr\/produit\/foyer-encastrable-arque-large-flush-au-bois-nexgen-hybrid-de-fireplace-xtrordinair\/\",\"name\":\"FOYER ENCASTRABLE ARQU\u00c9 LARGE FLUSH AU BOIS NEXGEN-HYBRID\u2122 de Fireplace Xtrordinair - Groupe BelleFlamme\",\"isPartOf\":{\"@id\":\"https:\/\/www.belleflamme.ca\/fr\/#website\"},\"primaryImageOfPage\":{\"@id\":\"https:\/\/staging.belleflamme.ca\/fr\/produit\/foyer-encastrable-arque-large-flush-au-bois-nexgen-hybrid-de-fireplace-xtrordinair\/#primaryimage\"},\"image\":{\"@id\":\"https:\/\/staging.belleflamme.ca\/fr\/produit\/foyer-encastrable-arque-large-flush-au-bois-nexgen-hybrid-de-fireplace-xtrordinair\/#primaryimage\"},\"thumbnailUrl\":\"https:\/\/staging.belleflamme.ca\/wp-content\/uploads\/2023\/11\/FOYER-ENCASTRABLE-ARQUE-LARGE-FLUSH-AU-BOIS-NEXGEN-HYBRID\u2122-de-Fireplace-Xtrordinair.jpg\",\"datePublished\":\"2023-11-24T17:23:58+00:00\",\"dateModified\":\"2025-05-15T17:14:07+00:00\",\"description\":\"FOYER ENCASTRABLE ARQU\u00c9 LARGE FLUSH AU BOIS NEXGEN-HYBRID\u2122 de Fireplace Xtrordinair [get_meta_en_fr]\",\"breadcrumb\":{\"@id\":\"https:\/\/staging.belleflamme.ca\/fr\/produit\/foyer-encastrable-arque-large-flush-au-bois-nexgen-hybrid-de-fireplace-xtrordinair\/#breadcrumb\"},\"inLanguage\":\"fr-FR\",\"potentialAction\":[{\"@type\":\"ReadAction\",\"target\":[\"https:\/\/staging.belleflamme.ca\/fr\/produit\/foyer-encastrable-arque-large-flush-au-bois-nexgen-hybrid-de-fireplace-xtrordinair\/\"]}]},{\"@type\":\"ImageObject\",\"inLanguage\":\"fr-FR\",\"@id\":\"https:\/\/staging.belleflamme.ca\/fr\/produit\/foyer-encastrable-arque-large-flush-au-bois-nexgen-hybrid-de-fireplace-xtrordinair\/#primaryimage\",\"url\":\"https:\/\/staging.belleflamme.ca\/wp-content\/uploads\/2023\/11\/FOYER-ENCASTRABLE-ARQUE-LARGE-FLUSH-AU-BOIS-NEXGEN-HYBRID\u2122-de-Fireplace-Xtrordinair.jpg\",\"contentUrl\":\"https:\/\/staging.belleflamme.ca\/wp-content\/uploads\/2023\/11\/FOYER-ENCASTRABLE-ARQUE-LARGE-FLUSH-AU-BOIS-NEXGEN-HYBRID\u2122-de-Fireplace-Xtrordinair.jpg\",\"width\":800,\"height\":600,\"caption\":\"FOYER ENCASTRABLE ARQU\u00c9 LARGE FLUSH AU BOIS NEXGEN-HYBRID\u2122 de Fireplace Xtrordinair\"},{\"@type\":\"BreadcrumbList\",\"@id\":\"https:\/\/staging.belleflamme.ca\/fr\/produit\/foyer-encastrable-arque-large-flush-au-bois-nexgen-hybrid-de-fireplace-xtrordinair\/#breadcrumb\",\"itemListElement\":[{\"@type\":\"ListItem\",\"position\":1,\"name\":\"Accueil\",\"item\":\"https:\/\/www.belleflamme.ca\/fr\/\"},{\"@type\":\"ListItem\",\"position\":2,\"name\":\"Boutique\",\"item\":\"https:\/\/www.belleflamme.ca\/fr\/boutique\/\"},{\"@type\":\"ListItem\",\"position\":3,\"name\":\"Po\u00eales &amp; Foyers\",\"item\":\"https:\/\/staging.belleflamme.ca\/fr\/categories\/poeles-et-foyers\/\"},{\"@type\":\"ListItem\",\"position\":4,\"name\":\"Po\u00eales &amp; Foyers au Bois\",\"item\":\"https:\/\/staging.belleflamme.ca\/fr\/categories\/poeles-et-foyers\/poeles-et-foyers-au-bois\/\"},{\"@type\":\"ListItem\",\"position\":5,\"name\":\"Encastrables au Bois\",\"item\":\"https:\/\/staging.belleflamme.ca\/fr\/categories\/poeles-et-foyers\/poeles-et-foyers-au-bois\/encastrables-au-bois\/\"},{\"@type\":\"ListItem\",\"position\":6,\"name\":\"FOYER ENCASTRABLE ARQU\u00c9 LARGE FLUSH AU BOIS NEXGEN-HYBRID\u2122 de Fireplace Xtrordinair\"}]},{\"@type\":\"WebSite\",\"@id\":\"https:\/\/www.belleflamme.ca\/fr\/#website\",\"url\":\"https:\/\/www.belleflamme.ca\/fr\/\",\"name\":\"Groupe Belleflamme\",\"description\":\"La m\u00e9canique du b\u00e2timent dans le sang.\",\"publisher\":{\"@id\":\"https:\/\/www.belleflamme.ca\/fr\/#organization\"},\"potentialAction\":[{\"@type\":\"SearchAction\",\"target\":{\"@type\":\"EntryPoint\",\"urlTemplate\":\"https:\/\/www.belleflamme.ca\/fr\/?s={search_term_string}\"},\"query-input\":{\"@type\":\"PropertyValueSpecification\",\"valueRequired\":true,\"valueName\":\"search_term_string\"}}],\"inLanguage\":\"fr-FR\"},{\"@type\":[\"Organization\",\"Place\"],\"@id\":\"https:\/\/www.belleflamme.ca\/fr\/#organization\",\"name\":\"Groupe Belleflamme\",\"alternateName\":\"Belleflamme\",\"url\":\"https:\/\/www.belleflamme.ca\/fr\/\",\"logo\":{\"@type\":\"ImageObject\",\"inLanguage\":\"fr-FR\",\"@id\":\"https:\/\/www.belleflamme.ca\/fr\/#\/schema\/logo\/image\/\",\"url\":\"https:\/\/staging.belleflamme.ca\/wp-content\/uploads\/2023\/01\/og-image.jpg\",\"contentUrl\":\"https:\/\/staging.belleflamme.ca\/wp-content\/uploads\/2023\/01\/og-image.jpg\",\"width\":1200,\"height\":630,\"caption\":\"Groupe Belleflamme\"},\"image\":{\"@id\":\"https:\/\/www.belleflamme.ca\/fr\/#\/schema\/logo\/image\/\"},\"sameAs\":[\"https:\/\/www.facebook.com\/belleflamme.ca\/\",\"https:\/\/www.linkedin.com\/company\/belleflamme\/\",\"https:\/\/www.pinterest.ca\/groupebelleflamme\/\",\"https:\/\/www.instagram.com\/legroupebelleflamme\/\"],\"mainEntityOfPage\":{\"@id\":\"https:\/\/staging.belleflamme.ca\/fr\/produit\/foyer-encastrable-arque-large-flush-au-bois-nexgen-hybrid-de-fireplace-xtrordinair\/\"}}]}<\/script>\n<meta property=\"product:brand\" content=\"Fireplaces Xtrordinair\" \/>\n<meta property=\"product:price:amount\" content=\"6900.00\" \/>\n<meta property=\"product:price:currency\" content=\"CAD\" \/>\n<meta property=\"og:availability\" content=\"instock\" \/>\n<meta property=\"product:availability\" content=\"instock\" \/>\n<meta property=\"product:retailer_item_id\" content=\"99800129\" \/>\n<meta property=\"product:condition\" content=\"new\" \/>\n<!-- \/ Yoast SEO Premium plugin. -->","yoast_head_json":{"title":"FOYER ENCASTRABLE ARQU\u00c9 LARGE FLUSH AU BOIS NEXGEN-HYBRID\u2122 de Fireplace Xtrordinair - Groupe BelleFlamme","description":"FOYER ENCASTRABLE ARQU\u00c9 LARGE FLUSH AU BOIS NEXGEN-HYBRID\u2122 de Fireplace Xtrordinair vendu et install\u00e9 par le Groupe Belleflamme. Laval, Montr\u00e9al, Gatineau, Drummondville et Saint-Sauveur.","robots":{"index":"index","follow":"follow","max-snippet":"max-snippet:-1","max-image-preview":"max-image-preview:large","max-video-preview":"max-video-preview:-1"},"canonical":"https:\/\/staging.belleflamme.ca\/fr\/produit\/foyer-encastrable-arque-large-flush-au-bois-nexgen-hybrid-de-fireplace-xtrordinair\/","og_locale":"fr_FR","og_type":"article","og_title":"FOYER ENCASTRABLE ARQU\u00c9 LARGE FLUSH AU BOIS NEXGEN-HYBRID\u2122 de Fireplace Xtrordinair","og_description":"FOYER ENCASTRABLE ARQU\u00c9 LARGE FLUSH AU BOIS NEXGEN-HYBRID\u2122 de Fireplace Xtrordinair vendu et install\u00e9 par le Groupe Belleflamme. Laval, Montr\u00e9al, Gatineau, Drummondville et Saint-Sauveur.","og_url":"https:\/\/staging.belleflamme.ca\/fr\/produit\/foyer-encastrable-arque-large-flush-au-bois-nexgen-hybrid-de-fireplace-xtrordinair\/","og_site_name":"Groupe BelleFlamme","article_publisher":"https:\/\/www.facebook.com\/belleflamme.ca\/","article_modified_time":"2025-05-15T17:14:07+00:00","og_image":[{"width":800,"height":600,"url":"https:\/\/www.belleflamme.ca\/wp-content\/uploads\/2023\/11\/FOYER-ENCASTRABLE-ARQUE-LARGE-FLUSH-AU-BOIS-NEXGEN-HYBRID\u2122-de-Fireplace-Xtrordinair.jpg","type":"image\/jpeg"}],"twitter_card":"summary_large_image","twitter_misc":{"Prix":"&#36;6,900.00","Disponibilit\u00e9":"En stock"},"schema":{"@context":"https:\/\/schema.org","@graph":[{"@type":["WebPage","ItemPage"],"@id":"https:\/\/staging.belleflamme.ca\/fr\/produit\/foyer-encastrable-arque-large-flush-au-bois-nexgen-hybrid-de-fireplace-xtrordinair\/","url":"https:\/\/staging.belleflamme.ca\/fr\/produit\/foyer-encastrable-arque-large-flush-au-bois-nexgen-hybrid-de-fireplace-xtrordinair\/","name":"FOYER ENCASTRABLE ARQU\u00c9 LARGE FLUSH AU BOIS NEXGEN-HYBRID\u2122 de Fireplace Xtrordinair - Groupe BelleFlamme","isPartOf":{"@id":"https:\/\/www.belleflamme.ca\/fr\/#website"},"primaryImageOfPage":{"@id":"https:\/\/staging.belleflamme.ca\/fr\/produit\/foyer-encastrable-arque-large-flush-au-bois-nexgen-hybrid-de-fireplace-xtrordinair\/#primaryimage"},"image":{"@id":"https:\/\/staging.belleflamme.ca\/fr\/produit\/foyer-encastrable-arque-large-flush-au-bois-nexgen-hybrid-de-fireplace-xtrordinair\/#primaryimage"},"thumbnailUrl":"https:\/\/staging.belleflamme.ca\/wp-content\/uploads\/2023\/11\/FOYER-ENCASTRABLE-ARQUE-LARGE-FLUSH-AU-BOIS-NEXGEN-HYBRID\u2122-de-Fireplace-Xtrordinair.jpg","datePublished":"2023-11-24T17:23:58+00:00","dateModified":"2025-05-15T17:14:07+00:00","description":"FOYER ENCASTRABLE ARQU\u00c9 LARGE FLUSH AU BOIS NEXGEN-HYBRID\u2122 de Fireplace Xtrordinair [get_meta_en_fr]","breadcrumb":{"@id":"https:\/\/staging.belleflamme.ca\/fr\/produit\/foyer-encastrable-arque-large-flush-au-bois-nexgen-hybrid-de-fireplace-xtrordinair\/#breadcrumb"},"inLanguage":"fr-FR","potentialAction":[{"@type":"ReadAction","target":["https:\/\/staging.belleflamme.ca\/fr\/produit\/foyer-encastrable-arque-large-flush-au-bois-nexgen-hybrid-de-fireplace-xtrordinair\/"]}]},{"@type":"ImageObject","inLanguage":"fr-FR","@id":"https:\/\/staging.belleflamme.ca\/fr\/produit\/foyer-encastrable-arque-large-flush-au-bois-nexgen-hybrid-de-fireplace-xtrordinair\/#primaryimage","url":"https:\/\/staging.belleflamme.ca\/wp-content\/uploads\/2023\/11\/FOYER-ENCASTRABLE-ARQUE-LARGE-FLUSH-AU-BOIS-NEXGEN-HYBRID\u2122-de-Fireplace-Xtrordinair.jpg","contentUrl":"https:\/\/staging.belleflamme.ca\/wp-content\/uploads\/2023\/11\/FOYER-ENCASTRABLE-ARQUE-LARGE-FLUSH-AU-BOIS-NEXGEN-HYBRID\u2122-de-Fireplace-Xtrordinair.jpg","width":800,"height":600,"caption":"FOYER ENCASTRABLE ARQU\u00c9 LARGE FLUSH AU BOIS NEXGEN-HYBRID\u2122 de Fireplace Xtrordinair"},{"@type":"BreadcrumbList","@id":"https:\/\/staging.belleflamme.ca\/fr\/produit\/foyer-encastrable-arque-large-flush-au-bois-nexgen-hybrid-de-fireplace-xtrordinair\/#breadcrumb","itemListElement":[{"@type":"ListItem","position":1,"name":"Accueil","item":"https:\/\/www.belleflamme.ca\/fr\/"},{"@type":"ListItem","position":2,"name":"Boutique","item":"https:\/\/www.belleflamme.ca\/fr\/boutique\/"},{"@type":"ListItem","position":3,"name":"Po\u00eales &amp; Foyers","item":"https:\/\/staging.belleflamme.ca\/fr\/categories\/poeles-et-foyers\/"},{"@type":"ListItem","position":4,"name":"Po\u00eales &amp; Foyers au Bois","item":"https:\/\/staging.belleflamme.ca\/fr\/categories\/poeles-et-foyers\/poeles-et-foyers-au-bois\/"},{"@type":"ListItem","position":5,"name":"Encastrables au Bois","item":"https:\/\/staging.belleflamme.ca\/fr\/categories\/poeles-et-foyers\/poeles-et-foyers-au-bois\/encastrables-au-bois\/"},{"@type":"ListItem","position":6,"name":"FOYER ENCASTRABLE ARQU\u00c9 LARGE FLUSH AU BOIS NEXGEN-HYBRID\u2122 de Fireplace Xtrordinair"}]},{"@type":"WebSite","@id":"https:\/\/www.belleflamme.ca\/fr\/#website","url":"https:\/\/www.belleflamme.ca\/fr\/","name":"Groupe Belleflamme","description":"La m\u00e9canique du b\u00e2timent dans le sang.","publisher":{"@id":"https:\/\/www.belleflamme.ca\/fr\/#organization"},"potentialAction":[{"@type":"SearchAction","target":{"@type":"EntryPoint","urlTemplate":"https:\/\/www.belleflamme.ca\/fr\/?s={search_term_string}"},"query-input":{"@type":"PropertyValueSpecification","valueRequired":true,"valueName":"search_term_string"}}],"inLanguage":"fr-FR"},{"@type":["Organization","Place"],"@id":"https:\/\/www.belleflamme.ca\/fr\/#organization","name":"Groupe Belleflamme","alternateName":"Belleflamme","url":"https:\/\/www.belleflamme.ca\/fr\/","logo":{"@type":"ImageObject","inLanguage":"fr-FR","@id":"https:\/\/www.belleflamme.ca\/fr\/#\/schema\/logo\/image\/","url":"https:\/\/staging.belleflamme.ca\/wp-content\/uploads\/2023\/01\/og-image.jpg","contentUrl":"https:\/\/staging.belleflamme.ca\/wp-content\/uploads\/2023\/01\/og-image.jpg","width":1200,"height":630,"caption":"Groupe Belleflamme"},"image":{"@id":"https:\/\/www.belleflamme.ca\/fr\/#\/schema\/logo\/image\/"},"sameAs":["https:\/\/www.facebook.com\/belleflamme.ca\/","https:\/\/www.linkedin.com\/company\/belleflamme\/","https:\/\/www.pinterest.ca\/groupebelleflamme\/","https:\/\/www.instagram.com\/legroupebelleflamme\/"],"mainEntityOfPage":{"@id":"https:\/\/staging.belleflamme.ca\/fr\/produit\/foyer-encastrable-arque-large-flush-au-bois-nexgen-hybrid-de-fireplace-xtrordinair\/"}}]},"product_brand":"Fireplaces Xtrordinair","product_price_amount":"6900.00","product_price_currency":"CAD","og_availability":"instock","product_availability":"instock","product_retailer_item_id":"99800129","product_condition":"new"},"_links":{"self":[{"href":"https:\/\/staging.belleflamme.ca\/fr\/wp-json\/wp\/v2\/product\/22193","targetHints":{"allow":["GET"]}}],"collection":[{"href":"https:\/\/staging.belleflamme.ca\/fr\/wp-json\/wp\/v2\/product"}],"about":[{"href":"https:\/\/staging.belleflamme.ca\/fr\/wp-json\/wp\/v2\/types\/product"}],"version-history":[{"count":5,"href":"https:\/\/staging.belleflamme.ca\/fr\/wp-json\/wp\/v2\/product\/22193\/revisions"}],"predecessor-version":[{"id":43288,"href":"https:\/\/staging.belleflamme.ca\/fr\/wp-json\/wp\/v2\/product\/22193\/revisions\/43288"}],"wp:featuredmedia":[{"embeddable":true,"href":"https:\/\/staging.belleflamme.ca\/fr\/wp-json\/wp\/v2\/media\/22194"}],"wp:attachment":[{"href":"https:\/\/staging.belleflamme.ca\/fr\/wp-json\/wp\/v2\/media?parent=22193"}],"wp:term":[{"taxonomy":"product_brand","embeddable":true,"href":"https:\/\/staging.belleflamme.ca\/fr\/wp-json\/wp\/v2\/product_brand?post=22193"},{"taxonomy":"product_cat","embeddable":true,"href":"https:\/\/staging.belleflamme.ca\/fr\/wp-json\/wp\/v2\/product_cat?post=22193"},{"taxonomy":"product_tag","embeddable":true,"href":"https:\/\/staging.belleflamme.ca\/fr\/wp-json\/wp\/v2\/product_tag?post=22193"}],"curies":[{"name":"wp","href":"https:\/\/api.w.org\/{rel}","templated":true}]}}