{"id":22125,"date":"2023-11-24T11:24:28","date_gmt":"2023-11-24T16:24:28","guid":{"rendered":"https:\/\/www.belleflamme.ca\/?post_type=product&#038;p=22125"},"modified":"2025-05-15T13:40:22","modified_gmt":"2025-05-15T17:40:22","slug":"probuilder-72-linear-deluxe-fireplace-xtrordinair","status":"publish","type":"product","link":"https:\/\/staging.belleflamme.ca\/fr\/produit\/probuilder-72-linear-deluxe-fireplace-xtrordinair\/","title":{"rendered":"PROBUILDER 72 LINEAR DELUXE Fireplace Xtrordinair"},"content":{"rendered":"\t\t<div data-elementor-type=\"product-post\" data-elementor-id=\"22125\" class=\"elementor elementor-22125\" data-elementor-post-type=\"product\">\n\t\t\t\t\t\t<section class=\"elementor-section elementor-top-section elementor-element elementor-element-2ee3f44e elementor-section-boxed elementor-section-height-default elementor-section-height-default\" data-id=\"2ee3f44e\" data-element_type=\"section\">\n\t\t\t\t\t\t<div class=\"elementor-container elementor-column-gap-default\">\n\t\t\t\t\t<div class=\"elementor-column elementor-col-100 elementor-top-column elementor-element elementor-element-1b0e40b5\" data-id=\"1b0e40b5\" data-element_type=\"column\">\n\t\t\t<div class=\"elementor-widget-wrap elementor-element-populated\">\n\t\t\t\t\t\t<div class=\"elementor-element elementor-element-430ab9d6 elementor-widget elementor-widget-text-editor\" data-id=\"430ab9d6\" data-element_type=\"widget\" data-widget_type=\"text-editor.default\">\n\t\t\t\t<div class=\"elementor-widget-container\">\n\t\t\t\t\t\t\t\t\t<iframe src=\"https:\/\/player.vimeo.com\/video\/592815270?h=4620671a99\" width=\"640\" height=\"360\" frameborder=\"0\" allowfullscreen=\"allowfullscreen\"><\/iframe>\r\n\r\n&nbsp;\r\n\r\nLes grands espaces pr\u00eats pour une d\u00e9claration dynamique sont parfaitement adapt\u00e9s \u00e0 l&#8217;impressionnant ProBuilder 72 Linear. En tant que plus grand mod\u00e8le de notre gamme, ce mod\u00e8le est dot\u00e9 d&#8217;un verre de 72&#8243; de large sur 15&#8243; de haut et d&#8217;une excellente chaleur zonale \u00e0 un prix avantageux, sans compromettre la qualit\u00e9 ou la beaut\u00e9. Ce mod\u00e8le Deluxe comprend des caract\u00e9ristiques de performance am\u00e9lior\u00e9es et des choix esth\u00e9tiques, tels que la t\u00e9l\u00e9commande GreenSmart \u00ae , un ventilateur de convection \u00e0 vitesse variable de 180 CFM et des lumi\u00e8res d&#8217;accentuation sous-\u00e9clair\u00e9es qui \u00e9clairent le lit multim\u00e9dia en verre.\r\n<ul>\r\n \t<li><span>Capacit\u00e9 de chauffage* : jusqu&#8217;\u00e0 2 250 pieds carr\u00e9s.<\/span><\/li>\r\n \t<li><span>BTU\/heure.\u00a0Entr\u00e9e (NG\/LP) : 23 000 \u00e0 45 000 (r\u00e9duction de 50 %)<\/span><\/li>\r\n \t<li><span>Efficacit\u00e9 P4\u00a0: 68\u00a0% (NG) 66,23\u00a0% (LP)<\/span><\/li>\r\n \t<li><span>Efficacit\u00e9 en r\u00e9gime permanent\u00a0: jusqu&#8217;\u00e0 73,34 (NG) jusqu&#8217;\u00e0 75,80 (LP)<\/span><\/li>\r\n \t<li><span>Poids : 275 livres.\u00a0(125 kg).<\/span><\/li>\r\n \t<li><span>Zone de visualisation du verre : verre tremp\u00e9, 70-3\/8&#8243; de largeur x 13-5\/8&#8243; de hauteur, 959 pouces carr\u00e9s.<\/span><\/li>\r\n<\/ul>\r\n<img decoding=\"async\" src=\"https:\/\/www.fireplacex.com\/wp-content\/uploads\/72PB_INSTALL_ANEW-1.jpg\" \/>\r\n\r\n<img decoding=\"async\" src=\"https:\/\/www.fireplacex.com\/wp-content\/uploads\/72PB_INSTALL_B.jpg\" \/>\r\n\r\n<img decoding=\"async\" src=\"https:\/\/www.fireplacex.com\/wp-content\/uploads\/72PB_DIM.jpg\" \/>\t\t\t\t\t\t\t\t<\/div>\n\t\t\t\t<\/div>\n\t\t\t\t\t<\/div>\n\t\t<\/div>\n\t\t\t\t\t<\/div>\n\t\t<\/section>\n\t\t\t\t<section class=\"elementor-section elementor-top-section elementor-element elementor-element-8ae3e2f elementor-section-boxed elementor-section-height-default elementor-section-height-default\" data-id=\"8ae3e2f\" data-element_type=\"section\">\n\t\t\t\t\t\t<div class=\"elementor-container elementor-column-gap-default\">\n\t\t\t\t\t<div class=\"elementor-column elementor-col-100 elementor-top-column elementor-element elementor-element-fe3aa78\" data-id=\"fe3aa78\" data-element_type=\"column\">\n\t\t\t<div class=\"elementor-widget-wrap elementor-element-populated\">\n\t\t\t\t\t\t<div class=\"elementor-element elementor-element-5c266ed elementor-tabs-view-horizontal elementor-widget elementor-widget-tabs\" data-id=\"5c266ed\" data-element_type=\"widget\" data-widget_type=\"tabs.default\">\n\t\t\t\t<div class=\"elementor-widget-container\">\n\t\t\t\t\t\t\t<div class=\"elementor-tabs\">\n\t\t\t<div class=\"elementor-tabs-wrapper\" role=\"tablist\" >\n\t\t\t\t\t\t\t\t\t<div id=\"elementor-tab-title-9661\" class=\"elementor-tab-title elementor-tab-desktop-title\" aria-selected=\"true\" data-tab=\"1\" role=\"tab\" tabindex=\"0\" aria-controls=\"elementor-tab-content-9661\" aria-expanded=\"false\">Fichiers<\/div>\n\t\t\t\t\t\t\t<\/div>\n\t\t\t<div class=\"elementor-tabs-content-wrapper\" role=\"tablist\" aria-orientation=\"vertical\">\n\t\t\t\t\t\t\t\t\t<div class=\"elementor-tab-title elementor-tab-mobile-title\" aria-selected=\"true\" data-tab=\"1\" role=\"tab\" tabindex=\"0\" aria-controls=\"elementor-tab-content-9661\" aria-expanded=\"false\">Fichiers<\/div>\n\t\t\t\t\t<div id=\"elementor-tab-content-9661\" class=\"elementor-tab-content elementor-clearfix\" data-tab=\"1\" role=\"tabpanel\" aria-labelledby=\"elementor-tab-title-9661\" tabindex=\"0\" hidden=\"false\"><i class=\"far fa-file-pdf fa-xl\" style=\"font-size:35px\"><\/i><a href=\"https:\/\/www.belleflamme.ca\/wp-content\/uploads\/2023\/11\/SPF_PB72Linear_570_528_527.pdf\">Flyer<\/a><\/br>\n<i class=\"far fa-file-pdf fa-xl\" style=\"font-size:35px\"><\/i><a href=\"https:\/\/www.belleflamme.ca\/wp-content\/uploads\/2023\/11\/98800833.pdf\"> Brochure<\/a><\/br>\n<i class=\"far fa-file-pdf fa-xl\" style=\"font-size:35px\"><\/i><a href=\"https:\/\/www.belleflamme.ca\/wp-content\/uploads\/2023\/11\/100-01452.pdf\"> Manuel<\/a><\/br>\n<i class=\"far fa-file-pdf fa-xl\" style=\"font-size:35px\"><\/i><a href=\"https:\/\/www.belleflamme.ca\/wp-content\/uploads\/2023\/11\/17602227.pdf\"> Feuille de travail d&#8217;installation<\/a><\/br>\n<i class=\"far fa-file-pdf fa-xl\" style=\"font-size:35px\"><\/i><a href=\"https:\/\/www.belleflamme.ca\/wp-content\/uploads\/2023\/11\/100-01458.pdf\"> Installation<\/a><\/br>\n<i class=\"far fa-file-pdf fa-xl\" style=\"font-size:35px\"><\/i><a href=\"https:\/\/www.belleflamme.ca\/wp-content\/uploads\/2023\/11\/17602168.pdf\"> Guide d&#8217;encadrement<\/a><\/br><\/div>\n\t\t\t\t\t\t\t<\/div>\n\t\t<\/div>\n\t\t\t\t\t\t<\/div>\n\t\t\t\t<\/div>\n\t\t\t\t\t<\/div>\n\t\t<\/div>\n\t\t\t\t\t<\/div>\n\t\t<\/section>\n\t\t\t\t<\/div>\n\t\t","protected":false},"excerpt":{"rendered":"<p>Les grands espaces pr\u00eats pour une d\u00e9claration dynamique sont parfaitement adapt\u00e9s \u00e0 l&#8217;impressionnant ProBuilder 72 Linear. En tant que plus grand mod\u00e8le de notre gamme, ce mod\u00e8le est dot\u00e9 d&#8217;un verre de 72&#8243; de large sur 15&#8243; de haut et d&#8217;une excellente chaleur zonale \u00e0 un prix avantageux, sans compromettre la qualit\u00e9 ou la beaut\u00e9. [&hellip;]<\/p>\n","protected":false},"featured_media":22126,"template":"","meta":{"inline_featured_image":false},"product_brand":[236],"product_cat":[33,35,37],"product_tag":[],"class_list":{"0":"post-22125","1":"product","2":"type-product","3":"status-publish","4":"has-post-thumbnail","6":"product_brand-fireplaces-xtrordinair","7":"product_cat-poeles-et-foyers","8":"product_cat-poeles-foyer-au-gaz","9":"product_cat-foyer-au-gaz","11":"first","12":"instock","13":"taxable","14":"shipping-taxable","15":"purchasable","16":"product-type-simple"},"yoast_head":"<!-- This site is optimized with the Yoast SEO Premium plugin v24.2 (Yoast SEO v24.2) - https:\/\/yoast.com\/wordpress\/plugins\/seo\/ -->\n<title>PROBUILDER 72 LINEAR DELUXE Fireplace Xtrordinair - Groupe BelleFlamme<\/title>\n<meta name=\"description\" content=\"PROBUILDER 72 LINEAR DELUXE Fireplace Xtrordinair vendu et install\u00e9 par le Groupe Belleflamme. Laval, Montr\u00e9al, Gatineau, Drummondville et Saint-Sauveur.\" \/>\n<meta name=\"robots\" content=\"index, follow, max-snippet:-1, max-image-preview:large, max-video-preview:-1\" \/>\n<link rel=\"canonical\" href=\"https:\/\/staging.belleflamme.ca\/fr\/produit\/probuilder-72-linear-deluxe-fireplace-xtrordinair\/\" \/>\n<meta property=\"og:locale\" content=\"fr_FR\" \/>\n<meta property=\"og:type\" content=\"article\" \/>\n<meta property=\"og:title\" content=\"PROBUILDER 72 LINEAR DELUXE Fireplace Xtrordinair\" \/>\n<meta property=\"og:description\" content=\"PROBUILDER 72 LINEAR DELUXE Fireplace Xtrordinair vendu et install\u00e9 par le Groupe Belleflamme. Laval, Montr\u00e9al, Gatineau, Drummondville et Saint-Sauveur.\" \/>\n<meta property=\"og:url\" content=\"https:\/\/staging.belleflamme.ca\/fr\/produit\/probuilder-72-linear-deluxe-fireplace-xtrordinair\/\" \/>\n<meta property=\"og:site_name\" content=\"Groupe BelleFlamme\" \/>\n<meta property=\"article:publisher\" content=\"https:\/\/www.facebook.com\/belleflamme.ca\/\" \/>\n<meta property=\"article:modified_time\" content=\"2025-05-15T17:40:22+00:00\" \/>\n<meta property=\"og:image\" content=\"https:\/\/www.belleflamme.ca\/wp-content\/uploads\/2023\/11\/PROBUILDER-72-LINEAR-DELUXE-Fireplace-Xtrordinair.jpg\" \/>\n\t<meta property=\"og:image:width\" content=\"800\" \/>\n\t<meta property=\"og:image:height\" content=\"600\" \/>\n\t<meta property=\"og:image:type\" content=\"image\/jpeg\" \/>\n<meta name=\"twitter:card\" content=\"summary_large_image\" \/>\n<meta name=\"twitter:label1\" content=\"Prix\" \/>\n\t<meta name=\"twitter:data1\" content=\"&#036;10,623.00\" \/>\n\t<meta name=\"twitter:label2\" content=\"Disponibilit\u00e9\" \/>\n\t<meta name=\"twitter:data2\" content=\"En stock\" \/>\n<script type=\"application\/ld+json\" class=\"yoast-schema-graph\">{\"@context\":\"https:\/\/schema.org\",\"@graph\":[{\"@type\":[\"WebPage\",\"ItemPage\"],\"@id\":\"https:\/\/staging.belleflamme.ca\/fr\/produit\/probuilder-72-linear-deluxe-fireplace-xtrordinair\/\",\"url\":\"https:\/\/staging.belleflamme.ca\/fr\/produit\/probuilder-72-linear-deluxe-fireplace-xtrordinair\/\",\"name\":\"PROBUILDER 72 LINEAR DELUXE Fireplace Xtrordinair - Groupe BelleFlamme\",\"isPartOf\":{\"@id\":\"https:\/\/www.belleflamme.ca\/fr\/#website\"},\"primaryImageOfPage\":{\"@id\":\"https:\/\/staging.belleflamme.ca\/fr\/produit\/probuilder-72-linear-deluxe-fireplace-xtrordinair\/#primaryimage\"},\"image\":{\"@id\":\"https:\/\/staging.belleflamme.ca\/fr\/produit\/probuilder-72-linear-deluxe-fireplace-xtrordinair\/#primaryimage\"},\"thumbnailUrl\":\"https:\/\/staging.belleflamme.ca\/wp-content\/uploads\/2023\/11\/PROBUILDER-72-LINEAR-DELUXE-Fireplace-Xtrordinair.jpg\",\"datePublished\":\"2023-11-24T16:24:28+00:00\",\"dateModified\":\"2025-05-15T17:40:22+00:00\",\"description\":\"PROBUILDER 72 LINEAR DELUXE Fireplace Xtrordinair [get_meta_en_fr]\",\"breadcrumb\":{\"@id\":\"https:\/\/staging.belleflamme.ca\/fr\/produit\/probuilder-72-linear-deluxe-fireplace-xtrordinair\/#breadcrumb\"},\"inLanguage\":\"fr-FR\",\"potentialAction\":[{\"@type\":\"ReadAction\",\"target\":[\"https:\/\/staging.belleflamme.ca\/fr\/produit\/probuilder-72-linear-deluxe-fireplace-xtrordinair\/\"]}]},{\"@type\":\"ImageObject\",\"inLanguage\":\"fr-FR\",\"@id\":\"https:\/\/staging.belleflamme.ca\/fr\/produit\/probuilder-72-linear-deluxe-fireplace-xtrordinair\/#primaryimage\",\"url\":\"https:\/\/staging.belleflamme.ca\/wp-content\/uploads\/2023\/11\/PROBUILDER-72-LINEAR-DELUXE-Fireplace-Xtrordinair.jpg\",\"contentUrl\":\"https:\/\/staging.belleflamme.ca\/wp-content\/uploads\/2023\/11\/PROBUILDER-72-LINEAR-DELUXE-Fireplace-Xtrordinair.jpg\",\"width\":800,\"height\":600,\"caption\":\"PROBUILDER 72 LINEAR DELUXE Fireplace Xtrordinair\"},{\"@type\":\"BreadcrumbList\",\"@id\":\"https:\/\/staging.belleflamme.ca\/fr\/produit\/probuilder-72-linear-deluxe-fireplace-xtrordinair\/#breadcrumb\",\"itemListElement\":[{\"@type\":\"ListItem\",\"position\":1,\"name\":\"Accueil\",\"item\":\"https:\/\/www.belleflamme.ca\/fr\/\"},{\"@type\":\"ListItem\",\"position\":2,\"name\":\"Boutique\",\"item\":\"https:\/\/www.belleflamme.ca\/fr\/boutique\/\"},{\"@type\":\"ListItem\",\"position\":3,\"name\":\"Po\u00eales &amp; Foyers\",\"item\":\"https:\/\/staging.belleflamme.ca\/fr\/categories\/poeles-et-foyers\/\"},{\"@type\":\"ListItem\",\"position\":4,\"name\":\"Po\u00eale &amp; Foyer au Gaz\",\"item\":\"https:\/\/staging.belleflamme.ca\/fr\/categories\/poeles-et-foyers\/poeles-foyer-au-gaz\/\"},{\"@type\":\"ListItem\",\"position\":5,\"name\":\"Foyer au Gaz\",\"item\":\"https:\/\/staging.belleflamme.ca\/fr\/categories\/poeles-et-foyers\/poeles-foyer-au-gaz\/foyer-au-gaz\/\"},{\"@type\":\"ListItem\",\"position\":6,\"name\":\"PROBUILDER 72 LINEAR DELUXE Fireplace Xtrordinair\"}]},{\"@type\":\"WebSite\",\"@id\":\"https:\/\/www.belleflamme.ca\/fr\/#website\",\"url\":\"https:\/\/www.belleflamme.ca\/fr\/\",\"name\":\"Groupe Belleflamme\",\"description\":\"La m\u00e9canique du b\u00e2timent dans le sang.\",\"publisher\":{\"@id\":\"https:\/\/www.belleflamme.ca\/fr\/#organization\"},\"potentialAction\":[{\"@type\":\"SearchAction\",\"target\":{\"@type\":\"EntryPoint\",\"urlTemplate\":\"https:\/\/www.belleflamme.ca\/fr\/?s={search_term_string}\"},\"query-input\":{\"@type\":\"PropertyValueSpecification\",\"valueRequired\":true,\"valueName\":\"search_term_string\"}}],\"inLanguage\":\"fr-FR\"},{\"@type\":[\"Organization\",\"Place\"],\"@id\":\"https:\/\/www.belleflamme.ca\/fr\/#organization\",\"name\":\"Groupe Belleflamme\",\"alternateName\":\"Belleflamme\",\"url\":\"https:\/\/www.belleflamme.ca\/fr\/\",\"logo\":{\"@type\":\"ImageObject\",\"inLanguage\":\"fr-FR\",\"@id\":\"https:\/\/www.belleflamme.ca\/fr\/#\/schema\/logo\/image\/\",\"url\":\"https:\/\/staging.belleflamme.ca\/wp-content\/uploads\/2023\/01\/og-image.jpg\",\"contentUrl\":\"https:\/\/staging.belleflamme.ca\/wp-content\/uploads\/2023\/01\/og-image.jpg\",\"width\":1200,\"height\":630,\"caption\":\"Groupe Belleflamme\"},\"image\":{\"@id\":\"https:\/\/www.belleflamme.ca\/fr\/#\/schema\/logo\/image\/\"},\"sameAs\":[\"https:\/\/www.facebook.com\/belleflamme.ca\/\",\"https:\/\/www.linkedin.com\/company\/belleflamme\/\",\"https:\/\/www.pinterest.ca\/groupebelleflamme\/\",\"https:\/\/www.instagram.com\/legroupebelleflamme\/\"],\"mainEntityOfPage\":{\"@id\":\"https:\/\/staging.belleflamme.ca\/fr\/produit\/probuilder-72-linear-deluxe-fireplace-xtrordinair\/\"}}]}<\/script>\n<meta property=\"product:brand\" content=\"Fireplaces Xtrordinair\" \/>\n<meta property=\"product:price:amount\" content=\"10623.00\" \/>\n<meta property=\"product:price:currency\" content=\"CAD\" \/>\n<meta property=\"og:availability\" content=\"instock\" \/>\n<meta property=\"product:availability\" content=\"instock\" \/>\n<meta property=\"product:retailer_item_id\" content=\"98500266\" \/>\n<meta property=\"product:condition\" content=\"new\" \/>\n<!-- \/ Yoast SEO Premium plugin. -->","yoast_head_json":{"title":"PROBUILDER 72 LINEAR DELUXE Fireplace Xtrordinair - Groupe BelleFlamme","description":"PROBUILDER 72 LINEAR DELUXE Fireplace Xtrordinair vendu et install\u00e9 par le Groupe Belleflamme. Laval, Montr\u00e9al, Gatineau, Drummondville et Saint-Sauveur.","robots":{"index":"index","follow":"follow","max-snippet":"max-snippet:-1","max-image-preview":"max-image-preview:large","max-video-preview":"max-video-preview:-1"},"canonical":"https:\/\/staging.belleflamme.ca\/fr\/produit\/probuilder-72-linear-deluxe-fireplace-xtrordinair\/","og_locale":"fr_FR","og_type":"article","og_title":"PROBUILDER 72 LINEAR DELUXE Fireplace Xtrordinair","og_description":"PROBUILDER 72 LINEAR DELUXE Fireplace Xtrordinair vendu et install\u00e9 par le Groupe Belleflamme. Laval, Montr\u00e9al, Gatineau, Drummondville et Saint-Sauveur.","og_url":"https:\/\/staging.belleflamme.ca\/fr\/produit\/probuilder-72-linear-deluxe-fireplace-xtrordinair\/","og_site_name":"Groupe BelleFlamme","article_publisher":"https:\/\/www.facebook.com\/belleflamme.ca\/","article_modified_time":"2025-05-15T17:40:22+00:00","og_image":[{"width":800,"height":600,"url":"https:\/\/www.belleflamme.ca\/wp-content\/uploads\/2023\/11\/PROBUILDER-72-LINEAR-DELUXE-Fireplace-Xtrordinair.jpg","type":"image\/jpeg"}],"twitter_card":"summary_large_image","twitter_misc":{"Prix":"&#36;10,623.00","Disponibilit\u00e9":"En stock"},"schema":{"@context":"https:\/\/schema.org","@graph":[{"@type":["WebPage","ItemPage"],"@id":"https:\/\/staging.belleflamme.ca\/fr\/produit\/probuilder-72-linear-deluxe-fireplace-xtrordinair\/","url":"https:\/\/staging.belleflamme.ca\/fr\/produit\/probuilder-72-linear-deluxe-fireplace-xtrordinair\/","name":"PROBUILDER 72 LINEAR DELUXE Fireplace Xtrordinair - Groupe BelleFlamme","isPartOf":{"@id":"https:\/\/www.belleflamme.ca\/fr\/#website"},"primaryImageOfPage":{"@id":"https:\/\/staging.belleflamme.ca\/fr\/produit\/probuilder-72-linear-deluxe-fireplace-xtrordinair\/#primaryimage"},"image":{"@id":"https:\/\/staging.belleflamme.ca\/fr\/produit\/probuilder-72-linear-deluxe-fireplace-xtrordinair\/#primaryimage"},"thumbnailUrl":"https:\/\/staging.belleflamme.ca\/wp-content\/uploads\/2023\/11\/PROBUILDER-72-LINEAR-DELUXE-Fireplace-Xtrordinair.jpg","datePublished":"2023-11-24T16:24:28+00:00","dateModified":"2025-05-15T17:40:22+00:00","description":"PROBUILDER 72 LINEAR DELUXE Fireplace Xtrordinair [get_meta_en_fr]","breadcrumb":{"@id":"https:\/\/staging.belleflamme.ca\/fr\/produit\/probuilder-72-linear-deluxe-fireplace-xtrordinair\/#breadcrumb"},"inLanguage":"fr-FR","potentialAction":[{"@type":"ReadAction","target":["https:\/\/staging.belleflamme.ca\/fr\/produit\/probuilder-72-linear-deluxe-fireplace-xtrordinair\/"]}]},{"@type":"ImageObject","inLanguage":"fr-FR","@id":"https:\/\/staging.belleflamme.ca\/fr\/produit\/probuilder-72-linear-deluxe-fireplace-xtrordinair\/#primaryimage","url":"https:\/\/staging.belleflamme.ca\/wp-content\/uploads\/2023\/11\/PROBUILDER-72-LINEAR-DELUXE-Fireplace-Xtrordinair.jpg","contentUrl":"https:\/\/staging.belleflamme.ca\/wp-content\/uploads\/2023\/11\/PROBUILDER-72-LINEAR-DELUXE-Fireplace-Xtrordinair.jpg","width":800,"height":600,"caption":"PROBUILDER 72 LINEAR DELUXE Fireplace Xtrordinair"},{"@type":"BreadcrumbList","@id":"https:\/\/staging.belleflamme.ca\/fr\/produit\/probuilder-72-linear-deluxe-fireplace-xtrordinair\/#breadcrumb","itemListElement":[{"@type":"ListItem","position":1,"name":"Accueil","item":"https:\/\/www.belleflamme.ca\/fr\/"},{"@type":"ListItem","position":2,"name":"Boutique","item":"https:\/\/www.belleflamme.ca\/fr\/boutique\/"},{"@type":"ListItem","position":3,"name":"Po\u00eales &amp; Foyers","item":"https:\/\/staging.belleflamme.ca\/fr\/categories\/poeles-et-foyers\/"},{"@type":"ListItem","position":4,"name":"Po\u00eale &amp; Foyer au Gaz","item":"https:\/\/staging.belleflamme.ca\/fr\/categories\/poeles-et-foyers\/poeles-foyer-au-gaz\/"},{"@type":"ListItem","position":5,"name":"Foyer au Gaz","item":"https:\/\/staging.belleflamme.ca\/fr\/categories\/poeles-et-foyers\/poeles-foyer-au-gaz\/foyer-au-gaz\/"},{"@type":"ListItem","position":6,"name":"PROBUILDER 72 LINEAR DELUXE Fireplace Xtrordinair"}]},{"@type":"WebSite","@id":"https:\/\/www.belleflamme.ca\/fr\/#website","url":"https:\/\/www.belleflamme.ca\/fr\/","name":"Groupe Belleflamme","description":"La m\u00e9canique du b\u00e2timent dans le sang.","publisher":{"@id":"https:\/\/www.belleflamme.ca\/fr\/#organization"},"potentialAction":[{"@type":"SearchAction","target":{"@type":"EntryPoint","urlTemplate":"https:\/\/www.belleflamme.ca\/fr\/?s={search_term_string}"},"query-input":{"@type":"PropertyValueSpecification","valueRequired":true,"valueName":"search_term_string"}}],"inLanguage":"fr-FR"},{"@type":["Organization","Place"],"@id":"https:\/\/www.belleflamme.ca\/fr\/#organization","name":"Groupe Belleflamme","alternateName":"Belleflamme","url":"https:\/\/www.belleflamme.ca\/fr\/","logo":{"@type":"ImageObject","inLanguage":"fr-FR","@id":"https:\/\/www.belleflamme.ca\/fr\/#\/schema\/logo\/image\/","url":"https:\/\/staging.belleflamme.ca\/wp-content\/uploads\/2023\/01\/og-image.jpg","contentUrl":"https:\/\/staging.belleflamme.ca\/wp-content\/uploads\/2023\/01\/og-image.jpg","width":1200,"height":630,"caption":"Groupe Belleflamme"},"image":{"@id":"https:\/\/www.belleflamme.ca\/fr\/#\/schema\/logo\/image\/"},"sameAs":["https:\/\/www.facebook.com\/belleflamme.ca\/","https:\/\/www.linkedin.com\/company\/belleflamme\/","https:\/\/www.pinterest.ca\/groupebelleflamme\/","https:\/\/www.instagram.com\/legroupebelleflamme\/"],"mainEntityOfPage":{"@id":"https:\/\/staging.belleflamme.ca\/fr\/produit\/probuilder-72-linear-deluxe-fireplace-xtrordinair\/"}}]},"product_brand":"Fireplaces Xtrordinair","product_price_amount":"10623.00","product_price_currency":"CAD","og_availability":"instock","product_availability":"instock","product_retailer_item_id":"98500266","product_condition":"new"},"_links":{"self":[{"href":"https:\/\/staging.belleflamme.ca\/fr\/wp-json\/wp\/v2\/product\/22125","targetHints":{"allow":["GET"]}}],"collection":[{"href":"https:\/\/staging.belleflamme.ca\/fr\/wp-json\/wp\/v2\/product"}],"about":[{"href":"https:\/\/staging.belleflamme.ca\/fr\/wp-json\/wp\/v2\/types\/product"}],"version-history":[{"count":5,"href":"https:\/\/staging.belleflamme.ca\/fr\/wp-json\/wp\/v2\/product\/22125\/revisions"}],"predecessor-version":[{"id":43304,"href":"https:\/\/staging.belleflamme.ca\/fr\/wp-json\/wp\/v2\/product\/22125\/revisions\/43304"}],"wp:featuredmedia":[{"embeddable":true,"href":"https:\/\/staging.belleflamme.ca\/fr\/wp-json\/wp\/v2\/media\/22126"}],"wp:attachment":[{"href":"https:\/\/staging.belleflamme.ca\/fr\/wp-json\/wp\/v2\/media?parent=22125"}],"wp:term":[{"taxonomy":"product_brand","embeddable":true,"href":"https:\/\/staging.belleflamme.ca\/fr\/wp-json\/wp\/v2\/product_brand?post=22125"},{"taxonomy":"product_cat","embeddable":true,"href":"https:\/\/staging.belleflamme.ca\/fr\/wp-json\/wp\/v2\/product_cat?post=22125"},{"taxonomy":"product_tag","embeddable":true,"href":"https:\/\/staging.belleflamme.ca\/fr\/wp-json\/wp\/v2\/product_tag?post=22125"}],"curies":[{"name":"wp","href":"https:\/\/api.w.org\/{rel}","templated":true}]}}