{"id":22080,"date":"2023-11-24T10:55:42","date_gmt":"2023-11-24T15:55:42","guid":{"rendered":"https:\/\/www.belleflamme.ca\/?post_type=product&#038;p=22080"},"modified":"2025-05-15T13:40:10","modified_gmt":"2025-05-15T17:40:10","slug":"probuilder-54-linear-basic-gsb-fireplace-xtrordinair","status":"publish","type":"product","link":"https:\/\/staging.belleflamme.ca\/fr\/produit\/probuilder-54-linear-basic-gsb-fireplace-xtrordinair\/","title":{"rendered":"PROBUILDER 54 LINEAR BASIC \u2013 GSB Fireplace Xtrordinair"},"content":{"rendered":"\t\t<div data-elementor-type=\"product-post\" data-elementor-id=\"22080\" class=\"elementor elementor-22080\" data-elementor-post-type=\"product\">\n\t\t\t\t\t\t<section class=\"elementor-section elementor-top-section elementor-element elementor-element-54137ef8 elementor-section-boxed elementor-section-height-default elementor-section-height-default\" data-id=\"54137ef8\" data-element_type=\"section\">\n\t\t\t\t\t\t<div class=\"elementor-container elementor-column-gap-default\">\n\t\t\t\t\t<div class=\"elementor-column elementor-col-100 elementor-top-column elementor-element elementor-element-4a50737b\" data-id=\"4a50737b\" data-element_type=\"column\">\n\t\t\t<div class=\"elementor-widget-wrap elementor-element-populated\">\n\t\t\t\t\t\t<div class=\"elementor-element elementor-element-498ef602 elementor-widget elementor-widget-text-editor\" data-id=\"498ef602\" data-element_type=\"widget\" data-widget_type=\"text-editor.default\">\n\t\t\t\t<div class=\"elementor-widget-container\">\n\t\t\t\t\t\t\t\t\t<iframe src=\"https:\/\/player.vimeo.com\/video\/356069374?h=191ae8ce51\" width=\"640\" height=\"360\" frameborder=\"0\" allowfullscreen=\"allowfullscreen\"><\/iframe>\r\n\r\n&nbsp;\r\n\r\nLe ProBuilder 54 Linear est dot\u00e9 d&#8217;un verre de 54&#8243; de large sur 15&#8243; de haut et constitue un choix \u00e9conomique parfait pour le chauffage de zone d&#8217;espaces de divertissement de taille moyenne \u00e0 plus grands jusqu&#8217;\u00e0 1 650 pieds carr\u00e9s. Ce mod\u00e8le GreenSmart \u00ae Basic (GSB) \u00e9conomise le carburant gr\u00e2ce \u00e0 un syst\u00e8me pilote GreenSmart \u00ae qui allume automatiquement le foyer lorsque de la chaleur est demand\u00e9e et l&#8217;\u00e9teint lorsqu&#8217;aucune chaleur n&#8217;est n\u00e9cessaire, ce qui en fait un excellent foyer \u00e9conome en \u00e9nergie.\r\n<ul>\r\n \t<li><span>Capacit\u00e9 de chauffage* : jusqu&#8217;\u00e0 1 650 pieds carr\u00e9s<\/span><\/li>\r\n \t<li><span>Entr\u00e9e BTU\/heure (NG\/LP) : 17 000 \u00e0 33 000 (r\u00e9duction de 50 %)<\/span><\/li>\r\n \t<li><span>Efficacit\u00e9 P4\u00a0: 65,93\u00a0% (GN) 67,07\u00a0% (LP)<\/span><\/li>\r\n \t<li><span>Efficacit\u00e9 en r\u00e9gime permanent\u00a0: jusqu&#8217;\u00e0 67,25\u00a0% (GN) jusqu&#8217;\u00e0 76,02\u00a0% (LP)<\/span><\/li>\r\n \t<li><span>Poids : 210 livres.\u00a0(95 kg).<\/span><\/li>\r\n \t<li><span>Zone de visualisation du verre : verre tremp\u00e9, 52-3\/8&#8243; de largeur x 13-5\/8&#8243; de hauteur, 711 pouces carr\u00e9s.<\/span><\/li>\r\n<\/ul>\r\n<img decoding=\"async\" src=\"https:\/\/www.fireplacex.com\/wp-content\/uploads\/54PB_Install_ANEW.jpg\" \/>\r\n\r\n<img decoding=\"async\" src=\"https:\/\/www.fireplacex.com\/wp-content\/uploads\/54PB_Install_B.jpg\" \/>\r\n\r\n<img decoding=\"async\" src=\"https:\/\/www.fireplacex.com\/wp-content\/uploads\/54PB_DIM.jpg\" \/>\t\t\t\t\t\t\t\t<\/div>\n\t\t\t\t<\/div>\n\t\t\t\t\t<\/div>\n\t\t<\/div>\n\t\t\t\t\t<\/div>\n\t\t<\/section>\n\t\t\t\t<section class=\"elementor-section elementor-top-section elementor-element elementor-element-fb05d4d elementor-section-boxed elementor-section-height-default elementor-section-height-default\" data-id=\"fb05d4d\" data-element_type=\"section\">\n\t\t\t\t\t\t<div class=\"elementor-container elementor-column-gap-default\">\n\t\t\t\t\t<div class=\"elementor-column elementor-col-100 elementor-top-column elementor-element elementor-element-5e7de5a\" data-id=\"5e7de5a\" data-element_type=\"column\">\n\t\t\t<div class=\"elementor-widget-wrap elementor-element-populated\">\n\t\t\t\t\t\t<div class=\"elementor-element elementor-element-e5a85e9 elementor-tabs-view-horizontal elementor-widget elementor-widget-tabs\" data-id=\"e5a85e9\" data-element_type=\"widget\" data-widget_type=\"tabs.default\">\n\t\t\t\t<div class=\"elementor-widget-container\">\n\t\t\t\t\t\t\t<div class=\"elementor-tabs\">\n\t\t\t<div class=\"elementor-tabs-wrapper\" role=\"tablist\" >\n\t\t\t\t\t\t\t\t\t<div id=\"elementor-tab-title-2401\" class=\"elementor-tab-title elementor-tab-desktop-title\" aria-selected=\"true\" data-tab=\"1\" role=\"tab\" tabindex=\"0\" aria-controls=\"elementor-tab-content-2401\" aria-expanded=\"false\">Fichiers<\/div>\n\t\t\t\t\t\t\t<\/div>\n\t\t\t<div class=\"elementor-tabs-content-wrapper\" role=\"tablist\" aria-orientation=\"vertical\">\n\t\t\t\t\t\t\t\t\t<div class=\"elementor-tab-title elementor-tab-mobile-title\" aria-selected=\"true\" data-tab=\"1\" role=\"tab\" tabindex=\"0\" aria-controls=\"elementor-tab-content-2401\" aria-expanded=\"false\">Fichiers<\/div>\n\t\t\t\t\t<div id=\"elementor-tab-content-2401\" class=\"elementor-tab-content elementor-clearfix\" data-tab=\"1\" role=\"tabpanel\" aria-labelledby=\"elementor-tab-title-2401\" tabindex=\"0\" hidden=\"false\"><i class=\"far fa-file-pdf fa-xl\" style=\"font-size:35px\"><\/i><a href=\"https:\/\/www.belleflamme.ca\/wp-content\/uploads\/2023\/11\/SPF_PB54Linear_569_529_528.pdf\"> Flyer<\/a><\/br>\n<i class=\"far fa-file-pdf fa-xl\" style=\"font-size:35px\"><\/i><a href=\"https:\/\/www.belleflamme.ca\/wp-content\/uploads\/2023\/11\/98800833.pdf\"> Brochure<\/a><\/br>\n<i class=\"far fa-file-pdf fa-xl\" style=\"font-size:35px\"><\/i><a href=\"https:\/\/www.belleflamme.ca\/wp-content\/uploads\/2023\/11\/100-01451.pdf\"> Manuel<\/a><\/br>\n<i class=\"far fa-file-pdf fa-xl\" style=\"font-size:35px\"><\/i><a href=\"https:\/\/www.belleflamme.ca\/wp-content\/uploads\/2023\/11\/100-01453.pdf\"> Installation<\/a><\/br>\n<i class=\"far fa-file-pdf fa-xl\" style=\"font-size:35px\"><\/i><a href=\"https:\/\/www.belleflamme.ca\/wp-content\/uploads\/2023\/11\/17602168.pdf\"> Guide d&#8217;encadrement<\/a><\/br>\n<i class=\"far fa-file-pdf fa-xl\" style=\"font-size:35px\"><\/i><a href=\"https:\/\/www.belleflamme.ca\/wp-content\/uploads\/2023\/11\/17602227.pdf\"> Feuille de travail d&#8217;installation<\/a><\/br><\/div>\n\t\t\t\t\t\t\t<\/div>\n\t\t<\/div>\n\t\t\t\t\t\t<\/div>\n\t\t\t\t<\/div>\n\t\t\t\t\t<\/div>\n\t\t<\/div>\n\t\t\t\t\t<\/div>\n\t\t<\/section>\n\t\t\t\t<\/div>\n\t\t","protected":false},"excerpt":{"rendered":"<p>Le ProBuilder 54 Linear est dot\u00e9 d&#8217;un verre de 54&#8243; de large sur 15&#8243; de haut et constitue un choix \u00e9conomique parfait pour le chauffage de zone d&#8217;espaces de divertissement de taille moyenne \u00e0 plus grands jusqu&#8217;\u00e0 1 650 pieds carr\u00e9s. Ce mod\u00e8le GreenSmart \u00ae Basic (GSB) \u00e9conomise le carburant gr\u00e2ce \u00e0 un syst\u00e8me pilote [&hellip;]<\/p>\n","protected":false},"featured_media":22081,"template":"","meta":{"inline_featured_image":false},"product_brand":[236],"product_cat":[33,35,37],"product_tag":[],"class_list":{"0":"post-22080","1":"product","2":"type-product","3":"status-publish","4":"has-post-thumbnail","6":"product_brand-fireplaces-xtrordinair","7":"product_cat-poeles-et-foyers","8":"product_cat-poeles-foyer-au-gaz","9":"product_cat-foyer-au-gaz","11":"first","12":"instock","13":"taxable","14":"shipping-taxable","15":"purchasable","16":"product-type-simple"},"yoast_head":"<!-- This site is optimized with the Yoast SEO Premium plugin v24.2 (Yoast SEO v24.2) - https:\/\/yoast.com\/wordpress\/plugins\/seo\/ -->\n<title>PROBUILDER 54 LINEAR BASIC \u2013 GSB Fireplace Xtrordinair - Groupe BelleFlamme<\/title>\n<meta name=\"description\" content=\"PROBUILDER 54 LINEAR BASIC \u2013 GSB Fireplace Xtrordinair vendu et install\u00e9 par le Groupe Belleflamme. Laval, Montr\u00e9al, Gatineau, Drummondville et Saint-Sauveur.\" \/>\n<meta name=\"robots\" content=\"index, follow, max-snippet:-1, max-image-preview:large, max-video-preview:-1\" \/>\n<link rel=\"canonical\" href=\"https:\/\/staging.belleflamme.ca\/fr\/produit\/probuilder-54-linear-basic-gsb-fireplace-xtrordinair\/\" \/>\n<meta property=\"og:locale\" content=\"fr_FR\" \/>\n<meta property=\"og:type\" content=\"article\" \/>\n<meta property=\"og:title\" content=\"PROBUILDER 54 LINEAR BASIC \u2013 GSB Fireplace Xtrordinair\" \/>\n<meta property=\"og:description\" content=\"PROBUILDER 54 LINEAR BASIC \u2013 GSB Fireplace Xtrordinair vendu et install\u00e9 par le Groupe Belleflamme. Laval, Montr\u00e9al, Gatineau, Drummondville et Saint-Sauveur.\" \/>\n<meta property=\"og:url\" content=\"https:\/\/staging.belleflamme.ca\/fr\/produit\/probuilder-54-linear-basic-gsb-fireplace-xtrordinair\/\" \/>\n<meta property=\"og:site_name\" content=\"Groupe BelleFlamme\" \/>\n<meta property=\"article:publisher\" content=\"https:\/\/www.facebook.com\/belleflamme.ca\/\" \/>\n<meta property=\"article:modified_time\" content=\"2025-05-15T17:40:10+00:00\" \/>\n<meta property=\"og:image\" content=\"https:\/\/www.belleflamme.ca\/wp-content\/uploads\/2023\/11\/PROBUILDER-54-LINEAR-BASIC-\u2013-GSB-Fireplace-Xtrordinair.jpg\" \/>\n\t<meta property=\"og:image:width\" content=\"800\" \/>\n\t<meta property=\"og:image:height\" content=\"600\" \/>\n\t<meta property=\"og:image:type\" content=\"image\/jpeg\" \/>\n<meta name=\"twitter:card\" content=\"summary_large_image\" \/>\n<meta name=\"twitter:label1\" content=\"Prix\" \/>\n\t<meta name=\"twitter:data1\" content=\"&#036;7,324.00\" \/>\n\t<meta name=\"twitter:label2\" content=\"Disponibilit\u00e9\" \/>\n\t<meta name=\"twitter:data2\" content=\"En stock\" \/>\n<script type=\"application\/ld+json\" class=\"yoast-schema-graph\">{\"@context\":\"https:\/\/schema.org\",\"@graph\":[{\"@type\":[\"WebPage\",\"ItemPage\"],\"@id\":\"https:\/\/staging.belleflamme.ca\/fr\/produit\/probuilder-54-linear-basic-gsb-fireplace-xtrordinair\/\",\"url\":\"https:\/\/staging.belleflamme.ca\/fr\/produit\/probuilder-54-linear-basic-gsb-fireplace-xtrordinair\/\",\"name\":\"PROBUILDER 54 LINEAR BASIC \u2013 GSB Fireplace Xtrordinair - Groupe BelleFlamme\",\"isPartOf\":{\"@id\":\"https:\/\/www.belleflamme.ca\/fr\/#website\"},\"primaryImageOfPage\":{\"@id\":\"https:\/\/staging.belleflamme.ca\/fr\/produit\/probuilder-54-linear-basic-gsb-fireplace-xtrordinair\/#primaryimage\"},\"image\":{\"@id\":\"https:\/\/staging.belleflamme.ca\/fr\/produit\/probuilder-54-linear-basic-gsb-fireplace-xtrordinair\/#primaryimage\"},\"thumbnailUrl\":\"https:\/\/staging.belleflamme.ca\/wp-content\/uploads\/2023\/11\/PROBUILDER-54-LINEAR-BASIC-\u2013-GSB-Fireplace-Xtrordinair.jpg\",\"datePublished\":\"2023-11-24T15:55:42+00:00\",\"dateModified\":\"2025-05-15T17:40:10+00:00\",\"description\":\"PROBUILDER 54 LINEAR BASIC \u2013 GSB Fireplace Xtrordinair [get_meta_en_fr]\",\"breadcrumb\":{\"@id\":\"https:\/\/staging.belleflamme.ca\/fr\/produit\/probuilder-54-linear-basic-gsb-fireplace-xtrordinair\/#breadcrumb\"},\"inLanguage\":\"fr-FR\",\"potentialAction\":[{\"@type\":\"ReadAction\",\"target\":[\"https:\/\/staging.belleflamme.ca\/fr\/produit\/probuilder-54-linear-basic-gsb-fireplace-xtrordinair\/\"]}]},{\"@type\":\"ImageObject\",\"inLanguage\":\"fr-FR\",\"@id\":\"https:\/\/staging.belleflamme.ca\/fr\/produit\/probuilder-54-linear-basic-gsb-fireplace-xtrordinair\/#primaryimage\",\"url\":\"https:\/\/staging.belleflamme.ca\/wp-content\/uploads\/2023\/11\/PROBUILDER-54-LINEAR-BASIC-\u2013-GSB-Fireplace-Xtrordinair.jpg\",\"contentUrl\":\"https:\/\/staging.belleflamme.ca\/wp-content\/uploads\/2023\/11\/PROBUILDER-54-LINEAR-BASIC-\u2013-GSB-Fireplace-Xtrordinair.jpg\",\"width\":800,\"height\":600,\"caption\":\"PROBUILDER 54 LINEAR BASIC \u2013 GSB Fireplace Xtrordinair\"},{\"@type\":\"BreadcrumbList\",\"@id\":\"https:\/\/staging.belleflamme.ca\/fr\/produit\/probuilder-54-linear-basic-gsb-fireplace-xtrordinair\/#breadcrumb\",\"itemListElement\":[{\"@type\":\"ListItem\",\"position\":1,\"name\":\"Accueil\",\"item\":\"https:\/\/www.belleflamme.ca\/fr\/\"},{\"@type\":\"ListItem\",\"position\":2,\"name\":\"Boutique\",\"item\":\"https:\/\/www.belleflamme.ca\/fr\/boutique\/\"},{\"@type\":\"ListItem\",\"position\":3,\"name\":\"Po\u00eales &amp; Foyers\",\"item\":\"https:\/\/staging.belleflamme.ca\/fr\/categories\/poeles-et-foyers\/\"},{\"@type\":\"ListItem\",\"position\":4,\"name\":\"Po\u00eale &amp; Foyer au Gaz\",\"item\":\"https:\/\/staging.belleflamme.ca\/fr\/categories\/poeles-et-foyers\/poeles-foyer-au-gaz\/\"},{\"@type\":\"ListItem\",\"position\":5,\"name\":\"Foyer au Gaz\",\"item\":\"https:\/\/staging.belleflamme.ca\/fr\/categories\/poeles-et-foyers\/poeles-foyer-au-gaz\/foyer-au-gaz\/\"},{\"@type\":\"ListItem\",\"position\":6,\"name\":\"PROBUILDER 54 LINEAR BASIC \u2013 GSB Fireplace Xtrordinair\"}]},{\"@type\":\"WebSite\",\"@id\":\"https:\/\/www.belleflamme.ca\/fr\/#website\",\"url\":\"https:\/\/www.belleflamme.ca\/fr\/\",\"name\":\"Groupe Belleflamme\",\"description\":\"La m\u00e9canique du b\u00e2timent dans le sang.\",\"publisher\":{\"@id\":\"https:\/\/www.belleflamme.ca\/fr\/#organization\"},\"potentialAction\":[{\"@type\":\"SearchAction\",\"target\":{\"@type\":\"EntryPoint\",\"urlTemplate\":\"https:\/\/www.belleflamme.ca\/fr\/?s={search_term_string}\"},\"query-input\":{\"@type\":\"PropertyValueSpecification\",\"valueRequired\":true,\"valueName\":\"search_term_string\"}}],\"inLanguage\":\"fr-FR\"},{\"@type\":[\"Organization\",\"Place\"],\"@id\":\"https:\/\/www.belleflamme.ca\/fr\/#organization\",\"name\":\"Groupe Belleflamme\",\"alternateName\":\"Belleflamme\",\"url\":\"https:\/\/www.belleflamme.ca\/fr\/\",\"logo\":{\"@type\":\"ImageObject\",\"inLanguage\":\"fr-FR\",\"@id\":\"https:\/\/www.belleflamme.ca\/fr\/#\/schema\/logo\/image\/\",\"url\":\"https:\/\/staging.belleflamme.ca\/wp-content\/uploads\/2023\/01\/og-image.jpg\",\"contentUrl\":\"https:\/\/staging.belleflamme.ca\/wp-content\/uploads\/2023\/01\/og-image.jpg\",\"width\":1200,\"height\":630,\"caption\":\"Groupe Belleflamme\"},\"image\":{\"@id\":\"https:\/\/www.belleflamme.ca\/fr\/#\/schema\/logo\/image\/\"},\"sameAs\":[\"https:\/\/www.facebook.com\/belleflamme.ca\/\",\"https:\/\/www.linkedin.com\/company\/belleflamme\/\",\"https:\/\/www.pinterest.ca\/groupebelleflamme\/\",\"https:\/\/www.instagram.com\/legroupebelleflamme\/\"],\"mainEntityOfPage\":{\"@id\":\"https:\/\/staging.belleflamme.ca\/fr\/produit\/probuilder-54-linear-basic-gsb-fireplace-xtrordinair\/\"}}]}<\/script>\n<meta property=\"product:brand\" content=\"Fireplaces Xtrordinair\" \/>\n<meta property=\"product:price:amount\" content=\"7324.00\" \/>\n<meta property=\"product:price:currency\" content=\"CAD\" \/>\n<meta property=\"og:availability\" content=\"instock\" \/>\n<meta property=\"product:availability\" content=\"instock\" \/>\n<meta property=\"product:retailer_item_id\" content=\"98500261\" \/>\n<meta property=\"product:condition\" content=\"new\" \/>\n<!-- \/ Yoast SEO Premium plugin. -->","yoast_head_json":{"title":"PROBUILDER 54 LINEAR BASIC \u2013 GSB Fireplace Xtrordinair - Groupe BelleFlamme","description":"PROBUILDER 54 LINEAR BASIC \u2013 GSB Fireplace Xtrordinair vendu et install\u00e9 par le Groupe Belleflamme. Laval, Montr\u00e9al, Gatineau, Drummondville et Saint-Sauveur.","robots":{"index":"index","follow":"follow","max-snippet":"max-snippet:-1","max-image-preview":"max-image-preview:large","max-video-preview":"max-video-preview:-1"},"canonical":"https:\/\/staging.belleflamme.ca\/fr\/produit\/probuilder-54-linear-basic-gsb-fireplace-xtrordinair\/","og_locale":"fr_FR","og_type":"article","og_title":"PROBUILDER 54 LINEAR BASIC \u2013 GSB Fireplace Xtrordinair","og_description":"PROBUILDER 54 LINEAR BASIC \u2013 GSB Fireplace Xtrordinair vendu et install\u00e9 par le Groupe Belleflamme. Laval, Montr\u00e9al, Gatineau, Drummondville et Saint-Sauveur.","og_url":"https:\/\/staging.belleflamme.ca\/fr\/produit\/probuilder-54-linear-basic-gsb-fireplace-xtrordinair\/","og_site_name":"Groupe BelleFlamme","article_publisher":"https:\/\/www.facebook.com\/belleflamme.ca\/","article_modified_time":"2025-05-15T17:40:10+00:00","og_image":[{"width":800,"height":600,"url":"https:\/\/www.belleflamme.ca\/wp-content\/uploads\/2023\/11\/PROBUILDER-54-LINEAR-BASIC-\u2013-GSB-Fireplace-Xtrordinair.jpg","type":"image\/jpeg"}],"twitter_card":"summary_large_image","twitter_misc":{"Prix":"&#36;7,324.00","Disponibilit\u00e9":"En stock"},"schema":{"@context":"https:\/\/schema.org","@graph":[{"@type":["WebPage","ItemPage"],"@id":"https:\/\/staging.belleflamme.ca\/fr\/produit\/probuilder-54-linear-basic-gsb-fireplace-xtrordinair\/","url":"https:\/\/staging.belleflamme.ca\/fr\/produit\/probuilder-54-linear-basic-gsb-fireplace-xtrordinair\/","name":"PROBUILDER 54 LINEAR BASIC \u2013 GSB Fireplace Xtrordinair - Groupe BelleFlamme","isPartOf":{"@id":"https:\/\/www.belleflamme.ca\/fr\/#website"},"primaryImageOfPage":{"@id":"https:\/\/staging.belleflamme.ca\/fr\/produit\/probuilder-54-linear-basic-gsb-fireplace-xtrordinair\/#primaryimage"},"image":{"@id":"https:\/\/staging.belleflamme.ca\/fr\/produit\/probuilder-54-linear-basic-gsb-fireplace-xtrordinair\/#primaryimage"},"thumbnailUrl":"https:\/\/staging.belleflamme.ca\/wp-content\/uploads\/2023\/11\/PROBUILDER-54-LINEAR-BASIC-\u2013-GSB-Fireplace-Xtrordinair.jpg","datePublished":"2023-11-24T15:55:42+00:00","dateModified":"2025-05-15T17:40:10+00:00","description":"PROBUILDER 54 LINEAR BASIC \u2013 GSB Fireplace Xtrordinair [get_meta_en_fr]","breadcrumb":{"@id":"https:\/\/staging.belleflamme.ca\/fr\/produit\/probuilder-54-linear-basic-gsb-fireplace-xtrordinair\/#breadcrumb"},"inLanguage":"fr-FR","potentialAction":[{"@type":"ReadAction","target":["https:\/\/staging.belleflamme.ca\/fr\/produit\/probuilder-54-linear-basic-gsb-fireplace-xtrordinair\/"]}]},{"@type":"ImageObject","inLanguage":"fr-FR","@id":"https:\/\/staging.belleflamme.ca\/fr\/produit\/probuilder-54-linear-basic-gsb-fireplace-xtrordinair\/#primaryimage","url":"https:\/\/staging.belleflamme.ca\/wp-content\/uploads\/2023\/11\/PROBUILDER-54-LINEAR-BASIC-\u2013-GSB-Fireplace-Xtrordinair.jpg","contentUrl":"https:\/\/staging.belleflamme.ca\/wp-content\/uploads\/2023\/11\/PROBUILDER-54-LINEAR-BASIC-\u2013-GSB-Fireplace-Xtrordinair.jpg","width":800,"height":600,"caption":"PROBUILDER 54 LINEAR BASIC \u2013 GSB Fireplace Xtrordinair"},{"@type":"BreadcrumbList","@id":"https:\/\/staging.belleflamme.ca\/fr\/produit\/probuilder-54-linear-basic-gsb-fireplace-xtrordinair\/#breadcrumb","itemListElement":[{"@type":"ListItem","position":1,"name":"Accueil","item":"https:\/\/www.belleflamme.ca\/fr\/"},{"@type":"ListItem","position":2,"name":"Boutique","item":"https:\/\/www.belleflamme.ca\/fr\/boutique\/"},{"@type":"ListItem","position":3,"name":"Po\u00eales &amp; Foyers","item":"https:\/\/staging.belleflamme.ca\/fr\/categories\/poeles-et-foyers\/"},{"@type":"ListItem","position":4,"name":"Po\u00eale &amp; Foyer au Gaz","item":"https:\/\/staging.belleflamme.ca\/fr\/categories\/poeles-et-foyers\/poeles-foyer-au-gaz\/"},{"@type":"ListItem","position":5,"name":"Foyer au Gaz","item":"https:\/\/staging.belleflamme.ca\/fr\/categories\/poeles-et-foyers\/poeles-foyer-au-gaz\/foyer-au-gaz\/"},{"@type":"ListItem","position":6,"name":"PROBUILDER 54 LINEAR BASIC \u2013 GSB Fireplace Xtrordinair"}]},{"@type":"WebSite","@id":"https:\/\/www.belleflamme.ca\/fr\/#website","url":"https:\/\/www.belleflamme.ca\/fr\/","name":"Groupe Belleflamme","description":"La m\u00e9canique du b\u00e2timent dans le sang.","publisher":{"@id":"https:\/\/www.belleflamme.ca\/fr\/#organization"},"potentialAction":[{"@type":"SearchAction","target":{"@type":"EntryPoint","urlTemplate":"https:\/\/www.belleflamme.ca\/fr\/?s={search_term_string}"},"query-input":{"@type":"PropertyValueSpecification","valueRequired":true,"valueName":"search_term_string"}}],"inLanguage":"fr-FR"},{"@type":["Organization","Place"],"@id":"https:\/\/www.belleflamme.ca\/fr\/#organization","name":"Groupe Belleflamme","alternateName":"Belleflamme","url":"https:\/\/www.belleflamme.ca\/fr\/","logo":{"@type":"ImageObject","inLanguage":"fr-FR","@id":"https:\/\/www.belleflamme.ca\/fr\/#\/schema\/logo\/image\/","url":"https:\/\/staging.belleflamme.ca\/wp-content\/uploads\/2023\/01\/og-image.jpg","contentUrl":"https:\/\/staging.belleflamme.ca\/wp-content\/uploads\/2023\/01\/og-image.jpg","width":1200,"height":630,"caption":"Groupe Belleflamme"},"image":{"@id":"https:\/\/www.belleflamme.ca\/fr\/#\/schema\/logo\/image\/"},"sameAs":["https:\/\/www.facebook.com\/belleflamme.ca\/","https:\/\/www.linkedin.com\/company\/belleflamme\/","https:\/\/www.pinterest.ca\/groupebelleflamme\/","https:\/\/www.instagram.com\/legroupebelleflamme\/"],"mainEntityOfPage":{"@id":"https:\/\/staging.belleflamme.ca\/fr\/produit\/probuilder-54-linear-basic-gsb-fireplace-xtrordinair\/"}}]},"product_brand":"Fireplaces Xtrordinair","product_price_amount":"7324.00","product_price_currency":"CAD","og_availability":"instock","product_availability":"instock","product_retailer_item_id":"98500261","product_condition":"new"},"_links":{"self":[{"href":"https:\/\/staging.belleflamme.ca\/fr\/wp-json\/wp\/v2\/product\/22080","targetHints":{"allow":["GET"]}}],"collection":[{"href":"https:\/\/staging.belleflamme.ca\/fr\/wp-json\/wp\/v2\/product"}],"about":[{"href":"https:\/\/staging.belleflamme.ca\/fr\/wp-json\/wp\/v2\/types\/product"}],"version-history":[{"count":5,"href":"https:\/\/staging.belleflamme.ca\/fr\/wp-json\/wp\/v2\/product\/22080\/revisions"}],"predecessor-version":[{"id":43301,"href":"https:\/\/staging.belleflamme.ca\/fr\/wp-json\/wp\/v2\/product\/22080\/revisions\/43301"}],"wp:featuredmedia":[{"embeddable":true,"href":"https:\/\/staging.belleflamme.ca\/fr\/wp-json\/wp\/v2\/media\/22081"}],"wp:attachment":[{"href":"https:\/\/staging.belleflamme.ca\/fr\/wp-json\/wp\/v2\/media?parent=22080"}],"wp:term":[{"taxonomy":"product_brand","embeddable":true,"href":"https:\/\/staging.belleflamme.ca\/fr\/wp-json\/wp\/v2\/product_brand?post=22080"},{"taxonomy":"product_cat","embeddable":true,"href":"https:\/\/staging.belleflamme.ca\/fr\/wp-json\/wp\/v2\/product_cat?post=22080"},{"taxonomy":"product_tag","embeddable":true,"href":"https:\/\/staging.belleflamme.ca\/fr\/wp-json\/wp\/v2\/product_tag?post=22080"}],"curies":[{"name":"wp","href":"https:\/\/api.w.org\/{rel}","templated":true}]}}