{"id":21981,"date":"2023-11-24T09:58:20","date_gmt":"2023-11-24T14:58:20","guid":{"rendered":"https:\/\/www.belleflamme.ca\/?post_type=product&#038;p=21981"},"modified":"2025-05-15T13:37:59","modified_gmt":"2025-05-15T17:37:59","slug":"4415-high-output-deluxe-fireplace-xtrordinair","status":"publish","type":"product","link":"https:\/\/staging.belleflamme.ca\/fr\/produit\/4415-high-output-deluxe-fireplace-xtrordinair\/","title":{"rendered":"4415 HIGH OUTPUT DELUXE Fireplace Xtrordinair"},"content":{"rendered":"\t\t<div data-elementor-type=\"product-post\" data-elementor-id=\"21981\" class=\"elementor elementor-21981\" data-elementor-post-type=\"product\">\n\t\t\t\t\t\t<section class=\"elementor-section elementor-top-section elementor-element elementor-element-6d2288d4 elementor-section-boxed elementor-section-height-default elementor-section-height-default\" data-id=\"6d2288d4\" data-element_type=\"section\">\n\t\t\t\t\t\t<div class=\"elementor-container elementor-column-gap-default\">\n\t\t\t\t\t<div class=\"elementor-column elementor-col-100 elementor-top-column elementor-element elementor-element-4df1a417\" data-id=\"4df1a417\" data-element_type=\"column\">\n\t\t\t<div class=\"elementor-widget-wrap elementor-element-populated\">\n\t\t\t\t\t\t<div class=\"elementor-element elementor-element-7de6111c elementor-widget elementor-widget-text-editor\" data-id=\"7de6111c\" data-element_type=\"widget\" data-widget_type=\"text-editor.default\">\n\t\t\t\t<div class=\"elementor-widget-container\">\n\t\t\t\t\t\t\t\t\t<iframe src=\"https:\/\/player.vimeo.com\/video\/96126194?h=4533aab86c\" width=\"640\" height=\"480\" frameborder=\"0\" allowfullscreen=\"allowfullscreen\"><\/iframe>\r\n\r\nLe 4415 High Output (HO) vous offre le meilleur du chauffage et du style domestique avec son profil \u00e9l\u00e9gant et lin\u00e9aire et sa puissance calorifique impressionnante. Ce mod\u00e8le dispose de 42 000 BTU et est parfait pour fournir de la chaleur toute l&#8217;ann\u00e9e \u00e0 des espaces de vie jusqu&#8217;\u00e0 2 100 pieds carr\u00e9s. Ce foyer \u00ab \u00e0 face \u00e9pur\u00e9e \u00bb offre votre choix de garnitures \u00e9l\u00e9gantes et de belles options de finition pour compl\u00e9ter le d\u00e9cor de votre maison. Le 4415 HO est un mod\u00e8le Deluxe dot\u00e9 de la t\u00e9l\u00e9commande GreenSmart \u00ae , de lumi\u00e8res d&#8217;accentuation et d&#8217;un ventilateur de convection de 180 CFM.\r\n<ul>\r\n \t<li><span>Capacit\u00e9 de chauffage : jusqu&#8217;\u00e0 2 100 Pieds carr\u00e9<\/span><\/li>\r\n \t<li><span>Entr\u00e9e BTU par heure\u00a0: 21\u00a0672 (NG) 21\u00a0413 (LP) \u00e0 42\u00a0000 (NG\/LP)<\/span><\/li>\r\n \t<li><span>Efficacit\u00e9 en r\u00e9gime permanent\u00a0: jusqu&#8217;\u00e0 77,08\u00a0% (GN), 77,39\u00a0% (LP)<\/span><\/li>\r\n \t<li><span>Efficacit\u00e9 \u00c9nerGuide P4\u00a0: 63,41\u00a0% (GN), 64,14\u00a0% (LP)<\/span><\/li>\r\n \t<li><span>Zone de visualisation du verre : Verre c\u00e9ramique, 42 1\/8\u2033 x 13\u2033, 544 pouces carr\u00e9s<\/span><\/li>\r\n<\/ul>\r\n<img decoding=\"async\" src=\"https:\/\/www.fireplacex.com\/wp-content\/uploads\/4415HO_INSTALL_A.jpg\" \/>\r\n\r\n<img decoding=\"async\" src=\"https:\/\/www.fireplacex.com\/wp-content\/uploads\/4415HO_INSTALL_B.jpg\" \/>\r\n\r\n<img decoding=\"async\" src=\"https:\/\/www.fireplacex.com\/wp-content\/uploads\/4415HO_DIM.jpg\" \/>\t\t\t\t\t\t\t\t<\/div>\n\t\t\t\t<\/div>\n\t\t\t\t\t<\/div>\n\t\t<\/div>\n\t\t\t\t\t<\/div>\n\t\t<\/section>\n\t\t\t\t<section class=\"elementor-section elementor-top-section elementor-element elementor-element-8582742 elementor-section-boxed elementor-section-height-default elementor-section-height-default\" data-id=\"8582742\" data-element_type=\"section\">\n\t\t\t\t\t\t<div class=\"elementor-container elementor-column-gap-default\">\n\t\t\t\t\t<div class=\"elementor-column elementor-col-100 elementor-top-column elementor-element elementor-element-70e0767\" data-id=\"70e0767\" data-element_type=\"column\">\n\t\t\t<div class=\"elementor-widget-wrap elementor-element-populated\">\n\t\t\t\t\t\t<div class=\"elementor-element elementor-element-ac77fe9 elementor-tabs-view-horizontal elementor-widget elementor-widget-tabs\" data-id=\"ac77fe9\" data-element_type=\"widget\" data-widget_type=\"tabs.default\">\n\t\t\t\t<div class=\"elementor-widget-container\">\n\t\t\t\t\t\t\t<div class=\"elementor-tabs\">\n\t\t\t<div class=\"elementor-tabs-wrapper\" role=\"tablist\" >\n\t\t\t\t\t\t\t\t\t<div id=\"elementor-tab-title-1801\" class=\"elementor-tab-title elementor-tab-desktop-title\" aria-selected=\"true\" data-tab=\"1\" role=\"tab\" tabindex=\"0\" aria-controls=\"elementor-tab-content-1801\" aria-expanded=\"false\">Fichiers<\/div>\n\t\t\t\t\t\t\t<\/div>\n\t\t\t<div class=\"elementor-tabs-content-wrapper\" role=\"tablist\" aria-orientation=\"vertical\">\n\t\t\t\t\t\t\t\t\t<div class=\"elementor-tab-title elementor-tab-mobile-title\" aria-selected=\"true\" data-tab=\"1\" role=\"tab\" tabindex=\"0\" aria-controls=\"elementor-tab-content-1801\" aria-expanded=\"false\">Fichiers<\/div>\n\t\t\t\t\t<div id=\"elementor-tab-content-1801\" class=\"elementor-tab-content elementor-clearfix\" data-tab=\"1\" role=\"tabpanel\" aria-labelledby=\"elementor-tab-title-1801\" tabindex=\"0\" hidden=\"false\"><i class=\"far fa-file-pdf fa-xl\" style=\"font-size:35px\"><\/i><a href=\"https:\/\/www.belleflamme.ca\/wp-content\/uploads\/2023\/11\/SPF_4415HO_423.pdf\"> Flyer<\/a><\/br>\n<i class=\"far fa-file-pdf fa-xl\" style=\"font-size:35px\"><\/i><a href=\"https:\/\/www.belleflamme.ca\/wp-content\/uploads\/2023\/11\/98800726.pdf\"> Brochure<\/a><\/br>\n<i class=\"far fa-file-pdf fa-xl\" style=\"font-size:35px\"><\/i><a href=\"https:\/\/www.belleflamme.ca\/wp-content\/uploads\/2023\/11\/100-01353.pdf\"> Installation<\/a><\/br>\n<i class=\"far fa-file-pdf fa-xl\" style=\"font-size:35px\"><\/i><a href=\"https:\/\/www.belleflamme.ca\/wp-content\/uploads\/2023\/11\/100-01354.pdf\"> Manuel<\/a><\/br>\n<i class=\"far fa-file-pdf fa-xl\" style=\"font-size:35px\"><\/i><a href=\"https:\/\/www.belleflamme.ca\/wp-content\/uploads\/2023\/11\/17601818.pdf\"> Aide M\u00e9moire<\/a><\/br>\n<i class=\"far fa-file-pdf fa-xl\" style=\"font-size:35px\"><\/i><a href=\"https:\/\/www.belleflamme.ca\/wp-content\/uploads\/2023\/11\/17602168.pdf\"> Guide d&#8217;encadrement<\/a><\/br>\n<i class=\"far fa-file-pdf fa-xl\" style=\"font-size:35px\"><\/i><a href=\"https:\/\/www.belleflamme.ca\/wp-content\/uploads\/2023\/11\/17602227.pdf\"> Feuille de travail d&#8217;installation<\/a><\/br><\/div>\n\t\t\t\t\t\t\t<\/div>\n\t\t<\/div>\n\t\t\t\t\t\t<\/div>\n\t\t\t\t<\/div>\n\t\t\t\t\t<\/div>\n\t\t<\/div>\n\t\t\t\t\t<\/div>\n\t\t<\/section>\n\t\t\t\t<\/div>\n\t\t","protected":false},"excerpt":{"rendered":"<p>Le 4415 High Output (HO) vous offre le meilleur du chauffage et du style domestique avec son profil \u00e9l\u00e9gant et lin\u00e9aire et sa puissance calorifique impressionnante. Ce mod\u00e8le dispose de 42 000 BTU et est parfait pour fournir de la chaleur toute l&#8217;ann\u00e9e \u00e0 des espaces de vie jusqu&#8217;\u00e0 2 100 pieds carr\u00e9s. Ce foyer [&hellip;]<\/p>\n","protected":false},"featured_media":21982,"template":"","meta":{"inline_featured_image":false},"product_brand":[236],"product_cat":[33,35,37],"product_tag":[],"class_list":{"0":"post-21981","1":"product","2":"type-product","3":"status-publish","4":"has-post-thumbnail","6":"product_brand-fireplaces-xtrordinair","7":"product_cat-poeles-et-foyers","8":"product_cat-poeles-foyer-au-gaz","9":"product_cat-foyer-au-gaz","11":"first","12":"instock","13":"taxable","14":"shipping-taxable","15":"purchasable","16":"product-type-simple"},"yoast_head":"<!-- This site is optimized with the Yoast SEO Premium plugin v24.2 (Yoast SEO v24.2) - https:\/\/yoast.com\/wordpress\/plugins\/seo\/ -->\n<title>4415 HIGH OUTPUT DELUXE Fireplace Xtrordinair - Groupe BelleFlamme<\/title>\n<meta name=\"description\" content=\"4415 HIGH OUTPUT DELUXE Fireplace Xtrordinair vendu et install\u00e9 par le Groupe Belleflamme. Laval, Montr\u00e9al, Gatineau, Drummondville et Saint-Sauveur.\" \/>\n<meta name=\"robots\" content=\"index, follow, max-snippet:-1, max-image-preview:large, max-video-preview:-1\" \/>\n<link rel=\"canonical\" href=\"https:\/\/staging.belleflamme.ca\/fr\/produit\/4415-high-output-deluxe-fireplace-xtrordinair\/\" \/>\n<meta property=\"og:locale\" content=\"fr_FR\" \/>\n<meta property=\"og:type\" content=\"article\" \/>\n<meta property=\"og:title\" content=\"4415 HIGH OUTPUT DELUXE Fireplace Xtrordinair\" \/>\n<meta property=\"og:description\" content=\"4415 HIGH OUTPUT DELUXE Fireplace Xtrordinair vendu et install\u00e9 par le Groupe Belleflamme. Laval, Montr\u00e9al, Gatineau, Drummondville et Saint-Sauveur.\" \/>\n<meta property=\"og:url\" content=\"https:\/\/staging.belleflamme.ca\/fr\/produit\/4415-high-output-deluxe-fireplace-xtrordinair\/\" \/>\n<meta property=\"og:site_name\" content=\"Groupe BelleFlamme\" \/>\n<meta property=\"article:publisher\" content=\"https:\/\/www.facebook.com\/belleflamme.ca\/\" \/>\n<meta property=\"article:modified_time\" content=\"2025-05-15T17:37:59+00:00\" \/>\n<meta property=\"og:image\" content=\"https:\/\/www.belleflamme.ca\/wp-content\/uploads\/2023\/11\/4415-HIGH-OUTPUT-DELUXE-Fireplace-Xtrordinair.jpg\" \/>\n\t<meta property=\"og:image:width\" content=\"800\" \/>\n\t<meta property=\"og:image:height\" content=\"600\" \/>\n\t<meta property=\"og:image:type\" content=\"image\/jpeg\" \/>\n<meta name=\"twitter:card\" content=\"summary_large_image\" \/>\n<meta name=\"twitter:label1\" content=\"Prix\" \/>\n\t<meta name=\"twitter:data1\" content=\"&#036;9,306.00\" \/>\n\t<meta name=\"twitter:label2\" content=\"Disponibilit\u00e9\" \/>\n\t<meta name=\"twitter:data2\" content=\"En stock\" \/>\n<script type=\"application\/ld+json\" class=\"yoast-schema-graph\">{\"@context\":\"https:\/\/schema.org\",\"@graph\":[{\"@type\":[\"WebPage\",\"ItemPage\"],\"@id\":\"https:\/\/staging.belleflamme.ca\/fr\/produit\/4415-high-output-deluxe-fireplace-xtrordinair\/\",\"url\":\"https:\/\/staging.belleflamme.ca\/fr\/produit\/4415-high-output-deluxe-fireplace-xtrordinair\/\",\"name\":\"4415 HIGH OUTPUT DELUXE Fireplace Xtrordinair - Groupe BelleFlamme\",\"isPartOf\":{\"@id\":\"https:\/\/www.belleflamme.ca\/fr\/#website\"},\"primaryImageOfPage\":{\"@id\":\"https:\/\/staging.belleflamme.ca\/fr\/produit\/4415-high-output-deluxe-fireplace-xtrordinair\/#primaryimage\"},\"image\":{\"@id\":\"https:\/\/staging.belleflamme.ca\/fr\/produit\/4415-high-output-deluxe-fireplace-xtrordinair\/#primaryimage\"},\"thumbnailUrl\":\"https:\/\/staging.belleflamme.ca\/wp-content\/uploads\/2023\/11\/4415-HIGH-OUTPUT-DELUXE-Fireplace-Xtrordinair.jpg\",\"datePublished\":\"2023-11-24T14:58:20+00:00\",\"dateModified\":\"2025-05-15T17:37:59+00:00\",\"description\":\"4415 HIGH OUTPUT DELUXE Fireplace Xtrordinair [get_meta_en_fr]\",\"breadcrumb\":{\"@id\":\"https:\/\/staging.belleflamme.ca\/fr\/produit\/4415-high-output-deluxe-fireplace-xtrordinair\/#breadcrumb\"},\"inLanguage\":\"fr-FR\",\"potentialAction\":[{\"@type\":\"ReadAction\",\"target\":[\"https:\/\/staging.belleflamme.ca\/fr\/produit\/4415-high-output-deluxe-fireplace-xtrordinair\/\"]}]},{\"@type\":\"ImageObject\",\"inLanguage\":\"fr-FR\",\"@id\":\"https:\/\/staging.belleflamme.ca\/fr\/produit\/4415-high-output-deluxe-fireplace-xtrordinair\/#primaryimage\",\"url\":\"https:\/\/staging.belleflamme.ca\/wp-content\/uploads\/2023\/11\/4415-HIGH-OUTPUT-DELUXE-Fireplace-Xtrordinair.jpg\",\"contentUrl\":\"https:\/\/staging.belleflamme.ca\/wp-content\/uploads\/2023\/11\/4415-HIGH-OUTPUT-DELUXE-Fireplace-Xtrordinair.jpg\",\"width\":800,\"height\":600,\"caption\":\"4415 HIGH OUTPUT DELUXE Fireplace Xtrordinair\"},{\"@type\":\"BreadcrumbList\",\"@id\":\"https:\/\/staging.belleflamme.ca\/fr\/produit\/4415-high-output-deluxe-fireplace-xtrordinair\/#breadcrumb\",\"itemListElement\":[{\"@type\":\"ListItem\",\"position\":1,\"name\":\"Accueil\",\"item\":\"https:\/\/www.belleflamme.ca\/fr\/\"},{\"@type\":\"ListItem\",\"position\":2,\"name\":\"Boutique\",\"item\":\"https:\/\/www.belleflamme.ca\/fr\/boutique\/\"},{\"@type\":\"ListItem\",\"position\":3,\"name\":\"Po\u00eales &amp; Foyers\",\"item\":\"https:\/\/staging.belleflamme.ca\/fr\/categories\/poeles-et-foyers\/\"},{\"@type\":\"ListItem\",\"position\":4,\"name\":\"Po\u00eale &amp; Foyer au Gaz\",\"item\":\"https:\/\/staging.belleflamme.ca\/fr\/categories\/poeles-et-foyers\/poeles-foyer-au-gaz\/\"},{\"@type\":\"ListItem\",\"position\":5,\"name\":\"Foyer au Gaz\",\"item\":\"https:\/\/staging.belleflamme.ca\/fr\/categories\/poeles-et-foyers\/poeles-foyer-au-gaz\/foyer-au-gaz\/\"},{\"@type\":\"ListItem\",\"position\":6,\"name\":\"4415 HIGH OUTPUT DELUXE Fireplace Xtrordinair\"}]},{\"@type\":\"WebSite\",\"@id\":\"https:\/\/www.belleflamme.ca\/fr\/#website\",\"url\":\"https:\/\/www.belleflamme.ca\/fr\/\",\"name\":\"Groupe Belleflamme\",\"description\":\"La m\u00e9canique du b\u00e2timent dans le sang.\",\"publisher\":{\"@id\":\"https:\/\/www.belleflamme.ca\/fr\/#organization\"},\"potentialAction\":[{\"@type\":\"SearchAction\",\"target\":{\"@type\":\"EntryPoint\",\"urlTemplate\":\"https:\/\/www.belleflamme.ca\/fr\/?s={search_term_string}\"},\"query-input\":{\"@type\":\"PropertyValueSpecification\",\"valueRequired\":true,\"valueName\":\"search_term_string\"}}],\"inLanguage\":\"fr-FR\"},{\"@type\":[\"Organization\",\"Place\"],\"@id\":\"https:\/\/www.belleflamme.ca\/fr\/#organization\",\"name\":\"Groupe Belleflamme\",\"alternateName\":\"Belleflamme\",\"url\":\"https:\/\/www.belleflamme.ca\/fr\/\",\"logo\":{\"@type\":\"ImageObject\",\"inLanguage\":\"fr-FR\",\"@id\":\"https:\/\/www.belleflamme.ca\/fr\/#\/schema\/logo\/image\/\",\"url\":\"https:\/\/staging.belleflamme.ca\/wp-content\/uploads\/2023\/01\/og-image.jpg\",\"contentUrl\":\"https:\/\/staging.belleflamme.ca\/wp-content\/uploads\/2023\/01\/og-image.jpg\",\"width\":1200,\"height\":630,\"caption\":\"Groupe Belleflamme\"},\"image\":{\"@id\":\"https:\/\/www.belleflamme.ca\/fr\/#\/schema\/logo\/image\/\"},\"sameAs\":[\"https:\/\/www.facebook.com\/belleflamme.ca\/\",\"https:\/\/www.linkedin.com\/company\/belleflamme\/\",\"https:\/\/www.pinterest.ca\/groupebelleflamme\/\",\"https:\/\/www.instagram.com\/legroupebelleflamme\/\"],\"mainEntityOfPage\":{\"@id\":\"https:\/\/staging.belleflamme.ca\/fr\/produit\/4415-high-output-deluxe-fireplace-xtrordinair\/\"}}]}<\/script>\n<meta property=\"product:brand\" content=\"Fireplaces Xtrordinair\" \/>\n<meta property=\"product:price:amount\" content=\"9306.00\" \/>\n<meta property=\"product:price:currency\" content=\"CAD\" \/>\n<meta property=\"og:availability\" content=\"instock\" \/>\n<meta property=\"product:availability\" content=\"instock\" \/>\n<meta property=\"product:retailer_item_id\" content=\"98500328\" \/>\n<meta property=\"product:condition\" content=\"new\" \/>\n<!-- \/ Yoast SEO Premium plugin. -->","yoast_head_json":{"title":"4415 HIGH OUTPUT DELUXE Fireplace Xtrordinair - Groupe BelleFlamme","description":"4415 HIGH OUTPUT DELUXE Fireplace Xtrordinair vendu et install\u00e9 par le Groupe Belleflamme. Laval, Montr\u00e9al, Gatineau, Drummondville et Saint-Sauveur.","robots":{"index":"index","follow":"follow","max-snippet":"max-snippet:-1","max-image-preview":"max-image-preview:large","max-video-preview":"max-video-preview:-1"},"canonical":"https:\/\/staging.belleflamme.ca\/fr\/produit\/4415-high-output-deluxe-fireplace-xtrordinair\/","og_locale":"fr_FR","og_type":"article","og_title":"4415 HIGH OUTPUT DELUXE Fireplace Xtrordinair","og_description":"4415 HIGH OUTPUT DELUXE Fireplace Xtrordinair vendu et install\u00e9 par le Groupe Belleflamme. Laval, Montr\u00e9al, Gatineau, Drummondville et Saint-Sauveur.","og_url":"https:\/\/staging.belleflamme.ca\/fr\/produit\/4415-high-output-deluxe-fireplace-xtrordinair\/","og_site_name":"Groupe BelleFlamme","article_publisher":"https:\/\/www.facebook.com\/belleflamme.ca\/","article_modified_time":"2025-05-15T17:37:59+00:00","og_image":[{"width":800,"height":600,"url":"https:\/\/www.belleflamme.ca\/wp-content\/uploads\/2023\/11\/4415-HIGH-OUTPUT-DELUXE-Fireplace-Xtrordinair.jpg","type":"image\/jpeg"}],"twitter_card":"summary_large_image","twitter_misc":{"Prix":"&#36;9,306.00","Disponibilit\u00e9":"En stock"},"schema":{"@context":"https:\/\/schema.org","@graph":[{"@type":["WebPage","ItemPage"],"@id":"https:\/\/staging.belleflamme.ca\/fr\/produit\/4415-high-output-deluxe-fireplace-xtrordinair\/","url":"https:\/\/staging.belleflamme.ca\/fr\/produit\/4415-high-output-deluxe-fireplace-xtrordinair\/","name":"4415 HIGH OUTPUT DELUXE Fireplace Xtrordinair - Groupe BelleFlamme","isPartOf":{"@id":"https:\/\/www.belleflamme.ca\/fr\/#website"},"primaryImageOfPage":{"@id":"https:\/\/staging.belleflamme.ca\/fr\/produit\/4415-high-output-deluxe-fireplace-xtrordinair\/#primaryimage"},"image":{"@id":"https:\/\/staging.belleflamme.ca\/fr\/produit\/4415-high-output-deluxe-fireplace-xtrordinair\/#primaryimage"},"thumbnailUrl":"https:\/\/staging.belleflamme.ca\/wp-content\/uploads\/2023\/11\/4415-HIGH-OUTPUT-DELUXE-Fireplace-Xtrordinair.jpg","datePublished":"2023-11-24T14:58:20+00:00","dateModified":"2025-05-15T17:37:59+00:00","description":"4415 HIGH OUTPUT DELUXE Fireplace Xtrordinair [get_meta_en_fr]","breadcrumb":{"@id":"https:\/\/staging.belleflamme.ca\/fr\/produit\/4415-high-output-deluxe-fireplace-xtrordinair\/#breadcrumb"},"inLanguage":"fr-FR","potentialAction":[{"@type":"ReadAction","target":["https:\/\/staging.belleflamme.ca\/fr\/produit\/4415-high-output-deluxe-fireplace-xtrordinair\/"]}]},{"@type":"ImageObject","inLanguage":"fr-FR","@id":"https:\/\/staging.belleflamme.ca\/fr\/produit\/4415-high-output-deluxe-fireplace-xtrordinair\/#primaryimage","url":"https:\/\/staging.belleflamme.ca\/wp-content\/uploads\/2023\/11\/4415-HIGH-OUTPUT-DELUXE-Fireplace-Xtrordinair.jpg","contentUrl":"https:\/\/staging.belleflamme.ca\/wp-content\/uploads\/2023\/11\/4415-HIGH-OUTPUT-DELUXE-Fireplace-Xtrordinair.jpg","width":800,"height":600,"caption":"4415 HIGH OUTPUT DELUXE Fireplace Xtrordinair"},{"@type":"BreadcrumbList","@id":"https:\/\/staging.belleflamme.ca\/fr\/produit\/4415-high-output-deluxe-fireplace-xtrordinair\/#breadcrumb","itemListElement":[{"@type":"ListItem","position":1,"name":"Accueil","item":"https:\/\/www.belleflamme.ca\/fr\/"},{"@type":"ListItem","position":2,"name":"Boutique","item":"https:\/\/www.belleflamme.ca\/fr\/boutique\/"},{"@type":"ListItem","position":3,"name":"Po\u00eales &amp; Foyers","item":"https:\/\/staging.belleflamme.ca\/fr\/categories\/poeles-et-foyers\/"},{"@type":"ListItem","position":4,"name":"Po\u00eale &amp; Foyer au Gaz","item":"https:\/\/staging.belleflamme.ca\/fr\/categories\/poeles-et-foyers\/poeles-foyer-au-gaz\/"},{"@type":"ListItem","position":5,"name":"Foyer au Gaz","item":"https:\/\/staging.belleflamme.ca\/fr\/categories\/poeles-et-foyers\/poeles-foyer-au-gaz\/foyer-au-gaz\/"},{"@type":"ListItem","position":6,"name":"4415 HIGH OUTPUT DELUXE Fireplace Xtrordinair"}]},{"@type":"WebSite","@id":"https:\/\/www.belleflamme.ca\/fr\/#website","url":"https:\/\/www.belleflamme.ca\/fr\/","name":"Groupe Belleflamme","description":"La m\u00e9canique du b\u00e2timent dans le sang.","publisher":{"@id":"https:\/\/www.belleflamme.ca\/fr\/#organization"},"potentialAction":[{"@type":"SearchAction","target":{"@type":"EntryPoint","urlTemplate":"https:\/\/www.belleflamme.ca\/fr\/?s={search_term_string}"},"query-input":{"@type":"PropertyValueSpecification","valueRequired":true,"valueName":"search_term_string"}}],"inLanguage":"fr-FR"},{"@type":["Organization","Place"],"@id":"https:\/\/www.belleflamme.ca\/fr\/#organization","name":"Groupe Belleflamme","alternateName":"Belleflamme","url":"https:\/\/www.belleflamme.ca\/fr\/","logo":{"@type":"ImageObject","inLanguage":"fr-FR","@id":"https:\/\/www.belleflamme.ca\/fr\/#\/schema\/logo\/image\/","url":"https:\/\/staging.belleflamme.ca\/wp-content\/uploads\/2023\/01\/og-image.jpg","contentUrl":"https:\/\/staging.belleflamme.ca\/wp-content\/uploads\/2023\/01\/og-image.jpg","width":1200,"height":630,"caption":"Groupe Belleflamme"},"image":{"@id":"https:\/\/www.belleflamme.ca\/fr\/#\/schema\/logo\/image\/"},"sameAs":["https:\/\/www.facebook.com\/belleflamme.ca\/","https:\/\/www.linkedin.com\/company\/belleflamme\/","https:\/\/www.pinterest.ca\/groupebelleflamme\/","https:\/\/www.instagram.com\/legroupebelleflamme\/"],"mainEntityOfPage":{"@id":"https:\/\/staging.belleflamme.ca\/fr\/produit\/4415-high-output-deluxe-fireplace-xtrordinair\/"}}]},"product_brand":"Fireplaces Xtrordinair","product_price_amount":"9306.00","product_price_currency":"CAD","og_availability":"instock","product_availability":"instock","product_retailer_item_id":"98500328","product_condition":"new"},"_links":{"self":[{"href":"https:\/\/staging.belleflamme.ca\/fr\/wp-json\/wp\/v2\/product\/21981","targetHints":{"allow":["GET"]}}],"collection":[{"href":"https:\/\/staging.belleflamme.ca\/fr\/wp-json\/wp\/v2\/product"}],"about":[{"href":"https:\/\/staging.belleflamme.ca\/fr\/wp-json\/wp\/v2\/types\/product"}],"version-history":[{"count":6,"href":"https:\/\/staging.belleflamme.ca\/fr\/wp-json\/wp\/v2\/product\/21981\/revisions"}],"predecessor-version":[{"id":42840,"href":"https:\/\/staging.belleflamme.ca\/fr\/wp-json\/wp\/v2\/product\/21981\/revisions\/42840"}],"wp:featuredmedia":[{"embeddable":true,"href":"https:\/\/staging.belleflamme.ca\/fr\/wp-json\/wp\/v2\/media\/21982"}],"wp:attachment":[{"href":"https:\/\/staging.belleflamme.ca\/fr\/wp-json\/wp\/v2\/media?parent=21981"}],"wp:term":[{"taxonomy":"product_brand","embeddable":true,"href":"https:\/\/staging.belleflamme.ca\/fr\/wp-json\/wp\/v2\/product_brand?post=21981"},{"taxonomy":"product_cat","embeddable":true,"href":"https:\/\/staging.belleflamme.ca\/fr\/wp-json\/wp\/v2\/product_cat?post=21981"},{"taxonomy":"product_tag","embeddable":true,"href":"https:\/\/staging.belleflamme.ca\/fr\/wp-json\/wp\/v2\/product_tag?post=21981"}],"curies":[{"name":"wp","href":"https:\/\/api.w.org\/{rel}","templated":true}]}}