{"id":21805,"date":"2023-11-23T15:16:14","date_gmt":"2023-11-23T20:16:14","guid":{"rendered":"https:\/\/www.belleflamme.ca\/?post_type=product&#038;p=21805"},"modified":"2025-05-15T13:30:48","modified_gmt":"2025-05-15T17:30:48","slug":"4237-tv-ember-glo-deluxe-fireplace-xtrordinaire","status":"publish","type":"product","link":"https:\/\/staging.belleflamme.ca\/fr\/produit\/4237-tv-ember-glo-deluxe-fireplace-xtrordinaire\/","title":{"rendered":"4237 TV EMBER-GLO\u2122 DELUXE Fireplace Xtrordinaire"},"content":{"rendered":"\t\t<div data-elementor-type=\"product-post\" data-elementor-id=\"21805\" class=\"elementor elementor-21805\" data-elementor-post-type=\"product\">\n\t\t\t\t\t\t<section class=\"elementor-section elementor-top-section elementor-element elementor-element-a41e6ee elementor-section-boxed elementor-section-height-default elementor-section-height-default\" data-id=\"a41e6ee\" data-element_type=\"section\">\n\t\t\t\t\t\t<div class=\"elementor-container elementor-column-gap-default\">\n\t\t\t\t\t<div class=\"elementor-column elementor-col-100 elementor-top-column elementor-element elementor-element-707830ed\" data-id=\"707830ed\" data-element_type=\"column\">\n\t\t\t<div class=\"elementor-widget-wrap elementor-element-populated\">\n\t\t\t\t\t\t<div class=\"elementor-element elementor-element-6fd71dc1 elementor-widget elementor-widget-text-editor\" data-id=\"6fd71dc1\" data-element_type=\"widget\" data-widget_type=\"text-editor.default\">\n\t\t\t\t<div class=\"elementor-widget-container\">\n\t\t\t\t\t\t\t\t\t<p><iframe src=\"https:\/\/player.vimeo.com\/video\/639273752?h=7bd28be2bb\" width=\"640\" height=\"360\" frameborder=\"0\" allowfullscreen=\"allowfullscreen\"><\/iframe><br \/><br \/><\/p><p>Le plus grand de nos foyers haut de gamme, le 4237 Top Vent (TV) Deluxe est un incontournable massif qui est parfait pour les grandes pi\u00e8ces avec son verre de 42&#8243; de large sur 37&#8243; de haut et sa puissance calorifique g\u00e9n\u00e9reuse. La magie du 4237 r\u00e9side dans sa capacit\u00e9 \u00e0 exprimer l&#8217;attrait d&#8217;un foyer ouvert en ma\u00e7onnerie tout en incarnant la performance et la fonctionnalit\u00e9 de la technologie sup\u00e9rieure de chauffage au gaz de Fireplace Xtrordinair. Ce foyer est dot\u00e9 du nouveau br\u00fbleur Ember-Fyre \u00ae II, de l&#8217;\u00e9clairage du lit de braises Ember-Glo\u2122 et du Comfort Control\u2122, qui vous permet de r\u00e9duire la puissance calorifique jusqu&#8217;\u00e0 77 % tout en conservant un magnifique spectacle de feu toute l&#8217;ann\u00e9e. Ce mod\u00e8le est dot\u00e9 de portes doubles IronWorks\u2122 martel\u00e9es \u00e0 la main, peintes au charbon de bois.<\/p><p>Ce mod\u00e8le de luxe complet comprend la t\u00e9l\u00e9commande GreenSmart \u00ae , un ventilateur \u00e0 convection de 260 CFM et des lumi\u00e8res d&#8217;accentuation au plafond. Ajoutez l&#8217;option CoolSmart TV Wall\u2122 pour installer en toute s\u00e9curit\u00e9 un t\u00e9l\u00e9viseur au-dessus de ce foyer.<\/p><ul><li><span>Zone de visualisation du verre : Verre c\u00e9ramique, 39-7\/8\u2033 L x 34-7\/8\u2033 H, 1388 pieds carr\u00e9s.\u00a0Dans.<\/span><\/li><li><span>Capacit\u00e9 de chauffage : Jusqu&#8217;\u00e0 3 000 pieds carr\u00e9s<\/span><\/li><li><span>Entr\u00e9e BTU par heure\u00a0: 32\u00a0089 (NG) 30\u00a0887 (LP) \u00e0 60\u00a0000 (NG\/LP)<\/span><\/li><li><span>Efficacit\u00e9 en r\u00e9gime permanent\u00a0: jusqu&#8217;\u00e0 79,54\u00a0% (GN), 81,19\u00a0% (LP)<\/span><\/li><li><span>Efficacit\u00e9 \u00c9nerGuide P4\u00a0: 66,41\u00a0% (GN) 67,50\u00a0% (LP)<\/span><\/li><\/ul><p><img decoding=\"async\" src=\"https:\/\/www.fireplacex.com\/wp-content\/uploads\/4237_INSTALL_ANEw.jpg\" \/><\/p><p><img decoding=\"async\" src=\"https:\/\/www.fireplacex.com\/wp-content\/uploads\/4237_INSTALL_B.jpg\" \/><\/p><p><img decoding=\"async\" src=\"https:\/\/www.fireplacex.com\/wp-content\/uploads\/4237_INSTALL_C.jpg\" \/><\/p><p><img decoding=\"async\" src=\"https:\/\/www.fireplacex.com\/wp-content\/uploads\/4237EG_DIM.jpg\" \/><\/p>\t\t\t\t\t\t\t\t<\/div>\n\t\t\t\t<\/div>\n\t\t\t\t\t<\/div>\n\t\t<\/div>\n\t\t\t\t\t<\/div>\n\t\t<\/section>\n\t\t\t\t<section class=\"elementor-section elementor-top-section elementor-element elementor-element-b02e557 elementor-section-boxed elementor-section-height-default elementor-section-height-default\" data-id=\"b02e557\" data-element_type=\"section\">\n\t\t\t\t\t\t<div class=\"elementor-container elementor-column-gap-default\">\n\t\t\t\t\t<div class=\"elementor-column elementor-col-100 elementor-top-column elementor-element elementor-element-19f4e6d\" data-id=\"19f4e6d\" data-element_type=\"column\">\n\t\t\t<div class=\"elementor-widget-wrap elementor-element-populated\">\n\t\t\t\t\t\t<div class=\"elementor-element elementor-element-605cf7f elementor-tabs-view-horizontal elementor-widget elementor-widget-tabs\" data-id=\"605cf7f\" data-element_type=\"widget\" data-widget_type=\"tabs.default\">\n\t\t\t\t<div class=\"elementor-widget-container\">\n\t\t\t\t\t\t\t<div class=\"elementor-tabs\">\n\t\t\t<div class=\"elementor-tabs-wrapper\" role=\"tablist\" >\n\t\t\t\t\t\t\t\t\t<div id=\"elementor-tab-title-1011\" class=\"elementor-tab-title elementor-tab-desktop-title\" aria-selected=\"true\" data-tab=\"1\" role=\"tab\" tabindex=\"0\" aria-controls=\"elementor-tab-content-1011\" aria-expanded=\"false\">Fichiers<\/div>\n\t\t\t\t\t\t\t<\/div>\n\t\t\t<div class=\"elementor-tabs-content-wrapper\" role=\"tablist\" aria-orientation=\"vertical\">\n\t\t\t\t\t\t\t\t\t<div class=\"elementor-tab-title elementor-tab-mobile-title\" aria-selected=\"true\" data-tab=\"1\" role=\"tab\" tabindex=\"0\" aria-controls=\"elementor-tab-content-1011\" aria-expanded=\"false\">Fichiers<\/div>\n\t\t\t\t\t<div id=\"elementor-tab-content-1011\" class=\"elementor-tab-content elementor-clearfix\" data-tab=\"1\" role=\"tabpanel\" aria-labelledby=\"elementor-tab-title-1011\" tabindex=\"0\" hidden=\"false\"><i class=\"far fa-file-pdf fa-xl\" style=\"font-size:35px\"><\/i><a href=\"https:\/\/www.belleflamme.ca\/wp-content\/uploads\/2023\/11\/SPF_4237EG_634.pdf\"> Flyer<\/a><\/br>\n<i class=\"far fa-file-pdf fa-xl\" style=\"font-size:35px\"><\/i><a href=\"https:\/\/www.belleflamme.ca\/wp-content\/uploads\/2023\/11\/98800860.pdf\"> Brochure<\/a><\/br>\n<i class=\"far fa-file-pdf fa-xl\" style=\"font-size:35px\"><\/i><a href=\"https:\/\/www.belleflamme.ca\/wp-content\/uploads\/2023\/11\/100-01562.pdf\"> Manuel<\/a><\/br>\n<i class=\"far fa-file-pdf fa-xl\" style=\"font-size:35px\"><\/i><a href=\"https:\/\/www.belleflamme.ca\/wp-content\/uploads\/2023\/11\/100-01561.pdf\"> Installation<\/a><\/br>\n<i class=\"far fa-file-pdf fa-xl\" style=\"font-size:35px\"><\/i><a href=\"https:\/\/www.belleflamme.ca\/wp-content\/uploads\/2023\/11\/17602168.pdf\"> Guide d&#8217;encadrement<\/a><\/br>\n<i class=\"far fa-file-pdf fa-xl\" style=\"font-size:35px\"><\/i><a href=\"https:\/\/www.belleflamme.ca\/wp-content\/uploads\/2023\/11\/17602227.pdf\"> Feuille de travail d&#8217;installation<\/a><\/br><\/div>\n\t\t\t\t\t\t\t<\/div>\n\t\t<\/div>\n\t\t\t\t\t\t<\/div>\n\t\t\t\t<\/div>\n\t\t\t\t\t<\/div>\n\t\t<\/div>\n\t\t\t\t\t<\/div>\n\t\t<\/section>\n\t\t\t\t<\/div>\n\t\t","protected":false},"excerpt":{"rendered":"<p>Le plus grand de nos foyers haut de gamme, le 4237 Top Vent (TV) Deluxe est un incontournable massif qui est parfait pour les grandes pi\u00e8ces avec son verre de 42&#8243; de large sur 37&#8243; de haut et sa puissance calorifique g\u00e9n\u00e9reuse. La magie du 4237 r\u00e9side dans sa capacit\u00e9 \u00e0 exprimer l&#8217;attrait d&#8217;un foyer [&hellip;]<\/p>\n","protected":false},"featured_media":21806,"template":"","meta":{"inline_featured_image":false},"product_brand":[236],"product_cat":[33,35,37],"product_tag":[],"class_list":{"0":"post-21805","1":"product","2":"type-product","3":"status-publish","4":"has-post-thumbnail","6":"product_brand-fireplaces-xtrordinair","7":"product_cat-poeles-et-foyers","8":"product_cat-poeles-foyer-au-gaz","9":"product_cat-foyer-au-gaz","11":"first","12":"instock","13":"taxable","14":"shipping-taxable","15":"purchasable","16":"product-type-simple"},"yoast_head":"<!-- This site is optimized with the Yoast SEO Premium plugin v24.2 (Yoast SEO v24.2) - https:\/\/yoast.com\/wordpress\/plugins\/seo\/ -->\n<title>4237 TV EMBER-GLO\u2122 DELUXE Fireplace Xtrordinaire - Groupe BelleFlamme<\/title>\n<meta name=\"description\" content=\"4237 TV EMBER-GLO\u2122 DELUXE Fireplace Xtrordinaire vendu et install\u00e9 par le Groupe Belleflamme. Laval, Montr\u00e9al, Gatineau, Drummondville et Saint-Sauveur.\" \/>\n<meta name=\"robots\" content=\"index, follow, max-snippet:-1, max-image-preview:large, max-video-preview:-1\" \/>\n<link rel=\"canonical\" href=\"https:\/\/staging.belleflamme.ca\/fr\/produit\/4237-tv-ember-glo-deluxe-fireplace-xtrordinaire\/\" \/>\n<meta property=\"og:locale\" content=\"fr_FR\" \/>\n<meta property=\"og:type\" content=\"article\" \/>\n<meta property=\"og:title\" content=\"4237 TV EMBER-GLO\u2122 DELUXE Fireplace Xtrordinaire\" \/>\n<meta property=\"og:description\" content=\"4237 TV EMBER-GLO\u2122 DELUXE Fireplace Xtrordinaire vendu et install\u00e9 par le Groupe Belleflamme. Laval, Montr\u00e9al, Gatineau, Drummondville et Saint-Sauveur.\" \/>\n<meta property=\"og:url\" content=\"https:\/\/staging.belleflamme.ca\/fr\/produit\/4237-tv-ember-glo-deluxe-fireplace-xtrordinaire\/\" \/>\n<meta property=\"og:site_name\" content=\"Groupe BelleFlamme\" \/>\n<meta property=\"article:publisher\" content=\"https:\/\/www.facebook.com\/belleflamme.ca\/\" \/>\n<meta property=\"article:modified_time\" content=\"2025-05-15T17:30:48+00:00\" \/>\n<meta property=\"og:image\" content=\"https:\/\/www.belleflamme.ca\/wp-content\/uploads\/2023\/11\/4237-TV-EMBER-GLO\u2122-DELUXE-Fireplace-Xtrordinaire.jpg\" \/>\n\t<meta property=\"og:image:width\" content=\"800\" \/>\n\t<meta property=\"og:image:height\" content=\"600\" \/>\n\t<meta property=\"og:image:type\" content=\"image\/jpeg\" \/>\n<meta name=\"twitter:card\" content=\"summary_large_image\" \/>\n<meta name=\"twitter:label1\" content=\"Prix\" \/>\n\t<meta name=\"twitter:data1\" content=\"&#036;14,326.00\" \/>\n\t<meta name=\"twitter:label2\" content=\"Disponibilit\u00e9\" \/>\n\t<meta name=\"twitter:data2\" content=\"En stock\" \/>\n<script type=\"application\/ld+json\" class=\"yoast-schema-graph\">{\"@context\":\"https:\/\/schema.org\",\"@graph\":[{\"@type\":[\"WebPage\",\"ItemPage\"],\"@id\":\"https:\/\/staging.belleflamme.ca\/fr\/produit\/4237-tv-ember-glo-deluxe-fireplace-xtrordinaire\/\",\"url\":\"https:\/\/staging.belleflamme.ca\/fr\/produit\/4237-tv-ember-glo-deluxe-fireplace-xtrordinaire\/\",\"name\":\"4237 TV EMBER-GLO\u2122 DELUXE Fireplace Xtrordinaire - Groupe BelleFlamme\",\"isPartOf\":{\"@id\":\"https:\/\/www.belleflamme.ca\/fr\/#website\"},\"primaryImageOfPage\":{\"@id\":\"https:\/\/staging.belleflamme.ca\/fr\/produit\/4237-tv-ember-glo-deluxe-fireplace-xtrordinaire\/#primaryimage\"},\"image\":{\"@id\":\"https:\/\/staging.belleflamme.ca\/fr\/produit\/4237-tv-ember-glo-deluxe-fireplace-xtrordinaire\/#primaryimage\"},\"thumbnailUrl\":\"https:\/\/staging.belleflamme.ca\/wp-content\/uploads\/2023\/11\/4237-TV-EMBER-GLO\u2122-DELUXE-Fireplace-Xtrordinaire.jpg\",\"datePublished\":\"2023-11-23T20:16:14+00:00\",\"dateModified\":\"2025-05-15T17:30:48+00:00\",\"description\":\"4237 TV EMBER-GLO\u2122 DELUXE Fireplace Xtrordinaire [get_meta_en_fr]\",\"breadcrumb\":{\"@id\":\"https:\/\/staging.belleflamme.ca\/fr\/produit\/4237-tv-ember-glo-deluxe-fireplace-xtrordinaire\/#breadcrumb\"},\"inLanguage\":\"fr-FR\",\"potentialAction\":[{\"@type\":\"ReadAction\",\"target\":[\"https:\/\/staging.belleflamme.ca\/fr\/produit\/4237-tv-ember-glo-deluxe-fireplace-xtrordinaire\/\"]}]},{\"@type\":\"ImageObject\",\"inLanguage\":\"fr-FR\",\"@id\":\"https:\/\/staging.belleflamme.ca\/fr\/produit\/4237-tv-ember-glo-deluxe-fireplace-xtrordinaire\/#primaryimage\",\"url\":\"https:\/\/staging.belleflamme.ca\/wp-content\/uploads\/2023\/11\/4237-TV-EMBER-GLO\u2122-DELUXE-Fireplace-Xtrordinaire.jpg\",\"contentUrl\":\"https:\/\/staging.belleflamme.ca\/wp-content\/uploads\/2023\/11\/4237-TV-EMBER-GLO\u2122-DELUXE-Fireplace-Xtrordinaire.jpg\",\"width\":800,\"height\":600,\"caption\":\"4237 TV EMBER-GLO\u2122 DELUXE Fireplace Xtrordinaire\"},{\"@type\":\"BreadcrumbList\",\"@id\":\"https:\/\/staging.belleflamme.ca\/fr\/produit\/4237-tv-ember-glo-deluxe-fireplace-xtrordinaire\/#breadcrumb\",\"itemListElement\":[{\"@type\":\"ListItem\",\"position\":1,\"name\":\"Accueil\",\"item\":\"https:\/\/www.belleflamme.ca\/fr\/\"},{\"@type\":\"ListItem\",\"position\":2,\"name\":\"Boutique\",\"item\":\"https:\/\/www.belleflamme.ca\/fr\/boutique\/\"},{\"@type\":\"ListItem\",\"position\":3,\"name\":\"Po\u00eales &amp; Foyers\",\"item\":\"https:\/\/staging.belleflamme.ca\/fr\/categories\/poeles-et-foyers\/\"},{\"@type\":\"ListItem\",\"position\":4,\"name\":\"Po\u00eale &amp; Foyer au Gaz\",\"item\":\"https:\/\/staging.belleflamme.ca\/fr\/categories\/poeles-et-foyers\/poeles-foyer-au-gaz\/\"},{\"@type\":\"ListItem\",\"position\":5,\"name\":\"Foyer au Gaz\",\"item\":\"https:\/\/staging.belleflamme.ca\/fr\/categories\/poeles-et-foyers\/poeles-foyer-au-gaz\/foyer-au-gaz\/\"},{\"@type\":\"ListItem\",\"position\":6,\"name\":\"4237 TV EMBER-GLO\u2122 DELUXE Fireplace Xtrordinaire\"}]},{\"@type\":\"WebSite\",\"@id\":\"https:\/\/www.belleflamme.ca\/fr\/#website\",\"url\":\"https:\/\/www.belleflamme.ca\/fr\/\",\"name\":\"Groupe Belleflamme\",\"description\":\"La m\u00e9canique du b\u00e2timent dans le sang.\",\"publisher\":{\"@id\":\"https:\/\/www.belleflamme.ca\/fr\/#organization\"},\"potentialAction\":[{\"@type\":\"SearchAction\",\"target\":{\"@type\":\"EntryPoint\",\"urlTemplate\":\"https:\/\/www.belleflamme.ca\/fr\/?s={search_term_string}\"},\"query-input\":{\"@type\":\"PropertyValueSpecification\",\"valueRequired\":true,\"valueName\":\"search_term_string\"}}],\"inLanguage\":\"fr-FR\"},{\"@type\":[\"Organization\",\"Place\"],\"@id\":\"https:\/\/www.belleflamme.ca\/fr\/#organization\",\"name\":\"Groupe Belleflamme\",\"alternateName\":\"Belleflamme\",\"url\":\"https:\/\/www.belleflamme.ca\/fr\/\",\"logo\":{\"@type\":\"ImageObject\",\"inLanguage\":\"fr-FR\",\"@id\":\"https:\/\/www.belleflamme.ca\/fr\/#\/schema\/logo\/image\/\",\"url\":\"https:\/\/staging.belleflamme.ca\/wp-content\/uploads\/2023\/01\/og-image.jpg\",\"contentUrl\":\"https:\/\/staging.belleflamme.ca\/wp-content\/uploads\/2023\/01\/og-image.jpg\",\"width\":1200,\"height\":630,\"caption\":\"Groupe Belleflamme\"},\"image\":{\"@id\":\"https:\/\/www.belleflamme.ca\/fr\/#\/schema\/logo\/image\/\"},\"sameAs\":[\"https:\/\/www.facebook.com\/belleflamme.ca\/\",\"https:\/\/www.linkedin.com\/company\/belleflamme\/\",\"https:\/\/www.pinterest.ca\/groupebelleflamme\/\",\"https:\/\/www.instagram.com\/legroupebelleflamme\/\"],\"mainEntityOfPage\":{\"@id\":\"https:\/\/staging.belleflamme.ca\/fr\/produit\/4237-tv-ember-glo-deluxe-fireplace-xtrordinaire\/\"}}]}<\/script>\n<meta property=\"product:brand\" content=\"Fireplaces Xtrordinair\" \/>\n<meta property=\"product:price:amount\" content=\"14326.00\" \/>\n<meta property=\"product:price:currency\" content=\"CAD\" \/>\n<meta property=\"og:availability\" content=\"instock\" \/>\n<meta property=\"product:availability\" content=\"instock\" \/>\n<meta property=\"product:retailer_item_id\" content=\"98500344\" \/>\n<meta property=\"product:condition\" content=\"new\" \/>\n<!-- \/ Yoast SEO Premium plugin. -->","yoast_head_json":{"title":"4237 TV EMBER-GLO\u2122 DELUXE Fireplace Xtrordinaire - Groupe BelleFlamme","description":"4237 TV EMBER-GLO\u2122 DELUXE Fireplace Xtrordinaire vendu et install\u00e9 par le Groupe Belleflamme. Laval, Montr\u00e9al, Gatineau, Drummondville et Saint-Sauveur.","robots":{"index":"index","follow":"follow","max-snippet":"max-snippet:-1","max-image-preview":"max-image-preview:large","max-video-preview":"max-video-preview:-1"},"canonical":"https:\/\/staging.belleflamme.ca\/fr\/produit\/4237-tv-ember-glo-deluxe-fireplace-xtrordinaire\/","og_locale":"fr_FR","og_type":"article","og_title":"4237 TV EMBER-GLO\u2122 DELUXE Fireplace Xtrordinaire","og_description":"4237 TV EMBER-GLO\u2122 DELUXE Fireplace Xtrordinaire vendu et install\u00e9 par le Groupe Belleflamme. Laval, Montr\u00e9al, Gatineau, Drummondville et Saint-Sauveur.","og_url":"https:\/\/staging.belleflamme.ca\/fr\/produit\/4237-tv-ember-glo-deluxe-fireplace-xtrordinaire\/","og_site_name":"Groupe BelleFlamme","article_publisher":"https:\/\/www.facebook.com\/belleflamme.ca\/","article_modified_time":"2025-05-15T17:30:48+00:00","og_image":[{"width":800,"height":600,"url":"https:\/\/www.belleflamme.ca\/wp-content\/uploads\/2023\/11\/4237-TV-EMBER-GLO\u2122-DELUXE-Fireplace-Xtrordinaire.jpg","type":"image\/jpeg"}],"twitter_card":"summary_large_image","twitter_misc":{"Prix":"&#36;14,326.00","Disponibilit\u00e9":"En stock"},"schema":{"@context":"https:\/\/schema.org","@graph":[{"@type":["WebPage","ItemPage"],"@id":"https:\/\/staging.belleflamme.ca\/fr\/produit\/4237-tv-ember-glo-deluxe-fireplace-xtrordinaire\/","url":"https:\/\/staging.belleflamme.ca\/fr\/produit\/4237-tv-ember-glo-deluxe-fireplace-xtrordinaire\/","name":"4237 TV EMBER-GLO\u2122 DELUXE Fireplace Xtrordinaire - Groupe BelleFlamme","isPartOf":{"@id":"https:\/\/www.belleflamme.ca\/fr\/#website"},"primaryImageOfPage":{"@id":"https:\/\/staging.belleflamme.ca\/fr\/produit\/4237-tv-ember-glo-deluxe-fireplace-xtrordinaire\/#primaryimage"},"image":{"@id":"https:\/\/staging.belleflamme.ca\/fr\/produit\/4237-tv-ember-glo-deluxe-fireplace-xtrordinaire\/#primaryimage"},"thumbnailUrl":"https:\/\/staging.belleflamme.ca\/wp-content\/uploads\/2023\/11\/4237-TV-EMBER-GLO\u2122-DELUXE-Fireplace-Xtrordinaire.jpg","datePublished":"2023-11-23T20:16:14+00:00","dateModified":"2025-05-15T17:30:48+00:00","description":"4237 TV EMBER-GLO\u2122 DELUXE Fireplace Xtrordinaire [get_meta_en_fr]","breadcrumb":{"@id":"https:\/\/staging.belleflamme.ca\/fr\/produit\/4237-tv-ember-glo-deluxe-fireplace-xtrordinaire\/#breadcrumb"},"inLanguage":"fr-FR","potentialAction":[{"@type":"ReadAction","target":["https:\/\/staging.belleflamme.ca\/fr\/produit\/4237-tv-ember-glo-deluxe-fireplace-xtrordinaire\/"]}]},{"@type":"ImageObject","inLanguage":"fr-FR","@id":"https:\/\/staging.belleflamme.ca\/fr\/produit\/4237-tv-ember-glo-deluxe-fireplace-xtrordinaire\/#primaryimage","url":"https:\/\/staging.belleflamme.ca\/wp-content\/uploads\/2023\/11\/4237-TV-EMBER-GLO\u2122-DELUXE-Fireplace-Xtrordinaire.jpg","contentUrl":"https:\/\/staging.belleflamme.ca\/wp-content\/uploads\/2023\/11\/4237-TV-EMBER-GLO\u2122-DELUXE-Fireplace-Xtrordinaire.jpg","width":800,"height":600,"caption":"4237 TV EMBER-GLO\u2122 DELUXE Fireplace Xtrordinaire"},{"@type":"BreadcrumbList","@id":"https:\/\/staging.belleflamme.ca\/fr\/produit\/4237-tv-ember-glo-deluxe-fireplace-xtrordinaire\/#breadcrumb","itemListElement":[{"@type":"ListItem","position":1,"name":"Accueil","item":"https:\/\/www.belleflamme.ca\/fr\/"},{"@type":"ListItem","position":2,"name":"Boutique","item":"https:\/\/www.belleflamme.ca\/fr\/boutique\/"},{"@type":"ListItem","position":3,"name":"Po\u00eales &amp; Foyers","item":"https:\/\/staging.belleflamme.ca\/fr\/categories\/poeles-et-foyers\/"},{"@type":"ListItem","position":4,"name":"Po\u00eale &amp; Foyer au Gaz","item":"https:\/\/staging.belleflamme.ca\/fr\/categories\/poeles-et-foyers\/poeles-foyer-au-gaz\/"},{"@type":"ListItem","position":5,"name":"Foyer au Gaz","item":"https:\/\/staging.belleflamme.ca\/fr\/categories\/poeles-et-foyers\/poeles-foyer-au-gaz\/foyer-au-gaz\/"},{"@type":"ListItem","position":6,"name":"4237 TV EMBER-GLO\u2122 DELUXE Fireplace Xtrordinaire"}]},{"@type":"WebSite","@id":"https:\/\/www.belleflamme.ca\/fr\/#website","url":"https:\/\/www.belleflamme.ca\/fr\/","name":"Groupe Belleflamme","description":"La m\u00e9canique du b\u00e2timent dans le sang.","publisher":{"@id":"https:\/\/www.belleflamme.ca\/fr\/#organization"},"potentialAction":[{"@type":"SearchAction","target":{"@type":"EntryPoint","urlTemplate":"https:\/\/www.belleflamme.ca\/fr\/?s={search_term_string}"},"query-input":{"@type":"PropertyValueSpecification","valueRequired":true,"valueName":"search_term_string"}}],"inLanguage":"fr-FR"},{"@type":["Organization","Place"],"@id":"https:\/\/www.belleflamme.ca\/fr\/#organization","name":"Groupe Belleflamme","alternateName":"Belleflamme","url":"https:\/\/www.belleflamme.ca\/fr\/","logo":{"@type":"ImageObject","inLanguage":"fr-FR","@id":"https:\/\/www.belleflamme.ca\/fr\/#\/schema\/logo\/image\/","url":"https:\/\/staging.belleflamme.ca\/wp-content\/uploads\/2023\/01\/og-image.jpg","contentUrl":"https:\/\/staging.belleflamme.ca\/wp-content\/uploads\/2023\/01\/og-image.jpg","width":1200,"height":630,"caption":"Groupe Belleflamme"},"image":{"@id":"https:\/\/www.belleflamme.ca\/fr\/#\/schema\/logo\/image\/"},"sameAs":["https:\/\/www.facebook.com\/belleflamme.ca\/","https:\/\/www.linkedin.com\/company\/belleflamme\/","https:\/\/www.pinterest.ca\/groupebelleflamme\/","https:\/\/www.instagram.com\/legroupebelleflamme\/"],"mainEntityOfPage":{"@id":"https:\/\/staging.belleflamme.ca\/fr\/produit\/4237-tv-ember-glo-deluxe-fireplace-xtrordinaire\/"}}]},"product_brand":"Fireplaces Xtrordinair","product_price_amount":"14326.00","product_price_currency":"CAD","og_availability":"instock","product_availability":"instock","product_retailer_item_id":"98500344","product_condition":"new"},"_links":{"self":[{"href":"https:\/\/staging.belleflamme.ca\/fr\/wp-json\/wp\/v2\/product\/21805","targetHints":{"allow":["GET"]}}],"collection":[{"href":"https:\/\/staging.belleflamme.ca\/fr\/wp-json\/wp\/v2\/product"}],"about":[{"href":"https:\/\/staging.belleflamme.ca\/fr\/wp-json\/wp\/v2\/types\/product"}],"version-history":[{"count":8,"href":"https:\/\/staging.belleflamme.ca\/fr\/wp-json\/wp\/v2\/product\/21805\/revisions"}],"predecessor-version":[{"id":43276,"href":"https:\/\/staging.belleflamme.ca\/fr\/wp-json\/wp\/v2\/product\/21805\/revisions\/43276"}],"wp:featuredmedia":[{"embeddable":true,"href":"https:\/\/staging.belleflamme.ca\/fr\/wp-json\/wp\/v2\/media\/21806"}],"wp:attachment":[{"href":"https:\/\/staging.belleflamme.ca\/fr\/wp-json\/wp\/v2\/media?parent=21805"}],"wp:term":[{"taxonomy":"product_brand","embeddable":true,"href":"https:\/\/staging.belleflamme.ca\/fr\/wp-json\/wp\/v2\/product_brand?post=21805"},{"taxonomy":"product_cat","embeddable":true,"href":"https:\/\/staging.belleflamme.ca\/fr\/wp-json\/wp\/v2\/product_cat?post=21805"},{"taxonomy":"product_tag","embeddable":true,"href":"https:\/\/staging.belleflamme.ca\/fr\/wp-json\/wp\/v2\/product_tag?post=21805"}],"curies":[{"name":"wp","href":"https:\/\/api.w.org\/{rel}","templated":true}]}}