{"id":21200,"date":"2023-11-08T16:56:11","date_gmt":"2023-11-08T21:56:11","guid":{"rendered":"https:\/\/www.belleflamme.ca\/?post_type=product&#038;p=21200"},"modified":"2023-11-08T16:57:15","modified_gmt":"2023-11-08T21:57:15","slug":"encastrable-pour-poele-a-bois-nova-mf-fire","status":"publish","type":"product","link":"https:\/\/staging.belleflamme.ca\/fr\/produit\/encastrable-pour-poele-a-bois-nova-mf-fire\/","title":{"rendered":"Encastrable pour po\u00eale \u00e0 bois Nova MF Fire"},"content":{"rendered":"\t\t<div data-elementor-type=\"product-post\" data-elementor-id=\"21200\" class=\"elementor elementor-21200\" data-elementor-post-type=\"product\">\n\t\t\t\t\t\t<section class=\"elementor-section elementor-top-section elementor-element elementor-element-23132ba9 elementor-section-boxed elementor-section-height-default elementor-section-height-default\" data-id=\"23132ba9\" data-element_type=\"section\">\n\t\t\t\t\t\t<div class=\"elementor-container elementor-column-gap-default\">\n\t\t\t\t\t<div class=\"elementor-column elementor-col-100 elementor-top-column elementor-element elementor-element-57ef8a1b\" data-id=\"57ef8a1b\" data-element_type=\"column\">\n\t\t\t<div class=\"elementor-widget-wrap elementor-element-populated\">\n\t\t\t\t\t\t<div class=\"elementor-element elementor-element-54ee95b2 elementor-widget elementor-widget-text-editor\" data-id=\"54ee95b2\" data-element_type=\"widget\" data-widget_type=\"text-editor.default\">\n\t\t\t\t<div class=\"elementor-widget-container\">\n\t\t\t\t\t\t\t\t\t<span>Disponible aux \u00c9tats-Unis et au Canada.<\/span>\r\n<ul>\r\n \t<li><span>Conforme \u00e0 l&#8217;EPA 2020<\/span><\/li>\r\n \t<li><span>Allumez-le et profitez-en &#8211; aucun r\u00e9glage n&#8217;est n\u00e9cessaire<\/span><\/li>\r\n \t<li><span>Verre massif pour voir le feu<\/span><\/li>\r\n \t<li><span>Une version moderne de l&#8217;esth\u00e9tique d&#8217;une chemin\u00e9e traditionnelle<\/span><\/li>\r\n<\/ul>\r\nMin. Dimensions du foyer : 28\u2033 H x 33\u2033 L x 16\u2033 P\r\n<ul data-product=\"Nova 2\">\r\n \t<li><span>Dimension du foyer : 2,4 pi3<\/span><\/li>\r\n \t<li><span>Kit de garniture : 32\u2033 H x 44\u2033 L<\/span><\/li>\r\n \t<li><span>Max.\u00a0Puissance calorifique\u00a0: 75 000 BTU\/h<\/span><\/li>\r\n \t<li><span>Max.\u00a0Efficacit\u00e9\u00a0: 81\u00a0%<\/span><\/li>\r\n \t<li><span>\u00c9missions EPA\u00a0: 1,9\u00a0g\/h<\/span><\/li>\r\n \t<li><span>Souffleur\u00a0: 105\u00a0pi3\/min<\/span><\/li>\r\n \t<li><span>Taille des b\u00fbches : 22\u2033<\/span><\/li>\r\n \t<li><span>Appareil admissible au cr\u00e9dit d&#8217;imp\u00f4t f\u00e9d\u00e9ral de 26\u00a0%<\/span><\/li>\r\n<\/ul>\r\n<span>* Les foyers Nova 2 sont admissibles au cr\u00e9dit d&#8217;imp\u00f4t f\u00e9d\u00e9ral.<\/span>\t\t\t\t\t\t\t\t<\/div>\n\t\t\t\t<\/div>\n\t\t\t\t\t<\/div>\n\t\t<\/div>\n\t\t\t\t\t<\/div>\n\t\t<\/section>\n\t\t\t\t<section class=\"elementor-section elementor-top-section elementor-element elementor-element-a987e8f elementor-section-boxed elementor-section-height-default elementor-section-height-default\" data-id=\"a987e8f\" data-element_type=\"section\">\n\t\t\t\t\t\t<div class=\"elementor-container elementor-column-gap-default\">\n\t\t\t\t\t<div class=\"elementor-column elementor-col-100 elementor-top-column elementor-element elementor-element-955da39\" data-id=\"955da39\" data-element_type=\"column\">\n\t\t\t<div class=\"elementor-widget-wrap elementor-element-populated\">\n\t\t\t\t\t\t<div class=\"elementor-element elementor-element-e982809 elementor-tabs-view-horizontal elementor-widget elementor-widget-tabs\" data-id=\"e982809\" data-element_type=\"widget\" data-widget_type=\"tabs.default\">\n\t\t\t\t<div class=\"elementor-widget-container\">\n\t\t\t\t\t\t\t<div class=\"elementor-tabs\">\n\t\t\t<div class=\"elementor-tabs-wrapper\" role=\"tablist\" >\n\t\t\t\t\t\t\t\t\t<div id=\"elementor-tab-title-2441\" class=\"elementor-tab-title elementor-tab-desktop-title\" aria-selected=\"true\" data-tab=\"1\" role=\"tab\" tabindex=\"0\" aria-controls=\"elementor-tab-content-2441\" aria-expanded=\"false\">Fichiers<\/div>\n\t\t\t\t\t\t\t<\/div>\n\t\t\t<div class=\"elementor-tabs-content-wrapper\" role=\"tablist\" aria-orientation=\"vertical\">\n\t\t\t\t\t\t\t\t\t<div class=\"elementor-tab-title elementor-tab-mobile-title\" aria-selected=\"true\" data-tab=\"1\" role=\"tab\" tabindex=\"0\" aria-controls=\"elementor-tab-content-2441\" aria-expanded=\"false\">Fichiers<\/div>\n\t\t\t\t\t<div id=\"elementor-tab-content-2441\" class=\"elementor-tab-content elementor-clearfix\" data-tab=\"1\" role=\"tabpanel\" aria-labelledby=\"elementor-tab-title-2441\" tabindex=\"0\" hidden=\"false\"><i class=\"far fa-file-pdf fa-xl\" style=\"font-size:35px\"><\/i><a href=\"https:\/\/www.belleflamme.ca\/wp-content\/uploads\/2023\/11\/Nova-2-Insert-Owners-Manual-060122.pdf\"> Manuel<\/a><\/br><\/div>\n\t\t\t\t\t\t\t<\/div>\n\t\t<\/div>\n\t\t\t\t\t\t<\/div>\n\t\t\t\t<\/div>\n\t\t\t\t\t<\/div>\n\t\t<\/div>\n\t\t\t\t\t<\/div>\n\t\t<\/section>\n\t\t\t\t<\/div>\n\t\t","protected":false},"excerpt":{"rendered":"<p>Disponible aux \u00c9tats-Unis et au Canada. Conforme \u00e0 l&#8217;EPA 2020 Allumez-le et profitez-en &#8211; aucun r\u00e9glage n&#8217;est n\u00e9cessaire Verre massif pour voir le feu Une version moderne de l&#8217;esth\u00e9tique d&#8217;une chemin\u00e9e traditionnelle Min. Dimensions du foyer : 28\u2033 H x 33\u2033 L x 16\u2033 P Dimension du foyer : 2,4 pi3 Kit de garniture : [&hellip;]<\/p>\n","protected":false},"featured_media":21201,"template":"","meta":{"inline_featured_image":false},"product_brand":[755],"product_cat":[197,33,34,42],"product_tag":[],"class_list":{"0":"post-21200","1":"product","2":"type-product","3":"status-publish","4":"has-post-thumbnail","6":"product_brand-mf-fire","7":"product_cat-poele-au-bois","8":"product_cat-poeles-et-foyers","9":"product_cat-poeles-et-foyers-au-bois","10":"product_cat-encastrables-au-bois","12":"first","13":"instock","14":"taxable","15":"shipping-taxable","16":"purchasable","17":"product-type-variable"},"yoast_head":"<!-- This site is optimized with the Yoast SEO Premium plugin v24.2 (Yoast SEO v24.2) - https:\/\/yoast.com\/wordpress\/plugins\/seo\/ -->\n<title>Encastrable pour po\u00eale \u00e0 bois Nova MF Fire - Groupe BelleFlamme<\/title>\n<meta name=\"description\" content=\"Encastrable pour po\u00eale \u00e0 bois Nova MF Fire vendu et install\u00e9 par le Groupe Belleflamme. Laval, Montr\u00e9al, Gatineau, Drummondville et Saint-Sauveur.\" \/>\n<meta name=\"robots\" content=\"index, follow, max-snippet:-1, max-image-preview:large, max-video-preview:-1\" \/>\n<link rel=\"canonical\" href=\"https:\/\/staging.belleflamme.ca\/fr\/produit\/encastrable-pour-poele-a-bois-nova-mf-fire\/\" \/>\n<meta property=\"og:locale\" content=\"fr_FR\" \/>\n<meta property=\"og:type\" content=\"article\" \/>\n<meta property=\"og:title\" content=\"Encastrable pour po\u00eale \u00e0 bois Nova MF Fire\" \/>\n<meta property=\"og:description\" content=\"Encastrable pour po\u00eale \u00e0 bois Nova MF Fire vendu et install\u00e9 par le Groupe Belleflamme. Laval, Montr\u00e9al, Gatineau, Drummondville et Saint-Sauveur.\" \/>\n<meta property=\"og:url\" content=\"https:\/\/staging.belleflamme.ca\/fr\/produit\/encastrable-pour-poele-a-bois-nova-mf-fire\/\" \/>\n<meta property=\"og:site_name\" content=\"Groupe BelleFlamme\" \/>\n<meta property=\"article:publisher\" content=\"https:\/\/www.facebook.com\/belleflamme.ca\/\" \/>\n<meta property=\"article:modified_time\" content=\"2023-11-08T21:57:15+00:00\" \/>\n<meta property=\"og:image\" content=\"https:\/\/www.belleflamme.ca\/wp-content\/uploads\/2023\/11\/272519504_04_Fixed_Nova_New_Insert_Jun_5_2022-scaled-1.jpg\" \/>\n\t<meta property=\"og:image:width\" content=\"2560\" \/>\n\t<meta property=\"og:image:height\" content=\"1627\" \/>\n\t<meta property=\"og:image:type\" content=\"image\/jpeg\" \/>\n<meta name=\"twitter:card\" content=\"summary_large_image\" \/>\n<meta name=\"twitter:label1\" content=\"Disponibilit\u00e9\" \/>\n\t<meta name=\"twitter:data1\" content=\"En stock\" \/>\n<script type=\"application\/ld+json\" class=\"yoast-schema-graph\">{\"@context\":\"https:\/\/schema.org\",\"@graph\":[{\"@type\":[\"WebPage\",\"ItemPage\"],\"@id\":\"https:\/\/staging.belleflamme.ca\/fr\/produit\/encastrable-pour-poele-a-bois-nova-mf-fire\/\",\"url\":\"https:\/\/staging.belleflamme.ca\/fr\/produit\/encastrable-pour-poele-a-bois-nova-mf-fire\/\",\"name\":\"Encastrable pour po\u00eale \u00e0 bois Nova MF Fire - Groupe BelleFlamme\",\"isPartOf\":{\"@id\":\"https:\/\/www.belleflamme.ca\/fr\/#website\"},\"primaryImageOfPage\":{\"@id\":\"https:\/\/staging.belleflamme.ca\/fr\/produit\/encastrable-pour-poele-a-bois-nova-mf-fire\/#primaryimage\"},\"image\":{\"@id\":\"https:\/\/staging.belleflamme.ca\/fr\/produit\/encastrable-pour-poele-a-bois-nova-mf-fire\/#primaryimage\"},\"thumbnailUrl\":\"https:\/\/staging.belleflamme.ca\/wp-content\/uploads\/2023\/11\/272519504_04_Fixed_Nova_New_Insert_Jun_5_2022-scaled-1.jpg\",\"datePublished\":\"2023-11-08T21:56:11+00:00\",\"dateModified\":\"2023-11-08T21:57:15+00:00\",\"description\":\"Encastrable pour po\u00eale \u00e0 bois Nova MF Fire [get_meta_en_fr]\",\"breadcrumb\":{\"@id\":\"https:\/\/staging.belleflamme.ca\/fr\/produit\/encastrable-pour-poele-a-bois-nova-mf-fire\/#breadcrumb\"},\"inLanguage\":\"fr-FR\",\"potentialAction\":[{\"@type\":\"ReadAction\",\"target\":[\"https:\/\/staging.belleflamme.ca\/fr\/produit\/encastrable-pour-poele-a-bois-nova-mf-fire\/\"]}]},{\"@type\":\"ImageObject\",\"inLanguage\":\"fr-FR\",\"@id\":\"https:\/\/staging.belleflamme.ca\/fr\/produit\/encastrable-pour-poele-a-bois-nova-mf-fire\/#primaryimage\",\"url\":\"https:\/\/staging.belleflamme.ca\/wp-content\/uploads\/2023\/11\/272519504_04_Fixed_Nova_New_Insert_Jun_5_2022-scaled-1.jpg\",\"contentUrl\":\"https:\/\/staging.belleflamme.ca\/wp-content\/uploads\/2023\/11\/272519504_04_Fixed_Nova_New_Insert_Jun_5_2022-scaled-1.jpg\",\"width\":2560,\"height\":1627,\"caption\":\"Encastrable pour po\u00eale \u00e0 bois Nova Mf Fire\"},{\"@type\":\"BreadcrumbList\",\"@id\":\"https:\/\/staging.belleflamme.ca\/fr\/produit\/encastrable-pour-poele-a-bois-nova-mf-fire\/#breadcrumb\",\"itemListElement\":[{\"@type\":\"ListItem\",\"position\":1,\"name\":\"Accueil\",\"item\":\"https:\/\/www.belleflamme.ca\/fr\/\"},{\"@type\":\"ListItem\",\"position\":2,\"name\":\"Boutique\",\"item\":\"https:\/\/www.belleflamme.ca\/fr\/boutique\/\"},{\"@type\":\"ListItem\",\"position\":3,\"name\":\"Po\u00eales &amp; Foyers\",\"item\":\"https:\/\/staging.belleflamme.ca\/fr\/categories\/poeles-et-foyers\/\"},{\"@type\":\"ListItem\",\"position\":4,\"name\":\"Po\u00eales &amp; Foyers au Bois\",\"item\":\"https:\/\/staging.belleflamme.ca\/fr\/categories\/poeles-et-foyers\/poeles-et-foyers-au-bois\/\"},{\"@type\":\"ListItem\",\"position\":5,\"name\":\"Encastrables au Bois\",\"item\":\"https:\/\/staging.belleflamme.ca\/fr\/categories\/poeles-et-foyers\/poeles-et-foyers-au-bois\/encastrables-au-bois\/\"},{\"@type\":\"ListItem\",\"position\":6,\"name\":\"Encastrable pour po\u00eale \u00e0 bois Nova MF Fire\"}]},{\"@type\":\"WebSite\",\"@id\":\"https:\/\/www.belleflamme.ca\/fr\/#website\",\"url\":\"https:\/\/www.belleflamme.ca\/fr\/\",\"name\":\"Groupe Belleflamme\",\"description\":\"La m\u00e9canique du b\u00e2timent dans le sang.\",\"publisher\":{\"@id\":\"https:\/\/www.belleflamme.ca\/fr\/#organization\"},\"potentialAction\":[{\"@type\":\"SearchAction\",\"target\":{\"@type\":\"EntryPoint\",\"urlTemplate\":\"https:\/\/www.belleflamme.ca\/fr\/?s={search_term_string}\"},\"query-input\":{\"@type\":\"PropertyValueSpecification\",\"valueRequired\":true,\"valueName\":\"search_term_string\"}}],\"inLanguage\":\"fr-FR\"},{\"@type\":[\"Organization\",\"Place\"],\"@id\":\"https:\/\/www.belleflamme.ca\/fr\/#organization\",\"name\":\"Groupe Belleflamme\",\"alternateName\":\"Belleflamme\",\"url\":\"https:\/\/www.belleflamme.ca\/fr\/\",\"logo\":{\"@type\":\"ImageObject\",\"inLanguage\":\"fr-FR\",\"@id\":\"https:\/\/www.belleflamme.ca\/fr\/#\/schema\/logo\/image\/\",\"url\":\"https:\/\/staging.belleflamme.ca\/wp-content\/uploads\/2023\/01\/og-image.jpg\",\"contentUrl\":\"https:\/\/staging.belleflamme.ca\/wp-content\/uploads\/2023\/01\/og-image.jpg\",\"width\":1200,\"height\":630,\"caption\":\"Groupe Belleflamme\"},\"image\":{\"@id\":\"https:\/\/www.belleflamme.ca\/fr\/#\/schema\/logo\/image\/\"},\"sameAs\":[\"https:\/\/www.facebook.com\/belleflamme.ca\/\",\"https:\/\/www.linkedin.com\/company\/belleflamme\/\",\"https:\/\/www.pinterest.ca\/groupebelleflamme\/\",\"https:\/\/www.instagram.com\/legroupebelleflamme\/\"],\"mainEntityOfPage\":{\"@id\":\"https:\/\/staging.belleflamme.ca\/fr\/produit\/encastrable-pour-poele-a-bois-nova-mf-fire\/\"}}]}<\/script>\n<meta property=\"product:brand\" content=\"MF Fire\" \/>\n<meta property=\"og:availability\" content=\"instock\" \/>\n<meta property=\"product:availability\" content=\"instock\" \/>\n<meta property=\"product:condition\" content=\"new\" \/>\n<!-- \/ Yoast SEO Premium plugin. -->","yoast_head_json":{"title":"Encastrable pour po\u00eale \u00e0 bois Nova MF Fire - Groupe BelleFlamme","description":"Encastrable pour po\u00eale \u00e0 bois Nova MF Fire vendu et install\u00e9 par le Groupe Belleflamme. Laval, Montr\u00e9al, Gatineau, Drummondville et Saint-Sauveur.","robots":{"index":"index","follow":"follow","max-snippet":"max-snippet:-1","max-image-preview":"max-image-preview:large","max-video-preview":"max-video-preview:-1"},"canonical":"https:\/\/staging.belleflamme.ca\/fr\/produit\/encastrable-pour-poele-a-bois-nova-mf-fire\/","og_locale":"fr_FR","og_type":"article","og_title":"Encastrable pour po\u00eale \u00e0 bois Nova MF Fire","og_description":"Encastrable pour po\u00eale \u00e0 bois Nova MF Fire vendu et install\u00e9 par le Groupe Belleflamme. Laval, Montr\u00e9al, Gatineau, Drummondville et Saint-Sauveur.","og_url":"https:\/\/staging.belleflamme.ca\/fr\/produit\/encastrable-pour-poele-a-bois-nova-mf-fire\/","og_site_name":"Groupe BelleFlamme","article_publisher":"https:\/\/www.facebook.com\/belleflamme.ca\/","article_modified_time":"2023-11-08T21:57:15+00:00","og_image":[{"width":2560,"height":1627,"url":"https:\/\/www.belleflamme.ca\/wp-content\/uploads\/2023\/11\/272519504_04_Fixed_Nova_New_Insert_Jun_5_2022-scaled-1.jpg","type":"image\/jpeg"}],"twitter_card":"summary_large_image","twitter_misc":{"Disponibilit\u00e9":"En stock"},"schema":{"@context":"https:\/\/schema.org","@graph":[{"@type":["WebPage","ItemPage"],"@id":"https:\/\/staging.belleflamme.ca\/fr\/produit\/encastrable-pour-poele-a-bois-nova-mf-fire\/","url":"https:\/\/staging.belleflamme.ca\/fr\/produit\/encastrable-pour-poele-a-bois-nova-mf-fire\/","name":"Encastrable pour po\u00eale \u00e0 bois Nova MF Fire - Groupe BelleFlamme","isPartOf":{"@id":"https:\/\/www.belleflamme.ca\/fr\/#website"},"primaryImageOfPage":{"@id":"https:\/\/staging.belleflamme.ca\/fr\/produit\/encastrable-pour-poele-a-bois-nova-mf-fire\/#primaryimage"},"image":{"@id":"https:\/\/staging.belleflamme.ca\/fr\/produit\/encastrable-pour-poele-a-bois-nova-mf-fire\/#primaryimage"},"thumbnailUrl":"https:\/\/staging.belleflamme.ca\/wp-content\/uploads\/2023\/11\/272519504_04_Fixed_Nova_New_Insert_Jun_5_2022-scaled-1.jpg","datePublished":"2023-11-08T21:56:11+00:00","dateModified":"2023-11-08T21:57:15+00:00","description":"Encastrable pour po\u00eale \u00e0 bois Nova MF Fire [get_meta_en_fr]","breadcrumb":{"@id":"https:\/\/staging.belleflamme.ca\/fr\/produit\/encastrable-pour-poele-a-bois-nova-mf-fire\/#breadcrumb"},"inLanguage":"fr-FR","potentialAction":[{"@type":"ReadAction","target":["https:\/\/staging.belleflamme.ca\/fr\/produit\/encastrable-pour-poele-a-bois-nova-mf-fire\/"]}]},{"@type":"ImageObject","inLanguage":"fr-FR","@id":"https:\/\/staging.belleflamme.ca\/fr\/produit\/encastrable-pour-poele-a-bois-nova-mf-fire\/#primaryimage","url":"https:\/\/staging.belleflamme.ca\/wp-content\/uploads\/2023\/11\/272519504_04_Fixed_Nova_New_Insert_Jun_5_2022-scaled-1.jpg","contentUrl":"https:\/\/staging.belleflamme.ca\/wp-content\/uploads\/2023\/11\/272519504_04_Fixed_Nova_New_Insert_Jun_5_2022-scaled-1.jpg","width":2560,"height":1627,"caption":"Encastrable pour po\u00eale \u00e0 bois Nova Mf Fire"},{"@type":"BreadcrumbList","@id":"https:\/\/staging.belleflamme.ca\/fr\/produit\/encastrable-pour-poele-a-bois-nova-mf-fire\/#breadcrumb","itemListElement":[{"@type":"ListItem","position":1,"name":"Accueil","item":"https:\/\/www.belleflamme.ca\/fr\/"},{"@type":"ListItem","position":2,"name":"Boutique","item":"https:\/\/www.belleflamme.ca\/fr\/boutique\/"},{"@type":"ListItem","position":3,"name":"Po\u00eales &amp; Foyers","item":"https:\/\/staging.belleflamme.ca\/fr\/categories\/poeles-et-foyers\/"},{"@type":"ListItem","position":4,"name":"Po\u00eales &amp; Foyers au Bois","item":"https:\/\/staging.belleflamme.ca\/fr\/categories\/poeles-et-foyers\/poeles-et-foyers-au-bois\/"},{"@type":"ListItem","position":5,"name":"Encastrables au Bois","item":"https:\/\/staging.belleflamme.ca\/fr\/categories\/poeles-et-foyers\/poeles-et-foyers-au-bois\/encastrables-au-bois\/"},{"@type":"ListItem","position":6,"name":"Encastrable pour po\u00eale \u00e0 bois Nova MF Fire"}]},{"@type":"WebSite","@id":"https:\/\/www.belleflamme.ca\/fr\/#website","url":"https:\/\/www.belleflamme.ca\/fr\/","name":"Groupe Belleflamme","description":"La m\u00e9canique du b\u00e2timent dans le sang.","publisher":{"@id":"https:\/\/www.belleflamme.ca\/fr\/#organization"},"potentialAction":[{"@type":"SearchAction","target":{"@type":"EntryPoint","urlTemplate":"https:\/\/www.belleflamme.ca\/fr\/?s={search_term_string}"},"query-input":{"@type":"PropertyValueSpecification","valueRequired":true,"valueName":"search_term_string"}}],"inLanguage":"fr-FR"},{"@type":["Organization","Place"],"@id":"https:\/\/www.belleflamme.ca\/fr\/#organization","name":"Groupe Belleflamme","alternateName":"Belleflamme","url":"https:\/\/www.belleflamme.ca\/fr\/","logo":{"@type":"ImageObject","inLanguage":"fr-FR","@id":"https:\/\/www.belleflamme.ca\/fr\/#\/schema\/logo\/image\/","url":"https:\/\/staging.belleflamme.ca\/wp-content\/uploads\/2023\/01\/og-image.jpg","contentUrl":"https:\/\/staging.belleflamme.ca\/wp-content\/uploads\/2023\/01\/og-image.jpg","width":1200,"height":630,"caption":"Groupe Belleflamme"},"image":{"@id":"https:\/\/www.belleflamme.ca\/fr\/#\/schema\/logo\/image\/"},"sameAs":["https:\/\/www.facebook.com\/belleflamme.ca\/","https:\/\/www.linkedin.com\/company\/belleflamme\/","https:\/\/www.pinterest.ca\/groupebelleflamme\/","https:\/\/www.instagram.com\/legroupebelleflamme\/"],"mainEntityOfPage":{"@id":"https:\/\/staging.belleflamme.ca\/fr\/produit\/encastrable-pour-poele-a-bois-nova-mf-fire\/"}}]},"product_brand":"MF Fire","og_availability":"instock","product_availability":"instock","product_condition":"new"},"_links":{"self":[{"href":"https:\/\/staging.belleflamme.ca\/fr\/wp-json\/wp\/v2\/product\/21200","targetHints":{"allow":["GET"]}}],"collection":[{"href":"https:\/\/staging.belleflamme.ca\/fr\/wp-json\/wp\/v2\/product"}],"about":[{"href":"https:\/\/staging.belleflamme.ca\/fr\/wp-json\/wp\/v2\/types\/product"}],"version-history":[{"count":4,"href":"https:\/\/staging.belleflamme.ca\/fr\/wp-json\/wp\/v2\/product\/21200\/revisions"}],"predecessor-version":[{"id":21211,"href":"https:\/\/staging.belleflamme.ca\/fr\/wp-json\/wp\/v2\/product\/21200\/revisions\/21211"}],"wp:featuredmedia":[{"embeddable":true,"href":"https:\/\/staging.belleflamme.ca\/fr\/wp-json\/wp\/v2\/media\/21201"}],"wp:attachment":[{"href":"https:\/\/staging.belleflamme.ca\/fr\/wp-json\/wp\/v2\/media?parent=21200"}],"wp:term":[{"taxonomy":"product_brand","embeddable":true,"href":"https:\/\/staging.belleflamme.ca\/fr\/wp-json\/wp\/v2\/product_brand?post=21200"},{"taxonomy":"product_cat","embeddable":true,"href":"https:\/\/staging.belleflamme.ca\/fr\/wp-json\/wp\/v2\/product_cat?post=21200"},{"taxonomy":"product_tag","embeddable":true,"href":"https:\/\/staging.belleflamme.ca\/fr\/wp-json\/wp\/v2\/product_tag?post=21200"}],"curies":[{"name":"wp","href":"https:\/\/api.w.org\/{rel}","templated":true}]}}