{"id":21093,"date":"2023-11-08T15:30:25","date_gmt":"2023-11-08T20:30:25","guid":{"rendered":"https:\/\/www.belleflamme.ca\/?post_type=product&#038;p=21093"},"modified":"2023-11-08T15:35:39","modified_gmt":"2023-11-08T20:35:39","slug":"foyer-electrique-lineaire-wm-fml-stl-avec-facade-en-acier-amantii","status":"publish","type":"product","link":"https:\/\/staging.belleflamme.ca\/fr\/produit\/foyer-electrique-lineaire-wm-fml-stl-avec-facade-en-acier-amantii\/","title":{"rendered":"Foyer \u00e9lectrique lin\u00e9aire WM-FML-STL avec facade en acier Amantii"},"content":{"rendered":"\t\t<div data-elementor-type=\"product-post\" data-elementor-id=\"21093\" class=\"elementor elementor-21093\" data-elementor-post-type=\"product\">\n\t\t\t\t\t\t<section class=\"elementor-section elementor-top-section elementor-element elementor-element-20b5a8fb elementor-section-boxed elementor-section-height-default elementor-section-height-default\" data-id=\"20b5a8fb\" data-element_type=\"section\">\n\t\t\t\t\t\t<div class=\"elementor-container elementor-column-gap-default\">\n\t\t\t\t\t<div class=\"elementor-column elementor-col-100 elementor-top-column elementor-element elementor-element-48cbacd9\" data-id=\"48cbacd9\" data-element_type=\"column\">\n\t\t\t<div class=\"elementor-widget-wrap elementor-element-populated\">\n\t\t\t\t\t\t<div class=\"elementor-element elementor-element-5d3aeff2 elementor-widget elementor-widget-text-editor\" data-id=\"5d3aeff2\" data-element_type=\"widget\" data-widget_type=\"text-editor.default\">\n\t\t\t\t<div class=\"elementor-widget-container\">\n\t\t\t\t\t\t\t\t\t<strong><span>Tailles\u00a0: WM-FML-26-3223-STL, WM-FML-34-4023-STL, WM-FML-48-5523-STL, WM-FML-60-6623-STL, WM-FML-72-7823- STL, WM-FML-88-9623-STL<\/span><\/strong>\r\n<ul>\r\n \t<li><span>Peut \u00eatre encastr\u00e9 ou fix\u00e9 au mur avec les supports inclus.<\/span><\/li>\r\n \t<li><span>La chaleur est \u00e9mise par une seule fente situ\u00e9e sur la face du contour.<\/span><\/li>\r\n \t<li><span>Pr\u00e9sentation de flammes de pointe : pr\u00e9sentation de flammes vibrantes et multicolores de pointe \u2013 passez du jaune \u00e0 l&#8217;orange en passant par le rouge d&#8217;un simple clic sur la t\u00e9l\u00e9commande.<\/span><\/li>\r\n \t<li><span>Po\u00eale en acier au fini m\u00e9tallique anthracite brillant<\/span><\/li>\r\n \t<li><span>Pav\u00e9 tactile avec affichage de la temp\u00e9rature<\/span><\/li>\r\n \t<li><span>Derni\u00e8re technologie d&#8217;\u00e9clairage LED<\/span><\/li>\r\n \t<li><span>13 couleurs de r\u00e9tro\u00e9clairage surround<\/span><\/li>\r\n \t<li><span>Pr\u00eat pour le c\u00e2blage<\/span><\/li>\r\n \t<li><span>Thermostat pr\u00eat \u00e0 \u00eatre c\u00e2bl\u00e9<\/span><\/li>\r\n \t<li><span>Peut produire jusqu&#8217;\u00e0 5 000 BTU de chaleur, suffisamment pour chauffer jusqu&#8217;\u00e0 500 pieds carr\u00e9s<\/span><\/li>\r\n \t<li><span>Prise sur le c\u00f4t\u00e9 gauche<\/span><\/li>\r\n \t<li><span>La chaleur peut fonctionner sans flamme<\/span><\/li>\r\n \t<li><span>T\u00e9l\u00e9commande unique pour la flamme, le r\u00e9tro\u00e9clairage surround et le chauffage inclus.<\/span><\/li>\r\n<\/ul>\r\n<span>Le WM-FML-STL, la s\u00e9rie de foyers \u00e9lectriques muraux Amantii, est dot\u00e9 d&#8217;un contour en acier de couleur anthracite profond.\u00a0Le contour en acier pr\u00e9sente des proportions esth\u00e9tiques et comporte un pav\u00e9 tactile avec affichage num\u00e9rique de la temp\u00e9rature.<\/span>\r\n\r\n<span>La chaleur est \u00e9mise \u00e0 travers la face situ\u00e9e sous la zone de visualisation du verre, permettant une installation encastr\u00e9e et constitue l&#8217;id\u00e9e d&#8217;un foyer \u00e9lectrique mural.\u00a0Si l&#8217;encastrement n&#8217;est pas une option, ce mod\u00e8le est \u00e9galement mural et parfait dans les appartements ou dans les endroits o\u00f9 la r\u00e9novation ou la construction n&#8217;est pas une option.<\/span>\r\n\r\n<span>Disponible en 7 tailles, vous trouverez un foyer WM-FML-STL parfait pour n&#8217;importe quel espace de votre maison, de votre entreprise ou de votre espace commercial.<\/span>\r\n\r\n<span>La s\u00e9rie WM-FML-STL est livr\u00e9e en standard avec des supports d\u00e9coratifs transparents.\u00a0D\u2019autres options multim\u00e9dias sont disponibles pour un achat suppl\u00e9mentaire.<\/span>\r\n<h3><span>Accessoires inclus<\/span><\/h3>\r\n<span>Le WM-FML-STL est livr\u00e9 en standard avec un support d\u00e9coratif Clear et une t\u00e9l\u00e9commande multifonction qui ajuste la chaleur, le r\u00e9tro\u00e9clairage surround, la couleur de la flamme et l&#8217;intensit\u00e9.<\/span>\r\n\r\n&nbsp;\r\n\r\n<strong><span>Pr\u00e9sentation Flamme<\/span><\/strong>\r\n<div>\r\n<div>\r\n\r\n<span>Pr\u00e9sentation de flammes vibrantes et multicolores de pointe \u2013 passez du jaune \u00e0 l&#8217;orange en passant par le rouge d&#8217;un simple clic sur la t\u00e9l\u00e9commande.\u00a0Tout peut \u00eatre fait s\u00e9par\u00e9ment et m\u00e9lang\u00e9 pour cr\u00e9er de nombreuses combinaisons.<\/span>\r\n\r\n<\/div>\r\n<div><img fetchpriority=\"high\" decoding=\"async\" class=\"size-full wp-image-23575 aligncenter\" src=\"https:\/\/amantii.com\/wp-content\/uploads\/2019\/09\/Amantii-Flame-Colors-Media-TRD-INSERT-BESPOKE.jpg\" sizes=\"(max-width: 600px) 100vw, 600px\" srcset=\"https:\/\/amantii.com\/wp-content\/uploads\/2019\/09\/Amantii-Flame-Colors-Media-TRD-INSERT-BESPOKE-200x74.jpg 200w, https:\/\/amantii.com\/wp-content\/uploads\/2019\/09\/Amantii-Flame-Colors-Media-TRD-INSERT-BESPOKE-300x112.jpg 300w, https:\/\/amantii.com\/wp-content\/uploads\/2019\/09\/Amantii-Flame-Colors-Media-TRD-INSERT-BESPOKE-400x149.jpg 400w, https:\/\/amantii.com\/wp-content\/uploads\/2019\/09\/Amantii-Flame-Colors-Media-TRD-INSERT-BESPOKE-500x186.jpg 500w, https:\/\/amantii.com\/wp-content\/uploads\/2019\/09\/Amantii-Flame-Colors-Media-TRD-INSERT-BESPOKE.jpg 600w\" alt=\"\" width=\"600\" height=\"223\" \/><\/div>\r\n<div><\/div>\r\n<div><strong><span>\u00c9clairage arri\u00e8re surround<\/span><\/strong><\/div>\r\n<div><span>Les mod\u00e8les de la s\u00e9rie WM-FML-STL sont \u00e9quip\u00e9s d&#8217;un \u00e9clairage surround r\u00e9tro\u00e9clair\u00e9 par LED.\u00a0La fonction de r\u00e9tro\u00e9clairage ne pr\u00e9sente qu&#8217;une seule couleur \u00e0 la fois, une image pr\u00e9sent\u00e9e avec des exemples de couleurs de r\u00e9tro\u00e9clairage.\u00a0Choisissez parmi un arc-en-ciel de diff\u00e9rentes couleurs pour projeter une lueur d\u00e9corative dans votre espace.\u00a0Le r\u00e9tro\u00e9clairage surround est situ\u00e9 \u00e0 l\u2019arri\u00e8re du surround.<\/span><\/div>\r\n<div><\/div>\r\n<div><img decoding=\"async\" class=\"size-full wp-image-38817 aligncenter\" src=\"https:\/\/amantii.com\/wp-content\/uploads\/2022\/01\/Tru-View72-Lighting-LOGS-500.jpg\" alt=\"\" width=\"500\" height=\"181\" \/><\/div>\r\n<\/div>\t\t\t\t\t\t\t\t<\/div>\n\t\t\t\t<\/div>\n\t\t\t\t\t<\/div>\n\t\t<\/div>\n\t\t\t\t\t<\/div>\n\t\t<\/section>\n\t\t\t\t<section class=\"elementor-section elementor-top-section elementor-element elementor-element-98ba66c elementor-section-boxed elementor-section-height-default elementor-section-height-default\" data-id=\"98ba66c\" data-element_type=\"section\">\n\t\t\t\t\t\t<div class=\"elementor-container elementor-column-gap-default\">\n\t\t\t\t\t<div class=\"elementor-column elementor-col-100 elementor-top-column elementor-element elementor-element-3be07ac\" data-id=\"3be07ac\" data-element_type=\"column\">\n\t\t\t<div class=\"elementor-widget-wrap elementor-element-populated\">\n\t\t\t\t\t\t<div class=\"elementor-element elementor-element-bc72594 elementor-tabs-view-horizontal elementor-widget elementor-widget-tabs\" data-id=\"bc72594\" data-element_type=\"widget\" data-widget_type=\"tabs.default\">\n\t\t\t\t<div class=\"elementor-widget-container\">\n\t\t\t\t\t\t\t<div class=\"elementor-tabs\">\n\t\t\t<div class=\"elementor-tabs-wrapper\" role=\"tablist\" >\n\t\t\t\t\t\t\t\t\t<div id=\"elementor-tab-title-1971\" class=\"elementor-tab-title elementor-tab-desktop-title\" aria-selected=\"true\" data-tab=\"1\" role=\"tab\" tabindex=\"0\" aria-controls=\"elementor-tab-content-1971\" aria-expanded=\"false\">Fichiers<\/div>\n\t\t\t\t\t\t\t<\/div>\n\t\t\t<div class=\"elementor-tabs-content-wrapper\" role=\"tablist\" aria-orientation=\"vertical\">\n\t\t\t\t\t\t\t\t\t<div class=\"elementor-tab-title elementor-tab-mobile-title\" aria-selected=\"true\" data-tab=\"1\" role=\"tab\" tabindex=\"0\" aria-controls=\"elementor-tab-content-1971\" aria-expanded=\"false\">Fichiers<\/div>\n\t\t\t\t\t<div id=\"elementor-tab-content-1971\" class=\"elementor-tab-content elementor-clearfix\" data-tab=\"1\" role=\"tabpanel\" aria-labelledby=\"elementor-tab-title-1971\" tabindex=\"0\" hidden=\"false\"><i class=\"far fa-file-pdf fa-xl\" style=\"font-size:35px\"><\/i><a href=\"https:\/\/www.belleflamme.ca\/wp-content\/uploads\/2023\/11\/WM-FML-STL-MANUAL.pdf\"> Manuel<\/a><\/br>\n<i class=\"far fa-file-pdf fa-xl\" style=\"font-size:35px\"><\/i><a href=\"https:\/\/www.belleflamme.ca\/wp-content\/uploads\/2023\/11\/WMFM-WMFML-US.pdf\"> Brochure<\/a><\/br>\n<i class=\"far fa-file-pdf fa-xl\" style=\"font-size:35px\"><\/i><a href=\"https:\/\/www.belleflamme.ca\/wp-content\/uploads\/2023\/11\/WM-FML-STL-Feature-sheet.pdf\"> Fonctionnalit\u00e9s<\/a><\/br>\n<i class=\"far fa-file-pdf fa-xl\" style=\"font-size:35px\"><\/i><a href=\"https:\/\/www.belleflamme.ca\/wp-content\/uploads\/2023\/11\/AM-WM-FMWM-FML-STL-Tray-Glass.pdf\"> Mesure du plateau de verre<\/a><\/br>\n<i class=\"far fa-file-pdf fa-xl\" style=\"font-size:35px\"><\/i><a href=\"https:\/\/www.belleflamme.ca\/wp-content\/uploads\/2023\/11\/How-to-Repair-your-Amantii-WM-FM-Series-fireplace-1.pdf\"> Guide de r\u00e9paration<\/a><\/br>\n<i class=\"far fa-file-pdf fa-xl\" style=\"font-size:35px\"><\/i><a href=\"https:\/\/www.belleflamme.ca\/wp-content\/uploads\/2023\/11\/Bespoke-WIFI-instruction.pdf\"> Guide Wifi<\/a><\/br><\/div>\n\t\t\t\t\t\t\t<\/div>\n\t\t<\/div>\n\t\t\t\t\t\t<\/div>\n\t\t\t\t<\/div>\n\t\t\t\t\t<\/div>\n\t\t<\/div>\n\t\t\t\t\t<\/div>\n\t\t<\/section>\n\t\t\t\t<\/div>\n\t\t","protected":false},"excerpt":{"rendered":"<p>Tailles\u00a0: WM-FML-26-3223-STL, WM-FML-34-4023-STL, WM-FML-48-5523-STL, WM-FML-60-6623-STL, WM-FML-72-7823- STL, WM-FML-88-9623-STL Peut \u00eatre encastr\u00e9 ou fix\u00e9 au mur avec les supports inclus. La chaleur est \u00e9mise par une seule fente situ\u00e9e sur la face du contour. Pr\u00e9sentation de flammes de pointe : pr\u00e9sentation de flammes vibrantes et multicolores de pointe \u2013 passez du jaune \u00e0 l&#8217;orange en passant [&hellip;]<\/p>\n","protected":false},"featured_media":21100,"template":"","meta":{"inline_featured_image":false},"product_brand":[231],"product_cat":[240,241,33],"product_tag":[],"class_list":{"0":"post-21093","1":"product","2":"type-product","3":"status-publish","4":"has-post-thumbnail","6":"product_brand-amantii","7":"product_cat-foyer-electrique","8":"product_cat-poele-foyer-electrique","9":"product_cat-poeles-et-foyers","11":"first","12":"instock","13":"taxable","14":"shipping-taxable","15":"purchasable","16":"product-type-variable"},"yoast_head":"<!-- This site is optimized with the Yoast SEO Premium plugin v24.2 (Yoast SEO v24.2) - https:\/\/yoast.com\/wordpress\/plugins\/seo\/ -->\n<title>Foyer \u00e9lectrique lin\u00e9aire WM-FML-STL avec facade en acier Amantii - Groupe BelleFlamme<\/title>\n<meta name=\"description\" content=\"Foyer \u00e9lectrique lin\u00e9aire WM-FML-STL avec facade en acier Amantii vendu et install\u00e9 par le Groupe Belleflamme. Laval, Montr\u00e9al, Gatineau, Drummondville et Saint-Sauveur.\" \/>\n<meta name=\"robots\" content=\"index, follow, max-snippet:-1, max-image-preview:large, max-video-preview:-1\" \/>\n<link rel=\"canonical\" href=\"https:\/\/staging.belleflamme.ca\/fr\/produit\/foyer-electrique-lineaire-wm-fml-stl-avec-facade-en-acier-amantii\/\" \/>\n<meta property=\"og:locale\" content=\"fr_FR\" \/>\n<meta property=\"og:type\" content=\"article\" \/>\n<meta property=\"og:title\" content=\"Foyer \u00e9lectrique lin\u00e9aire WM-FML-STL avec facade en acier Amantii\" \/>\n<meta property=\"og:description\" content=\"Foyer \u00e9lectrique lin\u00e9aire WM-FML-STL avec facade en acier Amantii vendu et install\u00e9 par le Groupe Belleflamme. Laval, Montr\u00e9al, Gatineau, Drummondville et Saint-Sauveur.\" \/>\n<meta property=\"og:url\" content=\"https:\/\/staging.belleflamme.ca\/fr\/produit\/foyer-electrique-lineaire-wm-fml-stl-avec-facade-en-acier-amantii\/\" \/>\n<meta property=\"og:site_name\" content=\"Groupe BelleFlamme\" \/>\n<meta property=\"article:publisher\" content=\"https:\/\/www.facebook.com\/belleflamme.ca\/\" \/>\n<meta property=\"article:modified_time\" content=\"2023-11-08T20:35:39+00:00\" \/>\n<meta property=\"og:image\" content=\"https:\/\/www.belleflamme.ca\/wp-content\/uploads\/2023\/11\/iStock-1323098126.webp\" \/>\n\t<meta property=\"og:image:width\" content=\"840\" \/>\n\t<meta property=\"og:image:height\" content=\"1274\" \/>\n\t<meta property=\"og:image:type\" content=\"image\/webp\" \/>\n<meta name=\"twitter:card\" content=\"summary_large_image\" \/>\n<meta name=\"twitter:label1\" content=\"Disponibilit\u00e9\" \/>\n\t<meta name=\"twitter:data1\" content=\"En stock\" \/>\n<script type=\"application\/ld+json\" class=\"yoast-schema-graph\">{\"@context\":\"https:\/\/schema.org\",\"@graph\":[{\"@type\":[\"WebPage\",\"ItemPage\"],\"@id\":\"https:\/\/staging.belleflamme.ca\/fr\/produit\/foyer-electrique-lineaire-wm-fml-stl-avec-facade-en-acier-amantii\/\",\"url\":\"https:\/\/staging.belleflamme.ca\/fr\/produit\/foyer-electrique-lineaire-wm-fml-stl-avec-facade-en-acier-amantii\/\",\"name\":\"Foyer \u00e9lectrique lin\u00e9aire WM-FML-STL avec facade en acier Amantii - Groupe BelleFlamme\",\"isPartOf\":{\"@id\":\"https:\/\/www.belleflamme.ca\/fr\/#website\"},\"primaryImageOfPage\":{\"@id\":\"https:\/\/staging.belleflamme.ca\/fr\/produit\/foyer-electrique-lineaire-wm-fml-stl-avec-facade-en-acier-amantii\/#primaryimage\"},\"image\":{\"@id\":\"https:\/\/staging.belleflamme.ca\/fr\/produit\/foyer-electrique-lineaire-wm-fml-stl-avec-facade-en-acier-amantii\/#primaryimage\"},\"thumbnailUrl\":\"https:\/\/staging.belleflamme.ca\/wp-content\/uploads\/2023\/11\/iStock-1323098126.webp\",\"datePublished\":\"2023-11-08T20:30:25+00:00\",\"dateModified\":\"2023-11-08T20:35:39+00:00\",\"description\":\"Foyer \u00e9lectrique lin\u00e9aire WM-FML-STL avec facade en acier Amantii [get_meta_en_fr]\",\"breadcrumb\":{\"@id\":\"https:\/\/staging.belleflamme.ca\/fr\/produit\/foyer-electrique-lineaire-wm-fml-stl-avec-facade-en-acier-amantii\/#breadcrumb\"},\"inLanguage\":\"fr-FR\",\"potentialAction\":[{\"@type\":\"ReadAction\",\"target\":[\"https:\/\/staging.belleflamme.ca\/fr\/produit\/foyer-electrique-lineaire-wm-fml-stl-avec-facade-en-acier-amantii\/\"]}]},{\"@type\":\"ImageObject\",\"inLanguage\":\"fr-FR\",\"@id\":\"https:\/\/staging.belleflamme.ca\/fr\/produit\/foyer-electrique-lineaire-wm-fml-stl-avec-facade-en-acier-amantii\/#primaryimage\",\"url\":\"https:\/\/staging.belleflamme.ca\/wp-content\/uploads\/2023\/11\/iStock-1323098126.webp\",\"contentUrl\":\"https:\/\/staging.belleflamme.ca\/wp-content\/uploads\/2023\/11\/iStock-1323098126.webp\",\"width\":840,\"height\":1274,\"caption\":\"Foyer \u00e9lectrique lin\u00e9aire WM-FML-STL Amantii\"},{\"@type\":\"BreadcrumbList\",\"@id\":\"https:\/\/staging.belleflamme.ca\/fr\/produit\/foyer-electrique-lineaire-wm-fml-stl-avec-facade-en-acier-amantii\/#breadcrumb\",\"itemListElement\":[{\"@type\":\"ListItem\",\"position\":1,\"name\":\"Accueil\",\"item\":\"https:\/\/www.belleflamme.ca\/fr\/\"},{\"@type\":\"ListItem\",\"position\":2,\"name\":\"Boutique\",\"item\":\"https:\/\/www.belleflamme.ca\/fr\/boutique\/\"},{\"@type\":\"ListItem\",\"position\":3,\"name\":\"Po\u00eales &amp; Foyers\",\"item\":\"https:\/\/staging.belleflamme.ca\/fr\/categories\/poeles-et-foyers\/\"},{\"@type\":\"ListItem\",\"position\":4,\"name\":\"Po\u00eale &amp; Foyer \u00c9lectrique\",\"item\":\"https:\/\/staging.belleflamme.ca\/fr\/categories\/poeles-et-foyers\/poele-foyer-electrique\/\"},{\"@type\":\"ListItem\",\"position\":5,\"name\":\"Foyer \u00c9lectrique\",\"item\":\"https:\/\/staging.belleflamme.ca\/fr\/categories\/poeles-et-foyers\/poele-foyer-electrique\/foyer-electrique\/\"},{\"@type\":\"ListItem\",\"position\":6,\"name\":\"Foyer \u00e9lectrique lin\u00e9aire WM-FML-STL avec facade en acier Amantii\"}]},{\"@type\":\"WebSite\",\"@id\":\"https:\/\/www.belleflamme.ca\/fr\/#website\",\"url\":\"https:\/\/www.belleflamme.ca\/fr\/\",\"name\":\"Groupe Belleflamme\",\"description\":\"La m\u00e9canique du b\u00e2timent dans le sang.\",\"publisher\":{\"@id\":\"https:\/\/www.belleflamme.ca\/fr\/#organization\"},\"potentialAction\":[{\"@type\":\"SearchAction\",\"target\":{\"@type\":\"EntryPoint\",\"urlTemplate\":\"https:\/\/www.belleflamme.ca\/fr\/?s={search_term_string}\"},\"query-input\":{\"@type\":\"PropertyValueSpecification\",\"valueRequired\":true,\"valueName\":\"search_term_string\"}}],\"inLanguage\":\"fr-FR\"},{\"@type\":[\"Organization\",\"Place\"],\"@id\":\"https:\/\/www.belleflamme.ca\/fr\/#organization\",\"name\":\"Groupe Belleflamme\",\"alternateName\":\"Belleflamme\",\"url\":\"https:\/\/www.belleflamme.ca\/fr\/\",\"logo\":{\"@type\":\"ImageObject\",\"inLanguage\":\"fr-FR\",\"@id\":\"https:\/\/www.belleflamme.ca\/fr\/#\/schema\/logo\/image\/\",\"url\":\"https:\/\/staging.belleflamme.ca\/wp-content\/uploads\/2023\/01\/og-image.jpg\",\"contentUrl\":\"https:\/\/staging.belleflamme.ca\/wp-content\/uploads\/2023\/01\/og-image.jpg\",\"width\":1200,\"height\":630,\"caption\":\"Groupe Belleflamme\"},\"image\":{\"@id\":\"https:\/\/www.belleflamme.ca\/fr\/#\/schema\/logo\/image\/\"},\"sameAs\":[\"https:\/\/www.facebook.com\/belleflamme.ca\/\",\"https:\/\/www.linkedin.com\/company\/belleflamme\/\",\"https:\/\/www.pinterest.ca\/groupebelleflamme\/\",\"https:\/\/www.instagram.com\/legroupebelleflamme\/\"],\"mainEntityOfPage\":{\"@id\":\"https:\/\/staging.belleflamme.ca\/fr\/produit\/foyer-electrique-lineaire-wm-fml-stl-avec-facade-en-acier-amantii\/\"}}]}<\/script>\n<meta property=\"product:brand\" content=\"Amantii\" \/>\n<meta property=\"og:availability\" content=\"instock\" \/>\n<meta property=\"product:availability\" content=\"instock\" \/>\n<meta property=\"product:retailer_item_id\" content=\"WM-FML-STL\" \/>\n<meta property=\"product:condition\" content=\"new\" \/>\n<!-- \/ Yoast SEO Premium plugin. -->","yoast_head_json":{"title":"Foyer \u00e9lectrique lin\u00e9aire WM-FML-STL avec facade en acier Amantii - Groupe BelleFlamme","description":"Foyer \u00e9lectrique lin\u00e9aire WM-FML-STL avec facade en acier Amantii vendu et install\u00e9 par le Groupe Belleflamme. Laval, Montr\u00e9al, Gatineau, Drummondville et Saint-Sauveur.","robots":{"index":"index","follow":"follow","max-snippet":"max-snippet:-1","max-image-preview":"max-image-preview:large","max-video-preview":"max-video-preview:-1"},"canonical":"https:\/\/staging.belleflamme.ca\/fr\/produit\/foyer-electrique-lineaire-wm-fml-stl-avec-facade-en-acier-amantii\/","og_locale":"fr_FR","og_type":"article","og_title":"Foyer \u00e9lectrique lin\u00e9aire WM-FML-STL avec facade en acier Amantii","og_description":"Foyer \u00e9lectrique lin\u00e9aire WM-FML-STL avec facade en acier Amantii vendu et install\u00e9 par le Groupe Belleflamme. Laval, Montr\u00e9al, Gatineau, Drummondville et Saint-Sauveur.","og_url":"https:\/\/staging.belleflamme.ca\/fr\/produit\/foyer-electrique-lineaire-wm-fml-stl-avec-facade-en-acier-amantii\/","og_site_name":"Groupe BelleFlamme","article_publisher":"https:\/\/www.facebook.com\/belleflamme.ca\/","article_modified_time":"2023-11-08T20:35:39+00:00","og_image":[{"width":840,"height":1274,"url":"https:\/\/www.belleflamme.ca\/wp-content\/uploads\/2023\/11\/iStock-1323098126.webp","type":"image\/webp"}],"twitter_card":"summary_large_image","twitter_misc":{"Disponibilit\u00e9":"En stock"},"schema":{"@context":"https:\/\/schema.org","@graph":[{"@type":["WebPage","ItemPage"],"@id":"https:\/\/staging.belleflamme.ca\/fr\/produit\/foyer-electrique-lineaire-wm-fml-stl-avec-facade-en-acier-amantii\/","url":"https:\/\/staging.belleflamme.ca\/fr\/produit\/foyer-electrique-lineaire-wm-fml-stl-avec-facade-en-acier-amantii\/","name":"Foyer \u00e9lectrique lin\u00e9aire WM-FML-STL avec facade en acier Amantii - Groupe BelleFlamme","isPartOf":{"@id":"https:\/\/www.belleflamme.ca\/fr\/#website"},"primaryImageOfPage":{"@id":"https:\/\/staging.belleflamme.ca\/fr\/produit\/foyer-electrique-lineaire-wm-fml-stl-avec-facade-en-acier-amantii\/#primaryimage"},"image":{"@id":"https:\/\/staging.belleflamme.ca\/fr\/produit\/foyer-electrique-lineaire-wm-fml-stl-avec-facade-en-acier-amantii\/#primaryimage"},"thumbnailUrl":"https:\/\/staging.belleflamme.ca\/wp-content\/uploads\/2023\/11\/iStock-1323098126.webp","datePublished":"2023-11-08T20:30:25+00:00","dateModified":"2023-11-08T20:35:39+00:00","description":"Foyer \u00e9lectrique lin\u00e9aire WM-FML-STL avec facade en acier Amantii [get_meta_en_fr]","breadcrumb":{"@id":"https:\/\/staging.belleflamme.ca\/fr\/produit\/foyer-electrique-lineaire-wm-fml-stl-avec-facade-en-acier-amantii\/#breadcrumb"},"inLanguage":"fr-FR","potentialAction":[{"@type":"ReadAction","target":["https:\/\/staging.belleflamme.ca\/fr\/produit\/foyer-electrique-lineaire-wm-fml-stl-avec-facade-en-acier-amantii\/"]}]},{"@type":"ImageObject","inLanguage":"fr-FR","@id":"https:\/\/staging.belleflamme.ca\/fr\/produit\/foyer-electrique-lineaire-wm-fml-stl-avec-facade-en-acier-amantii\/#primaryimage","url":"https:\/\/staging.belleflamme.ca\/wp-content\/uploads\/2023\/11\/iStock-1323098126.webp","contentUrl":"https:\/\/staging.belleflamme.ca\/wp-content\/uploads\/2023\/11\/iStock-1323098126.webp","width":840,"height":1274,"caption":"Foyer \u00e9lectrique lin\u00e9aire WM-FML-STL Amantii"},{"@type":"BreadcrumbList","@id":"https:\/\/staging.belleflamme.ca\/fr\/produit\/foyer-electrique-lineaire-wm-fml-stl-avec-facade-en-acier-amantii\/#breadcrumb","itemListElement":[{"@type":"ListItem","position":1,"name":"Accueil","item":"https:\/\/www.belleflamme.ca\/fr\/"},{"@type":"ListItem","position":2,"name":"Boutique","item":"https:\/\/www.belleflamme.ca\/fr\/boutique\/"},{"@type":"ListItem","position":3,"name":"Po\u00eales &amp; Foyers","item":"https:\/\/staging.belleflamme.ca\/fr\/categories\/poeles-et-foyers\/"},{"@type":"ListItem","position":4,"name":"Po\u00eale &amp; Foyer \u00c9lectrique","item":"https:\/\/staging.belleflamme.ca\/fr\/categories\/poeles-et-foyers\/poele-foyer-electrique\/"},{"@type":"ListItem","position":5,"name":"Foyer \u00c9lectrique","item":"https:\/\/staging.belleflamme.ca\/fr\/categories\/poeles-et-foyers\/poele-foyer-electrique\/foyer-electrique\/"},{"@type":"ListItem","position":6,"name":"Foyer \u00e9lectrique lin\u00e9aire WM-FML-STL avec facade en acier Amantii"}]},{"@type":"WebSite","@id":"https:\/\/www.belleflamme.ca\/fr\/#website","url":"https:\/\/www.belleflamme.ca\/fr\/","name":"Groupe Belleflamme","description":"La m\u00e9canique du b\u00e2timent dans le sang.","publisher":{"@id":"https:\/\/www.belleflamme.ca\/fr\/#organization"},"potentialAction":[{"@type":"SearchAction","target":{"@type":"EntryPoint","urlTemplate":"https:\/\/www.belleflamme.ca\/fr\/?s={search_term_string}"},"query-input":{"@type":"PropertyValueSpecification","valueRequired":true,"valueName":"search_term_string"}}],"inLanguage":"fr-FR"},{"@type":["Organization","Place"],"@id":"https:\/\/www.belleflamme.ca\/fr\/#organization","name":"Groupe Belleflamme","alternateName":"Belleflamme","url":"https:\/\/www.belleflamme.ca\/fr\/","logo":{"@type":"ImageObject","inLanguage":"fr-FR","@id":"https:\/\/www.belleflamme.ca\/fr\/#\/schema\/logo\/image\/","url":"https:\/\/staging.belleflamme.ca\/wp-content\/uploads\/2023\/01\/og-image.jpg","contentUrl":"https:\/\/staging.belleflamme.ca\/wp-content\/uploads\/2023\/01\/og-image.jpg","width":1200,"height":630,"caption":"Groupe Belleflamme"},"image":{"@id":"https:\/\/www.belleflamme.ca\/fr\/#\/schema\/logo\/image\/"},"sameAs":["https:\/\/www.facebook.com\/belleflamme.ca\/","https:\/\/www.linkedin.com\/company\/belleflamme\/","https:\/\/www.pinterest.ca\/groupebelleflamme\/","https:\/\/www.instagram.com\/legroupebelleflamme\/"],"mainEntityOfPage":{"@id":"https:\/\/staging.belleflamme.ca\/fr\/produit\/foyer-electrique-lineaire-wm-fml-stl-avec-facade-en-acier-amantii\/"}}]},"product_brand":"Amantii","og_availability":"instock","product_availability":"instock","product_retailer_item_id":"WM-FML-STL","product_condition":"new"},"_links":{"self":[{"href":"https:\/\/staging.belleflamme.ca\/fr\/wp-json\/wp\/v2\/product\/21093","targetHints":{"allow":["GET"]}}],"collection":[{"href":"https:\/\/staging.belleflamme.ca\/fr\/wp-json\/wp\/v2\/product"}],"about":[{"href":"https:\/\/staging.belleflamme.ca\/fr\/wp-json\/wp\/v2\/types\/product"}],"version-history":[{"count":4,"href":"https:\/\/staging.belleflamme.ca\/fr\/wp-json\/wp\/v2\/product\/21093\/revisions"}],"predecessor-version":[{"id":21112,"href":"https:\/\/staging.belleflamme.ca\/fr\/wp-json\/wp\/v2\/product\/21093\/revisions\/21112"}],"wp:featuredmedia":[{"embeddable":true,"href":"https:\/\/staging.belleflamme.ca\/fr\/wp-json\/wp\/v2\/media\/21100"}],"wp:attachment":[{"href":"https:\/\/staging.belleflamme.ca\/fr\/wp-json\/wp\/v2\/media?parent=21093"}],"wp:term":[{"taxonomy":"product_brand","embeddable":true,"href":"https:\/\/staging.belleflamme.ca\/fr\/wp-json\/wp\/v2\/product_brand?post=21093"},{"taxonomy":"product_cat","embeddable":true,"href":"https:\/\/staging.belleflamme.ca\/fr\/wp-json\/wp\/v2\/product_cat?post=21093"},{"taxonomy":"product_tag","embeddable":true,"href":"https:\/\/staging.belleflamme.ca\/fr\/wp-json\/wp\/v2\/product_tag?post=21093"}],"curies":[{"name":"wp","href":"https:\/\/api.w.org\/{rel}","templated":true}]}}