{"id":21039,"date":"2023-11-08T14:59:10","date_gmt":"2023-11-08T19:59:10","guid":{"rendered":"https:\/\/www.belleflamme.ca\/?post_type=product&#038;p=21039"},"modified":"2024-09-20T12:35:47","modified_gmt":"2024-09-20T16:35:47","slug":"fs%e2%80%9026%e2%80%90922-autoportant-intelligent-amantii","status":"publish","type":"product","link":"https:\/\/staging.belleflamme.ca\/fr\/produit\/fs%e2%80%9026%e2%80%90922-autoportant-intelligent-amantii\/","title":{"rendered":"FS\u201026\u2010922 Autoportant intelligent Amantii"},"content":{"rendered":"\t\t<div data-elementor-type=\"product-post\" data-elementor-id=\"21039\" class=\"elementor elementor-21039\" data-elementor-post-type=\"product\">\n\t\t\t\t\t\t<section class=\"elementor-section elementor-top-section elementor-element elementor-element-38f91d26 elementor-section-boxed elementor-section-height-default elementor-section-height-default\" data-id=\"38f91d26\" data-element_type=\"section\">\n\t\t\t\t\t\t<div class=\"elementor-container elementor-column-gap-default\">\n\t\t\t\t\t<div class=\"elementor-column elementor-col-100 elementor-top-column elementor-element elementor-element-796c8333\" data-id=\"796c8333\" data-element_type=\"column\">\n\t\t\t<div class=\"elementor-widget-wrap elementor-element-populated\">\n\t\t\t\t\t\t<div class=\"elementor-element elementor-element-600a10ad elementor-widget elementor-widget-text-editor\" data-id=\"600a10ad\" data-element_type=\"widget\" data-widget_type=\"text-editor.default\">\n\t\t\t\t<div class=\"elementor-widget-container\">\n\t\t\t\t\t\t\t\t\t<ul>\r\n \t<li><span>Les 3 c\u00f4t\u00e9s du verre visibles<\/span><\/li>\r\n \t<li><span>Le WiFi est compatible pour connecter et contr\u00f4ler la chemin\u00e9e depuis votre smartphone avec l&#8217;utilisation de notre application.\u00a0Disponible sur le Google Play Store et l&#8217;App Store d&#8217;Apple<\/span><\/li>\r\n \t<li><span>\u00c9clairage ambiant de la canop\u00e9e en 13 couleurs<\/span><\/li>\r\n \t<li><span>Les mod\u00e8les DEEP ont 2 jeux de flammes<\/span><\/li>\r\n \t<li><span>Peut produire jusqu&#8217;\u00e0 5 000 BTU de chaleur, suffisamment pour chauffer jusqu&#8217;\u00e0 500 pieds carr\u00e9s<\/span><\/li>\r\n \t<li><span>Chauffage \u00e0 2 \u00e9tages<\/span><\/li>\r\n \t<li><span>Pr\u00eat pour le c\u00e2blage<\/span><\/li>\r\n \t<li><span>Thermostat pr\u00eat \u00e0 \u00eatre c\u00e2bl\u00e9<\/span><\/li>\r\n \t<li><span>La flamme peut fonctionner sans chaleur<\/span><\/li>\r\n \t<li><span>T\u00e9l\u00e9commande unique pour la flamme, l&#8217;\u00e9clairage ambiant de l&#8217;auvent et le chauffage inclus<\/span><\/li>\r\n<\/ul>\r\n<div class=\"woocommerce-product-details__short-description\">\r\n\r\n<span>Un foyer \u00e9lectrique sur pied de style distinctement europ\u00e9en de Sierra Flame par Amantii.\u00a0Ce foyer est dot\u00e9 d&#8217;une zone de visualisation en verre biseaut\u00e9 qui donne un effet presque \u00ab transparent \u00bb sur trois c\u00f4t\u00e9s.<\/span>\r\n\r\n<span>Sans limites d&#8217;installation, pas besoin de supports de montage ou d&#8217;int\u00e9gration dans un mur, ce mod\u00e8le sur pied s&#8217;adapte \u00e0 n&#8217;importe quelle pi\u00e8ce de votre choix.<\/span>\r\n\r\n<span>Pratiquement aucun assemblage requis \u2013 il suffit de le brancher et d&#8217;en profiter\u00a0!<\/span>\r\n\r\n<span>M\u00e9dia\u00a0: livr\u00e9 avec un ensemble de b\u00fbches en ch\u00eane de 8 pi\u00e8ces et un verre en sable.<\/span>\r\n\r\n<img fetchpriority=\"high\" decoding=\"async\" class=\"alignnone wp-image-43845 size-full\" src=\"https:\/\/amantii.com\/wp-content\/uploads\/2022\/11\/62EBC253FF544C968DCC62716E9A7222-removebg-preview.png\" alt=\"\" width=\"583\" height=\"294\" \/>\r\n\r\n<\/div>\r\n<table width=\"100%\" cellpadding=\"2\">\r\n<thead>\r\n<tr>\r\n<th align=\"left\" width=\"50%\"><strong><span>pr\u00e9sentation de la flamme<\/span><\/strong><\/th>\r\n<th align=\"left\"><strong><span>\u00c9clairage ambiant de l&#8217;auvent<\/span>\r\n<\/strong><\/th>\r\n<\/tr>\r\n<\/thead>\r\n<tbody>\r\n<tr>\r\n<td align=\"left\" valign=\"top\" width=\"50%\"><img decoding=\"async\" class=\"alignnone size-full wp-image-38818\" src=\"https:\/\/amantii.com\/wp-content\/uploads\/2022\/01\/Tru-View-canopy-500.jpg\" alt=\"\" width=\"500\" height=\"246\" \/>&nbsp;\r\n\r\n<strong><span>Flamme vibrante et multicolore \u00e0 la pointe de la technologie<\/span><\/strong><span>\u00a0qui passe facilement du rouge \u00e0 l&#8217;orange ou au jaune d&#8217;un simple clic sur la t\u00e9l\u00e9commande.\u00a0Trois bandes de couleurs g\u00e9n\u00e8rent plus d&#8217;options de flammes que jamais.<\/span><\/td>\r\n<td align=\"left\" valign=\"top\" width=\"50%\"><img decoding=\"async\" class=\"alignnone size-full wp-image-38817\" src=\"https:\/\/amantii.com\/wp-content\/uploads\/2022\/01\/Tru-View72-Lighting-LOGS-500.jpg\" alt=\"\" width=\"500\" height=\"181\" \/>&nbsp;\r\n\r\n&nbsp;\r\n\r\n<span>L\u2019\u00e9clairage ambiant de la verri\u00e8re illumine les m\u00e9dias comme jamais auparavant.\u00a0Projetez une lueur color\u00e9e sur les supports d\u00e9coratifs fournis dans le plateau ci-dessous.\u00a0Parcourez un arc-en-ciel de 13 couleurs diff\u00e9rentes.\u00a0M\u00e9langez les couleurs des flammes avec un \u00e9clairage contrast\u00e9 pour une pr\u00e9sentation unique \u2013 les combinaisons sont illimit\u00e9es.<\/span><\/td>\r\n<\/tr>\r\n<\/tbody>\r\n<\/table>\t\t\t\t\t\t\t\t<\/div>\n\t\t\t\t<\/div>\n\t\t\t\t\t<\/div>\n\t\t<\/div>\n\t\t\t\t\t<\/div>\n\t\t<\/section>\n\t\t\t\t<section class=\"elementor-section elementor-top-section elementor-element elementor-element-7e1e901 elementor-section-boxed elementor-section-height-default elementor-section-height-default\" data-id=\"7e1e901\" data-element_type=\"section\">\n\t\t\t\t\t\t<div class=\"elementor-container elementor-column-gap-default\">\n\t\t\t\t\t<div class=\"elementor-column elementor-col-100 elementor-top-column elementor-element elementor-element-cbba61d\" data-id=\"cbba61d\" data-element_type=\"column\">\n\t\t\t<div class=\"elementor-widget-wrap elementor-element-populated\">\n\t\t\t\t\t\t<div class=\"elementor-element elementor-element-99f0434 elementor-tabs-view-horizontal elementor-widget elementor-widget-tabs\" data-id=\"99f0434\" data-element_type=\"widget\" data-widget_type=\"tabs.default\">\n\t\t\t\t<div class=\"elementor-widget-container\">\n\t\t\t\t\t\t\t<div class=\"elementor-tabs\">\n\t\t\t<div class=\"elementor-tabs-wrapper\" role=\"tablist\" >\n\t\t\t\t\t\t\t\t\t<div id=\"elementor-tab-title-1611\" class=\"elementor-tab-title elementor-tab-desktop-title\" aria-selected=\"true\" data-tab=\"1\" role=\"tab\" tabindex=\"0\" aria-controls=\"elementor-tab-content-1611\" aria-expanded=\"false\">Fichiers<\/div>\n\t\t\t\t\t\t\t<\/div>\n\t\t\t<div class=\"elementor-tabs-content-wrapper\" role=\"tablist\" aria-orientation=\"vertical\">\n\t\t\t\t\t\t\t\t\t<div class=\"elementor-tab-title elementor-tab-mobile-title\" aria-selected=\"true\" data-tab=\"1\" role=\"tab\" tabindex=\"0\" aria-controls=\"elementor-tab-content-1611\" aria-expanded=\"false\">Fichiers<\/div>\n\t\t\t\t\t<div id=\"elementor-tab-content-1611\" class=\"elementor-tab-content elementor-clearfix\" data-tab=\"1\" role=\"tabpanel\" aria-labelledby=\"elementor-tab-title-1611\" tabindex=\"0\" hidden=\"false\"><i class=\"far fa-file-pdf fa-xl\" style=\"font-size:35px\"><\/i><a href=\"https:\/\/www.belleflamme.ca\/wp-content\/uploads\/2023\/11\/Sierra_Flame_FS-26-922_Freestand_manual.pdf\"> Manuel<\/a><\/br>\n<i class=\"far fa-file-pdf fa-xl\" style=\"font-size:35px\"><\/i><a href=\"https:\/\/www.belleflamme.ca\/wp-content\/uploads\/2023\/11\/Freestand-Series-Electric-Fireplace-Brochure.pdf\"> Brochure<\/a><\/br>\n<i class=\"far fa-file-pdf fa-xl\" style=\"font-size:35px\"><\/i><a href=\"https:\/\/www.belleflamme.ca\/wp-content\/uploads\/2023\/11\/Bespoke-WIFI-instruction.pdf\"> Guide Wifi<\/a><\/br><\/div>\n\t\t\t\t\t\t\t<\/div>\n\t\t<\/div>\n\t\t\t\t\t\t<\/div>\n\t\t\t\t<\/div>\n\t\t\t\t\t<\/div>\n\t\t<\/div>\n\t\t\t\t\t<\/div>\n\t\t<\/section>\n\t\t\t\t<\/div>\n\t\t","protected":false},"excerpt":{"rendered":"<p>Les 3 c\u00f4t\u00e9s du verre visibles Le WiFi est compatible pour connecter et contr\u00f4ler la chemin\u00e9e depuis votre smartphone avec l&#8217;utilisation de notre application.\u00a0Disponible sur le Google Play Store et l&#8217;App Store d&#8217;Apple \u00c9clairage ambiant de la canop\u00e9e en 13 couleurs Les mod\u00e8les DEEP ont 2 jeux de flammes Peut produire jusqu&#8217;\u00e0 5 000 BTU [&hellip;]<\/p>\n","protected":false},"featured_media":21040,"template":"","meta":{"inline_featured_image":false},"product_brand":[231],"product_cat":[241,91,33],"product_tag":[],"class_list":{"0":"post-21039","1":"product","2":"type-product","3":"status-publish","4":"has-post-thumbnail","6":"product_brand-amantii","7":"product_cat-poele-foyer-electrique","8":"product_cat-poeles-electriques","9":"product_cat-poeles-et-foyers","11":"first","12":"instock","13":"taxable","14":"shipping-taxable","15":"purchasable","16":"product-type-simple"},"yoast_head":"<!-- This site is optimized with the Yoast SEO Premium plugin v24.2 (Yoast SEO v24.2) - https:\/\/yoast.com\/wordpress\/plugins\/seo\/ -->\n<title>FS\u201026\u2010922 Autoportant intelligent Amantii - Groupe BelleFlamme<\/title>\n<meta name=\"description\" content=\"FS\u201026\u2010922 Autoportant intelligent Amantii vendu et install\u00e9 par le Groupe Belleflamme. Laval, Montr\u00e9al, Gatineau, Drummondville et Saint-Sauveur.\" \/>\n<meta name=\"robots\" content=\"index, follow, max-snippet:-1, max-image-preview:large, max-video-preview:-1\" \/>\n<link rel=\"canonical\" href=\"https:\/\/staging.belleflamme.ca\/fr\/produit\/fs%e2%80%9026%e2%80%90922-autoportant-intelligent-amantii\/\" \/>\n<meta property=\"og:locale\" content=\"fr_FR\" \/>\n<meta property=\"og:type\" content=\"article\" \/>\n<meta property=\"og:title\" content=\"FS\u201026\u2010922 Autoportant intelligent Amantii\" \/>\n<meta property=\"og:description\" content=\"FS\u201026\u2010922 Autoportant intelligent Amantii vendu et install\u00e9 par le Groupe Belleflamme. Laval, Montr\u00e9al, Gatineau, Drummondville et Saint-Sauveur.\" \/>\n<meta property=\"og:url\" content=\"https:\/\/staging.belleflamme.ca\/fr\/produit\/fs%e2%80%9026%e2%80%90922-autoportant-intelligent-amantii\/\" \/>\n<meta property=\"og:site_name\" content=\"Groupe BelleFlamme\" \/>\n<meta property=\"article:publisher\" content=\"https:\/\/www.facebook.com\/belleflamme.ca\/\" \/>\n<meta property=\"article:modified_time\" content=\"2024-09-20T16:35:47+00:00\" \/>\n<meta property=\"og:image\" content=\"https:\/\/www.belleflamme.ca\/wp-content\/uploads\/2023\/11\/FS\u201026\u2010922-Smart-Freestanding.webp\" \/>\n\t<meta property=\"og:image:width\" content=\"2131\" \/>\n\t<meta property=\"og:image:height\" content=\"1424\" \/>\n\t<meta property=\"og:image:type\" content=\"image\/webp\" \/>\n<meta name=\"twitter:card\" content=\"summary_large_image\" \/>\n<meta name=\"twitter:label1\" content=\"Prix\" \/>\n\t<meta name=\"twitter:data1\" content=\"&#036;1,699.00\" \/>\n\t<meta name=\"twitter:label2\" content=\"Disponibilit\u00e9\" \/>\n\t<meta name=\"twitter:data2\" content=\"En stock\" \/>\n<script type=\"application\/ld+json\" class=\"yoast-schema-graph\">{\"@context\":\"https:\/\/schema.org\",\"@graph\":[{\"@type\":[\"WebPage\",\"ItemPage\"],\"@id\":\"https:\/\/staging.belleflamme.ca\/fr\/produit\/fs%e2%80%9026%e2%80%90922-autoportant-intelligent-amantii\/\",\"url\":\"https:\/\/staging.belleflamme.ca\/fr\/produit\/fs%e2%80%9026%e2%80%90922-autoportant-intelligent-amantii\/\",\"name\":\"FS\u201026\u2010922 Autoportant intelligent Amantii - Groupe BelleFlamme\",\"isPartOf\":{\"@id\":\"https:\/\/www.belleflamme.ca\/fr\/#website\"},\"primaryImageOfPage\":{\"@id\":\"https:\/\/staging.belleflamme.ca\/fr\/produit\/fs%e2%80%9026%e2%80%90922-autoportant-intelligent-amantii\/#primaryimage\"},\"image\":{\"@id\":\"https:\/\/staging.belleflamme.ca\/fr\/produit\/fs%e2%80%9026%e2%80%90922-autoportant-intelligent-amantii\/#primaryimage\"},\"thumbnailUrl\":\"https:\/\/staging.belleflamme.ca\/wp-content\/uploads\/2023\/11\/FS\u201026\u2010922-Smart-Freestanding.webp\",\"datePublished\":\"2023-11-08T19:59:10+00:00\",\"dateModified\":\"2024-09-20T16:35:47+00:00\",\"description\":\"FS\u201026\u2010922 Autoportant intelligent Amantii [get_meta_en_fr]\",\"breadcrumb\":{\"@id\":\"https:\/\/staging.belleflamme.ca\/fr\/produit\/fs%e2%80%9026%e2%80%90922-autoportant-intelligent-amantii\/#breadcrumb\"},\"inLanguage\":\"fr-FR\",\"potentialAction\":[{\"@type\":\"ReadAction\",\"target\":[\"https:\/\/staging.belleflamme.ca\/fr\/produit\/fs%e2%80%9026%e2%80%90922-autoportant-intelligent-amantii\/\"]}]},{\"@type\":\"ImageObject\",\"inLanguage\":\"fr-FR\",\"@id\":\"https:\/\/staging.belleflamme.ca\/fr\/produit\/fs%e2%80%9026%e2%80%90922-autoportant-intelligent-amantii\/#primaryimage\",\"url\":\"https:\/\/staging.belleflamme.ca\/wp-content\/uploads\/2023\/11\/FS\u201026\u2010922-Smart-Freestanding.webp\",\"contentUrl\":\"https:\/\/staging.belleflamme.ca\/wp-content\/uploads\/2023\/11\/FS\u201026\u2010922-Smart-Freestanding.webp\",\"width\":2131,\"height\":1424,\"caption\":\"FS\u201026\u2010922 Autoportant intelligent Amantii\"},{\"@type\":\"BreadcrumbList\",\"@id\":\"https:\/\/staging.belleflamme.ca\/fr\/produit\/fs%e2%80%9026%e2%80%90922-autoportant-intelligent-amantii\/#breadcrumb\",\"itemListElement\":[{\"@type\":\"ListItem\",\"position\":1,\"name\":\"Accueil\",\"item\":\"https:\/\/www.belleflamme.ca\/fr\/\"},{\"@type\":\"ListItem\",\"position\":2,\"name\":\"Boutique\",\"item\":\"https:\/\/www.belleflamme.ca\/fr\/boutique\/\"},{\"@type\":\"ListItem\",\"position\":3,\"name\":\"Po\u00eales &amp; Foyers\",\"item\":\"https:\/\/staging.belleflamme.ca\/fr\/categories\/poeles-et-foyers\/\"},{\"@type\":\"ListItem\",\"position\":4,\"name\":\"Po\u00eale &amp; Foyer \u00c9lectrique\",\"item\":\"https:\/\/staging.belleflamme.ca\/fr\/categories\/poeles-et-foyers\/poele-foyer-electrique\/\"},{\"@type\":\"ListItem\",\"position\":5,\"name\":\"Po\u00eales \u00c9lectriques\",\"item\":\"https:\/\/staging.belleflamme.ca\/fr\/categories\/poeles-et-foyers\/poele-foyer-electrique\/poeles-electriques\/\"},{\"@type\":\"ListItem\",\"position\":6,\"name\":\"FS\u201026\u2010922 Autoportant intelligent Amantii\"}]},{\"@type\":\"WebSite\",\"@id\":\"https:\/\/www.belleflamme.ca\/fr\/#website\",\"url\":\"https:\/\/www.belleflamme.ca\/fr\/\",\"name\":\"Groupe Belleflamme\",\"description\":\"La m\u00e9canique du b\u00e2timent dans le sang.\",\"publisher\":{\"@id\":\"https:\/\/www.belleflamme.ca\/fr\/#organization\"},\"potentialAction\":[{\"@type\":\"SearchAction\",\"target\":{\"@type\":\"EntryPoint\",\"urlTemplate\":\"https:\/\/www.belleflamme.ca\/fr\/?s={search_term_string}\"},\"query-input\":{\"@type\":\"PropertyValueSpecification\",\"valueRequired\":true,\"valueName\":\"search_term_string\"}}],\"inLanguage\":\"fr-FR\"},{\"@type\":[\"Organization\",\"Place\"],\"@id\":\"https:\/\/www.belleflamme.ca\/fr\/#organization\",\"name\":\"Groupe Belleflamme\",\"alternateName\":\"Belleflamme\",\"url\":\"https:\/\/www.belleflamme.ca\/fr\/\",\"logo\":{\"@type\":\"ImageObject\",\"inLanguage\":\"fr-FR\",\"@id\":\"https:\/\/www.belleflamme.ca\/fr\/#\/schema\/logo\/image\/\",\"url\":\"https:\/\/staging.belleflamme.ca\/wp-content\/uploads\/2023\/01\/og-image.jpg\",\"contentUrl\":\"https:\/\/staging.belleflamme.ca\/wp-content\/uploads\/2023\/01\/og-image.jpg\",\"width\":1200,\"height\":630,\"caption\":\"Groupe Belleflamme\"},\"image\":{\"@id\":\"https:\/\/www.belleflamme.ca\/fr\/#\/schema\/logo\/image\/\"},\"sameAs\":[\"https:\/\/www.facebook.com\/belleflamme.ca\/\",\"https:\/\/www.linkedin.com\/company\/belleflamme\/\",\"https:\/\/www.pinterest.ca\/groupebelleflamme\/\",\"https:\/\/www.instagram.com\/legroupebelleflamme\/\"],\"mainEntityOfPage\":{\"@id\":\"https:\/\/staging.belleflamme.ca\/fr\/produit\/fs%e2%80%9026%e2%80%90922-autoportant-intelligent-amantii\/\"}}]}<\/script>\n<meta property=\"product:brand\" content=\"Amantii\" \/>\n<meta property=\"product:price:amount\" content=\"1699.00\" \/>\n<meta property=\"product:price:currency\" content=\"CAD\" \/>\n<meta property=\"og:availability\" content=\"instock\" \/>\n<meta property=\"product:availability\" content=\"instock\" \/>\n<meta property=\"product:retailer_item_id\" content=\"FS-26-922\" \/>\n<meta property=\"product:condition\" content=\"new\" \/>\n<!-- \/ Yoast SEO Premium plugin. -->","yoast_head_json":{"title":"FS\u201026\u2010922 Autoportant intelligent Amantii - Groupe BelleFlamme","description":"FS\u201026\u2010922 Autoportant intelligent Amantii vendu et install\u00e9 par le Groupe Belleflamme. Laval, Montr\u00e9al, Gatineau, Drummondville et Saint-Sauveur.","robots":{"index":"index","follow":"follow","max-snippet":"max-snippet:-1","max-image-preview":"max-image-preview:large","max-video-preview":"max-video-preview:-1"},"canonical":"https:\/\/staging.belleflamme.ca\/fr\/produit\/fs%e2%80%9026%e2%80%90922-autoportant-intelligent-amantii\/","og_locale":"fr_FR","og_type":"article","og_title":"FS\u201026\u2010922 Autoportant intelligent Amantii","og_description":"FS\u201026\u2010922 Autoportant intelligent Amantii vendu et install\u00e9 par le Groupe Belleflamme. Laval, Montr\u00e9al, Gatineau, Drummondville et Saint-Sauveur.","og_url":"https:\/\/staging.belleflamme.ca\/fr\/produit\/fs%e2%80%9026%e2%80%90922-autoportant-intelligent-amantii\/","og_site_name":"Groupe BelleFlamme","article_publisher":"https:\/\/www.facebook.com\/belleflamme.ca\/","article_modified_time":"2024-09-20T16:35:47+00:00","og_image":[{"width":2131,"height":1424,"url":"https:\/\/www.belleflamme.ca\/wp-content\/uploads\/2023\/11\/FS\u201026\u2010922-Smart-Freestanding.webp","type":"image\/webp"}],"twitter_card":"summary_large_image","twitter_misc":{"Prix":"&#36;1,699.00","Disponibilit\u00e9":"En stock"},"schema":{"@context":"https:\/\/schema.org","@graph":[{"@type":["WebPage","ItemPage"],"@id":"https:\/\/staging.belleflamme.ca\/fr\/produit\/fs%e2%80%9026%e2%80%90922-autoportant-intelligent-amantii\/","url":"https:\/\/staging.belleflamme.ca\/fr\/produit\/fs%e2%80%9026%e2%80%90922-autoportant-intelligent-amantii\/","name":"FS\u201026\u2010922 Autoportant intelligent Amantii - Groupe BelleFlamme","isPartOf":{"@id":"https:\/\/www.belleflamme.ca\/fr\/#website"},"primaryImageOfPage":{"@id":"https:\/\/staging.belleflamme.ca\/fr\/produit\/fs%e2%80%9026%e2%80%90922-autoportant-intelligent-amantii\/#primaryimage"},"image":{"@id":"https:\/\/staging.belleflamme.ca\/fr\/produit\/fs%e2%80%9026%e2%80%90922-autoportant-intelligent-amantii\/#primaryimage"},"thumbnailUrl":"https:\/\/staging.belleflamme.ca\/wp-content\/uploads\/2023\/11\/FS\u201026\u2010922-Smart-Freestanding.webp","datePublished":"2023-11-08T19:59:10+00:00","dateModified":"2024-09-20T16:35:47+00:00","description":"FS\u201026\u2010922 Autoportant intelligent Amantii [get_meta_en_fr]","breadcrumb":{"@id":"https:\/\/staging.belleflamme.ca\/fr\/produit\/fs%e2%80%9026%e2%80%90922-autoportant-intelligent-amantii\/#breadcrumb"},"inLanguage":"fr-FR","potentialAction":[{"@type":"ReadAction","target":["https:\/\/staging.belleflamme.ca\/fr\/produit\/fs%e2%80%9026%e2%80%90922-autoportant-intelligent-amantii\/"]}]},{"@type":"ImageObject","inLanguage":"fr-FR","@id":"https:\/\/staging.belleflamme.ca\/fr\/produit\/fs%e2%80%9026%e2%80%90922-autoportant-intelligent-amantii\/#primaryimage","url":"https:\/\/staging.belleflamme.ca\/wp-content\/uploads\/2023\/11\/FS\u201026\u2010922-Smart-Freestanding.webp","contentUrl":"https:\/\/staging.belleflamme.ca\/wp-content\/uploads\/2023\/11\/FS\u201026\u2010922-Smart-Freestanding.webp","width":2131,"height":1424,"caption":"FS\u201026\u2010922 Autoportant intelligent Amantii"},{"@type":"BreadcrumbList","@id":"https:\/\/staging.belleflamme.ca\/fr\/produit\/fs%e2%80%9026%e2%80%90922-autoportant-intelligent-amantii\/#breadcrumb","itemListElement":[{"@type":"ListItem","position":1,"name":"Accueil","item":"https:\/\/www.belleflamme.ca\/fr\/"},{"@type":"ListItem","position":2,"name":"Boutique","item":"https:\/\/www.belleflamme.ca\/fr\/boutique\/"},{"@type":"ListItem","position":3,"name":"Po\u00eales &amp; Foyers","item":"https:\/\/staging.belleflamme.ca\/fr\/categories\/poeles-et-foyers\/"},{"@type":"ListItem","position":4,"name":"Po\u00eale &amp; Foyer \u00c9lectrique","item":"https:\/\/staging.belleflamme.ca\/fr\/categories\/poeles-et-foyers\/poele-foyer-electrique\/"},{"@type":"ListItem","position":5,"name":"Po\u00eales \u00c9lectriques","item":"https:\/\/staging.belleflamme.ca\/fr\/categories\/poeles-et-foyers\/poele-foyer-electrique\/poeles-electriques\/"},{"@type":"ListItem","position":6,"name":"FS\u201026\u2010922 Autoportant intelligent Amantii"}]},{"@type":"WebSite","@id":"https:\/\/www.belleflamme.ca\/fr\/#website","url":"https:\/\/www.belleflamme.ca\/fr\/","name":"Groupe Belleflamme","description":"La m\u00e9canique du b\u00e2timent dans le sang.","publisher":{"@id":"https:\/\/www.belleflamme.ca\/fr\/#organization"},"potentialAction":[{"@type":"SearchAction","target":{"@type":"EntryPoint","urlTemplate":"https:\/\/www.belleflamme.ca\/fr\/?s={search_term_string}"},"query-input":{"@type":"PropertyValueSpecification","valueRequired":true,"valueName":"search_term_string"}}],"inLanguage":"fr-FR"},{"@type":["Organization","Place"],"@id":"https:\/\/www.belleflamme.ca\/fr\/#organization","name":"Groupe Belleflamme","alternateName":"Belleflamme","url":"https:\/\/www.belleflamme.ca\/fr\/","logo":{"@type":"ImageObject","inLanguage":"fr-FR","@id":"https:\/\/www.belleflamme.ca\/fr\/#\/schema\/logo\/image\/","url":"https:\/\/staging.belleflamme.ca\/wp-content\/uploads\/2023\/01\/og-image.jpg","contentUrl":"https:\/\/staging.belleflamme.ca\/wp-content\/uploads\/2023\/01\/og-image.jpg","width":1200,"height":630,"caption":"Groupe Belleflamme"},"image":{"@id":"https:\/\/www.belleflamme.ca\/fr\/#\/schema\/logo\/image\/"},"sameAs":["https:\/\/www.facebook.com\/belleflamme.ca\/","https:\/\/www.linkedin.com\/company\/belleflamme\/","https:\/\/www.pinterest.ca\/groupebelleflamme\/","https:\/\/www.instagram.com\/legroupebelleflamme\/"],"mainEntityOfPage":{"@id":"https:\/\/staging.belleflamme.ca\/fr\/produit\/fs%e2%80%9026%e2%80%90922-autoportant-intelligent-amantii\/"}}]},"product_brand":"Amantii","product_price_amount":"1699.00","product_price_currency":"CAD","og_availability":"instock","product_availability":"instock","product_retailer_item_id":"FS-26-922","product_condition":"new"},"_links":{"self":[{"href":"https:\/\/staging.belleflamme.ca\/fr\/wp-json\/wp\/v2\/product\/21039","targetHints":{"allow":["GET"]}}],"collection":[{"href":"https:\/\/staging.belleflamme.ca\/fr\/wp-json\/wp\/v2\/product"}],"about":[{"href":"https:\/\/staging.belleflamme.ca\/fr\/wp-json\/wp\/v2\/types\/product"}],"version-history":[{"count":6,"href":"https:\/\/staging.belleflamme.ca\/fr\/wp-json\/wp\/v2\/product\/21039\/revisions"}],"predecessor-version":[{"id":43157,"href":"https:\/\/staging.belleflamme.ca\/fr\/wp-json\/wp\/v2\/product\/21039\/revisions\/43157"}],"wp:featuredmedia":[{"embeddable":true,"href":"https:\/\/staging.belleflamme.ca\/fr\/wp-json\/wp\/v2\/media\/21040"}],"wp:attachment":[{"href":"https:\/\/staging.belleflamme.ca\/fr\/wp-json\/wp\/v2\/media?parent=21039"}],"wp:term":[{"taxonomy":"product_brand","embeddable":true,"href":"https:\/\/staging.belleflamme.ca\/fr\/wp-json\/wp\/v2\/product_brand?post=21039"},{"taxonomy":"product_cat","embeddable":true,"href":"https:\/\/staging.belleflamme.ca\/fr\/wp-json\/wp\/v2\/product_cat?post=21039"},{"taxonomy":"product_tag","embeddable":true,"href":"https:\/\/staging.belleflamme.ca\/fr\/wp-json\/wp\/v2\/product_tag?post=21039"}],"curies":[{"name":"wp","href":"https:\/\/api.w.org\/{rel}","templated":true}]}}