{"id":21015,"date":"2023-11-08T14:48:01","date_gmt":"2023-11-08T19:48:01","guid":{"rendered":"https:\/\/www.belleflamme.ca\/?post_type=product&#038;p=21015"},"modified":"2024-09-20T10:52:16","modified_gmt":"2024-09-20T14:52:16","slug":"foyer-electrique-autoportant-en-fonte-amantii","status":"publish","type":"product","link":"https:\/\/staging.belleflamme.ca\/fr\/produit\/foyer-electrique-autoportant-en-fonte-amantii\/","title":{"rendered":"Foyer \u00e9lectrique autoportant s\u00e9rie Lywood en fonte Amantii"},"content":{"rendered":"\t\t<div data-elementor-type=\"product-post\" data-elementor-id=\"21015\" class=\"elementor elementor-21015\" data-elementor-post-type=\"product\">\n\t\t\t\t\t\t<section class=\"elementor-section elementor-top-section elementor-element elementor-element-4f550f3f elementor-section-boxed elementor-section-height-default elementor-section-height-default\" data-id=\"4f550f3f\" data-element_type=\"section\">\n\t\t\t\t\t\t<div class=\"elementor-container elementor-column-gap-default\">\n\t\t\t\t\t<div class=\"elementor-column elementor-col-100 elementor-top-column elementor-element elementor-element-1218aa12\" data-id=\"1218aa12\" data-element_type=\"column\">\n\t\t\t<div class=\"elementor-widget-wrap elementor-element-populated\">\n\t\t\t\t\t\t<div class=\"elementor-element elementor-element-19103341 elementor-widget elementor-widget-text-editor\" data-id=\"19103341\" data-element_type=\"widget\" data-widget_type=\"text-editor.default\">\n\t\t\t\t<div class=\"elementor-widget-container\">\n\t\t\t\t\t\t\t\t\t<strong>Tailles\u00a0: E-50, E-70<\/strong>\r\n<ul>\r\n \t<li>V\u00e9ritable construction en fonte.\u00a0Disponible en deux tailles \u2013 50 cm et 70 cm<\/li>\r\n \t<li>Choisissez parmi 11 couleurs d&#8217;\u00e9clairage de baldaquin et de lit de braises pour \u00e9clairer les supports d\u00e9coratifs du bas et du dessus.<\/li>\r\n \t<li>Le WiFi est compatible pour connecter et contr\u00f4ler la chemin\u00e9e depuis votre smartphone avec l&#8217;utilisation de notre application.\u00a0Disponible sur le Google Play Store et l&#8217;App Store d&#8217;Apple<\/li>\r\n \t<li>Con\u00e7u pour les applications int\u00e9rieures uniquement<\/li>\r\n \t<li>Pr\u00e9sentation de flammes de pointe : pr\u00e9sentation de flammes vibrantes et multicolores de pointe \u2013 passez du jaune \u00e0 l&#8217;orange en passant par le rouge d&#8217;un simple clic sur la t\u00e9l\u00e9commande.<\/li>\r\n \t<li>Deux ensembles de flammes et un \u00e9clairage de baldaquin en 13 th\u00e8mes de couleurs cr\u00e9ent l&#8217;illusion d&#8217;un v\u00e9ritable feu.<\/li>\r\n \t<li>L&#8217;effet flamme peut \u00eatre utilis\u00e9 avec ou sans chaleur<\/li>\r\n \t<li>Chaleur \u00e0 la demande avec deux r\u00e9glages de chaleur.<\/li>\r\n \t<li>Pr\u00eat pour le thermostat et le c\u00e2blage<\/li>\r\n \t<li>Produit jusqu&#8217;\u00e0 5 000 BTU de chaleur, suffisamment pour chauffer 500 pieds carr\u00e9s<\/li>\r\n \t<li>\u00c9vent de chaleur inf\u00e9rieur permettant \u00e0 la chaleur de circuler directement au niveau du sol<\/li>\r\n \t<li>Comprend une t\u00e9l\u00e9commande multifonction<\/li>\r\n \t<li>Bruit du ventilateur \u2013 43 dB<\/li>\r\n<\/ul>\r\nUn foyer \u00e9lectrique en fer sur pied de style europ\u00e9en distinctif de Sierra Flame par Amantii.\u00a0Ce foyer est dot\u00e9 d&#8217;une zone de visualisation en verre biseaut\u00e9 qui donne un effet presque \u00ab transparent \u00bb sur trois c\u00f4t\u00e9s.\u00a0La chemin\u00e9e a un dessus et des c\u00f4t\u00e9s en fonte.\r\n\r\nSans limites d&#8217;installation, pas besoin de supports de montage ou de construction dans un mur, ce mod\u00e8le de chemin\u00e9e \u00e9lectrique en fer sur pied peut aller dans n&#8217;importe quelle pi\u00e8ce de votre choix.\r\n<div class=\"flex flex-grow flex-col gap-3\">\r\n<div class=\"min-h-[20px] flex flex-col items-start gap-4 whitespace-pre-wrap\">\r\n<div class=\"markdown prose w-full break-words dark:prose-invert light\">\r\n\r\nLe po\u00eale \u00e9lectrique autoportant en fonte d&#8217;Amantii est une solution de chauffage \u00e9l\u00e9gante et pratique pour n&#8217;importe quelle maison.\u00a0Dot\u00e9 d&#8217;un design classique avec des d\u00e9tails complexes, ce po\u00eale \u00e9lectrique est fabriqu\u00e9 \u00e0 partir de fonte de haute qualit\u00e9 pour offrir une durabilit\u00e9 et des performances durables.\r\n\r\nGr\u00e2ce \u00e0 son puissant \u00e9l\u00e9ment chauffant, le po\u00eale \u00e9lectrique autoportant en fonte est capable de chauffer rapidement et efficacement n&#8217;importe quelle pi\u00e8ce.\u00a0Les r\u00e9glages de temp\u00e9rature et de flamme r\u00e9glables vous permettent de personnaliser l&#8217;ambiance selon vos pr\u00e9f\u00e9rences, tandis que l&#8217;ensemble de b\u00fbches r\u00e9alistes cr\u00e9e l&#8217;apparence et la sensation chaleureuses d&#8217;un po\u00eale \u00e0 bois traditionnel sans les tracas ni le d\u00e9sordre.\r\n\r\nLe po\u00eale \u00e9lectrique autoportant en fonte est facile \u00e0 installer et ne n\u00e9cessite aucune ventilation ni conduite de gaz, ce qui en fait une solution de chauffage polyvalente et rentable pour n&#8217;importe quel espace.\u00a0Que vous cherchiez \u00e0 ajouter de la chaleur \u00e0 votre salon, votre chambre ou votre bureau \u00e0 domicile, le po\u00eale \u00e9lectrique autoportant en fonte d&#8217;Amantii est le choix parfait.\r\n\r\n<\/div>\r\n<\/div>\r\n<\/div>\r\n<strong>Le Freestand s\u2019int\u00e8gre parfaitement comme foyer \u00e9lectrique d\u2019angle.<\/strong>\r\n<h4>ACCESSOIRES INCLUS<\/h4>\r\nLe foyer sur pied est livr\u00e9 en standard avec un ensemble de b\u00fbches r\u00e9alistes semblables \u00e0 un bouleau de 10 pi\u00e8ces, 2 couleurs de verre \u00e0 feu et deux sacs de vermiculite de couleurs noir et blanc.\r\n\r\n<img fetchpriority=\"high\" decoding=\"async\" class=\"size-medium wp-image-36220 aligncenter\" src=\"https:\/\/amantii.com\/wp-content\/uploads\/2022\/08\/DESIGN-MEDIA-BIRCH-10PCE-800-removebg-300x200.png\" sizes=\"(max-width: 300px) 100vw, 300px\" srcset=\"https:\/\/amantii.com\/wp-content\/uploads\/2022\/08\/DESIGN-MEDIA-BIRCH-10PCE-800-removebg-300x200.png 300w, https:\/\/amantii.com\/wp-content\/uploads\/2022\/08\/DESIGN-MEDIA-BIRCH-10PCE-800-removebg-768x511.png 768w, https:\/\/amantii.com\/wp-content\/uploads\/2022\/08\/DESIGN-MEDIA-BIRCH-10PCE-800-removebg-500x333.png 500w, https:\/\/amantii.com\/wp-content\/uploads\/2022\/08\/DESIGN-MEDIA-BIRCH-10PCE-800-removebg-700x466.png 700w, https:\/\/amantii.com\/wp-content\/uploads\/2022\/08\/DESIGN-MEDIA-BIRCH-10PCE-800-removebg.png 800w\" alt=\"\" width=\"300\" height=\"200\" \/>\r\n\r\n&nbsp;\r\n<div id=\"tablist1-panel2\" class=\"tabcontent responsive-tabs__panel responsive-tabs__panel--active\">\r\n<div class=\"table-1\"><strong>Pr\u00e9sentation Flamme<\/strong><\/div>\r\n<div>\r\n\r\nPr\u00e9sentation de flammes vibrantes et multicolores de pointe \u2013 passez du jaune \u00e0 l&#8217;orange en passant par le rouge d&#8217;un simple clic sur la t\u00e9l\u00e9commande.\u00a0Tout peut \u00eatre fait s\u00e9par\u00e9ment et m\u00e9lang\u00e9 pour cr\u00e9er de nombreuses combinaisons.\r\n\r\n<\/div>\r\n<div><img decoding=\"async\" class=\"size-full wp-image-23575 aligncenter\" src=\"https:\/\/amantii.com\/wp-content\/uploads\/2019\/09\/Amantii-Flame-Colors-Media-TRD-INSERT-BESPOKE.jpg\" sizes=\"(max-width: 600px) 100vw, 600px\" srcset=\"https:\/\/amantii.com\/wp-content\/uploads\/2019\/09\/Amantii-Flame-Colors-Media-TRD-INSERT-BESPOKE-200x74.jpg 200w, https:\/\/amantii.com\/wp-content\/uploads\/2019\/09\/Amantii-Flame-Colors-Media-TRD-INSERT-BESPOKE-300x112.jpg 300w, https:\/\/amantii.com\/wp-content\/uploads\/2019\/09\/Amantii-Flame-Colors-Media-TRD-INSERT-BESPOKE-400x149.jpg 400w, https:\/\/amantii.com\/wp-content\/uploads\/2019\/09\/Amantii-Flame-Colors-Media-TRD-INSERT-BESPOKE-500x186.jpg 500w, https:\/\/amantii.com\/wp-content\/uploads\/2019\/09\/Amantii-Flame-Colors-Media-TRD-INSERT-BESPOKE.jpg 600w\" alt=\"\" width=\"600\" height=\"223\" \/><\/div>\r\n<div>\r\n<div><\/div>\r\n<div class=\"table-1\"><strong>\u00c9clairage ambiant de l&#8217;auvent<\/strong><\/div>\r\n<div>\r\n\r\nL\u2019\u00e9clairage ambiant de la verri\u00e8re illumine les m\u00e9dias comme jamais auparavant.\u00a0Projetez une lueur color\u00e9e sur les supports d\u00e9coratifs fournis dans le plateau ci-dessous.\u00a0Parcourez un arc-en-ciel de 13 couleurs diff\u00e9rentes.\u00a0M\u00e9langez les couleurs des flammes avec un \u00e9clairage contrast\u00e9 pour une pr\u00e9sentation unique \u2013 les combinaisons sont illimit\u00e9es.\r\n\r\n&nbsp;\r\n\r\n<\/div>\r\n<img decoding=\"async\" class=\"size-full wp-image-38817 aligncenter\" src=\"https:\/\/amantii.com\/wp-content\/uploads\/2022\/01\/Tru-View72-Lighting-LOGS-500.jpg\" alt=\"\" width=\"500\" height=\"181\" \/>\r\n\r\n<\/div>\r\n<\/div>\t\t\t\t\t\t\t\t<\/div>\n\t\t\t\t<\/div>\n\t\t\t\t\t<\/div>\n\t\t<\/div>\n\t\t\t\t\t<\/div>\n\t\t<\/section>\n\t\t\t\t<section class=\"elementor-section elementor-top-section elementor-element elementor-element-f6d3b9e elementor-section-boxed elementor-section-height-default elementor-section-height-default\" data-id=\"f6d3b9e\" data-element_type=\"section\">\n\t\t\t\t\t\t<div class=\"elementor-container elementor-column-gap-default\">\n\t\t\t\t\t<div class=\"elementor-column elementor-col-100 elementor-top-column elementor-element elementor-element-53f770a\" data-id=\"53f770a\" data-element_type=\"column\">\n\t\t\t<div class=\"elementor-widget-wrap elementor-element-populated\">\n\t\t\t\t\t\t<div class=\"elementor-element elementor-element-1fa41cb elementor-tabs-view-horizontal elementor-widget elementor-widget-tabs\" data-id=\"1fa41cb\" data-element_type=\"widget\" data-widget_type=\"tabs.default\">\n\t\t\t\t<div class=\"elementor-widget-container\">\n\t\t\t\t\t\t\t<div class=\"elementor-tabs\">\n\t\t\t<div class=\"elementor-tabs-wrapper\" role=\"tablist\" >\n\t\t\t\t\t\t\t\t\t<div id=\"elementor-tab-title-3311\" class=\"elementor-tab-title elementor-tab-desktop-title\" aria-selected=\"true\" data-tab=\"1\" role=\"tab\" tabindex=\"0\" aria-controls=\"elementor-tab-content-3311\" aria-expanded=\"false\">Fichiers<\/div>\n\t\t\t\t\t\t\t<\/div>\n\t\t\t<div class=\"elementor-tabs-content-wrapper\" role=\"tablist\" aria-orientation=\"vertical\">\n\t\t\t\t\t\t\t\t\t<div class=\"elementor-tab-title elementor-tab-mobile-title\" aria-selected=\"true\" data-tab=\"1\" role=\"tab\" tabindex=\"0\" aria-controls=\"elementor-tab-content-3311\" aria-expanded=\"false\">Fichiers<\/div>\n\t\t\t\t\t<div id=\"elementor-tab-content-3311\" class=\"elementor-tab-content elementor-clearfix\" data-tab=\"1\" role=\"tabpanel\" aria-labelledby=\"elementor-tab-title-3311\" tabindex=\"0\" hidden=\"false\"><i class=\"far fa-file-pdf fa-xl\" style=\"font-size:35px\"><\/i><a href=\"https:\/\/www.belleflamme.ca\/wp-content\/uploads\/2023\/11\/Amantii-Dovre-CSA.pdf\"> Manuel<\/a><\/br>\n<i class=\"far fa-file-pdf fa-xl\" style=\"font-size:35px\"><\/i><a href=\"https:\/\/www.belleflamme.ca\/wp-content\/uploads\/2023\/11\/Lynwood-Brochure.pdf\"> Brochure<\/a><\/br>\n<i class=\"far fa-file-pdf fa-xl\" style=\"font-size:35px\"><\/i><a href=\"https:\/\/www.belleflamme.ca\/wp-content\/uploads\/2023\/11\/Bespoke-WIFI-instruction.pdf\"> Guide Wifi<\/a><\/br>\n<\/div>\n\t\t\t\t\t\t\t<\/div>\n\t\t<\/div>\n\t\t\t\t\t\t<\/div>\n\t\t\t\t<\/div>\n\t\t\t\t\t<\/div>\n\t\t<\/div>\n\t\t\t\t\t<\/div>\n\t\t<\/section>\n\t\t\t\t<\/div>\n\t\t","protected":false},"excerpt":{"rendered":"<p>Tailles\u00a0: E-50, E-70 V\u00e9ritable construction en fonte.\u00a0Disponible en deux tailles \u2013 50 cm et 70 cm Choisissez parmi 11 couleurs d&#8217;\u00e9clairage de baldaquin et de lit de braises pour \u00e9clairer les supports d\u00e9coratifs du bas et du dessus. Le WiFi est compatible pour connecter et contr\u00f4ler la chemin\u00e9e depuis votre smartphone avec l&#8217;utilisation de notre [&hellip;]<\/p>\n","protected":false},"featured_media":21021,"template":"","meta":{"inline_featured_image":false},"product_brand":[231],"product_cat":[241,91,33],"product_tag":[],"class_list":{"0":"post-21015","1":"product","2":"type-product","3":"status-publish","4":"has-post-thumbnail","6":"product_brand-amantii","7":"product_cat-poele-foyer-electrique","8":"product_cat-poeles-electriques","9":"product_cat-poeles-et-foyers","11":"first","12":"instock","13":"taxable","14":"shipping-taxable","15":"purchasable","16":"product-type-variable"},"yoast_head":"<!-- This site is optimized with the Yoast SEO Premium plugin v24.2 (Yoast SEO v24.2) - https:\/\/yoast.com\/wordpress\/plugins\/seo\/ -->\n<title>Foyer \u00e9lectrique autoportant s\u00e9rie Lywood en fonte Amantii - Groupe BelleFlamme<\/title>\n<meta name=\"description\" content=\"Foyer \u00e9lectrique autoportant s\u00e9rie Lywood en fonte Amantii vendu et install\u00e9 par le Groupe Belleflamme. Laval, Montr\u00e9al, Gatineau, Drummondville et Saint-Sauveur.\" \/>\n<meta name=\"robots\" content=\"index, follow, max-snippet:-1, max-image-preview:large, max-video-preview:-1\" \/>\n<link rel=\"canonical\" href=\"https:\/\/staging.belleflamme.ca\/fr\/produit\/foyer-electrique-autoportant-en-fonte-amantii\/\" \/>\n<meta property=\"og:locale\" content=\"fr_FR\" \/>\n<meta property=\"og:type\" content=\"article\" \/>\n<meta property=\"og:title\" content=\"Foyer \u00e9lectrique autoportant s\u00e9rie Lywood en fonte Amantii\" \/>\n<meta property=\"og:description\" content=\"Foyer \u00e9lectrique autoportant s\u00e9rie Lywood en fonte Amantii vendu et install\u00e9 par le Groupe Belleflamme. Laval, Montr\u00e9al, Gatineau, Drummondville et Saint-Sauveur.\" \/>\n<meta property=\"og:url\" content=\"https:\/\/staging.belleflamme.ca\/fr\/produit\/foyer-electrique-autoportant-en-fonte-amantii\/\" \/>\n<meta property=\"og:site_name\" content=\"Groupe BelleFlamme\" \/>\n<meta property=\"article:publisher\" content=\"https:\/\/www.facebook.com\/belleflamme.ca\/\" \/>\n<meta property=\"article:modified_time\" content=\"2024-09-20T14:52:16+00:00\" \/>\n<meta property=\"og:image\" content=\"https:\/\/www.belleflamme.ca\/wp-content\/uploads\/2023\/11\/1233-1200-1.webp\" \/>\n\t<meta property=\"og:image:width\" content=\"1210\" \/>\n\t<meta property=\"og:image:height\" content=\"1018\" \/>\n\t<meta property=\"og:image:type\" content=\"image\/webp\" \/>\n<meta name=\"twitter:card\" content=\"summary_large_image\" \/>\n<meta name=\"twitter:label1\" content=\"Disponibilit\u00e9\" \/>\n\t<meta name=\"twitter:data1\" content=\"En stock\" \/>\n<script type=\"application\/ld+json\" class=\"yoast-schema-graph\">{\"@context\":\"https:\/\/schema.org\",\"@graph\":[{\"@type\":[\"WebPage\",\"ItemPage\"],\"@id\":\"https:\/\/staging.belleflamme.ca\/fr\/produit\/foyer-electrique-autoportant-en-fonte-amantii\/\",\"url\":\"https:\/\/staging.belleflamme.ca\/fr\/produit\/foyer-electrique-autoportant-en-fonte-amantii\/\",\"name\":\"Foyer \u00e9lectrique autoportant s\u00e9rie Lywood en fonte Amantii - Groupe BelleFlamme\",\"isPartOf\":{\"@id\":\"https:\/\/www.belleflamme.ca\/fr\/#website\"},\"primaryImageOfPage\":{\"@id\":\"https:\/\/staging.belleflamme.ca\/fr\/produit\/foyer-electrique-autoportant-en-fonte-amantii\/#primaryimage\"},\"image\":{\"@id\":\"https:\/\/staging.belleflamme.ca\/fr\/produit\/foyer-electrique-autoportant-en-fonte-amantii\/#primaryimage\"},\"thumbnailUrl\":\"https:\/\/staging.belleflamme.ca\/wp-content\/uploads\/2023\/11\/1233-1200-1.webp\",\"datePublished\":\"2023-11-08T19:48:01+00:00\",\"dateModified\":\"2024-09-20T14:52:16+00:00\",\"description\":\"Foyer \u00e9lectrique autoportant s\u00e9rie Lywood en fonte Amantii [get_meta_en_fr]\",\"breadcrumb\":{\"@id\":\"https:\/\/staging.belleflamme.ca\/fr\/produit\/foyer-electrique-autoportant-en-fonte-amantii\/#breadcrumb\"},\"inLanguage\":\"fr-FR\",\"potentialAction\":[{\"@type\":\"ReadAction\",\"target\":[\"https:\/\/staging.belleflamme.ca\/fr\/produit\/foyer-electrique-autoportant-en-fonte-amantii\/\"]}]},{\"@type\":\"ImageObject\",\"inLanguage\":\"fr-FR\",\"@id\":\"https:\/\/staging.belleflamme.ca\/fr\/produit\/foyer-electrique-autoportant-en-fonte-amantii\/#primaryimage\",\"url\":\"https:\/\/staging.belleflamme.ca\/wp-content\/uploads\/2023\/11\/1233-1200-1.webp\",\"contentUrl\":\"https:\/\/staging.belleflamme.ca\/wp-content\/uploads\/2023\/11\/1233-1200-1.webp\",\"width\":1210,\"height\":1018,\"caption\":\"Foyer \u00e9lectrique autoportant en fonte Amantii\"},{\"@type\":\"BreadcrumbList\",\"@id\":\"https:\/\/staging.belleflamme.ca\/fr\/produit\/foyer-electrique-autoportant-en-fonte-amantii\/#breadcrumb\",\"itemListElement\":[{\"@type\":\"ListItem\",\"position\":1,\"name\":\"Accueil\",\"item\":\"https:\/\/www.belleflamme.ca\/fr\/\"},{\"@type\":\"ListItem\",\"position\":2,\"name\":\"Boutique\",\"item\":\"https:\/\/www.belleflamme.ca\/fr\/boutique\/\"},{\"@type\":\"ListItem\",\"position\":3,\"name\":\"Po\u00eales &amp; Foyers\",\"item\":\"https:\/\/staging.belleflamme.ca\/fr\/categories\/poeles-et-foyers\/\"},{\"@type\":\"ListItem\",\"position\":4,\"name\":\"Po\u00eale &amp; Foyer \u00c9lectrique\",\"item\":\"https:\/\/staging.belleflamme.ca\/fr\/categories\/poeles-et-foyers\/poele-foyer-electrique\/\"},{\"@type\":\"ListItem\",\"position\":5,\"name\":\"Po\u00eales \u00c9lectriques\",\"item\":\"https:\/\/staging.belleflamme.ca\/fr\/categories\/poeles-et-foyers\/poele-foyer-electrique\/poeles-electriques\/\"},{\"@type\":\"ListItem\",\"position\":6,\"name\":\"Foyer \u00e9lectrique autoportant s\u00e9rie Lywood en fonte Amantii\"}]},{\"@type\":\"WebSite\",\"@id\":\"https:\/\/www.belleflamme.ca\/fr\/#website\",\"url\":\"https:\/\/www.belleflamme.ca\/fr\/\",\"name\":\"Groupe Belleflamme\",\"description\":\"La m\u00e9canique du b\u00e2timent dans le sang.\",\"publisher\":{\"@id\":\"https:\/\/www.belleflamme.ca\/fr\/#organization\"},\"potentialAction\":[{\"@type\":\"SearchAction\",\"target\":{\"@type\":\"EntryPoint\",\"urlTemplate\":\"https:\/\/www.belleflamme.ca\/fr\/?s={search_term_string}\"},\"query-input\":{\"@type\":\"PropertyValueSpecification\",\"valueRequired\":true,\"valueName\":\"search_term_string\"}}],\"inLanguage\":\"fr-FR\"},{\"@type\":[\"Organization\",\"Place\"],\"@id\":\"https:\/\/www.belleflamme.ca\/fr\/#organization\",\"name\":\"Groupe Belleflamme\",\"alternateName\":\"Belleflamme\",\"url\":\"https:\/\/www.belleflamme.ca\/fr\/\",\"logo\":{\"@type\":\"ImageObject\",\"inLanguage\":\"fr-FR\",\"@id\":\"https:\/\/www.belleflamme.ca\/fr\/#\/schema\/logo\/image\/\",\"url\":\"https:\/\/staging.belleflamme.ca\/wp-content\/uploads\/2023\/01\/og-image.jpg\",\"contentUrl\":\"https:\/\/staging.belleflamme.ca\/wp-content\/uploads\/2023\/01\/og-image.jpg\",\"width\":1200,\"height\":630,\"caption\":\"Groupe Belleflamme\"},\"image\":{\"@id\":\"https:\/\/www.belleflamme.ca\/fr\/#\/schema\/logo\/image\/\"},\"sameAs\":[\"https:\/\/www.facebook.com\/belleflamme.ca\/\",\"https:\/\/www.linkedin.com\/company\/belleflamme\/\",\"https:\/\/www.pinterest.ca\/groupebelleflamme\/\",\"https:\/\/www.instagram.com\/legroupebelleflamme\/\"],\"mainEntityOfPage\":{\"@id\":\"https:\/\/staging.belleflamme.ca\/fr\/produit\/foyer-electrique-autoportant-en-fonte-amantii\/\"}}]}<\/script>\n<meta property=\"product:brand\" content=\"Amantii\" \/>\n<meta property=\"og:availability\" content=\"instock\" \/>\n<meta property=\"product:availability\" content=\"instock\" \/>\n<meta property=\"product:retailer_item_id\" content=\"CAST-IRON\" \/>\n<meta property=\"product:condition\" content=\"new\" \/>\n<!-- \/ Yoast SEO Premium plugin. -->","yoast_head_json":{"title":"Foyer \u00e9lectrique autoportant s\u00e9rie Lywood en fonte Amantii - Groupe BelleFlamme","description":"Foyer \u00e9lectrique autoportant s\u00e9rie Lywood en fonte Amantii vendu et install\u00e9 par le Groupe Belleflamme. Laval, Montr\u00e9al, Gatineau, Drummondville et Saint-Sauveur.","robots":{"index":"index","follow":"follow","max-snippet":"max-snippet:-1","max-image-preview":"max-image-preview:large","max-video-preview":"max-video-preview:-1"},"canonical":"https:\/\/staging.belleflamme.ca\/fr\/produit\/foyer-electrique-autoportant-en-fonte-amantii\/","og_locale":"fr_FR","og_type":"article","og_title":"Foyer \u00e9lectrique autoportant s\u00e9rie Lywood en fonte Amantii","og_description":"Foyer \u00e9lectrique autoportant s\u00e9rie Lywood en fonte Amantii vendu et install\u00e9 par le Groupe Belleflamme. Laval, Montr\u00e9al, Gatineau, Drummondville et Saint-Sauveur.","og_url":"https:\/\/staging.belleflamme.ca\/fr\/produit\/foyer-electrique-autoportant-en-fonte-amantii\/","og_site_name":"Groupe BelleFlamme","article_publisher":"https:\/\/www.facebook.com\/belleflamme.ca\/","article_modified_time":"2024-09-20T14:52:16+00:00","og_image":[{"width":1210,"height":1018,"url":"https:\/\/www.belleflamme.ca\/wp-content\/uploads\/2023\/11\/1233-1200-1.webp","type":"image\/webp"}],"twitter_card":"summary_large_image","twitter_misc":{"Disponibilit\u00e9":"En stock"},"schema":{"@context":"https:\/\/schema.org","@graph":[{"@type":["WebPage","ItemPage"],"@id":"https:\/\/staging.belleflamme.ca\/fr\/produit\/foyer-electrique-autoportant-en-fonte-amantii\/","url":"https:\/\/staging.belleflamme.ca\/fr\/produit\/foyer-electrique-autoportant-en-fonte-amantii\/","name":"Foyer \u00e9lectrique autoportant s\u00e9rie Lywood en fonte Amantii - Groupe BelleFlamme","isPartOf":{"@id":"https:\/\/www.belleflamme.ca\/fr\/#website"},"primaryImageOfPage":{"@id":"https:\/\/staging.belleflamme.ca\/fr\/produit\/foyer-electrique-autoportant-en-fonte-amantii\/#primaryimage"},"image":{"@id":"https:\/\/staging.belleflamme.ca\/fr\/produit\/foyer-electrique-autoportant-en-fonte-amantii\/#primaryimage"},"thumbnailUrl":"https:\/\/staging.belleflamme.ca\/wp-content\/uploads\/2023\/11\/1233-1200-1.webp","datePublished":"2023-11-08T19:48:01+00:00","dateModified":"2024-09-20T14:52:16+00:00","description":"Foyer \u00e9lectrique autoportant s\u00e9rie Lywood en fonte Amantii [get_meta_en_fr]","breadcrumb":{"@id":"https:\/\/staging.belleflamme.ca\/fr\/produit\/foyer-electrique-autoportant-en-fonte-amantii\/#breadcrumb"},"inLanguage":"fr-FR","potentialAction":[{"@type":"ReadAction","target":["https:\/\/staging.belleflamme.ca\/fr\/produit\/foyer-electrique-autoportant-en-fonte-amantii\/"]}]},{"@type":"ImageObject","inLanguage":"fr-FR","@id":"https:\/\/staging.belleflamme.ca\/fr\/produit\/foyer-electrique-autoportant-en-fonte-amantii\/#primaryimage","url":"https:\/\/staging.belleflamme.ca\/wp-content\/uploads\/2023\/11\/1233-1200-1.webp","contentUrl":"https:\/\/staging.belleflamme.ca\/wp-content\/uploads\/2023\/11\/1233-1200-1.webp","width":1210,"height":1018,"caption":"Foyer \u00e9lectrique autoportant en fonte Amantii"},{"@type":"BreadcrumbList","@id":"https:\/\/staging.belleflamme.ca\/fr\/produit\/foyer-electrique-autoportant-en-fonte-amantii\/#breadcrumb","itemListElement":[{"@type":"ListItem","position":1,"name":"Accueil","item":"https:\/\/www.belleflamme.ca\/fr\/"},{"@type":"ListItem","position":2,"name":"Boutique","item":"https:\/\/www.belleflamme.ca\/fr\/boutique\/"},{"@type":"ListItem","position":3,"name":"Po\u00eales &amp; Foyers","item":"https:\/\/staging.belleflamme.ca\/fr\/categories\/poeles-et-foyers\/"},{"@type":"ListItem","position":4,"name":"Po\u00eale &amp; Foyer \u00c9lectrique","item":"https:\/\/staging.belleflamme.ca\/fr\/categories\/poeles-et-foyers\/poele-foyer-electrique\/"},{"@type":"ListItem","position":5,"name":"Po\u00eales \u00c9lectriques","item":"https:\/\/staging.belleflamme.ca\/fr\/categories\/poeles-et-foyers\/poele-foyer-electrique\/poeles-electriques\/"},{"@type":"ListItem","position":6,"name":"Foyer \u00e9lectrique autoportant s\u00e9rie Lywood en fonte Amantii"}]},{"@type":"WebSite","@id":"https:\/\/www.belleflamme.ca\/fr\/#website","url":"https:\/\/www.belleflamme.ca\/fr\/","name":"Groupe Belleflamme","description":"La m\u00e9canique du b\u00e2timent dans le sang.","publisher":{"@id":"https:\/\/www.belleflamme.ca\/fr\/#organization"},"potentialAction":[{"@type":"SearchAction","target":{"@type":"EntryPoint","urlTemplate":"https:\/\/www.belleflamme.ca\/fr\/?s={search_term_string}"},"query-input":{"@type":"PropertyValueSpecification","valueRequired":true,"valueName":"search_term_string"}}],"inLanguage":"fr-FR"},{"@type":["Organization","Place"],"@id":"https:\/\/www.belleflamme.ca\/fr\/#organization","name":"Groupe Belleflamme","alternateName":"Belleflamme","url":"https:\/\/www.belleflamme.ca\/fr\/","logo":{"@type":"ImageObject","inLanguage":"fr-FR","@id":"https:\/\/www.belleflamme.ca\/fr\/#\/schema\/logo\/image\/","url":"https:\/\/staging.belleflamme.ca\/wp-content\/uploads\/2023\/01\/og-image.jpg","contentUrl":"https:\/\/staging.belleflamme.ca\/wp-content\/uploads\/2023\/01\/og-image.jpg","width":1200,"height":630,"caption":"Groupe Belleflamme"},"image":{"@id":"https:\/\/www.belleflamme.ca\/fr\/#\/schema\/logo\/image\/"},"sameAs":["https:\/\/www.facebook.com\/belleflamme.ca\/","https:\/\/www.linkedin.com\/company\/belleflamme\/","https:\/\/www.pinterest.ca\/groupebelleflamme\/","https:\/\/www.instagram.com\/legroupebelleflamme\/"],"mainEntityOfPage":{"@id":"https:\/\/staging.belleflamme.ca\/fr\/produit\/foyer-electrique-autoportant-en-fonte-amantii\/"}}]},"product_brand":"Amantii","og_availability":"instock","product_availability":"instock","product_retailer_item_id":"CAST-IRON","product_condition":"new"},"_links":{"self":[{"href":"https:\/\/staging.belleflamme.ca\/fr\/wp-json\/wp\/v2\/product\/21015","targetHints":{"allow":["GET"]}}],"collection":[{"href":"https:\/\/staging.belleflamme.ca\/fr\/wp-json\/wp\/v2\/product"}],"about":[{"href":"https:\/\/staging.belleflamme.ca\/fr\/wp-json\/wp\/v2\/types\/product"}],"version-history":[{"count":7,"href":"https:\/\/staging.belleflamme.ca\/fr\/wp-json\/wp\/v2\/product\/21015\/revisions"}],"predecessor-version":[{"id":43115,"href":"https:\/\/staging.belleflamme.ca\/fr\/wp-json\/wp\/v2\/product\/21015\/revisions\/43115"}],"wp:featuredmedia":[{"embeddable":true,"href":"https:\/\/staging.belleflamme.ca\/fr\/wp-json\/wp\/v2\/media\/21021"}],"wp:attachment":[{"href":"https:\/\/staging.belleflamme.ca\/fr\/wp-json\/wp\/v2\/media?parent=21015"}],"wp:term":[{"taxonomy":"product_brand","embeddable":true,"href":"https:\/\/staging.belleflamme.ca\/fr\/wp-json\/wp\/v2\/product_brand?post=21015"},{"taxonomy":"product_cat","embeddable":true,"href":"https:\/\/staging.belleflamme.ca\/fr\/wp-json\/wp\/v2\/product_cat?post=21015"},{"taxonomy":"product_tag","embeddable":true,"href":"https:\/\/staging.belleflamme.ca\/fr\/wp-json\/wp\/v2\/product_tag?post=21015"}],"curies":[{"name":"wp","href":"https:\/\/api.w.org\/{rel}","templated":true}]}}