{"id":20965,"date":"2023-11-08T14:09:29","date_gmt":"2023-11-08T19:09:29","guid":{"rendered":"https:\/\/www.belleflamme.ca\/?post_type=product&#038;p=20965"},"modified":"2024-09-20T12:09:12","modified_gmt":"2024-09-20T16:09:12","slug":"foyer-electrique-integlligent-amantii-panorama-bi-slim","status":"publish","type":"product","link":"https:\/\/staging.belleflamme.ca\/fr\/produit\/foyer-electrique-integlligent-amantii-panorama-bi-slim\/","title":{"rendered":"Foyer \u00c9lectrique Int\u00e9glligent Amantii Panorama BI Slim"},"content":{"rendered":"\t\t<div data-elementor-type=\"product-post\" data-elementor-id=\"20965\" class=\"elementor elementor-20965\" data-elementor-post-type=\"product\">\n\t\t\t\t\t\t<section class=\"elementor-section elementor-top-section elementor-element elementor-element-77f07407 elementor-section-boxed elementor-section-height-default elementor-section-height-default\" data-id=\"77f07407\" data-element_type=\"section\">\n\t\t\t\t\t\t<div class=\"elementor-container elementor-column-gap-default\">\n\t\t\t\t\t<div class=\"elementor-column elementor-col-100 elementor-top-column elementor-element elementor-element-37ad2226\" data-id=\"37ad2226\" data-element_type=\"column\">\n\t\t\t<div class=\"elementor-widget-wrap elementor-element-populated\">\n\t\t\t\t\t\t<div class=\"elementor-element elementor-element-5bddc78d elementor-widget elementor-widget-text-editor\" data-id=\"5bddc78d\" data-element_type=\"widget\" data-widget_type=\"text-editor.default\">\n\t\t\t\t<div class=\"elementor-widget-container\">\n\t\t\t\t\t\t\t\t\t<iframe width=\"560\" height=\"315\" src=\"https:\/\/www.youtube.com\/embed\/z2xoc9WkYe4?si=cG7Set_FJvgMJnN4\" title=\"YouTube video player\" frameborder=\"0\" allow=\"accelerometer; autoplay; clipboard-write; encrypted-media; gyroscope; picture-in-picture; web-share\" allowfullscreen><\/iframe>\n&nbsp;\n\n<strong>Tailles : BI-40-SLIM-OD \u2013 BI 40\u2033 Slim Smart, BI-50-SLIM-OD \u2013 BI 50\u2033 Slim Smart, BI-60-SLIM-OD BI Slim Smart 60\u2033, BI-72-SLIM-OD BI 72\u2033 mince intelligent, BI-88-SLIM-OD BI 88\u2033 mince intelligent<\/strong>\n<ul>\n \t<li>Tous les mod\u00e8les sont con\u00e7us pour une utilisation int\u00e9rieure ou ext\u00e9rieure<\/li>\n \t<li>La couverture DOIT \u00eatre achet\u00e9e\u00a0<em>si vous installez \u00e0 l\u2019ext\u00e9rieur<\/em><\/li>\n \t<li><strong>\u00a0<\/strong>Pr\u00e9sentation de flammes de pointe : pr\u00e9sentation de flammes vibrantes et multicolores de pointe \u2013 passez du jaune \u00e0 l&#8217;orange en passant par le rouge d&#8217;un simple clic sur la t\u00e9l\u00e9commande.<\/li>\n \t<li><strong>Application WiFi\u00a0<\/strong>\u00a0\u2013 Pour un contr\u00f4le complet depuis n\u2019importe quelle pi\u00e8ce.\u00a0R\u00e9glez le foyer pour qu&#8217;il s&#8217;allume avant d&#8217;arriver \u00e0 la maison ou faites-le s&#8217;allumer automatiquement lorsqu&#8217;il fait froid.\u00a0Les possibilit\u00e9s de personnalisation sont infinies.<\/li>\n \t<li>Peut produire jusqu&#8217;\u00e0 5 000 BTU de chaleur, suffisamment pour chauffer jusqu&#8217;\u00e0 500 pieds carr\u00e9s<\/li>\n \t<li>Chauffage \u00e0 2 \u00e9tages<\/li>\n \t<li>Pr\u00eat pour le c\u00e2blage<\/li>\n \t<li>Thermostat pr\u00eat \u00e0 \u00eatre c\u00e2bl\u00e9<\/li>\n \t<li>La flamme fonctionne avec ou sans chaleur<\/li>\n \t<li>T\u00e9l\u00e9commande unique pour flamme et chauffage incluse<\/li>\n \t<li>Visualisation plein format &#8211; l&#8217;unit\u00e9 permet de choisir le mat\u00e9riau de finition jusqu&#8217;au verre<\/li>\n \t<li>Un contour en acier noir en option est fourni dans la bo\u00eete \u2013 c&#8217;est \u00e0 vous de d\u00e9cider si vous souhaitez l&#8217;utiliser ou non.<\/li>\n<\/ul>\nLa s\u00e9rie Panorama Slim de foyers \u00e9lectriques encastr\u00e9s a \u00e9t\u00e9 con\u00e7ue pour vous offrir une flexibilit\u00e9 maximale dans la s\u00e9lection d&#8217;une unit\u00e9 qui r\u00e9pond parfaitement \u00e0 vos besoins.\u00a0L&#8217;\u00e9l\u00e9gant foyer \u00e9lectrique sera un point central dans n&#8217;importe quelle pi\u00e8ce, int\u00e9rieure ou ext\u00e9rieure.\n\nAvec seulement 6 3\/4&#8243; de profondeur, le Slim est un choix pratique pour les nouveaux projets de construction et les r\u00e9novations.\u00a0Le foyer \u00e9lectrique BI-SLIM vous offre \u00e9galement la possibilit\u00e9 d&#8217;installer votre foyer avec le mat\u00e9riau de finition de votre choix int\u00e9gr\u00e9 directement au verre pour un design \u00ab\u00a0face nette\u00a0\u00bb ou en utilisant le cadre en m\u00e9tal noir fourni.\u00a0Votre choix \u2013 votre conception !\n\nLa s\u00e9rie Panorama d&#8217;Amantii Electric Fireplaces offre une zone de visualisation compl\u00e8te exceptionnelle, offrant une exp\u00e9rience immersive et captivante aux utilisateurs.\u00a0Cette fonctionnalit\u00e9 vous permet de profiter des flammes r\u00e9alistes et des braises incandescentes dans une perspective plus large, cr\u00e9ant ainsi un superbe point focal visuel dans n&#8217;importe quelle pi\u00e8ce.\u00a0Le v\u00e9ritable design sans bordure de la s\u00e9rie Panorama la distingue des autres unit\u00e9s int\u00e9gr\u00e9es sur le march\u00e9.\u00a0Sans garniture ni cadre visibles, le foyer se fond parfaitement dans le mur environnant, cr\u00e9ant une apparence \u00e9l\u00e9gante et moderne.\n\nCette fonctionnalit\u00e9 sans bordure ajoute une touche d&#8217;\u00e9l\u00e9gance et de sophistication \u00e0 votre espace de vie.\u00a0La zone de visualisation compl\u00e8te de la s\u00e9rie Panorama garantit que tous les angles des flammes sont visibles, ce qui la rend parfaite pour une installation dans les zones centrales d&#8217;une pi\u00e8ce.\u00a0Que vous profitiez d&#8217;une soir\u00e9e agr\u00e9able ou que vous organisiez une r\u00e9union, tout le monde peut appr\u00e9cier la beaut\u00e9 et la chaleur du foyer depuis diff\u00e9rents points de vue.\n<h4>ACCESSOIRES INCLUS<\/h4>\nLe BI-SLIM est livr\u00e9 en standard avec des supports d\u00e9coratifs transparents et un ensemble multim\u00e9dia ICE, ainsi qu&#8217;un cadre en acier noir et une t\u00e9l\u00e9commande.\n\n<img fetchpriority=\"high\" decoding=\"async\" class=\"wp-image-38822 aligncenter\" src=\"https:\/\/amantii.com\/wp-content\/uploads\/2022\/01\/Media_SYM-Xtraslim-Smart-scaled.jpg\" alt=\"\" width=\"721\" height=\"557\" \/>\n<div id=\"tablist1-panel2\" class=\"tabcontent responsive-tabs__panel responsive-tabs__panel--active\">\n\n<strong>Les foyers panoramiques sont con\u00e7us pour une utilisation int\u00e9rieure ou ext\u00e9rieure.<\/strong>\n\n<strong>Zone de visualisation plein format<\/strong>\nLa s\u00e9rie Panorama d&#8217;Amantii vous offre plusieurs options de longueurs et de profondeurs ainsi que la possibilit\u00e9 d&#8217;installer votre foyer avec le mat\u00e9riau de finition de votre choix construit directement sur le verre pour un design \u00ab\u00a0face nette\u00a0\u00bb ou en utilisant le cadre en m\u00e9tal noir fourni. .\u00a0<em><strong>Votre choix \u2013 votre conception !<\/strong><\/em>\n\n<strong>Comment la chaleur est-elle \u00e9mise par un Panorama ?<\/strong>\nLe radiateur et le ventilateur sont situ\u00e9s en haut de l&#8217;appareil et le verre est inclin\u00e9 de mani\u00e8re unique vers l&#8217;arri\u00e8re pour permettre \u00e0 la chaleur de descendre en cascade sur l&#8217;avant du foyer.\n\n<strong>Remarque\u00a0:<\/strong>\u00a0Les mod\u00e8les de foyers Slim sont dot\u00e9s de la toute derni\u00e8re pr\u00e9sentation de flammes bleues\/multicolores Dual Flame et sont livr\u00e9s avec de grandes p\u00e9pites de verre transparent et des supports en verre \u00e0 feu en diamant transparent et bleu.\n<div class=\"table-1\"><strong>Pr\u00e9sentation Flamme<\/strong><\/div>\n<div>\n\nPr\u00e9sentation de flammes vibrantes et multicolores de pointe \u2013 passez du jaune \u00e0 l&#8217;orange en passant par le rouge d&#8217;un simple clic sur la t\u00e9l\u00e9commande.\u00a0Tout peut \u00eatre fait s\u00e9par\u00e9ment et m\u00e9lang\u00e9 pour cr\u00e9er de nombreuses combinaisons.\n\n<\/div>\n<div><img decoding=\"async\" class=\"size-full wp-image-23575 aligncenter\" src=\"https:\/\/amantii.com\/wp-content\/uploads\/2019\/09\/Amantii-Flame-Colors-Media-TRD-INSERT-BESPOKE.jpg\" sizes=\"(max-width: 600px) 100vw, 600px\" srcset=\"https:\/\/amantii.com\/wp-content\/uploads\/2019\/09\/Amantii-Flame-Colors-Media-TRD-INSERT-BESPOKE-200x74.jpg 200w, https:\/\/amantii.com\/wp-content\/uploads\/2019\/09\/Amantii-Flame-Colors-Media-TRD-INSERT-BESPOKE-300x112.jpg 300w, https:\/\/amantii.com\/wp-content\/uploads\/2019\/09\/Amantii-Flame-Colors-Media-TRD-INSERT-BESPOKE-400x149.jpg 400w, https:\/\/amantii.com\/wp-content\/uploads\/2019\/09\/Amantii-Flame-Colors-Media-TRD-INSERT-BESPOKE-500x186.jpg 500w, https:\/\/amantii.com\/wp-content\/uploads\/2019\/09\/Amantii-Flame-Colors-Media-TRD-INSERT-BESPOKE.jpg 600w\" alt=\"\" width=\"600\" height=\"223\" \/><\/div>\n<\/div>\t\t\t\t\t\t\t\t<\/div>\n\t\t\t\t<\/div>\n\t\t\t\t\t<\/div>\n\t\t<\/div>\n\t\t\t\t\t<\/div>\n\t\t<\/section>\n\t\t\t\t<section class=\"elementor-section elementor-top-section elementor-element elementor-element-3a93375 elementor-section-boxed elementor-section-height-default elementor-section-height-default\" data-id=\"3a93375\" data-element_type=\"section\">\n\t\t\t\t\t\t<div class=\"elementor-container elementor-column-gap-default\">\n\t\t\t\t\t<div class=\"elementor-column elementor-col-100 elementor-top-column elementor-element elementor-element-7431479\" data-id=\"7431479\" data-element_type=\"column\">\n\t\t\t<div class=\"elementor-widget-wrap elementor-element-populated\">\n\t\t\t\t\t\t<div class=\"elementor-element elementor-element-b19e34a elementor-tabs-view-horizontal elementor-widget elementor-widget-tabs\" data-id=\"b19e34a\" data-element_type=\"widget\" data-widget_type=\"tabs.default\">\n\t\t\t\t<div class=\"elementor-widget-container\">\n\t\t\t\t\t\t\t<div class=\"elementor-tabs\">\n\t\t\t<div class=\"elementor-tabs-wrapper\" role=\"tablist\" >\n\t\t\t\t\t\t\t\t\t<div id=\"elementor-tab-title-1861\" class=\"elementor-tab-title elementor-tab-desktop-title\" aria-selected=\"true\" data-tab=\"1\" role=\"tab\" tabindex=\"0\" aria-controls=\"elementor-tab-content-1861\" aria-expanded=\"false\">Fichiers<\/div>\n\t\t\t\t\t\t\t<\/div>\n\t\t\t<div class=\"elementor-tabs-content-wrapper\" role=\"tablist\" aria-orientation=\"vertical\">\n\t\t\t\t\t\t\t\t\t<div class=\"elementor-tab-title elementor-tab-mobile-title\" aria-selected=\"true\" data-tab=\"1\" role=\"tab\" tabindex=\"0\" aria-controls=\"elementor-tab-content-1861\" aria-expanded=\"false\">Fichiers<\/div>\n\t\t\t\t\t<div id=\"elementor-tab-content-1861\" class=\"elementor-tab-content elementor-clearfix\" data-tab=\"1\" role=\"tabpanel\" aria-labelledby=\"elementor-tab-title-1861\" tabindex=\"0\" hidden=\"false\"><i class=\"far fa-file-pdf fa-xl\" style=\"font-size:35px\"><\/i><a href=\"https:\/\/www.belleflamme.ca\/wp-content\/uploads\/2023\/11\/BI-SLIM-WIFI-CSA-20221025.pdf\"> Manuel<\/a><\/br>\n<i class=\"far fa-file-pdf fa-xl\" style=\"font-size:35px\"><\/i><a href=\"https:\/\/www.belleflamme.ca\/wp-content\/uploads\/2023\/11\/Panorama-brochure-US.pdf\"> Brochure<\/a><\/br>\n<i class=\"far fa-file-pdf fa-xl\" style=\"font-size:35px\"><\/i><a href=\"https:\/\/www.belleflamme.ca\/wp-content\/uploads\/2023\/11\/AM-lit-Panorama-Comparison.pdf\"> Comparaison grandeur<\/a><\/br>\n<i class=\"far fa-file-pdf fa-xl\" style=\"font-size:35px\"><\/i><a href=\"https:\/\/www.belleflamme.ca\/wp-content\/uploads\/2023\/11\/Outdoor-Installation-Rev-10.08.22-1.pdf\"> Installation Ext\u00e9rieur<\/a><\/br>\n<i class=\"far fa-file-pdf fa-xl\" style=\"font-size:35px\"><\/i><a href=\"https:\/\/www.belleflamme.ca\/wp-content\/uploads\/2023\/11\/Amantii-Panorama-Safe-Drill-Zones.pdf\"> Zone de drillage s\u00e9curitaire<\/a><\/br>\n<i class=\"far fa-file-pdf fa-xl\" style=\"font-size:35px\"><\/i><a href=\"https:\/\/www.belleflamme.ca\/wp-content\/uploads\/2023\/11\/Bespoke-WIFI-instruction.pdf\"> Guide Wifi<\/a><\/br><\/div>\n\t\t\t\t\t\t\t<\/div>\n\t\t<\/div>\n\t\t\t\t\t\t<\/div>\n\t\t\t\t<\/div>\n\t\t\t\t\t<\/div>\n\t\t<\/div>\n\t\t\t\t\t<\/div>\n\t\t<\/section>\n\t\t\t\t<\/div>\n\t\t","protected":false},"excerpt":{"rendered":"<p>&nbsp; Tailles : BI-40-SLIM-OD \u2013 BI 40\u2033 Slim Smart, BI-50-SLIM-OD \u2013 BI 50\u2033 Slim Smart, BI-60-SLIM-OD BI Slim Smart 60\u2033, BI-72-SLIM-OD BI 72\u2033 mince intelligent, BI-88-SLIM-OD BI 88\u2033 mince intelligent Tous les mod\u00e8les sont con\u00e7us pour une utilisation int\u00e9rieure ou ext\u00e9rieure La couverture DOIT \u00eatre achet\u00e9e\u00a0si vous installez \u00e0 l\u2019ext\u00e9rieur \u00a0Pr\u00e9sentation de flammes de pointe [&hellip;]<\/p>\n","protected":false},"featured_media":20966,"template":"","meta":{"inline_featured_image":false},"product_brand":[231],"product_cat":[240,241,33],"product_tag":[],"class_list":{"0":"post-20965","1":"product","2":"type-product","3":"status-publish","4":"has-post-thumbnail","6":"product_brand-amantii","7":"product_cat-foyer-electrique","8":"product_cat-poele-foyer-electrique","9":"product_cat-poeles-et-foyers","11":"first","12":"instock","13":"taxable","14":"shipping-taxable","15":"purchasable","16":"product-type-variable"},"yoast_head":"<!-- This site is optimized with the Yoast SEO Premium plugin v24.2 (Yoast SEO v24.2) - https:\/\/yoast.com\/wordpress\/plugins\/seo\/ -->\n<title>Foyer \u00c9lectrique Int\u00e9glligent Amantii Panorama BI Slim - Groupe BelleFlamme<\/title>\n<meta name=\"description\" content=\"Foyer \u00c9lectrique Int\u00e9glligent Amantii Panorama BI Slim vendu et install\u00e9 par le Groupe Belleflamme. Laval, Montr\u00e9al, Gatineau, Drummondville et Saint-Sauveur.\" \/>\n<meta name=\"robots\" content=\"index, follow, max-snippet:-1, max-image-preview:large, max-video-preview:-1\" \/>\n<link rel=\"canonical\" href=\"https:\/\/staging.belleflamme.ca\/fr\/produit\/foyer-electrique-integlligent-amantii-panorama-bi-slim\/\" \/>\n<meta property=\"og:locale\" content=\"fr_FR\" \/>\n<meta property=\"og:type\" content=\"article\" \/>\n<meta property=\"og:title\" content=\"Foyer \u00c9lectrique Int\u00e9glligent Amantii Panorama BI Slim\" \/>\n<meta property=\"og:description\" content=\"Foyer \u00c9lectrique Int\u00e9glligent Amantii Panorama BI Slim vendu et install\u00e9 par le Groupe Belleflamme. Laval, Montr\u00e9al, Gatineau, Drummondville et Saint-Sauveur.\" \/>\n<meta property=\"og:url\" content=\"https:\/\/staging.belleflamme.ca\/fr\/produit\/foyer-electrique-integlligent-amantii-panorama-bi-slim\/\" \/>\n<meta property=\"og:site_name\" content=\"Groupe BelleFlamme\" \/>\n<meta property=\"article:publisher\" content=\"https:\/\/www.facebook.com\/belleflamme.ca\/\" \/>\n<meta property=\"article:modified_time\" content=\"2024-09-20T16:09:12+00:00\" \/>\n<meta property=\"og:image\" content=\"https:\/\/www.belleflamme.ca\/wp-content\/uploads\/2023\/11\/Bi-Slim-with-ocean-glass-media-scaled.webp\" \/>\n\t<meta property=\"og:image:width\" content=\"2560\" \/>\n\t<meta property=\"og:image:height\" content=\"1444\" \/>\n\t<meta property=\"og:image:type\" content=\"image\/webp\" \/>\n<meta name=\"twitter:card\" content=\"summary_large_image\" \/>\n<meta name=\"twitter:label1\" content=\"Disponibilit\u00e9\" \/>\n\t<meta name=\"twitter:data1\" content=\"En stock\" \/>\n<script type=\"application\/ld+json\" class=\"yoast-schema-graph\">{\"@context\":\"https:\/\/schema.org\",\"@graph\":[{\"@type\":[\"WebPage\",\"ItemPage\"],\"@id\":\"https:\/\/staging.belleflamme.ca\/fr\/produit\/foyer-electrique-integlligent-amantii-panorama-bi-slim\/\",\"url\":\"https:\/\/staging.belleflamme.ca\/fr\/produit\/foyer-electrique-integlligent-amantii-panorama-bi-slim\/\",\"name\":\"Foyer \u00c9lectrique Int\u00e9glligent Amantii Panorama BI Slim - Groupe BelleFlamme\",\"isPartOf\":{\"@id\":\"https:\/\/www.belleflamme.ca\/fr\/#website\"},\"primaryImageOfPage\":{\"@id\":\"https:\/\/staging.belleflamme.ca\/fr\/produit\/foyer-electrique-integlligent-amantii-panorama-bi-slim\/#primaryimage\"},\"image\":{\"@id\":\"https:\/\/staging.belleflamme.ca\/fr\/produit\/foyer-electrique-integlligent-amantii-panorama-bi-slim\/#primaryimage\"},\"thumbnailUrl\":\"https:\/\/staging.belleflamme.ca\/wp-content\/uploads\/2023\/11\/Bi-Slim-with-ocean-glass-media-scaled.webp\",\"datePublished\":\"2023-11-08T19:09:29+00:00\",\"dateModified\":\"2024-09-20T16:09:12+00:00\",\"description\":\"Foyer \u00c9lectrique Int\u00e9glligent Amantii Panorama BI Slim [get_meta_en_fr]\",\"breadcrumb\":{\"@id\":\"https:\/\/staging.belleflamme.ca\/fr\/produit\/foyer-electrique-integlligent-amantii-panorama-bi-slim\/#breadcrumb\"},\"inLanguage\":\"fr-FR\",\"potentialAction\":[{\"@type\":\"ReadAction\",\"target\":[\"https:\/\/staging.belleflamme.ca\/fr\/produit\/foyer-electrique-integlligent-amantii-panorama-bi-slim\/\"]}]},{\"@type\":\"ImageObject\",\"inLanguage\":\"fr-FR\",\"@id\":\"https:\/\/staging.belleflamme.ca\/fr\/produit\/foyer-electrique-integlligent-amantii-panorama-bi-slim\/#primaryimage\",\"url\":\"https:\/\/staging.belleflamme.ca\/wp-content\/uploads\/2023\/11\/Bi-Slim-with-ocean-glass-media-scaled.webp\",\"contentUrl\":\"https:\/\/staging.belleflamme.ca\/wp-content\/uploads\/2023\/11\/Bi-Slim-with-ocean-glass-media-scaled.webp\",\"width\":2560,\"height\":1444,\"caption\":\"Amantii Panorama BI Slim foyer \u00e9lectrique intelligent\"},{\"@type\":\"BreadcrumbList\",\"@id\":\"https:\/\/staging.belleflamme.ca\/fr\/produit\/foyer-electrique-integlligent-amantii-panorama-bi-slim\/#breadcrumb\",\"itemListElement\":[{\"@type\":\"ListItem\",\"position\":1,\"name\":\"Accueil\",\"item\":\"https:\/\/www.belleflamme.ca\/fr\/\"},{\"@type\":\"ListItem\",\"position\":2,\"name\":\"Boutique\",\"item\":\"https:\/\/www.belleflamme.ca\/fr\/boutique\/\"},{\"@type\":\"ListItem\",\"position\":3,\"name\":\"Po\u00eales &amp; Foyers\",\"item\":\"https:\/\/staging.belleflamme.ca\/fr\/categories\/poeles-et-foyers\/\"},{\"@type\":\"ListItem\",\"position\":4,\"name\":\"Po\u00eale &amp; Foyer \u00c9lectrique\",\"item\":\"https:\/\/staging.belleflamme.ca\/fr\/categories\/poeles-et-foyers\/poele-foyer-electrique\/\"},{\"@type\":\"ListItem\",\"position\":5,\"name\":\"Foyer \u00c9lectrique\",\"item\":\"https:\/\/staging.belleflamme.ca\/fr\/categories\/poeles-et-foyers\/poele-foyer-electrique\/foyer-electrique\/\"},{\"@type\":\"ListItem\",\"position\":6,\"name\":\"Foyer \u00c9lectrique Int\u00e9glligent Amantii Panorama BI Slim\"}]},{\"@type\":\"WebSite\",\"@id\":\"https:\/\/www.belleflamme.ca\/fr\/#website\",\"url\":\"https:\/\/www.belleflamme.ca\/fr\/\",\"name\":\"Groupe Belleflamme\",\"description\":\"La m\u00e9canique du b\u00e2timent dans le sang.\",\"publisher\":{\"@id\":\"https:\/\/www.belleflamme.ca\/fr\/#organization\"},\"potentialAction\":[{\"@type\":\"SearchAction\",\"target\":{\"@type\":\"EntryPoint\",\"urlTemplate\":\"https:\/\/www.belleflamme.ca\/fr\/?s={search_term_string}\"},\"query-input\":{\"@type\":\"PropertyValueSpecification\",\"valueRequired\":true,\"valueName\":\"search_term_string\"}}],\"inLanguage\":\"fr-FR\"},{\"@type\":[\"Organization\",\"Place\"],\"@id\":\"https:\/\/www.belleflamme.ca\/fr\/#organization\",\"name\":\"Groupe Belleflamme\",\"alternateName\":\"Belleflamme\",\"url\":\"https:\/\/www.belleflamme.ca\/fr\/\",\"logo\":{\"@type\":\"ImageObject\",\"inLanguage\":\"fr-FR\",\"@id\":\"https:\/\/www.belleflamme.ca\/fr\/#\/schema\/logo\/image\/\",\"url\":\"https:\/\/staging.belleflamme.ca\/wp-content\/uploads\/2023\/01\/og-image.jpg\",\"contentUrl\":\"https:\/\/staging.belleflamme.ca\/wp-content\/uploads\/2023\/01\/og-image.jpg\",\"width\":1200,\"height\":630,\"caption\":\"Groupe Belleflamme\"},\"image\":{\"@id\":\"https:\/\/www.belleflamme.ca\/fr\/#\/schema\/logo\/image\/\"},\"sameAs\":[\"https:\/\/www.facebook.com\/belleflamme.ca\/\",\"https:\/\/www.linkedin.com\/company\/belleflamme\/\",\"https:\/\/www.pinterest.ca\/groupebelleflamme\/\",\"https:\/\/www.instagram.com\/legroupebelleflamme\/\"],\"mainEntityOfPage\":{\"@id\":\"https:\/\/staging.belleflamme.ca\/fr\/produit\/foyer-electrique-integlligent-amantii-panorama-bi-slim\/\"}}]}<\/script>\n<meta property=\"product:brand\" content=\"Amantii\" \/>\n<meta property=\"og:availability\" content=\"instock\" \/>\n<meta property=\"product:availability\" content=\"instock\" \/>\n<meta property=\"product:retailer_item_id\" content=\"BI-SLIM\" \/>\n<meta property=\"product:condition\" content=\"new\" \/>\n<!-- \/ Yoast SEO Premium plugin. -->","yoast_head_json":{"title":"Foyer \u00c9lectrique Int\u00e9glligent Amantii Panorama BI Slim - Groupe BelleFlamme","description":"Foyer \u00c9lectrique Int\u00e9glligent Amantii Panorama BI Slim vendu et install\u00e9 par le Groupe Belleflamme. Laval, Montr\u00e9al, Gatineau, Drummondville et Saint-Sauveur.","robots":{"index":"index","follow":"follow","max-snippet":"max-snippet:-1","max-image-preview":"max-image-preview:large","max-video-preview":"max-video-preview:-1"},"canonical":"https:\/\/staging.belleflamme.ca\/fr\/produit\/foyer-electrique-integlligent-amantii-panorama-bi-slim\/","og_locale":"fr_FR","og_type":"article","og_title":"Foyer \u00c9lectrique Int\u00e9glligent Amantii Panorama BI Slim","og_description":"Foyer \u00c9lectrique Int\u00e9glligent Amantii Panorama BI Slim vendu et install\u00e9 par le Groupe Belleflamme. Laval, Montr\u00e9al, Gatineau, Drummondville et Saint-Sauveur.","og_url":"https:\/\/staging.belleflamme.ca\/fr\/produit\/foyer-electrique-integlligent-amantii-panorama-bi-slim\/","og_site_name":"Groupe BelleFlamme","article_publisher":"https:\/\/www.facebook.com\/belleflamme.ca\/","article_modified_time":"2024-09-20T16:09:12+00:00","og_image":[{"width":2560,"height":1444,"url":"https:\/\/www.belleflamme.ca\/wp-content\/uploads\/2023\/11\/Bi-Slim-with-ocean-glass-media-scaled.webp","type":"image\/webp"}],"twitter_card":"summary_large_image","twitter_misc":{"Disponibilit\u00e9":"En stock"},"schema":{"@context":"https:\/\/schema.org","@graph":[{"@type":["WebPage","ItemPage"],"@id":"https:\/\/staging.belleflamme.ca\/fr\/produit\/foyer-electrique-integlligent-amantii-panorama-bi-slim\/","url":"https:\/\/staging.belleflamme.ca\/fr\/produit\/foyer-electrique-integlligent-amantii-panorama-bi-slim\/","name":"Foyer \u00c9lectrique Int\u00e9glligent Amantii Panorama BI Slim - Groupe BelleFlamme","isPartOf":{"@id":"https:\/\/www.belleflamme.ca\/fr\/#website"},"primaryImageOfPage":{"@id":"https:\/\/staging.belleflamme.ca\/fr\/produit\/foyer-electrique-integlligent-amantii-panorama-bi-slim\/#primaryimage"},"image":{"@id":"https:\/\/staging.belleflamme.ca\/fr\/produit\/foyer-electrique-integlligent-amantii-panorama-bi-slim\/#primaryimage"},"thumbnailUrl":"https:\/\/staging.belleflamme.ca\/wp-content\/uploads\/2023\/11\/Bi-Slim-with-ocean-glass-media-scaled.webp","datePublished":"2023-11-08T19:09:29+00:00","dateModified":"2024-09-20T16:09:12+00:00","description":"Foyer \u00c9lectrique Int\u00e9glligent Amantii Panorama BI Slim [get_meta_en_fr]","breadcrumb":{"@id":"https:\/\/staging.belleflamme.ca\/fr\/produit\/foyer-electrique-integlligent-amantii-panorama-bi-slim\/#breadcrumb"},"inLanguage":"fr-FR","potentialAction":[{"@type":"ReadAction","target":["https:\/\/staging.belleflamme.ca\/fr\/produit\/foyer-electrique-integlligent-amantii-panorama-bi-slim\/"]}]},{"@type":"ImageObject","inLanguage":"fr-FR","@id":"https:\/\/staging.belleflamme.ca\/fr\/produit\/foyer-electrique-integlligent-amantii-panorama-bi-slim\/#primaryimage","url":"https:\/\/staging.belleflamme.ca\/wp-content\/uploads\/2023\/11\/Bi-Slim-with-ocean-glass-media-scaled.webp","contentUrl":"https:\/\/staging.belleflamme.ca\/wp-content\/uploads\/2023\/11\/Bi-Slim-with-ocean-glass-media-scaled.webp","width":2560,"height":1444,"caption":"Amantii Panorama BI Slim foyer \u00e9lectrique intelligent"},{"@type":"BreadcrumbList","@id":"https:\/\/staging.belleflamme.ca\/fr\/produit\/foyer-electrique-integlligent-amantii-panorama-bi-slim\/#breadcrumb","itemListElement":[{"@type":"ListItem","position":1,"name":"Accueil","item":"https:\/\/www.belleflamme.ca\/fr\/"},{"@type":"ListItem","position":2,"name":"Boutique","item":"https:\/\/www.belleflamme.ca\/fr\/boutique\/"},{"@type":"ListItem","position":3,"name":"Po\u00eales &amp; Foyers","item":"https:\/\/staging.belleflamme.ca\/fr\/categories\/poeles-et-foyers\/"},{"@type":"ListItem","position":4,"name":"Po\u00eale &amp; Foyer \u00c9lectrique","item":"https:\/\/staging.belleflamme.ca\/fr\/categories\/poeles-et-foyers\/poele-foyer-electrique\/"},{"@type":"ListItem","position":5,"name":"Foyer \u00c9lectrique","item":"https:\/\/staging.belleflamme.ca\/fr\/categories\/poeles-et-foyers\/poele-foyer-electrique\/foyer-electrique\/"},{"@type":"ListItem","position":6,"name":"Foyer \u00c9lectrique Int\u00e9glligent Amantii Panorama BI Slim"}]},{"@type":"WebSite","@id":"https:\/\/www.belleflamme.ca\/fr\/#website","url":"https:\/\/www.belleflamme.ca\/fr\/","name":"Groupe Belleflamme","description":"La m\u00e9canique du b\u00e2timent dans le sang.","publisher":{"@id":"https:\/\/www.belleflamme.ca\/fr\/#organization"},"potentialAction":[{"@type":"SearchAction","target":{"@type":"EntryPoint","urlTemplate":"https:\/\/www.belleflamme.ca\/fr\/?s={search_term_string}"},"query-input":{"@type":"PropertyValueSpecification","valueRequired":true,"valueName":"search_term_string"}}],"inLanguage":"fr-FR"},{"@type":["Organization","Place"],"@id":"https:\/\/www.belleflamme.ca\/fr\/#organization","name":"Groupe Belleflamme","alternateName":"Belleflamme","url":"https:\/\/www.belleflamme.ca\/fr\/","logo":{"@type":"ImageObject","inLanguage":"fr-FR","@id":"https:\/\/www.belleflamme.ca\/fr\/#\/schema\/logo\/image\/","url":"https:\/\/staging.belleflamme.ca\/wp-content\/uploads\/2023\/01\/og-image.jpg","contentUrl":"https:\/\/staging.belleflamme.ca\/wp-content\/uploads\/2023\/01\/og-image.jpg","width":1200,"height":630,"caption":"Groupe Belleflamme"},"image":{"@id":"https:\/\/www.belleflamme.ca\/fr\/#\/schema\/logo\/image\/"},"sameAs":["https:\/\/www.facebook.com\/belleflamme.ca\/","https:\/\/www.linkedin.com\/company\/belleflamme\/","https:\/\/www.pinterest.ca\/groupebelleflamme\/","https:\/\/www.instagram.com\/legroupebelleflamme\/"],"mainEntityOfPage":{"@id":"https:\/\/staging.belleflamme.ca\/fr\/produit\/foyer-electrique-integlligent-amantii-panorama-bi-slim\/"}}]},"product_brand":"Amantii","og_availability":"instock","product_availability":"instock","product_retailer_item_id":"BI-SLIM","product_condition":"new"},"_links":{"self":[{"href":"https:\/\/staging.belleflamme.ca\/fr\/wp-json\/wp\/v2\/product\/20965","targetHints":{"allow":["GET"]}}],"collection":[{"href":"https:\/\/staging.belleflamme.ca\/fr\/wp-json\/wp\/v2\/product"}],"about":[{"href":"https:\/\/staging.belleflamme.ca\/fr\/wp-json\/wp\/v2\/types\/product"}],"version-history":[{"count":8,"href":"https:\/\/staging.belleflamme.ca\/fr\/wp-json\/wp\/v2\/product\/20965\/revisions"}],"predecessor-version":[{"id":29417,"href":"https:\/\/staging.belleflamme.ca\/fr\/wp-json\/wp\/v2\/product\/20965\/revisions\/29417"}],"wp:featuredmedia":[{"embeddable":true,"href":"https:\/\/staging.belleflamme.ca\/fr\/wp-json\/wp\/v2\/media\/20966"}],"wp:attachment":[{"href":"https:\/\/staging.belleflamme.ca\/fr\/wp-json\/wp\/v2\/media?parent=20965"}],"wp:term":[{"taxonomy":"product_brand","embeddable":true,"href":"https:\/\/staging.belleflamme.ca\/fr\/wp-json\/wp\/v2\/product_brand?post=20965"},{"taxonomy":"product_cat","embeddable":true,"href":"https:\/\/staging.belleflamme.ca\/fr\/wp-json\/wp\/v2\/product_cat?post=20965"},{"taxonomy":"product_tag","embeddable":true,"href":"https:\/\/staging.belleflamme.ca\/fr\/wp-json\/wp\/v2\/product_tag?post=20965"}],"curies":[{"name":"wp","href":"https:\/\/api.w.org\/{rel}","templated":true}]}}