{"id":20909,"date":"2023-11-08T13:02:26","date_gmt":"2023-11-08T18:02:26","guid":{"rendered":"https:\/\/www.belleflamme.ca\/?post_type=product&#038;p=20909"},"modified":"2024-09-20T12:12:12","modified_gmt":"2024-09-20T16:12:12","slug":"foyer-electrique-intelligent-amantii-panorama-bi-deep-xt","status":"publish","type":"product","link":"https:\/\/staging.belleflamme.ca\/fr\/produit\/foyer-electrique-intelligent-amantii-panorama-bi-deep-xt\/","title":{"rendered":"Foyer \u00c9lectrique int\u00e9lligent Amantii Panorama BI Deep XT"},"content":{"rendered":"\t\t<div data-elementor-type=\"product-post\" data-elementor-id=\"20909\" class=\"elementor elementor-20909\" data-elementor-post-type=\"product\">\n\t\t\t\t\t\t<section class=\"elementor-section elementor-top-section elementor-element elementor-element-2e6c206b elementor-section-boxed elementor-section-height-default elementor-section-height-default\" data-id=\"2e6c206b\" data-element_type=\"section\">\n\t\t\t\t\t\t<div class=\"elementor-container elementor-column-gap-default\">\n\t\t\t\t\t<div class=\"elementor-column elementor-col-100 elementor-top-column elementor-element elementor-element-4f787516\" data-id=\"4f787516\" data-element_type=\"column\">\n\t\t\t<div class=\"elementor-widget-wrap elementor-element-populated\">\n\t\t\t\t\t\t<div class=\"elementor-element elementor-element-25246c38 elementor-widget elementor-widget-text-editor\" data-id=\"25246c38\" data-element_type=\"widget\" data-widget_type=\"text-editor.default\">\n\t\t\t\t<div class=\"elementor-widget-container\">\n\t\t\t\t\t\t\t\t\t<strong><span>Tailles : BI Deep XT Smart 40\u2033, BI Deep XT Smart 50\u2033, BI Deep XT Smart 60\u2033, BI Deep XT Smart 72\u2033, BI Deep XT Smart 88\u2033<\/span><\/strong>\r\n<ul>\r\n \t<li><span>Tous les mod\u00e8les sont con\u00e7us pour une utilisation int\u00e9rieure ou ext\u00e9rieure<\/span><\/li>\r\n \t<li><span>Incroyable zone de visualisation haute de 17 3\/4\u2033<\/span><\/li>\r\n \t<li><span>Panneaux lat\u00e9raux en verre noir<\/span><\/li>\r\n \t<li><span>Bac multim\u00e9dia en miroir<\/span><\/li>\r\n \t<li><span>Pr\u00e9sentation de flammes de pointe : pr\u00e9sentation de flammes vibrantes et multicolores de pointe \u2013 passez du jaune \u00e0 l&#8217;orange en passant par le rouge d&#8217;un simple clic sur la t\u00e9l\u00e9commande.<\/span><\/li>\r\n \t<li><span>\u00c9clairage ambiant de la canop\u00e9e en 13 couleurs<\/span><\/li>\r\n \t<li><span>Les mod\u00e8les DEEP ont 2 jeux de flammes<\/span><\/li>\r\n \t<li><span>Chauffage \u00e0 2 \u00e9tages<\/span><\/li>\r\n \t<li><span>Pr\u00eat pour le c\u00e2blage<\/span><\/li>\r\n \t<li><span>Thermostat pr\u00eat \u00e0 \u00eatre c\u00e2bl\u00e9<\/span><\/li>\r\n \t<li><span>La flamme peut fonctionner sans chaleur<\/span><\/li>\r\n \t<li><span>Choisissez parmi 10 couleurs d&#8217;\u00e9clairage de baldaquin et de lit de braises pour \u00e9clairer les supports d\u00e9coratifs du bas et du haut.<\/span><\/li>\r\n \t<li><span>T\u00e9l\u00e9commande unique pour la flamme, l&#8217;\u00e9clairage ambiant de l&#8217;auvent et le chauffage inclus<\/span><\/li>\r\n \t<li><span>Visualisation plein format \u2013 La chemin\u00e9e permet de choisir le mat\u00e9riau de finition jusqu&#8217;au verre<\/span><\/li>\r\n \t<li><span>Un contour en acier noir en option est fourni dans la bo\u00eete \u2013 c&#8217;est \u00e0 vous de d\u00e9cider si vous souhaitez l&#8217;utiliser ou non.<\/span><\/li>\r\n \t<li><span>Peut produire jusqu&#8217;\u00e0 5 000 BTU de chaleur, suffisamment pour chauffer jusqu&#8217;\u00e0 500 pieds carr\u00e9s<\/span><\/li>\r\n<\/ul>\r\n<span>Le BI-DEEP-XT dispose d&#8217;une zone de visualisation extra haute de 18&#8243; de hauteur\u00a0!\u00a0C&#8217;est 6 pouces de plus que nos autres mod\u00e8les Panorama.\u00a0Il dispose d&#8217;un plateau multim\u00e9dia profond et est livr\u00e9 en standard avec votre choix d&#8217;un incroyable ensemble de b\u00fbches, de supports ICE, de cailloux, de pierres, de verre noir et de braises de vermiculite permettant aux consommateurs de personnaliser compl\u00e8tement l&#8217;apparence de leur foyer.<\/span>\r\n\r\n<span>La s\u00e9rie Panorama d&#8217;Amantii Electric Fireplaces offre une zone de visualisation compl\u00e8te exceptionnelle, offrant une exp\u00e9rience immersive et captivante aux utilisateurs.\u00a0Cette fonctionnalit\u00e9 vous permet de profiter des flammes r\u00e9alistes et des braises incandescentes dans une perspective plus large, cr\u00e9ant ainsi un superbe point focal visuel dans n&#8217;importe quelle pi\u00e8ce.\u00a0Le v\u00e9ritable design sans bordure de la s\u00e9rie Panorama la distingue des autres unit\u00e9s int\u00e9gr\u00e9es sur le march\u00e9.\u00a0Sans garniture ni cadre visibles, le foyer se fond parfaitement dans le mur environnant, cr\u00e9ant une apparence \u00e9l\u00e9gante et moderne.<\/span>\r\n\r\n<span>Cette fonctionnalit\u00e9 sans bordure ajoute une touche d&#8217;\u00e9l\u00e9gance et de sophistication \u00e0 votre espace de vie.\u00a0La zone de visualisation compl\u00e8te de la s\u00e9rie Panorama garantit que tous les angles des flammes sont visibles, ce qui la rend parfaite pour une installation dans les zones centrales d&#8217;une pi\u00e8ce.\u00a0Que vous profitiez d&#8217;une soir\u00e9e agr\u00e9able ou que vous organisiez une r\u00e9union, tout le monde peut appr\u00e9cier la beaut\u00e9 et la chaleur du foyer depuis diff\u00e9rents points de vue.<\/span>\r\n\r\n<strong><span>Les foyers panoramiques sont con\u00e7us pour une utilisation int\u00e9rieure ou ext\u00e9rieure.<\/span><\/strong>\r\n\r\n<strong><span>Zone de visualisation plein format<\/span><\/strong>\r\n<span>La s\u00e9rie Panorama vous offre plusieurs options de longueurs et de profondeurs et vous donne la possibilit\u00e9 d&#8217;installer votre foyer avec le mat\u00e9riau de finition de votre choix construit directement sur le verre pour un design \u00ab\u00a0face nette\u00a0\u00bb ou en utilisant le cadre en m\u00e9tal noir fourni. .\u00a0<\/span><em><strong><span>Votre choix \u2013 votre conception !<\/span><\/strong><\/em>\r\n\r\n<strong><span>Remarque\u00a0:<\/span><\/strong><span>\u00a0Les mod\u00e8les de foyers BI-DEEP-XT pr\u00e9sentent la toute derni\u00e8re pr\u00e9sentation de flammes multicolores.<\/span>\r\n<h4><span>ACCESSOIRES INCLUS<\/span><\/h4>\r\n<span>La s\u00e9rie BI-DEEP-XT est livr\u00e9e avec un choix d&#8217;un ensemble de b\u00fbches de 15 pi\u00e8ces ou d&#8217;un kit de support ICE comprenant de gros morceaux de verre, un support diamant transparent et bleu.<\/span>\r\n\r\n<img fetchpriority=\"high\" decoding=\"async\" class=\"wp-image-40573 aligncenter\" src=\"https:\/\/amantii.com\/wp-content\/uploads\/2022\/03\/Media_TRV-XT-Smart-scaled.jpg\" alt=\"\" width=\"702\" height=\"542\" \/>\r\n<div id=\"tablist1-panel2\" class=\"tabcontent responsive-tabs__panel responsive-tabs__panel--active\">\r\n<div>\r\n<div class=\"table-1\"><strong><span>Pr\u00e9sentation Flamme<\/span><\/strong><\/div>\r\n<div>\r\n\r\n<span>Pr\u00e9sentation de flammes vibrantes et multicolores de pointe \u2013 passez du jaune \u00e0 l&#8217;orange en passant par le rouge d&#8217;un simple clic sur la t\u00e9l\u00e9commande.\u00a0Tout peut \u00eatre fait s\u00e9par\u00e9ment et m\u00e9lang\u00e9 pour cr\u00e9er de nombreuses combinaisons.<\/span>\r\n\r\n<\/div>\r\n<div><img decoding=\"async\" class=\"size-full wp-image-23575 aligncenter\" src=\"https:\/\/amantii.com\/wp-content\/uploads\/2019\/09\/Amantii-Flame-Colors-Media-TRD-INSERT-BESPOKE.jpg\" sizes=\"(max-width: 600px) 100vw, 600px\" srcset=\"https:\/\/amantii.com\/wp-content\/uploads\/2019\/09\/Amantii-Flame-Colors-Media-TRD-INSERT-BESPOKE-200x74.jpg 200w, https:\/\/amantii.com\/wp-content\/uploads\/2019\/09\/Amantii-Flame-Colors-Media-TRD-INSERT-BESPOKE-300x112.jpg 300w, https:\/\/amantii.com\/wp-content\/uploads\/2019\/09\/Amantii-Flame-Colors-Media-TRD-INSERT-BESPOKE-400x149.jpg 400w, https:\/\/amantii.com\/wp-content\/uploads\/2019\/09\/Amantii-Flame-Colors-Media-TRD-INSERT-BESPOKE-500x186.jpg 500w, https:\/\/amantii.com\/wp-content\/uploads\/2019\/09\/Amantii-Flame-Colors-Media-TRD-INSERT-BESPOKE.jpg 600w\" alt=\"\" width=\"600\" height=\"223\" \/><\/div>\r\n<div><\/div>\r\n<div><\/div>\r\n<div><strong><span>\u00c9clairage ambiant de l&#8217;auvent<\/span><\/strong><\/div>\r\n<div><span>L\u2019\u00e9clairage ambiant de la verri\u00e8re illumine les m\u00e9dias comme jamais auparavant.\u00a0Projetez une lueur color\u00e9e sur les supports d\u00e9coratifs fournis dans le plateau ci-dessous.\u00a0Parcourez un arc-en-ciel de 13 couleurs diff\u00e9rentes.\u00a0M\u00e9langez les couleurs des flammes avec un \u00e9clairage contrast\u00e9 pour une pr\u00e9sentation unique \u2013 les combinaisons sont illimit\u00e9es.<\/span><\/div>\r\n<div><\/div>\r\n<div><img decoding=\"async\" class=\"size-full wp-image-38817 aligncenter\" src=\"https:\/\/amantii.com\/wp-content\/uploads\/2022\/01\/Tru-View72-Lighting-LOGS-500.jpg\" alt=\"\" width=\"500\" height=\"181\" \/><\/div>\r\n<\/div>\r\n<\/div>\t\t\t\t\t\t\t\t<\/div>\n\t\t\t\t<\/div>\n\t\t\t\t\t<\/div>\n\t\t<\/div>\n\t\t\t\t\t<\/div>\n\t\t<\/section>\n\t\t\t\t<section class=\"elementor-section elementor-top-section elementor-element elementor-element-5871bc9 elementor-section-boxed elementor-section-height-default elementor-section-height-default\" data-id=\"5871bc9\" data-element_type=\"section\">\n\t\t\t\t\t\t<div class=\"elementor-container elementor-column-gap-default\">\n\t\t\t\t\t<div class=\"elementor-column elementor-col-100 elementor-top-column elementor-element elementor-element-711ab8a\" data-id=\"711ab8a\" data-element_type=\"column\">\n\t\t\t<div class=\"elementor-widget-wrap elementor-element-populated\">\n\t\t\t\t\t\t<div class=\"elementor-element elementor-element-6f290bc elementor-tabs-view-horizontal elementor-widget elementor-widget-tabs\" data-id=\"6f290bc\" data-element_type=\"widget\" data-widget_type=\"tabs.default\">\n\t\t\t\t<div class=\"elementor-widget-container\">\n\t\t\t\t\t\t\t<div class=\"elementor-tabs\">\n\t\t\t<div class=\"elementor-tabs-wrapper\" role=\"tablist\" >\n\t\t\t\t\t\t\t\t\t<div id=\"elementor-tab-title-1161\" class=\"elementor-tab-title elementor-tab-desktop-title\" aria-selected=\"true\" data-tab=\"1\" role=\"tab\" tabindex=\"0\" aria-controls=\"elementor-tab-content-1161\" aria-expanded=\"false\">Fichiers<\/div>\n\t\t\t\t\t\t\t<\/div>\n\t\t\t<div class=\"elementor-tabs-content-wrapper\" role=\"tablist\" aria-orientation=\"vertical\">\n\t\t\t\t\t\t\t\t\t<div class=\"elementor-tab-title elementor-tab-mobile-title\" aria-selected=\"true\" data-tab=\"1\" role=\"tab\" tabindex=\"0\" aria-controls=\"elementor-tab-content-1161\" aria-expanded=\"false\">Fichiers<\/div>\n\t\t\t\t\t<div id=\"elementor-tab-content-1161\" class=\"elementor-tab-content elementor-clearfix\" data-tab=\"1\" role=\"tabpanel\" aria-labelledby=\"elementor-tab-title-1161\" tabindex=\"0\" hidden=\"false\"><i class=\"far fa-file-pdf fa-xl\" style=\"font-size:35px\"><\/i><a href=\"https:\/\/www.belleflamme.ca\/wp-content\/uploads\/2023\/11\/BI-DEEP-XT-WIFI-Manual-202107.pdf\"> Manuel<\/a><\/br>\n<i class=\"far fa-file-pdf fa-xl\" style=\"font-size:35px\"><\/i><a href=\"https:\/\/www.belleflamme.ca\/wp-content\/uploads\/2023\/11\/Panorama-brochure-US.pdf\"> Brochure<\/a><\/br>\n<i class=\"far fa-file-pdf fa-xl\" style=\"font-size:35px\"><\/i><a href=\"https:\/\/www.belleflamme.ca\/wp-content\/uploads\/2023\/11\/AM-lit-Panorama-Comparison.pdf\"> Comparaison grandeur<\/a><\/br>\n<i class=\"far fa-file-pdf fa-xl\" style=\"font-size:35px\"><\/i><a href=\"https:\/\/www.belleflamme.ca\/wp-content\/uploads\/2023\/11\/Outdoor-Installation-Rev-10.08.22-1.pdf\"> Installation Ext\u00e9rieur<\/a><\/br>\n<i class=\"far fa-file-pdf fa-xl\" style=\"font-size:35px\"><\/i><a href=\"https:\/\/www.belleflamme.ca\/wp-content\/uploads\/2023\/11\/Amantii-Panorama-Safe-Drill-Zones.pdf\"> Zone de drillage s\u00e9curitaire<\/a><\/br>\n<i class=\"far fa-file-pdf fa-xl\" style=\"font-size:35px\"><\/i><a href=\"https:\/\/www.belleflamme.ca\/wp-content\/uploads\/2023\/11\/Bespoke-WIFI-instruction.pdf\"> Guide Wifi<\/a><\/br><\/div>\n\t\t\t\t\t\t\t<\/div>\n\t\t<\/div>\n\t\t\t\t\t\t<\/div>\n\t\t\t\t<\/div>\n\t\t\t\t\t<\/div>\n\t\t<\/div>\n\t\t\t\t\t<\/div>\n\t\t<\/section>\n\t\t\t\t<\/div>\n\t\t","protected":false},"excerpt":{"rendered":"<p>Tailles : BI Deep XT Smart 40\u2033, BI Deep XT Smart 50\u2033, BI Deep XT Smart 60\u2033, BI Deep XT Smart 72\u2033, BI Deep XT Smart 88\u2033 Tous les mod\u00e8les sont con\u00e7us pour une utilisation int\u00e9rieure ou ext\u00e9rieure Incroyable zone de visualisation haute de 17 3\/4\u2033 Panneaux lat\u00e9raux en verre noir Bac multim\u00e9dia en miroir [&hellip;]<\/p>\n","protected":false},"featured_media":20910,"template":"","meta":{"inline_featured_image":false},"product_brand":[231],"product_cat":[240,241,33],"product_tag":[],"class_list":{"0":"post-20909","1":"product","2":"type-product","3":"status-publish","4":"has-post-thumbnail","6":"product_brand-amantii","7":"product_cat-foyer-electrique","8":"product_cat-poele-foyer-electrique","9":"product_cat-poeles-et-foyers","11":"first","12":"instock","13":"taxable","14":"shipping-taxable","15":"purchasable","16":"product-type-variable"},"yoast_head":"<!-- This site is optimized with the Yoast SEO Premium plugin v24.2 (Yoast SEO v24.2) - https:\/\/yoast.com\/wordpress\/plugins\/seo\/ -->\n<title>Foyer \u00c9lectrique int\u00e9lligent Amantii Panorama BI Deep XT - Groupe BelleFlamme<\/title>\n<meta name=\"description\" content=\"Foyer \u00c9lectrique int\u00e9lligent Amantii Panorama BI Deep XT vendu et install\u00e9 par le Groupe Belleflamme. Laval, Montr\u00e9al, Gatineau, Drummondville et Saint-Sauveur.\" \/>\n<meta name=\"robots\" content=\"index, follow, max-snippet:-1, max-image-preview:large, max-video-preview:-1\" \/>\n<link rel=\"canonical\" href=\"https:\/\/staging.belleflamme.ca\/fr\/produit\/foyer-electrique-intelligent-amantii-panorama-bi-deep-xt\/\" \/>\n<meta property=\"og:locale\" content=\"fr_FR\" \/>\n<meta property=\"og:type\" content=\"article\" \/>\n<meta property=\"og:title\" content=\"Foyer \u00c9lectrique int\u00e9lligent Amantii Panorama BI Deep XT\" \/>\n<meta property=\"og:description\" content=\"Foyer \u00c9lectrique int\u00e9lligent Amantii Panorama BI Deep XT vendu et install\u00e9 par le Groupe Belleflamme. Laval, Montr\u00e9al, Gatineau, Drummondville et Saint-Sauveur.\" \/>\n<meta property=\"og:url\" content=\"https:\/\/staging.belleflamme.ca\/fr\/produit\/foyer-electrique-intelligent-amantii-panorama-bi-deep-xt\/\" \/>\n<meta property=\"og:site_name\" content=\"Groupe BelleFlamme\" \/>\n<meta property=\"article:publisher\" content=\"https:\/\/www.facebook.com\/belleflamme.ca\/\" \/>\n<meta property=\"article:modified_time\" content=\"2024-09-20T16:12:12+00:00\" \/>\n<meta property=\"og:image\" content=\"https:\/\/www.belleflamme.ca\/wp-content\/uploads\/2023\/11\/Amantii-BI-XT-Deep-with-Birch-Logset.webp\" \/>\n\t<meta property=\"og:image:width\" content=\"2131\" \/>\n\t<meta property=\"og:image:height\" content=\"1424\" \/>\n\t<meta property=\"og:image:type\" content=\"image\/webp\" \/>\n<meta name=\"twitter:card\" content=\"summary_large_image\" \/>\n<meta name=\"twitter:label1\" content=\"Disponibilit\u00e9\" \/>\n\t<meta name=\"twitter:data1\" content=\"En stock\" \/>\n<script type=\"application\/ld+json\" class=\"yoast-schema-graph\">{\"@context\":\"https:\/\/schema.org\",\"@graph\":[{\"@type\":[\"WebPage\",\"ItemPage\"],\"@id\":\"https:\/\/staging.belleflamme.ca\/fr\/produit\/foyer-electrique-intelligent-amantii-panorama-bi-deep-xt\/\",\"url\":\"https:\/\/staging.belleflamme.ca\/fr\/produit\/foyer-electrique-intelligent-amantii-panorama-bi-deep-xt\/\",\"name\":\"Foyer \u00c9lectrique int\u00e9lligent Amantii Panorama BI Deep XT - Groupe BelleFlamme\",\"isPartOf\":{\"@id\":\"https:\/\/www.belleflamme.ca\/fr\/#website\"},\"primaryImageOfPage\":{\"@id\":\"https:\/\/staging.belleflamme.ca\/fr\/produit\/foyer-electrique-intelligent-amantii-panorama-bi-deep-xt\/#primaryimage\"},\"image\":{\"@id\":\"https:\/\/staging.belleflamme.ca\/fr\/produit\/foyer-electrique-intelligent-amantii-panorama-bi-deep-xt\/#primaryimage\"},\"thumbnailUrl\":\"https:\/\/staging.belleflamme.ca\/wp-content\/uploads\/2023\/11\/Amantii-BI-XT-Deep-with-Birch-Logset.webp\",\"datePublished\":\"2023-11-08T18:02:26+00:00\",\"dateModified\":\"2024-09-20T16:12:12+00:00\",\"description\":\"Foyer \u00c9lectrique int\u00e9lligent Amantii Panorama BI Deep XT [get_meta_en_fr]\",\"breadcrumb\":{\"@id\":\"https:\/\/staging.belleflamme.ca\/fr\/produit\/foyer-electrique-intelligent-amantii-panorama-bi-deep-xt\/#breadcrumb\"},\"inLanguage\":\"fr-FR\",\"potentialAction\":[{\"@type\":\"ReadAction\",\"target\":[\"https:\/\/staging.belleflamme.ca\/fr\/produit\/foyer-electrique-intelligent-amantii-panorama-bi-deep-xt\/\"]}]},{\"@type\":\"ImageObject\",\"inLanguage\":\"fr-FR\",\"@id\":\"https:\/\/staging.belleflamme.ca\/fr\/produit\/foyer-electrique-intelligent-amantii-panorama-bi-deep-xt\/#primaryimage\",\"url\":\"https:\/\/staging.belleflamme.ca\/wp-content\/uploads\/2023\/11\/Amantii-BI-XT-Deep-with-Birch-Logset.webp\",\"contentUrl\":\"https:\/\/staging.belleflamme.ca\/wp-content\/uploads\/2023\/11\/Amantii-BI-XT-Deep-with-Birch-Logset.webp\",\"width\":2131,\"height\":1424,\"caption\":\"Amantii Panorama BI Deep XT foyer \u00e9lectrique intelligent\"},{\"@type\":\"BreadcrumbList\",\"@id\":\"https:\/\/staging.belleflamme.ca\/fr\/produit\/foyer-electrique-intelligent-amantii-panorama-bi-deep-xt\/#breadcrumb\",\"itemListElement\":[{\"@type\":\"ListItem\",\"position\":1,\"name\":\"Accueil\",\"item\":\"https:\/\/www.belleflamme.ca\/fr\/\"},{\"@type\":\"ListItem\",\"position\":2,\"name\":\"Boutique\",\"item\":\"https:\/\/www.belleflamme.ca\/fr\/boutique\/\"},{\"@type\":\"ListItem\",\"position\":3,\"name\":\"Po\u00eales &amp; Foyers\",\"item\":\"https:\/\/staging.belleflamme.ca\/fr\/categories\/poeles-et-foyers\/\"},{\"@type\":\"ListItem\",\"position\":4,\"name\":\"Po\u00eale &amp; Foyer \u00c9lectrique\",\"item\":\"https:\/\/staging.belleflamme.ca\/fr\/categories\/poeles-et-foyers\/poele-foyer-electrique\/\"},{\"@type\":\"ListItem\",\"position\":5,\"name\":\"Foyer \u00c9lectrique\",\"item\":\"https:\/\/staging.belleflamme.ca\/fr\/categories\/poeles-et-foyers\/poele-foyer-electrique\/foyer-electrique\/\"},{\"@type\":\"ListItem\",\"position\":6,\"name\":\"Foyer \u00c9lectrique int\u00e9lligent Amantii Panorama BI Deep XT\"}]},{\"@type\":\"WebSite\",\"@id\":\"https:\/\/www.belleflamme.ca\/fr\/#website\",\"url\":\"https:\/\/www.belleflamme.ca\/fr\/\",\"name\":\"Groupe Belleflamme\",\"description\":\"La m\u00e9canique du b\u00e2timent dans le sang.\",\"publisher\":{\"@id\":\"https:\/\/www.belleflamme.ca\/fr\/#organization\"},\"potentialAction\":[{\"@type\":\"SearchAction\",\"target\":{\"@type\":\"EntryPoint\",\"urlTemplate\":\"https:\/\/www.belleflamme.ca\/fr\/?s={search_term_string}\"},\"query-input\":{\"@type\":\"PropertyValueSpecification\",\"valueRequired\":true,\"valueName\":\"search_term_string\"}}],\"inLanguage\":\"fr-FR\"},{\"@type\":[\"Organization\",\"Place\"],\"@id\":\"https:\/\/www.belleflamme.ca\/fr\/#organization\",\"name\":\"Groupe Belleflamme\",\"alternateName\":\"Belleflamme\",\"url\":\"https:\/\/www.belleflamme.ca\/fr\/\",\"logo\":{\"@type\":\"ImageObject\",\"inLanguage\":\"fr-FR\",\"@id\":\"https:\/\/www.belleflamme.ca\/fr\/#\/schema\/logo\/image\/\",\"url\":\"https:\/\/staging.belleflamme.ca\/wp-content\/uploads\/2023\/01\/og-image.jpg\",\"contentUrl\":\"https:\/\/staging.belleflamme.ca\/wp-content\/uploads\/2023\/01\/og-image.jpg\",\"width\":1200,\"height\":630,\"caption\":\"Groupe Belleflamme\"},\"image\":{\"@id\":\"https:\/\/www.belleflamme.ca\/fr\/#\/schema\/logo\/image\/\"},\"sameAs\":[\"https:\/\/www.facebook.com\/belleflamme.ca\/\",\"https:\/\/www.linkedin.com\/company\/belleflamme\/\",\"https:\/\/www.pinterest.ca\/groupebelleflamme\/\",\"https:\/\/www.instagram.com\/legroupebelleflamme\/\"],\"mainEntityOfPage\":{\"@id\":\"https:\/\/staging.belleflamme.ca\/fr\/produit\/foyer-electrique-intelligent-amantii-panorama-bi-deep-xt\/\"}}]}<\/script>\n<meta property=\"product:brand\" content=\"Amantii\" \/>\n<meta property=\"og:availability\" content=\"instock\" \/>\n<meta property=\"product:availability\" content=\"instock\" \/>\n<meta property=\"product:retailer_item_id\" content=\"BI-DEEP-XT\" \/>\n<meta property=\"product:condition\" content=\"new\" \/>\n<!-- \/ Yoast SEO Premium plugin. -->","yoast_head_json":{"title":"Foyer \u00c9lectrique int\u00e9lligent Amantii Panorama BI Deep XT - Groupe BelleFlamme","description":"Foyer \u00c9lectrique int\u00e9lligent Amantii Panorama BI Deep XT vendu et install\u00e9 par le Groupe Belleflamme. Laval, Montr\u00e9al, Gatineau, Drummondville et Saint-Sauveur.","robots":{"index":"index","follow":"follow","max-snippet":"max-snippet:-1","max-image-preview":"max-image-preview:large","max-video-preview":"max-video-preview:-1"},"canonical":"https:\/\/staging.belleflamme.ca\/fr\/produit\/foyer-electrique-intelligent-amantii-panorama-bi-deep-xt\/","og_locale":"fr_FR","og_type":"article","og_title":"Foyer \u00c9lectrique int\u00e9lligent Amantii Panorama BI Deep XT","og_description":"Foyer \u00c9lectrique int\u00e9lligent Amantii Panorama BI Deep XT vendu et install\u00e9 par le Groupe Belleflamme. Laval, Montr\u00e9al, Gatineau, Drummondville et Saint-Sauveur.","og_url":"https:\/\/staging.belleflamme.ca\/fr\/produit\/foyer-electrique-intelligent-amantii-panorama-bi-deep-xt\/","og_site_name":"Groupe BelleFlamme","article_publisher":"https:\/\/www.facebook.com\/belleflamme.ca\/","article_modified_time":"2024-09-20T16:12:12+00:00","og_image":[{"width":2131,"height":1424,"url":"https:\/\/www.belleflamme.ca\/wp-content\/uploads\/2023\/11\/Amantii-BI-XT-Deep-with-Birch-Logset.webp","type":"image\/webp"}],"twitter_card":"summary_large_image","twitter_misc":{"Disponibilit\u00e9":"En stock"},"schema":{"@context":"https:\/\/schema.org","@graph":[{"@type":["WebPage","ItemPage"],"@id":"https:\/\/staging.belleflamme.ca\/fr\/produit\/foyer-electrique-intelligent-amantii-panorama-bi-deep-xt\/","url":"https:\/\/staging.belleflamme.ca\/fr\/produit\/foyer-electrique-intelligent-amantii-panorama-bi-deep-xt\/","name":"Foyer \u00c9lectrique int\u00e9lligent Amantii Panorama BI Deep XT - Groupe BelleFlamme","isPartOf":{"@id":"https:\/\/www.belleflamme.ca\/fr\/#website"},"primaryImageOfPage":{"@id":"https:\/\/staging.belleflamme.ca\/fr\/produit\/foyer-electrique-intelligent-amantii-panorama-bi-deep-xt\/#primaryimage"},"image":{"@id":"https:\/\/staging.belleflamme.ca\/fr\/produit\/foyer-electrique-intelligent-amantii-panorama-bi-deep-xt\/#primaryimage"},"thumbnailUrl":"https:\/\/staging.belleflamme.ca\/wp-content\/uploads\/2023\/11\/Amantii-BI-XT-Deep-with-Birch-Logset.webp","datePublished":"2023-11-08T18:02:26+00:00","dateModified":"2024-09-20T16:12:12+00:00","description":"Foyer \u00c9lectrique int\u00e9lligent Amantii Panorama BI Deep XT [get_meta_en_fr]","breadcrumb":{"@id":"https:\/\/staging.belleflamme.ca\/fr\/produit\/foyer-electrique-intelligent-amantii-panorama-bi-deep-xt\/#breadcrumb"},"inLanguage":"fr-FR","potentialAction":[{"@type":"ReadAction","target":["https:\/\/staging.belleflamme.ca\/fr\/produit\/foyer-electrique-intelligent-amantii-panorama-bi-deep-xt\/"]}]},{"@type":"ImageObject","inLanguage":"fr-FR","@id":"https:\/\/staging.belleflamme.ca\/fr\/produit\/foyer-electrique-intelligent-amantii-panorama-bi-deep-xt\/#primaryimage","url":"https:\/\/staging.belleflamme.ca\/wp-content\/uploads\/2023\/11\/Amantii-BI-XT-Deep-with-Birch-Logset.webp","contentUrl":"https:\/\/staging.belleflamme.ca\/wp-content\/uploads\/2023\/11\/Amantii-BI-XT-Deep-with-Birch-Logset.webp","width":2131,"height":1424,"caption":"Amantii Panorama BI Deep XT foyer \u00e9lectrique intelligent"},{"@type":"BreadcrumbList","@id":"https:\/\/staging.belleflamme.ca\/fr\/produit\/foyer-electrique-intelligent-amantii-panorama-bi-deep-xt\/#breadcrumb","itemListElement":[{"@type":"ListItem","position":1,"name":"Accueil","item":"https:\/\/www.belleflamme.ca\/fr\/"},{"@type":"ListItem","position":2,"name":"Boutique","item":"https:\/\/www.belleflamme.ca\/fr\/boutique\/"},{"@type":"ListItem","position":3,"name":"Po\u00eales &amp; Foyers","item":"https:\/\/staging.belleflamme.ca\/fr\/categories\/poeles-et-foyers\/"},{"@type":"ListItem","position":4,"name":"Po\u00eale &amp; Foyer \u00c9lectrique","item":"https:\/\/staging.belleflamme.ca\/fr\/categories\/poeles-et-foyers\/poele-foyer-electrique\/"},{"@type":"ListItem","position":5,"name":"Foyer \u00c9lectrique","item":"https:\/\/staging.belleflamme.ca\/fr\/categories\/poeles-et-foyers\/poele-foyer-electrique\/foyer-electrique\/"},{"@type":"ListItem","position":6,"name":"Foyer \u00c9lectrique int\u00e9lligent Amantii Panorama BI Deep XT"}]},{"@type":"WebSite","@id":"https:\/\/www.belleflamme.ca\/fr\/#website","url":"https:\/\/www.belleflamme.ca\/fr\/","name":"Groupe Belleflamme","description":"La m\u00e9canique du b\u00e2timent dans le sang.","publisher":{"@id":"https:\/\/www.belleflamme.ca\/fr\/#organization"},"potentialAction":[{"@type":"SearchAction","target":{"@type":"EntryPoint","urlTemplate":"https:\/\/www.belleflamme.ca\/fr\/?s={search_term_string}"},"query-input":{"@type":"PropertyValueSpecification","valueRequired":true,"valueName":"search_term_string"}}],"inLanguage":"fr-FR"},{"@type":["Organization","Place"],"@id":"https:\/\/www.belleflamme.ca\/fr\/#organization","name":"Groupe Belleflamme","alternateName":"Belleflamme","url":"https:\/\/www.belleflamme.ca\/fr\/","logo":{"@type":"ImageObject","inLanguage":"fr-FR","@id":"https:\/\/www.belleflamme.ca\/fr\/#\/schema\/logo\/image\/","url":"https:\/\/staging.belleflamme.ca\/wp-content\/uploads\/2023\/01\/og-image.jpg","contentUrl":"https:\/\/staging.belleflamme.ca\/wp-content\/uploads\/2023\/01\/og-image.jpg","width":1200,"height":630,"caption":"Groupe Belleflamme"},"image":{"@id":"https:\/\/www.belleflamme.ca\/fr\/#\/schema\/logo\/image\/"},"sameAs":["https:\/\/www.facebook.com\/belleflamme.ca\/","https:\/\/www.linkedin.com\/company\/belleflamme\/","https:\/\/www.pinterest.ca\/groupebelleflamme\/","https:\/\/www.instagram.com\/legroupebelleflamme\/"],"mainEntityOfPage":{"@id":"https:\/\/staging.belleflamme.ca\/fr\/produit\/foyer-electrique-intelligent-amantii-panorama-bi-deep-xt\/"}}]},"product_brand":"Amantii","og_availability":"instock","product_availability":"instock","product_retailer_item_id":"BI-DEEP-XT","product_condition":"new"},"_links":{"self":[{"href":"https:\/\/staging.belleflamme.ca\/fr\/wp-json\/wp\/v2\/product\/20909","targetHints":{"allow":["GET"]}}],"collection":[{"href":"https:\/\/staging.belleflamme.ca\/fr\/wp-json\/wp\/v2\/product"}],"about":[{"href":"https:\/\/staging.belleflamme.ca\/fr\/wp-json\/wp\/v2\/types\/product"}],"version-history":[{"count":5,"href":"https:\/\/staging.belleflamme.ca\/fr\/wp-json\/wp\/v2\/product\/20909\/revisions"}],"predecessor-version":[{"id":43148,"href":"https:\/\/staging.belleflamme.ca\/fr\/wp-json\/wp\/v2\/product\/20909\/revisions\/43148"}],"wp:featuredmedia":[{"embeddable":true,"href":"https:\/\/staging.belleflamme.ca\/fr\/wp-json\/wp\/v2\/media\/20910"}],"wp:attachment":[{"href":"https:\/\/staging.belleflamme.ca\/fr\/wp-json\/wp\/v2\/media?parent=20909"}],"wp:term":[{"taxonomy":"product_brand","embeddable":true,"href":"https:\/\/staging.belleflamme.ca\/fr\/wp-json\/wp\/v2\/product_brand?post=20909"},{"taxonomy":"product_cat","embeddable":true,"href":"https:\/\/staging.belleflamme.ca\/fr\/wp-json\/wp\/v2\/product_cat?post=20909"},{"taxonomy":"product_tag","embeddable":true,"href":"https:\/\/staging.belleflamme.ca\/fr\/wp-json\/wp\/v2\/product_tag?post=20909"}],"curies":[{"name":"wp","href":"https:\/\/api.w.org\/{rel}","templated":true}]}}