{"id":20864,"date":"2023-11-08T12:21:26","date_gmt":"2023-11-08T17:21:26","guid":{"rendered":"https:\/\/www.belleflamme.ca\/?post_type=product&#038;p=20864"},"modified":"2024-09-20T12:05:32","modified_gmt":"2024-09-20T16:05:32","slug":"foyer-electrique-amantii-trd-bespoke","status":"publish","type":"product","link":"https:\/\/staging.belleflamme.ca\/fr\/produit\/foyer-electrique-amantii-trd-bespoke\/","title":{"rendered":"Foyer \u00c9lectrique encastrable Amantii TRD Bespoke"},"content":{"rendered":"\t\t<div data-elementor-type=\"product-post\" data-elementor-id=\"20864\" class=\"elementor elementor-20864\" data-elementor-post-type=\"product\">\n\t\t\t\t\t\t<section class=\"elementor-section elementor-top-section elementor-element elementor-element-26fec254 elementor-section-boxed elementor-section-height-default elementor-section-height-default\" data-id=\"26fec254\" data-element_type=\"section\">\n\t\t\t\t\t\t<div class=\"elementor-container elementor-column-gap-default\">\n\t\t\t\t\t<div class=\"elementor-column elementor-col-100 elementor-top-column elementor-element elementor-element-40e17bee\" data-id=\"40e17bee\" data-element_type=\"column\">\n\t\t\t<div class=\"elementor-widget-wrap elementor-element-populated\">\n\t\t\t\t\t\t<div class=\"elementor-element elementor-element-6f92d398 elementor-widget elementor-widget-text-editor\" data-id=\"6f92d398\" data-element_type=\"widget\" data-widget_type=\"text-editor.default\">\n\t\t\t\t<div class=\"elementor-widget-container\">\n\t\t\t\t\t\t\t\t\t<strong><span>Tailles : TRD-33-BESPOKE \u2013 TRD Sur mesure 33\u2033, TRD-38-BESPOKE \u2013 TRD Sur mesure 38\u2033, TRD-44-BESPOKE \u2013 TRD Sur mesure 44\u2033, NOUVEAU* TRD-48-BESPOKE \u2013 TRD Sur mesure\u00a0<\/span><span>48<\/span><span>\u00a0\u2033<\/span><\/strong>\r\n<ul>\r\n \t<li><strong><span>Nouveau concept<\/span><\/strong><span>\u00a0alliant flamme, qualit\u00e9 et son.\u00a0Une chemin\u00e9e sonore !<\/span><\/li>\r\n \t<li>\u00a0<strong><span>Options d&#8217;installation<\/span><\/strong><span>\u00a0Enti\u00e8rement encastr\u00e9 ou fix\u00e9 au mur<\/span><\/li>\r\n \t<li><strong><span>Haut-parleur et son<\/span><\/strong><span>\u00a0\u2013 un son de qualit\u00e9 d\u00e9livrant un son de feu cr\u00e9pitant.\u00a0\u00c9chantillonn\u00e9 \u00e0 partir de vrais incendies.<\/span><\/li>\r\n \t<li><strong><span>T\u00e9l\u00e9commande<\/span><\/strong><span>\u00a0Pour flamme et chauffage<\/span><\/li>\r\n \t<li><strong><span>Garantie<\/span><\/strong><span>\u00a0y \u2013 5 Garantie<\/span><\/li>\r\n \t<li><strong><span>Styles de flammes<\/span><\/strong><span>\u00a0\u2013 Deux mod\u00e8les de flammes \u2013 Flamme standard et r\u00e9aliste.\u00a0Ajustez facilement la hauteur et la vitesse de la flamme \u00e0 l&#8217;aide de la t\u00e9l\u00e9commande intuitive<\/span><\/li>\r\n \t<li><strong><span>T\u00e9l\u00e9commande intuitive<\/span><\/strong><span>\u00a0(incluse) \u2013 T\u00e9l\u00e9commande intuitive color\u00e9e pour r\u00e9gler les flammes, la temp\u00e9rature ou la minuterie.\u00a0T\u00e9l\u00e9commande thermostatique brevet\u00e9e.\u00a0Peut \u00eatre r\u00e9gl\u00e9, ajust\u00e9 et programm\u00e9 pour que votre foyer s&#8217;allume quand vous le souhaitez et \u00e0 la temp\u00e9rature souhait\u00e9e.<\/span><\/li>\r\n \t<li><strong><span>Pr\u00e9sentation de la flamme \u2013\u00a0<\/span><\/strong><span>\u00a0Pr\u00e9sentation de la flamme \u00e0 la pointe de la technologie\u00a0: Pr\u00e9sentation de la flamme \u00e0 la pointe de la technologie, vibrante et multicolore \u2013 passez du jaune \u00e0 l&#8217;orange au rouge d&#8217;un simple clic sur la t\u00e9l\u00e9commande.<\/span><\/li>\r\n \t<li><strong><span>Application WiFi<\/span><\/strong><span>\u00a0\u2013 Pour un contr\u00f4le complet depuis n\u2019importe quelle pi\u00e8ce.\u00a0R\u00e9glez le foyer pour qu&#8217;il s&#8217;allume avant d&#8217;arriver \u00e0 la maison ou faites-le s&#8217;allumer automatiquement lorsqu&#8217;il fait froid.\u00a0Les possibilit\u00e9s de personnalisation sont infinies.<\/span><\/li>\r\n \t<li><span>Les chemin\u00e9es BESPOKE sont con\u00e7ues pour une utilisation int\u00e9rieure ou ext\u00e9rieure.<\/span><\/li>\r\n<\/ul>\r\n<h3><span>Amantii TRD-BESPOKE \u2013 Foyer \u00c9lectrique<\/span><\/h3>\r\n<span>Traditionnel sur mesure \u2013 Insert \u00e9lectrique int\u00e9rieur\/ext\u00e9rieur avec t\u00e9l\u00e9commande thermostatique, compatible WiFi et une s\u00e9lection d&#8217;options multim\u00e9dias, int\u00e9gr\u00e9 avec b\u00fbches et verre et contour en acier noir.\u00a0Il s&#8217;agit d&#8217;une nouvelle interpr\u00e9tation de la chemin\u00e9e classique mettant l&#8217;accent sur un design, des caract\u00e9ristiques et une qualit\u00e9 superbes.\u00a0Choisissez les couleurs et les effets de vos flammes en utilisant la derni\u00e8re technologie et comptez sur le jeu de b\u00fbches inclus pour cr\u00e9er un look r\u00e9aliste.\u00a0\u00c0 l\u2019int\u00e9rieur du foyer, un puissant radiateur r\u00e9chauffe votre espace allant jusqu\u2019\u00e0 400 pieds carr\u00e9s.\u00a0Les \u00e9vents de chauffage dissimul\u00e9s dans la partie sup\u00e9rieure de l&#8217;unit\u00e9 permettent une apparence vraiment propre.\u00a0Profitez de la flamme brillante de ce foyer m\u00eame lorsque la chaleur est \u00e9teinte pour une ambiance en toute saison.<\/span>\r\n\r\n<span>Ce foyer intemporel vous permettra de donner une nouvelle vie \u00e0 n&#8217;importe quel espace tout en ajoutant chaleur et ambiance.<\/span>\r\n\r\n<img fetchpriority=\"high\" decoding=\"async\" class=\"wp-image-40207 aligncenter\" src=\"https:\/\/amantii.com\/wp-content\/uploads\/2021\/12\/Media_TRD-Bespoke-Smart-scaled.jpg\" alt=\"\" width=\"715\" height=\"552\" \/>\r\n\r\n&nbsp;\r\n<div>\r\n<div>\r\n\r\n<span>Ces inserts sont disponibles avec des garnitures \u00e0 3 et 4 c\u00f4t\u00e9s, fabriqu\u00e9s en m\u00e9tal de calibre 22 et disponibles pour les mod\u00e8les 33 et 38.<\/span>\r\n\r\n&nbsp;\r\n<table border=\"0\" width=\"75%\" cellpadding=\"10\">\r\n<tbody>\r\n<tr>\r\n<td width=\"50%\">\r\n<div id=\"attachment_16039\" class=\"wp-caption aligncenter\">\r\n\r\n<img decoding=\"async\" class=\"wp-image-16039 size-full\" src=\"https:\/\/amantii.com\/wp-content\/uploads\/2019\/10\/IMG_0188TRD-26-4-piece-trim-300.jpg\" sizes=\"(max-width: 300px) 100vw, 300px\" srcset=\"https:\/\/amantii.com\/wp-content\/uploads\/2019\/10\/IMG_0188TRD-26-4-piece-trim-300-200x150.jpg 200w, https:\/\/amantii.com\/wp-content\/uploads\/2019\/10\/IMG_0188TRD-26-4-piece-trim-300.jpg 300w\" alt=\"insert de chemin\u00e9e \u00e9lectrique\" width=\"300\" height=\"225\" aria-describedby=\"caption-attachment-16039\" \/>\r\n<p id=\"caption-attachment-16039\" class=\"wp-caption-text\"><span>Garniture 4 c\u00f4t\u00e9s<\/span><\/p>\r\n\r\n<\/div><\/td>\r\n<td>\r\n<div id=\"attachment_16040\" class=\"wp-caption aligncenter\"><img decoding=\"async\" class=\"wp-image-16040 size-full\" src=\"https:\/\/amantii.com\/wp-content\/uploads\/2019\/10\/Traditional-3-piece-Trim-300.jpg\" sizes=\"(max-width: 300px) 100vw, 300px\" srcset=\"https:\/\/amantii.com\/wp-content\/uploads\/2019\/10\/Traditional-3-piece-Trim-300-200x150.jpg 200w, https:\/\/amantii.com\/wp-content\/uploads\/2019\/10\/Traditional-3-piece-Trim-300.jpg 300w\" alt=\"Garniture 3 c\u00f4t\u00e9s\" width=\"300\" height=\"225\" aria-describedby=\"caption-attachment-16040\" \/><\/div><\/td>\r\n<\/tr>\r\n<\/tbody>\r\n<\/table>\r\n<\/div>\r\n<div><\/div>\r\n<div class=\"table-1\"><strong><span>Pr\u00e9sentation Flamme<\/span><\/strong><\/div>\r\n<div>\r\n\r\n<span>Pr\u00e9sentation de flammes vibrantes et multicolores de pointe \u2013 passez du jaune \u00e0 l&#8217;orange en passant par le rouge d&#8217;un simple clic sur la t\u00e9l\u00e9commande.\u00a0Tout peut \u00eatre fait s\u00e9par\u00e9ment et m\u00e9lang\u00e9 pour cr\u00e9er de nombreuses combinaisons.<\/span>\r\n\r\n<\/div>\r\n<div><img loading=\"lazy\" decoding=\"async\" class=\"size-full wp-image-23575 aligncenter\" src=\"https:\/\/amantii.com\/wp-content\/uploads\/2019\/09\/Amantii-Flame-Colors-Media-TRD-INSERT-BESPOKE.jpg\" sizes=\"(max-width: 600px) 100vw, 600px\" srcset=\"https:\/\/amantii.com\/wp-content\/uploads\/2019\/09\/Amantii-Flame-Colors-Media-TRD-INSERT-BESPOKE-200x74.jpg 200w, https:\/\/amantii.com\/wp-content\/uploads\/2019\/09\/Amantii-Flame-Colors-Media-TRD-INSERT-BESPOKE-300x112.jpg 300w, https:\/\/amantii.com\/wp-content\/uploads\/2019\/09\/Amantii-Flame-Colors-Media-TRD-INSERT-BESPOKE-400x149.jpg 400w, https:\/\/amantii.com\/wp-content\/uploads\/2019\/09\/Amantii-Flame-Colors-Media-TRD-INSERT-BESPOKE-500x186.jpg 500w, https:\/\/amantii.com\/wp-content\/uploads\/2019\/09\/Amantii-Flame-Colors-Media-TRD-INSERT-BESPOKE.jpg 600w\" alt=\"\" width=\"600\" height=\"223\" \/><\/div>\r\n<div><\/div>\r\n<div><strong><span>\u00c9clairage ambiant de l&#8217;auvent<\/span><\/strong><\/div>\r\n<div><span>L\u2019\u00e9clairage ambiant de la verri\u00e8re illumine les m\u00e9dias comme jamais auparavant.\u00a0Projetez une lueur color\u00e9e sur les supports d\u00e9coratifs fournis dans le plateau ci-dessous.\u00a0Parcourez un arc-en-ciel de 13 couleurs diff\u00e9rentes.\u00a0M\u00e9langez les couleurs des flammes avec un \u00e9clairage contrast\u00e9 pour une pr\u00e9sentation unique \u2013 les combinaisons sont illimit\u00e9es.<\/span><\/div>\r\n<\/div>\t\t\t\t\t\t\t\t<\/div>\n\t\t\t\t<\/div>\n\t\t\t\t\t<\/div>\n\t\t<\/div>\n\t\t\t\t\t<\/div>\n\t\t<\/section>\n\t\t\t\t<section class=\"elementor-section elementor-top-section elementor-element elementor-element-c45588c elementor-section-boxed elementor-section-height-default elementor-section-height-default\" data-id=\"c45588c\" data-element_type=\"section\">\n\t\t\t\t\t\t<div class=\"elementor-container elementor-column-gap-default\">\n\t\t\t\t\t<div class=\"elementor-column elementor-col-100 elementor-top-column elementor-element elementor-element-bac6dea\" data-id=\"bac6dea\" data-element_type=\"column\">\n\t\t\t<div class=\"elementor-widget-wrap elementor-element-populated\">\n\t\t\t\t\t\t<div class=\"elementor-element elementor-element-11feb77 elementor-tabs-view-horizontal elementor-widget elementor-widget-tabs\" data-id=\"11feb77\" data-element_type=\"widget\" data-widget_type=\"tabs.default\">\n\t\t\t\t<div class=\"elementor-widget-container\">\n\t\t\t\t\t\t\t<div class=\"elementor-tabs\">\n\t\t\t<div class=\"elementor-tabs-wrapper\" role=\"tablist\" >\n\t\t\t\t\t\t\t\t\t<div id=\"elementor-tab-title-1881\" class=\"elementor-tab-title elementor-tab-desktop-title\" aria-selected=\"true\" data-tab=\"1\" role=\"tab\" tabindex=\"0\" aria-controls=\"elementor-tab-content-1881\" aria-expanded=\"false\">Fichiers<\/div>\n\t\t\t\t\t\t\t<\/div>\n\t\t\t<div class=\"elementor-tabs-content-wrapper\" role=\"tablist\" aria-orientation=\"vertical\">\n\t\t\t\t\t\t\t\t\t<div class=\"elementor-tab-title elementor-tab-mobile-title\" aria-selected=\"true\" data-tab=\"1\" role=\"tab\" tabindex=\"0\" aria-controls=\"elementor-tab-content-1881\" aria-expanded=\"false\">Fichiers<\/div>\n\t\t\t\t\t<div id=\"elementor-tab-content-1881\" class=\"elementor-tab-content elementor-clearfix\" data-tab=\"1\" role=\"tabpanel\" aria-labelledby=\"elementor-tab-title-1881\" tabindex=\"0\" hidden=\"false\"><i class=\"far fa-file-pdf fa-xl\" style=\"font-size:35px\"><\/i><a href=\"https:\/\/www.belleflamme.ca\/wp-content\/uploads\/2023\/11\/Traditional-TRD-Bespoke-Series-Manual.pdf\"> Manuel<\/a><\/br>\n<i class=\"far fa-file-pdf fa-xl\" style=\"font-size:35px\"><\/i><a href=\"https:\/\/www.belleflamme.ca\/wp-content\/uploads\/2023\/11\/TRD-2023-US.pdf\"> Brochure<\/a><\/br>\n<i class=\"far fa-file-pdf fa-xl\" style=\"font-size:35px\"><\/i><a href=\"https:\/\/www.belleflamme.ca\/wp-content\/uploads\/2023\/11\/Outdoor-Installation-Rev-10.08.22-1.pdf\"> Installation Ext\u00e9rieur<\/a><\/br>\n<i class=\"far fa-file-pdf fa-xl\" style=\"font-size:35px\"><\/i><a href=\"https:\/\/www.belleflamme.ca\/wp-content\/uploads\/2023\/11\/Bespoke-TRD-GLASS-Drawing.pdf\"> Remplacement Vitre<\/a><\/br>\n<i class=\"far fa-file-pdf fa-xl\" style=\"font-size:35px\"><\/i><a href=\"https:\/\/www.belleflamme.ca\/wp-content\/uploads\/2023\/11\/Traditional-TRD-Bespoke-Repair-Guide.pdf\"> Guide de r\u00e9paration<\/a><\/br>\n<i class=\"far fa-file-pdf fa-xl\" style=\"font-size:35px\"><\/i><a href=\"https:\/\/www.belleflamme.ca\/wp-content\/uploads\/2023\/11\/How-to-pair-your-Bluetooth-speakers-2023.9.12.pdf\"> R\u00e9paration Bluetooth<\/a><\/br>\n<i class=\"far fa-file-pdf fa-xl\" style=\"font-size:35px\"><\/i><a href=\"https:\/\/www.belleflamme.ca\/wp-content\/uploads\/2023\/11\/Bespoke-WIFI-instruction.pdf\"> Guide Wifi<\/a><\/br><\/div>\n\t\t\t\t\t\t\t<\/div>\n\t\t<\/div>\n\t\t\t\t\t\t<\/div>\n\t\t\t\t<\/div>\n\t\t\t\t\t<\/div>\n\t\t<\/div>\n\t\t\t\t\t<\/div>\n\t\t<\/section>\n\t\t\t\t<\/div>\n\t\t","protected":false},"excerpt":{"rendered":"<p>Tailles : TRD-33-BESPOKE \u2013 TRD Sur mesure 33\u2033, TRD-38-BESPOKE \u2013 TRD Sur mesure 38\u2033, TRD-44-BESPOKE \u2013 TRD Sur mesure 44\u2033, NOUVEAU* TRD-48-BESPOKE \u2013 TRD Sur mesure\u00a048\u00a0\u2033 Nouveau concept\u00a0alliant flamme, qualit\u00e9 et son.\u00a0Une chemin\u00e9e sonore ! \u00a0Options d&#8217;installation\u00a0Enti\u00e8rement encastr\u00e9 ou fix\u00e9 au mur Haut-parleur et son\u00a0\u2013 un son de qualit\u00e9 d\u00e9livrant un son de feu cr\u00e9pitant.\u00a0\u00c9chantillonn\u00e9 [&hellip;]<\/p>\n","protected":false},"featured_media":20865,"template":"","meta":{"inline_featured_image":false},"product_brand":[231],"product_cat":[240,241,33],"product_tag":[],"class_list":{"0":"post-20864","1":"product","2":"type-product","3":"status-publish","4":"has-post-thumbnail","6":"product_brand-amantii","7":"product_cat-foyer-electrique","8":"product_cat-poele-foyer-electrique","9":"product_cat-poeles-et-foyers","11":"first","12":"instock","13":"taxable","14":"shipping-taxable","15":"purchasable","16":"product-type-variable"},"yoast_head":"<!-- This site is optimized with the Yoast SEO Premium plugin v24.2 (Yoast SEO v24.2) - https:\/\/yoast.com\/wordpress\/plugins\/seo\/ -->\n<title>Foyer \u00c9lectrique encastrable Amantii TRD Bespoke - Groupe BelleFlamme<\/title>\n<meta name=\"description\" content=\"Foyer \u00c9lectrique encastrable Amantii TRD Bespoke vendu et install\u00e9 par le Groupe Belleflamme. Laval, Montr\u00e9al, Gatineau, Drummondville et Saint-Sauveur.\" \/>\n<meta name=\"robots\" content=\"index, follow, max-snippet:-1, max-image-preview:large, max-video-preview:-1\" \/>\n<link rel=\"canonical\" href=\"https:\/\/staging.belleflamme.ca\/fr\/produit\/foyer-electrique-amantii-trd-bespoke\/\" \/>\n<meta property=\"og:locale\" content=\"fr_FR\" \/>\n<meta property=\"og:type\" content=\"article\" \/>\n<meta property=\"og:title\" content=\"Foyer \u00c9lectrique encastrable Amantii TRD Bespoke\" \/>\n<meta property=\"og:description\" content=\"Foyer \u00c9lectrique encastrable Amantii TRD Bespoke vendu et install\u00e9 par le Groupe Belleflamme. Laval, Montr\u00e9al, Gatineau, Drummondville et Saint-Sauveur.\" \/>\n<meta property=\"og:url\" content=\"https:\/\/staging.belleflamme.ca\/fr\/produit\/foyer-electrique-amantii-trd-bespoke\/\" \/>\n<meta property=\"og:site_name\" content=\"Groupe BelleFlamme\" \/>\n<meta property=\"article:publisher\" content=\"https:\/\/www.facebook.com\/belleflamme.ca\/\" \/>\n<meta property=\"article:modified_time\" content=\"2024-09-20T16:05:32+00:00\" \/>\n<meta property=\"og:image\" content=\"https:\/\/www.belleflamme.ca\/wp-content\/uploads\/2023\/11\/TRD-Bespoke-48.webp\" \/>\n\t<meta property=\"og:image:width\" content=\"2258\" \/>\n\t<meta property=\"og:image:height\" content=\"1328\" \/>\n\t<meta property=\"og:image:type\" content=\"image\/webp\" \/>\n<meta name=\"twitter:card\" content=\"summary_large_image\" \/>\n<meta name=\"twitter:label1\" content=\"Disponibilit\u00e9\" \/>\n\t<meta name=\"twitter:data1\" content=\"En stock\" \/>\n<script type=\"application\/ld+json\" class=\"yoast-schema-graph\">{\"@context\":\"https:\/\/schema.org\",\"@graph\":[{\"@type\":[\"WebPage\",\"ItemPage\"],\"@id\":\"https:\/\/staging.belleflamme.ca\/fr\/produit\/foyer-electrique-amantii-trd-bespoke\/\",\"url\":\"https:\/\/staging.belleflamme.ca\/fr\/produit\/foyer-electrique-amantii-trd-bespoke\/\",\"name\":\"Foyer \u00c9lectrique encastrable Amantii TRD Bespoke - Groupe BelleFlamme\",\"isPartOf\":{\"@id\":\"https:\/\/www.belleflamme.ca\/fr\/#website\"},\"primaryImageOfPage\":{\"@id\":\"https:\/\/staging.belleflamme.ca\/fr\/produit\/foyer-electrique-amantii-trd-bespoke\/#primaryimage\"},\"image\":{\"@id\":\"https:\/\/staging.belleflamme.ca\/fr\/produit\/foyer-electrique-amantii-trd-bespoke\/#primaryimage\"},\"thumbnailUrl\":\"https:\/\/staging.belleflamme.ca\/wp-content\/uploads\/2023\/11\/TRD-Bespoke-48.webp\",\"datePublished\":\"2023-11-08T17:21:26+00:00\",\"dateModified\":\"2024-09-20T16:05:32+00:00\",\"description\":\"Foyer \u00c9lectrique encastrable Amantii TRD Bespoke [get_meta_en_fr]\",\"breadcrumb\":{\"@id\":\"https:\/\/staging.belleflamme.ca\/fr\/produit\/foyer-electrique-amantii-trd-bespoke\/#breadcrumb\"},\"inLanguage\":\"fr-FR\",\"potentialAction\":[{\"@type\":\"ReadAction\",\"target\":[\"https:\/\/staging.belleflamme.ca\/fr\/produit\/foyer-electrique-amantii-trd-bespoke\/\"]}]},{\"@type\":\"ImageObject\",\"inLanguage\":\"fr-FR\",\"@id\":\"https:\/\/staging.belleflamme.ca\/fr\/produit\/foyer-electrique-amantii-trd-bespoke\/#primaryimage\",\"url\":\"https:\/\/staging.belleflamme.ca\/wp-content\/uploads\/2023\/11\/TRD-Bespoke-48.webp\",\"contentUrl\":\"https:\/\/staging.belleflamme.ca\/wp-content\/uploads\/2023\/11\/TRD-Bespoke-48.webp\",\"width\":2258,\"height\":1328,\"caption\":\"Foyer \u00e9lectrique Bespoke Amantii TRD\"},{\"@type\":\"BreadcrumbList\",\"@id\":\"https:\/\/staging.belleflamme.ca\/fr\/produit\/foyer-electrique-amantii-trd-bespoke\/#breadcrumb\",\"itemListElement\":[{\"@type\":\"ListItem\",\"position\":1,\"name\":\"Accueil\",\"item\":\"https:\/\/www.belleflamme.ca\/fr\/\"},{\"@type\":\"ListItem\",\"position\":2,\"name\":\"Boutique\",\"item\":\"https:\/\/www.belleflamme.ca\/fr\/boutique\/\"},{\"@type\":\"ListItem\",\"position\":3,\"name\":\"Po\u00eales &amp; Foyers\",\"item\":\"https:\/\/staging.belleflamme.ca\/fr\/categories\/poeles-et-foyers\/\"},{\"@type\":\"ListItem\",\"position\":4,\"name\":\"Po\u00eale &amp; Foyer \u00c9lectrique\",\"item\":\"https:\/\/staging.belleflamme.ca\/fr\/categories\/poeles-et-foyers\/poele-foyer-electrique\/\"},{\"@type\":\"ListItem\",\"position\":5,\"name\":\"Foyer \u00c9lectrique\",\"item\":\"https:\/\/staging.belleflamme.ca\/fr\/categories\/poeles-et-foyers\/poele-foyer-electrique\/foyer-electrique\/\"},{\"@type\":\"ListItem\",\"position\":6,\"name\":\"Foyer \u00c9lectrique encastrable Amantii TRD Bespoke\"}]},{\"@type\":\"WebSite\",\"@id\":\"https:\/\/www.belleflamme.ca\/fr\/#website\",\"url\":\"https:\/\/www.belleflamme.ca\/fr\/\",\"name\":\"Groupe Belleflamme\",\"description\":\"La m\u00e9canique du b\u00e2timent dans le sang.\",\"publisher\":{\"@id\":\"https:\/\/www.belleflamme.ca\/fr\/#organization\"},\"potentialAction\":[{\"@type\":\"SearchAction\",\"target\":{\"@type\":\"EntryPoint\",\"urlTemplate\":\"https:\/\/www.belleflamme.ca\/fr\/?s={search_term_string}\"},\"query-input\":{\"@type\":\"PropertyValueSpecification\",\"valueRequired\":true,\"valueName\":\"search_term_string\"}}],\"inLanguage\":\"fr-FR\"},{\"@type\":[\"Organization\",\"Place\"],\"@id\":\"https:\/\/www.belleflamme.ca\/fr\/#organization\",\"name\":\"Groupe Belleflamme\",\"alternateName\":\"Belleflamme\",\"url\":\"https:\/\/www.belleflamme.ca\/fr\/\",\"logo\":{\"@type\":\"ImageObject\",\"inLanguage\":\"fr-FR\",\"@id\":\"https:\/\/www.belleflamme.ca\/fr\/#\/schema\/logo\/image\/\",\"url\":\"https:\/\/staging.belleflamme.ca\/wp-content\/uploads\/2023\/01\/og-image.jpg\",\"contentUrl\":\"https:\/\/staging.belleflamme.ca\/wp-content\/uploads\/2023\/01\/og-image.jpg\",\"width\":1200,\"height\":630,\"caption\":\"Groupe Belleflamme\"},\"image\":{\"@id\":\"https:\/\/www.belleflamme.ca\/fr\/#\/schema\/logo\/image\/\"},\"sameAs\":[\"https:\/\/www.facebook.com\/belleflamme.ca\/\",\"https:\/\/www.linkedin.com\/company\/belleflamme\/\",\"https:\/\/www.pinterest.ca\/groupebelleflamme\/\",\"https:\/\/www.instagram.com\/legroupebelleflamme\/\"],\"mainEntityOfPage\":{\"@id\":\"https:\/\/staging.belleflamme.ca\/fr\/produit\/foyer-electrique-amantii-trd-bespoke\/\"}}]}<\/script>\n<meta property=\"product:brand\" content=\"Amantii\" \/>\n<meta property=\"og:availability\" content=\"instock\" \/>\n<meta property=\"product:availability\" content=\"instock\" \/>\n<meta property=\"product:retailer_item_id\" content=\"TRD-BESPOKE\" \/>\n<meta property=\"product:condition\" content=\"new\" \/>\n<!-- \/ Yoast SEO Premium plugin. -->","yoast_head_json":{"title":"Foyer \u00c9lectrique encastrable Amantii TRD Bespoke - Groupe BelleFlamme","description":"Foyer \u00c9lectrique encastrable Amantii TRD Bespoke vendu et install\u00e9 par le Groupe Belleflamme. Laval, Montr\u00e9al, Gatineau, Drummondville et Saint-Sauveur.","robots":{"index":"index","follow":"follow","max-snippet":"max-snippet:-1","max-image-preview":"max-image-preview:large","max-video-preview":"max-video-preview:-1"},"canonical":"https:\/\/staging.belleflamme.ca\/fr\/produit\/foyer-electrique-amantii-trd-bespoke\/","og_locale":"fr_FR","og_type":"article","og_title":"Foyer \u00c9lectrique encastrable Amantii TRD Bespoke","og_description":"Foyer \u00c9lectrique encastrable Amantii TRD Bespoke vendu et install\u00e9 par le Groupe Belleflamme. Laval, Montr\u00e9al, Gatineau, Drummondville et Saint-Sauveur.","og_url":"https:\/\/staging.belleflamme.ca\/fr\/produit\/foyer-electrique-amantii-trd-bespoke\/","og_site_name":"Groupe BelleFlamme","article_publisher":"https:\/\/www.facebook.com\/belleflamme.ca\/","article_modified_time":"2024-09-20T16:05:32+00:00","og_image":[{"width":2258,"height":1328,"url":"https:\/\/www.belleflamme.ca\/wp-content\/uploads\/2023\/11\/TRD-Bespoke-48.webp","type":"image\/webp"}],"twitter_card":"summary_large_image","twitter_misc":{"Disponibilit\u00e9":"En stock"},"schema":{"@context":"https:\/\/schema.org","@graph":[{"@type":["WebPage","ItemPage"],"@id":"https:\/\/staging.belleflamme.ca\/fr\/produit\/foyer-electrique-amantii-trd-bespoke\/","url":"https:\/\/staging.belleflamme.ca\/fr\/produit\/foyer-electrique-amantii-trd-bespoke\/","name":"Foyer \u00c9lectrique encastrable Amantii TRD Bespoke - Groupe BelleFlamme","isPartOf":{"@id":"https:\/\/www.belleflamme.ca\/fr\/#website"},"primaryImageOfPage":{"@id":"https:\/\/staging.belleflamme.ca\/fr\/produit\/foyer-electrique-amantii-trd-bespoke\/#primaryimage"},"image":{"@id":"https:\/\/staging.belleflamme.ca\/fr\/produit\/foyer-electrique-amantii-trd-bespoke\/#primaryimage"},"thumbnailUrl":"https:\/\/staging.belleflamme.ca\/wp-content\/uploads\/2023\/11\/TRD-Bespoke-48.webp","datePublished":"2023-11-08T17:21:26+00:00","dateModified":"2024-09-20T16:05:32+00:00","description":"Foyer \u00c9lectrique encastrable Amantii TRD Bespoke [get_meta_en_fr]","breadcrumb":{"@id":"https:\/\/staging.belleflamme.ca\/fr\/produit\/foyer-electrique-amantii-trd-bespoke\/#breadcrumb"},"inLanguage":"fr-FR","potentialAction":[{"@type":"ReadAction","target":["https:\/\/staging.belleflamme.ca\/fr\/produit\/foyer-electrique-amantii-trd-bespoke\/"]}]},{"@type":"ImageObject","inLanguage":"fr-FR","@id":"https:\/\/staging.belleflamme.ca\/fr\/produit\/foyer-electrique-amantii-trd-bespoke\/#primaryimage","url":"https:\/\/staging.belleflamme.ca\/wp-content\/uploads\/2023\/11\/TRD-Bespoke-48.webp","contentUrl":"https:\/\/staging.belleflamme.ca\/wp-content\/uploads\/2023\/11\/TRD-Bespoke-48.webp","width":2258,"height":1328,"caption":"Foyer \u00e9lectrique Bespoke Amantii TRD"},{"@type":"BreadcrumbList","@id":"https:\/\/staging.belleflamme.ca\/fr\/produit\/foyer-electrique-amantii-trd-bespoke\/#breadcrumb","itemListElement":[{"@type":"ListItem","position":1,"name":"Accueil","item":"https:\/\/www.belleflamme.ca\/fr\/"},{"@type":"ListItem","position":2,"name":"Boutique","item":"https:\/\/www.belleflamme.ca\/fr\/boutique\/"},{"@type":"ListItem","position":3,"name":"Po\u00eales &amp; Foyers","item":"https:\/\/staging.belleflamme.ca\/fr\/categories\/poeles-et-foyers\/"},{"@type":"ListItem","position":4,"name":"Po\u00eale &amp; Foyer \u00c9lectrique","item":"https:\/\/staging.belleflamme.ca\/fr\/categories\/poeles-et-foyers\/poele-foyer-electrique\/"},{"@type":"ListItem","position":5,"name":"Foyer \u00c9lectrique","item":"https:\/\/staging.belleflamme.ca\/fr\/categories\/poeles-et-foyers\/poele-foyer-electrique\/foyer-electrique\/"},{"@type":"ListItem","position":6,"name":"Foyer \u00c9lectrique encastrable Amantii TRD Bespoke"}]},{"@type":"WebSite","@id":"https:\/\/www.belleflamme.ca\/fr\/#website","url":"https:\/\/www.belleflamme.ca\/fr\/","name":"Groupe Belleflamme","description":"La m\u00e9canique du b\u00e2timent dans le sang.","publisher":{"@id":"https:\/\/www.belleflamme.ca\/fr\/#organization"},"potentialAction":[{"@type":"SearchAction","target":{"@type":"EntryPoint","urlTemplate":"https:\/\/www.belleflamme.ca\/fr\/?s={search_term_string}"},"query-input":{"@type":"PropertyValueSpecification","valueRequired":true,"valueName":"search_term_string"}}],"inLanguage":"fr-FR"},{"@type":["Organization","Place"],"@id":"https:\/\/www.belleflamme.ca\/fr\/#organization","name":"Groupe Belleflamme","alternateName":"Belleflamme","url":"https:\/\/www.belleflamme.ca\/fr\/","logo":{"@type":"ImageObject","inLanguage":"fr-FR","@id":"https:\/\/www.belleflamme.ca\/fr\/#\/schema\/logo\/image\/","url":"https:\/\/staging.belleflamme.ca\/wp-content\/uploads\/2023\/01\/og-image.jpg","contentUrl":"https:\/\/staging.belleflamme.ca\/wp-content\/uploads\/2023\/01\/og-image.jpg","width":1200,"height":630,"caption":"Groupe Belleflamme"},"image":{"@id":"https:\/\/www.belleflamme.ca\/fr\/#\/schema\/logo\/image\/"},"sameAs":["https:\/\/www.facebook.com\/belleflamme.ca\/","https:\/\/www.linkedin.com\/company\/belleflamme\/","https:\/\/www.pinterest.ca\/groupebelleflamme\/","https:\/\/www.instagram.com\/legroupebelleflamme\/"],"mainEntityOfPage":{"@id":"https:\/\/staging.belleflamme.ca\/fr\/produit\/foyer-electrique-amantii-trd-bespoke\/"}}]},"product_brand":"Amantii","og_availability":"instock","product_availability":"instock","product_retailer_item_id":"TRD-BESPOKE","product_condition":"new"},"_links":{"self":[{"href":"https:\/\/staging.belleflamme.ca\/fr\/wp-json\/wp\/v2\/product\/20864","targetHints":{"allow":["GET"]}}],"collection":[{"href":"https:\/\/staging.belleflamme.ca\/fr\/wp-json\/wp\/v2\/product"}],"about":[{"href":"https:\/\/staging.belleflamme.ca\/fr\/wp-json\/wp\/v2\/types\/product"}],"version-history":[{"count":7,"href":"https:\/\/staging.belleflamme.ca\/fr\/wp-json\/wp\/v2\/product\/20864\/revisions"}],"predecessor-version":[{"id":43147,"href":"https:\/\/staging.belleflamme.ca\/fr\/wp-json\/wp\/v2\/product\/20864\/revisions\/43147"}],"wp:featuredmedia":[{"embeddable":true,"href":"https:\/\/staging.belleflamme.ca\/fr\/wp-json\/wp\/v2\/media\/20865"}],"wp:attachment":[{"href":"https:\/\/staging.belleflamme.ca\/fr\/wp-json\/wp\/v2\/media?parent=20864"}],"wp:term":[{"taxonomy":"product_brand","embeddable":true,"href":"https:\/\/staging.belleflamme.ca\/fr\/wp-json\/wp\/v2\/product_brand?post=20864"},{"taxonomy":"product_cat","embeddable":true,"href":"https:\/\/staging.belleflamme.ca\/fr\/wp-json\/wp\/v2\/product_cat?post=20864"},{"taxonomy":"product_tag","embeddable":true,"href":"https:\/\/staging.belleflamme.ca\/fr\/wp-json\/wp\/v2\/product_tag?post=20864"}],"curies":[{"name":"wp","href":"https:\/\/api.w.org\/{rel}","templated":true}]}}