{"id":20777,"date":"2023-11-08T11:29:05","date_gmt":"2023-11-08T16:29:05","guid":{"rendered":"https:\/\/www.belleflamme.ca\/?post_type=product&#038;p=20777"},"modified":"2024-09-20T11:54:09","modified_gmt":"2024-09-20T15:54:09","slug":"foyer-electrique-amantii-trd","status":"publish","type":"product","link":"https:\/\/staging.belleflamme.ca\/fr\/produit\/foyer-electrique-amantii-trd\/","title":{"rendered":"Foyer \u00e9lectrique encastrable Amantii TRD"},"content":{"rendered":"\t\t<div data-elementor-type=\"product-post\" data-elementor-id=\"20777\" class=\"elementor elementor-20777\" data-elementor-post-type=\"product\">\n\t\t\t\t\t\t<section class=\"elementor-section elementor-top-section elementor-element elementor-element-dfb4b7e elementor-section-boxed elementor-section-height-default elementor-section-height-default\" data-id=\"dfb4b7e\" data-element_type=\"section\">\n\t\t\t\t\t\t<div class=\"elementor-container elementor-column-gap-default\">\n\t\t\t\t\t<div class=\"elementor-column elementor-col-100 elementor-top-column elementor-element elementor-element-222aeab4\" data-id=\"222aeab4\" data-element_type=\"column\">\n\t\t\t<div class=\"elementor-widget-wrap elementor-element-populated\">\n\t\t\t\t\t\t<div class=\"elementor-element elementor-element-492964b4 elementor-widget elementor-widget-text-editor\" data-id=\"492964b4\" data-element_type=\"widget\" data-widget_type=\"text-editor.default\">\n\t\t\t\t<div class=\"elementor-widget-container\">\n\t\t\t\t\t\t\t\t\t<strong><span>Tailles : TRD 26\u2033, TRD 30\u2033, TRD 33\u2033, TRD 38\u2033, TRD 44\u2033, TRD 48\u2033<\/span><\/strong>\r\n<ul>\r\n \t<li><strong><span>Z\u00e9ro \u00e9mission \u2013<\/span><\/strong><span>\u00a0Compar\u00e9 au gaz et au bois, mais avec un look traditionnel<\/span><\/li>\r\n \t<li><strong><span>Pr\u00eat pour le c\u00e2blage &#8211;<\/span><\/strong><span>\u00a0Pr\u00eat pour le c\u00e2blage du thermostat<\/span><\/li>\r\n \t<li><strong><span>Int\u00e9rieur<\/span><\/strong><span>\u00a0\u2013 Con\u00e7u pour les applications int\u00e9rieures uniquement.<\/span><\/li>\r\n \t<li>\u00a0<strong><span>T\u00e9l\u00e9commande \u2013<\/span><\/strong><span>\u00a0Pour flamme et chauffage<\/span><\/li>\r\n \t<li><b><span>Chaleur<\/span><\/b><span>\u00a0\u2013 Peut produire jusqu\u2019\u00e0 1 465 W de chaleur de 5 000 BTU, chauffe env.\u00a0400 pieds carr\u00e9s<\/span><\/li>\r\n \t<li><strong><span>Styles de flammes\u00a0<\/span><\/strong><strong><span>\u2013<\/span><\/strong><span>\u00a0Deux ensembles de flammes.\u00a0L&#8217;\u00e9clairage ambiant de la verri\u00e8re en 10 couleurs illumine les m\u00e9dias comme jamais auparavant avec un r\u00e9glage de couleurs \u00e0 1 cycle<\/span><\/li>\r\n \t<li><strong><span>Flux de chaleur \u2013<\/span><\/strong><span>\u00a0\u00a0Le radiateur est situ\u00e9 sur le dessus int\u00e9rieur du foyer, permettant ainsi \u00e0 la chaleur de descendre en cascade sur le dessus du verre.<\/span><\/li>\r\n \t<li><strong><span>Pr\u00e9sentation de la flamme \u2013\u00a0<\/span><\/strong><span>\u00a0Pr\u00e9sentation de la flamme \u00e0 la pointe de la technologie\u00a0: Pr\u00e9sentation de la flamme \u00e0 la pointe de la technologie, vibrante et multicolore \u2013 passez du jaune \u00e0 l&#8217;orange au rouge d&#8217;un simple clic sur la t\u00e9l\u00e9commande.<\/span><\/li>\r\n \t<li><strong><span>Chauffage \u00e0 deux \u00e9tages \u2013<\/span><\/strong><span>\u00a0La flamme fonctionne avec ou sans chaleur<\/span><\/li>\r\n \t<li>\u00a0<strong><span>A\u00e9rations \u2013<\/span><\/strong><span>\u00a0Les a\u00e9rations cach\u00e9es permettent une v\u00e9ritable apparence propre du visage.<\/span><\/li>\r\n<\/ul>\r\n<h4><span>Foyer \u00e9lectrique TRD \u2013 Technologie moderne avec caract\u00e9ristiques d&#8217;insert classiques<\/span><\/h4>\r\n<span>La s\u00e9rie Amantii Traditional s&#8217;inspire de son style intemporel mais \u00e9l\u00e9gant et de sa qualit\u00e9 exceptionnelle.\u00a0Le foyer TRD est magnifique dans n&#8217;importe quelle pi\u00e8ce.\u00a0Le chauffage et les bouches d&#8217;a\u00e9ration sont dissimul\u00e9s dans la partie sup\u00e9rieure int\u00e9rieure de l&#8217;unit\u00e9 et permettent une apparence vraiment propre.\u00a0Profitez des flammes brillantes de votre foyer, m\u00eame lorsque le feu est \u00e9teint, pour une ambiance en toute saison.<\/span>\r\n<span>Ce foyer \u00e9lectrique intemporel TRD vous permettra de donner une nouvelle vie \u00e0 n&#8217;importe quel espace tout en ajoutant de la chaleur et de l&#8217;ambiance \u00e0 la pi\u00e8ce.<\/span>\r\n\r\n<strong><span>Accessoires inclus<\/span><\/strong>\r\n\r\n<img fetchpriority=\"high\" decoding=\"async\" class=\"wp-image-38819 aligncenter\" src=\"https:\/\/amantii.com\/wp-content\/uploads\/2022\/01\/Media_TRV-Slim-Smart-scaled.jpg\" alt=\"\" width=\"577\" height=\"446\" \/>\r\n<div id=\"tablist1-panel2\" class=\"tabcontent responsive-tabs__panel responsive-tabs__panel--active\">\r\n<div class=\"fusion-table table-2\">\r\n<div>\r\n<div class=\"table-1\"><strong><span>Pr\u00e9sentation Flamme<\/span><\/strong><\/div>\r\n<div>\r\n\r\n<span>Pr\u00e9sentation de flammes vibrantes et multicolores de pointe \u2013 passez du jaune \u00e0 l&#8217;orange en passant par le rouge d&#8217;un simple clic sur la t\u00e9l\u00e9commande.\u00a0Tout peut \u00eatre fait s\u00e9par\u00e9ment et m\u00e9lang\u00e9 pour cr\u00e9er de nombreuses combinaisons.<\/span>\r\n\r\n<\/div>\r\n<div><img decoding=\"async\" class=\"size-full wp-image-23575 aligncenter\" src=\"https:\/\/amantii.com\/wp-content\/uploads\/2019\/09\/Amantii-Flame-Colors-Media-TRD-INSERT-BESPOKE.jpg\" sizes=\"(max-width: 600px) 100vw, 600px\" srcset=\"https:\/\/amantii.com\/wp-content\/uploads\/2019\/09\/Amantii-Flame-Colors-Media-TRD-INSERT-BESPOKE-200x74.jpg 200w, https:\/\/amantii.com\/wp-content\/uploads\/2019\/09\/Amantii-Flame-Colors-Media-TRD-INSERT-BESPOKE-300x112.jpg 300w, https:\/\/amantii.com\/wp-content\/uploads\/2019\/09\/Amantii-Flame-Colors-Media-TRD-INSERT-BESPOKE-400x149.jpg 400w, https:\/\/amantii.com\/wp-content\/uploads\/2019\/09\/Amantii-Flame-Colors-Media-TRD-INSERT-BESPOKE-500x186.jpg 500w, https:\/\/amantii.com\/wp-content\/uploads\/2019\/09\/Amantii-Flame-Colors-Media-TRD-INSERT-BESPOKE.jpg 600w\" alt=\"\" width=\"600\" height=\"223\" \/><\/div>\r\n<div><\/div>\r\n<div><strong><span>\u00c9clairage ambiant de l&#8217;auvent<\/span><\/strong><\/div>\r\n<div><span>L\u2019\u00e9clairage ambiant de la verri\u00e8re illumine les m\u00e9dias comme jamais auparavant.\u00a0Projetez une lueur color\u00e9e sur les supports d\u00e9coratifs fournis dans le plateau ci-dessous.\u00a0Parcourez un arc-en-ciel de 13 couleurs diff\u00e9rentes.\u00a0M\u00e9langez les couleurs des flammes avec un \u00e9clairage contrast\u00e9 pour une pr\u00e9sentation unique \u2013 les combinaisons sont illimit\u00e9es.<\/span><\/div>\r\n<div><\/div>\r\n<\/div>\r\n<div><img decoding=\"async\" class=\"size-full wp-image-38817 aligncenter\" src=\"https:\/\/amantii.com\/wp-content\/uploads\/2022\/01\/Tru-View72-Lighting-LOGS-500.jpg\" alt=\"\" width=\"500\" height=\"181\" \/><\/div>\r\n<\/div>\r\n<\/div>\t\t\t\t\t\t\t\t<\/div>\n\t\t\t\t<\/div>\n\t\t\t\t\t<\/div>\n\t\t<\/div>\n\t\t\t\t\t<\/div>\n\t\t<\/section>\n\t\t\t\t<section class=\"elementor-section elementor-top-section elementor-element elementor-element-bc4c2f5 elementor-section-boxed elementor-section-height-default elementor-section-height-default\" data-id=\"bc4c2f5\" data-element_type=\"section\">\n\t\t\t\t\t\t<div class=\"elementor-container elementor-column-gap-default\">\n\t\t\t\t\t<div class=\"elementor-column elementor-col-100 elementor-top-column elementor-element elementor-element-5cd075b\" data-id=\"5cd075b\" data-element_type=\"column\">\n\t\t\t<div class=\"elementor-widget-wrap elementor-element-populated\">\n\t\t\t\t\t\t<div class=\"elementor-element elementor-element-12bb07b elementor-tabs-view-horizontal elementor-widget elementor-widget-tabs\" data-id=\"12bb07b\" data-element_type=\"widget\" data-widget_type=\"tabs.default\">\n\t\t\t\t<div class=\"elementor-widget-container\">\n\t\t\t\t\t\t\t<div class=\"elementor-tabs\">\n\t\t\t<div class=\"elementor-tabs-wrapper\" role=\"tablist\" >\n\t\t\t\t\t\t\t\t\t<div id=\"elementor-tab-title-1961\" class=\"elementor-tab-title elementor-tab-desktop-title\" aria-selected=\"true\" data-tab=\"1\" role=\"tab\" tabindex=\"0\" aria-controls=\"elementor-tab-content-1961\" aria-expanded=\"false\">Fichiers<\/div>\n\t\t\t\t\t\t\t<\/div>\n\t\t\t<div class=\"elementor-tabs-content-wrapper\" role=\"tablist\" aria-orientation=\"vertical\">\n\t\t\t\t\t\t\t\t\t<div class=\"elementor-tab-title elementor-tab-mobile-title\" aria-selected=\"true\" data-tab=\"1\" role=\"tab\" tabindex=\"0\" aria-controls=\"elementor-tab-content-1961\" aria-expanded=\"false\">Fichiers<\/div>\n\t\t\t\t\t<div id=\"elementor-tab-content-1961\" class=\"elementor-tab-content elementor-clearfix\" data-tab=\"1\" role=\"tabpanel\" aria-labelledby=\"elementor-tab-title-1961\" tabindex=\"0\" hidden=\"false\"><p><i class=\"far fa-file-pdf fa-xl\" style=\"font-size: 35px;\"><\/i><a href=\"https:\/\/www.belleflamme.ca\/wp-content\/uploads\/2023\/11\/TRD-manual.pdf\"> Manuel<\/a><br \/><i class=\"far fa-file-pdf fa-xl\" style=\"font-size: 35px;\"><\/i><a href=\"https:\/\/www.belleflamme.ca\/wp-content\/uploads\/2023\/11\/TRD-2023-US.pdf\"> Brochure<\/a><br \/><i class=\"far fa-file-pdf fa-xl\" style=\"font-size: 35px;\"><\/i><a href=\"https:\/\/www.belleflamme.ca\/wp-content\/uploads\/2023\/11\/TRD-Measurement-drawings.pdf\"> Mesures<\/a><br \/><i class=\"far fa-file-pdf fa-xl\" style=\"font-size: 35px;\"><\/i><a href=\"https:\/\/www.belleflamme.ca\/wp-content\/uploads\/2023\/11\/TRD-Repair-Guide.pdf\"> Guide R\u00e9paration<\/a><br \/><i class=\"far fa-file-pdf fa-xl\" style=\"font-size: 35px;\"><\/i><a href=\"https:\/\/www.belleflamme.ca\/wp-content\/uploads\/2023\/11\/TRD-1.pdf\"> R\u00e9paration Vitre<\/a><br \/><i class=\"far fa-file-pdf fa-xl\" style=\"font-size: 35px;\"><\/i><a href=\"https:\/\/www.belleflamme.ca\/wp-content\/uploads\/2023\/11\/Bespoke-WIFI-instruction.pdf\"> Guide Wifi<\/a><\/p><\/div>\n\t\t\t\t\t\t\t<\/div>\n\t\t<\/div>\n\t\t\t\t\t\t<\/div>\n\t\t\t\t<\/div>\n\t\t\t\t\t<\/div>\n\t\t<\/div>\n\t\t\t\t\t<\/div>\n\t\t<\/section>\n\t\t\t\t<\/div>\n\t\t","protected":false},"excerpt":{"rendered":"<p>Tailles : TRD 26\u2033, TRD 30\u2033, TRD 33\u2033, TRD 38\u2033, TRD 44\u2033, TRD 48\u2033 Z\u00e9ro \u00e9mission \u2013\u00a0Compar\u00e9 au gaz et au bois, mais avec un look traditionnel Pr\u00eat pour le c\u00e2blage &#8211;\u00a0Pr\u00eat pour le c\u00e2blage du thermostat Int\u00e9rieur\u00a0\u2013 Con\u00e7u pour les applications int\u00e9rieures uniquement. \u00a0T\u00e9l\u00e9commande \u2013\u00a0Pour flamme et chauffage Chaleur\u00a0\u2013 Peut produire jusqu\u2019\u00e0 1 465 [&hellip;]<\/p>\n","protected":false},"featured_media":20778,"template":"","meta":{"inline_featured_image":false},"product_brand":[231],"product_cat":[242,241,33],"product_tag":[],"class_list":{"0":"post-20777","1":"product","2":"type-product","3":"status-publish","4":"has-post-thumbnail","6":"product_brand-amantii","7":"product_cat-encastrables-electriques","8":"product_cat-poele-foyer-electrique","9":"product_cat-poeles-et-foyers","11":"first","12":"instock","13":"taxable","14":"shipping-taxable","15":"purchasable","16":"product-type-variable"},"yoast_head":"<!-- This site is optimized with the Yoast SEO Premium plugin v24.2 (Yoast SEO v24.2) - https:\/\/yoast.com\/wordpress\/plugins\/seo\/ -->\n<title>Foyer \u00e9lectrique encastrable Amantii TRD - Groupe BelleFlamme<\/title>\n<meta name=\"description\" content=\"Foyer \u00e9lectrique encastrable Amantii TRD vendu et install\u00e9 par le Groupe Belleflamme. Laval, Montr\u00e9al, Gatineau, Drummondville et Saint-Sauveur.\" \/>\n<meta name=\"robots\" content=\"index, follow, max-snippet:-1, max-image-preview:large, max-video-preview:-1\" \/>\n<link rel=\"canonical\" href=\"https:\/\/staging.belleflamme.ca\/fr\/produit\/foyer-electrique-amantii-trd\/\" \/>\n<meta property=\"og:locale\" content=\"fr_FR\" \/>\n<meta property=\"og:type\" content=\"article\" \/>\n<meta property=\"og:title\" content=\"Foyer \u00e9lectrique encastrable Amantii TRD\" \/>\n<meta property=\"og:description\" content=\"Foyer \u00e9lectrique encastrable Amantii TRD vendu et install\u00e9 par le Groupe Belleflamme. Laval, Montr\u00e9al, Gatineau, Drummondville et Saint-Sauveur.\" \/>\n<meta property=\"og:url\" content=\"https:\/\/staging.belleflamme.ca\/fr\/produit\/foyer-electrique-amantii-trd\/\" \/>\n<meta property=\"og:site_name\" content=\"Groupe BelleFlamme\" \/>\n<meta property=\"article:publisher\" content=\"https:\/\/www.facebook.com\/belleflamme.ca\/\" \/>\n<meta property=\"article:modified_time\" content=\"2024-09-20T15:54:09+00:00\" \/>\n<meta property=\"og:image\" content=\"https:\/\/www.belleflamme.ca\/wp-content\/uploads\/2023\/11\/TRD-orange-oak.webp\" \/>\n\t<meta property=\"og:image:width\" content=\"2177\" \/>\n\t<meta property=\"og:image:height\" content=\"1393\" \/>\n\t<meta property=\"og:image:type\" content=\"image\/webp\" \/>\n<meta name=\"twitter:card\" content=\"summary_large_image\" \/>\n<meta name=\"twitter:label1\" content=\"Disponibilit\u00e9\" \/>\n\t<meta name=\"twitter:data1\" content=\"En stock\" \/>\n<script type=\"application\/ld+json\" class=\"yoast-schema-graph\">{\"@context\":\"https:\/\/schema.org\",\"@graph\":[{\"@type\":[\"WebPage\",\"ItemPage\"],\"@id\":\"https:\/\/staging.belleflamme.ca\/fr\/produit\/foyer-electrique-amantii-trd\/\",\"url\":\"https:\/\/staging.belleflamme.ca\/fr\/produit\/foyer-electrique-amantii-trd\/\",\"name\":\"Foyer \u00e9lectrique encastrable Amantii TRD - Groupe BelleFlamme\",\"isPartOf\":{\"@id\":\"https:\/\/www.belleflamme.ca\/fr\/#website\"},\"primaryImageOfPage\":{\"@id\":\"https:\/\/staging.belleflamme.ca\/fr\/produit\/foyer-electrique-amantii-trd\/#primaryimage\"},\"image\":{\"@id\":\"https:\/\/staging.belleflamme.ca\/fr\/produit\/foyer-electrique-amantii-trd\/#primaryimage\"},\"thumbnailUrl\":\"https:\/\/staging.belleflamme.ca\/wp-content\/uploads\/2023\/11\/TRD-orange-oak.webp\",\"datePublished\":\"2023-11-08T16:29:05+00:00\",\"dateModified\":\"2024-09-20T15:54:09+00:00\",\"description\":\"Foyer \u00e9lectrique encastrable Amantii TRD [get_meta_en_fr]\",\"breadcrumb\":{\"@id\":\"https:\/\/staging.belleflamme.ca\/fr\/produit\/foyer-electrique-amantii-trd\/#breadcrumb\"},\"inLanguage\":\"fr-FR\",\"potentialAction\":[{\"@type\":\"ReadAction\",\"target\":[\"https:\/\/staging.belleflamme.ca\/fr\/produit\/foyer-electrique-amantii-trd\/\"]}]},{\"@type\":\"ImageObject\",\"inLanguage\":\"fr-FR\",\"@id\":\"https:\/\/staging.belleflamme.ca\/fr\/produit\/foyer-electrique-amantii-trd\/#primaryimage\",\"url\":\"https:\/\/staging.belleflamme.ca\/wp-content\/uploads\/2023\/11\/TRD-orange-oak.webp\",\"contentUrl\":\"https:\/\/staging.belleflamme.ca\/wp-content\/uploads\/2023\/11\/TRD-orange-oak.webp\",\"width\":2177,\"height\":1393,\"caption\":\"Foyer \u00e9lectrique Amantii TRD\"},{\"@type\":\"BreadcrumbList\",\"@id\":\"https:\/\/staging.belleflamme.ca\/fr\/produit\/foyer-electrique-amantii-trd\/#breadcrumb\",\"itemListElement\":[{\"@type\":\"ListItem\",\"position\":1,\"name\":\"Accueil\",\"item\":\"https:\/\/www.belleflamme.ca\/fr\/\"},{\"@type\":\"ListItem\",\"position\":2,\"name\":\"Boutique\",\"item\":\"https:\/\/www.belleflamme.ca\/fr\/boutique\/\"},{\"@type\":\"ListItem\",\"position\":3,\"name\":\"Po\u00eales &amp; Foyers\",\"item\":\"https:\/\/staging.belleflamme.ca\/fr\/categories\/poeles-et-foyers\/\"},{\"@type\":\"ListItem\",\"position\":4,\"name\":\"Po\u00eale &amp; Foyer \u00c9lectrique\",\"item\":\"https:\/\/staging.belleflamme.ca\/fr\/categories\/poeles-et-foyers\/poele-foyer-electrique\/\"},{\"@type\":\"ListItem\",\"position\":5,\"name\":\"Encastrables \u00c9lectriques\",\"item\":\"https:\/\/staging.belleflamme.ca\/fr\/categories\/poeles-et-foyers\/poele-foyer-electrique\/encastrables-electriques\/\"},{\"@type\":\"ListItem\",\"position\":6,\"name\":\"Foyer \u00e9lectrique encastrable Amantii TRD\"}]},{\"@type\":\"WebSite\",\"@id\":\"https:\/\/www.belleflamme.ca\/fr\/#website\",\"url\":\"https:\/\/www.belleflamme.ca\/fr\/\",\"name\":\"Groupe Belleflamme\",\"description\":\"La m\u00e9canique du b\u00e2timent dans le sang.\",\"publisher\":{\"@id\":\"https:\/\/www.belleflamme.ca\/fr\/#organization\"},\"potentialAction\":[{\"@type\":\"SearchAction\",\"target\":{\"@type\":\"EntryPoint\",\"urlTemplate\":\"https:\/\/www.belleflamme.ca\/fr\/?s={search_term_string}\"},\"query-input\":{\"@type\":\"PropertyValueSpecification\",\"valueRequired\":true,\"valueName\":\"search_term_string\"}}],\"inLanguage\":\"fr-FR\"},{\"@type\":[\"Organization\",\"Place\"],\"@id\":\"https:\/\/www.belleflamme.ca\/fr\/#organization\",\"name\":\"Groupe Belleflamme\",\"alternateName\":\"Belleflamme\",\"url\":\"https:\/\/www.belleflamme.ca\/fr\/\",\"logo\":{\"@type\":\"ImageObject\",\"inLanguage\":\"fr-FR\",\"@id\":\"https:\/\/www.belleflamme.ca\/fr\/#\/schema\/logo\/image\/\",\"url\":\"https:\/\/staging.belleflamme.ca\/wp-content\/uploads\/2023\/01\/og-image.jpg\",\"contentUrl\":\"https:\/\/staging.belleflamme.ca\/wp-content\/uploads\/2023\/01\/og-image.jpg\",\"width\":1200,\"height\":630,\"caption\":\"Groupe Belleflamme\"},\"image\":{\"@id\":\"https:\/\/www.belleflamme.ca\/fr\/#\/schema\/logo\/image\/\"},\"sameAs\":[\"https:\/\/www.facebook.com\/belleflamme.ca\/\",\"https:\/\/www.linkedin.com\/company\/belleflamme\/\",\"https:\/\/www.pinterest.ca\/groupebelleflamme\/\",\"https:\/\/www.instagram.com\/legroupebelleflamme\/\"],\"mainEntityOfPage\":{\"@id\":\"https:\/\/staging.belleflamme.ca\/fr\/produit\/foyer-electrique-amantii-trd\/\"}}]}<\/script>\n<meta property=\"product:brand\" content=\"Amantii\" \/>\n<meta property=\"og:availability\" content=\"instock\" \/>\n<meta property=\"product:availability\" content=\"instock\" \/>\n<meta property=\"product:retailer_item_id\" content=\"TRD\" \/>\n<meta property=\"product:condition\" content=\"new\" \/>\n<!-- \/ Yoast SEO Premium plugin. -->","yoast_head_json":{"title":"Foyer \u00e9lectrique encastrable Amantii TRD - Groupe BelleFlamme","description":"Foyer \u00e9lectrique encastrable Amantii TRD vendu et install\u00e9 par le Groupe Belleflamme. Laval, Montr\u00e9al, Gatineau, Drummondville et Saint-Sauveur.","robots":{"index":"index","follow":"follow","max-snippet":"max-snippet:-1","max-image-preview":"max-image-preview:large","max-video-preview":"max-video-preview:-1"},"canonical":"https:\/\/staging.belleflamme.ca\/fr\/produit\/foyer-electrique-amantii-trd\/","og_locale":"fr_FR","og_type":"article","og_title":"Foyer \u00e9lectrique encastrable Amantii TRD","og_description":"Foyer \u00e9lectrique encastrable Amantii TRD vendu et install\u00e9 par le Groupe Belleflamme. Laval, Montr\u00e9al, Gatineau, Drummondville et Saint-Sauveur.","og_url":"https:\/\/staging.belleflamme.ca\/fr\/produit\/foyer-electrique-amantii-trd\/","og_site_name":"Groupe BelleFlamme","article_publisher":"https:\/\/www.facebook.com\/belleflamme.ca\/","article_modified_time":"2024-09-20T15:54:09+00:00","og_image":[{"width":2177,"height":1393,"url":"https:\/\/www.belleflamme.ca\/wp-content\/uploads\/2023\/11\/TRD-orange-oak.webp","type":"image\/webp"}],"twitter_card":"summary_large_image","twitter_misc":{"Disponibilit\u00e9":"En stock"},"schema":{"@context":"https:\/\/schema.org","@graph":[{"@type":["WebPage","ItemPage"],"@id":"https:\/\/staging.belleflamme.ca\/fr\/produit\/foyer-electrique-amantii-trd\/","url":"https:\/\/staging.belleflamme.ca\/fr\/produit\/foyer-electrique-amantii-trd\/","name":"Foyer \u00e9lectrique encastrable Amantii TRD - Groupe BelleFlamme","isPartOf":{"@id":"https:\/\/www.belleflamme.ca\/fr\/#website"},"primaryImageOfPage":{"@id":"https:\/\/staging.belleflamme.ca\/fr\/produit\/foyer-electrique-amantii-trd\/#primaryimage"},"image":{"@id":"https:\/\/staging.belleflamme.ca\/fr\/produit\/foyer-electrique-amantii-trd\/#primaryimage"},"thumbnailUrl":"https:\/\/staging.belleflamme.ca\/wp-content\/uploads\/2023\/11\/TRD-orange-oak.webp","datePublished":"2023-11-08T16:29:05+00:00","dateModified":"2024-09-20T15:54:09+00:00","description":"Foyer \u00e9lectrique encastrable Amantii TRD [get_meta_en_fr]","breadcrumb":{"@id":"https:\/\/staging.belleflamme.ca\/fr\/produit\/foyer-electrique-amantii-trd\/#breadcrumb"},"inLanguage":"fr-FR","potentialAction":[{"@type":"ReadAction","target":["https:\/\/staging.belleflamme.ca\/fr\/produit\/foyer-electrique-amantii-trd\/"]}]},{"@type":"ImageObject","inLanguage":"fr-FR","@id":"https:\/\/staging.belleflamme.ca\/fr\/produit\/foyer-electrique-amantii-trd\/#primaryimage","url":"https:\/\/staging.belleflamme.ca\/wp-content\/uploads\/2023\/11\/TRD-orange-oak.webp","contentUrl":"https:\/\/staging.belleflamme.ca\/wp-content\/uploads\/2023\/11\/TRD-orange-oak.webp","width":2177,"height":1393,"caption":"Foyer \u00e9lectrique Amantii TRD"},{"@type":"BreadcrumbList","@id":"https:\/\/staging.belleflamme.ca\/fr\/produit\/foyer-electrique-amantii-trd\/#breadcrumb","itemListElement":[{"@type":"ListItem","position":1,"name":"Accueil","item":"https:\/\/www.belleflamme.ca\/fr\/"},{"@type":"ListItem","position":2,"name":"Boutique","item":"https:\/\/www.belleflamme.ca\/fr\/boutique\/"},{"@type":"ListItem","position":3,"name":"Po\u00eales &amp; Foyers","item":"https:\/\/staging.belleflamme.ca\/fr\/categories\/poeles-et-foyers\/"},{"@type":"ListItem","position":4,"name":"Po\u00eale &amp; Foyer \u00c9lectrique","item":"https:\/\/staging.belleflamme.ca\/fr\/categories\/poeles-et-foyers\/poele-foyer-electrique\/"},{"@type":"ListItem","position":5,"name":"Encastrables \u00c9lectriques","item":"https:\/\/staging.belleflamme.ca\/fr\/categories\/poeles-et-foyers\/poele-foyer-electrique\/encastrables-electriques\/"},{"@type":"ListItem","position":6,"name":"Foyer \u00e9lectrique encastrable Amantii TRD"}]},{"@type":"WebSite","@id":"https:\/\/www.belleflamme.ca\/fr\/#website","url":"https:\/\/www.belleflamme.ca\/fr\/","name":"Groupe Belleflamme","description":"La m\u00e9canique du b\u00e2timent dans le sang.","publisher":{"@id":"https:\/\/www.belleflamme.ca\/fr\/#organization"},"potentialAction":[{"@type":"SearchAction","target":{"@type":"EntryPoint","urlTemplate":"https:\/\/www.belleflamme.ca\/fr\/?s={search_term_string}"},"query-input":{"@type":"PropertyValueSpecification","valueRequired":true,"valueName":"search_term_string"}}],"inLanguage":"fr-FR"},{"@type":["Organization","Place"],"@id":"https:\/\/www.belleflamme.ca\/fr\/#organization","name":"Groupe Belleflamme","alternateName":"Belleflamme","url":"https:\/\/www.belleflamme.ca\/fr\/","logo":{"@type":"ImageObject","inLanguage":"fr-FR","@id":"https:\/\/www.belleflamme.ca\/fr\/#\/schema\/logo\/image\/","url":"https:\/\/staging.belleflamme.ca\/wp-content\/uploads\/2023\/01\/og-image.jpg","contentUrl":"https:\/\/staging.belleflamme.ca\/wp-content\/uploads\/2023\/01\/og-image.jpg","width":1200,"height":630,"caption":"Groupe Belleflamme"},"image":{"@id":"https:\/\/www.belleflamme.ca\/fr\/#\/schema\/logo\/image\/"},"sameAs":["https:\/\/www.facebook.com\/belleflamme.ca\/","https:\/\/www.linkedin.com\/company\/belleflamme\/","https:\/\/www.pinterest.ca\/groupebelleflamme\/","https:\/\/www.instagram.com\/legroupebelleflamme\/"],"mainEntityOfPage":{"@id":"https:\/\/staging.belleflamme.ca\/fr\/produit\/foyer-electrique-amantii-trd\/"}}]},"product_brand":"Amantii","og_availability":"instock","product_availability":"instock","product_retailer_item_id":"TRD","product_condition":"new"},"_links":{"self":[{"href":"https:\/\/staging.belleflamme.ca\/fr\/wp-json\/wp\/v2\/product\/20777","targetHints":{"allow":["GET"]}}],"collection":[{"href":"https:\/\/staging.belleflamme.ca\/fr\/wp-json\/wp\/v2\/product"}],"about":[{"href":"https:\/\/staging.belleflamme.ca\/fr\/wp-json\/wp\/v2\/types\/product"}],"version-history":[{"count":11,"href":"https:\/\/staging.belleflamme.ca\/fr\/wp-json\/wp\/v2\/product\/20777\/revisions"}],"predecessor-version":[{"id":43141,"href":"https:\/\/staging.belleflamme.ca\/fr\/wp-json\/wp\/v2\/product\/20777\/revisions\/43141"}],"wp:featuredmedia":[{"embeddable":true,"href":"https:\/\/staging.belleflamme.ca\/fr\/wp-json\/wp\/v2\/media\/20778"}],"wp:attachment":[{"href":"https:\/\/staging.belleflamme.ca\/fr\/wp-json\/wp\/v2\/media?parent=20777"}],"wp:term":[{"taxonomy":"product_brand","embeddable":true,"href":"https:\/\/staging.belleflamme.ca\/fr\/wp-json\/wp\/v2\/product_brand?post=20777"},{"taxonomy":"product_cat","embeddable":true,"href":"https:\/\/staging.belleflamme.ca\/fr\/wp-json\/wp\/v2\/product_cat?post=20777"},{"taxonomy":"product_tag","embeddable":true,"href":"https:\/\/staging.belleflamme.ca\/fr\/wp-json\/wp\/v2\/product_tag?post=20777"}],"curies":[{"name":"wp","href":"https:\/\/api.w.org\/{rel}","templated":true}]}}