{"id":20702,"date":"2023-11-08T10:29:10","date_gmt":"2023-11-08T15:29:10","guid":{"rendered":"https:\/\/www.belleflamme.ca\/?post_type=product&#038;p=20702"},"modified":"2024-09-20T11:26:01","modified_gmt":"2024-09-20T15:26:01","slug":"foyer-electrique-bespoke-amantii-symmetry","status":"publish","type":"product","link":"https:\/\/staging.belleflamme.ca\/fr\/produit\/foyer-electrique-bespoke-amantii-symmetry\/","title":{"rendered":"Foyer \u00e9lectrique Bespoke Amantii Symmetry"},"content":{"rendered":"\t\t<div data-elementor-type=\"product-post\" data-elementor-id=\"20702\" class=\"elementor elementor-20702\" data-elementor-post-type=\"product\">\n\t\t\t\t\t\t<section class=\"elementor-section elementor-top-section elementor-element elementor-element-52318fad elementor-section-boxed elementor-section-height-default elementor-section-height-default\" data-id=\"52318fad\" data-element_type=\"section\">\n\t\t\t\t\t\t<div class=\"elementor-container elementor-column-gap-default\">\n\t\t\t\t\t<div class=\"elementor-column elementor-col-100 elementor-top-column elementor-element elementor-element-7ae7af9b\" data-id=\"7ae7af9b\" data-element_type=\"column\">\n\t\t\t<div class=\"elementor-widget-wrap elementor-element-populated\">\n\t\t\t\t\t\t<div class=\"elementor-element elementor-element-45d4253 elementor-widget elementor-widget-text-editor\" data-id=\"45d4253\" data-element_type=\"widget\" data-widget_type=\"text-editor.default\">\n\t\t\t\t<div class=\"elementor-widget-container\">\n\t\t\t\t\t\t\t\t\t<iframe width=\"560\" height=\"315\" src=\"https:\/\/www.youtube.com\/embed\/MTWdK4nR7qw?si=TLEmAXbUTvmdIk52\" title=\"YouTube video player\" frameborder=\"0\" allow=\"accelerometer; autoplay; clipboard-write; encrypted-media; gyroscope; picture-in-picture; web-share\" allowfullscreen><\/iframe>\n\n&nbsp;\n\n<strong>\nTailles : Sym sur mesure 50\u2033, Sym sur mesure 60\u2033, Sym sur mesure 74\u2033<\/strong>\n<ul>\n \t<li><strong>NOUVEAU CONCEPT<\/strong>\u00a0\u2013 alliant flamme, qualit\u00e9 et son.\u00a0Une chemin\u00e9e sonore !<\/li>\n \t<li><strong>Haut-parleur et son<\/strong>\u00a0\u00a0\u2013 un son de qualit\u00e9 d\u00e9livrant un son de feu cr\u00e9pitant.\u00a0\u00c9chantillonn\u00e9 \u00e0 partir de vrais incendies.<\/li>\n \t<li><strong>T\u00e9l\u00e9commande intuitive<\/strong>\u00a0(incluse) \u2013 T\u00e9l\u00e9commande intuitive color\u00e9e pour r\u00e9gler les flammes, la temp\u00e9rature ou la minuterie.\u00a0T\u00e9l\u00e9commande thermostatique brevet\u00e9e.\u00a0Peut \u00eatre r\u00e9gl\u00e9, ajust\u00e9 et programm\u00e9 pour que votre foyer s&#8217;allume quand vous le souhaitez et \u00e0 la temp\u00e9rature que vous souhaitez.<\/li>\n \t<li><strong>Application WiFi\u00a0<\/strong>\u00a0\u2013 Pour un contr\u00f4le complet depuis n\u2019importe quelle pi\u00e8ce.\u00a0R\u00e9glez le foyer pour qu&#8217;il s&#8217;allume avant d&#8217;arriver \u00e0 la maison ou faites-le s&#8217;allumer automatiquement lorsqu&#8217;il fait froid.\u00a0Les possibilit\u00e9s de personnalisation sont infinies.<\/li>\n \t<li><strong>Deux mod\u00e8les de flammes<\/strong>\u00a0\u2013 Flamme standard et r\u00e9aliste.\u00a0Ajustez facilement la hauteur et la vitesse de la flamme \u00e0 l\u2019aide de la t\u00e9l\u00e9commande intuitive.<\/li>\n \t<li><strong>Pr\u00e9sentation de la flamme<\/strong>\u00a0\u00a0\u2013 Pr\u00e9sentation de la flamme \u00e0 la pointe de la technologie\u00a0: Pr\u00e9sentation de la flamme \u00e0 la pointe de la technologie, vibrante et multicolore \u2013 passez du jaune \u00e0 l&#8217;orange au rouge d&#8217;un simple clic sur la t\u00e9l\u00e9commande.<\/li>\n \t<li>Minuterie automatique programmable \u2013 30 minutes \u00e0 8 heures.\u00a0Minuterie programmable sur 7 jours.<\/li>\n \t<li>Vitesse de flamme r\u00e9glable.\u00a0Luminosit\u00e9 de la flamme r\u00e9glable<\/li>\n \t<li>La t\u00e9l\u00e9commande thermostatique est incluse<\/li>\n \t<li>Garantie 5 ans<\/li>\n \t<li>Con\u00e7u avec chauffage frontal afin que l&#8217;unit\u00e9 puisse \u00eatre encastr\u00e9e ou semi-encastr\u00e9e.<\/li>\n \t<li>Un cadre mince dot\u00e9 d&#8217;une grande zone de visualisation avec de v\u00e9ritables flammes LED r\u00e9alistes qui ne peuvent \u00eatre rivalis\u00e9es<\/li>\n \t<li>Produit jusqu&#8217;\u00e0 1 465 W \/ 5 000 BTU de chaleur<\/li>\n \t<li>Les mod\u00e8les BESPOKE sont con\u00e7us pour une utilisation int\u00e9rieure ou ext\u00e9rieure<\/li>\n<\/ul>\n<h3>Foyer \u00e9lectrique Amantii Symmetry BESPOKE \u2013 Encastr\u00e9 avec b\u00fbches et verre et contour en acier noir<\/h3>\nLa chemin\u00e9e \u00e9lectrique Amantii SYM BESPOKE est plus qu&#8217;une simple chemin\u00e9e ordinaire de la s\u00e9rie sur mesure Amantii.\u00a0Il s&#8217;agit d&#8217;un foyer \u00e9lectrique bien con\u00e7u, unique car il combine une forme classique avec une interpr\u00e9tation moderne.\u00a0Certaines de ses caract\u00e9ristiques les plus uniques sont sa t\u00e9l\u00e9commande thermostatique intuitive et color\u00e9e qui met l&#8217;accent sur la technologie et la performance \u2013 elle est \u00e9galement incluse.\n\n<a href=\"https:\/\/amantii.com\/electric-fireplaces\/\">Le foyer \u00e9lectrique Amantii Symmetry BESPOKE est un foyer \u00e9lectrique<\/a>\u00a0encastr\u00e9 exceptionnel\u00a0qui apporte \u00e0 la fois style et fonctionnalit\u00e9 \u00e0 n&#8217;importe quel espace.\u00a0Son design fin et \u00e9l\u00e9gant ajoute une touche d&#8217;\u00e9l\u00e9gance moderne, ce qui en fait une pi\u00e8ce ma\u00eetresse parfaite pour votre pi\u00e8ce.\u00a0Ce foyer encastr\u00e9 offre non seulement une ambiance chaleureuse, mais propose \u00e9galement des options personnalisables selon vos pr\u00e9f\u00e9rences.\u00a0Avec une large gamme d&#8217;accessoires disponibles, vous pouvez personnaliser le foyer \u00e9lectrique Symmetry BESPOKE pour qu&#8217;il corresponde \u00e0 votre style et \u00e0 votre d\u00e9cor uniques.\u00a0Cr\u00e9ez le point focal ultime dans votre maison avec ce foyer \u00e9lectrique polyvalent et \u00e9poustouflant d&#8217;Amantii.\n\nL&#8217;application WiFi permet de contr\u00f4ler les fonctions du foyer, notamment le son, les minuteries programmables et le contr\u00f4le de la hauteur et de la vitesse de la flamme.\nUne construction sup\u00e9rieure garantit un foyer \u00e9lectrique durable avec une int\u00e9grit\u00e9 de conception en son c\u0153ur.\u00a0Symmetry Bespoke a \u00e9t\u00e9 con\u00e7u dans un souci d\u2019intelligence et de mobilit\u00e9.\n\nLes foyers SYM-BESPOKE sont con\u00e7us pour une utilisation int\u00e9rieure ou ext\u00e9rieure.\n<h3>Accessoires inclus<\/h3>\nLes foyers \u00e9lectriques de la s\u00e9rie SYM-BESPOKE sont livr\u00e9s avec votre choix d&#8217;un ensemble de b\u00fbches de bouleau de 10 pi\u00e8ces et d&#8217;un m\u00e9dia, Ice Media ou Ember en fibre de verre.\n\n<img fetchpriority=\"high\" decoding=\"async\" class=\"wp-image-38487 aligncenter\" src=\"https:\/\/amantii.com\/wp-content\/uploads\/2022\/11\/Media_SYM-Bespoke-Smart-scaled.jpg\" alt=\"\" width=\"588\" height=\"454\" \/>\n<h3>Options d&#8217;installation<\/h3>\n<ol>\n \t<li><strong>Enti\u00e8rement encastr\u00e9\/int\u00e9gr\u00e9 \u2013<\/strong>\u00a0Une garniture est requise pour l&#8217;installation int\u00e9gr\u00e9e, les unit\u00e9s sont livr\u00e9es avec un contour noir.\u00a0Le foyer \u00e9met de la chaleur par l&#8217;avant.\u00a0Aucune exigence de ventilation.<\/li>\n \t<li><strong>Montage mural \u2013<\/strong>\u00a0En raison des nombreux mat\u00e9riaux diff\u00e9rents utilis\u00e9s pour construire les murs, il est fortement recommand\u00e9 de consulter votre constructeur local avant d&#8217;installer le foyer sur un mur.<\/li>\n<\/ol>\n<div>\n<div class=\"table-1\"><strong>Pr\u00e9sentation Flamme<\/strong><\/div>\n<div>\n\nPr\u00e9sentation de flammes vibrantes et multicolores de pointe \u2013 passez du jaune \u00e0 l&#8217;orange en passant par le rouge d&#8217;un simple clic sur la t\u00e9l\u00e9commande.\u00a0Tout peut \u00eatre fait s\u00e9par\u00e9ment et m\u00e9lang\u00e9 pour cr\u00e9er de nombreuses combinaisons.\n\n<\/div>\n<div><img decoding=\"async\" class=\"size-full wp-image-23575 aligncenter\" src=\"https:\/\/amantii.com\/wp-content\/uploads\/2019\/09\/Amantii-Flame-Colors-Media-TRD-INSERT-BESPOKE.jpg\" sizes=\"(max-width: 600px) 100vw, 600px\" srcset=\"https:\/\/amantii.com\/wp-content\/uploads\/2019\/09\/Amantii-Flame-Colors-Media-TRD-INSERT-BESPOKE-200x74.jpg 200w, https:\/\/amantii.com\/wp-content\/uploads\/2019\/09\/Amantii-Flame-Colors-Media-TRD-INSERT-BESPOKE-300x112.jpg 300w, https:\/\/amantii.com\/wp-content\/uploads\/2019\/09\/Amantii-Flame-Colors-Media-TRD-INSERT-BESPOKE-400x149.jpg 400w, https:\/\/amantii.com\/wp-content\/uploads\/2019\/09\/Amantii-Flame-Colors-Media-TRD-INSERT-BESPOKE-500x186.jpg 500w, https:\/\/amantii.com\/wp-content\/uploads\/2019\/09\/Amantii-Flame-Colors-Media-TRD-INSERT-BESPOKE.jpg 600w\" alt=\"\" width=\"600\" height=\"223\" \/><\/div>\n<div><\/div>\n<div><strong>\u00c9clairage ambiant de l&#8217;auvent<\/strong><\/div>\n<div>L\u2019\u00e9clairage ambiant de la verri\u00e8re illumine les m\u00e9dias comme jamais auparavant.\u00a0Projetez une lueur color\u00e9e sur les supports d\u00e9coratifs fournis dans le plateau ci-dessous.\u00a0Parcourez un arc-en-ciel de 13 couleurs diff\u00e9rentes.\u00a0M\u00e9langez les couleurs des flammes avec un \u00e9clairage contrast\u00e9 pour une pr\u00e9sentation unique \u2013 les combinaisons sont illimit\u00e9es.<\/div>\n<\/div>\t\t\t\t\t\t\t\t<\/div>\n\t\t\t\t<\/div>\n\t\t\t\t\t<\/div>\n\t\t<\/div>\n\t\t\t\t\t<\/div>\n\t\t<\/section>\n\t\t\t\t<section class=\"elementor-section elementor-top-section elementor-element elementor-element-b98458f elementor-section-boxed elementor-section-height-default elementor-section-height-default\" data-id=\"b98458f\" data-element_type=\"section\">\n\t\t\t\t\t\t<div class=\"elementor-container elementor-column-gap-default\">\n\t\t\t\t\t<div class=\"elementor-column elementor-col-100 elementor-top-column elementor-element elementor-element-3e83788\" data-id=\"3e83788\" data-element_type=\"column\">\n\t\t\t<div class=\"elementor-widget-wrap elementor-element-populated\">\n\t\t\t\t\t\t<div class=\"elementor-element elementor-element-bf8b563 elementor-tabs-view-horizontal elementor-widget elementor-widget-tabs\" data-id=\"bf8b563\" data-element_type=\"widget\" data-widget_type=\"tabs.default\">\n\t\t\t\t<div class=\"elementor-widget-container\">\n\t\t\t\t\t\t\t<div class=\"elementor-tabs\">\n\t\t\t<div class=\"elementor-tabs-wrapper\" role=\"tablist\" >\n\t\t\t\t\t\t\t\t\t<div id=\"elementor-tab-title-2001\" class=\"elementor-tab-title elementor-tab-desktop-title\" aria-selected=\"true\" data-tab=\"1\" role=\"tab\" tabindex=\"0\" aria-controls=\"elementor-tab-content-2001\" aria-expanded=\"false\">Fichiers<\/div>\n\t\t\t\t\t\t\t<\/div>\n\t\t\t<div class=\"elementor-tabs-content-wrapper\" role=\"tablist\" aria-orientation=\"vertical\">\n\t\t\t\t\t\t\t\t\t<div class=\"elementor-tab-title elementor-tab-mobile-title\" aria-selected=\"true\" data-tab=\"1\" role=\"tab\" tabindex=\"0\" aria-controls=\"elementor-tab-content-2001\" aria-expanded=\"false\">Fichiers<\/div>\n\t\t\t\t\t<div id=\"elementor-tab-content-2001\" class=\"elementor-tab-content elementor-clearfix\" data-tab=\"1\" role=\"tabpanel\" aria-labelledby=\"elementor-tab-title-2001\" tabindex=\"0\" hidden=\"false\"><i class=\"far fa-file-pdf fa-xl\" style=\"font-size:35px\"><\/i><a href=\"https:\/\/www.belleflamme.ca\/wp-content\/uploads\/2023\/11\/Symmetry-Bespoke-Manual.pdf\"> Manuel<\/a><\/br>\n<i class=\"far fa-file-pdf fa-xl\" style=\"font-size:35px\"><\/i><a href=\"https:\/\/www.belleflamme.ca\/wp-content\/uploads\/2023\/11\/Symmetry_Bespoke_Brochure.pdf\"> Brochure<\/a><\/br>\n<i class=\"far fa-file-pdf fa-xl\" style=\"font-size:35px\"><\/i><a href=\"https:\/\/www.belleflamme.ca\/wp-content\/uploads\/2023\/11\/Outdoor-Installation-Rev-10.08.22-1.pdf\"> Installation Ext\u00e9rieur<\/a><\/br>\n<i class=\"far fa-file-pdf fa-xl\" style=\"font-size:35px\"><\/i><a href=\"https:\/\/www.belleflamme.ca\/wp-content\/uploads\/2023\/11\/SYM-Bespoke-Repair-Guide.pdf\"> Guide de r\u00e9paration<\/a><\/br>\n<i class=\"far fa-file-pdf fa-xl\" style=\"font-size:35px\"><\/i><a href=\"https:\/\/www.belleflamme.ca\/wp-content\/uploads\/2023\/11\/Bespoke-WIFI-instruction.pdf\"> Guide Wifi<\/a><\/br>\n<i class=\"far fa-file-pdf fa-xl\" style=\"font-size:35px\"><\/i><a href=\"https:\/\/www.belleflamme.ca\/wp-content\/uploads\/2023\/11\/How-to-pair-your-Bluetooth-speakers-2023.9.12.pdf\"> R\u00e9paration Bluetooth<\/a><\/br><\/div>\n\t\t\t\t\t\t\t<\/div>\n\t\t<\/div>\n\t\t\t\t\t\t<\/div>\n\t\t\t\t<\/div>\n\t\t\t\t\t<\/div>\n\t\t<\/div>\n\t\t\t\t\t<\/div>\n\t\t<\/section>\n\t\t\t\t<\/div>\n\t\t","protected":false},"excerpt":{"rendered":"<p>Tailles : Sym sur mesure 50\u2033, Sym sur mesure 60\u2033, Sym sur mesure 74\u2033 NOUVEAU CONCEPT\u00a0\u2013 alliant flamme, qualit\u00e9 et son.\u00a0Une chemin\u00e9e sonore ! Haut-parleur et son\u00a0\u00a0\u2013 un son de qualit\u00e9 d\u00e9livrant un son de feu cr\u00e9pitant.\u00a0\u00c9chantillonn\u00e9 \u00e0 partir de vrais incendies. T\u00e9l\u00e9commande intuitive\u00a0(incluse) \u2013 T\u00e9l\u00e9commande intuitive color\u00e9e pour r\u00e9gler les flammes, la temp\u00e9rature ou [&hellip;]<\/p>\n","protected":false},"featured_media":20704,"template":"","meta":{"inline_featured_image":false},"product_brand":[231],"product_cat":[240,241,33],"product_tag":[],"class_list":{"0":"post-20702","1":"product","2":"type-product","3":"status-publish","4":"has-post-thumbnail","6":"product_brand-amantii","7":"product_cat-foyer-electrique","8":"product_cat-poele-foyer-electrique","9":"product_cat-poeles-et-foyers","11":"first","12":"instock","13":"taxable","14":"shipping-taxable","15":"purchasable","16":"product-type-variable"},"yoast_head":"<!-- This site is optimized with the Yoast SEO Premium plugin v24.2 (Yoast SEO v24.2) - https:\/\/yoast.com\/wordpress\/plugins\/seo\/ -->\n<title>Foyer \u00e9lectrique Bespoke Amantii Symmetry - Groupe BelleFlamme<\/title>\n<meta name=\"description\" content=\"Foyer \u00e9lectrique Bespoke Amantii Symmetry vendu et install\u00e9 par le Groupe Belleflamme. Laval, Montr\u00e9al, Gatineau, Drummondville et Saint-Sauveur.\" \/>\n<meta name=\"robots\" content=\"index, follow, max-snippet:-1, max-image-preview:large, max-video-preview:-1\" \/>\n<link rel=\"canonical\" href=\"https:\/\/staging.belleflamme.ca\/fr\/produit\/foyer-electrique-bespoke-amantii-symmetry\/\" \/>\n<meta property=\"og:locale\" content=\"fr_FR\" \/>\n<meta property=\"og:type\" content=\"article\" \/>\n<meta property=\"og:title\" content=\"Foyer \u00e9lectrique Bespoke Amantii Symmetry\" \/>\n<meta property=\"og:description\" content=\"Foyer \u00e9lectrique Bespoke Amantii Symmetry vendu et install\u00e9 par le Groupe Belleflamme. Laval, Montr\u00e9al, Gatineau, Drummondville et Saint-Sauveur.\" \/>\n<meta property=\"og:url\" content=\"https:\/\/staging.belleflamme.ca\/fr\/produit\/foyer-electrique-bespoke-amantii-symmetry\/\" \/>\n<meta property=\"og:site_name\" content=\"Groupe BelleFlamme\" \/>\n<meta property=\"article:publisher\" content=\"https:\/\/www.facebook.com\/belleflamme.ca\/\" \/>\n<meta property=\"article:modified_time\" content=\"2024-09-20T15:26:01+00:00\" \/>\n<meta property=\"og:image\" content=\"https:\/\/www.belleflamme.ca\/wp-content\/uploads\/2023\/11\/sym-bespoke-60-glass-nuggets.webp\" \/>\n\t<meta property=\"og:image:width\" content=\"1509\" \/>\n\t<meta property=\"og:image:height\" content=\"2009\" \/>\n\t<meta property=\"og:image:type\" content=\"image\/webp\" \/>\n<meta name=\"twitter:card\" content=\"summary_large_image\" \/>\n<meta name=\"twitter:label1\" content=\"Disponibilit\u00e9\" \/>\n\t<meta name=\"twitter:data1\" content=\"En stock\" \/>\n<script type=\"application\/ld+json\" class=\"yoast-schema-graph\">{\"@context\":\"https:\/\/schema.org\",\"@graph\":[{\"@type\":[\"WebPage\",\"ItemPage\"],\"@id\":\"https:\/\/staging.belleflamme.ca\/fr\/produit\/foyer-electrique-bespoke-amantii-symmetry\/\",\"url\":\"https:\/\/staging.belleflamme.ca\/fr\/produit\/foyer-electrique-bespoke-amantii-symmetry\/\",\"name\":\"Foyer \u00e9lectrique Bespoke Amantii Symmetry - Groupe BelleFlamme\",\"isPartOf\":{\"@id\":\"https:\/\/www.belleflamme.ca\/fr\/#website\"},\"primaryImageOfPage\":{\"@id\":\"https:\/\/staging.belleflamme.ca\/fr\/produit\/foyer-electrique-bespoke-amantii-symmetry\/#primaryimage\"},\"image\":{\"@id\":\"https:\/\/staging.belleflamme.ca\/fr\/produit\/foyer-electrique-bespoke-amantii-symmetry\/#primaryimage\"},\"thumbnailUrl\":\"https:\/\/staging.belleflamme.ca\/wp-content\/uploads\/2023\/11\/sym-bespoke-60-glass-nuggets.webp\",\"datePublished\":\"2023-11-08T15:29:10+00:00\",\"dateModified\":\"2024-09-20T15:26:01+00:00\",\"description\":\"Foyer \u00e9lectrique Bespoke Amantii Symmetry [get_meta_en_fr]\",\"breadcrumb\":{\"@id\":\"https:\/\/staging.belleflamme.ca\/fr\/produit\/foyer-electrique-bespoke-amantii-symmetry\/#breadcrumb\"},\"inLanguage\":\"fr-FR\",\"potentialAction\":[{\"@type\":\"ReadAction\",\"target\":[\"https:\/\/staging.belleflamme.ca\/fr\/produit\/foyer-electrique-bespoke-amantii-symmetry\/\"]}]},{\"@type\":\"ImageObject\",\"inLanguage\":\"fr-FR\",\"@id\":\"https:\/\/staging.belleflamme.ca\/fr\/produit\/foyer-electrique-bespoke-amantii-symmetry\/#primaryimage\",\"url\":\"https:\/\/staging.belleflamme.ca\/wp-content\/uploads\/2023\/11\/sym-bespoke-60-glass-nuggets.webp\",\"contentUrl\":\"https:\/\/staging.belleflamme.ca\/wp-content\/uploads\/2023\/11\/sym-bespoke-60-glass-nuggets.webp\",\"width\":1509,\"height\":2009,\"caption\":\"Foyer \u00e9lectrique Bespoke symmetry amantii\"},{\"@type\":\"BreadcrumbList\",\"@id\":\"https:\/\/staging.belleflamme.ca\/fr\/produit\/foyer-electrique-bespoke-amantii-symmetry\/#breadcrumb\",\"itemListElement\":[{\"@type\":\"ListItem\",\"position\":1,\"name\":\"Accueil\",\"item\":\"https:\/\/www.belleflamme.ca\/fr\/\"},{\"@type\":\"ListItem\",\"position\":2,\"name\":\"Boutique\",\"item\":\"https:\/\/www.belleflamme.ca\/fr\/boutique\/\"},{\"@type\":\"ListItem\",\"position\":3,\"name\":\"Po\u00eales &amp; Foyers\",\"item\":\"https:\/\/staging.belleflamme.ca\/fr\/categories\/poeles-et-foyers\/\"},{\"@type\":\"ListItem\",\"position\":4,\"name\":\"Po\u00eale &amp; Foyer \u00c9lectrique\",\"item\":\"https:\/\/staging.belleflamme.ca\/fr\/categories\/poeles-et-foyers\/poele-foyer-electrique\/\"},{\"@type\":\"ListItem\",\"position\":5,\"name\":\"Foyer \u00c9lectrique\",\"item\":\"https:\/\/staging.belleflamme.ca\/fr\/categories\/poeles-et-foyers\/poele-foyer-electrique\/foyer-electrique\/\"},{\"@type\":\"ListItem\",\"position\":6,\"name\":\"Foyer \u00e9lectrique Bespoke Amantii Symmetry\"}]},{\"@type\":\"WebSite\",\"@id\":\"https:\/\/www.belleflamme.ca\/fr\/#website\",\"url\":\"https:\/\/www.belleflamme.ca\/fr\/\",\"name\":\"Groupe Belleflamme\",\"description\":\"La m\u00e9canique du b\u00e2timent dans le sang.\",\"publisher\":{\"@id\":\"https:\/\/www.belleflamme.ca\/fr\/#organization\"},\"potentialAction\":[{\"@type\":\"SearchAction\",\"target\":{\"@type\":\"EntryPoint\",\"urlTemplate\":\"https:\/\/www.belleflamme.ca\/fr\/?s={search_term_string}\"},\"query-input\":{\"@type\":\"PropertyValueSpecification\",\"valueRequired\":true,\"valueName\":\"search_term_string\"}}],\"inLanguage\":\"fr-FR\"},{\"@type\":[\"Organization\",\"Place\"],\"@id\":\"https:\/\/www.belleflamme.ca\/fr\/#organization\",\"name\":\"Groupe Belleflamme\",\"alternateName\":\"Belleflamme\",\"url\":\"https:\/\/www.belleflamme.ca\/fr\/\",\"logo\":{\"@type\":\"ImageObject\",\"inLanguage\":\"fr-FR\",\"@id\":\"https:\/\/www.belleflamme.ca\/fr\/#\/schema\/logo\/image\/\",\"url\":\"https:\/\/staging.belleflamme.ca\/wp-content\/uploads\/2023\/01\/og-image.jpg\",\"contentUrl\":\"https:\/\/staging.belleflamme.ca\/wp-content\/uploads\/2023\/01\/og-image.jpg\",\"width\":1200,\"height\":630,\"caption\":\"Groupe Belleflamme\"},\"image\":{\"@id\":\"https:\/\/www.belleflamme.ca\/fr\/#\/schema\/logo\/image\/\"},\"sameAs\":[\"https:\/\/www.facebook.com\/belleflamme.ca\/\",\"https:\/\/www.linkedin.com\/company\/belleflamme\/\",\"https:\/\/www.pinterest.ca\/groupebelleflamme\/\",\"https:\/\/www.instagram.com\/legroupebelleflamme\/\"],\"mainEntityOfPage\":{\"@id\":\"https:\/\/staging.belleflamme.ca\/fr\/produit\/foyer-electrique-bespoke-amantii-symmetry\/\"}}]}<\/script>\n<meta property=\"product:brand\" content=\"Amantii\" \/>\n<meta property=\"og:availability\" content=\"instock\" \/>\n<meta property=\"product:availability\" content=\"instock\" \/>\n<meta property=\"product:retailer_item_id\" content=\"SYM-BESPOKE\" \/>\n<meta property=\"product:condition\" content=\"new\" \/>\n<!-- \/ Yoast SEO Premium plugin. -->","yoast_head_json":{"title":"Foyer \u00e9lectrique Bespoke Amantii Symmetry - Groupe BelleFlamme","description":"Foyer \u00e9lectrique Bespoke Amantii Symmetry vendu et install\u00e9 par le Groupe Belleflamme. Laval, Montr\u00e9al, Gatineau, Drummondville et Saint-Sauveur.","robots":{"index":"index","follow":"follow","max-snippet":"max-snippet:-1","max-image-preview":"max-image-preview:large","max-video-preview":"max-video-preview:-1"},"canonical":"https:\/\/staging.belleflamme.ca\/fr\/produit\/foyer-electrique-bespoke-amantii-symmetry\/","og_locale":"fr_FR","og_type":"article","og_title":"Foyer \u00e9lectrique Bespoke Amantii Symmetry","og_description":"Foyer \u00e9lectrique Bespoke Amantii Symmetry vendu et install\u00e9 par le Groupe Belleflamme. Laval, Montr\u00e9al, Gatineau, Drummondville et Saint-Sauveur.","og_url":"https:\/\/staging.belleflamme.ca\/fr\/produit\/foyer-electrique-bespoke-amantii-symmetry\/","og_site_name":"Groupe BelleFlamme","article_publisher":"https:\/\/www.facebook.com\/belleflamme.ca\/","article_modified_time":"2024-09-20T15:26:01+00:00","og_image":[{"width":1509,"height":2009,"url":"https:\/\/www.belleflamme.ca\/wp-content\/uploads\/2023\/11\/sym-bespoke-60-glass-nuggets.webp","type":"image\/webp"}],"twitter_card":"summary_large_image","twitter_misc":{"Disponibilit\u00e9":"En stock"},"schema":{"@context":"https:\/\/schema.org","@graph":[{"@type":["WebPage","ItemPage"],"@id":"https:\/\/staging.belleflamme.ca\/fr\/produit\/foyer-electrique-bespoke-amantii-symmetry\/","url":"https:\/\/staging.belleflamme.ca\/fr\/produit\/foyer-electrique-bespoke-amantii-symmetry\/","name":"Foyer \u00e9lectrique Bespoke Amantii Symmetry - Groupe BelleFlamme","isPartOf":{"@id":"https:\/\/www.belleflamme.ca\/fr\/#website"},"primaryImageOfPage":{"@id":"https:\/\/staging.belleflamme.ca\/fr\/produit\/foyer-electrique-bespoke-amantii-symmetry\/#primaryimage"},"image":{"@id":"https:\/\/staging.belleflamme.ca\/fr\/produit\/foyer-electrique-bespoke-amantii-symmetry\/#primaryimage"},"thumbnailUrl":"https:\/\/staging.belleflamme.ca\/wp-content\/uploads\/2023\/11\/sym-bespoke-60-glass-nuggets.webp","datePublished":"2023-11-08T15:29:10+00:00","dateModified":"2024-09-20T15:26:01+00:00","description":"Foyer \u00e9lectrique Bespoke Amantii Symmetry [get_meta_en_fr]","breadcrumb":{"@id":"https:\/\/staging.belleflamme.ca\/fr\/produit\/foyer-electrique-bespoke-amantii-symmetry\/#breadcrumb"},"inLanguage":"fr-FR","potentialAction":[{"@type":"ReadAction","target":["https:\/\/staging.belleflamme.ca\/fr\/produit\/foyer-electrique-bespoke-amantii-symmetry\/"]}]},{"@type":"ImageObject","inLanguage":"fr-FR","@id":"https:\/\/staging.belleflamme.ca\/fr\/produit\/foyer-electrique-bespoke-amantii-symmetry\/#primaryimage","url":"https:\/\/staging.belleflamme.ca\/wp-content\/uploads\/2023\/11\/sym-bespoke-60-glass-nuggets.webp","contentUrl":"https:\/\/staging.belleflamme.ca\/wp-content\/uploads\/2023\/11\/sym-bespoke-60-glass-nuggets.webp","width":1509,"height":2009,"caption":"Foyer \u00e9lectrique Bespoke symmetry amantii"},{"@type":"BreadcrumbList","@id":"https:\/\/staging.belleflamme.ca\/fr\/produit\/foyer-electrique-bespoke-amantii-symmetry\/#breadcrumb","itemListElement":[{"@type":"ListItem","position":1,"name":"Accueil","item":"https:\/\/www.belleflamme.ca\/fr\/"},{"@type":"ListItem","position":2,"name":"Boutique","item":"https:\/\/www.belleflamme.ca\/fr\/boutique\/"},{"@type":"ListItem","position":3,"name":"Po\u00eales &amp; Foyers","item":"https:\/\/staging.belleflamme.ca\/fr\/categories\/poeles-et-foyers\/"},{"@type":"ListItem","position":4,"name":"Po\u00eale &amp; Foyer \u00c9lectrique","item":"https:\/\/staging.belleflamme.ca\/fr\/categories\/poeles-et-foyers\/poele-foyer-electrique\/"},{"@type":"ListItem","position":5,"name":"Foyer \u00c9lectrique","item":"https:\/\/staging.belleflamme.ca\/fr\/categories\/poeles-et-foyers\/poele-foyer-electrique\/foyer-electrique\/"},{"@type":"ListItem","position":6,"name":"Foyer \u00e9lectrique Bespoke Amantii Symmetry"}]},{"@type":"WebSite","@id":"https:\/\/www.belleflamme.ca\/fr\/#website","url":"https:\/\/www.belleflamme.ca\/fr\/","name":"Groupe Belleflamme","description":"La m\u00e9canique du b\u00e2timent dans le sang.","publisher":{"@id":"https:\/\/www.belleflamme.ca\/fr\/#organization"},"potentialAction":[{"@type":"SearchAction","target":{"@type":"EntryPoint","urlTemplate":"https:\/\/www.belleflamme.ca\/fr\/?s={search_term_string}"},"query-input":{"@type":"PropertyValueSpecification","valueRequired":true,"valueName":"search_term_string"}}],"inLanguage":"fr-FR"},{"@type":["Organization","Place"],"@id":"https:\/\/www.belleflamme.ca\/fr\/#organization","name":"Groupe Belleflamme","alternateName":"Belleflamme","url":"https:\/\/www.belleflamme.ca\/fr\/","logo":{"@type":"ImageObject","inLanguage":"fr-FR","@id":"https:\/\/www.belleflamme.ca\/fr\/#\/schema\/logo\/image\/","url":"https:\/\/staging.belleflamme.ca\/wp-content\/uploads\/2023\/01\/og-image.jpg","contentUrl":"https:\/\/staging.belleflamme.ca\/wp-content\/uploads\/2023\/01\/og-image.jpg","width":1200,"height":630,"caption":"Groupe Belleflamme"},"image":{"@id":"https:\/\/www.belleflamme.ca\/fr\/#\/schema\/logo\/image\/"},"sameAs":["https:\/\/www.facebook.com\/belleflamme.ca\/","https:\/\/www.linkedin.com\/company\/belleflamme\/","https:\/\/www.pinterest.ca\/groupebelleflamme\/","https:\/\/www.instagram.com\/legroupebelleflamme\/"],"mainEntityOfPage":{"@id":"https:\/\/staging.belleflamme.ca\/fr\/produit\/foyer-electrique-bespoke-amantii-symmetry\/"}}]},"product_brand":"Amantii","og_availability":"instock","product_availability":"instock","product_retailer_item_id":"SYM-BESPOKE","product_condition":"new"},"_links":{"self":[{"href":"https:\/\/staging.belleflamme.ca\/fr\/wp-json\/wp\/v2\/product\/20702","targetHints":{"allow":["GET"]}}],"collection":[{"href":"https:\/\/staging.belleflamme.ca\/fr\/wp-json\/wp\/v2\/product"}],"about":[{"href":"https:\/\/staging.belleflamme.ca\/fr\/wp-json\/wp\/v2\/types\/product"}],"version-history":[{"count":12,"href":"https:\/\/staging.belleflamme.ca\/fr\/wp-json\/wp\/v2\/product\/20702\/revisions"}],"predecessor-version":[{"id":43126,"href":"https:\/\/staging.belleflamme.ca\/fr\/wp-json\/wp\/v2\/product\/20702\/revisions\/43126"}],"wp:featuredmedia":[{"embeddable":true,"href":"https:\/\/staging.belleflamme.ca\/fr\/wp-json\/wp\/v2\/media\/20704"}],"wp:attachment":[{"href":"https:\/\/staging.belleflamme.ca\/fr\/wp-json\/wp\/v2\/media?parent=20702"}],"wp:term":[{"taxonomy":"product_brand","embeddable":true,"href":"https:\/\/staging.belleflamme.ca\/fr\/wp-json\/wp\/v2\/product_brand?post=20702"},{"taxonomy":"product_cat","embeddable":true,"href":"https:\/\/staging.belleflamme.ca\/fr\/wp-json\/wp\/v2\/product_cat?post=20702"},{"taxonomy":"product_tag","embeddable":true,"href":"https:\/\/staging.belleflamme.ca\/fr\/wp-json\/wp\/v2\/product_tag?post=20702"}],"curies":[{"name":"wp","href":"https:\/\/api.w.org\/{rel}","templated":true}]}}