{"id":20634,"date":"2023-11-08T09:36:04","date_gmt":"2023-11-08T14:36:04","guid":{"rendered":"https:\/\/www.belleflamme.ca\/?post_type=product&#038;p=20634"},"modified":"2024-09-20T12:21:54","modified_gmt":"2024-09-20T16:21:54","slug":"foyer-electrique-intelligent-amantii-symmetry-xtra-slim","status":"publish","type":"product","link":"https:\/\/staging.belleflamme.ca\/fr\/produit\/foyer-electrique-intelligent-amantii-symmetry-xtra-slim\/","title":{"rendered":"Foyer \u00e9lectrique intelligent Amantii Symmetry Xtra Slim"},"content":{"rendered":"\t\t<div data-elementor-type=\"product-post\" data-elementor-id=\"20634\" class=\"elementor elementor-20634\" data-elementor-post-type=\"product\">\n\t\t\t\t\t\t<section class=\"elementor-section elementor-top-section elementor-element elementor-element-20792a07 elementor-section-boxed elementor-section-height-default elementor-section-height-default\" data-id=\"20792a07\" data-element_type=\"section\">\n\t\t\t\t\t\t<div class=\"elementor-container elementor-column-gap-default\">\n\t\t\t\t\t<div class=\"elementor-column elementor-col-100 elementor-top-column elementor-element elementor-element-6a258800\" data-id=\"6a258800\" data-element_type=\"column\">\n\t\t\t<div class=\"elementor-widget-wrap elementor-element-populated\">\n\t\t\t\t\t\t<div class=\"elementor-element elementor-element-78872022 elementor-widget elementor-widget-text-editor\" data-id=\"78872022\" data-element_type=\"widget\" data-widget_type=\"text-editor.default\">\n\t\t\t\t<div class=\"elementor-widget-container\">\n\t\t\t\t\t\t\t\t\t<strong><span>Tailles : Sym XtraSlim 42\u2033, Sym XtraSlim 50\u2033, Sym XtraSlim 60\u2033\u00a0<\/span><\/strong><span dir=\"ltr\" role=\"presentation\"><span>\u2022\u00a0<\/span><\/span><span dir=\"ltr\" role=\"presentation\"><span>Compatible WiFi pour connecter et contr\u00f4ler le foyer depuis votre\u00a0<\/span><\/span><span dir=\"ltr\" role=\"presentation\"><span>smartphone avec l&#8217;utilisation de notre application.\u00a0Disponible sur le Google\u00a0<\/span><\/span><span dir=\"ltr\" role=\"presentation\"><span>Play Store et l&#8217;Apple App Store<\/span><\/span><br role=\"presentation\" \/><span dir=\"ltr\" role=\"presentation\"><span>\u2022\u00a0<\/span><\/span><span dir=\"ltr\" role=\"presentation\"><span>Minuterie et thermostat programmables vous permettant de d\u00e9cider de la\u00a0<\/span><\/span><span dir=\"ltr\" role=\"presentation\"><span>temp\u00e9rature de la pi\u00e8ce.\u00a0R\u00e9glez le foyer pour qu&#8217;il s&#8217;allume avant\u00a0<\/span><\/span><span dir=\"ltr\" role=\"presentation\"><span>d&#8217;arriver \u00e0 la maison ou allumez-le automatiquement lorsqu&#8217;il\u00a0<\/span><\/span><span dir=\"ltr\" role=\"presentation\"><span>fait froid.<\/span><\/span><br role=\"presentation\" \/><span dir=\"ltr\" role=\"presentation\"><span>\u2022\u00a0<\/span><\/span><span dir=\"ltr\" role=\"presentation\"><span>Contr\u00f4le intelligent de la temp\u00e9rature ambiante \u2013 59\u00b0F \u2013 82\u00b0F ou 15\u00b0C \u2013 28\u00b0<\/span><\/span><br role=\"presentation\" \/><span dir=\"ltr\" role=\"presentation\"><span>\u2022\u00a0<\/span><\/span><span dir=\"ltr\" role=\"presentation\"><span>1 465 W \u2013 5 000 BTU, chauffe jusqu&#8217;\u00e0 500 pieds carr\u00e9s.\u00a0Fort.<\/span><\/span><br role=\"presentation\" \/><span dir=\"ltr\" role=\"presentation\"><span>\u2022\u00a0<\/span><\/span><span dir=\"ltr\" role=\"presentation\"><span>Source de lumi\u00e8re LED d&#8217;une dur\u00e9e de vie de 50 000 heures<\/span><\/span><br role=\"presentation\" \/><span dir=\"ltr\" role=\"presentation\"><span>\u2022\u00a0<\/span><\/span><span dir=\"ltr\" role=\"presentation\"><span>Approuv\u00e9 pour les installations ext\u00e9rieures*<\/span><\/span><br role=\"presentation\" \/><span dir=\"ltr\" role=\"presentation\"><span>\u2022\u00a0<\/span><\/span><span dir=\"ltr\" role=\"presentation\"><span>Con\u00e7u avec un chauffage \u00e0 flux frontal et une ventilation cach\u00e9e afin que l&#8217;\u00a0<\/span><\/span><span dir=\"ltr\" role=\"presentation\"><span>unit\u00e9 puisse \u00eatre encastr\u00e9e ou semi-encastr\u00e9e<\/span><\/span><br role=\"presentation\" \/><span dir=\"ltr\" role=\"presentation\"><span>\u2022\u00a0<\/span><\/span><span dir=\"ltr\" role=\"presentation\"><span>Un kit de garniture transparent r\u00e9duit permet une grande zone de visualisation avec de v\u00e9ritables\u00a0<\/span><\/span><span dir=\"ltr\" role=\"presentation\"><span>flammes r\u00e9alistes qui ne peut pas \u00eatre \u00e9gal\u00e9.<\/span><\/span><br role=\"presentation\" \/><span dir=\"ltr\" role=\"presentation\"><span>\u2022\u00a0<\/span><\/span><span dir=\"ltr\" role=\"presentation\"><span>Luminosit\u00e9 et vitesse de la flamme r\u00e9glables qui peuvent \u00eatre allum\u00e9es\u00a0<\/span><\/span><span dir=\"ltr\" role=\"presentation\"><span>s\u00e9par\u00e9ment.<\/span><\/span><br role=\"presentation\" \/><span dir=\"ltr\" role=\"presentation\"><span>\u2022\u00a0<\/span><\/span><span dir=\"ltr\" role=\"presentation\"><span>Composants les plus silencieux et les plus fiables de l&#8217;industrie<\/span><\/span><br role=\"presentation\" \/><span dir=\"ltr\" role=\"presentation\"><span>\u2022\u00a0<\/span><\/span><span dir=\"ltr\" role=\"presentation\"><span>T\u00e9l\u00e9commande thermostatique brevet\u00e9e incluse\u00a0<\/span><\/span><span dir=\"ltr\" role=\"presentation\"><span>\u2022 Choisissez parmi 10 couleurs d&#8217;\u00e9clairage de braises, 1 r\u00e9glage pour faire pivoter les couleurs\u00a0<\/span><\/span><span dir=\"ltr\" role=\"presentation\"><span>\u2022\u00a0<\/span><\/span><span dir=\"ltr\" role=\"presentation\"><span>Finition ma\u00e7onnique pour les options de garniture<\/span><\/span>\r\n<h3><span>Foyer \u00e9lectrique intelligent Amantii Symmetry Xtra Slim<\/span><\/h3>\r\n<span>Le NOUVEAU foyer \u00e9lectrique Symmetry Xtra Slim offre le m\u00e9lange parfait de style et de fonctionnalit\u00e9 \u00e0 n&#8217;importe quelle pi\u00e8ce dans laquelle il est plac\u00e9. D\u00e9fini par ses proportions \u00e9lanc\u00e9es en profondeur et son int\u00e9gration simplifi\u00e9e dans n&#8217;importe quel domaine contemporain, le Symmetry Xtra Slim est \u00e0 la fois un embl\u00e8me familier d&#8217;accueil et de conversation.<\/span>\r\n\r\n<span>Un \u00e9l\u00e9gant affichage de flammes danse \u00e0 l\u2019arri\u00e8re de la chemin\u00e9e, cr\u00e9ant un mouvement qui attirera certainement votre attention et constitue une chemin\u00e9e murale parfaite.\u00a0Les r\u00e9glages de chaleur peuvent \u00eatre ajust\u00e9s d\u2019une simple pression sur un bouton.\u00a0Pendant les mois les plus chauds, vous pouvez r\u00e9gler les flammes pour qu&#8217;elles s&#8217;affichent sans chaleur, ce qui les rend parfaites pour une utilisation tout au long de l&#8217;ann\u00e9e.<\/span>\r\n<h4><span>ACCESSOIRES INCLUS<\/span><\/h4>\r\n<span>Diamants en verre transparent, cadre recouvert de poudre noire et t\u00e9l\u00e9commande compl\u00e8te<\/span>\r\n<h4><img fetchpriority=\"high\" decoding=\"async\" class=\"wp-image-38822 aligncenter\" src=\"https:\/\/amantii.com\/wp-content\/uploads\/2022\/01\/Media_SYM-Xtraslim-Smart-scaled.jpg\" alt=\"\" width=\"692\" height=\"535\" \/><\/h4>\r\n<h4><\/h4>\r\n<div id=\"tablist1-panel2\" class=\"tabcontent responsive-tabs__panel responsive-tabs__panel--active\">\r\n<div class=\"table-1\"><strong><span>Pr\u00e9sentation Flamme<\/span><\/strong><\/div>\r\n<div>\r\n\r\n<span>Pr\u00e9sentation de flammes vibrantes et multicolores de pointe \u2013 passez du jaune \u00e0 l&#8217;orange en passant par le rouge d&#8217;un simple clic sur la t\u00e9l\u00e9commande.\u00a0Tout peut \u00eatre fait s\u00e9par\u00e9ment et m\u00e9lang\u00e9 pour cr\u00e9er de nombreuses combinaisons.<\/span>\r\n\r\n<\/div>\r\n<div><img decoding=\"async\" class=\"size-full wp-image-23575 aligncenter\" src=\"https:\/\/amantii.com\/wp-content\/uploads\/2019\/09\/Amantii-Flame-Colors-Media-TRD-INSERT-BESPOKE.jpg\" sizes=\"(max-width: 600px) 100vw, 600px\" srcset=\"https:\/\/amantii.com\/wp-content\/uploads\/2019\/09\/Amantii-Flame-Colors-Media-TRD-INSERT-BESPOKE-200x74.jpg 200w, https:\/\/amantii.com\/wp-content\/uploads\/2019\/09\/Amantii-Flame-Colors-Media-TRD-INSERT-BESPOKE-300x112.jpg 300w, https:\/\/amantii.com\/wp-content\/uploads\/2019\/09\/Amantii-Flame-Colors-Media-TRD-INSERT-BESPOKE-400x149.jpg 400w, https:\/\/amantii.com\/wp-content\/uploads\/2019\/09\/Amantii-Flame-Colors-Media-TRD-INSERT-BESPOKE-500x186.jpg 500w, https:\/\/amantii.com\/wp-content\/uploads\/2019\/09\/Amantii-Flame-Colors-Media-TRD-INSERT-BESPOKE.jpg 600w\" alt=\"\" width=\"600\" height=\"223\" \/><\/div>\r\n<\/div>\t\t\t\t\t\t\t\t<\/div>\n\t\t\t\t<\/div>\n\t\t\t\t\t<\/div>\n\t\t<\/div>\n\t\t\t\t\t<\/div>\n\t\t<\/section>\n\t\t\t\t<section class=\"elementor-section elementor-top-section elementor-element elementor-element-9f2f43b elementor-section-boxed elementor-section-height-default elementor-section-height-default\" data-id=\"9f2f43b\" data-element_type=\"section\">\n\t\t\t\t\t\t<div class=\"elementor-container elementor-column-gap-default\">\n\t\t\t\t\t<div class=\"elementor-column elementor-col-100 elementor-top-column elementor-element elementor-element-7c139e7\" data-id=\"7c139e7\" data-element_type=\"column\">\n\t\t\t<div class=\"elementor-widget-wrap elementor-element-populated\">\n\t\t\t\t\t\t<div class=\"elementor-element elementor-element-33c72f1 elementor-tabs-view-horizontal elementor-widget elementor-widget-tabs\" data-id=\"33c72f1\" data-element_type=\"widget\" data-widget_type=\"tabs.default\">\n\t\t\t\t<div class=\"elementor-widget-container\">\n\t\t\t\t\t\t\t<div class=\"elementor-tabs\">\n\t\t\t<div class=\"elementor-tabs-wrapper\" role=\"tablist\" >\n\t\t\t\t\t\t\t\t\t<div id=\"elementor-tab-title-5421\" class=\"elementor-tab-title elementor-tab-desktop-title\" aria-selected=\"true\" data-tab=\"1\" role=\"tab\" tabindex=\"0\" aria-controls=\"elementor-tab-content-5421\" aria-expanded=\"false\">Fichiers<\/div>\n\t\t\t\t\t\t\t<\/div>\n\t\t\t<div class=\"elementor-tabs-content-wrapper\" role=\"tablist\" aria-orientation=\"vertical\">\n\t\t\t\t\t\t\t\t\t<div class=\"elementor-tab-title elementor-tab-mobile-title\" aria-selected=\"true\" data-tab=\"1\" role=\"tab\" tabindex=\"0\" aria-controls=\"elementor-tab-content-5421\" aria-expanded=\"false\">Fichiers<\/div>\n\t\t\t\t\t<div id=\"elementor-tab-content-5421\" class=\"elementor-tab-content elementor-clearfix\" data-tab=\"1\" role=\"tabpanel\" aria-labelledby=\"elementor-tab-title-5421\" tabindex=\"0\" hidden=\"false\"><i class=\"far fa-file-pdf fa-xl\" style=\"font-size:35px\"><\/i><a href=\"https:\/\/www.belleflamme.ca\/wp-content\/uploads\/2023\/11\/manual-for-SYM-XS.pdf\"> Manuel<\/a><\/br>\n<i class=\"far fa-file-pdf fa-xl\" style=\"font-size:35px\"><\/i><a href=\"https:\/\/www.belleflamme.ca\/wp-content\/uploads\/2023\/11\/Remii-WM-SLIM-45-Manual-CSA.pdf\"> Manuel 42 pouces<\/a><\/br>\n<i class=\"far fa-file-pdf fa-xl\" style=\"font-size:35px\"><\/i><a href=\"https:\/\/www.belleflamme.ca\/wp-content\/uploads\/2023\/11\/Symmetry-Series-Brochure-2022.pdf\"> Brochure<\/a><\/br>\n<i class=\"far fa-file-pdf fa-xl\" style=\"font-size:35px\"><\/i><a href=\"https:\/\/www.belleflamme.ca\/wp-content\/uploads\/2023\/11\/SYM-repair-guide.pdf\"> Guide de r\u00e9paration<\/a><\/br>\n<i class=\"far fa-file-pdf fa-xl\" style=\"font-size:35px\"><\/i><a href=\"https:\/\/www.belleflamme.ca\/wp-content\/uploads\/2023\/11\/Bespoke-WIFI-instruction.pdf\"> Guide Wifi<\/a><\/br><\/div>\n\t\t\t\t\t\t\t<\/div>\n\t\t<\/div>\n\t\t\t\t\t\t<\/div>\n\t\t\t\t<\/div>\n\t\t\t\t\t<\/div>\n\t\t<\/div>\n\t\t\t\t\t<\/div>\n\t\t<\/section>\n\t\t\t\t<\/div>\n\t\t","protected":false},"excerpt":{"rendered":"<p>Tailles : Sym XtraSlim 42\u2033, Sym XtraSlim 50\u2033, Sym XtraSlim 60\u2033\u00a0\u2022\u00a0Compatible WiFi pour connecter et contr\u00f4ler le foyer depuis votre\u00a0smartphone avec l&#8217;utilisation de notre application.\u00a0Disponible sur le Google\u00a0Play Store et l&#8217;Apple App Store\u2022\u00a0Minuterie et thermostat programmables vous permettant de d\u00e9cider de la\u00a0temp\u00e9rature de la pi\u00e8ce.\u00a0R\u00e9glez le foyer pour qu&#8217;il s&#8217;allume avant\u00a0d&#8217;arriver \u00e0 la maison ou [&hellip;]<\/p>\n","protected":false},"featured_media":20635,"template":"","meta":{"inline_featured_image":false},"product_brand":[231],"product_cat":[240,241,33],"product_tag":[],"class_list":{"0":"post-20634","1":"product","2":"type-product","3":"status-publish","4":"has-post-thumbnail","6":"product_brand-amantii","7":"product_cat-foyer-electrique","8":"product_cat-poele-foyer-electrique","9":"product_cat-poeles-et-foyers","11":"first","12":"instock","13":"taxable","14":"shipping-taxable","15":"purchasable","16":"product-type-variable"},"yoast_head":"<!-- This site is optimized with the Yoast SEO Premium plugin v24.2 (Yoast SEO v24.2) - https:\/\/yoast.com\/wordpress\/plugins\/seo\/ -->\n<title>Foyer \u00e9lectrique intelligent Amantii Symmetry Xtra Slim - Groupe BelleFlamme<\/title>\n<meta name=\"description\" content=\"Foyer \u00e9lectrique intelligent Amantii Symmetry Xtra Slim vendu et install\u00e9 par le Groupe Belleflamme. Laval, Montr\u00e9al, Gatineau, Drummondville et Saint-Sauveur.\" \/>\n<meta name=\"robots\" content=\"index, follow, max-snippet:-1, max-image-preview:large, max-video-preview:-1\" \/>\n<link rel=\"canonical\" href=\"https:\/\/staging.belleflamme.ca\/fr\/produit\/foyer-electrique-intelligent-amantii-symmetry-xtra-slim\/\" \/>\n<meta property=\"og:locale\" content=\"fr_FR\" \/>\n<meta property=\"og:type\" content=\"article\" \/>\n<meta property=\"og:title\" content=\"Foyer \u00e9lectrique intelligent Amantii Symmetry Xtra Slim\" \/>\n<meta property=\"og:description\" content=\"Foyer \u00e9lectrique intelligent Amantii Symmetry Xtra Slim vendu et install\u00e9 par le Groupe Belleflamme. Laval, Montr\u00e9al, Gatineau, Drummondville et Saint-Sauveur.\" \/>\n<meta property=\"og:url\" content=\"https:\/\/staging.belleflamme.ca\/fr\/produit\/foyer-electrique-intelligent-amantii-symmetry-xtra-slim\/\" \/>\n<meta property=\"og:site_name\" content=\"Groupe BelleFlamme\" \/>\n<meta property=\"article:publisher\" content=\"https:\/\/www.facebook.com\/belleflamme.ca\/\" \/>\n<meta property=\"article:modified_time\" content=\"2024-09-20T16:21:54+00:00\" \/>\n<meta property=\"og:image\" content=\"https:\/\/www.belleflamme.ca\/wp-content\/uploads\/2023\/11\/sym-xtra-slim.webp\" \/>\n\t<meta property=\"og:image:width\" content=\"2131\" \/>\n\t<meta property=\"og:image:height\" content=\"1424\" \/>\n\t<meta property=\"og:image:type\" content=\"image\/webp\" \/>\n<meta name=\"twitter:card\" content=\"summary_large_image\" \/>\n<meta name=\"twitter:label1\" content=\"Disponibilit\u00e9\" \/>\n\t<meta name=\"twitter:data1\" content=\"En stock\" \/>\n<script type=\"application\/ld+json\" class=\"yoast-schema-graph\">{\"@context\":\"https:\/\/schema.org\",\"@graph\":[{\"@type\":[\"WebPage\",\"ItemPage\"],\"@id\":\"https:\/\/staging.belleflamme.ca\/fr\/produit\/foyer-electrique-intelligent-amantii-symmetry-xtra-slim\/\",\"url\":\"https:\/\/staging.belleflamme.ca\/fr\/produit\/foyer-electrique-intelligent-amantii-symmetry-xtra-slim\/\",\"name\":\"Foyer \u00e9lectrique intelligent Amantii Symmetry Xtra Slim - Groupe BelleFlamme\",\"isPartOf\":{\"@id\":\"https:\/\/www.belleflamme.ca\/fr\/#website\"},\"primaryImageOfPage\":{\"@id\":\"https:\/\/staging.belleflamme.ca\/fr\/produit\/foyer-electrique-intelligent-amantii-symmetry-xtra-slim\/#primaryimage\"},\"image\":{\"@id\":\"https:\/\/staging.belleflamme.ca\/fr\/produit\/foyer-electrique-intelligent-amantii-symmetry-xtra-slim\/#primaryimage\"},\"thumbnailUrl\":\"https:\/\/staging.belleflamme.ca\/wp-content\/uploads\/2023\/11\/sym-xtra-slim.webp\",\"datePublished\":\"2023-11-08T14:36:04+00:00\",\"dateModified\":\"2024-09-20T16:21:54+00:00\",\"description\":\"Foyer \u00e9lectrique intelligent Amantii Symmetry Xtra Slim [get_meta_en_fr]\",\"breadcrumb\":{\"@id\":\"https:\/\/staging.belleflamme.ca\/fr\/produit\/foyer-electrique-intelligent-amantii-symmetry-xtra-slim\/#breadcrumb\"},\"inLanguage\":\"fr-FR\",\"potentialAction\":[{\"@type\":\"ReadAction\",\"target\":[\"https:\/\/staging.belleflamme.ca\/fr\/produit\/foyer-electrique-intelligent-amantii-symmetry-xtra-slim\/\"]}]},{\"@type\":\"ImageObject\",\"inLanguage\":\"fr-FR\",\"@id\":\"https:\/\/staging.belleflamme.ca\/fr\/produit\/foyer-electrique-intelligent-amantii-symmetry-xtra-slim\/#primaryimage\",\"url\":\"https:\/\/staging.belleflamme.ca\/wp-content\/uploads\/2023\/11\/sym-xtra-slim.webp\",\"contentUrl\":\"https:\/\/staging.belleflamme.ca\/wp-content\/uploads\/2023\/11\/sym-xtra-slim.webp\",\"width\":2131,\"height\":1424,\"caption\":\"Foyer \u00e9lectrique intelligent Amantii Symmetry Xtra Slim\"},{\"@type\":\"BreadcrumbList\",\"@id\":\"https:\/\/staging.belleflamme.ca\/fr\/produit\/foyer-electrique-intelligent-amantii-symmetry-xtra-slim\/#breadcrumb\",\"itemListElement\":[{\"@type\":\"ListItem\",\"position\":1,\"name\":\"Accueil\",\"item\":\"https:\/\/www.belleflamme.ca\/fr\/\"},{\"@type\":\"ListItem\",\"position\":2,\"name\":\"Boutique\",\"item\":\"https:\/\/www.belleflamme.ca\/fr\/boutique\/\"},{\"@type\":\"ListItem\",\"position\":3,\"name\":\"Po\u00eales &amp; Foyers\",\"item\":\"https:\/\/staging.belleflamme.ca\/fr\/categories\/poeles-et-foyers\/\"},{\"@type\":\"ListItem\",\"position\":4,\"name\":\"Po\u00eale &amp; Foyer \u00c9lectrique\",\"item\":\"https:\/\/staging.belleflamme.ca\/fr\/categories\/poeles-et-foyers\/poele-foyer-electrique\/\"},{\"@type\":\"ListItem\",\"position\":5,\"name\":\"Foyer \u00c9lectrique\",\"item\":\"https:\/\/staging.belleflamme.ca\/fr\/categories\/poeles-et-foyers\/poele-foyer-electrique\/foyer-electrique\/\"},{\"@type\":\"ListItem\",\"position\":6,\"name\":\"Foyer \u00e9lectrique intelligent Amantii Symmetry Xtra Slim\"}]},{\"@type\":\"WebSite\",\"@id\":\"https:\/\/www.belleflamme.ca\/fr\/#website\",\"url\":\"https:\/\/www.belleflamme.ca\/fr\/\",\"name\":\"Groupe Belleflamme\",\"description\":\"La m\u00e9canique du b\u00e2timent dans le sang.\",\"publisher\":{\"@id\":\"https:\/\/www.belleflamme.ca\/fr\/#organization\"},\"potentialAction\":[{\"@type\":\"SearchAction\",\"target\":{\"@type\":\"EntryPoint\",\"urlTemplate\":\"https:\/\/www.belleflamme.ca\/fr\/?s={search_term_string}\"},\"query-input\":{\"@type\":\"PropertyValueSpecification\",\"valueRequired\":true,\"valueName\":\"search_term_string\"}}],\"inLanguage\":\"fr-FR\"},{\"@type\":[\"Organization\",\"Place\"],\"@id\":\"https:\/\/www.belleflamme.ca\/fr\/#organization\",\"name\":\"Groupe Belleflamme\",\"alternateName\":\"Belleflamme\",\"url\":\"https:\/\/www.belleflamme.ca\/fr\/\",\"logo\":{\"@type\":\"ImageObject\",\"inLanguage\":\"fr-FR\",\"@id\":\"https:\/\/www.belleflamme.ca\/fr\/#\/schema\/logo\/image\/\",\"url\":\"https:\/\/staging.belleflamme.ca\/wp-content\/uploads\/2023\/01\/og-image.jpg\",\"contentUrl\":\"https:\/\/staging.belleflamme.ca\/wp-content\/uploads\/2023\/01\/og-image.jpg\",\"width\":1200,\"height\":630,\"caption\":\"Groupe Belleflamme\"},\"image\":{\"@id\":\"https:\/\/www.belleflamme.ca\/fr\/#\/schema\/logo\/image\/\"},\"sameAs\":[\"https:\/\/www.facebook.com\/belleflamme.ca\/\",\"https:\/\/www.linkedin.com\/company\/belleflamme\/\",\"https:\/\/www.pinterest.ca\/groupebelleflamme\/\",\"https:\/\/www.instagram.com\/legroupebelleflamme\/\"],\"mainEntityOfPage\":{\"@id\":\"https:\/\/staging.belleflamme.ca\/fr\/produit\/foyer-electrique-intelligent-amantii-symmetry-xtra-slim\/\"}}]}<\/script>\n<meta property=\"product:brand\" content=\"Amantii\" \/>\n<meta property=\"og:availability\" content=\"instock\" \/>\n<meta property=\"product:availability\" content=\"instock\" \/>\n<meta property=\"product:retailer_item_id\" content=\"SYM-SLIM\" \/>\n<meta property=\"product:condition\" content=\"new\" \/>\n<!-- \/ Yoast SEO Premium plugin. -->","yoast_head_json":{"title":"Foyer \u00e9lectrique intelligent Amantii Symmetry Xtra Slim - Groupe BelleFlamme","description":"Foyer \u00e9lectrique intelligent Amantii Symmetry Xtra Slim vendu et install\u00e9 par le Groupe Belleflamme. Laval, Montr\u00e9al, Gatineau, Drummondville et Saint-Sauveur.","robots":{"index":"index","follow":"follow","max-snippet":"max-snippet:-1","max-image-preview":"max-image-preview:large","max-video-preview":"max-video-preview:-1"},"canonical":"https:\/\/staging.belleflamme.ca\/fr\/produit\/foyer-electrique-intelligent-amantii-symmetry-xtra-slim\/","og_locale":"fr_FR","og_type":"article","og_title":"Foyer \u00e9lectrique intelligent Amantii Symmetry Xtra Slim","og_description":"Foyer \u00e9lectrique intelligent Amantii Symmetry Xtra Slim vendu et install\u00e9 par le Groupe Belleflamme. Laval, Montr\u00e9al, Gatineau, Drummondville et Saint-Sauveur.","og_url":"https:\/\/staging.belleflamme.ca\/fr\/produit\/foyer-electrique-intelligent-amantii-symmetry-xtra-slim\/","og_site_name":"Groupe BelleFlamme","article_publisher":"https:\/\/www.facebook.com\/belleflamme.ca\/","article_modified_time":"2024-09-20T16:21:54+00:00","og_image":[{"width":2131,"height":1424,"url":"https:\/\/www.belleflamme.ca\/wp-content\/uploads\/2023\/11\/sym-xtra-slim.webp","type":"image\/webp"}],"twitter_card":"summary_large_image","twitter_misc":{"Disponibilit\u00e9":"En stock"},"schema":{"@context":"https:\/\/schema.org","@graph":[{"@type":["WebPage","ItemPage"],"@id":"https:\/\/staging.belleflamme.ca\/fr\/produit\/foyer-electrique-intelligent-amantii-symmetry-xtra-slim\/","url":"https:\/\/staging.belleflamme.ca\/fr\/produit\/foyer-electrique-intelligent-amantii-symmetry-xtra-slim\/","name":"Foyer \u00e9lectrique intelligent Amantii Symmetry Xtra Slim - Groupe BelleFlamme","isPartOf":{"@id":"https:\/\/www.belleflamme.ca\/fr\/#website"},"primaryImageOfPage":{"@id":"https:\/\/staging.belleflamme.ca\/fr\/produit\/foyer-electrique-intelligent-amantii-symmetry-xtra-slim\/#primaryimage"},"image":{"@id":"https:\/\/staging.belleflamme.ca\/fr\/produit\/foyer-electrique-intelligent-amantii-symmetry-xtra-slim\/#primaryimage"},"thumbnailUrl":"https:\/\/staging.belleflamme.ca\/wp-content\/uploads\/2023\/11\/sym-xtra-slim.webp","datePublished":"2023-11-08T14:36:04+00:00","dateModified":"2024-09-20T16:21:54+00:00","description":"Foyer \u00e9lectrique intelligent Amantii Symmetry Xtra Slim [get_meta_en_fr]","breadcrumb":{"@id":"https:\/\/staging.belleflamme.ca\/fr\/produit\/foyer-electrique-intelligent-amantii-symmetry-xtra-slim\/#breadcrumb"},"inLanguage":"fr-FR","potentialAction":[{"@type":"ReadAction","target":["https:\/\/staging.belleflamme.ca\/fr\/produit\/foyer-electrique-intelligent-amantii-symmetry-xtra-slim\/"]}]},{"@type":"ImageObject","inLanguage":"fr-FR","@id":"https:\/\/staging.belleflamme.ca\/fr\/produit\/foyer-electrique-intelligent-amantii-symmetry-xtra-slim\/#primaryimage","url":"https:\/\/staging.belleflamme.ca\/wp-content\/uploads\/2023\/11\/sym-xtra-slim.webp","contentUrl":"https:\/\/staging.belleflamme.ca\/wp-content\/uploads\/2023\/11\/sym-xtra-slim.webp","width":2131,"height":1424,"caption":"Foyer \u00e9lectrique intelligent Amantii Symmetry Xtra Slim"},{"@type":"BreadcrumbList","@id":"https:\/\/staging.belleflamme.ca\/fr\/produit\/foyer-electrique-intelligent-amantii-symmetry-xtra-slim\/#breadcrumb","itemListElement":[{"@type":"ListItem","position":1,"name":"Accueil","item":"https:\/\/www.belleflamme.ca\/fr\/"},{"@type":"ListItem","position":2,"name":"Boutique","item":"https:\/\/www.belleflamme.ca\/fr\/boutique\/"},{"@type":"ListItem","position":3,"name":"Po\u00eales &amp; Foyers","item":"https:\/\/staging.belleflamme.ca\/fr\/categories\/poeles-et-foyers\/"},{"@type":"ListItem","position":4,"name":"Po\u00eale &amp; Foyer \u00c9lectrique","item":"https:\/\/staging.belleflamme.ca\/fr\/categories\/poeles-et-foyers\/poele-foyer-electrique\/"},{"@type":"ListItem","position":5,"name":"Foyer \u00c9lectrique","item":"https:\/\/staging.belleflamme.ca\/fr\/categories\/poeles-et-foyers\/poele-foyer-electrique\/foyer-electrique\/"},{"@type":"ListItem","position":6,"name":"Foyer \u00e9lectrique intelligent Amantii Symmetry Xtra Slim"}]},{"@type":"WebSite","@id":"https:\/\/www.belleflamme.ca\/fr\/#website","url":"https:\/\/www.belleflamme.ca\/fr\/","name":"Groupe Belleflamme","description":"La m\u00e9canique du b\u00e2timent dans le sang.","publisher":{"@id":"https:\/\/www.belleflamme.ca\/fr\/#organization"},"potentialAction":[{"@type":"SearchAction","target":{"@type":"EntryPoint","urlTemplate":"https:\/\/www.belleflamme.ca\/fr\/?s={search_term_string}"},"query-input":{"@type":"PropertyValueSpecification","valueRequired":true,"valueName":"search_term_string"}}],"inLanguage":"fr-FR"},{"@type":["Organization","Place"],"@id":"https:\/\/www.belleflamme.ca\/fr\/#organization","name":"Groupe Belleflamme","alternateName":"Belleflamme","url":"https:\/\/www.belleflamme.ca\/fr\/","logo":{"@type":"ImageObject","inLanguage":"fr-FR","@id":"https:\/\/www.belleflamme.ca\/fr\/#\/schema\/logo\/image\/","url":"https:\/\/staging.belleflamme.ca\/wp-content\/uploads\/2023\/01\/og-image.jpg","contentUrl":"https:\/\/staging.belleflamme.ca\/wp-content\/uploads\/2023\/01\/og-image.jpg","width":1200,"height":630,"caption":"Groupe Belleflamme"},"image":{"@id":"https:\/\/www.belleflamme.ca\/fr\/#\/schema\/logo\/image\/"},"sameAs":["https:\/\/www.facebook.com\/belleflamme.ca\/","https:\/\/www.linkedin.com\/company\/belleflamme\/","https:\/\/www.pinterest.ca\/groupebelleflamme\/","https:\/\/www.instagram.com\/legroupebelleflamme\/"],"mainEntityOfPage":{"@id":"https:\/\/staging.belleflamme.ca\/fr\/produit\/foyer-electrique-intelligent-amantii-symmetry-xtra-slim\/"}}]},"product_brand":"Amantii","og_availability":"instock","product_availability":"instock","product_retailer_item_id":"SYM-SLIM","product_condition":"new"},"_links":{"self":[{"href":"https:\/\/staging.belleflamme.ca\/fr\/wp-json\/wp\/v2\/product\/20634","targetHints":{"allow":["GET"]}}],"collection":[{"href":"https:\/\/staging.belleflamme.ca\/fr\/wp-json\/wp\/v2\/product"}],"about":[{"href":"https:\/\/staging.belleflamme.ca\/fr\/wp-json\/wp\/v2\/types\/product"}],"version-history":[{"count":6,"href":"https:\/\/staging.belleflamme.ca\/fr\/wp-json\/wp\/v2\/product\/20634\/revisions"}],"predecessor-version":[{"id":20700,"href":"https:\/\/staging.belleflamme.ca\/fr\/wp-json\/wp\/v2\/product\/20634\/revisions\/20700"}],"wp:featuredmedia":[{"embeddable":true,"href":"https:\/\/staging.belleflamme.ca\/fr\/wp-json\/wp\/v2\/media\/20635"}],"wp:attachment":[{"href":"https:\/\/staging.belleflamme.ca\/fr\/wp-json\/wp\/v2\/media?parent=20634"}],"wp:term":[{"taxonomy":"product_brand","embeddable":true,"href":"https:\/\/staging.belleflamme.ca\/fr\/wp-json\/wp\/v2\/product_brand?post=20634"},{"taxonomy":"product_cat","embeddable":true,"href":"https:\/\/staging.belleflamme.ca\/fr\/wp-json\/wp\/v2\/product_cat?post=20634"},{"taxonomy":"product_tag","embeddable":true,"href":"https:\/\/staging.belleflamme.ca\/fr\/wp-json\/wp\/v2\/product_tag?post=20634"}],"curies":[{"name":"wp","href":"https:\/\/api.w.org\/{rel}","templated":true}]}}