{"id":20317,"date":"2023-11-06T13:50:01","date_gmt":"2023-11-06T18:50:01","guid":{"rendered":"https:\/\/www.belleflamme.ca\/?post_type=product&#038;p=20317"},"modified":"2025-03-11T10:54:22","modified_gmt":"2025-03-11T14:54:22","slug":"bride-de-toit-universel-secure-temp-asht","status":"publish","type":"product","link":"https:\/\/staging.belleflamme.ca\/fr\/produit\/bride-de-toit-universel-secure-temp-asht\/","title":{"rendered":"Bride de toit (UNIVERSEL) Secure Temp ASHT"},"content":{"rendered":"<p>N\u00e9cessaire pour stabiliser la chemin\u00e9e contre la charge du vent lorsque lorsqu\u2019elle s\u2019\u00e9tend \u00e0 plus de 60 po. au dessus de la ligne du toit. Le collet ajustable universel s\u2019adapte au conduit de 5 po, 6 po, 7 po et 8 po. Les bras de renfort sont r\u00e9glables de 60 po \u00e0 115 po.<\/p>\n<p><img fetchpriority=\"high\" decoding=\"async\" class=\"alignnone size-full wp-image-20320\" src=\"https:\/\/www.belleflamme.ca\/wp-content\/uploads\/2023\/11\/2023-11-06-13_46_08-SC_ASHT_CT-001F_10-23.pdf.png\" alt=\"\" width=\"410\" height=\"347\" srcset=\"https:\/\/staging.belleflamme.ca\/wp-content\/uploads\/2023\/11\/2023-11-06-13_46_08-SC_ASHT_CT-001F_10-23.pdf.png 410w, https:\/\/staging.belleflamme.ca\/wp-content\/uploads\/2023\/11\/2023-11-06-13_46_08-SC_ASHT_CT-001F_10-23.pdf-300x254.png 300w\" sizes=\"(max-width: 410px) 100vw, 410px\" \/><\/p>\n<p><img decoding=\"async\" class=\"alignnone size-full wp-image-20324\" src=\"https:\/\/www.belleflamme.ca\/wp-content\/uploads\/2023\/11\/2023-11-06-13_47_43-SC_ASHT_CT-001F_10-23.pdf.png\" alt=\"\" width=\"1762\" height=\"352\" srcset=\"https:\/\/staging.belleflamme.ca\/wp-content\/uploads\/2023\/11\/2023-11-06-13_47_43-SC_ASHT_CT-001F_10-23.pdf.png 1762w, https:\/\/staging.belleflamme.ca\/wp-content\/uploads\/2023\/11\/2023-11-06-13_47_43-SC_ASHT_CT-001F_10-23.pdf-300x60.png 300w, https:\/\/staging.belleflamme.ca\/wp-content\/uploads\/2023\/11\/2023-11-06-13_47_43-SC_ASHT_CT-001F_10-23.pdf-1024x205.png 1024w, https:\/\/staging.belleflamme.ca\/wp-content\/uploads\/2023\/11\/2023-11-06-13_47_43-SC_ASHT_CT-001F_10-23.pdf-768x153.png 768w, https:\/\/staging.belleflamme.ca\/wp-content\/uploads\/2023\/11\/2023-11-06-13_47_43-SC_ASHT_CT-001F_10-23.pdf-1536x307.png 1536w, https:\/\/staging.belleflamme.ca\/wp-content\/uploads\/2023\/11\/2023-11-06-13_47_43-SC_ASHT_CT-001F_10-23.pdf-900x180.png 900w\" sizes=\"(max-width: 1762px) 100vw, 1762px\" \/><\/p>\n<p>&nbsp;<\/p>\n","protected":false},"excerpt":{"rendered":"<p>N\u00e9cessaire pour stabiliser la chemin\u00e9e contre la charge du vent lorsque lorsqu\u2019elle s\u2019\u00e9tend \u00e0 plus de 60 po. au dessus de la ligne du toit. Le collet ajustable universel s\u2019adapte au conduit de 5 po, 6 po, 7 po et 8 po. Les bras de renfort sont r\u00e9glables de 60 po \u00e0 115 po. &nbsp;<\/p>\n","protected":false},"featured_media":20318,"template":"","meta":{"inline_featured_image":false},"product_brand":[228],"product_cat":[95,609,45],"product_tag":[],"class_list":{"0":"post-20317","1":"product","2":"type-product","3":"status-publish","4":"has-post-thumbnail","6":"product_brand-cheminees-securite","7":"product_cat-cheminees","8":"product_cat-secure-temp-asht","9":"product_cat-cheminees-pieces-accessoires","11":"first","12":"instock","13":"taxable","14":"shipping-taxable","15":"purchasable","16":"product-type-variable"},"yoast_head":"<!-- This site is optimized with the Yoast SEO Premium plugin v24.2 (Yoast SEO v24.2) - https:\/\/yoast.com\/wordpress\/plugins\/seo\/ -->\n<title>Bride de toit (UNIVERSEL) Secure Temp ASHT - Groupe BelleFlamme<\/title>\n<meta name=\"description\" content=\"Bride de toit (UNIVERSEL) Secure Temp ASHT vendu et install\u00e9 par le Groupe Belleflamme. Laval, Montr\u00e9al, Gatineau, Drummondville et Saint-Sauveur.\" \/>\n<meta name=\"robots\" content=\"index, follow, max-snippet:-1, max-image-preview:large, max-video-preview:-1\" \/>\n<link rel=\"canonical\" href=\"https:\/\/staging.belleflamme.ca\/fr\/produit\/bride-de-toit-universel-secure-temp-asht\/\" \/>\n<meta property=\"og:locale\" content=\"fr_FR\" \/>\n<meta property=\"og:type\" content=\"article\" \/>\n<meta property=\"og:title\" content=\"Bride de toit (UNIVERSEL) Secure Temp ASHT\" \/>\n<meta property=\"og:description\" content=\"Bride de toit (UNIVERSEL) Secure Temp ASHT vendu et install\u00e9 par le Groupe Belleflamme. Laval, Montr\u00e9al, Gatineau, Drummondville et Saint-Sauveur.\" \/>\n<meta property=\"og:url\" content=\"https:\/\/staging.belleflamme.ca\/fr\/produit\/bride-de-toit-universel-secure-temp-asht\/\" \/>\n<meta property=\"og:site_name\" content=\"Groupe BelleFlamme\" \/>\n<meta property=\"article:publisher\" content=\"https:\/\/www.facebook.com\/belleflamme.ca\/\" \/>\n<meta property=\"article:modified_time\" content=\"2025-03-11T14:54:22+00:00\" \/>\n<meta property=\"og:image\" content=\"https:\/\/www.belleflamme.ca\/wp-content\/uploads\/2023\/11\/Bride-de-toit-UNIVERSEL-Secure-Temp-ASHT.webp\" \/>\n\t<meta property=\"og:image:width\" content=\"1000\" \/>\n\t<meta property=\"og:image:height\" content=\"1000\" \/>\n\t<meta property=\"og:image:type\" content=\"image\/webp\" \/>\n<meta name=\"twitter:card\" content=\"summary_large_image\" \/>\n<meta name=\"twitter:label1\" content=\"Disponibilit\u00e9\" \/>\n\t<meta name=\"twitter:data1\" content=\"En stock\" \/>\n<script type=\"application\/ld+json\" class=\"yoast-schema-graph\">{\"@context\":\"https:\/\/schema.org\",\"@graph\":[{\"@type\":[\"WebPage\",\"ItemPage\"],\"@id\":\"https:\/\/staging.belleflamme.ca\/fr\/produit\/bride-de-toit-universel-secure-temp-asht\/\",\"url\":\"https:\/\/staging.belleflamme.ca\/fr\/produit\/bride-de-toit-universel-secure-temp-asht\/\",\"name\":\"Bride de toit (UNIVERSEL) Secure Temp ASHT - Groupe BelleFlamme\",\"isPartOf\":{\"@id\":\"https:\/\/www.belleflamme.ca\/fr\/#website\"},\"primaryImageOfPage\":{\"@id\":\"https:\/\/staging.belleflamme.ca\/fr\/produit\/bride-de-toit-universel-secure-temp-asht\/#primaryimage\"},\"image\":{\"@id\":\"https:\/\/staging.belleflamme.ca\/fr\/produit\/bride-de-toit-universel-secure-temp-asht\/#primaryimage\"},\"thumbnailUrl\":\"https:\/\/staging.belleflamme.ca\/wp-content\/uploads\/2023\/11\/Bride-de-toit-UNIVERSEL-Secure-Temp-ASHT.webp\",\"datePublished\":\"2023-11-06T18:50:01+00:00\",\"dateModified\":\"2025-03-11T14:54:22+00:00\",\"description\":\"Bride de toit (UNIVERSEL) Secure Temp ASHT [get_meta_en_fr]\",\"breadcrumb\":{\"@id\":\"https:\/\/staging.belleflamme.ca\/fr\/produit\/bride-de-toit-universel-secure-temp-asht\/#breadcrumb\"},\"inLanguage\":\"fr-FR\",\"potentialAction\":[{\"@type\":\"ReadAction\",\"target\":[\"https:\/\/staging.belleflamme.ca\/fr\/produit\/bride-de-toit-universel-secure-temp-asht\/\"]}]},{\"@type\":\"ImageObject\",\"inLanguage\":\"fr-FR\",\"@id\":\"https:\/\/staging.belleflamme.ca\/fr\/produit\/bride-de-toit-universel-secure-temp-asht\/#primaryimage\",\"url\":\"https:\/\/staging.belleflamme.ca\/wp-content\/uploads\/2023\/11\/Bride-de-toit-UNIVERSEL-Secure-Temp-ASHT.webp\",\"contentUrl\":\"https:\/\/staging.belleflamme.ca\/wp-content\/uploads\/2023\/11\/Bride-de-toit-UNIVERSEL-Secure-Temp-ASHT.webp\",\"width\":1000,\"height\":1000,\"caption\":\"Bride de toit (UNIVERSEL) Secure Temp ASHT\"},{\"@type\":\"BreadcrumbList\",\"@id\":\"https:\/\/staging.belleflamme.ca\/fr\/produit\/bride-de-toit-universel-secure-temp-asht\/#breadcrumb\",\"itemListElement\":[{\"@type\":\"ListItem\",\"position\":1,\"name\":\"Accueil\",\"item\":\"https:\/\/www.belleflamme.ca\/fr\/\"},{\"@type\":\"ListItem\",\"position\":2,\"name\":\"Boutique\",\"item\":\"https:\/\/www.belleflamme.ca\/fr\/boutique\/\"},{\"@type\":\"ListItem\",\"position\":3,\"name\":\"Chemin\u00e9es, Pi\u00e8ces &amp; Accessoires\",\"item\":\"https:\/\/staging.belleflamme.ca\/fr\/categories\/cheminees-pieces-accessoires\/\"},{\"@type\":\"ListItem\",\"position\":4,\"name\":\"Chemin\u00e9es\",\"item\":\"https:\/\/staging.belleflamme.ca\/fr\/categories\/cheminees-pieces-accessoires\/cheminees\/\"},{\"@type\":\"ListItem\",\"position\":5,\"name\":\"Secure Temp ASHT+\",\"item\":\"https:\/\/staging.belleflamme.ca\/fr\/categories\/cheminees-pieces-accessoires\/cheminees\/secure-temp-asht\/\"},{\"@type\":\"ListItem\",\"position\":6,\"name\":\"Bride de toit (UNIVERSEL) Secure Temp ASHT\"}]},{\"@type\":\"WebSite\",\"@id\":\"https:\/\/www.belleflamme.ca\/fr\/#website\",\"url\":\"https:\/\/www.belleflamme.ca\/fr\/\",\"name\":\"Groupe Belleflamme\",\"description\":\"La m\u00e9canique du b\u00e2timent dans le sang.\",\"publisher\":{\"@id\":\"https:\/\/www.belleflamme.ca\/fr\/#organization\"},\"potentialAction\":[{\"@type\":\"SearchAction\",\"target\":{\"@type\":\"EntryPoint\",\"urlTemplate\":\"https:\/\/www.belleflamme.ca\/fr\/?s={search_term_string}\"},\"query-input\":{\"@type\":\"PropertyValueSpecification\",\"valueRequired\":true,\"valueName\":\"search_term_string\"}}],\"inLanguage\":\"fr-FR\"},{\"@type\":[\"Organization\",\"Place\"],\"@id\":\"https:\/\/www.belleflamme.ca\/fr\/#organization\",\"name\":\"Groupe Belleflamme\",\"alternateName\":\"Belleflamme\",\"url\":\"https:\/\/www.belleflamme.ca\/fr\/\",\"logo\":{\"@type\":\"ImageObject\",\"inLanguage\":\"fr-FR\",\"@id\":\"https:\/\/www.belleflamme.ca\/fr\/#\/schema\/logo\/image\/\",\"url\":\"https:\/\/staging.belleflamme.ca\/wp-content\/uploads\/2023\/01\/og-image.jpg\",\"contentUrl\":\"https:\/\/staging.belleflamme.ca\/wp-content\/uploads\/2023\/01\/og-image.jpg\",\"width\":1200,\"height\":630,\"caption\":\"Groupe Belleflamme\"},\"image\":{\"@id\":\"https:\/\/www.belleflamme.ca\/fr\/#\/schema\/logo\/image\/\"},\"sameAs\":[\"https:\/\/www.facebook.com\/belleflamme.ca\/\",\"https:\/\/www.linkedin.com\/company\/belleflamme\/\",\"https:\/\/www.pinterest.ca\/groupebelleflamme\/\",\"https:\/\/www.instagram.com\/legroupebelleflamme\/\"],\"mainEntityOfPage\":{\"@id\":\"https:\/\/staging.belleflamme.ca\/fr\/produit\/bride-de-toit-universel-secure-temp-asht\/\"}}]}<\/script>\n<meta property=\"product:brand\" content=\"Chemin\u00e9es S\u00e9curit\u00e9\" \/>\n<meta property=\"og:availability\" content=\"instock\" \/>\n<meta property=\"product:availability\" content=\"instock\" \/>\n<meta property=\"product:condition\" content=\"new\" \/>\n<!-- \/ Yoast SEO Premium plugin. -->","yoast_head_json":{"title":"Bride de toit (UNIVERSEL) Secure Temp ASHT - Groupe BelleFlamme","description":"Bride de toit (UNIVERSEL) Secure Temp ASHT vendu et install\u00e9 par le Groupe Belleflamme. Laval, Montr\u00e9al, Gatineau, Drummondville et Saint-Sauveur.","robots":{"index":"index","follow":"follow","max-snippet":"max-snippet:-1","max-image-preview":"max-image-preview:large","max-video-preview":"max-video-preview:-1"},"canonical":"https:\/\/staging.belleflamme.ca\/fr\/produit\/bride-de-toit-universel-secure-temp-asht\/","og_locale":"fr_FR","og_type":"article","og_title":"Bride de toit (UNIVERSEL) Secure Temp ASHT","og_description":"Bride de toit (UNIVERSEL) Secure Temp ASHT vendu et install\u00e9 par le Groupe Belleflamme. Laval, Montr\u00e9al, Gatineau, Drummondville et Saint-Sauveur.","og_url":"https:\/\/staging.belleflamme.ca\/fr\/produit\/bride-de-toit-universel-secure-temp-asht\/","og_site_name":"Groupe BelleFlamme","article_publisher":"https:\/\/www.facebook.com\/belleflamme.ca\/","article_modified_time":"2025-03-11T14:54:22+00:00","og_image":[{"width":1000,"height":1000,"url":"https:\/\/www.belleflamme.ca\/wp-content\/uploads\/2023\/11\/Bride-de-toit-UNIVERSEL-Secure-Temp-ASHT.webp","type":"image\/webp"}],"twitter_card":"summary_large_image","twitter_misc":{"Disponibilit\u00e9":"En stock"},"schema":{"@context":"https:\/\/schema.org","@graph":[{"@type":["WebPage","ItemPage"],"@id":"https:\/\/staging.belleflamme.ca\/fr\/produit\/bride-de-toit-universel-secure-temp-asht\/","url":"https:\/\/staging.belleflamme.ca\/fr\/produit\/bride-de-toit-universel-secure-temp-asht\/","name":"Bride de toit (UNIVERSEL) Secure Temp ASHT - Groupe BelleFlamme","isPartOf":{"@id":"https:\/\/www.belleflamme.ca\/fr\/#website"},"primaryImageOfPage":{"@id":"https:\/\/staging.belleflamme.ca\/fr\/produit\/bride-de-toit-universel-secure-temp-asht\/#primaryimage"},"image":{"@id":"https:\/\/staging.belleflamme.ca\/fr\/produit\/bride-de-toit-universel-secure-temp-asht\/#primaryimage"},"thumbnailUrl":"https:\/\/staging.belleflamme.ca\/wp-content\/uploads\/2023\/11\/Bride-de-toit-UNIVERSEL-Secure-Temp-ASHT.webp","datePublished":"2023-11-06T18:50:01+00:00","dateModified":"2025-03-11T14:54:22+00:00","description":"Bride de toit (UNIVERSEL) Secure Temp ASHT [get_meta_en_fr]","breadcrumb":{"@id":"https:\/\/staging.belleflamme.ca\/fr\/produit\/bride-de-toit-universel-secure-temp-asht\/#breadcrumb"},"inLanguage":"fr-FR","potentialAction":[{"@type":"ReadAction","target":["https:\/\/staging.belleflamme.ca\/fr\/produit\/bride-de-toit-universel-secure-temp-asht\/"]}]},{"@type":"ImageObject","inLanguage":"fr-FR","@id":"https:\/\/staging.belleflamme.ca\/fr\/produit\/bride-de-toit-universel-secure-temp-asht\/#primaryimage","url":"https:\/\/staging.belleflamme.ca\/wp-content\/uploads\/2023\/11\/Bride-de-toit-UNIVERSEL-Secure-Temp-ASHT.webp","contentUrl":"https:\/\/staging.belleflamme.ca\/wp-content\/uploads\/2023\/11\/Bride-de-toit-UNIVERSEL-Secure-Temp-ASHT.webp","width":1000,"height":1000,"caption":"Bride de toit (UNIVERSEL) Secure Temp ASHT"},{"@type":"BreadcrumbList","@id":"https:\/\/staging.belleflamme.ca\/fr\/produit\/bride-de-toit-universel-secure-temp-asht\/#breadcrumb","itemListElement":[{"@type":"ListItem","position":1,"name":"Accueil","item":"https:\/\/www.belleflamme.ca\/fr\/"},{"@type":"ListItem","position":2,"name":"Boutique","item":"https:\/\/www.belleflamme.ca\/fr\/boutique\/"},{"@type":"ListItem","position":3,"name":"Chemin\u00e9es, Pi\u00e8ces &amp; Accessoires","item":"https:\/\/staging.belleflamme.ca\/fr\/categories\/cheminees-pieces-accessoires\/"},{"@type":"ListItem","position":4,"name":"Chemin\u00e9es","item":"https:\/\/staging.belleflamme.ca\/fr\/categories\/cheminees-pieces-accessoires\/cheminees\/"},{"@type":"ListItem","position":5,"name":"Secure Temp ASHT+","item":"https:\/\/staging.belleflamme.ca\/fr\/categories\/cheminees-pieces-accessoires\/cheminees\/secure-temp-asht\/"},{"@type":"ListItem","position":6,"name":"Bride de toit (UNIVERSEL) Secure Temp ASHT"}]},{"@type":"WebSite","@id":"https:\/\/www.belleflamme.ca\/fr\/#website","url":"https:\/\/www.belleflamme.ca\/fr\/","name":"Groupe Belleflamme","description":"La m\u00e9canique du b\u00e2timent dans le sang.","publisher":{"@id":"https:\/\/www.belleflamme.ca\/fr\/#organization"},"potentialAction":[{"@type":"SearchAction","target":{"@type":"EntryPoint","urlTemplate":"https:\/\/www.belleflamme.ca\/fr\/?s={search_term_string}"},"query-input":{"@type":"PropertyValueSpecification","valueRequired":true,"valueName":"search_term_string"}}],"inLanguage":"fr-FR"},{"@type":["Organization","Place"],"@id":"https:\/\/www.belleflamme.ca\/fr\/#organization","name":"Groupe Belleflamme","alternateName":"Belleflamme","url":"https:\/\/www.belleflamme.ca\/fr\/","logo":{"@type":"ImageObject","inLanguage":"fr-FR","@id":"https:\/\/www.belleflamme.ca\/fr\/#\/schema\/logo\/image\/","url":"https:\/\/staging.belleflamme.ca\/wp-content\/uploads\/2023\/01\/og-image.jpg","contentUrl":"https:\/\/staging.belleflamme.ca\/wp-content\/uploads\/2023\/01\/og-image.jpg","width":1200,"height":630,"caption":"Groupe Belleflamme"},"image":{"@id":"https:\/\/www.belleflamme.ca\/fr\/#\/schema\/logo\/image\/"},"sameAs":["https:\/\/www.facebook.com\/belleflamme.ca\/","https:\/\/www.linkedin.com\/company\/belleflamme\/","https:\/\/www.pinterest.ca\/groupebelleflamme\/","https:\/\/www.instagram.com\/legroupebelleflamme\/"],"mainEntityOfPage":{"@id":"https:\/\/staging.belleflamme.ca\/fr\/produit\/bride-de-toit-universel-secure-temp-asht\/"}}]},"product_brand":"Chemin\u00e9es S\u00e9curit\u00e9","og_availability":"instock","product_availability":"instock","product_condition":"new"},"_links":{"self":[{"href":"https:\/\/staging.belleflamme.ca\/fr\/wp-json\/wp\/v2\/product\/20317","targetHints":{"allow":["GET"]}}],"collection":[{"href":"https:\/\/staging.belleflamme.ca\/fr\/wp-json\/wp\/v2\/product"}],"about":[{"href":"https:\/\/staging.belleflamme.ca\/fr\/wp-json\/wp\/v2\/types\/product"}],"version-history":[{"count":1,"href":"https:\/\/staging.belleflamme.ca\/fr\/wp-json\/wp\/v2\/product\/20317\/revisions"}],"predecessor-version":[{"id":20331,"href":"https:\/\/staging.belleflamme.ca\/fr\/wp-json\/wp\/v2\/product\/20317\/revisions\/20331"}],"wp:featuredmedia":[{"embeddable":true,"href":"https:\/\/staging.belleflamme.ca\/fr\/wp-json\/wp\/v2\/media\/20318"}],"wp:attachment":[{"href":"https:\/\/staging.belleflamme.ca\/fr\/wp-json\/wp\/v2\/media?parent=20317"}],"wp:term":[{"taxonomy":"product_brand","embeddable":true,"href":"https:\/\/staging.belleflamme.ca\/fr\/wp-json\/wp\/v2\/product_brand?post=20317"},{"taxonomy":"product_cat","embeddable":true,"href":"https:\/\/staging.belleflamme.ca\/fr\/wp-json\/wp\/v2\/product_cat?post=20317"},{"taxonomy":"product_tag","embeddable":true,"href":"https:\/\/staging.belleflamme.ca\/fr\/wp-json\/wp\/v2\/product_tag?post=20317"}],"curies":[{"name":"wp","href":"https:\/\/api.w.org\/{rel}","templated":true}]}}