{"id":20064,"date":"2023-11-06T12:35:06","date_gmt":"2023-11-06T17:35:06","guid":{"rendered":"https:\/\/www.belleflamme.ca\/?post_type=product&#038;p=20064"},"modified":"2025-03-11T10:49:50","modified_gmt":"2025-03-11T14:49:50","slug":"support-mural-universel-secure-temp-asht","status":"publish","type":"product","link":"https:\/\/staging.belleflamme.ca\/fr\/produit\/support-mural-universel-secure-temp-asht\/","title":{"rendered":"Support Mural (UNIVERSEL) Secure Temp ASHT"},"content":{"rendered":"<p>Utilis\u00e9 pour soutenir la chemin\u00e9e sur un mur vertical. Les plaques triangulaires permettent un ajustement de 2 3\/4 po par rapport \u00e0 la surface verticale. Ce support peut \u00eatre utilis\u00e9 en tant que support mural au-dessus du t\u00e9 isol\u00e9, ou comme support pour d\u00e9viation. Consultez le tableau pour conna\u00eetre la capacit\u00e9 de charge. Dans les courtes applications, il est possible d\u2019utiliser le support mural pour remplacer le support de t\u00e9. De conception universelle peut \u00eatre utilis\u00e9e sur les conduits de 5 po (12,7 cm), 6 po (15,2 cm), 7 po (17,7 cm) ou 8 po (20,32 cm).<\/p>\n<p><img fetchpriority=\"high\" decoding=\"async\" class=\"alignnone size-full wp-image-20067\" src=\"https:\/\/www.belleflamme.ca\/wp-content\/uploads\/2023\/11\/2023-11-06-12_31_14-SC_ASHT_CT-001F_10-23.pdf.png\" alt=\"\" width=\"464\" height=\"598\" srcset=\"https:\/\/staging.belleflamme.ca\/wp-content\/uploads\/2023\/11\/2023-11-06-12_31_14-SC_ASHT_CT-001F_10-23.pdf.png 464w, https:\/\/staging.belleflamme.ca\/wp-content\/uploads\/2023\/11\/2023-11-06-12_31_14-SC_ASHT_CT-001F_10-23.pdf-233x300.png 233w\" sizes=\"(max-width: 464px) 100vw, 464px\" \/> <img decoding=\"async\" class=\"alignnone size-full wp-image-20069\" src=\"https:\/\/www.belleflamme.ca\/wp-content\/uploads\/2023\/11\/2023-11-06-12_30_59-SC_ASHT_CT-001F_10-23.pdf.png\" alt=\"\" width=\"1886\" height=\"557\" srcset=\"https:\/\/staging.belleflamme.ca\/wp-content\/uploads\/2023\/11\/2023-11-06-12_30_59-SC_ASHT_CT-001F_10-23.pdf.png 1886w, https:\/\/staging.belleflamme.ca\/wp-content\/uploads\/2023\/11\/2023-11-06-12_30_59-SC_ASHT_CT-001F_10-23.pdf-300x89.png 300w, https:\/\/staging.belleflamme.ca\/wp-content\/uploads\/2023\/11\/2023-11-06-12_30_59-SC_ASHT_CT-001F_10-23.pdf-1024x302.png 1024w, https:\/\/staging.belleflamme.ca\/wp-content\/uploads\/2023\/11\/2023-11-06-12_30_59-SC_ASHT_CT-001F_10-23.pdf-768x227.png 768w, https:\/\/staging.belleflamme.ca\/wp-content\/uploads\/2023\/11\/2023-11-06-12_30_59-SC_ASHT_CT-001F_10-23.pdf-1536x454.png 1536w, https:\/\/staging.belleflamme.ca\/wp-content\/uploads\/2023\/11\/2023-11-06-12_30_59-SC_ASHT_CT-001F_10-23.pdf-900x266.png 900w\" sizes=\"(max-width: 1886px) 100vw, 1886px\" \/><\/p>\n","protected":false},"excerpt":{"rendered":"<p>Utilis\u00e9 pour soutenir la chemin\u00e9e sur un mur vertical. Les plaques triangulaires permettent un ajustement de 2 3\/4 po par rapport \u00e0 la surface verticale. Ce support peut \u00eatre utilis\u00e9 en tant que support mural au-dessus du t\u00e9 isol\u00e9, ou comme support pour d\u00e9viation. Consultez le tableau pour conna\u00eetre la capacit\u00e9 de charge. Dans les [&hellip;]<\/p>\n","protected":false},"featured_media":20065,"template":"","meta":{"inline_featured_image":false},"product_brand":[228],"product_cat":[95,609,610,45],"product_tag":[],"class_list":{"0":"post-20064","1":"product","2":"type-product","3":"status-publish","4":"has-post-thumbnail","6":"product_brand-cheminees-securite","7":"product_cat-cheminees","8":"product_cat-secure-temp-asht","9":"product_cat-secure-temp-s2100","10":"product_cat-cheminees-pieces-accessoires","12":"first","13":"instock","14":"taxable","15":"shipping-taxable","16":"purchasable","17":"product-type-variable"},"yoast_head":"<!-- This site is optimized with the Yoast SEO Premium plugin v24.2 (Yoast SEO v24.2) - https:\/\/yoast.com\/wordpress\/plugins\/seo\/ -->\n<title>Support Mural (UNIVERSEL) Secure Temp ASHT - Groupe BelleFlamme<\/title>\n<meta name=\"description\" content=\"Support Mural (UNIVERSEL) Secure Temp ASHT vendu et install\u00e9 par le Groupe Belleflamme. Laval, Montr\u00e9al, Gatineau, Drummondville et Saint-Sauveur.\" \/>\n<meta name=\"robots\" content=\"index, follow, max-snippet:-1, max-image-preview:large, max-video-preview:-1\" \/>\n<link rel=\"canonical\" href=\"https:\/\/staging.belleflamme.ca\/fr\/produit\/support-mural-universel-secure-temp-asht\/\" \/>\n<meta property=\"og:locale\" content=\"fr_FR\" \/>\n<meta property=\"og:type\" content=\"article\" \/>\n<meta property=\"og:title\" content=\"Support Mural (UNIVERSEL) Secure Temp ASHT\" \/>\n<meta property=\"og:description\" content=\"Support Mural (UNIVERSEL) Secure Temp ASHT vendu et install\u00e9 par le Groupe Belleflamme. Laval, Montr\u00e9al, Gatineau, Drummondville et Saint-Sauveur.\" \/>\n<meta property=\"og:url\" content=\"https:\/\/staging.belleflamme.ca\/fr\/produit\/support-mural-universel-secure-temp-asht\/\" \/>\n<meta property=\"og:site_name\" content=\"Groupe BelleFlamme\" \/>\n<meta property=\"article:publisher\" content=\"https:\/\/www.facebook.com\/belleflamme.ca\/\" \/>\n<meta property=\"article:modified_time\" content=\"2025-03-11T14:49:50+00:00\" \/>\n<meta property=\"og:image\" content=\"https:\/\/www.belleflamme.ca\/wp-content\/uploads\/2023\/11\/Support-Mural-UNIVERSEL-Secure-Temp-ASHT.webp\" \/>\n\t<meta property=\"og:image:width\" content=\"1000\" \/>\n\t<meta property=\"og:image:height\" content=\"1000\" \/>\n\t<meta property=\"og:image:type\" content=\"image\/webp\" \/>\n<meta name=\"twitter:card\" content=\"summary_large_image\" \/>\n<meta name=\"twitter:label1\" content=\"Disponibilit\u00e9\" \/>\n\t<meta name=\"twitter:data1\" content=\"En stock\" \/>\n<script type=\"application\/ld+json\" class=\"yoast-schema-graph\">{\"@context\":\"https:\/\/schema.org\",\"@graph\":[{\"@type\":[\"WebPage\",\"ItemPage\"],\"@id\":\"https:\/\/staging.belleflamme.ca\/fr\/produit\/support-mural-universel-secure-temp-asht\/\",\"url\":\"https:\/\/staging.belleflamme.ca\/fr\/produit\/support-mural-universel-secure-temp-asht\/\",\"name\":\"Support Mural (UNIVERSEL) Secure Temp ASHT - Groupe BelleFlamme\",\"isPartOf\":{\"@id\":\"https:\/\/www.belleflamme.ca\/fr\/#website\"},\"primaryImageOfPage\":{\"@id\":\"https:\/\/staging.belleflamme.ca\/fr\/produit\/support-mural-universel-secure-temp-asht\/#primaryimage\"},\"image\":{\"@id\":\"https:\/\/staging.belleflamme.ca\/fr\/produit\/support-mural-universel-secure-temp-asht\/#primaryimage\"},\"thumbnailUrl\":\"https:\/\/staging.belleflamme.ca\/wp-content\/uploads\/2023\/11\/Support-Mural-UNIVERSEL-Secure-Temp-ASHT.webp\",\"datePublished\":\"2023-11-06T17:35:06+00:00\",\"dateModified\":\"2025-03-11T14:49:50+00:00\",\"description\":\"Support Mural (UNIVERSEL) Secure Temp ASHT [get_meta_en_fr]\",\"breadcrumb\":{\"@id\":\"https:\/\/staging.belleflamme.ca\/fr\/produit\/support-mural-universel-secure-temp-asht\/#breadcrumb\"},\"inLanguage\":\"fr-FR\",\"potentialAction\":[{\"@type\":\"ReadAction\",\"target\":[\"https:\/\/staging.belleflamme.ca\/fr\/produit\/support-mural-universel-secure-temp-asht\/\"]}]},{\"@type\":\"ImageObject\",\"inLanguage\":\"fr-FR\",\"@id\":\"https:\/\/staging.belleflamme.ca\/fr\/produit\/support-mural-universel-secure-temp-asht\/#primaryimage\",\"url\":\"https:\/\/staging.belleflamme.ca\/wp-content\/uploads\/2023\/11\/Support-Mural-UNIVERSEL-Secure-Temp-ASHT.webp\",\"contentUrl\":\"https:\/\/staging.belleflamme.ca\/wp-content\/uploads\/2023\/11\/Support-Mural-UNIVERSEL-Secure-Temp-ASHT.webp\",\"width\":1000,\"height\":1000,\"caption\":\"Support Mural (UNIVERSEL) Secure Temp ASHT\"},{\"@type\":\"BreadcrumbList\",\"@id\":\"https:\/\/staging.belleflamme.ca\/fr\/produit\/support-mural-universel-secure-temp-asht\/#breadcrumb\",\"itemListElement\":[{\"@type\":\"ListItem\",\"position\":1,\"name\":\"Accueil\",\"item\":\"https:\/\/www.belleflamme.ca\/fr\/\"},{\"@type\":\"ListItem\",\"position\":2,\"name\":\"Boutique\",\"item\":\"https:\/\/www.belleflamme.ca\/fr\/boutique\/\"},{\"@type\":\"ListItem\",\"position\":3,\"name\":\"Chemin\u00e9es, Pi\u00e8ces &amp; Accessoires\",\"item\":\"https:\/\/staging.belleflamme.ca\/fr\/categories\/cheminees-pieces-accessoires\/\"},{\"@type\":\"ListItem\",\"position\":4,\"name\":\"Chemin\u00e9es\",\"item\":\"https:\/\/staging.belleflamme.ca\/fr\/categories\/cheminees-pieces-accessoires\/cheminees\/\"},{\"@type\":\"ListItem\",\"position\":5,\"name\":\"Secure Temp ASHT+\",\"item\":\"https:\/\/staging.belleflamme.ca\/fr\/categories\/cheminees-pieces-accessoires\/cheminees\/secure-temp-asht\/\"},{\"@type\":\"ListItem\",\"position\":6,\"name\":\"Support Mural (UNIVERSEL) Secure Temp ASHT\"}]},{\"@type\":\"WebSite\",\"@id\":\"https:\/\/www.belleflamme.ca\/fr\/#website\",\"url\":\"https:\/\/www.belleflamme.ca\/fr\/\",\"name\":\"Groupe Belleflamme\",\"description\":\"La m\u00e9canique du b\u00e2timent dans le sang.\",\"publisher\":{\"@id\":\"https:\/\/www.belleflamme.ca\/fr\/#organization\"},\"potentialAction\":[{\"@type\":\"SearchAction\",\"target\":{\"@type\":\"EntryPoint\",\"urlTemplate\":\"https:\/\/www.belleflamme.ca\/fr\/?s={search_term_string}\"},\"query-input\":{\"@type\":\"PropertyValueSpecification\",\"valueRequired\":true,\"valueName\":\"search_term_string\"}}],\"inLanguage\":\"fr-FR\"},{\"@type\":[\"Organization\",\"Place\"],\"@id\":\"https:\/\/www.belleflamme.ca\/fr\/#organization\",\"name\":\"Groupe Belleflamme\",\"alternateName\":\"Belleflamme\",\"url\":\"https:\/\/www.belleflamme.ca\/fr\/\",\"logo\":{\"@type\":\"ImageObject\",\"inLanguage\":\"fr-FR\",\"@id\":\"https:\/\/www.belleflamme.ca\/fr\/#\/schema\/logo\/image\/\",\"url\":\"https:\/\/staging.belleflamme.ca\/wp-content\/uploads\/2023\/01\/og-image.jpg\",\"contentUrl\":\"https:\/\/staging.belleflamme.ca\/wp-content\/uploads\/2023\/01\/og-image.jpg\",\"width\":1200,\"height\":630,\"caption\":\"Groupe Belleflamme\"},\"image\":{\"@id\":\"https:\/\/www.belleflamme.ca\/fr\/#\/schema\/logo\/image\/\"},\"sameAs\":[\"https:\/\/www.facebook.com\/belleflamme.ca\/\",\"https:\/\/www.linkedin.com\/company\/belleflamme\/\",\"https:\/\/www.pinterest.ca\/groupebelleflamme\/\",\"https:\/\/www.instagram.com\/legroupebelleflamme\/\"],\"mainEntityOfPage\":{\"@id\":\"https:\/\/staging.belleflamme.ca\/fr\/produit\/support-mural-universel-secure-temp-asht\/\"}}]}<\/script>\n<meta property=\"product:brand\" content=\"Chemin\u00e9es S\u00e9curit\u00e9\" \/>\n<meta property=\"og:availability\" content=\"instock\" \/>\n<meta property=\"product:availability\" content=\"instock\" \/>\n<meta property=\"product:condition\" content=\"new\" \/>\n<!-- \/ Yoast SEO Premium plugin. -->","yoast_head_json":{"title":"Support Mural (UNIVERSEL) Secure Temp ASHT - Groupe BelleFlamme","description":"Support Mural (UNIVERSEL) Secure Temp ASHT vendu et install\u00e9 par le Groupe Belleflamme. Laval, Montr\u00e9al, Gatineau, Drummondville et Saint-Sauveur.","robots":{"index":"index","follow":"follow","max-snippet":"max-snippet:-1","max-image-preview":"max-image-preview:large","max-video-preview":"max-video-preview:-1"},"canonical":"https:\/\/staging.belleflamme.ca\/fr\/produit\/support-mural-universel-secure-temp-asht\/","og_locale":"fr_FR","og_type":"article","og_title":"Support Mural (UNIVERSEL) Secure Temp ASHT","og_description":"Support Mural (UNIVERSEL) Secure Temp ASHT vendu et install\u00e9 par le Groupe Belleflamme. Laval, Montr\u00e9al, Gatineau, Drummondville et Saint-Sauveur.","og_url":"https:\/\/staging.belleflamme.ca\/fr\/produit\/support-mural-universel-secure-temp-asht\/","og_site_name":"Groupe BelleFlamme","article_publisher":"https:\/\/www.facebook.com\/belleflamme.ca\/","article_modified_time":"2025-03-11T14:49:50+00:00","og_image":[{"width":1000,"height":1000,"url":"https:\/\/www.belleflamme.ca\/wp-content\/uploads\/2023\/11\/Support-Mural-UNIVERSEL-Secure-Temp-ASHT.webp","type":"image\/webp"}],"twitter_card":"summary_large_image","twitter_misc":{"Disponibilit\u00e9":"En stock"},"schema":{"@context":"https:\/\/schema.org","@graph":[{"@type":["WebPage","ItemPage"],"@id":"https:\/\/staging.belleflamme.ca\/fr\/produit\/support-mural-universel-secure-temp-asht\/","url":"https:\/\/staging.belleflamme.ca\/fr\/produit\/support-mural-universel-secure-temp-asht\/","name":"Support Mural (UNIVERSEL) Secure Temp ASHT - Groupe BelleFlamme","isPartOf":{"@id":"https:\/\/www.belleflamme.ca\/fr\/#website"},"primaryImageOfPage":{"@id":"https:\/\/staging.belleflamme.ca\/fr\/produit\/support-mural-universel-secure-temp-asht\/#primaryimage"},"image":{"@id":"https:\/\/staging.belleflamme.ca\/fr\/produit\/support-mural-universel-secure-temp-asht\/#primaryimage"},"thumbnailUrl":"https:\/\/staging.belleflamme.ca\/wp-content\/uploads\/2023\/11\/Support-Mural-UNIVERSEL-Secure-Temp-ASHT.webp","datePublished":"2023-11-06T17:35:06+00:00","dateModified":"2025-03-11T14:49:50+00:00","description":"Support Mural (UNIVERSEL) Secure Temp ASHT [get_meta_en_fr]","breadcrumb":{"@id":"https:\/\/staging.belleflamme.ca\/fr\/produit\/support-mural-universel-secure-temp-asht\/#breadcrumb"},"inLanguage":"fr-FR","potentialAction":[{"@type":"ReadAction","target":["https:\/\/staging.belleflamme.ca\/fr\/produit\/support-mural-universel-secure-temp-asht\/"]}]},{"@type":"ImageObject","inLanguage":"fr-FR","@id":"https:\/\/staging.belleflamme.ca\/fr\/produit\/support-mural-universel-secure-temp-asht\/#primaryimage","url":"https:\/\/staging.belleflamme.ca\/wp-content\/uploads\/2023\/11\/Support-Mural-UNIVERSEL-Secure-Temp-ASHT.webp","contentUrl":"https:\/\/staging.belleflamme.ca\/wp-content\/uploads\/2023\/11\/Support-Mural-UNIVERSEL-Secure-Temp-ASHT.webp","width":1000,"height":1000,"caption":"Support Mural (UNIVERSEL) Secure Temp ASHT"},{"@type":"BreadcrumbList","@id":"https:\/\/staging.belleflamme.ca\/fr\/produit\/support-mural-universel-secure-temp-asht\/#breadcrumb","itemListElement":[{"@type":"ListItem","position":1,"name":"Accueil","item":"https:\/\/www.belleflamme.ca\/fr\/"},{"@type":"ListItem","position":2,"name":"Boutique","item":"https:\/\/www.belleflamme.ca\/fr\/boutique\/"},{"@type":"ListItem","position":3,"name":"Chemin\u00e9es, Pi\u00e8ces &amp; Accessoires","item":"https:\/\/staging.belleflamme.ca\/fr\/categories\/cheminees-pieces-accessoires\/"},{"@type":"ListItem","position":4,"name":"Chemin\u00e9es","item":"https:\/\/staging.belleflamme.ca\/fr\/categories\/cheminees-pieces-accessoires\/cheminees\/"},{"@type":"ListItem","position":5,"name":"Secure Temp ASHT+","item":"https:\/\/staging.belleflamme.ca\/fr\/categories\/cheminees-pieces-accessoires\/cheminees\/secure-temp-asht\/"},{"@type":"ListItem","position":6,"name":"Support Mural (UNIVERSEL) Secure Temp ASHT"}]},{"@type":"WebSite","@id":"https:\/\/www.belleflamme.ca\/fr\/#website","url":"https:\/\/www.belleflamme.ca\/fr\/","name":"Groupe Belleflamme","description":"La m\u00e9canique du b\u00e2timent dans le sang.","publisher":{"@id":"https:\/\/www.belleflamme.ca\/fr\/#organization"},"potentialAction":[{"@type":"SearchAction","target":{"@type":"EntryPoint","urlTemplate":"https:\/\/www.belleflamme.ca\/fr\/?s={search_term_string}"},"query-input":{"@type":"PropertyValueSpecification","valueRequired":true,"valueName":"search_term_string"}}],"inLanguage":"fr-FR"},{"@type":["Organization","Place"],"@id":"https:\/\/www.belleflamme.ca\/fr\/#organization","name":"Groupe Belleflamme","alternateName":"Belleflamme","url":"https:\/\/www.belleflamme.ca\/fr\/","logo":{"@type":"ImageObject","inLanguage":"fr-FR","@id":"https:\/\/www.belleflamme.ca\/fr\/#\/schema\/logo\/image\/","url":"https:\/\/staging.belleflamme.ca\/wp-content\/uploads\/2023\/01\/og-image.jpg","contentUrl":"https:\/\/staging.belleflamme.ca\/wp-content\/uploads\/2023\/01\/og-image.jpg","width":1200,"height":630,"caption":"Groupe Belleflamme"},"image":{"@id":"https:\/\/www.belleflamme.ca\/fr\/#\/schema\/logo\/image\/"},"sameAs":["https:\/\/www.facebook.com\/belleflamme.ca\/","https:\/\/www.linkedin.com\/company\/belleflamme\/","https:\/\/www.pinterest.ca\/groupebelleflamme\/","https:\/\/www.instagram.com\/legroupebelleflamme\/"],"mainEntityOfPage":{"@id":"https:\/\/staging.belleflamme.ca\/fr\/produit\/support-mural-universel-secure-temp-asht\/"}}]},"product_brand":"Chemin\u00e9es S\u00e9curit\u00e9","og_availability":"instock","product_availability":"instock","product_condition":"new"},"_links":{"self":[{"href":"https:\/\/staging.belleflamme.ca\/fr\/wp-json\/wp\/v2\/product\/20064","targetHints":{"allow":["GET"]}}],"collection":[{"href":"https:\/\/staging.belleflamme.ca\/fr\/wp-json\/wp\/v2\/product"}],"about":[{"href":"https:\/\/staging.belleflamme.ca\/fr\/wp-json\/wp\/v2\/types\/product"}],"version-history":[{"count":1,"href":"https:\/\/staging.belleflamme.ca\/fr\/wp-json\/wp\/v2\/product\/20064\/revisions"}],"predecessor-version":[{"id":20076,"href":"https:\/\/staging.belleflamme.ca\/fr\/wp-json\/wp\/v2\/product\/20064\/revisions\/20076"}],"wp:featuredmedia":[{"embeddable":true,"href":"https:\/\/staging.belleflamme.ca\/fr\/wp-json\/wp\/v2\/media\/20065"}],"wp:attachment":[{"href":"https:\/\/staging.belleflamme.ca\/fr\/wp-json\/wp\/v2\/media?parent=20064"}],"wp:term":[{"taxonomy":"product_brand","embeddable":true,"href":"https:\/\/staging.belleflamme.ca\/fr\/wp-json\/wp\/v2\/product_brand?post=20064"},{"taxonomy":"product_cat","embeddable":true,"href":"https:\/\/staging.belleflamme.ca\/fr\/wp-json\/wp\/v2\/product_cat?post=20064"},{"taxonomy":"product_tag","embeddable":true,"href":"https:\/\/staging.belleflamme.ca\/fr\/wp-json\/wp\/v2\/product_tag?post=20064"}],"curies":[{"name":"wp","href":"https:\/\/api.w.org\/{rel}","templated":true}]}}