{"id":19683,"date":"2023-11-04T14:05:39","date_gmt":"2023-11-04T18:05:39","guid":{"rendered":"https:\/\/www.belleflamme.ca\/?post_type=product&#038;p=19683"},"modified":"2025-03-11T09:26:42","modified_gmt":"2025-03-11T13:26:42","slug":"cone-de-finition-secure-temp-s2100","status":"publish","type":"product","link":"https:\/\/staging.belleflamme.ca\/fr\/produit\/cone-de-finition-secure-temp-s2100\/","title":{"rendered":"C\u00f4ne de finition Secure Temp S2100 et Secure Temps ASHT"},"content":{"rendered":"<p>Dans les installations \u00e0 travers le mur, le c\u00f4ne de finition peut \u00eatre utilis\u00e9 en combinaison avec un prolongement de conduit TwistLock pour dissimuler la chemin\u00e9e en acier inoxydable qui serait autrement visible de l&#8217;int\u00e9rieur de l&#8217;habitation. N\u00e9cessite une longueur de projection fixe de 5&#8243;.<\/p>\n<p><img fetchpriority=\"high\" decoding=\"async\" class=\"alignnone size-full wp-image-19686\" src=\"https:\/\/www.belleflamme.ca\/wp-content\/uploads\/2023\/11\/2023-11-04-14_03_37-LS304F_Catalog_Secure-Temp_S2100_03-22-21_V5-1.pdf.png\" alt=\"\" width=\"394\" height=\"486\" srcset=\"https:\/\/staging.belleflamme.ca\/wp-content\/uploads\/2023\/11\/2023-11-04-14_03_37-LS304F_Catalog_Secure-Temp_S2100_03-22-21_V5-1.pdf.png 394w, https:\/\/staging.belleflamme.ca\/wp-content\/uploads\/2023\/11\/2023-11-04-14_03_37-LS304F_Catalog_Secure-Temp_S2100_03-22-21_V5-1.pdf-243x300.png 243w\" sizes=\"(max-width: 394px) 100vw, 394px\" \/><\/p>\n<p><img decoding=\"async\" class=\"alignnone size-full wp-image-19688\" src=\"https:\/\/www.belleflamme.ca\/wp-content\/uploads\/2023\/11\/2023-11-04-14_03_28-LS304F_Catalog_Secure-Temp_S2100_03-22-21_V5-1.pdf.png\" alt=\"\" width=\"767\" height=\"487\" srcset=\"https:\/\/staging.belleflamme.ca\/wp-content\/uploads\/2023\/11\/2023-11-04-14_03_28-LS304F_Catalog_Secure-Temp_S2100_03-22-21_V5-1.pdf.png 767w, https:\/\/staging.belleflamme.ca\/wp-content\/uploads\/2023\/11\/2023-11-04-14_03_28-LS304F_Catalog_Secure-Temp_S2100_03-22-21_V5-1.pdf-300x190.png 300w\" sizes=\"(max-width: 767px) 100vw, 767px\" \/><\/p>\n","protected":false},"excerpt":{"rendered":"<p>Dans les installations \u00e0 travers le mur, le c\u00f4ne de finition peut \u00eatre utilis\u00e9 en combinaison avec un prolongement de conduit TwistLock pour dissimuler la chemin\u00e9e en acier inoxydable qui serait autrement visible de l&#8217;int\u00e9rieur de l&#8217;habitation. N\u00e9cessite une longueur de projection fixe de 5&#8243;.<\/p>\n","protected":false},"featured_media":19684,"template":"","meta":{"inline_featured_image":false},"product_brand":[228],"product_cat":[95,609,610,45],"product_tag":[],"class_list":{"0":"post-19683","1":"product","2":"type-product","3":"status-publish","4":"has-post-thumbnail","6":"product_brand-cheminees-securite","7":"product_cat-cheminees","8":"product_cat-secure-temp-asht","9":"product_cat-secure-temp-s2100","10":"product_cat-cheminees-pieces-accessoires","12":"first","13":"instock","14":"taxable","15":"shipping-taxable","16":"purchasable","17":"product-type-simple"},"yoast_head":"<!-- This site is optimized with the Yoast SEO Premium plugin v24.2 (Yoast SEO v24.2) - https:\/\/yoast.com\/wordpress\/plugins\/seo\/ -->\n<title>C\u00f4ne de finition Secure Temp S2100 et Secure Temps ASHT - Groupe BelleFlamme<\/title>\n<meta name=\"description\" content=\"C\u00f4ne de finition Secure Temp S2100 et Secure Temps ASHT vendu et install\u00e9 par le Groupe Belleflamme. Laval, Montr\u00e9al, Gatineau, Drummondville et Saint-Sauveur.\" \/>\n<meta name=\"robots\" content=\"index, follow, max-snippet:-1, max-image-preview:large, max-video-preview:-1\" \/>\n<link rel=\"canonical\" href=\"https:\/\/staging.belleflamme.ca\/fr\/produit\/cone-de-finition-secure-temp-s2100\/\" \/>\n<meta property=\"og:locale\" content=\"fr_FR\" \/>\n<meta property=\"og:type\" content=\"article\" \/>\n<meta property=\"og:title\" content=\"C\u00f4ne de finition Secure Temp S2100 et Secure Temps ASHT\" \/>\n<meta property=\"og:description\" content=\"C\u00f4ne de finition Secure Temp S2100 et Secure Temps ASHT vendu et install\u00e9 par le Groupe Belleflamme. Laval, Montr\u00e9al, Gatineau, Drummondville et Saint-Sauveur.\" \/>\n<meta property=\"og:url\" content=\"https:\/\/staging.belleflamme.ca\/fr\/produit\/cone-de-finition-secure-temp-s2100\/\" \/>\n<meta property=\"og:site_name\" content=\"Groupe BelleFlamme\" \/>\n<meta property=\"article:publisher\" content=\"https:\/\/www.facebook.com\/belleflamme.ca\/\" \/>\n<meta property=\"article:modified_time\" content=\"2025-03-11T13:26:42+00:00\" \/>\n<meta property=\"og:image\" content=\"https:\/\/www.belleflamme.ca\/wp-content\/uploads\/2023\/11\/Cone-de-finition-Secure-Temp-S2100.webp\" \/>\n\t<meta property=\"og:image:width\" content=\"1000\" \/>\n\t<meta property=\"og:image:height\" content=\"1000\" \/>\n\t<meta property=\"og:image:type\" content=\"image\/webp\" \/>\n<meta name=\"twitter:card\" content=\"summary_large_image\" \/>\n<meta name=\"twitter:label1\" content=\"Prix\" \/>\n\t<meta name=\"twitter:data1\" content=\"&#036;126.44\" \/>\n\t<meta name=\"twitter:label2\" content=\"Disponibilit\u00e9\" \/>\n\t<meta name=\"twitter:data2\" content=\"En stock\" \/>\n<script type=\"application\/ld+json\" class=\"yoast-schema-graph\">{\"@context\":\"https:\/\/schema.org\",\"@graph\":[{\"@type\":[\"WebPage\",\"ItemPage\"],\"@id\":\"https:\/\/staging.belleflamme.ca\/fr\/produit\/cone-de-finition-secure-temp-s2100\/\",\"url\":\"https:\/\/staging.belleflamme.ca\/fr\/produit\/cone-de-finition-secure-temp-s2100\/\",\"name\":\"C\u00f4ne de finition Secure Temp S2100 et Secure Temps ASHT - Groupe BelleFlamme\",\"isPartOf\":{\"@id\":\"https:\/\/www.belleflamme.ca\/fr\/#website\"},\"primaryImageOfPage\":{\"@id\":\"https:\/\/staging.belleflamme.ca\/fr\/produit\/cone-de-finition-secure-temp-s2100\/#primaryimage\"},\"image\":{\"@id\":\"https:\/\/staging.belleflamme.ca\/fr\/produit\/cone-de-finition-secure-temp-s2100\/#primaryimage\"},\"thumbnailUrl\":\"https:\/\/staging.belleflamme.ca\/wp-content\/uploads\/2023\/11\/Cone-de-finition-Secure-Temp-S2100.webp\",\"datePublished\":\"2023-11-04T18:05:39+00:00\",\"dateModified\":\"2025-03-11T13:26:42+00:00\",\"description\":\"C\u00f4ne de finition Secure Temp S2100 et Secure Temps ASHT [get_meta_en_fr]\",\"breadcrumb\":{\"@id\":\"https:\/\/staging.belleflamme.ca\/fr\/produit\/cone-de-finition-secure-temp-s2100\/#breadcrumb\"},\"inLanguage\":\"fr-FR\",\"potentialAction\":[{\"@type\":\"ReadAction\",\"target\":[\"https:\/\/staging.belleflamme.ca\/fr\/produit\/cone-de-finition-secure-temp-s2100\/\"]}]},{\"@type\":\"ImageObject\",\"inLanguage\":\"fr-FR\",\"@id\":\"https:\/\/staging.belleflamme.ca\/fr\/produit\/cone-de-finition-secure-temp-s2100\/#primaryimage\",\"url\":\"https:\/\/staging.belleflamme.ca\/wp-content\/uploads\/2023\/11\/Cone-de-finition-Secure-Temp-S2100.webp\",\"contentUrl\":\"https:\/\/staging.belleflamme.ca\/wp-content\/uploads\/2023\/11\/Cone-de-finition-Secure-Temp-S2100.webp\",\"width\":1000,\"height\":1000,\"caption\":\"C\u00f4ne de finition Secure Temp S2100\"},{\"@type\":\"BreadcrumbList\",\"@id\":\"https:\/\/staging.belleflamme.ca\/fr\/produit\/cone-de-finition-secure-temp-s2100\/#breadcrumb\",\"itemListElement\":[{\"@type\":\"ListItem\",\"position\":1,\"name\":\"Accueil\",\"item\":\"https:\/\/www.belleflamme.ca\/fr\/\"},{\"@type\":\"ListItem\",\"position\":2,\"name\":\"Boutique\",\"item\":\"https:\/\/www.belleflamme.ca\/fr\/boutique\/\"},{\"@type\":\"ListItem\",\"position\":3,\"name\":\"Chemin\u00e9es, Pi\u00e8ces &amp; Accessoires\",\"item\":\"https:\/\/staging.belleflamme.ca\/fr\/categories\/cheminees-pieces-accessoires\/\"},{\"@type\":\"ListItem\",\"position\":4,\"name\":\"Chemin\u00e9es\",\"item\":\"https:\/\/staging.belleflamme.ca\/fr\/categories\/cheminees-pieces-accessoires\/cheminees\/\"},{\"@type\":\"ListItem\",\"position\":5,\"name\":\"Secure Temp S2100+\",\"item\":\"https:\/\/staging.belleflamme.ca\/fr\/categories\/cheminees-pieces-accessoires\/cheminees\/secure-temp-s2100\/\"},{\"@type\":\"ListItem\",\"position\":6,\"name\":\"C\u00f4ne de finition Secure Temp S2100 et Secure Temps ASHT\"}]},{\"@type\":\"WebSite\",\"@id\":\"https:\/\/www.belleflamme.ca\/fr\/#website\",\"url\":\"https:\/\/www.belleflamme.ca\/fr\/\",\"name\":\"Groupe Belleflamme\",\"description\":\"La m\u00e9canique du b\u00e2timent dans le sang.\",\"publisher\":{\"@id\":\"https:\/\/www.belleflamme.ca\/fr\/#organization\"},\"potentialAction\":[{\"@type\":\"SearchAction\",\"target\":{\"@type\":\"EntryPoint\",\"urlTemplate\":\"https:\/\/www.belleflamme.ca\/fr\/?s={search_term_string}\"},\"query-input\":{\"@type\":\"PropertyValueSpecification\",\"valueRequired\":true,\"valueName\":\"search_term_string\"}}],\"inLanguage\":\"fr-FR\"},{\"@type\":[\"Organization\",\"Place\"],\"@id\":\"https:\/\/www.belleflamme.ca\/fr\/#organization\",\"name\":\"Groupe Belleflamme\",\"alternateName\":\"Belleflamme\",\"url\":\"https:\/\/www.belleflamme.ca\/fr\/\",\"logo\":{\"@type\":\"ImageObject\",\"inLanguage\":\"fr-FR\",\"@id\":\"https:\/\/www.belleflamme.ca\/fr\/#\/schema\/logo\/image\/\",\"url\":\"https:\/\/staging.belleflamme.ca\/wp-content\/uploads\/2023\/01\/og-image.jpg\",\"contentUrl\":\"https:\/\/staging.belleflamme.ca\/wp-content\/uploads\/2023\/01\/og-image.jpg\",\"width\":1200,\"height\":630,\"caption\":\"Groupe Belleflamme\"},\"image\":{\"@id\":\"https:\/\/www.belleflamme.ca\/fr\/#\/schema\/logo\/image\/\"},\"sameAs\":[\"https:\/\/www.facebook.com\/belleflamme.ca\/\",\"https:\/\/www.linkedin.com\/company\/belleflamme\/\",\"https:\/\/www.pinterest.ca\/groupebelleflamme\/\",\"https:\/\/www.instagram.com\/legroupebelleflamme\/\"],\"mainEntityOfPage\":{\"@id\":\"https:\/\/staging.belleflamme.ca\/fr\/produit\/cone-de-finition-secure-temp-s2100\/\"}}]}<\/script>\n<meta property=\"product:brand\" content=\"Chemin\u00e9es S\u00e9curit\u00e9\" \/>\n<meta property=\"product:price:amount\" content=\"126.44\" \/>\n<meta property=\"product:price:currency\" content=\"CAD\" \/>\n<meta property=\"og:availability\" content=\"instock\" \/>\n<meta property=\"product:availability\" content=\"instock\" \/>\n<meta property=\"product:retailer_item_id\" content=\"6PD-1\" \/>\n<meta property=\"product:condition\" content=\"new\" \/>\n<!-- \/ Yoast SEO Premium plugin. -->","yoast_head_json":{"title":"C\u00f4ne de finition Secure Temp S2100 et Secure Temps ASHT - Groupe BelleFlamme","description":"C\u00f4ne de finition Secure Temp S2100 et Secure Temps ASHT vendu et install\u00e9 par le Groupe Belleflamme. Laval, Montr\u00e9al, Gatineau, Drummondville et Saint-Sauveur.","robots":{"index":"index","follow":"follow","max-snippet":"max-snippet:-1","max-image-preview":"max-image-preview:large","max-video-preview":"max-video-preview:-1"},"canonical":"https:\/\/staging.belleflamme.ca\/fr\/produit\/cone-de-finition-secure-temp-s2100\/","og_locale":"fr_FR","og_type":"article","og_title":"C\u00f4ne de finition Secure Temp S2100 et Secure Temps ASHT","og_description":"C\u00f4ne de finition Secure Temp S2100 et Secure Temps ASHT vendu et install\u00e9 par le Groupe Belleflamme. Laval, Montr\u00e9al, Gatineau, Drummondville et Saint-Sauveur.","og_url":"https:\/\/staging.belleflamme.ca\/fr\/produit\/cone-de-finition-secure-temp-s2100\/","og_site_name":"Groupe BelleFlamme","article_publisher":"https:\/\/www.facebook.com\/belleflamme.ca\/","article_modified_time":"2025-03-11T13:26:42+00:00","og_image":[{"width":1000,"height":1000,"url":"https:\/\/www.belleflamme.ca\/wp-content\/uploads\/2023\/11\/Cone-de-finition-Secure-Temp-S2100.webp","type":"image\/webp"}],"twitter_card":"summary_large_image","twitter_misc":{"Prix":"&#36;126.44","Disponibilit\u00e9":"En stock"},"schema":{"@context":"https:\/\/schema.org","@graph":[{"@type":["WebPage","ItemPage"],"@id":"https:\/\/staging.belleflamme.ca\/fr\/produit\/cone-de-finition-secure-temp-s2100\/","url":"https:\/\/staging.belleflamme.ca\/fr\/produit\/cone-de-finition-secure-temp-s2100\/","name":"C\u00f4ne de finition Secure Temp S2100 et Secure Temps ASHT - Groupe BelleFlamme","isPartOf":{"@id":"https:\/\/www.belleflamme.ca\/fr\/#website"},"primaryImageOfPage":{"@id":"https:\/\/staging.belleflamme.ca\/fr\/produit\/cone-de-finition-secure-temp-s2100\/#primaryimage"},"image":{"@id":"https:\/\/staging.belleflamme.ca\/fr\/produit\/cone-de-finition-secure-temp-s2100\/#primaryimage"},"thumbnailUrl":"https:\/\/staging.belleflamme.ca\/wp-content\/uploads\/2023\/11\/Cone-de-finition-Secure-Temp-S2100.webp","datePublished":"2023-11-04T18:05:39+00:00","dateModified":"2025-03-11T13:26:42+00:00","description":"C\u00f4ne de finition Secure Temp S2100 et Secure Temps ASHT [get_meta_en_fr]","breadcrumb":{"@id":"https:\/\/staging.belleflamme.ca\/fr\/produit\/cone-de-finition-secure-temp-s2100\/#breadcrumb"},"inLanguage":"fr-FR","potentialAction":[{"@type":"ReadAction","target":["https:\/\/staging.belleflamme.ca\/fr\/produit\/cone-de-finition-secure-temp-s2100\/"]}]},{"@type":"ImageObject","inLanguage":"fr-FR","@id":"https:\/\/staging.belleflamme.ca\/fr\/produit\/cone-de-finition-secure-temp-s2100\/#primaryimage","url":"https:\/\/staging.belleflamme.ca\/wp-content\/uploads\/2023\/11\/Cone-de-finition-Secure-Temp-S2100.webp","contentUrl":"https:\/\/staging.belleflamme.ca\/wp-content\/uploads\/2023\/11\/Cone-de-finition-Secure-Temp-S2100.webp","width":1000,"height":1000,"caption":"C\u00f4ne de finition Secure Temp S2100"},{"@type":"BreadcrumbList","@id":"https:\/\/staging.belleflamme.ca\/fr\/produit\/cone-de-finition-secure-temp-s2100\/#breadcrumb","itemListElement":[{"@type":"ListItem","position":1,"name":"Accueil","item":"https:\/\/www.belleflamme.ca\/fr\/"},{"@type":"ListItem","position":2,"name":"Boutique","item":"https:\/\/www.belleflamme.ca\/fr\/boutique\/"},{"@type":"ListItem","position":3,"name":"Chemin\u00e9es, Pi\u00e8ces &amp; Accessoires","item":"https:\/\/staging.belleflamme.ca\/fr\/categories\/cheminees-pieces-accessoires\/"},{"@type":"ListItem","position":4,"name":"Chemin\u00e9es","item":"https:\/\/staging.belleflamme.ca\/fr\/categories\/cheminees-pieces-accessoires\/cheminees\/"},{"@type":"ListItem","position":5,"name":"Secure Temp S2100+","item":"https:\/\/staging.belleflamme.ca\/fr\/categories\/cheminees-pieces-accessoires\/cheminees\/secure-temp-s2100\/"},{"@type":"ListItem","position":6,"name":"C\u00f4ne de finition Secure Temp S2100 et Secure Temps ASHT"}]},{"@type":"WebSite","@id":"https:\/\/www.belleflamme.ca\/fr\/#website","url":"https:\/\/www.belleflamme.ca\/fr\/","name":"Groupe Belleflamme","description":"La m\u00e9canique du b\u00e2timent dans le sang.","publisher":{"@id":"https:\/\/www.belleflamme.ca\/fr\/#organization"},"potentialAction":[{"@type":"SearchAction","target":{"@type":"EntryPoint","urlTemplate":"https:\/\/www.belleflamme.ca\/fr\/?s={search_term_string}"},"query-input":{"@type":"PropertyValueSpecification","valueRequired":true,"valueName":"search_term_string"}}],"inLanguage":"fr-FR"},{"@type":["Organization","Place"],"@id":"https:\/\/www.belleflamme.ca\/fr\/#organization","name":"Groupe Belleflamme","alternateName":"Belleflamme","url":"https:\/\/www.belleflamme.ca\/fr\/","logo":{"@type":"ImageObject","inLanguage":"fr-FR","@id":"https:\/\/www.belleflamme.ca\/fr\/#\/schema\/logo\/image\/","url":"https:\/\/staging.belleflamme.ca\/wp-content\/uploads\/2023\/01\/og-image.jpg","contentUrl":"https:\/\/staging.belleflamme.ca\/wp-content\/uploads\/2023\/01\/og-image.jpg","width":1200,"height":630,"caption":"Groupe Belleflamme"},"image":{"@id":"https:\/\/www.belleflamme.ca\/fr\/#\/schema\/logo\/image\/"},"sameAs":["https:\/\/www.facebook.com\/belleflamme.ca\/","https:\/\/www.linkedin.com\/company\/belleflamme\/","https:\/\/www.pinterest.ca\/groupebelleflamme\/","https:\/\/www.instagram.com\/legroupebelleflamme\/"],"mainEntityOfPage":{"@id":"https:\/\/staging.belleflamme.ca\/fr\/produit\/cone-de-finition-secure-temp-s2100\/"}}]},"product_brand":"Chemin\u00e9es S\u00e9curit\u00e9","product_price_amount":"126.44","product_price_currency":"CAD","og_availability":"instock","product_availability":"instock","product_retailer_item_id":"6PD-1","product_condition":"new"},"_links":{"self":[{"href":"https:\/\/staging.belleflamme.ca\/fr\/wp-json\/wp\/v2\/product\/19683","targetHints":{"allow":["GET"]}}],"collection":[{"href":"https:\/\/staging.belleflamme.ca\/fr\/wp-json\/wp\/v2\/product"}],"about":[{"href":"https:\/\/staging.belleflamme.ca\/fr\/wp-json\/wp\/v2\/types\/product"}],"version-history":[{"count":2,"href":"https:\/\/staging.belleflamme.ca\/fr\/wp-json\/wp\/v2\/product\/19683\/revisions"}],"predecessor-version":[{"id":43469,"href":"https:\/\/staging.belleflamme.ca\/fr\/wp-json\/wp\/v2\/product\/19683\/revisions\/43469"}],"wp:featuredmedia":[{"embeddable":true,"href":"https:\/\/staging.belleflamme.ca\/fr\/wp-json\/wp\/v2\/media\/19684"}],"wp:attachment":[{"href":"https:\/\/staging.belleflamme.ca\/fr\/wp-json\/wp\/v2\/media?parent=19683"}],"wp:term":[{"taxonomy":"product_brand","embeddable":true,"href":"https:\/\/staging.belleflamme.ca\/fr\/wp-json\/wp\/v2\/product_brand?post=19683"},{"taxonomy":"product_cat","embeddable":true,"href":"https:\/\/staging.belleflamme.ca\/fr\/wp-json\/wp\/v2\/product_cat?post=19683"},{"taxonomy":"product_tag","embeddable":true,"href":"https:\/\/staging.belleflamme.ca\/fr\/wp-json\/wp\/v2\/product_tag?post=19683"}],"curies":[{"name":"wp","href":"https:\/\/api.w.org\/{rel}","templated":true}]}}