{"id":19427,"date":"2023-11-04T12:42:47","date_gmt":"2023-11-04T16:42:47","guid":{"rendered":"https:\/\/www.belleflamme.ca\/?post_type=product&#038;p=19427"},"modified":"2023-11-04T12:43:22","modified_gmt":"2023-11-04T16:43:22","slug":"coupe-feu-de-grenier-ajustable-secure-temp-s2100","status":"publish","type":"product","link":"https:\/\/staging.belleflamme.ca\/fr\/produit\/coupe-feu-de-grenier-ajustable-secure-temp-s2100\/","title":{"rendered":"Coupe-feu de grenier ajustable Secure Temp S2100"},"content":{"rendered":"<p>Coupe radiation de grenier permettant d\u2019assurer un d\u00e9gagement au combustible de la chemin\u00e9e au passage d\u2019un grenier. Fabriqu\u00e9 en deux pi\u00e8ces permettant une hauteur r\u00e9glable de 12 po (30,4 cm) \u00e0 22 po (55,8 cm) pour s\u2019adapter \u00e0 une isolation plus \u00e9paisse. Isol\u00e9 et fourni avec un collet, comme illustr\u00e9.<\/p>\n<p><img fetchpriority=\"high\" decoding=\"async\" class=\"alignnone size-full wp-image-19431\" src=\"https:\/\/www.belleflamme.ca\/wp-content\/uploads\/2023\/11\/2023-11-04-12_39_48-LS304F_Catalog_Secure-Temp_S2100_03-22-21_V5-1.pdf.png\" alt=\"\" width=\"560\" height=\"795\" srcset=\"https:\/\/staging.belleflamme.ca\/wp-content\/uploads\/2023\/11\/2023-11-04-12_39_48-LS304F_Catalog_Secure-Temp_S2100_03-22-21_V5-1.pdf.png 560w, https:\/\/staging.belleflamme.ca\/wp-content\/uploads\/2023\/11\/2023-11-04-12_39_48-LS304F_Catalog_Secure-Temp_S2100_03-22-21_V5-1.pdf-211x300.png 211w\" sizes=\"(max-width: 560px) 100vw, 560px\" \/> <img decoding=\"async\" class=\"alignnone size-full wp-image-19433\" src=\"https:\/\/www.belleflamme.ca\/wp-content\/uploads\/2023\/11\/2023-11-04-12_39_35-LS304F_Catalog_Secure-Temp_S2100_03-22-21_V5-1.pdf.png\" alt=\"\" width=\"1467\" height=\"488\" srcset=\"https:\/\/staging.belleflamme.ca\/wp-content\/uploads\/2023\/11\/2023-11-04-12_39_35-LS304F_Catalog_Secure-Temp_S2100_03-22-21_V5-1.pdf.png 1467w, https:\/\/staging.belleflamme.ca\/wp-content\/uploads\/2023\/11\/2023-11-04-12_39_35-LS304F_Catalog_Secure-Temp_S2100_03-22-21_V5-1.pdf-300x100.png 300w, https:\/\/staging.belleflamme.ca\/wp-content\/uploads\/2023\/11\/2023-11-04-12_39_35-LS304F_Catalog_Secure-Temp_S2100_03-22-21_V5-1.pdf-1024x341.png 1024w, https:\/\/staging.belleflamme.ca\/wp-content\/uploads\/2023\/11\/2023-11-04-12_39_35-LS304F_Catalog_Secure-Temp_S2100_03-22-21_V5-1.pdf-768x255.png 768w, https:\/\/staging.belleflamme.ca\/wp-content\/uploads\/2023\/11\/2023-11-04-12_39_35-LS304F_Catalog_Secure-Temp_S2100_03-22-21_V5-1.pdf-900x299.png 900w\" sizes=\"(max-width: 1467px) 100vw, 1467px\" \/><\/p>\n","protected":false},"excerpt":{"rendered":"<p>Coupe radiation de grenier permettant d\u2019assurer un d\u00e9gagement au combustible de la chemin\u00e9e au passage d\u2019un grenier. Fabriqu\u00e9 en deux pi\u00e8ces permettant une hauteur r\u00e9glable de 12 po (30,4 cm) \u00e0 22 po (55,8 cm) pour s\u2019adapter \u00e0 une isolation plus \u00e9paisse. Isol\u00e9 et fourni avec un collet, comme illustr\u00e9.<\/p>\n","protected":false},"featured_media":19429,"template":"","meta":{"inline_featured_image":false},"product_brand":[228],"product_cat":[95,610,45],"product_tag":[],"class_list":{"0":"post-19427","1":"product","2":"type-product","3":"status-publish","4":"has-post-thumbnail","6":"product_brand-cheminees-securite","7":"product_cat-cheminees","8":"product_cat-secure-temp-s2100","9":"product_cat-cheminees-pieces-accessoires","11":"first","12":"instock","13":"taxable","14":"shipping-taxable","15":"purchasable","16":"product-type-variable"},"yoast_head":"<!-- This site is optimized with the Yoast SEO Premium plugin v24.2 (Yoast SEO v24.2) - https:\/\/yoast.com\/wordpress\/plugins\/seo\/ -->\n<title>Coupe-feu de grenier ajustable Secure Temp S2100 - Groupe BelleFlamme<\/title>\n<meta name=\"description\" content=\"Coupe-feu de grenier ajustable Secure Temp S2100 vendu et install\u00e9 par le Groupe Belleflamme. Laval, Montr\u00e9al, Gatineau, Drummondville et Saint-Sauveur.\" \/>\n<meta name=\"robots\" content=\"index, follow, max-snippet:-1, max-image-preview:large, max-video-preview:-1\" \/>\n<link rel=\"canonical\" href=\"https:\/\/staging.belleflamme.ca\/fr\/produit\/coupe-feu-de-grenier-ajustable-secure-temp-s2100\/\" \/>\n<meta property=\"og:locale\" content=\"fr_FR\" \/>\n<meta property=\"og:type\" content=\"article\" \/>\n<meta property=\"og:title\" content=\"Coupe-feu de grenier ajustable Secure Temp S2100\" \/>\n<meta property=\"og:description\" content=\"Coupe-feu de grenier ajustable Secure Temp S2100 vendu et install\u00e9 par le Groupe Belleflamme. Laval, Montr\u00e9al, Gatineau, Drummondville et Saint-Sauveur.\" \/>\n<meta property=\"og:url\" content=\"https:\/\/staging.belleflamme.ca\/fr\/produit\/coupe-feu-de-grenier-ajustable-secure-temp-s2100\/\" \/>\n<meta property=\"og:site_name\" content=\"Groupe BelleFlamme\" \/>\n<meta property=\"article:publisher\" content=\"https:\/\/www.facebook.com\/belleflamme.ca\/\" \/>\n<meta property=\"article:modified_time\" content=\"2023-11-04T16:43:22+00:00\" \/>\n<meta property=\"og:image\" content=\"https:\/\/www.belleflamme.ca\/wp-content\/uploads\/2023\/11\/Coupe-feu-de-grenier-ajustable-Secure-Temp-S2100.webp\" \/>\n\t<meta property=\"og:image:width\" content=\"1000\" \/>\n\t<meta property=\"og:image:height\" content=\"1000\" \/>\n\t<meta property=\"og:image:type\" content=\"image\/webp\" \/>\n<meta name=\"twitter:card\" content=\"summary_large_image\" \/>\n<meta name=\"twitter:label1\" content=\"Disponibilit\u00e9\" \/>\n\t<meta name=\"twitter:data1\" content=\"En stock\" \/>\n<script type=\"application\/ld+json\" class=\"yoast-schema-graph\">{\"@context\":\"https:\/\/schema.org\",\"@graph\":[{\"@type\":[\"WebPage\",\"ItemPage\"],\"@id\":\"https:\/\/staging.belleflamme.ca\/fr\/produit\/coupe-feu-de-grenier-ajustable-secure-temp-s2100\/\",\"url\":\"https:\/\/staging.belleflamme.ca\/fr\/produit\/coupe-feu-de-grenier-ajustable-secure-temp-s2100\/\",\"name\":\"Coupe-feu de grenier ajustable Secure Temp S2100 - Groupe BelleFlamme\",\"isPartOf\":{\"@id\":\"https:\/\/www.belleflamme.ca\/fr\/#website\"},\"primaryImageOfPage\":{\"@id\":\"https:\/\/staging.belleflamme.ca\/fr\/produit\/coupe-feu-de-grenier-ajustable-secure-temp-s2100\/#primaryimage\"},\"image\":{\"@id\":\"https:\/\/staging.belleflamme.ca\/fr\/produit\/coupe-feu-de-grenier-ajustable-secure-temp-s2100\/#primaryimage\"},\"thumbnailUrl\":\"https:\/\/staging.belleflamme.ca\/wp-content\/uploads\/2023\/11\/Coupe-feu-de-grenier-ajustable-Secure-Temp-S2100.webp\",\"datePublished\":\"2023-11-04T16:42:47+00:00\",\"dateModified\":\"2023-11-04T16:43:22+00:00\",\"description\":\"Coupe-feu de grenier ajustable Secure Temp S2100 [get_meta_en_fr]\",\"breadcrumb\":{\"@id\":\"https:\/\/staging.belleflamme.ca\/fr\/produit\/coupe-feu-de-grenier-ajustable-secure-temp-s2100\/#breadcrumb\"},\"inLanguage\":\"fr-FR\",\"potentialAction\":[{\"@type\":\"ReadAction\",\"target\":[\"https:\/\/staging.belleflamme.ca\/fr\/produit\/coupe-feu-de-grenier-ajustable-secure-temp-s2100\/\"]}]},{\"@type\":\"ImageObject\",\"inLanguage\":\"fr-FR\",\"@id\":\"https:\/\/staging.belleflamme.ca\/fr\/produit\/coupe-feu-de-grenier-ajustable-secure-temp-s2100\/#primaryimage\",\"url\":\"https:\/\/staging.belleflamme.ca\/wp-content\/uploads\/2023\/11\/Coupe-feu-de-grenier-ajustable-Secure-Temp-S2100.webp\",\"contentUrl\":\"https:\/\/staging.belleflamme.ca\/wp-content\/uploads\/2023\/11\/Coupe-feu-de-grenier-ajustable-Secure-Temp-S2100.webp\",\"width\":1000,\"height\":1000,\"caption\":\"Coupe-feu de grenier ajustable Secure Temp S2100\"},{\"@type\":\"BreadcrumbList\",\"@id\":\"https:\/\/staging.belleflamme.ca\/fr\/produit\/coupe-feu-de-grenier-ajustable-secure-temp-s2100\/#breadcrumb\",\"itemListElement\":[{\"@type\":\"ListItem\",\"position\":1,\"name\":\"Accueil\",\"item\":\"https:\/\/www.belleflamme.ca\/fr\/\"},{\"@type\":\"ListItem\",\"position\":2,\"name\":\"Boutique\",\"item\":\"https:\/\/www.belleflamme.ca\/fr\/boutique\/\"},{\"@type\":\"ListItem\",\"position\":3,\"name\":\"Chemin\u00e9es, Pi\u00e8ces &amp; Accessoires\",\"item\":\"https:\/\/staging.belleflamme.ca\/fr\/categories\/cheminees-pieces-accessoires\/\"},{\"@type\":\"ListItem\",\"position\":4,\"name\":\"Chemin\u00e9es\",\"item\":\"https:\/\/staging.belleflamme.ca\/fr\/categories\/cheminees-pieces-accessoires\/cheminees\/\"},{\"@type\":\"ListItem\",\"position\":5,\"name\":\"Secure Temp S2100+\",\"item\":\"https:\/\/staging.belleflamme.ca\/fr\/categories\/cheminees-pieces-accessoires\/cheminees\/secure-temp-s2100\/\"},{\"@type\":\"ListItem\",\"position\":6,\"name\":\"Coupe-feu de grenier ajustable Secure Temp S2100\"}]},{\"@type\":\"WebSite\",\"@id\":\"https:\/\/www.belleflamme.ca\/fr\/#website\",\"url\":\"https:\/\/www.belleflamme.ca\/fr\/\",\"name\":\"Groupe Belleflamme\",\"description\":\"La m\u00e9canique du b\u00e2timent dans le sang.\",\"publisher\":{\"@id\":\"https:\/\/www.belleflamme.ca\/fr\/#organization\"},\"potentialAction\":[{\"@type\":\"SearchAction\",\"target\":{\"@type\":\"EntryPoint\",\"urlTemplate\":\"https:\/\/www.belleflamme.ca\/fr\/?s={search_term_string}\"},\"query-input\":{\"@type\":\"PropertyValueSpecification\",\"valueRequired\":true,\"valueName\":\"search_term_string\"}}],\"inLanguage\":\"fr-FR\"},{\"@type\":[\"Organization\",\"Place\"],\"@id\":\"https:\/\/www.belleflamme.ca\/fr\/#organization\",\"name\":\"Groupe Belleflamme\",\"alternateName\":\"Belleflamme\",\"url\":\"https:\/\/www.belleflamme.ca\/fr\/\",\"logo\":{\"@type\":\"ImageObject\",\"inLanguage\":\"fr-FR\",\"@id\":\"https:\/\/www.belleflamme.ca\/fr\/#\/schema\/logo\/image\/\",\"url\":\"https:\/\/staging.belleflamme.ca\/wp-content\/uploads\/2023\/01\/og-image.jpg\",\"contentUrl\":\"https:\/\/staging.belleflamme.ca\/wp-content\/uploads\/2023\/01\/og-image.jpg\",\"width\":1200,\"height\":630,\"caption\":\"Groupe Belleflamme\"},\"image\":{\"@id\":\"https:\/\/www.belleflamme.ca\/fr\/#\/schema\/logo\/image\/\"},\"sameAs\":[\"https:\/\/www.facebook.com\/belleflamme.ca\/\",\"https:\/\/www.linkedin.com\/company\/belleflamme\/\",\"https:\/\/www.pinterest.ca\/groupebelleflamme\/\",\"https:\/\/www.instagram.com\/legroupebelleflamme\/\"],\"mainEntityOfPage\":{\"@id\":\"https:\/\/staging.belleflamme.ca\/fr\/produit\/coupe-feu-de-grenier-ajustable-secure-temp-s2100\/\"}}]}<\/script>\n<meta property=\"product:brand\" content=\"Chemin\u00e9es S\u00e9curit\u00e9\" \/>\n<meta property=\"og:availability\" content=\"instock\" \/>\n<meta property=\"product:availability\" content=\"instock\" \/>\n<meta property=\"product:condition\" content=\"new\" \/>\n<!-- \/ Yoast SEO Premium plugin. -->","yoast_head_json":{"title":"Coupe-feu de grenier ajustable Secure Temp S2100 - Groupe BelleFlamme","description":"Coupe-feu de grenier ajustable Secure Temp S2100 vendu et install\u00e9 par le Groupe Belleflamme. Laval, Montr\u00e9al, Gatineau, Drummondville et Saint-Sauveur.","robots":{"index":"index","follow":"follow","max-snippet":"max-snippet:-1","max-image-preview":"max-image-preview:large","max-video-preview":"max-video-preview:-1"},"canonical":"https:\/\/staging.belleflamme.ca\/fr\/produit\/coupe-feu-de-grenier-ajustable-secure-temp-s2100\/","og_locale":"fr_FR","og_type":"article","og_title":"Coupe-feu de grenier ajustable Secure Temp S2100","og_description":"Coupe-feu de grenier ajustable Secure Temp S2100 vendu et install\u00e9 par le Groupe Belleflamme. Laval, Montr\u00e9al, Gatineau, Drummondville et Saint-Sauveur.","og_url":"https:\/\/staging.belleflamme.ca\/fr\/produit\/coupe-feu-de-grenier-ajustable-secure-temp-s2100\/","og_site_name":"Groupe BelleFlamme","article_publisher":"https:\/\/www.facebook.com\/belleflamme.ca\/","article_modified_time":"2023-11-04T16:43:22+00:00","og_image":[{"width":1000,"height":1000,"url":"https:\/\/www.belleflamme.ca\/wp-content\/uploads\/2023\/11\/Coupe-feu-de-grenier-ajustable-Secure-Temp-S2100.webp","type":"image\/webp"}],"twitter_card":"summary_large_image","twitter_misc":{"Disponibilit\u00e9":"En stock"},"schema":{"@context":"https:\/\/schema.org","@graph":[{"@type":["WebPage","ItemPage"],"@id":"https:\/\/staging.belleflamme.ca\/fr\/produit\/coupe-feu-de-grenier-ajustable-secure-temp-s2100\/","url":"https:\/\/staging.belleflamme.ca\/fr\/produit\/coupe-feu-de-grenier-ajustable-secure-temp-s2100\/","name":"Coupe-feu de grenier ajustable Secure Temp S2100 - Groupe BelleFlamme","isPartOf":{"@id":"https:\/\/www.belleflamme.ca\/fr\/#website"},"primaryImageOfPage":{"@id":"https:\/\/staging.belleflamme.ca\/fr\/produit\/coupe-feu-de-grenier-ajustable-secure-temp-s2100\/#primaryimage"},"image":{"@id":"https:\/\/staging.belleflamme.ca\/fr\/produit\/coupe-feu-de-grenier-ajustable-secure-temp-s2100\/#primaryimage"},"thumbnailUrl":"https:\/\/staging.belleflamme.ca\/wp-content\/uploads\/2023\/11\/Coupe-feu-de-grenier-ajustable-Secure-Temp-S2100.webp","datePublished":"2023-11-04T16:42:47+00:00","dateModified":"2023-11-04T16:43:22+00:00","description":"Coupe-feu de grenier ajustable Secure Temp S2100 [get_meta_en_fr]","breadcrumb":{"@id":"https:\/\/staging.belleflamme.ca\/fr\/produit\/coupe-feu-de-grenier-ajustable-secure-temp-s2100\/#breadcrumb"},"inLanguage":"fr-FR","potentialAction":[{"@type":"ReadAction","target":["https:\/\/staging.belleflamme.ca\/fr\/produit\/coupe-feu-de-grenier-ajustable-secure-temp-s2100\/"]}]},{"@type":"ImageObject","inLanguage":"fr-FR","@id":"https:\/\/staging.belleflamme.ca\/fr\/produit\/coupe-feu-de-grenier-ajustable-secure-temp-s2100\/#primaryimage","url":"https:\/\/staging.belleflamme.ca\/wp-content\/uploads\/2023\/11\/Coupe-feu-de-grenier-ajustable-Secure-Temp-S2100.webp","contentUrl":"https:\/\/staging.belleflamme.ca\/wp-content\/uploads\/2023\/11\/Coupe-feu-de-grenier-ajustable-Secure-Temp-S2100.webp","width":1000,"height":1000,"caption":"Coupe-feu de grenier ajustable Secure Temp S2100"},{"@type":"BreadcrumbList","@id":"https:\/\/staging.belleflamme.ca\/fr\/produit\/coupe-feu-de-grenier-ajustable-secure-temp-s2100\/#breadcrumb","itemListElement":[{"@type":"ListItem","position":1,"name":"Accueil","item":"https:\/\/www.belleflamme.ca\/fr\/"},{"@type":"ListItem","position":2,"name":"Boutique","item":"https:\/\/www.belleflamme.ca\/fr\/boutique\/"},{"@type":"ListItem","position":3,"name":"Chemin\u00e9es, Pi\u00e8ces &amp; Accessoires","item":"https:\/\/staging.belleflamme.ca\/fr\/categories\/cheminees-pieces-accessoires\/"},{"@type":"ListItem","position":4,"name":"Chemin\u00e9es","item":"https:\/\/staging.belleflamme.ca\/fr\/categories\/cheminees-pieces-accessoires\/cheminees\/"},{"@type":"ListItem","position":5,"name":"Secure Temp S2100+","item":"https:\/\/staging.belleflamme.ca\/fr\/categories\/cheminees-pieces-accessoires\/cheminees\/secure-temp-s2100\/"},{"@type":"ListItem","position":6,"name":"Coupe-feu de grenier ajustable Secure Temp S2100"}]},{"@type":"WebSite","@id":"https:\/\/www.belleflamme.ca\/fr\/#website","url":"https:\/\/www.belleflamme.ca\/fr\/","name":"Groupe Belleflamme","description":"La m\u00e9canique du b\u00e2timent dans le sang.","publisher":{"@id":"https:\/\/www.belleflamme.ca\/fr\/#organization"},"potentialAction":[{"@type":"SearchAction","target":{"@type":"EntryPoint","urlTemplate":"https:\/\/www.belleflamme.ca\/fr\/?s={search_term_string}"},"query-input":{"@type":"PropertyValueSpecification","valueRequired":true,"valueName":"search_term_string"}}],"inLanguage":"fr-FR"},{"@type":["Organization","Place"],"@id":"https:\/\/www.belleflamme.ca\/fr\/#organization","name":"Groupe Belleflamme","alternateName":"Belleflamme","url":"https:\/\/www.belleflamme.ca\/fr\/","logo":{"@type":"ImageObject","inLanguage":"fr-FR","@id":"https:\/\/www.belleflamme.ca\/fr\/#\/schema\/logo\/image\/","url":"https:\/\/staging.belleflamme.ca\/wp-content\/uploads\/2023\/01\/og-image.jpg","contentUrl":"https:\/\/staging.belleflamme.ca\/wp-content\/uploads\/2023\/01\/og-image.jpg","width":1200,"height":630,"caption":"Groupe Belleflamme"},"image":{"@id":"https:\/\/www.belleflamme.ca\/fr\/#\/schema\/logo\/image\/"},"sameAs":["https:\/\/www.facebook.com\/belleflamme.ca\/","https:\/\/www.linkedin.com\/company\/belleflamme\/","https:\/\/www.pinterest.ca\/groupebelleflamme\/","https:\/\/www.instagram.com\/legroupebelleflamme\/"],"mainEntityOfPage":{"@id":"https:\/\/staging.belleflamme.ca\/fr\/produit\/coupe-feu-de-grenier-ajustable-secure-temp-s2100\/"}}]},"product_brand":"Chemin\u00e9es S\u00e9curit\u00e9","og_availability":"instock","product_availability":"instock","product_condition":"new"},"_links":{"self":[{"href":"https:\/\/staging.belleflamme.ca\/fr\/wp-json\/wp\/v2\/product\/19427","targetHints":{"allow":["GET"]}}],"collection":[{"href":"https:\/\/staging.belleflamme.ca\/fr\/wp-json\/wp\/v2\/product"}],"about":[{"href":"https:\/\/staging.belleflamme.ca\/fr\/wp-json\/wp\/v2\/types\/product"}],"version-history":[{"count":1,"href":"https:\/\/staging.belleflamme.ca\/fr\/wp-json\/wp\/v2\/product\/19427\/revisions"}],"predecessor-version":[{"id":19438,"href":"https:\/\/staging.belleflamme.ca\/fr\/wp-json\/wp\/v2\/product\/19427\/revisions\/19438"}],"wp:featuredmedia":[{"embeddable":true,"href":"https:\/\/staging.belleflamme.ca\/fr\/wp-json\/wp\/v2\/media\/19429"}],"wp:attachment":[{"href":"https:\/\/staging.belleflamme.ca\/fr\/wp-json\/wp\/v2\/media?parent=19427"}],"wp:term":[{"taxonomy":"product_brand","embeddable":true,"href":"https:\/\/staging.belleflamme.ca\/fr\/wp-json\/wp\/v2\/product_brand?post=19427"},{"taxonomy":"product_cat","embeddable":true,"href":"https:\/\/staging.belleflamme.ca\/fr\/wp-json\/wp\/v2\/product_cat?post=19427"},{"taxonomy":"product_tag","embeddable":true,"href":"https:\/\/staging.belleflamme.ca\/fr\/wp-json\/wp\/v2\/product_tag?post=19427"}],"curies":[{"name":"wp","href":"https:\/\/api.w.org\/{rel}","templated":true}]}}