{"id":19259,"date":"2023-11-04T10:29:07","date_gmt":"2023-11-04T14:29:07","guid":{"rendered":"https:\/\/www.belleflamme.ca\/?post_type=product&#038;p=19259"},"modified":"2024-10-09T11:46:16","modified_gmt":"2024-10-09T15:46:16","slug":"support-cathedrale-secure-temp-s2100","status":"publish","type":"product","link":"https:\/\/staging.belleflamme.ca\/fr\/produit\/support-cathedrale-secure-temp-s2100\/","title":{"rendered":"Support cath\u00e9drale Secure Temp S2100"},"content":{"rendered":"<p>Pour une utilisation avec des plafonds vo\u00fbt\u00e9es ou cath\u00e9drales. La bo\u00eete s\u2019adapte entre l\u2019espacement standard des solives de 16 po d\u2019entraxe. La rallonge de conduit int\u00e9gr\u00e9e accepte les tuyaux de po\u00eale \u00e0 paroi simple ou \u00e0 double paroi. Comprend une garniture de finition noire.<\/p>\n<p><img fetchpriority=\"high\" decoding=\"async\" class=\"alignnone size-full wp-image-19262\" src=\"https:\/\/www.belleflamme.ca\/wp-content\/uploads\/2023\/11\/2023-11-04-10_25_54-LS304F_Catalog_Secure-Temp_S2100_03-22-21_V5-1.pdf.png\" alt=\"\" width=\"521\" height=\"676\" srcset=\"https:\/\/staging.belleflamme.ca\/wp-content\/uploads\/2023\/11\/2023-11-04-10_25_54-LS304F_Catalog_Secure-Temp_S2100_03-22-21_V5-1.pdf.png 521w, https:\/\/staging.belleflamme.ca\/wp-content\/uploads\/2023\/11\/2023-11-04-10_25_54-LS304F_Catalog_Secure-Temp_S2100_03-22-21_V5-1.pdf-231x300.png 231w\" sizes=\"(max-width: 521px) 100vw, 521px\" \/> <img decoding=\"async\" class=\"alignnone size-full wp-image-19264\" src=\"https:\/\/www.belleflamme.ca\/wp-content\/uploads\/2023\/11\/2023-11-04-10_25_46-LS304F_Catalog_Secure-Temp_S2100_03-22-21_V5-1.pdf.png\" alt=\"\" width=\"1667\" height=\"560\" srcset=\"https:\/\/staging.belleflamme.ca\/wp-content\/uploads\/2023\/11\/2023-11-04-10_25_46-LS304F_Catalog_Secure-Temp_S2100_03-22-21_V5-1.pdf.png 1667w, https:\/\/staging.belleflamme.ca\/wp-content\/uploads\/2023\/11\/2023-11-04-10_25_46-LS304F_Catalog_Secure-Temp_S2100_03-22-21_V5-1.pdf-300x101.png 300w, https:\/\/staging.belleflamme.ca\/wp-content\/uploads\/2023\/11\/2023-11-04-10_25_46-LS304F_Catalog_Secure-Temp_S2100_03-22-21_V5-1.pdf-1024x344.png 1024w, https:\/\/staging.belleflamme.ca\/wp-content\/uploads\/2023\/11\/2023-11-04-10_25_46-LS304F_Catalog_Secure-Temp_S2100_03-22-21_V5-1.pdf-768x258.png 768w, https:\/\/staging.belleflamme.ca\/wp-content\/uploads\/2023\/11\/2023-11-04-10_25_46-LS304F_Catalog_Secure-Temp_S2100_03-22-21_V5-1.pdf-1536x516.png 1536w, https:\/\/staging.belleflamme.ca\/wp-content\/uploads\/2023\/11\/2023-11-04-10_25_46-LS304F_Catalog_Secure-Temp_S2100_03-22-21_V5-1.pdf-900x302.png 900w\" sizes=\"(max-width: 1667px) 100vw, 1667px\" \/><\/p>\n","protected":false},"excerpt":{"rendered":"<p>Pour une utilisation avec des plafonds vo\u00fbt\u00e9es ou cath\u00e9drales. La bo\u00eete s\u2019adapte entre l\u2019espacement standard des solives de 16 po d\u2019entraxe. La rallonge de conduit int\u00e9gr\u00e9e accepte les tuyaux de po\u00eale \u00e0 paroi simple ou \u00e0 double paroi. Comprend une garniture de finition noire.<\/p>\n","protected":false},"featured_media":19260,"template":"","meta":{"inline_featured_image":false},"product_brand":[228],"product_cat":[95,610,45],"product_tag":[],"class_list":{"0":"post-19259","1":"product","2":"type-product","3":"status-publish","4":"has-post-thumbnail","6":"product_brand-cheminees-securite","7":"product_cat-cheminees","8":"product_cat-secure-temp-s2100","9":"product_cat-cheminees-pieces-accessoires","11":"first","12":"instock","13":"taxable","14":"shipping-taxable","15":"purchasable","16":"product-type-variable"},"yoast_head":"<!-- This site is optimized with the Yoast SEO Premium plugin v24.2 (Yoast SEO v24.2) - https:\/\/yoast.com\/wordpress\/plugins\/seo\/ -->\n<title>Support cath\u00e9drale Secure Temp S2100 - Groupe BelleFlamme<\/title>\n<meta name=\"description\" content=\"Support cath\u00e9drale Secure Temp S2100 vendu et install\u00e9 par le Groupe Belleflamme. Laval, Montr\u00e9al, Gatineau, Drummondville et Saint-Sauveur.\" \/>\n<meta name=\"robots\" content=\"index, follow, max-snippet:-1, max-image-preview:large, max-video-preview:-1\" \/>\n<link rel=\"canonical\" href=\"https:\/\/staging.belleflamme.ca\/fr\/produit\/support-cathedrale-secure-temp-s2100\/\" \/>\n<meta property=\"og:locale\" content=\"fr_FR\" \/>\n<meta property=\"og:type\" content=\"article\" \/>\n<meta property=\"og:title\" content=\"Support cath\u00e9drale Secure Temp S2100\" \/>\n<meta property=\"og:description\" content=\"Support cath\u00e9drale Secure Temp S2100 vendu et install\u00e9 par le Groupe Belleflamme. Laval, Montr\u00e9al, Gatineau, Drummondville et Saint-Sauveur.\" \/>\n<meta property=\"og:url\" content=\"https:\/\/staging.belleflamme.ca\/fr\/produit\/support-cathedrale-secure-temp-s2100\/\" \/>\n<meta property=\"og:site_name\" content=\"Groupe BelleFlamme\" \/>\n<meta property=\"article:publisher\" content=\"https:\/\/www.facebook.com\/belleflamme.ca\/\" \/>\n<meta property=\"article:modified_time\" content=\"2024-10-09T15:46:16+00:00\" \/>\n<meta property=\"og:image\" content=\"https:\/\/www.belleflamme.ca\/wp-content\/uploads\/2023\/11\/Support-cathedrale-Secure-Temp-S2100.webp\" \/>\n\t<meta property=\"og:image:width\" content=\"1000\" \/>\n\t<meta property=\"og:image:height\" content=\"1000\" \/>\n\t<meta property=\"og:image:type\" content=\"image\/webp\" \/>\n<meta name=\"twitter:card\" content=\"summary_large_image\" \/>\n<meta name=\"twitter:label1\" content=\"Disponibilit\u00e9\" \/>\n\t<meta name=\"twitter:data1\" content=\"En stock\" \/>\n<script type=\"application\/ld+json\" class=\"yoast-schema-graph\">{\"@context\":\"https:\/\/schema.org\",\"@graph\":[{\"@type\":[\"WebPage\",\"ItemPage\"],\"@id\":\"https:\/\/staging.belleflamme.ca\/fr\/produit\/support-cathedrale-secure-temp-s2100\/\",\"url\":\"https:\/\/staging.belleflamme.ca\/fr\/produit\/support-cathedrale-secure-temp-s2100\/\",\"name\":\"Support cath\u00e9drale Secure Temp S2100 - Groupe BelleFlamme\",\"isPartOf\":{\"@id\":\"https:\/\/www.belleflamme.ca\/fr\/#website\"},\"primaryImageOfPage\":{\"@id\":\"https:\/\/staging.belleflamme.ca\/fr\/produit\/support-cathedrale-secure-temp-s2100\/#primaryimage\"},\"image\":{\"@id\":\"https:\/\/staging.belleflamme.ca\/fr\/produit\/support-cathedrale-secure-temp-s2100\/#primaryimage\"},\"thumbnailUrl\":\"https:\/\/staging.belleflamme.ca\/wp-content\/uploads\/2023\/11\/Support-cathedrale-Secure-Temp-S2100.webp\",\"datePublished\":\"2023-11-04T14:29:07+00:00\",\"dateModified\":\"2024-10-09T15:46:16+00:00\",\"description\":\"Support cath\u00e9drale Secure Temp S2100 [get_meta_en_fr]\",\"breadcrumb\":{\"@id\":\"https:\/\/staging.belleflamme.ca\/fr\/produit\/support-cathedrale-secure-temp-s2100\/#breadcrumb\"},\"inLanguage\":\"fr-FR\",\"potentialAction\":[{\"@type\":\"ReadAction\",\"target\":[\"https:\/\/staging.belleflamme.ca\/fr\/produit\/support-cathedrale-secure-temp-s2100\/\"]}]},{\"@type\":\"ImageObject\",\"inLanguage\":\"fr-FR\",\"@id\":\"https:\/\/staging.belleflamme.ca\/fr\/produit\/support-cathedrale-secure-temp-s2100\/#primaryimage\",\"url\":\"https:\/\/staging.belleflamme.ca\/wp-content\/uploads\/2023\/11\/Support-cathedrale-Secure-Temp-S2100.webp\",\"contentUrl\":\"https:\/\/staging.belleflamme.ca\/wp-content\/uploads\/2023\/11\/Support-cathedrale-Secure-Temp-S2100.webp\",\"width\":1000,\"height\":1000,\"caption\":\"Support cath\u00e9drale Secure Temp S2100\"},{\"@type\":\"BreadcrumbList\",\"@id\":\"https:\/\/staging.belleflamme.ca\/fr\/produit\/support-cathedrale-secure-temp-s2100\/#breadcrumb\",\"itemListElement\":[{\"@type\":\"ListItem\",\"position\":1,\"name\":\"Accueil\",\"item\":\"https:\/\/www.belleflamme.ca\/fr\/\"},{\"@type\":\"ListItem\",\"position\":2,\"name\":\"Boutique\",\"item\":\"https:\/\/www.belleflamme.ca\/fr\/boutique\/\"},{\"@type\":\"ListItem\",\"position\":3,\"name\":\"Chemin\u00e9es, Pi\u00e8ces &amp; Accessoires\",\"item\":\"https:\/\/staging.belleflamme.ca\/fr\/categories\/cheminees-pieces-accessoires\/\"},{\"@type\":\"ListItem\",\"position\":4,\"name\":\"Chemin\u00e9es\",\"item\":\"https:\/\/staging.belleflamme.ca\/fr\/categories\/cheminees-pieces-accessoires\/cheminees\/\"},{\"@type\":\"ListItem\",\"position\":5,\"name\":\"Secure Temp S2100+\",\"item\":\"https:\/\/staging.belleflamme.ca\/fr\/categories\/cheminees-pieces-accessoires\/cheminees\/secure-temp-s2100\/\"},{\"@type\":\"ListItem\",\"position\":6,\"name\":\"Support cath\u00e9drale Secure Temp S2100\"}]},{\"@type\":\"WebSite\",\"@id\":\"https:\/\/www.belleflamme.ca\/fr\/#website\",\"url\":\"https:\/\/www.belleflamme.ca\/fr\/\",\"name\":\"Groupe Belleflamme\",\"description\":\"La m\u00e9canique du b\u00e2timent dans le sang.\",\"publisher\":{\"@id\":\"https:\/\/www.belleflamme.ca\/fr\/#organization\"},\"potentialAction\":[{\"@type\":\"SearchAction\",\"target\":{\"@type\":\"EntryPoint\",\"urlTemplate\":\"https:\/\/www.belleflamme.ca\/fr\/?s={search_term_string}\"},\"query-input\":{\"@type\":\"PropertyValueSpecification\",\"valueRequired\":true,\"valueName\":\"search_term_string\"}}],\"inLanguage\":\"fr-FR\"},{\"@type\":[\"Organization\",\"Place\"],\"@id\":\"https:\/\/www.belleflamme.ca\/fr\/#organization\",\"name\":\"Groupe Belleflamme\",\"alternateName\":\"Belleflamme\",\"url\":\"https:\/\/www.belleflamme.ca\/fr\/\",\"logo\":{\"@type\":\"ImageObject\",\"inLanguage\":\"fr-FR\",\"@id\":\"https:\/\/www.belleflamme.ca\/fr\/#\/schema\/logo\/image\/\",\"url\":\"https:\/\/staging.belleflamme.ca\/wp-content\/uploads\/2023\/01\/og-image.jpg\",\"contentUrl\":\"https:\/\/staging.belleflamme.ca\/wp-content\/uploads\/2023\/01\/og-image.jpg\",\"width\":1200,\"height\":630,\"caption\":\"Groupe Belleflamme\"},\"image\":{\"@id\":\"https:\/\/www.belleflamme.ca\/fr\/#\/schema\/logo\/image\/\"},\"sameAs\":[\"https:\/\/www.facebook.com\/belleflamme.ca\/\",\"https:\/\/www.linkedin.com\/company\/belleflamme\/\",\"https:\/\/www.pinterest.ca\/groupebelleflamme\/\",\"https:\/\/www.instagram.com\/legroupebelleflamme\/\"],\"mainEntityOfPage\":{\"@id\":\"https:\/\/staging.belleflamme.ca\/fr\/produit\/support-cathedrale-secure-temp-s2100\/\"}}]}<\/script>\n<meta property=\"product:brand\" content=\"Chemin\u00e9es S\u00e9curit\u00e9\" \/>\n<meta property=\"og:availability\" content=\"instock\" \/>\n<meta property=\"product:availability\" content=\"instock\" \/>\n<meta property=\"product:condition\" content=\"new\" \/>\n<!-- \/ Yoast SEO Premium plugin. -->","yoast_head_json":{"title":"Support cath\u00e9drale Secure Temp S2100 - Groupe BelleFlamme","description":"Support cath\u00e9drale Secure Temp S2100 vendu et install\u00e9 par le Groupe Belleflamme. Laval, Montr\u00e9al, Gatineau, Drummondville et Saint-Sauveur.","robots":{"index":"index","follow":"follow","max-snippet":"max-snippet:-1","max-image-preview":"max-image-preview:large","max-video-preview":"max-video-preview:-1"},"canonical":"https:\/\/staging.belleflamme.ca\/fr\/produit\/support-cathedrale-secure-temp-s2100\/","og_locale":"fr_FR","og_type":"article","og_title":"Support cath\u00e9drale Secure Temp S2100","og_description":"Support cath\u00e9drale Secure Temp S2100 vendu et install\u00e9 par le Groupe Belleflamme. Laval, Montr\u00e9al, Gatineau, Drummondville et Saint-Sauveur.","og_url":"https:\/\/staging.belleflamme.ca\/fr\/produit\/support-cathedrale-secure-temp-s2100\/","og_site_name":"Groupe BelleFlamme","article_publisher":"https:\/\/www.facebook.com\/belleflamme.ca\/","article_modified_time":"2024-10-09T15:46:16+00:00","og_image":[{"width":1000,"height":1000,"url":"https:\/\/www.belleflamme.ca\/wp-content\/uploads\/2023\/11\/Support-cathedrale-Secure-Temp-S2100.webp","type":"image\/webp"}],"twitter_card":"summary_large_image","twitter_misc":{"Disponibilit\u00e9":"En stock"},"schema":{"@context":"https:\/\/schema.org","@graph":[{"@type":["WebPage","ItemPage"],"@id":"https:\/\/staging.belleflamme.ca\/fr\/produit\/support-cathedrale-secure-temp-s2100\/","url":"https:\/\/staging.belleflamme.ca\/fr\/produit\/support-cathedrale-secure-temp-s2100\/","name":"Support cath\u00e9drale Secure Temp S2100 - Groupe BelleFlamme","isPartOf":{"@id":"https:\/\/www.belleflamme.ca\/fr\/#website"},"primaryImageOfPage":{"@id":"https:\/\/staging.belleflamme.ca\/fr\/produit\/support-cathedrale-secure-temp-s2100\/#primaryimage"},"image":{"@id":"https:\/\/staging.belleflamme.ca\/fr\/produit\/support-cathedrale-secure-temp-s2100\/#primaryimage"},"thumbnailUrl":"https:\/\/staging.belleflamme.ca\/wp-content\/uploads\/2023\/11\/Support-cathedrale-Secure-Temp-S2100.webp","datePublished":"2023-11-04T14:29:07+00:00","dateModified":"2024-10-09T15:46:16+00:00","description":"Support cath\u00e9drale Secure Temp S2100 [get_meta_en_fr]","breadcrumb":{"@id":"https:\/\/staging.belleflamme.ca\/fr\/produit\/support-cathedrale-secure-temp-s2100\/#breadcrumb"},"inLanguage":"fr-FR","potentialAction":[{"@type":"ReadAction","target":["https:\/\/staging.belleflamme.ca\/fr\/produit\/support-cathedrale-secure-temp-s2100\/"]}]},{"@type":"ImageObject","inLanguage":"fr-FR","@id":"https:\/\/staging.belleflamme.ca\/fr\/produit\/support-cathedrale-secure-temp-s2100\/#primaryimage","url":"https:\/\/staging.belleflamme.ca\/wp-content\/uploads\/2023\/11\/Support-cathedrale-Secure-Temp-S2100.webp","contentUrl":"https:\/\/staging.belleflamme.ca\/wp-content\/uploads\/2023\/11\/Support-cathedrale-Secure-Temp-S2100.webp","width":1000,"height":1000,"caption":"Support cath\u00e9drale Secure Temp S2100"},{"@type":"BreadcrumbList","@id":"https:\/\/staging.belleflamme.ca\/fr\/produit\/support-cathedrale-secure-temp-s2100\/#breadcrumb","itemListElement":[{"@type":"ListItem","position":1,"name":"Accueil","item":"https:\/\/www.belleflamme.ca\/fr\/"},{"@type":"ListItem","position":2,"name":"Boutique","item":"https:\/\/www.belleflamme.ca\/fr\/boutique\/"},{"@type":"ListItem","position":3,"name":"Chemin\u00e9es, Pi\u00e8ces &amp; Accessoires","item":"https:\/\/staging.belleflamme.ca\/fr\/categories\/cheminees-pieces-accessoires\/"},{"@type":"ListItem","position":4,"name":"Chemin\u00e9es","item":"https:\/\/staging.belleflamme.ca\/fr\/categories\/cheminees-pieces-accessoires\/cheminees\/"},{"@type":"ListItem","position":5,"name":"Secure Temp S2100+","item":"https:\/\/staging.belleflamme.ca\/fr\/categories\/cheminees-pieces-accessoires\/cheminees\/secure-temp-s2100\/"},{"@type":"ListItem","position":6,"name":"Support cath\u00e9drale Secure Temp S2100"}]},{"@type":"WebSite","@id":"https:\/\/www.belleflamme.ca\/fr\/#website","url":"https:\/\/www.belleflamme.ca\/fr\/","name":"Groupe Belleflamme","description":"La m\u00e9canique du b\u00e2timent dans le sang.","publisher":{"@id":"https:\/\/www.belleflamme.ca\/fr\/#organization"},"potentialAction":[{"@type":"SearchAction","target":{"@type":"EntryPoint","urlTemplate":"https:\/\/www.belleflamme.ca\/fr\/?s={search_term_string}"},"query-input":{"@type":"PropertyValueSpecification","valueRequired":true,"valueName":"search_term_string"}}],"inLanguage":"fr-FR"},{"@type":["Organization","Place"],"@id":"https:\/\/www.belleflamme.ca\/fr\/#organization","name":"Groupe Belleflamme","alternateName":"Belleflamme","url":"https:\/\/www.belleflamme.ca\/fr\/","logo":{"@type":"ImageObject","inLanguage":"fr-FR","@id":"https:\/\/www.belleflamme.ca\/fr\/#\/schema\/logo\/image\/","url":"https:\/\/staging.belleflamme.ca\/wp-content\/uploads\/2023\/01\/og-image.jpg","contentUrl":"https:\/\/staging.belleflamme.ca\/wp-content\/uploads\/2023\/01\/og-image.jpg","width":1200,"height":630,"caption":"Groupe Belleflamme"},"image":{"@id":"https:\/\/www.belleflamme.ca\/fr\/#\/schema\/logo\/image\/"},"sameAs":["https:\/\/www.facebook.com\/belleflamme.ca\/","https:\/\/www.linkedin.com\/company\/belleflamme\/","https:\/\/www.pinterest.ca\/groupebelleflamme\/","https:\/\/www.instagram.com\/legroupebelleflamme\/"],"mainEntityOfPage":{"@id":"https:\/\/staging.belleflamme.ca\/fr\/produit\/support-cathedrale-secure-temp-s2100\/"}}]},"product_brand":"Chemin\u00e9es S\u00e9curit\u00e9","og_availability":"instock","product_availability":"instock","product_condition":"new"},"_links":{"self":[{"href":"https:\/\/staging.belleflamme.ca\/fr\/wp-json\/wp\/v2\/product\/19259","targetHints":{"allow":["GET"]}}],"collection":[{"href":"https:\/\/staging.belleflamme.ca\/fr\/wp-json\/wp\/v2\/product"}],"about":[{"href":"https:\/\/staging.belleflamme.ca\/fr\/wp-json\/wp\/v2\/types\/product"}],"version-history":[{"count":1,"href":"https:\/\/staging.belleflamme.ca\/fr\/wp-json\/wp\/v2\/product\/19259\/revisions"}],"predecessor-version":[{"id":19269,"href":"https:\/\/staging.belleflamme.ca\/fr\/wp-json\/wp\/v2\/product\/19259\/revisions\/19269"}],"wp:featuredmedia":[{"embeddable":true,"href":"https:\/\/staging.belleflamme.ca\/fr\/wp-json\/wp\/v2\/media\/19260"}],"wp:attachment":[{"href":"https:\/\/staging.belleflamme.ca\/fr\/wp-json\/wp\/v2\/media?parent=19259"}],"wp:term":[{"taxonomy":"product_brand","embeddable":true,"href":"https:\/\/staging.belleflamme.ca\/fr\/wp-json\/wp\/v2\/product_brand?post=19259"},{"taxonomy":"product_cat","embeddable":true,"href":"https:\/\/staging.belleflamme.ca\/fr\/wp-json\/wp\/v2\/product_cat?post=19259"},{"taxonomy":"product_tag","embeddable":true,"href":"https:\/\/staging.belleflamme.ca\/fr\/wp-json\/wp\/v2\/product_tag?post=19259"}],"curies":[{"name":"wp","href":"https:\/\/api.w.org\/{rel}","templated":true}]}}