{"id":19019,"date":"2023-11-03T16:19:23","date_gmt":"2023-11-03T20:19:23","guid":{"rendered":"https:\/\/www.belleflamme.ca\/?post_type=product&#038;p=19019"},"modified":"2024-10-08T15:29:08","modified_gmt":"2024-10-08T19:29:08","slug":"chapeau-prairie-en-inox-4-entree-dair-3-secure-pellet","status":"publish","type":"product","link":"https:\/\/staging.belleflamme.ca\/fr\/produit\/chapeau-prairie-en-inox-4-entree-dair-3-secure-pellet\/","title":{"rendered":"Chapeau Prairie en inox 4&#8221; entr\u00e9e d&#8217;air 3&#8221; Secure Pellet"},"content":{"rendered":"<p>\u00c0 utiliser lors de l&#8217;installation d&#8217;un insert \u00e0 granules dans un po\u00eale \u00e0 granules multi-combustibles. Ce capuchon de terminaison fournit \u00e0 la fois de l&#8217;air frais et des \u00e9vents d&#8217;\u00e9chappement. Le couvercle pivote pour le nettoyage avec trois vis amovibles et un rivet. Flex vendu s\u00e9par\u00e9ment. Les mod\u00e8les 304SS et 316SS flexibles peuvent \u00eatre utilis\u00e9s pour br\u00fbler la plupart des carburants. Si vous br\u00fblez du ma\u00efs, un Secure Pellet Flex en acier inoxydable super-ferritique doit \u00eatre utilis\u00e9 comme \u00e9vent d&#8217;\u00e9vacuation. Pour l&#8217;air frais, un flexible en aluminium peut \u00eatre utilis\u00e9. Un flexible en acier inoxydable n&#8217;est pas requis pour l&#8217;alimentation en air frais, sauf indication contraire du fabricant de l&#8217;appareil.<\/p>\n<p><img fetchpriority=\"high\" decoding=\"async\" class=\"alignnone size-full wp-image-19022\" src=\"https:\/\/www.belleflamme.ca\/wp-content\/uploads\/2023\/11\/2023-11-03-16_15_20-ESPV_Secure-Pellet-Catalog_03-23-20.pdf.png\" alt=\"\" width=\"468\" height=\"696\" srcset=\"https:\/\/staging.belleflamme.ca\/wp-content\/uploads\/2023\/11\/2023-11-03-16_15_20-ESPV_Secure-Pellet-Catalog_03-23-20.pdf.png 468w, https:\/\/staging.belleflamme.ca\/wp-content\/uploads\/2023\/11\/2023-11-03-16_15_20-ESPV_Secure-Pellet-Catalog_03-23-20.pdf-202x300.png 202w\" sizes=\"(max-width: 468px) 100vw, 468px\" \/> <img decoding=\"async\" class=\"alignnone size-full wp-image-19024\" src=\"https:\/\/www.belleflamme.ca\/wp-content\/uploads\/2023\/11\/2023-11-03-16_15_09-ESPV_Secure-Pellet-Catalog_03-23-20.pdf.png\" alt=\"\" width=\"946\" height=\"270\" srcset=\"https:\/\/staging.belleflamme.ca\/wp-content\/uploads\/2023\/11\/2023-11-03-16_15_09-ESPV_Secure-Pellet-Catalog_03-23-20.pdf.png 946w, https:\/\/staging.belleflamme.ca\/wp-content\/uploads\/2023\/11\/2023-11-03-16_15_09-ESPV_Secure-Pellet-Catalog_03-23-20.pdf-300x86.png 300w, https:\/\/staging.belleflamme.ca\/wp-content\/uploads\/2023\/11\/2023-11-03-16_15_09-ESPV_Secure-Pellet-Catalog_03-23-20.pdf-768x219.png 768w, https:\/\/staging.belleflamme.ca\/wp-content\/uploads\/2023\/11\/2023-11-03-16_15_09-ESPV_Secure-Pellet-Catalog_03-23-20.pdf-900x257.png 900w\" sizes=\"(max-width: 946px) 100vw, 946px\" \/><\/p>\n<p>&nbsp;<\/p>\n","protected":false},"excerpt":{"rendered":"<p>\u00c0 utiliser lors de l&#8217;installation d&#8217;un insert \u00e0 granules dans un po\u00eale \u00e0 granules multi-combustibles. Ce capuchon de terminaison fournit \u00e0 la fois de l&#8217;air frais et des \u00e9vents d&#8217;\u00e9chappement. Le couvercle pivote pour le nettoyage avec trois vis amovibles et un rivet. Flex vendu s\u00e9par\u00e9ment. Les mod\u00e8les 304SS et 316SS flexibles peuvent \u00eatre utilis\u00e9s [&hellip;]<\/p>\n","protected":false},"featured_media":19020,"template":"","meta":{"inline_featured_image":false},"product_brand":[228],"product_cat":[95,608,45],"product_tag":[],"class_list":{"0":"post-19019","1":"product","2":"type-product","3":"status-publish","4":"has-post-thumbnail","6":"product_brand-cheminees-securite","7":"product_cat-cheminees","8":"product_cat-secure-pellet","9":"product_cat-cheminees-pieces-accessoires","11":"first","12":"instock","13":"taxable","14":"shipping-taxable","15":"purchasable","16":"product-type-variable"},"yoast_head":"<!-- This site is optimized with the Yoast SEO Premium plugin v24.2 (Yoast SEO v24.2) - https:\/\/yoast.com\/wordpress\/plugins\/seo\/ -->\n<title>Chapeau Prairie en inox 4&#039;&#039; entr\u00e9e d&#039;air 3&#039;&#039; Secure Pellet - Groupe BelleFlamme<\/title>\n<meta name=\"description\" content=\"Chapeau Prairie en inox 4&#039;&#039; entr\u00e9e d&#039;air 3&#039;&#039; Secure Pellet vendu et install\u00e9 par le Groupe Belleflamme. Laval, Montr\u00e9al, Gatineau, Drummondville et Saint-Sauveur.\" \/>\n<meta name=\"robots\" content=\"index, follow, max-snippet:-1, max-image-preview:large, max-video-preview:-1\" \/>\n<link rel=\"canonical\" href=\"https:\/\/staging.belleflamme.ca\/fr\/produit\/chapeau-prairie-en-inox-4-entree-dair-3-secure-pellet\/\" \/>\n<meta property=\"og:locale\" content=\"fr_FR\" \/>\n<meta property=\"og:type\" content=\"article\" \/>\n<meta property=\"og:title\" content=\"Chapeau Prairie en inox 4&#039;&#039; entr\u00e9e d&#039;air 3&#039;&#039; Secure Pellet\" \/>\n<meta property=\"og:description\" content=\"Chapeau Prairie en inox 4&#039;&#039; entr\u00e9e d&#039;air 3&#039;&#039; Secure Pellet vendu et install\u00e9 par le Groupe Belleflamme. Laval, Montr\u00e9al, Gatineau, Drummondville et Saint-Sauveur.\" \/>\n<meta property=\"og:url\" content=\"https:\/\/staging.belleflamme.ca\/fr\/produit\/chapeau-prairie-en-inox-4-entree-dair-3-secure-pellet\/\" \/>\n<meta property=\"og:site_name\" content=\"Groupe BelleFlamme\" \/>\n<meta property=\"article:publisher\" content=\"https:\/\/www.facebook.com\/belleflamme.ca\/\" \/>\n<meta property=\"article:modified_time\" content=\"2024-10-08T19:29:08+00:00\" \/>\n<meta property=\"og:image\" content=\"https:\/\/www.belleflamme.ca\/wp-content\/uploads\/2023\/11\/Chapeau-Prairie-en-inox-4-entree-dair-3-Secure-Pellet.webp\" \/>\n\t<meta property=\"og:image:width\" content=\"1000\" \/>\n\t<meta property=\"og:image:height\" content=\"1000\" \/>\n\t<meta property=\"og:image:type\" content=\"image\/webp\" \/>\n<meta name=\"twitter:card\" content=\"summary_large_image\" \/>\n<meta name=\"twitter:label1\" content=\"Disponibilit\u00e9\" \/>\n\t<meta name=\"twitter:data1\" content=\"En stock\" \/>\n<script type=\"application\/ld+json\" class=\"yoast-schema-graph\">{\"@context\":\"https:\/\/schema.org\",\"@graph\":[{\"@type\":[\"WebPage\",\"ItemPage\"],\"@id\":\"https:\/\/staging.belleflamme.ca\/fr\/produit\/chapeau-prairie-en-inox-4-entree-dair-3-secure-pellet\/\",\"url\":\"https:\/\/staging.belleflamme.ca\/fr\/produit\/chapeau-prairie-en-inox-4-entree-dair-3-secure-pellet\/\",\"name\":\"Chapeau Prairie en inox 4'' entr\u00e9e d'air 3'' Secure Pellet - Groupe BelleFlamme\",\"isPartOf\":{\"@id\":\"https:\/\/www.belleflamme.ca\/fr\/#website\"},\"primaryImageOfPage\":{\"@id\":\"https:\/\/staging.belleflamme.ca\/fr\/produit\/chapeau-prairie-en-inox-4-entree-dair-3-secure-pellet\/#primaryimage\"},\"image\":{\"@id\":\"https:\/\/staging.belleflamme.ca\/fr\/produit\/chapeau-prairie-en-inox-4-entree-dair-3-secure-pellet\/#primaryimage\"},\"thumbnailUrl\":\"https:\/\/staging.belleflamme.ca\/wp-content\/uploads\/2023\/11\/Chapeau-Prairie-en-inox-4-entree-dair-3-Secure-Pellet.webp\",\"datePublished\":\"2023-11-03T20:19:23+00:00\",\"dateModified\":\"2024-10-08T19:29:08+00:00\",\"description\":\"Chapeau Prairie en inox 4'' entr\u00e9e d'air 3'' Secure Pellet [get_meta_en_fr]\",\"breadcrumb\":{\"@id\":\"https:\/\/staging.belleflamme.ca\/fr\/produit\/chapeau-prairie-en-inox-4-entree-dair-3-secure-pellet\/#breadcrumb\"},\"inLanguage\":\"fr-FR\",\"potentialAction\":[{\"@type\":\"ReadAction\",\"target\":[\"https:\/\/staging.belleflamme.ca\/fr\/produit\/chapeau-prairie-en-inox-4-entree-dair-3-secure-pellet\/\"]}]},{\"@type\":\"ImageObject\",\"inLanguage\":\"fr-FR\",\"@id\":\"https:\/\/staging.belleflamme.ca\/fr\/produit\/chapeau-prairie-en-inox-4-entree-dair-3-secure-pellet\/#primaryimage\",\"url\":\"https:\/\/staging.belleflamme.ca\/wp-content\/uploads\/2023\/11\/Chapeau-Prairie-en-inox-4-entree-dair-3-Secure-Pellet.webp\",\"contentUrl\":\"https:\/\/staging.belleflamme.ca\/wp-content\/uploads\/2023\/11\/Chapeau-Prairie-en-inox-4-entree-dair-3-Secure-Pellet.webp\",\"width\":1000,\"height\":1000,\"caption\":\"Chapeau Prairie en inox 4'' entr\u00e9e d'air 3'' Secure Pellet\"},{\"@type\":\"BreadcrumbList\",\"@id\":\"https:\/\/staging.belleflamme.ca\/fr\/produit\/chapeau-prairie-en-inox-4-entree-dair-3-secure-pellet\/#breadcrumb\",\"itemListElement\":[{\"@type\":\"ListItem\",\"position\":1,\"name\":\"Accueil\",\"item\":\"https:\/\/www.belleflamme.ca\/fr\/\"},{\"@type\":\"ListItem\",\"position\":2,\"name\":\"Boutique\",\"item\":\"https:\/\/www.belleflamme.ca\/fr\/boutique\/\"},{\"@type\":\"ListItem\",\"position\":3,\"name\":\"Chemin\u00e9es, Pi\u00e8ces &amp; Accessoires\",\"item\":\"https:\/\/staging.belleflamme.ca\/fr\/categories\/cheminees-pieces-accessoires\/\"},{\"@type\":\"ListItem\",\"position\":4,\"name\":\"Chemin\u00e9es\",\"item\":\"https:\/\/staging.belleflamme.ca\/fr\/categories\/cheminees-pieces-accessoires\/cheminees\/\"},{\"@type\":\"ListItem\",\"position\":5,\"name\":\"Secure Pellet\",\"item\":\"https:\/\/staging.belleflamme.ca\/fr\/categories\/cheminees-pieces-accessoires\/cheminees\/secure-pellet\/\"},{\"@type\":\"ListItem\",\"position\":6,\"name\":\"Chapeau Prairie en inox 4&#8221; entr\u00e9e d&#8217;air 3&#8221; Secure Pellet\"}]},{\"@type\":\"WebSite\",\"@id\":\"https:\/\/www.belleflamme.ca\/fr\/#website\",\"url\":\"https:\/\/www.belleflamme.ca\/fr\/\",\"name\":\"Groupe Belleflamme\",\"description\":\"La m\u00e9canique du b\u00e2timent dans le sang.\",\"publisher\":{\"@id\":\"https:\/\/www.belleflamme.ca\/fr\/#organization\"},\"potentialAction\":[{\"@type\":\"SearchAction\",\"target\":{\"@type\":\"EntryPoint\",\"urlTemplate\":\"https:\/\/www.belleflamme.ca\/fr\/?s={search_term_string}\"},\"query-input\":{\"@type\":\"PropertyValueSpecification\",\"valueRequired\":true,\"valueName\":\"search_term_string\"}}],\"inLanguage\":\"fr-FR\"},{\"@type\":[\"Organization\",\"Place\"],\"@id\":\"https:\/\/www.belleflamme.ca\/fr\/#organization\",\"name\":\"Groupe Belleflamme\",\"alternateName\":\"Belleflamme\",\"url\":\"https:\/\/www.belleflamme.ca\/fr\/\",\"logo\":{\"@type\":\"ImageObject\",\"inLanguage\":\"fr-FR\",\"@id\":\"https:\/\/www.belleflamme.ca\/fr\/#\/schema\/logo\/image\/\",\"url\":\"https:\/\/staging.belleflamme.ca\/wp-content\/uploads\/2023\/01\/og-image.jpg\",\"contentUrl\":\"https:\/\/staging.belleflamme.ca\/wp-content\/uploads\/2023\/01\/og-image.jpg\",\"width\":1200,\"height\":630,\"caption\":\"Groupe Belleflamme\"},\"image\":{\"@id\":\"https:\/\/www.belleflamme.ca\/fr\/#\/schema\/logo\/image\/\"},\"sameAs\":[\"https:\/\/www.facebook.com\/belleflamme.ca\/\",\"https:\/\/www.linkedin.com\/company\/belleflamme\/\",\"https:\/\/www.pinterest.ca\/groupebelleflamme\/\",\"https:\/\/www.instagram.com\/legroupebelleflamme\/\"],\"mainEntityOfPage\":{\"@id\":\"https:\/\/staging.belleflamme.ca\/fr\/produit\/chapeau-prairie-en-inox-4-entree-dair-3-secure-pellet\/\"}}]}<\/script>\n<meta property=\"product:brand\" content=\"Chemin\u00e9es S\u00e9curit\u00e9\" \/>\n<meta property=\"og:availability\" content=\"instock\" \/>\n<meta property=\"product:availability\" content=\"instock\" \/>\n<meta property=\"product:condition\" content=\"new\" \/>\n<!-- \/ Yoast SEO Premium plugin. -->","yoast_head_json":{"title":"Chapeau Prairie en inox 4'' entr\u00e9e d'air 3'' Secure Pellet - Groupe BelleFlamme","description":"Chapeau Prairie en inox 4'' entr\u00e9e d'air 3'' Secure Pellet vendu et install\u00e9 par le Groupe Belleflamme. Laval, Montr\u00e9al, Gatineau, Drummondville et Saint-Sauveur.","robots":{"index":"index","follow":"follow","max-snippet":"max-snippet:-1","max-image-preview":"max-image-preview:large","max-video-preview":"max-video-preview:-1"},"canonical":"https:\/\/staging.belleflamme.ca\/fr\/produit\/chapeau-prairie-en-inox-4-entree-dair-3-secure-pellet\/","og_locale":"fr_FR","og_type":"article","og_title":"Chapeau Prairie en inox 4'' entr\u00e9e d'air 3'' Secure Pellet","og_description":"Chapeau Prairie en inox 4'' entr\u00e9e d'air 3'' Secure Pellet vendu et install\u00e9 par le Groupe Belleflamme. Laval, Montr\u00e9al, Gatineau, Drummondville et Saint-Sauveur.","og_url":"https:\/\/staging.belleflamme.ca\/fr\/produit\/chapeau-prairie-en-inox-4-entree-dair-3-secure-pellet\/","og_site_name":"Groupe BelleFlamme","article_publisher":"https:\/\/www.facebook.com\/belleflamme.ca\/","article_modified_time":"2024-10-08T19:29:08+00:00","og_image":[{"width":1000,"height":1000,"url":"https:\/\/www.belleflamme.ca\/wp-content\/uploads\/2023\/11\/Chapeau-Prairie-en-inox-4-entree-dair-3-Secure-Pellet.webp","type":"image\/webp"}],"twitter_card":"summary_large_image","twitter_misc":{"Disponibilit\u00e9":"En stock"},"schema":{"@context":"https:\/\/schema.org","@graph":[{"@type":["WebPage","ItemPage"],"@id":"https:\/\/staging.belleflamme.ca\/fr\/produit\/chapeau-prairie-en-inox-4-entree-dair-3-secure-pellet\/","url":"https:\/\/staging.belleflamme.ca\/fr\/produit\/chapeau-prairie-en-inox-4-entree-dair-3-secure-pellet\/","name":"Chapeau Prairie en inox 4'' entr\u00e9e d'air 3'' Secure Pellet - Groupe BelleFlamme","isPartOf":{"@id":"https:\/\/www.belleflamme.ca\/fr\/#website"},"primaryImageOfPage":{"@id":"https:\/\/staging.belleflamme.ca\/fr\/produit\/chapeau-prairie-en-inox-4-entree-dair-3-secure-pellet\/#primaryimage"},"image":{"@id":"https:\/\/staging.belleflamme.ca\/fr\/produit\/chapeau-prairie-en-inox-4-entree-dair-3-secure-pellet\/#primaryimage"},"thumbnailUrl":"https:\/\/staging.belleflamme.ca\/wp-content\/uploads\/2023\/11\/Chapeau-Prairie-en-inox-4-entree-dair-3-Secure-Pellet.webp","datePublished":"2023-11-03T20:19:23+00:00","dateModified":"2024-10-08T19:29:08+00:00","description":"Chapeau Prairie en inox 4'' entr\u00e9e d'air 3'' Secure Pellet [get_meta_en_fr]","breadcrumb":{"@id":"https:\/\/staging.belleflamme.ca\/fr\/produit\/chapeau-prairie-en-inox-4-entree-dair-3-secure-pellet\/#breadcrumb"},"inLanguage":"fr-FR","potentialAction":[{"@type":"ReadAction","target":["https:\/\/staging.belleflamme.ca\/fr\/produit\/chapeau-prairie-en-inox-4-entree-dair-3-secure-pellet\/"]}]},{"@type":"ImageObject","inLanguage":"fr-FR","@id":"https:\/\/staging.belleflamme.ca\/fr\/produit\/chapeau-prairie-en-inox-4-entree-dair-3-secure-pellet\/#primaryimage","url":"https:\/\/staging.belleflamme.ca\/wp-content\/uploads\/2023\/11\/Chapeau-Prairie-en-inox-4-entree-dair-3-Secure-Pellet.webp","contentUrl":"https:\/\/staging.belleflamme.ca\/wp-content\/uploads\/2023\/11\/Chapeau-Prairie-en-inox-4-entree-dair-3-Secure-Pellet.webp","width":1000,"height":1000,"caption":"Chapeau Prairie en inox 4'' entr\u00e9e d'air 3'' Secure Pellet"},{"@type":"BreadcrumbList","@id":"https:\/\/staging.belleflamme.ca\/fr\/produit\/chapeau-prairie-en-inox-4-entree-dair-3-secure-pellet\/#breadcrumb","itemListElement":[{"@type":"ListItem","position":1,"name":"Accueil","item":"https:\/\/www.belleflamme.ca\/fr\/"},{"@type":"ListItem","position":2,"name":"Boutique","item":"https:\/\/www.belleflamme.ca\/fr\/boutique\/"},{"@type":"ListItem","position":3,"name":"Chemin\u00e9es, Pi\u00e8ces &amp; Accessoires","item":"https:\/\/staging.belleflamme.ca\/fr\/categories\/cheminees-pieces-accessoires\/"},{"@type":"ListItem","position":4,"name":"Chemin\u00e9es","item":"https:\/\/staging.belleflamme.ca\/fr\/categories\/cheminees-pieces-accessoires\/cheminees\/"},{"@type":"ListItem","position":5,"name":"Secure Pellet","item":"https:\/\/staging.belleflamme.ca\/fr\/categories\/cheminees-pieces-accessoires\/cheminees\/secure-pellet\/"},{"@type":"ListItem","position":6,"name":"Chapeau Prairie en inox 4&#8221; entr\u00e9e d&#8217;air 3&#8221; Secure Pellet"}]},{"@type":"WebSite","@id":"https:\/\/www.belleflamme.ca\/fr\/#website","url":"https:\/\/www.belleflamme.ca\/fr\/","name":"Groupe Belleflamme","description":"La m\u00e9canique du b\u00e2timent dans le sang.","publisher":{"@id":"https:\/\/www.belleflamme.ca\/fr\/#organization"},"potentialAction":[{"@type":"SearchAction","target":{"@type":"EntryPoint","urlTemplate":"https:\/\/www.belleflamme.ca\/fr\/?s={search_term_string}"},"query-input":{"@type":"PropertyValueSpecification","valueRequired":true,"valueName":"search_term_string"}}],"inLanguage":"fr-FR"},{"@type":["Organization","Place"],"@id":"https:\/\/www.belleflamme.ca\/fr\/#organization","name":"Groupe Belleflamme","alternateName":"Belleflamme","url":"https:\/\/www.belleflamme.ca\/fr\/","logo":{"@type":"ImageObject","inLanguage":"fr-FR","@id":"https:\/\/www.belleflamme.ca\/fr\/#\/schema\/logo\/image\/","url":"https:\/\/staging.belleflamme.ca\/wp-content\/uploads\/2023\/01\/og-image.jpg","contentUrl":"https:\/\/staging.belleflamme.ca\/wp-content\/uploads\/2023\/01\/og-image.jpg","width":1200,"height":630,"caption":"Groupe Belleflamme"},"image":{"@id":"https:\/\/www.belleflamme.ca\/fr\/#\/schema\/logo\/image\/"},"sameAs":["https:\/\/www.facebook.com\/belleflamme.ca\/","https:\/\/www.linkedin.com\/company\/belleflamme\/","https:\/\/www.pinterest.ca\/groupebelleflamme\/","https:\/\/www.instagram.com\/legroupebelleflamme\/"],"mainEntityOfPage":{"@id":"https:\/\/staging.belleflamme.ca\/fr\/produit\/chapeau-prairie-en-inox-4-entree-dair-3-secure-pellet\/"}}]},"product_brand":"Chemin\u00e9es S\u00e9curit\u00e9","og_availability":"instock","product_availability":"instock","product_condition":"new"},"_links":{"self":[{"href":"https:\/\/staging.belleflamme.ca\/fr\/wp-json\/wp\/v2\/product\/19019","targetHints":{"allow":["GET"]}}],"collection":[{"href":"https:\/\/staging.belleflamme.ca\/fr\/wp-json\/wp\/v2\/product"}],"about":[{"href":"https:\/\/staging.belleflamme.ca\/fr\/wp-json\/wp\/v2\/types\/product"}],"version-history":[{"count":1,"href":"https:\/\/staging.belleflamme.ca\/fr\/wp-json\/wp\/v2\/product\/19019\/revisions"}],"predecessor-version":[{"id":19026,"href":"https:\/\/staging.belleflamme.ca\/fr\/wp-json\/wp\/v2\/product\/19019\/revisions\/19026"}],"wp:featuredmedia":[{"embeddable":true,"href":"https:\/\/staging.belleflamme.ca\/fr\/wp-json\/wp\/v2\/media\/19020"}],"wp:attachment":[{"href":"https:\/\/staging.belleflamme.ca\/fr\/wp-json\/wp\/v2\/media?parent=19019"}],"wp:term":[{"taxonomy":"product_brand","embeddable":true,"href":"https:\/\/staging.belleflamme.ca\/fr\/wp-json\/wp\/v2\/product_brand?post=19019"},{"taxonomy":"product_cat","embeddable":true,"href":"https:\/\/staging.belleflamme.ca\/fr\/wp-json\/wp\/v2\/product_cat?post=19019"},{"taxonomy":"product_tag","embeddable":true,"href":"https:\/\/staging.belleflamme.ca\/fr\/wp-json\/wp\/v2\/product_tag?post=19019"}],"curies":[{"name":"wp","href":"https:\/\/api.w.org\/{rel}","templated":true}]}}