{"id":18900,"date":"2023-11-03T14:14:30","date_gmt":"2023-11-03T18:14:30","guid":{"rendered":"https:\/\/www.belleflamme.ca\/?post_type=product&#038;p=18900"},"modified":"2024-10-09T11:32:47","modified_gmt":"2024-10-09T15:32:47","slug":"solin-de-toit-conique-haut-secure-pellet","status":"publish","type":"product","link":"https:\/\/staging.belleflamme.ca\/fr\/produit\/solin-de-toit-conique-haut-secure-pellet\/","title":{"rendered":"Solin de toit conique haut Secure Pellet"},"content":{"rendered":"<p>Utiliser pour prot\u00e9ger contre les intemp\u00e9ries la p\u00e9n\u00e9tration du tuyau de ventilation \u00e0 travers le toit. Collier anti-temp\u00eate requis. S\u00e9lectionnez le solin de toit en fonction de la pente du toit. Utiliser sur les toits plats, les enclos de chasse ou les chemin\u00e9es en ma\u00e7onnerie. Fabriqu\u00e9 en galvalume.<\/p>\n<p><img fetchpriority=\"high\" decoding=\"async\" class=\"alignnone size-full wp-image-18903\" src=\"https:\/\/www.belleflamme.ca\/wp-content\/uploads\/2023\/11\/2023-11-03-14_11_24-ESPV_Secure-Pellet-Catalog_03-23-20.pdf.png\" alt=\"\" width=\"298\" height=\"466\" srcset=\"https:\/\/staging.belleflamme.ca\/wp-content\/uploads\/2023\/11\/2023-11-03-14_11_24-ESPV_Secure-Pellet-Catalog_03-23-20.pdf.png 298w, https:\/\/staging.belleflamme.ca\/wp-content\/uploads\/2023\/11\/2023-11-03-14_11_24-ESPV_Secure-Pellet-Catalog_03-23-20.pdf-192x300.png 192w\" sizes=\"(max-width: 298px) 100vw, 298px\" \/><\/p>\n<p><img decoding=\"async\" class=\"alignnone size-full wp-image-18905\" src=\"https:\/\/www.belleflamme.ca\/wp-content\/uploads\/2023\/11\/2023-11-03-14_11_14-ESPV_Secure-Pellet-Catalog_03-23-20.pdf.png\" alt=\"\" width=\"897\" height=\"262\" srcset=\"https:\/\/staging.belleflamme.ca\/wp-content\/uploads\/2023\/11\/2023-11-03-14_11_14-ESPV_Secure-Pellet-Catalog_03-23-20.pdf.png 897w, https:\/\/staging.belleflamme.ca\/wp-content\/uploads\/2023\/11\/2023-11-03-14_11_14-ESPV_Secure-Pellet-Catalog_03-23-20.pdf-300x88.png 300w, https:\/\/staging.belleflamme.ca\/wp-content\/uploads\/2023\/11\/2023-11-03-14_11_14-ESPV_Secure-Pellet-Catalog_03-23-20.pdf-768x224.png 768w\" sizes=\"(max-width: 897px) 100vw, 897px\" \/><\/p>\n<p>&nbsp;<\/p>\n","protected":false},"excerpt":{"rendered":"<p>Utiliser pour prot\u00e9ger contre les intemp\u00e9ries la p\u00e9n\u00e9tration du tuyau de ventilation \u00e0 travers le toit. Collier anti-temp\u00eate requis. S\u00e9lectionnez le solin de toit en fonction de la pente du toit. Utiliser sur les toits plats, les enclos de chasse ou les chemin\u00e9es en ma\u00e7onnerie. Fabriqu\u00e9 en galvalume. &nbsp;<\/p>\n","protected":false},"featured_media":18901,"template":"","meta":{"inline_featured_image":false},"product_brand":[228],"product_cat":[95,608,45],"product_tag":[],"class_list":{"0":"post-18900","1":"product","2":"type-product","3":"status-publish","4":"has-post-thumbnail","6":"product_brand-cheminees-securite","7":"product_cat-cheminees","8":"product_cat-secure-pellet","9":"product_cat-cheminees-pieces-accessoires","11":"first","12":"instock","13":"taxable","14":"shipping-taxable","15":"purchasable","16":"product-type-variable"},"yoast_head":"<!-- This site is optimized with the Yoast SEO Premium plugin v24.2 (Yoast SEO v24.2) - https:\/\/yoast.com\/wordpress\/plugins\/seo\/ -->\n<title>Solin de toit conique haut Secure Pellet - Groupe BelleFlamme<\/title>\n<meta name=\"description\" content=\"Solin de toit conique haut Secure Pellet vendu et install\u00e9 par le Groupe Belleflamme. Laval, Montr\u00e9al, Gatineau, Drummondville et Saint-Sauveur.\" \/>\n<meta name=\"robots\" content=\"index, follow, max-snippet:-1, max-image-preview:large, max-video-preview:-1\" \/>\n<link rel=\"canonical\" href=\"https:\/\/staging.belleflamme.ca\/fr\/produit\/solin-de-toit-conique-haut-secure-pellet\/\" \/>\n<meta property=\"og:locale\" content=\"fr_FR\" \/>\n<meta property=\"og:type\" content=\"article\" \/>\n<meta property=\"og:title\" content=\"Solin de toit conique haut Secure Pellet\" \/>\n<meta property=\"og:description\" content=\"Solin de toit conique haut Secure Pellet vendu et install\u00e9 par le Groupe Belleflamme. Laval, Montr\u00e9al, Gatineau, Drummondville et Saint-Sauveur.\" \/>\n<meta property=\"og:url\" content=\"https:\/\/staging.belleflamme.ca\/fr\/produit\/solin-de-toit-conique-haut-secure-pellet\/\" \/>\n<meta property=\"og:site_name\" content=\"Groupe BelleFlamme\" \/>\n<meta property=\"article:publisher\" content=\"https:\/\/www.facebook.com\/belleflamme.ca\/\" \/>\n<meta property=\"article:modified_time\" content=\"2024-10-09T15:32:47+00:00\" \/>\n<meta property=\"og:image\" content=\"https:\/\/www.belleflamme.ca\/wp-content\/uploads\/2023\/11\/Solin-de-toit-conique-haut-Secure-Pellet.webp\" \/>\n\t<meta property=\"og:image:width\" content=\"1000\" \/>\n\t<meta property=\"og:image:height\" content=\"1000\" \/>\n\t<meta property=\"og:image:type\" content=\"image\/webp\" \/>\n<meta name=\"twitter:card\" content=\"summary_large_image\" \/>\n<meta name=\"twitter:label1\" content=\"Disponibilit\u00e9\" \/>\n\t<meta name=\"twitter:data1\" content=\"En stock\" \/>\n<script type=\"application\/ld+json\" class=\"yoast-schema-graph\">{\"@context\":\"https:\/\/schema.org\",\"@graph\":[{\"@type\":[\"WebPage\",\"ItemPage\"],\"@id\":\"https:\/\/staging.belleflamme.ca\/fr\/produit\/solin-de-toit-conique-haut-secure-pellet\/\",\"url\":\"https:\/\/staging.belleflamme.ca\/fr\/produit\/solin-de-toit-conique-haut-secure-pellet\/\",\"name\":\"Solin de toit conique haut Secure Pellet - Groupe BelleFlamme\",\"isPartOf\":{\"@id\":\"https:\/\/www.belleflamme.ca\/fr\/#website\"},\"primaryImageOfPage\":{\"@id\":\"https:\/\/staging.belleflamme.ca\/fr\/produit\/solin-de-toit-conique-haut-secure-pellet\/#primaryimage\"},\"image\":{\"@id\":\"https:\/\/staging.belleflamme.ca\/fr\/produit\/solin-de-toit-conique-haut-secure-pellet\/#primaryimage\"},\"thumbnailUrl\":\"https:\/\/staging.belleflamme.ca\/wp-content\/uploads\/2023\/11\/Solin-de-toit-conique-haut-Secure-Pellet.webp\",\"datePublished\":\"2023-11-03T18:14:30+00:00\",\"dateModified\":\"2024-10-09T15:32:47+00:00\",\"description\":\"Solin de toit conique haut Secure Pellet [get_meta_en_fr]\",\"breadcrumb\":{\"@id\":\"https:\/\/staging.belleflamme.ca\/fr\/produit\/solin-de-toit-conique-haut-secure-pellet\/#breadcrumb\"},\"inLanguage\":\"fr-FR\",\"potentialAction\":[{\"@type\":\"ReadAction\",\"target\":[\"https:\/\/staging.belleflamme.ca\/fr\/produit\/solin-de-toit-conique-haut-secure-pellet\/\"]}]},{\"@type\":\"ImageObject\",\"inLanguage\":\"fr-FR\",\"@id\":\"https:\/\/staging.belleflamme.ca\/fr\/produit\/solin-de-toit-conique-haut-secure-pellet\/#primaryimage\",\"url\":\"https:\/\/staging.belleflamme.ca\/wp-content\/uploads\/2023\/11\/Solin-de-toit-conique-haut-Secure-Pellet.webp\",\"contentUrl\":\"https:\/\/staging.belleflamme.ca\/wp-content\/uploads\/2023\/11\/Solin-de-toit-conique-haut-Secure-Pellet.webp\",\"width\":1000,\"height\":1000,\"caption\":\"Solin de toit conique haut Secure Pellet\"},{\"@type\":\"BreadcrumbList\",\"@id\":\"https:\/\/staging.belleflamme.ca\/fr\/produit\/solin-de-toit-conique-haut-secure-pellet\/#breadcrumb\",\"itemListElement\":[{\"@type\":\"ListItem\",\"position\":1,\"name\":\"Accueil\",\"item\":\"https:\/\/www.belleflamme.ca\/fr\/\"},{\"@type\":\"ListItem\",\"position\":2,\"name\":\"Boutique\",\"item\":\"https:\/\/www.belleflamme.ca\/fr\/boutique\/\"},{\"@type\":\"ListItem\",\"position\":3,\"name\":\"Chemin\u00e9es, Pi\u00e8ces &amp; Accessoires\",\"item\":\"https:\/\/staging.belleflamme.ca\/fr\/categories\/cheminees-pieces-accessoires\/\"},{\"@type\":\"ListItem\",\"position\":4,\"name\":\"Chemin\u00e9es\",\"item\":\"https:\/\/staging.belleflamme.ca\/fr\/categories\/cheminees-pieces-accessoires\/cheminees\/\"},{\"@type\":\"ListItem\",\"position\":5,\"name\":\"Secure Pellet\",\"item\":\"https:\/\/staging.belleflamme.ca\/fr\/categories\/cheminees-pieces-accessoires\/cheminees\/secure-pellet\/\"},{\"@type\":\"ListItem\",\"position\":6,\"name\":\"Solin de toit conique haut Secure Pellet\"}]},{\"@type\":\"WebSite\",\"@id\":\"https:\/\/www.belleflamme.ca\/fr\/#website\",\"url\":\"https:\/\/www.belleflamme.ca\/fr\/\",\"name\":\"Groupe Belleflamme\",\"description\":\"La m\u00e9canique du b\u00e2timent dans le sang.\",\"publisher\":{\"@id\":\"https:\/\/www.belleflamme.ca\/fr\/#organization\"},\"potentialAction\":[{\"@type\":\"SearchAction\",\"target\":{\"@type\":\"EntryPoint\",\"urlTemplate\":\"https:\/\/www.belleflamme.ca\/fr\/?s={search_term_string}\"},\"query-input\":{\"@type\":\"PropertyValueSpecification\",\"valueRequired\":true,\"valueName\":\"search_term_string\"}}],\"inLanguage\":\"fr-FR\"},{\"@type\":[\"Organization\",\"Place\"],\"@id\":\"https:\/\/www.belleflamme.ca\/fr\/#organization\",\"name\":\"Groupe Belleflamme\",\"alternateName\":\"Belleflamme\",\"url\":\"https:\/\/www.belleflamme.ca\/fr\/\",\"logo\":{\"@type\":\"ImageObject\",\"inLanguage\":\"fr-FR\",\"@id\":\"https:\/\/www.belleflamme.ca\/fr\/#\/schema\/logo\/image\/\",\"url\":\"https:\/\/staging.belleflamme.ca\/wp-content\/uploads\/2023\/01\/og-image.jpg\",\"contentUrl\":\"https:\/\/staging.belleflamme.ca\/wp-content\/uploads\/2023\/01\/og-image.jpg\",\"width\":1200,\"height\":630,\"caption\":\"Groupe Belleflamme\"},\"image\":{\"@id\":\"https:\/\/www.belleflamme.ca\/fr\/#\/schema\/logo\/image\/\"},\"sameAs\":[\"https:\/\/www.facebook.com\/belleflamme.ca\/\",\"https:\/\/www.linkedin.com\/company\/belleflamme\/\",\"https:\/\/www.pinterest.ca\/groupebelleflamme\/\",\"https:\/\/www.instagram.com\/legroupebelleflamme\/\"],\"mainEntityOfPage\":{\"@id\":\"https:\/\/staging.belleflamme.ca\/fr\/produit\/solin-de-toit-conique-haut-secure-pellet\/\"}}]}<\/script>\n<meta property=\"product:brand\" content=\"Chemin\u00e9es S\u00e9curit\u00e9\" \/>\n<meta property=\"og:availability\" content=\"instock\" \/>\n<meta property=\"product:availability\" content=\"instock\" \/>\n<meta property=\"product:condition\" content=\"new\" \/>\n<!-- \/ Yoast SEO Premium plugin. -->","yoast_head_json":{"title":"Solin de toit conique haut Secure Pellet - Groupe BelleFlamme","description":"Solin de toit conique haut Secure Pellet vendu et install\u00e9 par le Groupe Belleflamme. Laval, Montr\u00e9al, Gatineau, Drummondville et Saint-Sauveur.","robots":{"index":"index","follow":"follow","max-snippet":"max-snippet:-1","max-image-preview":"max-image-preview:large","max-video-preview":"max-video-preview:-1"},"canonical":"https:\/\/staging.belleflamme.ca\/fr\/produit\/solin-de-toit-conique-haut-secure-pellet\/","og_locale":"fr_FR","og_type":"article","og_title":"Solin de toit conique haut Secure Pellet","og_description":"Solin de toit conique haut Secure Pellet vendu et install\u00e9 par le Groupe Belleflamme. Laval, Montr\u00e9al, Gatineau, Drummondville et Saint-Sauveur.","og_url":"https:\/\/staging.belleflamme.ca\/fr\/produit\/solin-de-toit-conique-haut-secure-pellet\/","og_site_name":"Groupe BelleFlamme","article_publisher":"https:\/\/www.facebook.com\/belleflamme.ca\/","article_modified_time":"2024-10-09T15:32:47+00:00","og_image":[{"width":1000,"height":1000,"url":"https:\/\/www.belleflamme.ca\/wp-content\/uploads\/2023\/11\/Solin-de-toit-conique-haut-Secure-Pellet.webp","type":"image\/webp"}],"twitter_card":"summary_large_image","twitter_misc":{"Disponibilit\u00e9":"En stock"},"schema":{"@context":"https:\/\/schema.org","@graph":[{"@type":["WebPage","ItemPage"],"@id":"https:\/\/staging.belleflamme.ca\/fr\/produit\/solin-de-toit-conique-haut-secure-pellet\/","url":"https:\/\/staging.belleflamme.ca\/fr\/produit\/solin-de-toit-conique-haut-secure-pellet\/","name":"Solin de toit conique haut Secure Pellet - Groupe BelleFlamme","isPartOf":{"@id":"https:\/\/www.belleflamme.ca\/fr\/#website"},"primaryImageOfPage":{"@id":"https:\/\/staging.belleflamme.ca\/fr\/produit\/solin-de-toit-conique-haut-secure-pellet\/#primaryimage"},"image":{"@id":"https:\/\/staging.belleflamme.ca\/fr\/produit\/solin-de-toit-conique-haut-secure-pellet\/#primaryimage"},"thumbnailUrl":"https:\/\/staging.belleflamme.ca\/wp-content\/uploads\/2023\/11\/Solin-de-toit-conique-haut-Secure-Pellet.webp","datePublished":"2023-11-03T18:14:30+00:00","dateModified":"2024-10-09T15:32:47+00:00","description":"Solin de toit conique haut Secure Pellet [get_meta_en_fr]","breadcrumb":{"@id":"https:\/\/staging.belleflamme.ca\/fr\/produit\/solin-de-toit-conique-haut-secure-pellet\/#breadcrumb"},"inLanguage":"fr-FR","potentialAction":[{"@type":"ReadAction","target":["https:\/\/staging.belleflamme.ca\/fr\/produit\/solin-de-toit-conique-haut-secure-pellet\/"]}]},{"@type":"ImageObject","inLanguage":"fr-FR","@id":"https:\/\/staging.belleflamme.ca\/fr\/produit\/solin-de-toit-conique-haut-secure-pellet\/#primaryimage","url":"https:\/\/staging.belleflamme.ca\/wp-content\/uploads\/2023\/11\/Solin-de-toit-conique-haut-Secure-Pellet.webp","contentUrl":"https:\/\/staging.belleflamme.ca\/wp-content\/uploads\/2023\/11\/Solin-de-toit-conique-haut-Secure-Pellet.webp","width":1000,"height":1000,"caption":"Solin de toit conique haut Secure Pellet"},{"@type":"BreadcrumbList","@id":"https:\/\/staging.belleflamme.ca\/fr\/produit\/solin-de-toit-conique-haut-secure-pellet\/#breadcrumb","itemListElement":[{"@type":"ListItem","position":1,"name":"Accueil","item":"https:\/\/www.belleflamme.ca\/fr\/"},{"@type":"ListItem","position":2,"name":"Boutique","item":"https:\/\/www.belleflamme.ca\/fr\/boutique\/"},{"@type":"ListItem","position":3,"name":"Chemin\u00e9es, Pi\u00e8ces &amp; Accessoires","item":"https:\/\/staging.belleflamme.ca\/fr\/categories\/cheminees-pieces-accessoires\/"},{"@type":"ListItem","position":4,"name":"Chemin\u00e9es","item":"https:\/\/staging.belleflamme.ca\/fr\/categories\/cheminees-pieces-accessoires\/cheminees\/"},{"@type":"ListItem","position":5,"name":"Secure Pellet","item":"https:\/\/staging.belleflamme.ca\/fr\/categories\/cheminees-pieces-accessoires\/cheminees\/secure-pellet\/"},{"@type":"ListItem","position":6,"name":"Solin de toit conique haut Secure Pellet"}]},{"@type":"WebSite","@id":"https:\/\/www.belleflamme.ca\/fr\/#website","url":"https:\/\/www.belleflamme.ca\/fr\/","name":"Groupe Belleflamme","description":"La m\u00e9canique du b\u00e2timent dans le sang.","publisher":{"@id":"https:\/\/www.belleflamme.ca\/fr\/#organization"},"potentialAction":[{"@type":"SearchAction","target":{"@type":"EntryPoint","urlTemplate":"https:\/\/www.belleflamme.ca\/fr\/?s={search_term_string}"},"query-input":{"@type":"PropertyValueSpecification","valueRequired":true,"valueName":"search_term_string"}}],"inLanguage":"fr-FR"},{"@type":["Organization","Place"],"@id":"https:\/\/www.belleflamme.ca\/fr\/#organization","name":"Groupe Belleflamme","alternateName":"Belleflamme","url":"https:\/\/www.belleflamme.ca\/fr\/","logo":{"@type":"ImageObject","inLanguage":"fr-FR","@id":"https:\/\/www.belleflamme.ca\/fr\/#\/schema\/logo\/image\/","url":"https:\/\/staging.belleflamme.ca\/wp-content\/uploads\/2023\/01\/og-image.jpg","contentUrl":"https:\/\/staging.belleflamme.ca\/wp-content\/uploads\/2023\/01\/og-image.jpg","width":1200,"height":630,"caption":"Groupe Belleflamme"},"image":{"@id":"https:\/\/www.belleflamme.ca\/fr\/#\/schema\/logo\/image\/"},"sameAs":["https:\/\/www.facebook.com\/belleflamme.ca\/","https:\/\/www.linkedin.com\/company\/belleflamme\/","https:\/\/www.pinterest.ca\/groupebelleflamme\/","https:\/\/www.instagram.com\/legroupebelleflamme\/"],"mainEntityOfPage":{"@id":"https:\/\/staging.belleflamme.ca\/fr\/produit\/solin-de-toit-conique-haut-secure-pellet\/"}}]},"product_brand":"Chemin\u00e9es S\u00e9curit\u00e9","og_availability":"instock","product_availability":"instock","product_condition":"new"},"_links":{"self":[{"href":"https:\/\/staging.belleflamme.ca\/fr\/wp-json\/wp\/v2\/product\/18900","targetHints":{"allow":["GET"]}}],"collection":[{"href":"https:\/\/staging.belleflamme.ca\/fr\/wp-json\/wp\/v2\/product"}],"about":[{"href":"https:\/\/staging.belleflamme.ca\/fr\/wp-json\/wp\/v2\/types\/product"}],"version-history":[{"count":2,"href":"https:\/\/staging.belleflamme.ca\/fr\/wp-json\/wp\/v2\/product\/18900\/revisions"}],"predecessor-version":[{"id":43487,"href":"https:\/\/staging.belleflamme.ca\/fr\/wp-json\/wp\/v2\/product\/18900\/revisions\/43487"}],"wp:featuredmedia":[{"embeddable":true,"href":"https:\/\/staging.belleflamme.ca\/fr\/wp-json\/wp\/v2\/media\/18901"}],"wp:attachment":[{"href":"https:\/\/staging.belleflamme.ca\/fr\/wp-json\/wp\/v2\/media?parent=18900"}],"wp:term":[{"taxonomy":"product_brand","embeddable":true,"href":"https:\/\/staging.belleflamme.ca\/fr\/wp-json\/wp\/v2\/product_brand?post=18900"},{"taxonomy":"product_cat","embeddable":true,"href":"https:\/\/staging.belleflamme.ca\/fr\/wp-json\/wp\/v2\/product_cat?post=18900"},{"taxonomy":"product_tag","embeddable":true,"href":"https:\/\/staging.belleflamme.ca\/fr\/wp-json\/wp\/v2\/product_tag?post=18900"}],"curies":[{"name":"wp","href":"https:\/\/api.w.org\/{rel}","templated":true}]}}