{"id":18681,"date":"2023-11-03T12:16:43","date_gmt":"2023-11-03T16:16:43","guid":{"rendered":"https:\/\/www.belleflamme.ca\/?post_type=product&#038;p=18681"},"modified":"2024-10-09T12:29:57","modified_gmt":"2024-10-09T16:29:57","slug":"te-adaptateur-daugmentation-avec-capuchon-de-nettoyage-2","status":"publish","type":"product","link":"https:\/\/staging.belleflamme.ca\/fr\/produit\/te-adaptateur-daugmentation-avec-capuchon-de-nettoyage-2\/","title":{"rendered":"T\u00e9 adaptateur d&#8217;augmentation avec capuchon de nettoyage"},"content":{"rendered":"<p>Utiliser pour un d\u00e9calage de 90\u00b0. Se fixe directement \u00e0 l&#8217;appareil comme adaptateur. Convertit un appareil de 3 po en un syst\u00e8me Secure Pellet de 4 po. Capuchon de t-shirt de nettoyage amovible \u00e0 verrouillage par rotation.<\/p>\n<p><img fetchpriority=\"high\" decoding=\"async\" class=\"alignnone size-full wp-image-18684\" src=\"https:\/\/www.belleflamme.ca\/wp-content\/uploads\/2023\/11\/2023-11-03-12_03_43-ESPV_Secure-Pellet-Catalog_03-23-20.pdf-1.png\" alt=\"\" width=\"595\" height=\"507\" srcset=\"https:\/\/staging.belleflamme.ca\/wp-content\/uploads\/2023\/11\/2023-11-03-12_03_43-ESPV_Secure-Pellet-Catalog_03-23-20.pdf-1.png 595w, https:\/\/staging.belleflamme.ca\/wp-content\/uploads\/2023\/11\/2023-11-03-12_03_43-ESPV_Secure-Pellet-Catalog_03-23-20.pdf-1-300x256.png 300w\" sizes=\"(max-width: 595px) 100vw, 595px\" \/> <img decoding=\"async\" class=\"alignnone size-full wp-image-18686\" src=\"https:\/\/www.belleflamme.ca\/wp-content\/uploads\/2023\/11\/2023-11-03-12_03_31-ESPV_Secure-Pellet-Catalog_03-23-20.pdf-1.png\" alt=\"\" width=\"874\" height=\"186\" srcset=\"https:\/\/staging.belleflamme.ca\/wp-content\/uploads\/2023\/11\/2023-11-03-12_03_31-ESPV_Secure-Pellet-Catalog_03-23-20.pdf-1.png 874w, https:\/\/staging.belleflamme.ca\/wp-content\/uploads\/2023\/11\/2023-11-03-12_03_31-ESPV_Secure-Pellet-Catalog_03-23-20.pdf-1-300x64.png 300w, https:\/\/staging.belleflamme.ca\/wp-content\/uploads\/2023\/11\/2023-11-03-12_03_31-ESPV_Secure-Pellet-Catalog_03-23-20.pdf-1-768x163.png 768w\" sizes=\"(max-width: 874px) 100vw, 874px\" \/><\/p>\n","protected":false},"excerpt":{"rendered":"<p>Utiliser pour un d\u00e9calage de 90\u00b0. Se fixe directement \u00e0 l&#8217;appareil comme adaptateur. Convertit un appareil de 3 po en un syst\u00e8me Secure Pellet de 4 po. Capuchon de t-shirt de nettoyage amovible \u00e0 verrouillage par rotation.<\/p>\n","protected":false},"featured_media":18682,"template":"","meta":{"inline_featured_image":false},"product_brand":[228],"product_cat":[95,608,45],"product_tag":[],"class_list":{"0":"post-18681","1":"product","2":"type-product","3":"status-publish","4":"has-post-thumbnail","6":"product_brand-cheminees-securite","7":"product_cat-cheminees","8":"product_cat-secure-pellet","9":"product_cat-cheminees-pieces-accessoires","11":"first","12":"instock","13":"taxable","14":"shipping-taxable","15":"purchasable","16":"product-type-variable"},"yoast_head":"<!-- This site is optimized with the Yoast SEO Premium plugin v24.2 (Yoast SEO v24.2) - https:\/\/yoast.com\/wordpress\/plugins\/seo\/ -->\n<title>T\u00e9 adaptateur d&#039;augmentation avec capuchon de nettoyage - Groupe BelleFlamme<\/title>\n<meta name=\"description\" content=\"T\u00e9 adaptateur d&#039;augmentation avec capuchon de nettoyage vendu et install\u00e9 par le Groupe Belleflamme. Laval, Montr\u00e9al, Gatineau, Drummondville et Saint-Sauveur.\" \/>\n<meta name=\"robots\" content=\"index, follow, max-snippet:-1, max-image-preview:large, max-video-preview:-1\" \/>\n<link rel=\"canonical\" href=\"https:\/\/staging.belleflamme.ca\/fr\/produit\/te-adaptateur-daugmentation-avec-capuchon-de-nettoyage-2\/\" \/>\n<meta property=\"og:locale\" content=\"fr_FR\" \/>\n<meta property=\"og:type\" content=\"article\" \/>\n<meta property=\"og:title\" content=\"T\u00e9 adaptateur d&#039;augmentation avec capuchon de nettoyage\" \/>\n<meta property=\"og:description\" content=\"T\u00e9 adaptateur d&#039;augmentation avec capuchon de nettoyage vendu et install\u00e9 par le Groupe Belleflamme. Laval, Montr\u00e9al, Gatineau, Drummondville et Saint-Sauveur.\" \/>\n<meta property=\"og:url\" content=\"https:\/\/staging.belleflamme.ca\/fr\/produit\/te-adaptateur-daugmentation-avec-capuchon-de-nettoyage-2\/\" \/>\n<meta property=\"og:site_name\" content=\"Groupe BelleFlamme\" \/>\n<meta property=\"article:publisher\" content=\"https:\/\/www.facebook.com\/belleflamme.ca\/\" \/>\n<meta property=\"article:modified_time\" content=\"2024-10-09T16:29:57+00:00\" \/>\n<meta property=\"og:image\" content=\"https:\/\/www.belleflamme.ca\/wp-content\/uploads\/2023\/11\/Te-adaptateur-daugmentation-avec-capuchon-de-nettoyage-1.webp\" \/>\n\t<meta property=\"og:image:width\" content=\"1000\" \/>\n\t<meta property=\"og:image:height\" content=\"1000\" \/>\n\t<meta property=\"og:image:type\" content=\"image\/webp\" \/>\n<meta name=\"twitter:card\" content=\"summary_large_image\" \/>\n<meta name=\"twitter:label1\" content=\"Disponibilit\u00e9\" \/>\n\t<meta name=\"twitter:data1\" content=\"En stock\" \/>\n<script type=\"application\/ld+json\" class=\"yoast-schema-graph\">{\"@context\":\"https:\/\/schema.org\",\"@graph\":[{\"@type\":[\"WebPage\",\"ItemPage\"],\"@id\":\"https:\/\/staging.belleflamme.ca\/fr\/produit\/te-adaptateur-daugmentation-avec-capuchon-de-nettoyage-2\/\",\"url\":\"https:\/\/staging.belleflamme.ca\/fr\/produit\/te-adaptateur-daugmentation-avec-capuchon-de-nettoyage-2\/\",\"name\":\"T\u00e9 adaptateur d'augmentation avec capuchon de nettoyage - Groupe BelleFlamme\",\"isPartOf\":{\"@id\":\"https:\/\/www.belleflamme.ca\/fr\/#website\"},\"primaryImageOfPage\":{\"@id\":\"https:\/\/staging.belleflamme.ca\/fr\/produit\/te-adaptateur-daugmentation-avec-capuchon-de-nettoyage-2\/#primaryimage\"},\"image\":{\"@id\":\"https:\/\/staging.belleflamme.ca\/fr\/produit\/te-adaptateur-daugmentation-avec-capuchon-de-nettoyage-2\/#primaryimage\"},\"thumbnailUrl\":\"https:\/\/staging.belleflamme.ca\/wp-content\/uploads\/2023\/11\/Te-adaptateur-daugmentation-avec-capuchon-de-nettoyage-1.webp\",\"datePublished\":\"2023-11-03T16:16:43+00:00\",\"dateModified\":\"2024-10-09T16:29:57+00:00\",\"description\":\"T\u00e9 adaptateur d'augmentation avec capuchon de nettoyage [get_meta_en_fr]\",\"breadcrumb\":{\"@id\":\"https:\/\/staging.belleflamme.ca\/fr\/produit\/te-adaptateur-daugmentation-avec-capuchon-de-nettoyage-2\/#breadcrumb\"},\"inLanguage\":\"fr-FR\",\"potentialAction\":[{\"@type\":\"ReadAction\",\"target\":[\"https:\/\/staging.belleflamme.ca\/fr\/produit\/te-adaptateur-daugmentation-avec-capuchon-de-nettoyage-2\/\"]}]},{\"@type\":\"ImageObject\",\"inLanguage\":\"fr-FR\",\"@id\":\"https:\/\/staging.belleflamme.ca\/fr\/produit\/te-adaptateur-daugmentation-avec-capuchon-de-nettoyage-2\/#primaryimage\",\"url\":\"https:\/\/staging.belleflamme.ca\/wp-content\/uploads\/2023\/11\/Te-adaptateur-daugmentation-avec-capuchon-de-nettoyage-1.webp\",\"contentUrl\":\"https:\/\/staging.belleflamme.ca\/wp-content\/uploads\/2023\/11\/Te-adaptateur-daugmentation-avec-capuchon-de-nettoyage-1.webp\",\"width\":1000,\"height\":1000,\"caption\":\"T\u00e9 adaptateur d'augmentation avec capuchon de nettoyage\"},{\"@type\":\"BreadcrumbList\",\"@id\":\"https:\/\/staging.belleflamme.ca\/fr\/produit\/te-adaptateur-daugmentation-avec-capuchon-de-nettoyage-2\/#breadcrumb\",\"itemListElement\":[{\"@type\":\"ListItem\",\"position\":1,\"name\":\"Accueil\",\"item\":\"https:\/\/www.belleflamme.ca\/fr\/\"},{\"@type\":\"ListItem\",\"position\":2,\"name\":\"Boutique\",\"item\":\"https:\/\/www.belleflamme.ca\/fr\/boutique\/\"},{\"@type\":\"ListItem\",\"position\":3,\"name\":\"Chemin\u00e9es, Pi\u00e8ces &amp; Accessoires\",\"item\":\"https:\/\/staging.belleflamme.ca\/fr\/categories\/cheminees-pieces-accessoires\/\"},{\"@type\":\"ListItem\",\"position\":4,\"name\":\"Chemin\u00e9es\",\"item\":\"https:\/\/staging.belleflamme.ca\/fr\/categories\/cheminees-pieces-accessoires\/cheminees\/\"},{\"@type\":\"ListItem\",\"position\":5,\"name\":\"Secure Pellet\",\"item\":\"https:\/\/staging.belleflamme.ca\/fr\/categories\/cheminees-pieces-accessoires\/cheminees\/secure-pellet\/\"},{\"@type\":\"ListItem\",\"position\":6,\"name\":\"T\u00e9 adaptateur d&#8217;augmentation avec capuchon de nettoyage\"}]},{\"@type\":\"WebSite\",\"@id\":\"https:\/\/www.belleflamme.ca\/fr\/#website\",\"url\":\"https:\/\/www.belleflamme.ca\/fr\/\",\"name\":\"Groupe Belleflamme\",\"description\":\"La m\u00e9canique du b\u00e2timent dans le sang.\",\"publisher\":{\"@id\":\"https:\/\/www.belleflamme.ca\/fr\/#organization\"},\"potentialAction\":[{\"@type\":\"SearchAction\",\"target\":{\"@type\":\"EntryPoint\",\"urlTemplate\":\"https:\/\/www.belleflamme.ca\/fr\/?s={search_term_string}\"},\"query-input\":{\"@type\":\"PropertyValueSpecification\",\"valueRequired\":true,\"valueName\":\"search_term_string\"}}],\"inLanguage\":\"fr-FR\"},{\"@type\":[\"Organization\",\"Place\"],\"@id\":\"https:\/\/www.belleflamme.ca\/fr\/#organization\",\"name\":\"Groupe Belleflamme\",\"alternateName\":\"Belleflamme\",\"url\":\"https:\/\/www.belleflamme.ca\/fr\/\",\"logo\":{\"@type\":\"ImageObject\",\"inLanguage\":\"fr-FR\",\"@id\":\"https:\/\/www.belleflamme.ca\/fr\/#\/schema\/logo\/image\/\",\"url\":\"https:\/\/staging.belleflamme.ca\/wp-content\/uploads\/2023\/01\/og-image.jpg\",\"contentUrl\":\"https:\/\/staging.belleflamme.ca\/wp-content\/uploads\/2023\/01\/og-image.jpg\",\"width\":1200,\"height\":630,\"caption\":\"Groupe Belleflamme\"},\"image\":{\"@id\":\"https:\/\/www.belleflamme.ca\/fr\/#\/schema\/logo\/image\/\"},\"sameAs\":[\"https:\/\/www.facebook.com\/belleflamme.ca\/\",\"https:\/\/www.linkedin.com\/company\/belleflamme\/\",\"https:\/\/www.pinterest.ca\/groupebelleflamme\/\",\"https:\/\/www.instagram.com\/legroupebelleflamme\/\"],\"mainEntityOfPage\":{\"@id\":\"https:\/\/staging.belleflamme.ca\/fr\/produit\/te-adaptateur-daugmentation-avec-capuchon-de-nettoyage-2\/\"}}]}<\/script>\n<meta property=\"product:brand\" content=\"Chemin\u00e9es S\u00e9curit\u00e9\" \/>\n<meta property=\"og:availability\" content=\"instock\" \/>\n<meta property=\"product:availability\" content=\"instock\" \/>\n<meta property=\"product:condition\" content=\"new\" \/>\n<!-- \/ Yoast SEO Premium plugin. -->","yoast_head_json":{"title":"T\u00e9 adaptateur d'augmentation avec capuchon de nettoyage - Groupe BelleFlamme","description":"T\u00e9 adaptateur d'augmentation avec capuchon de nettoyage vendu et install\u00e9 par le Groupe Belleflamme. Laval, Montr\u00e9al, Gatineau, Drummondville et Saint-Sauveur.","robots":{"index":"index","follow":"follow","max-snippet":"max-snippet:-1","max-image-preview":"max-image-preview:large","max-video-preview":"max-video-preview:-1"},"canonical":"https:\/\/staging.belleflamme.ca\/fr\/produit\/te-adaptateur-daugmentation-avec-capuchon-de-nettoyage-2\/","og_locale":"fr_FR","og_type":"article","og_title":"T\u00e9 adaptateur d'augmentation avec capuchon de nettoyage","og_description":"T\u00e9 adaptateur d'augmentation avec capuchon de nettoyage vendu et install\u00e9 par le Groupe Belleflamme. Laval, Montr\u00e9al, Gatineau, Drummondville et Saint-Sauveur.","og_url":"https:\/\/staging.belleflamme.ca\/fr\/produit\/te-adaptateur-daugmentation-avec-capuchon-de-nettoyage-2\/","og_site_name":"Groupe BelleFlamme","article_publisher":"https:\/\/www.facebook.com\/belleflamme.ca\/","article_modified_time":"2024-10-09T16:29:57+00:00","og_image":[{"width":1000,"height":1000,"url":"https:\/\/www.belleflamme.ca\/wp-content\/uploads\/2023\/11\/Te-adaptateur-daugmentation-avec-capuchon-de-nettoyage-1.webp","type":"image\/webp"}],"twitter_card":"summary_large_image","twitter_misc":{"Disponibilit\u00e9":"En stock"},"schema":{"@context":"https:\/\/schema.org","@graph":[{"@type":["WebPage","ItemPage"],"@id":"https:\/\/staging.belleflamme.ca\/fr\/produit\/te-adaptateur-daugmentation-avec-capuchon-de-nettoyage-2\/","url":"https:\/\/staging.belleflamme.ca\/fr\/produit\/te-adaptateur-daugmentation-avec-capuchon-de-nettoyage-2\/","name":"T\u00e9 adaptateur d'augmentation avec capuchon de nettoyage - Groupe BelleFlamme","isPartOf":{"@id":"https:\/\/www.belleflamme.ca\/fr\/#website"},"primaryImageOfPage":{"@id":"https:\/\/staging.belleflamme.ca\/fr\/produit\/te-adaptateur-daugmentation-avec-capuchon-de-nettoyage-2\/#primaryimage"},"image":{"@id":"https:\/\/staging.belleflamme.ca\/fr\/produit\/te-adaptateur-daugmentation-avec-capuchon-de-nettoyage-2\/#primaryimage"},"thumbnailUrl":"https:\/\/staging.belleflamme.ca\/wp-content\/uploads\/2023\/11\/Te-adaptateur-daugmentation-avec-capuchon-de-nettoyage-1.webp","datePublished":"2023-11-03T16:16:43+00:00","dateModified":"2024-10-09T16:29:57+00:00","description":"T\u00e9 adaptateur d'augmentation avec capuchon de nettoyage [get_meta_en_fr]","breadcrumb":{"@id":"https:\/\/staging.belleflamme.ca\/fr\/produit\/te-adaptateur-daugmentation-avec-capuchon-de-nettoyage-2\/#breadcrumb"},"inLanguage":"fr-FR","potentialAction":[{"@type":"ReadAction","target":["https:\/\/staging.belleflamme.ca\/fr\/produit\/te-adaptateur-daugmentation-avec-capuchon-de-nettoyage-2\/"]}]},{"@type":"ImageObject","inLanguage":"fr-FR","@id":"https:\/\/staging.belleflamme.ca\/fr\/produit\/te-adaptateur-daugmentation-avec-capuchon-de-nettoyage-2\/#primaryimage","url":"https:\/\/staging.belleflamme.ca\/wp-content\/uploads\/2023\/11\/Te-adaptateur-daugmentation-avec-capuchon-de-nettoyage-1.webp","contentUrl":"https:\/\/staging.belleflamme.ca\/wp-content\/uploads\/2023\/11\/Te-adaptateur-daugmentation-avec-capuchon-de-nettoyage-1.webp","width":1000,"height":1000,"caption":"T\u00e9 adaptateur d'augmentation avec capuchon de nettoyage"},{"@type":"BreadcrumbList","@id":"https:\/\/staging.belleflamme.ca\/fr\/produit\/te-adaptateur-daugmentation-avec-capuchon-de-nettoyage-2\/#breadcrumb","itemListElement":[{"@type":"ListItem","position":1,"name":"Accueil","item":"https:\/\/www.belleflamme.ca\/fr\/"},{"@type":"ListItem","position":2,"name":"Boutique","item":"https:\/\/www.belleflamme.ca\/fr\/boutique\/"},{"@type":"ListItem","position":3,"name":"Chemin\u00e9es, Pi\u00e8ces &amp; Accessoires","item":"https:\/\/staging.belleflamme.ca\/fr\/categories\/cheminees-pieces-accessoires\/"},{"@type":"ListItem","position":4,"name":"Chemin\u00e9es","item":"https:\/\/staging.belleflamme.ca\/fr\/categories\/cheminees-pieces-accessoires\/cheminees\/"},{"@type":"ListItem","position":5,"name":"Secure Pellet","item":"https:\/\/staging.belleflamme.ca\/fr\/categories\/cheminees-pieces-accessoires\/cheminees\/secure-pellet\/"},{"@type":"ListItem","position":6,"name":"T\u00e9 adaptateur d&#8217;augmentation avec capuchon de nettoyage"}]},{"@type":"WebSite","@id":"https:\/\/www.belleflamme.ca\/fr\/#website","url":"https:\/\/www.belleflamme.ca\/fr\/","name":"Groupe Belleflamme","description":"La m\u00e9canique du b\u00e2timent dans le sang.","publisher":{"@id":"https:\/\/www.belleflamme.ca\/fr\/#organization"},"potentialAction":[{"@type":"SearchAction","target":{"@type":"EntryPoint","urlTemplate":"https:\/\/www.belleflamme.ca\/fr\/?s={search_term_string}"},"query-input":{"@type":"PropertyValueSpecification","valueRequired":true,"valueName":"search_term_string"}}],"inLanguage":"fr-FR"},{"@type":["Organization","Place"],"@id":"https:\/\/www.belleflamme.ca\/fr\/#organization","name":"Groupe Belleflamme","alternateName":"Belleflamme","url":"https:\/\/www.belleflamme.ca\/fr\/","logo":{"@type":"ImageObject","inLanguage":"fr-FR","@id":"https:\/\/www.belleflamme.ca\/fr\/#\/schema\/logo\/image\/","url":"https:\/\/staging.belleflamme.ca\/wp-content\/uploads\/2023\/01\/og-image.jpg","contentUrl":"https:\/\/staging.belleflamme.ca\/wp-content\/uploads\/2023\/01\/og-image.jpg","width":1200,"height":630,"caption":"Groupe Belleflamme"},"image":{"@id":"https:\/\/www.belleflamme.ca\/fr\/#\/schema\/logo\/image\/"},"sameAs":["https:\/\/www.facebook.com\/belleflamme.ca\/","https:\/\/www.linkedin.com\/company\/belleflamme\/","https:\/\/www.pinterest.ca\/groupebelleflamme\/","https:\/\/www.instagram.com\/legroupebelleflamme\/"],"mainEntityOfPage":{"@id":"https:\/\/staging.belleflamme.ca\/fr\/produit\/te-adaptateur-daugmentation-avec-capuchon-de-nettoyage-2\/"}}]},"product_brand":"Chemin\u00e9es S\u00e9curit\u00e9","og_availability":"instock","product_availability":"instock","product_condition":"new"},"_links":{"self":[{"href":"https:\/\/staging.belleflamme.ca\/fr\/wp-json\/wp\/v2\/product\/18681","targetHints":{"allow":["GET"]}}],"collection":[{"href":"https:\/\/staging.belleflamme.ca\/fr\/wp-json\/wp\/v2\/product"}],"about":[{"href":"https:\/\/staging.belleflamme.ca\/fr\/wp-json\/wp\/v2\/types\/product"}],"version-history":[{"count":2,"href":"https:\/\/staging.belleflamme.ca\/fr\/wp-json\/wp\/v2\/product\/18681\/revisions"}],"predecessor-version":[{"id":18691,"href":"https:\/\/staging.belleflamme.ca\/fr\/wp-json\/wp\/v2\/product\/18681\/revisions\/18691"}],"wp:featuredmedia":[{"embeddable":true,"href":"https:\/\/staging.belleflamme.ca\/fr\/wp-json\/wp\/v2\/media\/18682"}],"wp:attachment":[{"href":"https:\/\/staging.belleflamme.ca\/fr\/wp-json\/wp\/v2\/media?parent=18681"}],"wp:term":[{"taxonomy":"product_brand","embeddable":true,"href":"https:\/\/staging.belleflamme.ca\/fr\/wp-json\/wp\/v2\/product_brand?post=18681"},{"taxonomy":"product_cat","embeddable":true,"href":"https:\/\/staging.belleflamme.ca\/fr\/wp-json\/wp\/v2\/product_cat?post=18681"},{"taxonomy":"product_tag","embeddable":true,"href":"https:\/\/staging.belleflamme.ca\/fr\/wp-json\/wp\/v2\/product_tag?post=18681"}],"curies":[{"name":"wp","href":"https:\/\/api.w.org\/{rel}","templated":true}]}}