{"id":18342,"date":"2023-11-03T10:08:44","date_gmt":"2023-11-03T14:08:44","guid":{"rendered":"https:\/\/www.belleflamme.ca\/?post_type=product&#038;p=18342"},"modified":"2024-10-09T10:26:33","modified_gmt":"2024-10-09T14:26:33","slug":"longueurs-de-ventilation-secure-pellet","status":"publish","type":"product","link":"https:\/\/staging.belleflamme.ca\/fr\/produit\/longueurs-de-ventilation-secure-pellet\/","title":{"rendered":"Longueurs de ventilation Secure Pellet"},"content":{"rendered":"<p>Comprend une construction enti\u00e8rement unifi\u00e9e \u00e0 verrouillage par rotation en diam\u00e8tres de 3&#8243; et 4&#8243;. R\u00e9pertori\u00e9 \u00e0 un d\u00e9gagement de 1 po par rapport aux combustibles aux \u00c9tats-Unis et au Canada. Il peut \u00eatre utilis\u00e9 dans des installations verticales et horizontales. Paroi int\u00e9rieure soud\u00e9e au laser en acier inoxydable, combin\u00e9e \u00e0 une paroi ext\u00e9rieure soud\u00e9e au laser en galvalume. Le diam\u00e8tre ext\u00e9rieur du tuyau est le diam\u00e8tre plus 5\/8\u00a0\u201d. Finition ext\u00e9rieure en galvalume ou peinte en noir. Longueur de 12\u00a0po disponible avec ext\u00e9rieur en acier inoxydable (SS). Pour calculer la longueur install\u00e9e, soustrayez 1 1\/2&#8243; de chaque longueur de tuyau.<\/p>\n<p><img fetchpriority=\"high\" decoding=\"async\" class=\"alignnone size-full wp-image-18343\" src=\"https:\/\/www.belleflamme.ca\/wp-content\/uploads\/2023\/11\/2023-11-03-09_52_54-ESPV_Secure-Pellet-Catalog_03-23-20.pdf.png\" alt=\"\" width=\"1351\" height=\"884\" srcset=\"https:\/\/staging.belleflamme.ca\/wp-content\/uploads\/2023\/11\/2023-11-03-09_52_54-ESPV_Secure-Pellet-Catalog_03-23-20.pdf.png 1351w, https:\/\/staging.belleflamme.ca\/wp-content\/uploads\/2023\/11\/2023-11-03-09_52_54-ESPV_Secure-Pellet-Catalog_03-23-20.pdf-300x196.png 300w, https:\/\/staging.belleflamme.ca\/wp-content\/uploads\/2023\/11\/2023-11-03-09_52_54-ESPV_Secure-Pellet-Catalog_03-23-20.pdf-1024x670.png 1024w, https:\/\/staging.belleflamme.ca\/wp-content\/uploads\/2023\/11\/2023-11-03-09_52_54-ESPV_Secure-Pellet-Catalog_03-23-20.pdf-768x503.png 768w, https:\/\/staging.belleflamme.ca\/wp-content\/uploads\/2023\/11\/2023-11-03-09_52_54-ESPV_Secure-Pellet-Catalog_03-23-20.pdf-900x589.png 900w\" sizes=\"(max-width: 1351px) 100vw, 1351px\" \/><\/p>\n","protected":false},"excerpt":{"rendered":"<p>Comprend une construction enti\u00e8rement unifi\u00e9e \u00e0 verrouillage par rotation en diam\u00e8tres de 3&#8243; et 4&#8243;. R\u00e9pertori\u00e9 \u00e0 un d\u00e9gagement de 1 po par rapport aux combustibles aux \u00c9tats-Unis et au Canada. Il peut \u00eatre utilis\u00e9 dans des installations verticales et horizontales. Paroi int\u00e9rieure soud\u00e9e au laser en acier inoxydable, combin\u00e9e \u00e0 une paroi ext\u00e9rieure soud\u00e9e [&hellip;]<\/p>\n","protected":false},"featured_media":18345,"template":"","meta":{"inline_featured_image":false},"product_brand":[228],"product_cat":[95,608,45],"product_tag":[],"class_list":{"0":"post-18342","1":"product","2":"type-product","3":"status-publish","4":"has-post-thumbnail","6":"product_brand-cheminees-securite","7":"product_cat-cheminees","8":"product_cat-secure-pellet","9":"product_cat-cheminees-pieces-accessoires","11":"first","12":"instock","13":"taxable","14":"shipping-taxable","15":"purchasable","16":"product-type-variable"},"yoast_head":"<!-- This site is optimized with the Yoast SEO Premium plugin v24.2 (Yoast SEO v24.2) - https:\/\/yoast.com\/wordpress\/plugins\/seo\/ -->\n<title>Longueurs de ventilation Secure Pellet - Groupe BelleFlamme<\/title>\n<meta name=\"description\" content=\"Longueurs de ventilation Secure Pellet vendu et install\u00e9 par le Groupe Belleflamme. Laval, Montr\u00e9al, Gatineau, Drummondville et Saint-Sauveur.\" \/>\n<meta name=\"robots\" content=\"index, follow, max-snippet:-1, max-image-preview:large, max-video-preview:-1\" \/>\n<link rel=\"canonical\" href=\"https:\/\/staging.belleflamme.ca\/fr\/produit\/longueurs-de-ventilation-secure-pellet\/\" \/>\n<meta property=\"og:locale\" content=\"fr_FR\" \/>\n<meta property=\"og:type\" content=\"article\" \/>\n<meta property=\"og:title\" content=\"Longueurs de ventilation Secure Pellet\" \/>\n<meta property=\"og:description\" content=\"Longueurs de ventilation Secure Pellet vendu et install\u00e9 par le Groupe Belleflamme. Laval, Montr\u00e9al, Gatineau, Drummondville et Saint-Sauveur.\" \/>\n<meta property=\"og:url\" content=\"https:\/\/staging.belleflamme.ca\/fr\/produit\/longueurs-de-ventilation-secure-pellet\/\" \/>\n<meta property=\"og:site_name\" content=\"Groupe BelleFlamme\" \/>\n<meta property=\"article:publisher\" content=\"https:\/\/www.facebook.com\/belleflamme.ca\/\" \/>\n<meta property=\"article:modified_time\" content=\"2024-10-09T14:26:33+00:00\" \/>\n<meta property=\"og:image\" content=\"https:\/\/www.belleflamme.ca\/wp-content\/uploads\/2023\/11\/Longueurs-de-ventilation-Secure-Pellet.webp\" \/>\n\t<meta property=\"og:image:width\" content=\"1000\" \/>\n\t<meta property=\"og:image:height\" content=\"1000\" \/>\n\t<meta property=\"og:image:type\" content=\"image\/webp\" \/>\n<meta name=\"twitter:card\" content=\"summary_large_image\" \/>\n<meta name=\"twitter:label1\" content=\"Disponibilit\u00e9\" \/>\n\t<meta name=\"twitter:data1\" content=\"En stock\" \/>\n<script type=\"application\/ld+json\" class=\"yoast-schema-graph\">{\"@context\":\"https:\/\/schema.org\",\"@graph\":[{\"@type\":[\"WebPage\",\"ItemPage\"],\"@id\":\"https:\/\/staging.belleflamme.ca\/fr\/produit\/longueurs-de-ventilation-secure-pellet\/\",\"url\":\"https:\/\/staging.belleflamme.ca\/fr\/produit\/longueurs-de-ventilation-secure-pellet\/\",\"name\":\"Longueurs de ventilation Secure Pellet - Groupe BelleFlamme\",\"isPartOf\":{\"@id\":\"https:\/\/www.belleflamme.ca\/fr\/#website\"},\"primaryImageOfPage\":{\"@id\":\"https:\/\/staging.belleflamme.ca\/fr\/produit\/longueurs-de-ventilation-secure-pellet\/#primaryimage\"},\"image\":{\"@id\":\"https:\/\/staging.belleflamme.ca\/fr\/produit\/longueurs-de-ventilation-secure-pellet\/#primaryimage\"},\"thumbnailUrl\":\"https:\/\/staging.belleflamme.ca\/wp-content\/uploads\/2023\/11\/Longueurs-de-ventilation-Secure-Pellet.webp\",\"datePublished\":\"2023-11-03T14:08:44+00:00\",\"dateModified\":\"2024-10-09T14:26:33+00:00\",\"description\":\"Longueurs de ventilation Secure Pellet [get_meta_en_fr]\",\"breadcrumb\":{\"@id\":\"https:\/\/staging.belleflamme.ca\/fr\/produit\/longueurs-de-ventilation-secure-pellet\/#breadcrumb\"},\"inLanguage\":\"fr-FR\",\"potentialAction\":[{\"@type\":\"ReadAction\",\"target\":[\"https:\/\/staging.belleflamme.ca\/fr\/produit\/longueurs-de-ventilation-secure-pellet\/\"]}]},{\"@type\":\"ImageObject\",\"inLanguage\":\"fr-FR\",\"@id\":\"https:\/\/staging.belleflamme.ca\/fr\/produit\/longueurs-de-ventilation-secure-pellet\/#primaryimage\",\"url\":\"https:\/\/staging.belleflamme.ca\/wp-content\/uploads\/2023\/11\/Longueurs-de-ventilation-Secure-Pellet.webp\",\"contentUrl\":\"https:\/\/staging.belleflamme.ca\/wp-content\/uploads\/2023\/11\/Longueurs-de-ventilation-Secure-Pellet.webp\",\"width\":1000,\"height\":1000,\"caption\":\"Longueurs de ventilation Secure Pellet\"},{\"@type\":\"BreadcrumbList\",\"@id\":\"https:\/\/staging.belleflamme.ca\/fr\/produit\/longueurs-de-ventilation-secure-pellet\/#breadcrumb\",\"itemListElement\":[{\"@type\":\"ListItem\",\"position\":1,\"name\":\"Accueil\",\"item\":\"https:\/\/www.belleflamme.ca\/fr\/\"},{\"@type\":\"ListItem\",\"position\":2,\"name\":\"Boutique\",\"item\":\"https:\/\/www.belleflamme.ca\/fr\/boutique\/\"},{\"@type\":\"ListItem\",\"position\":3,\"name\":\"Chemin\u00e9es, Pi\u00e8ces &amp; Accessoires\",\"item\":\"https:\/\/staging.belleflamme.ca\/fr\/categories\/cheminees-pieces-accessoires\/\"},{\"@type\":\"ListItem\",\"position\":4,\"name\":\"Chemin\u00e9es\",\"item\":\"https:\/\/staging.belleflamme.ca\/fr\/categories\/cheminees-pieces-accessoires\/cheminees\/\"},{\"@type\":\"ListItem\",\"position\":5,\"name\":\"Secure Pellet\",\"item\":\"https:\/\/staging.belleflamme.ca\/fr\/categories\/cheminees-pieces-accessoires\/cheminees\/secure-pellet\/\"},{\"@type\":\"ListItem\",\"position\":6,\"name\":\"Longueurs de ventilation Secure Pellet\"}]},{\"@type\":\"WebSite\",\"@id\":\"https:\/\/www.belleflamme.ca\/fr\/#website\",\"url\":\"https:\/\/www.belleflamme.ca\/fr\/\",\"name\":\"Groupe Belleflamme\",\"description\":\"La m\u00e9canique du b\u00e2timent dans le sang.\",\"publisher\":{\"@id\":\"https:\/\/www.belleflamme.ca\/fr\/#organization\"},\"potentialAction\":[{\"@type\":\"SearchAction\",\"target\":{\"@type\":\"EntryPoint\",\"urlTemplate\":\"https:\/\/www.belleflamme.ca\/fr\/?s={search_term_string}\"},\"query-input\":{\"@type\":\"PropertyValueSpecification\",\"valueRequired\":true,\"valueName\":\"search_term_string\"}}],\"inLanguage\":\"fr-FR\"},{\"@type\":[\"Organization\",\"Place\"],\"@id\":\"https:\/\/www.belleflamme.ca\/fr\/#organization\",\"name\":\"Groupe Belleflamme\",\"alternateName\":\"Belleflamme\",\"url\":\"https:\/\/www.belleflamme.ca\/fr\/\",\"logo\":{\"@type\":\"ImageObject\",\"inLanguage\":\"fr-FR\",\"@id\":\"https:\/\/www.belleflamme.ca\/fr\/#\/schema\/logo\/image\/\",\"url\":\"https:\/\/staging.belleflamme.ca\/wp-content\/uploads\/2023\/01\/og-image.jpg\",\"contentUrl\":\"https:\/\/staging.belleflamme.ca\/wp-content\/uploads\/2023\/01\/og-image.jpg\",\"width\":1200,\"height\":630,\"caption\":\"Groupe Belleflamme\"},\"image\":{\"@id\":\"https:\/\/www.belleflamme.ca\/fr\/#\/schema\/logo\/image\/\"},\"sameAs\":[\"https:\/\/www.facebook.com\/belleflamme.ca\/\",\"https:\/\/www.linkedin.com\/company\/belleflamme\/\",\"https:\/\/www.pinterest.ca\/groupebelleflamme\/\",\"https:\/\/www.instagram.com\/legroupebelleflamme\/\"],\"mainEntityOfPage\":{\"@id\":\"https:\/\/staging.belleflamme.ca\/fr\/produit\/longueurs-de-ventilation-secure-pellet\/\"}}]}<\/script>\n<meta property=\"product:brand\" content=\"Chemin\u00e9es S\u00e9curit\u00e9\" \/>\n<meta property=\"og:availability\" content=\"instock\" \/>\n<meta property=\"product:availability\" content=\"instock\" \/>\n<meta property=\"product:condition\" content=\"new\" \/>\n<!-- \/ Yoast SEO Premium plugin. -->","yoast_head_json":{"title":"Longueurs de ventilation Secure Pellet - Groupe BelleFlamme","description":"Longueurs de ventilation Secure Pellet vendu et install\u00e9 par le Groupe Belleflamme. Laval, Montr\u00e9al, Gatineau, Drummondville et Saint-Sauveur.","robots":{"index":"index","follow":"follow","max-snippet":"max-snippet:-1","max-image-preview":"max-image-preview:large","max-video-preview":"max-video-preview:-1"},"canonical":"https:\/\/staging.belleflamme.ca\/fr\/produit\/longueurs-de-ventilation-secure-pellet\/","og_locale":"fr_FR","og_type":"article","og_title":"Longueurs de ventilation Secure Pellet","og_description":"Longueurs de ventilation Secure Pellet vendu et install\u00e9 par le Groupe Belleflamme. Laval, Montr\u00e9al, Gatineau, Drummondville et Saint-Sauveur.","og_url":"https:\/\/staging.belleflamme.ca\/fr\/produit\/longueurs-de-ventilation-secure-pellet\/","og_site_name":"Groupe BelleFlamme","article_publisher":"https:\/\/www.facebook.com\/belleflamme.ca\/","article_modified_time":"2024-10-09T14:26:33+00:00","og_image":[{"width":1000,"height":1000,"url":"https:\/\/www.belleflamme.ca\/wp-content\/uploads\/2023\/11\/Longueurs-de-ventilation-Secure-Pellet.webp","type":"image\/webp"}],"twitter_card":"summary_large_image","twitter_misc":{"Disponibilit\u00e9":"En stock"},"schema":{"@context":"https:\/\/schema.org","@graph":[{"@type":["WebPage","ItemPage"],"@id":"https:\/\/staging.belleflamme.ca\/fr\/produit\/longueurs-de-ventilation-secure-pellet\/","url":"https:\/\/staging.belleflamme.ca\/fr\/produit\/longueurs-de-ventilation-secure-pellet\/","name":"Longueurs de ventilation Secure Pellet - Groupe BelleFlamme","isPartOf":{"@id":"https:\/\/www.belleflamme.ca\/fr\/#website"},"primaryImageOfPage":{"@id":"https:\/\/staging.belleflamme.ca\/fr\/produit\/longueurs-de-ventilation-secure-pellet\/#primaryimage"},"image":{"@id":"https:\/\/staging.belleflamme.ca\/fr\/produit\/longueurs-de-ventilation-secure-pellet\/#primaryimage"},"thumbnailUrl":"https:\/\/staging.belleflamme.ca\/wp-content\/uploads\/2023\/11\/Longueurs-de-ventilation-Secure-Pellet.webp","datePublished":"2023-11-03T14:08:44+00:00","dateModified":"2024-10-09T14:26:33+00:00","description":"Longueurs de ventilation Secure Pellet [get_meta_en_fr]","breadcrumb":{"@id":"https:\/\/staging.belleflamme.ca\/fr\/produit\/longueurs-de-ventilation-secure-pellet\/#breadcrumb"},"inLanguage":"fr-FR","potentialAction":[{"@type":"ReadAction","target":["https:\/\/staging.belleflamme.ca\/fr\/produit\/longueurs-de-ventilation-secure-pellet\/"]}]},{"@type":"ImageObject","inLanguage":"fr-FR","@id":"https:\/\/staging.belleflamme.ca\/fr\/produit\/longueurs-de-ventilation-secure-pellet\/#primaryimage","url":"https:\/\/staging.belleflamme.ca\/wp-content\/uploads\/2023\/11\/Longueurs-de-ventilation-Secure-Pellet.webp","contentUrl":"https:\/\/staging.belleflamme.ca\/wp-content\/uploads\/2023\/11\/Longueurs-de-ventilation-Secure-Pellet.webp","width":1000,"height":1000,"caption":"Longueurs de ventilation Secure Pellet"},{"@type":"BreadcrumbList","@id":"https:\/\/staging.belleflamme.ca\/fr\/produit\/longueurs-de-ventilation-secure-pellet\/#breadcrumb","itemListElement":[{"@type":"ListItem","position":1,"name":"Accueil","item":"https:\/\/www.belleflamme.ca\/fr\/"},{"@type":"ListItem","position":2,"name":"Boutique","item":"https:\/\/www.belleflamme.ca\/fr\/boutique\/"},{"@type":"ListItem","position":3,"name":"Chemin\u00e9es, Pi\u00e8ces &amp; Accessoires","item":"https:\/\/staging.belleflamme.ca\/fr\/categories\/cheminees-pieces-accessoires\/"},{"@type":"ListItem","position":4,"name":"Chemin\u00e9es","item":"https:\/\/staging.belleflamme.ca\/fr\/categories\/cheminees-pieces-accessoires\/cheminees\/"},{"@type":"ListItem","position":5,"name":"Secure Pellet","item":"https:\/\/staging.belleflamme.ca\/fr\/categories\/cheminees-pieces-accessoires\/cheminees\/secure-pellet\/"},{"@type":"ListItem","position":6,"name":"Longueurs de ventilation Secure Pellet"}]},{"@type":"WebSite","@id":"https:\/\/www.belleflamme.ca\/fr\/#website","url":"https:\/\/www.belleflamme.ca\/fr\/","name":"Groupe Belleflamme","description":"La m\u00e9canique du b\u00e2timent dans le sang.","publisher":{"@id":"https:\/\/www.belleflamme.ca\/fr\/#organization"},"potentialAction":[{"@type":"SearchAction","target":{"@type":"EntryPoint","urlTemplate":"https:\/\/www.belleflamme.ca\/fr\/?s={search_term_string}"},"query-input":{"@type":"PropertyValueSpecification","valueRequired":true,"valueName":"search_term_string"}}],"inLanguage":"fr-FR"},{"@type":["Organization","Place"],"@id":"https:\/\/www.belleflamme.ca\/fr\/#organization","name":"Groupe Belleflamme","alternateName":"Belleflamme","url":"https:\/\/www.belleflamme.ca\/fr\/","logo":{"@type":"ImageObject","inLanguage":"fr-FR","@id":"https:\/\/www.belleflamme.ca\/fr\/#\/schema\/logo\/image\/","url":"https:\/\/staging.belleflamme.ca\/wp-content\/uploads\/2023\/01\/og-image.jpg","contentUrl":"https:\/\/staging.belleflamme.ca\/wp-content\/uploads\/2023\/01\/og-image.jpg","width":1200,"height":630,"caption":"Groupe Belleflamme"},"image":{"@id":"https:\/\/www.belleflamme.ca\/fr\/#\/schema\/logo\/image\/"},"sameAs":["https:\/\/www.facebook.com\/belleflamme.ca\/","https:\/\/www.linkedin.com\/company\/belleflamme\/","https:\/\/www.pinterest.ca\/groupebelleflamme\/","https:\/\/www.instagram.com\/legroupebelleflamme\/"],"mainEntityOfPage":{"@id":"https:\/\/staging.belleflamme.ca\/fr\/produit\/longueurs-de-ventilation-secure-pellet\/"}}]},"product_brand":"Chemin\u00e9es S\u00e9curit\u00e9","og_availability":"instock","product_availability":"instock","product_condition":"new"},"_links":{"self":[{"href":"https:\/\/staging.belleflamme.ca\/fr\/wp-json\/wp\/v2\/product\/18342","targetHints":{"allow":["GET"]}}],"collection":[{"href":"https:\/\/staging.belleflamme.ca\/fr\/wp-json\/wp\/v2\/product"}],"about":[{"href":"https:\/\/staging.belleflamme.ca\/fr\/wp-json\/wp\/v2\/types\/product"}],"version-history":[{"count":1,"href":"https:\/\/staging.belleflamme.ca\/fr\/wp-json\/wp\/v2\/product\/18342\/revisions"}],"predecessor-version":[{"id":18377,"href":"https:\/\/staging.belleflamme.ca\/fr\/wp-json\/wp\/v2\/product\/18342\/revisions\/18377"}],"wp:featuredmedia":[{"embeddable":true,"href":"https:\/\/staging.belleflamme.ca\/fr\/wp-json\/wp\/v2\/media\/18345"}],"wp:attachment":[{"href":"https:\/\/staging.belleflamme.ca\/fr\/wp-json\/wp\/v2\/media?parent=18342"}],"wp:term":[{"taxonomy":"product_brand","embeddable":true,"href":"https:\/\/staging.belleflamme.ca\/fr\/wp-json\/wp\/v2\/product_brand?post=18342"},{"taxonomy":"product_cat","embeddable":true,"href":"https:\/\/staging.belleflamme.ca\/fr\/wp-json\/wp\/v2\/product_cat?post=18342"},{"taxonomy":"product_tag","embeddable":true,"href":"https:\/\/staging.belleflamme.ca\/fr\/wp-json\/wp\/v2\/product_tag?post=18342"}],"curies":[{"name":"wp","href":"https:\/\/api.w.org\/{rel}","templated":true}]}}