{"id":17839,"date":"2023-11-02T12:56:49","date_gmt":"2023-11-02T16:56:49","guid":{"rendered":"https:\/\/www.belleflamme.ca\/?post_type=product&#038;p=17839"},"modified":"2024-10-08T13:53:57","modified_gmt":"2024-10-08T17:53:57","slug":"adaptateur-a-cheminee-de-maconnerie-a-double-paroi-secure-balck","status":"publish","type":"product","link":"https:\/\/staging.belleflamme.ca\/fr\/produit\/adaptateur-a-cheminee-de-maconnerie-a-double-paroi-secure-balck\/","title":{"rendered":"Adaptateur \u00e0 chemin\u00e9e de ma\u00e7onnerie \u00e0 double paroi Secure Balck"},"content":{"rendered":"<p><strong>Adaptateur \u00e0 chemin\u00e9e de ma\u00e7onnerie \u00e0 double paroi<\/strong><\/p>\n<p>Peut-\u00eatre requis pour connecter \u00e0 une chemin\u00e9e de ma\u00e7onnerie.<\/p>\n<p><img fetchpriority=\"high\" decoding=\"async\" class=\"alignnone size-full wp-image-17845\" src=\"https:\/\/www.belleflamme.ca\/wp-content\/uploads\/2023\/11\/2023-11-02-12_55_34-LS591F_Catalog_FDL_Secure-_Black_06-24-21_V4-3.pdf.png\" alt=\"\" width=\"532\" height=\"478\" srcset=\"https:\/\/staging.belleflamme.ca\/wp-content\/uploads\/2023\/11\/2023-11-02-12_55_34-LS591F_Catalog_FDL_Secure-_Black_06-24-21_V4-3.pdf.png 532w, https:\/\/staging.belleflamme.ca\/wp-content\/uploads\/2023\/11\/2023-11-02-12_55_34-LS591F_Catalog_FDL_Secure-_Black_06-24-21_V4-3.pdf-300x270.png 300w\" sizes=\"(max-width: 532px) 100vw, 532px\" \/><\/p>\n<p><img decoding=\"async\" class=\"alignnone size-full wp-image-17847\" src=\"https:\/\/www.belleflamme.ca\/wp-content\/uploads\/2023\/11\/2023-11-02-12_56_07-LS591F_Catalog_FDL_Secure-_Black_06-24-21_V4-3.pdf.png\" alt=\"\" width=\"787\" height=\"340\" srcset=\"https:\/\/staging.belleflamme.ca\/wp-content\/uploads\/2023\/11\/2023-11-02-12_56_07-LS591F_Catalog_FDL_Secure-_Black_06-24-21_V4-3.pdf.png 787w, https:\/\/staging.belleflamme.ca\/wp-content\/uploads\/2023\/11\/2023-11-02-12_56_07-LS591F_Catalog_FDL_Secure-_Black_06-24-21_V4-3.pdf-300x130.png 300w, https:\/\/staging.belleflamme.ca\/wp-content\/uploads\/2023\/11\/2023-11-02-12_56_07-LS591F_Catalog_FDL_Secure-_Black_06-24-21_V4-3.pdf-768x332.png 768w\" sizes=\"(max-width: 787px) 100vw, 787px\" \/><\/p>\n","protected":false},"excerpt":{"rendered":"<p>Adaptateur \u00e0 chemin\u00e9e de ma\u00e7onnerie \u00e0 double paroi Peut-\u00eatre requis pour connecter \u00e0 une chemin\u00e9e de ma\u00e7onnerie.<\/p>\n","protected":false},"featured_media":17840,"template":"","meta":{"inline_featured_image":false},"product_brand":[228],"product_cat":[95,607,45],"product_tag":[],"class_list":{"0":"post-17839","1":"product","2":"type-product","3":"status-publish","4":"has-post-thumbnail","6":"product_brand-cheminees-securite","7":"product_cat-cheminees","8":"product_cat-secure-black-dl","9":"product_cat-cheminees-pieces-accessoires","11":"first","12":"instock","13":"taxable","14":"shipping-taxable","15":"purchasable","16":"product-type-variable"},"yoast_head":"<!-- This site is optimized with the Yoast SEO Premium plugin v24.2 (Yoast SEO v24.2) - https:\/\/yoast.com\/wordpress\/plugins\/seo\/ -->\n<title>Adaptateur \u00e0 chemin\u00e9e de ma\u00e7onnerie \u00e0 double paroi Secure Balck - Groupe BelleFlamme<\/title>\n<meta name=\"description\" content=\"Adaptateur \u00e0 chemin\u00e9e de ma\u00e7onnerie \u00e0 double paroi Secure Balck vendu et install\u00e9 par le Groupe Belleflamme. Laval, Montr\u00e9al, Gatineau, Drummondville et Saint-Sauveur.\" \/>\n<meta name=\"robots\" content=\"index, follow, max-snippet:-1, max-image-preview:large, max-video-preview:-1\" \/>\n<link rel=\"canonical\" href=\"https:\/\/staging.belleflamme.ca\/fr\/produit\/adaptateur-a-cheminee-de-maconnerie-a-double-paroi-secure-balck\/\" \/>\n<meta property=\"og:locale\" content=\"fr_FR\" \/>\n<meta property=\"og:type\" content=\"article\" \/>\n<meta property=\"og:title\" content=\"Adaptateur \u00e0 chemin\u00e9e de ma\u00e7onnerie \u00e0 double paroi Secure Balck\" \/>\n<meta property=\"og:description\" content=\"Adaptateur \u00e0 chemin\u00e9e de ma\u00e7onnerie \u00e0 double paroi Secure Balck vendu et install\u00e9 par le Groupe Belleflamme. Laval, Montr\u00e9al, Gatineau, Drummondville et Saint-Sauveur.\" \/>\n<meta property=\"og:url\" content=\"https:\/\/staging.belleflamme.ca\/fr\/produit\/adaptateur-a-cheminee-de-maconnerie-a-double-paroi-secure-balck\/\" \/>\n<meta property=\"og:site_name\" content=\"Groupe BelleFlamme\" \/>\n<meta property=\"article:publisher\" content=\"https:\/\/www.facebook.com\/belleflamme.ca\/\" \/>\n<meta property=\"article:modified_time\" content=\"2024-10-08T17:53:57+00:00\" \/>\n<meta property=\"og:image\" content=\"https:\/\/www.belleflamme.ca\/wp-content\/uploads\/2023\/11\/Adaptateur-a-cheminee-de-maconnerie-a-double-paroi-secure-black.webp\" \/>\n\t<meta property=\"og:image:width\" content=\"1000\" \/>\n\t<meta property=\"og:image:height\" content=\"1000\" \/>\n\t<meta property=\"og:image:type\" content=\"image\/webp\" \/>\n<meta name=\"twitter:card\" content=\"summary_large_image\" \/>\n<meta name=\"twitter:label1\" content=\"Disponibilit\u00e9\" \/>\n\t<meta name=\"twitter:data1\" content=\"En stock\" \/>\n<script type=\"application\/ld+json\" class=\"yoast-schema-graph\">{\"@context\":\"https:\/\/schema.org\",\"@graph\":[{\"@type\":[\"WebPage\",\"ItemPage\"],\"@id\":\"https:\/\/staging.belleflamme.ca\/fr\/produit\/adaptateur-a-cheminee-de-maconnerie-a-double-paroi-secure-balck\/\",\"url\":\"https:\/\/staging.belleflamme.ca\/fr\/produit\/adaptateur-a-cheminee-de-maconnerie-a-double-paroi-secure-balck\/\",\"name\":\"Adaptateur \u00e0 chemin\u00e9e de ma\u00e7onnerie \u00e0 double paroi Secure Balck - Groupe BelleFlamme\",\"isPartOf\":{\"@id\":\"https:\/\/www.belleflamme.ca\/fr\/#website\"},\"primaryImageOfPage\":{\"@id\":\"https:\/\/staging.belleflamme.ca\/fr\/produit\/adaptateur-a-cheminee-de-maconnerie-a-double-paroi-secure-balck\/#primaryimage\"},\"image\":{\"@id\":\"https:\/\/staging.belleflamme.ca\/fr\/produit\/adaptateur-a-cheminee-de-maconnerie-a-double-paroi-secure-balck\/#primaryimage\"},\"thumbnailUrl\":\"https:\/\/staging.belleflamme.ca\/wp-content\/uploads\/2023\/11\/Adaptateur-a-cheminee-de-maconnerie-a-double-paroi-secure-black.webp\",\"datePublished\":\"2023-11-02T16:56:49+00:00\",\"dateModified\":\"2024-10-08T17:53:57+00:00\",\"description\":\"Adaptateur \u00e0 chemin\u00e9e de ma\u00e7onnerie \u00e0 double paroi Secure Balck [get_meta_en_fr]\",\"breadcrumb\":{\"@id\":\"https:\/\/staging.belleflamme.ca\/fr\/produit\/adaptateur-a-cheminee-de-maconnerie-a-double-paroi-secure-balck\/#breadcrumb\"},\"inLanguage\":\"fr-FR\",\"potentialAction\":[{\"@type\":\"ReadAction\",\"target\":[\"https:\/\/staging.belleflamme.ca\/fr\/produit\/adaptateur-a-cheminee-de-maconnerie-a-double-paroi-secure-balck\/\"]}]},{\"@type\":\"ImageObject\",\"inLanguage\":\"fr-FR\",\"@id\":\"https:\/\/staging.belleflamme.ca\/fr\/produit\/adaptateur-a-cheminee-de-maconnerie-a-double-paroi-secure-balck\/#primaryimage\",\"url\":\"https:\/\/staging.belleflamme.ca\/wp-content\/uploads\/2023\/11\/Adaptateur-a-cheminee-de-maconnerie-a-double-paroi-secure-black.webp\",\"contentUrl\":\"https:\/\/staging.belleflamme.ca\/wp-content\/uploads\/2023\/11\/Adaptateur-a-cheminee-de-maconnerie-a-double-paroi-secure-black.webp\",\"width\":1000,\"height\":1000,\"caption\":\"Adaptateur \u00e0 chemin\u00e9e de ma\u00e7onnerie \u00e0 double paroi secure black\"},{\"@type\":\"BreadcrumbList\",\"@id\":\"https:\/\/staging.belleflamme.ca\/fr\/produit\/adaptateur-a-cheminee-de-maconnerie-a-double-paroi-secure-balck\/#breadcrumb\",\"itemListElement\":[{\"@type\":\"ListItem\",\"position\":1,\"name\":\"Accueil\",\"item\":\"https:\/\/www.belleflamme.ca\/fr\/\"},{\"@type\":\"ListItem\",\"position\":2,\"name\":\"Boutique\",\"item\":\"https:\/\/www.belleflamme.ca\/fr\/boutique\/\"},{\"@type\":\"ListItem\",\"position\":3,\"name\":\"Chemin\u00e9es, Pi\u00e8ces &amp; Accessoires\",\"item\":\"https:\/\/staging.belleflamme.ca\/fr\/categories\/cheminees-pieces-accessoires\/\"},{\"@type\":\"ListItem\",\"position\":4,\"name\":\"Chemin\u00e9es\",\"item\":\"https:\/\/staging.belleflamme.ca\/fr\/categories\/cheminees-pieces-accessoires\/cheminees\/\"},{\"@type\":\"ListItem\",\"position\":5,\"name\":\"Secure Black DL\",\"item\":\"https:\/\/staging.belleflamme.ca\/fr\/categories\/cheminees-pieces-accessoires\/cheminees\/secure-black-dl\/\"},{\"@type\":\"ListItem\",\"position\":6,\"name\":\"Adaptateur \u00e0 chemin\u00e9e de ma\u00e7onnerie \u00e0 double paroi Secure Balck\"}]},{\"@type\":\"WebSite\",\"@id\":\"https:\/\/www.belleflamme.ca\/fr\/#website\",\"url\":\"https:\/\/www.belleflamme.ca\/fr\/\",\"name\":\"Groupe Belleflamme\",\"description\":\"La m\u00e9canique du b\u00e2timent dans le sang.\",\"publisher\":{\"@id\":\"https:\/\/www.belleflamme.ca\/fr\/#organization\"},\"potentialAction\":[{\"@type\":\"SearchAction\",\"target\":{\"@type\":\"EntryPoint\",\"urlTemplate\":\"https:\/\/www.belleflamme.ca\/fr\/?s={search_term_string}\"},\"query-input\":{\"@type\":\"PropertyValueSpecification\",\"valueRequired\":true,\"valueName\":\"search_term_string\"}}],\"inLanguage\":\"fr-FR\"},{\"@type\":[\"Organization\",\"Place\"],\"@id\":\"https:\/\/www.belleflamme.ca\/fr\/#organization\",\"name\":\"Groupe Belleflamme\",\"alternateName\":\"Belleflamme\",\"url\":\"https:\/\/www.belleflamme.ca\/fr\/\",\"logo\":{\"@type\":\"ImageObject\",\"inLanguage\":\"fr-FR\",\"@id\":\"https:\/\/www.belleflamme.ca\/fr\/#\/schema\/logo\/image\/\",\"url\":\"https:\/\/staging.belleflamme.ca\/wp-content\/uploads\/2023\/01\/og-image.jpg\",\"contentUrl\":\"https:\/\/staging.belleflamme.ca\/wp-content\/uploads\/2023\/01\/og-image.jpg\",\"width\":1200,\"height\":630,\"caption\":\"Groupe Belleflamme\"},\"image\":{\"@id\":\"https:\/\/www.belleflamme.ca\/fr\/#\/schema\/logo\/image\/\"},\"sameAs\":[\"https:\/\/www.facebook.com\/belleflamme.ca\/\",\"https:\/\/www.linkedin.com\/company\/belleflamme\/\",\"https:\/\/www.pinterest.ca\/groupebelleflamme\/\",\"https:\/\/www.instagram.com\/legroupebelleflamme\/\"],\"mainEntityOfPage\":{\"@id\":\"https:\/\/staging.belleflamme.ca\/fr\/produit\/adaptateur-a-cheminee-de-maconnerie-a-double-paroi-secure-balck\/\"}}]}<\/script>\n<meta property=\"product:brand\" content=\"Chemin\u00e9es S\u00e9curit\u00e9\" \/>\n<meta property=\"og:availability\" content=\"instock\" \/>\n<meta property=\"product:availability\" content=\"instock\" \/>\n<meta property=\"product:condition\" content=\"new\" \/>\n<!-- \/ Yoast SEO Premium plugin. -->","yoast_head_json":{"title":"Adaptateur \u00e0 chemin\u00e9e de ma\u00e7onnerie \u00e0 double paroi Secure Balck - Groupe BelleFlamme","description":"Adaptateur \u00e0 chemin\u00e9e de ma\u00e7onnerie \u00e0 double paroi Secure Balck vendu et install\u00e9 par le Groupe Belleflamme. Laval, Montr\u00e9al, Gatineau, Drummondville et Saint-Sauveur.","robots":{"index":"index","follow":"follow","max-snippet":"max-snippet:-1","max-image-preview":"max-image-preview:large","max-video-preview":"max-video-preview:-1"},"canonical":"https:\/\/staging.belleflamme.ca\/fr\/produit\/adaptateur-a-cheminee-de-maconnerie-a-double-paroi-secure-balck\/","og_locale":"fr_FR","og_type":"article","og_title":"Adaptateur \u00e0 chemin\u00e9e de ma\u00e7onnerie \u00e0 double paroi Secure Balck","og_description":"Adaptateur \u00e0 chemin\u00e9e de ma\u00e7onnerie \u00e0 double paroi Secure Balck vendu et install\u00e9 par le Groupe Belleflamme. Laval, Montr\u00e9al, Gatineau, Drummondville et Saint-Sauveur.","og_url":"https:\/\/staging.belleflamme.ca\/fr\/produit\/adaptateur-a-cheminee-de-maconnerie-a-double-paroi-secure-balck\/","og_site_name":"Groupe BelleFlamme","article_publisher":"https:\/\/www.facebook.com\/belleflamme.ca\/","article_modified_time":"2024-10-08T17:53:57+00:00","og_image":[{"width":1000,"height":1000,"url":"https:\/\/www.belleflamme.ca\/wp-content\/uploads\/2023\/11\/Adaptateur-a-cheminee-de-maconnerie-a-double-paroi-secure-black.webp","type":"image\/webp"}],"twitter_card":"summary_large_image","twitter_misc":{"Disponibilit\u00e9":"En stock"},"schema":{"@context":"https:\/\/schema.org","@graph":[{"@type":["WebPage","ItemPage"],"@id":"https:\/\/staging.belleflamme.ca\/fr\/produit\/adaptateur-a-cheminee-de-maconnerie-a-double-paroi-secure-balck\/","url":"https:\/\/staging.belleflamme.ca\/fr\/produit\/adaptateur-a-cheminee-de-maconnerie-a-double-paroi-secure-balck\/","name":"Adaptateur \u00e0 chemin\u00e9e de ma\u00e7onnerie \u00e0 double paroi Secure Balck - Groupe BelleFlamme","isPartOf":{"@id":"https:\/\/www.belleflamme.ca\/fr\/#website"},"primaryImageOfPage":{"@id":"https:\/\/staging.belleflamme.ca\/fr\/produit\/adaptateur-a-cheminee-de-maconnerie-a-double-paroi-secure-balck\/#primaryimage"},"image":{"@id":"https:\/\/staging.belleflamme.ca\/fr\/produit\/adaptateur-a-cheminee-de-maconnerie-a-double-paroi-secure-balck\/#primaryimage"},"thumbnailUrl":"https:\/\/staging.belleflamme.ca\/wp-content\/uploads\/2023\/11\/Adaptateur-a-cheminee-de-maconnerie-a-double-paroi-secure-black.webp","datePublished":"2023-11-02T16:56:49+00:00","dateModified":"2024-10-08T17:53:57+00:00","description":"Adaptateur \u00e0 chemin\u00e9e de ma\u00e7onnerie \u00e0 double paroi Secure Balck [get_meta_en_fr]","breadcrumb":{"@id":"https:\/\/staging.belleflamme.ca\/fr\/produit\/adaptateur-a-cheminee-de-maconnerie-a-double-paroi-secure-balck\/#breadcrumb"},"inLanguage":"fr-FR","potentialAction":[{"@type":"ReadAction","target":["https:\/\/staging.belleflamme.ca\/fr\/produit\/adaptateur-a-cheminee-de-maconnerie-a-double-paroi-secure-balck\/"]}]},{"@type":"ImageObject","inLanguage":"fr-FR","@id":"https:\/\/staging.belleflamme.ca\/fr\/produit\/adaptateur-a-cheminee-de-maconnerie-a-double-paroi-secure-balck\/#primaryimage","url":"https:\/\/staging.belleflamme.ca\/wp-content\/uploads\/2023\/11\/Adaptateur-a-cheminee-de-maconnerie-a-double-paroi-secure-black.webp","contentUrl":"https:\/\/staging.belleflamme.ca\/wp-content\/uploads\/2023\/11\/Adaptateur-a-cheminee-de-maconnerie-a-double-paroi-secure-black.webp","width":1000,"height":1000,"caption":"Adaptateur \u00e0 chemin\u00e9e de ma\u00e7onnerie \u00e0 double paroi secure black"},{"@type":"BreadcrumbList","@id":"https:\/\/staging.belleflamme.ca\/fr\/produit\/adaptateur-a-cheminee-de-maconnerie-a-double-paroi-secure-balck\/#breadcrumb","itemListElement":[{"@type":"ListItem","position":1,"name":"Accueil","item":"https:\/\/www.belleflamme.ca\/fr\/"},{"@type":"ListItem","position":2,"name":"Boutique","item":"https:\/\/www.belleflamme.ca\/fr\/boutique\/"},{"@type":"ListItem","position":3,"name":"Chemin\u00e9es, Pi\u00e8ces &amp; Accessoires","item":"https:\/\/staging.belleflamme.ca\/fr\/categories\/cheminees-pieces-accessoires\/"},{"@type":"ListItem","position":4,"name":"Chemin\u00e9es","item":"https:\/\/staging.belleflamme.ca\/fr\/categories\/cheminees-pieces-accessoires\/cheminees\/"},{"@type":"ListItem","position":5,"name":"Secure Black DL","item":"https:\/\/staging.belleflamme.ca\/fr\/categories\/cheminees-pieces-accessoires\/cheminees\/secure-black-dl\/"},{"@type":"ListItem","position":6,"name":"Adaptateur \u00e0 chemin\u00e9e de ma\u00e7onnerie \u00e0 double paroi Secure Balck"}]},{"@type":"WebSite","@id":"https:\/\/www.belleflamme.ca\/fr\/#website","url":"https:\/\/www.belleflamme.ca\/fr\/","name":"Groupe Belleflamme","description":"La m\u00e9canique du b\u00e2timent dans le sang.","publisher":{"@id":"https:\/\/www.belleflamme.ca\/fr\/#organization"},"potentialAction":[{"@type":"SearchAction","target":{"@type":"EntryPoint","urlTemplate":"https:\/\/www.belleflamme.ca\/fr\/?s={search_term_string}"},"query-input":{"@type":"PropertyValueSpecification","valueRequired":true,"valueName":"search_term_string"}}],"inLanguage":"fr-FR"},{"@type":["Organization","Place"],"@id":"https:\/\/www.belleflamme.ca\/fr\/#organization","name":"Groupe Belleflamme","alternateName":"Belleflamme","url":"https:\/\/www.belleflamme.ca\/fr\/","logo":{"@type":"ImageObject","inLanguage":"fr-FR","@id":"https:\/\/www.belleflamme.ca\/fr\/#\/schema\/logo\/image\/","url":"https:\/\/staging.belleflamme.ca\/wp-content\/uploads\/2023\/01\/og-image.jpg","contentUrl":"https:\/\/staging.belleflamme.ca\/wp-content\/uploads\/2023\/01\/og-image.jpg","width":1200,"height":630,"caption":"Groupe Belleflamme"},"image":{"@id":"https:\/\/www.belleflamme.ca\/fr\/#\/schema\/logo\/image\/"},"sameAs":["https:\/\/www.facebook.com\/belleflamme.ca\/","https:\/\/www.linkedin.com\/company\/belleflamme\/","https:\/\/www.pinterest.ca\/groupebelleflamme\/","https:\/\/www.instagram.com\/legroupebelleflamme\/"],"mainEntityOfPage":{"@id":"https:\/\/staging.belleflamme.ca\/fr\/produit\/adaptateur-a-cheminee-de-maconnerie-a-double-paroi-secure-balck\/"}}]},"product_brand":"Chemin\u00e9es S\u00e9curit\u00e9","og_availability":"instock","product_availability":"instock","product_condition":"new"},"_links":{"self":[{"href":"https:\/\/staging.belleflamme.ca\/fr\/wp-json\/wp\/v2\/product\/17839","targetHints":{"allow":["GET"]}}],"collection":[{"href":"https:\/\/staging.belleflamme.ca\/fr\/wp-json\/wp\/v2\/product"}],"about":[{"href":"https:\/\/staging.belleflamme.ca\/fr\/wp-json\/wp\/v2\/types\/product"}],"version-history":[{"count":1,"href":"https:\/\/staging.belleflamme.ca\/fr\/wp-json\/wp\/v2\/product\/17839\/revisions"}],"predecessor-version":[{"id":17849,"href":"https:\/\/staging.belleflamme.ca\/fr\/wp-json\/wp\/v2\/product\/17839\/revisions\/17849"}],"wp:featuredmedia":[{"embeddable":true,"href":"https:\/\/staging.belleflamme.ca\/fr\/wp-json\/wp\/v2\/media\/17840"}],"wp:attachment":[{"href":"https:\/\/staging.belleflamme.ca\/fr\/wp-json\/wp\/v2\/media?parent=17839"}],"wp:term":[{"taxonomy":"product_brand","embeddable":true,"href":"https:\/\/staging.belleflamme.ca\/fr\/wp-json\/wp\/v2\/product_brand?post=17839"},{"taxonomy":"product_cat","embeddable":true,"href":"https:\/\/staging.belleflamme.ca\/fr\/wp-json\/wp\/v2\/product_cat?post=17839"},{"taxonomy":"product_tag","embeddable":true,"href":"https:\/\/staging.belleflamme.ca\/fr\/wp-json\/wp\/v2\/product_tag?post=17839"}],"curies":[{"name":"wp","href":"https:\/\/api.w.org\/{rel}","templated":true}]}}