{"id":15740,"date":"2023-06-07T13:58:16","date_gmt":"2023-06-07T17:58:16","guid":{"rendered":"https:\/\/www.belleflamme.ca\/?post_type=product&#038;p=15740"},"modified":"2024-05-16T12:53:54","modified_gmt":"2024-05-16T16:53:54","slug":"blaze-tiroir-de-rangement-pour-poubelle-reservoir-de-propane-de-457-cm","status":"publish","type":"product","link":"https:\/\/staging.belleflamme.ca\/fr\/produit\/blaze-tiroir-de-rangement-pour-poubelle-reservoir-de-propane-de-457-cm\/","title":{"rendered":"Blaze Tiroir de rangement pour poubelle\/r\u00e9servoir de propane de 45,7 cm"},"content":{"rendered":"<ul>\n<li>La construction en acier inoxydable est durable dans des conditions ext\u00e9rieures<\/li>\n<li>Ajoute un espace de rangement pratique dans n&#8217;importe quelle cuisine ext\u00e9rieure<\/li>\n<li>Fournit un acc\u00e8s facile \u00e0 votre r\u00e9servoir de propane<\/li>\n<li>La conception biseaut\u00e9e arrondie ajoute une int\u00e9grit\u00e9 structurelle \u00e0 la porte<\/li>\n<li>Le tiroir coulissant permet de soulever et de connecter facilement le r\u00e9servoir de propane<\/li>\n<li>Accentu\u00e9 d&#8217;une poign\u00e9e droite \u00e9l\u00e9gante<\/li>\n<li>Comprend une poubelle de 42 pintes<\/li>\n<\/ul>\n<p>Ce tiroir de rangement Blaze pour poubelle\/r\u00e9servoir de propane est fabriqu\u00e9 en acier inoxydable 304 de qualit\u00e9 commerciale pour r\u00e9sister aux \u00e9l\u00e9ments ext\u00e9rieurs et une conception biseaut\u00e9e unique et compl\u00e8tement arrondie qui am\u00e9liore la r\u00e9sistance et la durabilit\u00e9. Rangez de mani\u00e8re pratique votre r\u00e9servoir de propane pour un acc\u00e8s facile au cylindre, ou rangez votre poubelle pour r\u00e9duire l&#8217;encombrement dans votre espace ext\u00e9rieur. Ce tiroir de rangement pour poubelle\/r\u00e9servoir de propane de cuisine ext\u00e9rieure de qualit\u00e9 est agr\u00e9ment\u00e9 d&#8217;une poign\u00e9e droite \u00e9l\u00e9gante. Les tiroirs de rangement Blaze sont la solution de rangement parfaite pour toute cuisine ext\u00e9rieure !<\/p>\n<table class=\"woocommerce-product-attributes shop_attributes\">\n<tbody>\n<tr class=\"woocommerce-product-attributes-item woocommerce-product-attributes-item--weight\">\n<th class=\"woocommerce-product-attributes-item__label\">Poids<\/th>\n<td class=\"woocommerce-product-attributes-item__value\">20.0 lbs<\/td>\n<\/tr>\n<tr class=\"woocommerce-product-attributes-item woocommerce-product-attributes-item--attribute_overall-dimensions\">\n<th class=\"woocommerce-product-attributes-item__label\">Dimensions<\/th>\n<td class=\"woocommerce-product-attributes-item__value\">26\u215c\u2033 H \u00d7 20\u215b\u2033 L \u00d7 17\u00be\u2033 P<\/td>\n<\/tr>\n<tr class=\"woocommerce-product-attributes-item woocommerce-product-attributes-item--attribute_cut-out-dimensions\">\n<th class=\"woocommerce-product-attributes-item__label\">Dimensions de la d\u00e9coupe<\/th>\n<td class=\"woocommerce-product-attributes-item__value\">24\u00bc\u2033 H \u00d7 18\u215b\u2033 L \u00d7 15\u00be\u2033 P<\/td>\n<\/tr>\n<tr class=\"woocommerce-product-attributes-item woocommerce-product-attributes-item--attribute_warranty\">\n<th class=\"woocommerce-product-attributes-item__label\">Garantie<\/th>\n<td class=\"woocommerce-product-attributes-item__value\">\u00c0 vie<\/td>\n<\/tr>\n<tr class=\"woocommerce-product-attributes-item woocommerce-product-attributes-item--attribute_drawer-internal-dimensions\">\n<th class=\"woocommerce-product-attributes-item__label\">Dimensions internes des tirors<\/th>\n<td class=\"woocommerce-product-attributes-item__value\">20\u215c\u2033 H \u00d7 17\u215d\u2033 W \u00d7 14\u215e\u2033 P<\/td>\n<\/tr>\n<\/tbody>\n<\/table>\n<p>&nbsp;<\/p>\n","protected":false},"excerpt":{"rendered":"<p>La construction en acier inoxydable est durable dans des conditions ext\u00e9rieures Ajoute un espace de rangement pratique dans n&#8217;importe quelle cuisine ext\u00e9rieure Fournit un acc\u00e8s facile \u00e0 votre r\u00e9servoir de propane La conception biseaut\u00e9e arrondie ajoute une int\u00e9grit\u00e9 structurelle \u00e0 la porte Le tiroir coulissant permet de soulever et de connecter facilement le r\u00e9servoir de [&hellip;]<\/p>\n","protected":false},"featured_media":15741,"template":"","meta":{"inline_featured_image":false},"product_brand":[346],"product_cat":[113,352,116],"product_tag":[],"class_list":{"0":"post-15740","1":"product","2":"type-product","3":"status-publish","4":"has-post-thumbnail","6":"product_brand-blaze","7":"product_cat-bbq-produits-exterieurs","8":"product_cat-cabinets-et-modules","9":"product_cat-cuisine-exterieure","11":"first","12":"instock","13":"taxable","14":"shipping-taxable","15":"product-type-simple"},"yoast_head":"<!-- This site is optimized with the Yoast SEO Premium plugin v24.2 (Yoast SEO v24.2) - https:\/\/yoast.com\/wordpress\/plugins\/seo\/ -->\n<title>Blaze Tiroir de rangement pour poubelle\/r\u00e9servoir de propane de 45,7 cm - Groupe BelleFlamme<\/title>\n<meta name=\"description\" content=\"Blaze Tiroir de rangement pour poubelle\/r\u00e9servoir de propane de 45,7 cm vendu et install\u00e9 par le Groupe Belleflamme. Laval, Montr\u00e9al, Gatineau, Drummondville et Saint-Sauveur.\" \/>\n<meta name=\"robots\" content=\"index, follow, max-snippet:-1, max-image-preview:large, max-video-preview:-1\" \/>\n<link rel=\"canonical\" href=\"https:\/\/staging.belleflamme.ca\/fr\/produit\/blaze-tiroir-de-rangement-pour-poubelle-reservoir-de-propane-de-457-cm\/\" \/>\n<meta property=\"og:locale\" content=\"fr_FR\" \/>\n<meta property=\"og:type\" content=\"article\" \/>\n<meta property=\"og:title\" content=\"Blaze Tiroir de rangement pour poubelle\/r\u00e9servoir de propane de 45,7 cm\" \/>\n<meta property=\"og:description\" content=\"Blaze Tiroir de rangement pour poubelle\/r\u00e9servoir de propane de 45,7 cm vendu et install\u00e9 par le Groupe Belleflamme. Laval, Montr\u00e9al, Gatineau, Drummondville et Saint-Sauveur.\" \/>\n<meta property=\"og:url\" content=\"https:\/\/staging.belleflamme.ca\/fr\/produit\/blaze-tiroir-de-rangement-pour-poubelle-reservoir-de-propane-de-457-cm\/\" \/>\n<meta property=\"og:site_name\" content=\"Groupe BelleFlamme\" \/>\n<meta property=\"article:publisher\" content=\"https:\/\/www.facebook.com\/belleflamme.ca\/\" \/>\n<meta property=\"article:modified_time\" content=\"2024-05-16T16:53:54+00:00\" \/>\n<meta property=\"og:image\" content=\"https:\/\/www.belleflamme.ca\/wp-content\/uploads\/2023\/06\/BLZ-TRLP-DRW-H.jpg\" \/>\n\t<meta property=\"og:image:width\" content=\"1000\" \/>\n\t<meta property=\"og:image:height\" content=\"1000\" \/>\n\t<meta property=\"og:image:type\" content=\"image\/jpeg\" \/>\n<meta name=\"twitter:card\" content=\"summary_large_image\" \/>\n<meta name=\"twitter:label1\" content=\"Prix\" \/>\n\t<meta name=\"twitter:data1\" content=\"\" \/>\n\t<meta name=\"twitter:label2\" content=\"Disponibilit\u00e9\" \/>\n\t<meta name=\"twitter:data2\" content=\"En stock\" \/>\n<script type=\"application\/ld+json\" class=\"yoast-schema-graph\">{\"@context\":\"https:\/\/schema.org\",\"@graph\":[{\"@type\":[\"WebPage\",\"ItemPage\"],\"@id\":\"https:\/\/staging.belleflamme.ca\/fr\/produit\/blaze-tiroir-de-rangement-pour-poubelle-reservoir-de-propane-de-457-cm\/\",\"url\":\"https:\/\/staging.belleflamme.ca\/fr\/produit\/blaze-tiroir-de-rangement-pour-poubelle-reservoir-de-propane-de-457-cm\/\",\"name\":\"Blaze Tiroir de rangement pour poubelle\/r\u00e9servoir de propane de 45,7 cm - Groupe BelleFlamme\",\"isPartOf\":{\"@id\":\"https:\/\/www.belleflamme.ca\/fr\/#website\"},\"primaryImageOfPage\":{\"@id\":\"https:\/\/staging.belleflamme.ca\/fr\/produit\/blaze-tiroir-de-rangement-pour-poubelle-reservoir-de-propane-de-457-cm\/#primaryimage\"},\"image\":{\"@id\":\"https:\/\/staging.belleflamme.ca\/fr\/produit\/blaze-tiroir-de-rangement-pour-poubelle-reservoir-de-propane-de-457-cm\/#primaryimage\"},\"thumbnailUrl\":\"https:\/\/staging.belleflamme.ca\/wp-content\/uploads\/2023\/06\/BLZ-TRLP-DRW-H.jpg\",\"datePublished\":\"2023-06-07T17:58:16+00:00\",\"dateModified\":\"2024-05-16T16:53:54+00:00\",\"description\":\"Blaze Tiroir de rangement pour poubelle\/r\u00e9servoir de propane de 45,7 cm [get_meta_en_fr]\",\"breadcrumb\":{\"@id\":\"https:\/\/staging.belleflamme.ca\/fr\/produit\/blaze-tiroir-de-rangement-pour-poubelle-reservoir-de-propane-de-457-cm\/#breadcrumb\"},\"inLanguage\":\"fr-FR\",\"potentialAction\":[{\"@type\":\"ReadAction\",\"target\":[\"https:\/\/staging.belleflamme.ca\/fr\/produit\/blaze-tiroir-de-rangement-pour-poubelle-reservoir-de-propane-de-457-cm\/\"]}]},{\"@type\":\"ImageObject\",\"inLanguage\":\"fr-FR\",\"@id\":\"https:\/\/staging.belleflamme.ca\/fr\/produit\/blaze-tiroir-de-rangement-pour-poubelle-reservoir-de-propane-de-457-cm\/#primaryimage\",\"url\":\"https:\/\/staging.belleflamme.ca\/wp-content\/uploads\/2023\/06\/BLZ-TRLP-DRW-H.jpg\",\"contentUrl\":\"https:\/\/staging.belleflamme.ca\/wp-content\/uploads\/2023\/06\/BLZ-TRLP-DRW-H.jpg\",\"width\":1000,\"height\":1000,\"caption\":\"Blaze Tiroir de rangement pour poubelle\/r\u00e9servoir de propane de 45,7 cm\"},{\"@type\":\"BreadcrumbList\",\"@id\":\"https:\/\/staging.belleflamme.ca\/fr\/produit\/blaze-tiroir-de-rangement-pour-poubelle-reservoir-de-propane-de-457-cm\/#breadcrumb\",\"itemListElement\":[{\"@type\":\"ListItem\",\"position\":1,\"name\":\"Accueil\",\"item\":\"https:\/\/www.belleflamme.ca\/fr\/\"},{\"@type\":\"ListItem\",\"position\":2,\"name\":\"Boutique\",\"item\":\"https:\/\/www.belleflamme.ca\/fr\/boutique\/\"},{\"@type\":\"ListItem\",\"position\":3,\"name\":\"BBQ &amp; Produits Ext\u00e9rieurs\",\"item\":\"https:\/\/staging.belleflamme.ca\/fr\/categories\/bbq-produits-exterieurs\/\"},{\"@type\":\"ListItem\",\"position\":4,\"name\":\"Cuisine Ext\u00e9rieure\",\"item\":\"https:\/\/staging.belleflamme.ca\/fr\/categories\/bbq-produits-exterieurs\/cuisine-exterieure\/\"},{\"@type\":\"ListItem\",\"position\":5,\"name\":\"Cabinets et Modules\",\"item\":\"https:\/\/staging.belleflamme.ca\/fr\/categories\/bbq-produits-exterieurs\/cuisine-exterieure\/cabinets-et-modules\/\"},{\"@type\":\"ListItem\",\"position\":6,\"name\":\"Blaze Tiroir de rangement pour poubelle\/r\u00e9servoir de propane de 45,7 cm\"}]},{\"@type\":\"WebSite\",\"@id\":\"https:\/\/www.belleflamme.ca\/fr\/#website\",\"url\":\"https:\/\/www.belleflamme.ca\/fr\/\",\"name\":\"Groupe Belleflamme\",\"description\":\"La m\u00e9canique du b\u00e2timent dans le sang.\",\"publisher\":{\"@id\":\"https:\/\/www.belleflamme.ca\/fr\/#organization\"},\"potentialAction\":[{\"@type\":\"SearchAction\",\"target\":{\"@type\":\"EntryPoint\",\"urlTemplate\":\"https:\/\/www.belleflamme.ca\/fr\/?s={search_term_string}\"},\"query-input\":{\"@type\":\"PropertyValueSpecification\",\"valueRequired\":true,\"valueName\":\"search_term_string\"}}],\"inLanguage\":\"fr-FR\"},{\"@type\":[\"Organization\",\"Place\"],\"@id\":\"https:\/\/www.belleflamme.ca\/fr\/#organization\",\"name\":\"Groupe Belleflamme\",\"alternateName\":\"Belleflamme\",\"url\":\"https:\/\/www.belleflamme.ca\/fr\/\",\"logo\":{\"@type\":\"ImageObject\",\"inLanguage\":\"fr-FR\",\"@id\":\"https:\/\/www.belleflamme.ca\/fr\/#\/schema\/logo\/image\/\",\"url\":\"https:\/\/staging.belleflamme.ca\/wp-content\/uploads\/2023\/01\/og-image.jpg\",\"contentUrl\":\"https:\/\/staging.belleflamme.ca\/wp-content\/uploads\/2023\/01\/og-image.jpg\",\"width\":1200,\"height\":630,\"caption\":\"Groupe Belleflamme\"},\"image\":{\"@id\":\"https:\/\/www.belleflamme.ca\/fr\/#\/schema\/logo\/image\/\"},\"sameAs\":[\"https:\/\/www.facebook.com\/belleflamme.ca\/\",\"https:\/\/www.linkedin.com\/company\/belleflamme\/\",\"https:\/\/www.pinterest.ca\/groupebelleflamme\/\",\"https:\/\/www.instagram.com\/legroupebelleflamme\/\"],\"mainEntityOfPage\":{\"@id\":\"https:\/\/staging.belleflamme.ca\/fr\/produit\/blaze-tiroir-de-rangement-pour-poubelle-reservoir-de-propane-de-457-cm\/\"}}]}<\/script>\n<meta property=\"product:brand\" content=\"Blaze\" \/>\n<meta property=\"product:price:amount\" content=\"0.00\" \/>\n<meta property=\"product:price:currency\" content=\"CAD\" \/>\n<meta property=\"og:availability\" content=\"instock\" \/>\n<meta property=\"product:availability\" content=\"instock\" \/>\n<meta property=\"product:condition\" content=\"new\" \/>\n<!-- \/ Yoast SEO Premium plugin. -->","yoast_head_json":{"title":"Blaze Tiroir de rangement pour poubelle\/r\u00e9servoir de propane de 45,7 cm - Groupe BelleFlamme","description":"Blaze Tiroir de rangement pour poubelle\/r\u00e9servoir de propane de 45,7 cm vendu et install\u00e9 par le Groupe Belleflamme. Laval, Montr\u00e9al, Gatineau, Drummondville et Saint-Sauveur.","robots":{"index":"index","follow":"follow","max-snippet":"max-snippet:-1","max-image-preview":"max-image-preview:large","max-video-preview":"max-video-preview:-1"},"canonical":"https:\/\/staging.belleflamme.ca\/fr\/produit\/blaze-tiroir-de-rangement-pour-poubelle-reservoir-de-propane-de-457-cm\/","og_locale":"fr_FR","og_type":"article","og_title":"Blaze Tiroir de rangement pour poubelle\/r\u00e9servoir de propane de 45,7 cm","og_description":"Blaze Tiroir de rangement pour poubelle\/r\u00e9servoir de propane de 45,7 cm vendu et install\u00e9 par le Groupe Belleflamme. Laval, Montr\u00e9al, Gatineau, Drummondville et Saint-Sauveur.","og_url":"https:\/\/staging.belleflamme.ca\/fr\/produit\/blaze-tiroir-de-rangement-pour-poubelle-reservoir-de-propane-de-457-cm\/","og_site_name":"Groupe BelleFlamme","article_publisher":"https:\/\/www.facebook.com\/belleflamme.ca\/","article_modified_time":"2024-05-16T16:53:54+00:00","og_image":[{"width":1000,"height":1000,"url":"https:\/\/www.belleflamme.ca\/wp-content\/uploads\/2023\/06\/BLZ-TRLP-DRW-H.jpg","type":"image\/jpeg"}],"twitter_card":"summary_large_image","twitter_misc":{"Prix":"","Disponibilit\u00e9":"En stock"},"schema":{"@context":"https:\/\/schema.org","@graph":[{"@type":["WebPage","ItemPage"],"@id":"https:\/\/staging.belleflamme.ca\/fr\/produit\/blaze-tiroir-de-rangement-pour-poubelle-reservoir-de-propane-de-457-cm\/","url":"https:\/\/staging.belleflamme.ca\/fr\/produit\/blaze-tiroir-de-rangement-pour-poubelle-reservoir-de-propane-de-457-cm\/","name":"Blaze Tiroir de rangement pour poubelle\/r\u00e9servoir de propane de 45,7 cm - Groupe BelleFlamme","isPartOf":{"@id":"https:\/\/www.belleflamme.ca\/fr\/#website"},"primaryImageOfPage":{"@id":"https:\/\/staging.belleflamme.ca\/fr\/produit\/blaze-tiroir-de-rangement-pour-poubelle-reservoir-de-propane-de-457-cm\/#primaryimage"},"image":{"@id":"https:\/\/staging.belleflamme.ca\/fr\/produit\/blaze-tiroir-de-rangement-pour-poubelle-reservoir-de-propane-de-457-cm\/#primaryimage"},"thumbnailUrl":"https:\/\/staging.belleflamme.ca\/wp-content\/uploads\/2023\/06\/BLZ-TRLP-DRW-H.jpg","datePublished":"2023-06-07T17:58:16+00:00","dateModified":"2024-05-16T16:53:54+00:00","description":"Blaze Tiroir de rangement pour poubelle\/r\u00e9servoir de propane de 45,7 cm [get_meta_en_fr]","breadcrumb":{"@id":"https:\/\/staging.belleflamme.ca\/fr\/produit\/blaze-tiroir-de-rangement-pour-poubelle-reservoir-de-propane-de-457-cm\/#breadcrumb"},"inLanguage":"fr-FR","potentialAction":[{"@type":"ReadAction","target":["https:\/\/staging.belleflamme.ca\/fr\/produit\/blaze-tiroir-de-rangement-pour-poubelle-reservoir-de-propane-de-457-cm\/"]}]},{"@type":"ImageObject","inLanguage":"fr-FR","@id":"https:\/\/staging.belleflamme.ca\/fr\/produit\/blaze-tiroir-de-rangement-pour-poubelle-reservoir-de-propane-de-457-cm\/#primaryimage","url":"https:\/\/staging.belleflamme.ca\/wp-content\/uploads\/2023\/06\/BLZ-TRLP-DRW-H.jpg","contentUrl":"https:\/\/staging.belleflamme.ca\/wp-content\/uploads\/2023\/06\/BLZ-TRLP-DRW-H.jpg","width":1000,"height":1000,"caption":"Blaze Tiroir de rangement pour poubelle\/r\u00e9servoir de propane de 45,7 cm"},{"@type":"BreadcrumbList","@id":"https:\/\/staging.belleflamme.ca\/fr\/produit\/blaze-tiroir-de-rangement-pour-poubelle-reservoir-de-propane-de-457-cm\/#breadcrumb","itemListElement":[{"@type":"ListItem","position":1,"name":"Accueil","item":"https:\/\/www.belleflamme.ca\/fr\/"},{"@type":"ListItem","position":2,"name":"Boutique","item":"https:\/\/www.belleflamme.ca\/fr\/boutique\/"},{"@type":"ListItem","position":3,"name":"BBQ &amp; Produits Ext\u00e9rieurs","item":"https:\/\/staging.belleflamme.ca\/fr\/categories\/bbq-produits-exterieurs\/"},{"@type":"ListItem","position":4,"name":"Cuisine Ext\u00e9rieure","item":"https:\/\/staging.belleflamme.ca\/fr\/categories\/bbq-produits-exterieurs\/cuisine-exterieure\/"},{"@type":"ListItem","position":5,"name":"Cabinets et Modules","item":"https:\/\/staging.belleflamme.ca\/fr\/categories\/bbq-produits-exterieurs\/cuisine-exterieure\/cabinets-et-modules\/"},{"@type":"ListItem","position":6,"name":"Blaze Tiroir de rangement pour poubelle\/r\u00e9servoir de propane de 45,7 cm"}]},{"@type":"WebSite","@id":"https:\/\/www.belleflamme.ca\/fr\/#website","url":"https:\/\/www.belleflamme.ca\/fr\/","name":"Groupe Belleflamme","description":"La m\u00e9canique du b\u00e2timent dans le sang.","publisher":{"@id":"https:\/\/www.belleflamme.ca\/fr\/#organization"},"potentialAction":[{"@type":"SearchAction","target":{"@type":"EntryPoint","urlTemplate":"https:\/\/www.belleflamme.ca\/fr\/?s={search_term_string}"},"query-input":{"@type":"PropertyValueSpecification","valueRequired":true,"valueName":"search_term_string"}}],"inLanguage":"fr-FR"},{"@type":["Organization","Place"],"@id":"https:\/\/www.belleflamme.ca\/fr\/#organization","name":"Groupe Belleflamme","alternateName":"Belleflamme","url":"https:\/\/www.belleflamme.ca\/fr\/","logo":{"@type":"ImageObject","inLanguage":"fr-FR","@id":"https:\/\/www.belleflamme.ca\/fr\/#\/schema\/logo\/image\/","url":"https:\/\/staging.belleflamme.ca\/wp-content\/uploads\/2023\/01\/og-image.jpg","contentUrl":"https:\/\/staging.belleflamme.ca\/wp-content\/uploads\/2023\/01\/og-image.jpg","width":1200,"height":630,"caption":"Groupe Belleflamme"},"image":{"@id":"https:\/\/www.belleflamme.ca\/fr\/#\/schema\/logo\/image\/"},"sameAs":["https:\/\/www.facebook.com\/belleflamme.ca\/","https:\/\/www.linkedin.com\/company\/belleflamme\/","https:\/\/www.pinterest.ca\/groupebelleflamme\/","https:\/\/www.instagram.com\/legroupebelleflamme\/"],"mainEntityOfPage":{"@id":"https:\/\/staging.belleflamme.ca\/fr\/produit\/blaze-tiroir-de-rangement-pour-poubelle-reservoir-de-propane-de-457-cm\/"}}]},"product_brand":"Blaze","product_price_amount":"0.00","product_price_currency":"CAD","og_availability":"instock","product_availability":"instock","product_condition":"new"},"_links":{"self":[{"href":"https:\/\/staging.belleflamme.ca\/fr\/wp-json\/wp\/v2\/product\/15740","targetHints":{"allow":["GET"]}}],"collection":[{"href":"https:\/\/staging.belleflamme.ca\/fr\/wp-json\/wp\/v2\/product"}],"about":[{"href":"https:\/\/staging.belleflamme.ca\/fr\/wp-json\/wp\/v2\/types\/product"}],"version-history":[{"count":2,"href":"https:\/\/staging.belleflamme.ca\/fr\/wp-json\/wp\/v2\/product\/15740\/revisions"}],"predecessor-version":[{"id":38812,"href":"https:\/\/staging.belleflamme.ca\/fr\/wp-json\/wp\/v2\/product\/15740\/revisions\/38812"}],"wp:featuredmedia":[{"embeddable":true,"href":"https:\/\/staging.belleflamme.ca\/fr\/wp-json\/wp\/v2\/media\/15741"}],"wp:attachment":[{"href":"https:\/\/staging.belleflamme.ca\/fr\/wp-json\/wp\/v2\/media?parent=15740"}],"wp:term":[{"taxonomy":"product_brand","embeddable":true,"href":"https:\/\/staging.belleflamme.ca\/fr\/wp-json\/wp\/v2\/product_brand?post=15740"},{"taxonomy":"product_cat","embeddable":true,"href":"https:\/\/staging.belleflamme.ca\/fr\/wp-json\/wp\/v2\/product_cat?post=15740"},{"taxonomy":"product_tag","embeddable":true,"href":"https:\/\/staging.belleflamme.ca\/fr\/wp-json\/wp\/v2\/product_tag?post=15740"}],"curies":[{"name":"wp","href":"https:\/\/api.w.org\/{rel}","templated":true}]}}