{"id":15671,"date":"2023-06-07T13:06:19","date_gmt":"2023-06-07T17:06:19","guid":{"rendered":"https:\/\/www.belleflamme.ca\/?post_type=product&#038;p=15671"},"modified":"2024-05-16T13:04:16","modified_gmt":"2024-05-16T17:04:16","slug":"porte-dacces-simple-blaze-21-pouces-charniere-droite-verticale","status":"publish","type":"product","link":"https:\/\/staging.belleflamme.ca\/fr\/produit\/porte-dacces-simple-blaze-21-pouces-charniere-droite-verticale\/","title":{"rendered":"Porte d&#8217;acc\u00e8s simple Blaze 21 pouces &#8211; Charni\u00e8re droite (verticale)"},"content":{"rendered":"<ul>\n<li>La construction en acier inoxydable de la porte est durable dans un environnement ext\u00e9rieur<\/li>\n<li>Charni\u00e8res \u00e0 fermeture en douceur pour une fermeture facile de toutes les portes<\/li>\n<li>Ajoute un rangement pratique dans n&#8217;importe quelle cuisine ext\u00e9rieure et un acc\u00e8s facile \u00e0 l&#8217;int\u00e9rieur de n&#8217;importe quelle \u00eele<\/li>\n<li>La conception en biseau arrondi du cadre ajoute une stabilit\u00e9 suppl\u00e9mentaire aux portes<\/li>\n<li>Les portes sont doubl\u00e9es, accentu\u00e9es par des poign\u00e9es incurv\u00e9es<\/li>\n<\/ul>\n<p>La porte d&#8217;acc\u00e8s verticale simple Blaze de 21 pouces pr\u00e9sente une taille d&#8217;acc\u00e8s id\u00e9ale pour un \u00eelot et une cuisine ext\u00e9rieure. La construction en acier inoxydable 304 de qualit\u00e9 commerciale de Blaze est con\u00e7ue pour r\u00e9sister aux \u00e9l\u00e9ments ext\u00e9rieurs. Cette porte d&#8217;acc\u00e8s \u00e0 la cuisine ext\u00e9rieure de qualit\u00e9 est doubl\u00e9e et dispose d&#8217;armoires \u00e0 fermeture douce pour une meilleure exp\u00e9rience utilisateur. La porte d&#8217;acc\u00e8s est la solution de rangement parfaite pour toute cuisine ext\u00e9rieure !<\/p>\n<table class=\"woocommerce-product-attributes shop_attributes\">\n<tbody>\n<tr class=\"woocommerce-product-attributes-item woocommerce-product-attributes-item--weight\">\n<th class=\"woocommerce-product-attributes-item__label\">Poid<\/th>\n<td class=\"woocommerce-product-attributes-item__value\">15 lbs<\/td>\n<\/tr>\n<tr class=\"woocommerce-product-attributes-item woocommerce-product-attributes-item--attribute_warranty\">\n<th class=\"woocommerce-product-attributes-item__label\">Garantie<\/th>\n<td class=\"woocommerce-product-attributes-item__value\">\u00a0\u00c0 vie<\/td>\n<\/tr>\n<tr class=\"woocommerce-product-attributes-item woocommerce-product-attributes-item--attribute_overall-dimensions\">\n<th class=\"woocommerce-product-attributes-item__label\">Dimensions<\/th>\n<td class=\"woocommerce-product-attributes-item__value\">26\u00bd\u2033 H \u00d7 19\u215c\u2033 L<\/td>\n<\/tr>\n<tr class=\"woocommerce-product-attributes-item woocommerce-product-attributes-item--attribute_cut-out-dimensions\">\n<th class=\"woocommerce-product-attributes-item__label\">Dimensions de la d\u00e9coupe<\/th>\n<td class=\"woocommerce-product-attributes-item__value\">24\u00bc\u2033 H \u00d7 17\u2033 L<\/td>\n<\/tr>\n<tr class=\"woocommerce-product-attributes-item woocommerce-product-attributes-item--attribute_physical-opening-dimensions\">\n<th class=\"woocommerce-product-attributes-item__label\">Dimensions d&#8217;ouverture physique<\/th>\n<td class=\"woocommerce-product-attributes-item__value\">24\u2033 H \u00d7 14\u215e\u2033 L<\/td>\n<\/tr>\n<\/tbody>\n<\/table>\n<p>&nbsp;<\/p>\n","protected":false},"excerpt":{"rendered":"<p>La construction en acier inoxydable de la porte est durable dans un environnement ext\u00e9rieur Charni\u00e8res \u00e0 fermeture en douceur pour une fermeture facile de toutes les portes Ajoute un rangement pratique dans n&#8217;importe quelle cuisine ext\u00e9rieure et un acc\u00e8s facile \u00e0 l&#8217;int\u00e9rieur de n&#8217;importe quelle \u00eele La conception en biseau arrondi du cadre ajoute une [&hellip;]<\/p>\n","protected":false},"featured_media":15672,"template":"","meta":{"inline_featured_image":false},"product_brand":[346],"product_cat":[113,352,116],"product_tag":[],"class_list":{"0":"post-15671","1":"product","2":"type-product","3":"status-publish","4":"has-post-thumbnail","6":"product_brand-blaze","7":"product_cat-bbq-produits-exterieurs","8":"product_cat-cabinets-et-modules","9":"product_cat-cuisine-exterieure","11":"first","12":"instock","13":"taxable","14":"shipping-taxable","15":"product-type-simple"},"yoast_head":"<!-- This site is optimized with the Yoast SEO Premium plugin v24.2 (Yoast SEO v24.2) - https:\/\/yoast.com\/wordpress\/plugins\/seo\/ -->\n<title>Porte d&#039;acc\u00e8s simple Blaze 21 pouces - Charni\u00e8re droite (verticale) - Groupe BelleFlamme<\/title>\n<meta name=\"description\" content=\"Porte d&#039;acc\u00e8s simple Blaze 21 pouces - Charni\u00e8re droite (verticale) vendu et install\u00e9 par le Groupe Belleflamme. Laval, Montr\u00e9al, Gatineau, Drummondville et Saint-Sauveur.\" \/>\n<meta name=\"robots\" content=\"index, follow, max-snippet:-1, max-image-preview:large, max-video-preview:-1\" \/>\n<link rel=\"canonical\" href=\"https:\/\/staging.belleflamme.ca\/fr\/produit\/porte-dacces-simple-blaze-21-pouces-charniere-droite-verticale\/\" \/>\n<meta property=\"og:locale\" content=\"fr_FR\" \/>\n<meta property=\"og:type\" content=\"article\" \/>\n<meta property=\"og:title\" content=\"Porte d&#039;acc\u00e8s simple Blaze 21 pouces - Charni\u00e8re droite (verticale)\" \/>\n<meta property=\"og:description\" content=\"Porte d&#039;acc\u00e8s simple Blaze 21 pouces - Charni\u00e8re droite (verticale) vendu et install\u00e9 par le Groupe Belleflamme. Laval, Montr\u00e9al, Gatineau, Drummondville et Saint-Sauveur.\" \/>\n<meta property=\"og:url\" content=\"https:\/\/staging.belleflamme.ca\/fr\/produit\/porte-dacces-simple-blaze-21-pouces-charniere-droite-verticale\/\" \/>\n<meta property=\"og:site_name\" content=\"Groupe BelleFlamme\" \/>\n<meta property=\"article:publisher\" content=\"https:\/\/www.facebook.com\/belleflamme.ca\/\" \/>\n<meta property=\"article:modified_time\" content=\"2024-05-16T17:04:16+00:00\" \/>\n<meta property=\"og:image\" content=\"https:\/\/www.belleflamme.ca\/wp-content\/uploads\/2023\/06\/BLZ-SINGLE-2417-R-SC-1.jpg\" \/>\n\t<meta property=\"og:image:width\" content=\"1000\" \/>\n\t<meta property=\"og:image:height\" content=\"1000\" \/>\n\t<meta property=\"og:image:type\" content=\"image\/jpeg\" \/>\n<meta name=\"twitter:card\" content=\"summary_large_image\" \/>\n<meta name=\"twitter:label1\" content=\"Prix\" \/>\n\t<meta name=\"twitter:data1\" content=\"\" \/>\n\t<meta name=\"twitter:label2\" content=\"Disponibilit\u00e9\" \/>\n\t<meta name=\"twitter:data2\" content=\"En stock\" \/>\n<script type=\"application\/ld+json\" class=\"yoast-schema-graph\">{\"@context\":\"https:\/\/schema.org\",\"@graph\":[{\"@type\":[\"WebPage\",\"ItemPage\"],\"@id\":\"https:\/\/staging.belleflamme.ca\/fr\/produit\/porte-dacces-simple-blaze-21-pouces-charniere-droite-verticale\/\",\"url\":\"https:\/\/staging.belleflamme.ca\/fr\/produit\/porte-dacces-simple-blaze-21-pouces-charniere-droite-verticale\/\",\"name\":\"Porte d'acc\u00e8s simple Blaze 21 pouces - Charni\u00e8re droite (verticale) - Groupe BelleFlamme\",\"isPartOf\":{\"@id\":\"https:\/\/www.belleflamme.ca\/fr\/#website\"},\"primaryImageOfPage\":{\"@id\":\"https:\/\/staging.belleflamme.ca\/fr\/produit\/porte-dacces-simple-blaze-21-pouces-charniere-droite-verticale\/#primaryimage\"},\"image\":{\"@id\":\"https:\/\/staging.belleflamme.ca\/fr\/produit\/porte-dacces-simple-blaze-21-pouces-charniere-droite-verticale\/#primaryimage\"},\"thumbnailUrl\":\"https:\/\/staging.belleflamme.ca\/wp-content\/uploads\/2023\/06\/BLZ-SINGLE-2417-R-SC-1.jpg\",\"datePublished\":\"2023-06-07T17:06:19+00:00\",\"dateModified\":\"2024-05-16T17:04:16+00:00\",\"description\":\"Porte d'acc\u00e8s simple Blaze 21 pouces - Charni\u00e8re droite (verticale) [get_meta_en_fr]\",\"breadcrumb\":{\"@id\":\"https:\/\/staging.belleflamme.ca\/fr\/produit\/porte-dacces-simple-blaze-21-pouces-charniere-droite-verticale\/#breadcrumb\"},\"inLanguage\":\"fr-FR\",\"potentialAction\":[{\"@type\":\"ReadAction\",\"target\":[\"https:\/\/staging.belleflamme.ca\/fr\/produit\/porte-dacces-simple-blaze-21-pouces-charniere-droite-verticale\/\"]}]},{\"@type\":\"ImageObject\",\"inLanguage\":\"fr-FR\",\"@id\":\"https:\/\/staging.belleflamme.ca\/fr\/produit\/porte-dacces-simple-blaze-21-pouces-charniere-droite-verticale\/#primaryimage\",\"url\":\"https:\/\/staging.belleflamme.ca\/wp-content\/uploads\/2023\/06\/BLZ-SINGLE-2417-R-SC-1.jpg\",\"contentUrl\":\"https:\/\/staging.belleflamme.ca\/wp-content\/uploads\/2023\/06\/BLZ-SINGLE-2417-R-SC-1.jpg\",\"width\":1000,\"height\":1000,\"caption\":\"Blaze 21-Inch Single Access Door \u2013 Right Hinged (Vertical)\"},{\"@type\":\"BreadcrumbList\",\"@id\":\"https:\/\/staging.belleflamme.ca\/fr\/produit\/porte-dacces-simple-blaze-21-pouces-charniere-droite-verticale\/#breadcrumb\",\"itemListElement\":[{\"@type\":\"ListItem\",\"position\":1,\"name\":\"Accueil\",\"item\":\"https:\/\/www.belleflamme.ca\/fr\/\"},{\"@type\":\"ListItem\",\"position\":2,\"name\":\"Boutique\",\"item\":\"https:\/\/www.belleflamme.ca\/fr\/boutique\/\"},{\"@type\":\"ListItem\",\"position\":3,\"name\":\"BBQ &amp; Produits Ext\u00e9rieurs\",\"item\":\"https:\/\/staging.belleflamme.ca\/fr\/categories\/bbq-produits-exterieurs\/\"},{\"@type\":\"ListItem\",\"position\":4,\"name\":\"Cuisine Ext\u00e9rieure\",\"item\":\"https:\/\/staging.belleflamme.ca\/fr\/categories\/bbq-produits-exterieurs\/cuisine-exterieure\/\"},{\"@type\":\"ListItem\",\"position\":5,\"name\":\"Cabinets et Modules\",\"item\":\"https:\/\/staging.belleflamme.ca\/fr\/categories\/bbq-produits-exterieurs\/cuisine-exterieure\/cabinets-et-modules\/\"},{\"@type\":\"ListItem\",\"position\":6,\"name\":\"Porte d&#8217;acc\u00e8s simple Blaze 21 pouces &#8211; Charni\u00e8re droite (verticale)\"}]},{\"@type\":\"WebSite\",\"@id\":\"https:\/\/www.belleflamme.ca\/fr\/#website\",\"url\":\"https:\/\/www.belleflamme.ca\/fr\/\",\"name\":\"Groupe Belleflamme\",\"description\":\"La m\u00e9canique du b\u00e2timent dans le sang.\",\"publisher\":{\"@id\":\"https:\/\/www.belleflamme.ca\/fr\/#organization\"},\"potentialAction\":[{\"@type\":\"SearchAction\",\"target\":{\"@type\":\"EntryPoint\",\"urlTemplate\":\"https:\/\/www.belleflamme.ca\/fr\/?s={search_term_string}\"},\"query-input\":{\"@type\":\"PropertyValueSpecification\",\"valueRequired\":true,\"valueName\":\"search_term_string\"}}],\"inLanguage\":\"fr-FR\"},{\"@type\":[\"Organization\",\"Place\"],\"@id\":\"https:\/\/www.belleflamme.ca\/fr\/#organization\",\"name\":\"Groupe Belleflamme\",\"alternateName\":\"Belleflamme\",\"url\":\"https:\/\/www.belleflamme.ca\/fr\/\",\"logo\":{\"@type\":\"ImageObject\",\"inLanguage\":\"fr-FR\",\"@id\":\"https:\/\/www.belleflamme.ca\/fr\/#\/schema\/logo\/image\/\",\"url\":\"https:\/\/staging.belleflamme.ca\/wp-content\/uploads\/2023\/01\/og-image.jpg\",\"contentUrl\":\"https:\/\/staging.belleflamme.ca\/wp-content\/uploads\/2023\/01\/og-image.jpg\",\"width\":1200,\"height\":630,\"caption\":\"Groupe Belleflamme\"},\"image\":{\"@id\":\"https:\/\/www.belleflamme.ca\/fr\/#\/schema\/logo\/image\/\"},\"sameAs\":[\"https:\/\/www.facebook.com\/belleflamme.ca\/\",\"https:\/\/www.linkedin.com\/company\/belleflamme\/\",\"https:\/\/www.pinterest.ca\/groupebelleflamme\/\",\"https:\/\/www.instagram.com\/legroupebelleflamme\/\"],\"mainEntityOfPage\":{\"@id\":\"https:\/\/staging.belleflamme.ca\/fr\/produit\/porte-dacces-simple-blaze-21-pouces-charniere-droite-verticale\/\"}}]}<\/script>\n<meta property=\"product:brand\" content=\"Blaze\" \/>\n<meta property=\"product:price:amount\" content=\"0.00\" \/>\n<meta property=\"product:price:currency\" content=\"CAD\" \/>\n<meta property=\"og:availability\" content=\"instock\" \/>\n<meta property=\"product:availability\" content=\"instock\" \/>\n<meta property=\"product:condition\" content=\"new\" \/>\n<!-- \/ Yoast SEO Premium plugin. -->","yoast_head_json":{"title":"Porte d'acc\u00e8s simple Blaze 21 pouces - Charni\u00e8re droite (verticale) - Groupe BelleFlamme","description":"Porte d'acc\u00e8s simple Blaze 21 pouces - Charni\u00e8re droite (verticale) vendu et install\u00e9 par le Groupe Belleflamme. Laval, Montr\u00e9al, Gatineau, Drummondville et Saint-Sauveur.","robots":{"index":"index","follow":"follow","max-snippet":"max-snippet:-1","max-image-preview":"max-image-preview:large","max-video-preview":"max-video-preview:-1"},"canonical":"https:\/\/staging.belleflamme.ca\/fr\/produit\/porte-dacces-simple-blaze-21-pouces-charniere-droite-verticale\/","og_locale":"fr_FR","og_type":"article","og_title":"Porte d'acc\u00e8s simple Blaze 21 pouces - Charni\u00e8re droite (verticale)","og_description":"Porte d'acc\u00e8s simple Blaze 21 pouces - Charni\u00e8re droite (verticale) vendu et install\u00e9 par le Groupe Belleflamme. Laval, Montr\u00e9al, Gatineau, Drummondville et Saint-Sauveur.","og_url":"https:\/\/staging.belleflamme.ca\/fr\/produit\/porte-dacces-simple-blaze-21-pouces-charniere-droite-verticale\/","og_site_name":"Groupe BelleFlamme","article_publisher":"https:\/\/www.facebook.com\/belleflamme.ca\/","article_modified_time":"2024-05-16T17:04:16+00:00","og_image":[{"width":1000,"height":1000,"url":"https:\/\/www.belleflamme.ca\/wp-content\/uploads\/2023\/06\/BLZ-SINGLE-2417-R-SC-1.jpg","type":"image\/jpeg"}],"twitter_card":"summary_large_image","twitter_misc":{"Prix":"","Disponibilit\u00e9":"En stock"},"schema":{"@context":"https:\/\/schema.org","@graph":[{"@type":["WebPage","ItemPage"],"@id":"https:\/\/staging.belleflamme.ca\/fr\/produit\/porte-dacces-simple-blaze-21-pouces-charniere-droite-verticale\/","url":"https:\/\/staging.belleflamme.ca\/fr\/produit\/porte-dacces-simple-blaze-21-pouces-charniere-droite-verticale\/","name":"Porte d'acc\u00e8s simple Blaze 21 pouces - Charni\u00e8re droite (verticale) - Groupe BelleFlamme","isPartOf":{"@id":"https:\/\/www.belleflamme.ca\/fr\/#website"},"primaryImageOfPage":{"@id":"https:\/\/staging.belleflamme.ca\/fr\/produit\/porte-dacces-simple-blaze-21-pouces-charniere-droite-verticale\/#primaryimage"},"image":{"@id":"https:\/\/staging.belleflamme.ca\/fr\/produit\/porte-dacces-simple-blaze-21-pouces-charniere-droite-verticale\/#primaryimage"},"thumbnailUrl":"https:\/\/staging.belleflamme.ca\/wp-content\/uploads\/2023\/06\/BLZ-SINGLE-2417-R-SC-1.jpg","datePublished":"2023-06-07T17:06:19+00:00","dateModified":"2024-05-16T17:04:16+00:00","description":"Porte d'acc\u00e8s simple Blaze 21 pouces - Charni\u00e8re droite (verticale) [get_meta_en_fr]","breadcrumb":{"@id":"https:\/\/staging.belleflamme.ca\/fr\/produit\/porte-dacces-simple-blaze-21-pouces-charniere-droite-verticale\/#breadcrumb"},"inLanguage":"fr-FR","potentialAction":[{"@type":"ReadAction","target":["https:\/\/staging.belleflamme.ca\/fr\/produit\/porte-dacces-simple-blaze-21-pouces-charniere-droite-verticale\/"]}]},{"@type":"ImageObject","inLanguage":"fr-FR","@id":"https:\/\/staging.belleflamme.ca\/fr\/produit\/porte-dacces-simple-blaze-21-pouces-charniere-droite-verticale\/#primaryimage","url":"https:\/\/staging.belleflamme.ca\/wp-content\/uploads\/2023\/06\/BLZ-SINGLE-2417-R-SC-1.jpg","contentUrl":"https:\/\/staging.belleflamme.ca\/wp-content\/uploads\/2023\/06\/BLZ-SINGLE-2417-R-SC-1.jpg","width":1000,"height":1000,"caption":"Blaze 21-Inch Single Access Door \u2013 Right Hinged (Vertical)"},{"@type":"BreadcrumbList","@id":"https:\/\/staging.belleflamme.ca\/fr\/produit\/porte-dacces-simple-blaze-21-pouces-charniere-droite-verticale\/#breadcrumb","itemListElement":[{"@type":"ListItem","position":1,"name":"Accueil","item":"https:\/\/www.belleflamme.ca\/fr\/"},{"@type":"ListItem","position":2,"name":"Boutique","item":"https:\/\/www.belleflamme.ca\/fr\/boutique\/"},{"@type":"ListItem","position":3,"name":"BBQ &amp; Produits Ext\u00e9rieurs","item":"https:\/\/staging.belleflamme.ca\/fr\/categories\/bbq-produits-exterieurs\/"},{"@type":"ListItem","position":4,"name":"Cuisine Ext\u00e9rieure","item":"https:\/\/staging.belleflamme.ca\/fr\/categories\/bbq-produits-exterieurs\/cuisine-exterieure\/"},{"@type":"ListItem","position":5,"name":"Cabinets et Modules","item":"https:\/\/staging.belleflamme.ca\/fr\/categories\/bbq-produits-exterieurs\/cuisine-exterieure\/cabinets-et-modules\/"},{"@type":"ListItem","position":6,"name":"Porte d&#8217;acc\u00e8s simple Blaze 21 pouces &#8211; Charni\u00e8re droite (verticale)"}]},{"@type":"WebSite","@id":"https:\/\/www.belleflamme.ca\/fr\/#website","url":"https:\/\/www.belleflamme.ca\/fr\/","name":"Groupe Belleflamme","description":"La m\u00e9canique du b\u00e2timent dans le sang.","publisher":{"@id":"https:\/\/www.belleflamme.ca\/fr\/#organization"},"potentialAction":[{"@type":"SearchAction","target":{"@type":"EntryPoint","urlTemplate":"https:\/\/www.belleflamme.ca\/fr\/?s={search_term_string}"},"query-input":{"@type":"PropertyValueSpecification","valueRequired":true,"valueName":"search_term_string"}}],"inLanguage":"fr-FR"},{"@type":["Organization","Place"],"@id":"https:\/\/www.belleflamme.ca\/fr\/#organization","name":"Groupe Belleflamme","alternateName":"Belleflamme","url":"https:\/\/www.belleflamme.ca\/fr\/","logo":{"@type":"ImageObject","inLanguage":"fr-FR","@id":"https:\/\/www.belleflamme.ca\/fr\/#\/schema\/logo\/image\/","url":"https:\/\/staging.belleflamme.ca\/wp-content\/uploads\/2023\/01\/og-image.jpg","contentUrl":"https:\/\/staging.belleflamme.ca\/wp-content\/uploads\/2023\/01\/og-image.jpg","width":1200,"height":630,"caption":"Groupe Belleflamme"},"image":{"@id":"https:\/\/www.belleflamme.ca\/fr\/#\/schema\/logo\/image\/"},"sameAs":["https:\/\/www.facebook.com\/belleflamme.ca\/","https:\/\/www.linkedin.com\/company\/belleflamme\/","https:\/\/www.pinterest.ca\/groupebelleflamme\/","https:\/\/www.instagram.com\/legroupebelleflamme\/"],"mainEntityOfPage":{"@id":"https:\/\/staging.belleflamme.ca\/fr\/produit\/porte-dacces-simple-blaze-21-pouces-charniere-droite-verticale\/"}}]},"product_brand":"Blaze","product_price_amount":"0.00","product_price_currency":"CAD","og_availability":"instock","product_availability":"instock","product_condition":"new"},"_links":{"self":[{"href":"https:\/\/staging.belleflamme.ca\/fr\/wp-json\/wp\/v2\/product\/15671","targetHints":{"allow":["GET"]}}],"collection":[{"href":"https:\/\/staging.belleflamme.ca\/fr\/wp-json\/wp\/v2\/product"}],"about":[{"href":"https:\/\/staging.belleflamme.ca\/fr\/wp-json\/wp\/v2\/types\/product"}],"version-history":[{"count":2,"href":"https:\/\/staging.belleflamme.ca\/fr\/wp-json\/wp\/v2\/product\/15671\/revisions"}],"predecessor-version":[{"id":38826,"href":"https:\/\/staging.belleflamme.ca\/fr\/wp-json\/wp\/v2\/product\/15671\/revisions\/38826"}],"wp:featuredmedia":[{"embeddable":true,"href":"https:\/\/staging.belleflamme.ca\/fr\/wp-json\/wp\/v2\/media\/15672"}],"wp:attachment":[{"href":"https:\/\/staging.belleflamme.ca\/fr\/wp-json\/wp\/v2\/media?parent=15671"}],"wp:term":[{"taxonomy":"product_brand","embeddable":true,"href":"https:\/\/staging.belleflamme.ca\/fr\/wp-json\/wp\/v2\/product_brand?post=15671"},{"taxonomy":"product_cat","embeddable":true,"href":"https:\/\/staging.belleflamme.ca\/fr\/wp-json\/wp\/v2\/product_cat?post=15671"},{"taxonomy":"product_tag","embeddable":true,"href":"https:\/\/staging.belleflamme.ca\/fr\/wp-json\/wp\/v2\/product_tag?post=15671"}],"curies":[{"name":"wp","href":"https:\/\/api.w.org\/{rel}","templated":true}]}}