{"id":15625,"date":"2023-06-07T11:53:41","date_gmt":"2023-06-07T15:53:41","guid":{"rendered":"https:\/\/www.belleflamme.ca\/?post_type=product&#038;p=15625"},"modified":"2024-05-16T12:41:20","modified_gmt":"2024-05-16T16:41:20","slug":"blaze-50-livres-machine-a-glacons-exterieure-de-15-pouces-avec-vidange-par-gravite","status":"publish","type":"product","link":"https:\/\/staging.belleflamme.ca\/fr\/produit\/blaze-50-livres-machine-a-glacons-exterieure-de-15-pouces-avec-vidange-par-gravite\/","title":{"rendered":"Blaze 50 livres. Machine \u00e0 gla\u00e7ons ext\u00e9rieure de 15 pouces avec vidange par gravit\u00e9"},"content":{"rendered":"<ul>\n<li>Produit jusqu&#8217;\u00e0 50 livres de glace en forme de cube par jour avec une capacit\u00e9 de stockage de 25 livres<\/li>\n<li>La cote Energy Star garantit l&#8217;efficacit\u00e9 de fonctionnement<\/li>\n<li>Le filtre \u00e0 eau en ligne et la plaque froide percolatrice assurent une production de glace propre<\/li>\n<li>Contr\u00f4le num\u00e9rique de la temp\u00e9rature dissimul\u00e9 derri\u00e8re la porte pour une protection suppl\u00e9mentaire<\/li>\n<li>L&#8217;\u00e9clairage int\u00e9rieur rend les choses faciles \u00e0 trouver et dispose d&#8217;une option d&#8217;\u00e9clairage de couleur &#8220;bleu froid&#8221;<\/li>\n<li>L&#8217;option de porte r\u00e9versible permet une ouverture de porte \u00e0 gauche ou \u00e0 droite<\/li>\n<li>Approuv\u00e9 ETL pour une utilisation en ext\u00e9rieur<\/li>\n<\/ul>\n<p>Les r\u00e9ceptions en plein air sont plus agr\u00e9ables et pratiques lorsque vous avez tout dans votre cuisine ext\u00e9rieure. Cette machine \u00e0 gla\u00e7ons ext\u00e9rieure \u00e9limine les d\u00e9placements inutiles \u00e0 l&#8217;int\u00e9rieur pour obtenir de la glace pour vos boissons. La machine \u00e0 gla\u00e7ons d&#8217;ext\u00e9rieur Blaze peut produire jusqu&#8217;\u00e0 50 livres de gla\u00e7ons par jour et peut contenir 25 livres dans son bac amovible. \u00c0 l&#8217;int\u00e9rieur de la machine \u00e0 gla\u00e7ons, une LED bleue froide illumine le contenu, ce qui rend les choses faciles \u00e0 voir. La machine \u00e0 gla\u00e7ons comprend \u00e9galement un mode d&#8217;auto-nettoyage et un fonctionnement pratique \u00e0 un bouton. La machine \u00e0 glace Blaze est \u00e9quip\u00e9e d&#8217;un filtre \u00e0 eau en ligne qui filtre les impuret\u00e9s, garantissant que la production de glace est exempte de contaminants. L&#8217;unit\u00e9 est fabriqu\u00e9e en acier inoxydable durable et dispose d&#8217;une porte r\u00e9versible pour r\u00e9pondre \u00e0 vos besoins sp\u00e9cifiques. La conception de ventilation frontale lui permet d&#8217;\u00eatre utilis\u00e9 dans une application int\u00e9gr\u00e9e, ou il peut \u00eatre utilis\u00e9 comme unit\u00e9 autonome. Le bas de la machine \u00e0 gla\u00e7ons est \u00e9quip\u00e9 de quatre pieds de nivellement pour un ajustement parfait. Il fonctionne avec le r\u00e9frig\u00e9rant R134a respectueux de l&#8217;environnement, est homologu\u00e9 Energy Star et homologu\u00e9 UL pour une utilisation en ext\u00e9rieur. Cette machine \u00e0 gla\u00e7ons comprend une pelle \u00e0 glace en acier inoxydable, une conduite de vidange et une conduite d&#8217;eau.<\/p>\n<p>Blaze garantit que ce produit est exempt de d\u00e9fauts de mat\u00e9riaux et de fabrication pendant une p\u00e9riode d&#8217;un (1) an \u00e0 compter de la date d&#8217;achat d&#8217;origine.<\/p>\n<table class=\"woocommerce-product-attributes shop_attributes\">\n<tbody>\n<tr class=\"woocommerce-product-attributes-item woocommerce-product-attributes-item--attribute_overall-dimensions\">\n<th class=\"woocommerce-product-attributes-item__label\">Dimensions<\/th>\n<td class=\"woocommerce-product-attributes-item__value\">33\u2033 H \u00d7 14\u215d\u2033 L \u00d7 24\u215e\u2033 P<\/td>\n<\/tr>\n<tr class=\"woocommerce-product-attributes-item woocommerce-product-attributes-item--attribute_cut-out-dimensions\">\n<th class=\"woocommerce-product-attributes-item__label\">Dimensions de la d\u00e9coupe<\/th>\n<td class=\"woocommerce-product-attributes-item__value\">34\u2033 H \u00d7 16\u215d\u2033 L \u00d7 27\u215d\u2033 P<\/td>\n<\/tr>\n<tr class=\"woocommerce-product-attributes-item woocommerce-product-attributes-item--attribute_warranty\">\n<th class=\"woocommerce-product-attributes-item__label\">Garantie<\/th>\n<td class=\"woocommerce-product-attributes-item__value\">1 an<\/td>\n<\/tr>\n<\/tbody>\n<\/table>\n<p>&nbsp;<\/p>\n","protected":false},"excerpt":{"rendered":"<p>Produit jusqu&#8217;\u00e0 50 livres de glace en forme de cube par jour avec une capacit\u00e9 de stockage de 25 livres La cote Energy Star garantit l&#8217;efficacit\u00e9 de fonctionnement Le filtre \u00e0 eau en ligne et la plaque froide percolatrice assurent une production de glace propre Contr\u00f4le num\u00e9rique de la temp\u00e9rature dissimul\u00e9 derri\u00e8re la porte pour [&hellip;]<\/p>\n","protected":false},"featured_media":15626,"template":"","meta":{"inline_featured_image":false},"product_brand":[346],"product_cat":[113,352,116],"product_tag":[],"class_list":{"0":"post-15625","1":"product","2":"type-product","3":"status-publish","4":"has-post-thumbnail","6":"product_brand-blaze","7":"product_cat-bbq-produits-exterieurs","8":"product_cat-cabinets-et-modules","9":"product_cat-cuisine-exterieure","11":"first","12":"instock","13":"taxable","14":"shipping-taxable","15":"product-type-simple"},"yoast_head":"<!-- This site is optimized with the Yoast SEO Premium plugin v24.2 (Yoast SEO v24.2) - https:\/\/yoast.com\/wordpress\/plugins\/seo\/ -->\n<title>Blaze 50 livres. Machine \u00e0 gla\u00e7ons ext\u00e9rieure de 15 pouces avec vidange par gravit\u00e9 - Groupe BelleFlamme<\/title>\n<meta name=\"description\" content=\"Blaze 50 livres. Machine \u00e0 gla\u00e7ons ext\u00e9rieure de 15 pouces avec vidange par gravit\u00e9 vendu et install\u00e9 par le Groupe Belleflamme. Laval, Montr\u00e9al, Gatineau, Drummondville et Saint-Sauveur.\" \/>\n<meta name=\"robots\" content=\"index, follow, max-snippet:-1, max-image-preview:large, max-video-preview:-1\" \/>\n<link rel=\"canonical\" href=\"https:\/\/staging.belleflamme.ca\/fr\/produit\/blaze-50-livres-machine-a-glacons-exterieure-de-15-pouces-avec-vidange-par-gravite\/\" \/>\n<meta property=\"og:locale\" content=\"fr_FR\" \/>\n<meta property=\"og:type\" content=\"article\" \/>\n<meta property=\"og:title\" content=\"Blaze 50 livres. Machine \u00e0 gla\u00e7ons ext\u00e9rieure de 15 pouces avec vidange par gravit\u00e9\" \/>\n<meta property=\"og:description\" content=\"Blaze 50 livres. Machine \u00e0 gla\u00e7ons ext\u00e9rieure de 15 pouces avec vidange par gravit\u00e9 vendu et install\u00e9 par le Groupe Belleflamme. Laval, Montr\u00e9al, Gatineau, Drummondville et Saint-Sauveur.\" \/>\n<meta property=\"og:url\" content=\"https:\/\/staging.belleflamme.ca\/fr\/produit\/blaze-50-livres-machine-a-glacons-exterieure-de-15-pouces-avec-vidange-par-gravite\/\" \/>\n<meta property=\"og:site_name\" content=\"Groupe BelleFlamme\" \/>\n<meta property=\"article:publisher\" content=\"https:\/\/www.facebook.com\/belleflamme.ca\/\" \/>\n<meta property=\"article:modified_time\" content=\"2024-05-16T16:41:20+00:00\" \/>\n<meta property=\"og:image\" content=\"https:\/\/www.belleflamme.ca\/wp-content\/uploads\/2023\/06\/Machine-a-glacons-exterieure-de-15-pouces-avec-vidange-par-gravite.webp\" \/>\n\t<meta property=\"og:image:width\" content=\"600\" \/>\n\t<meta property=\"og:image:height\" content=\"600\" \/>\n\t<meta property=\"og:image:type\" content=\"image\/webp\" \/>\n<meta name=\"twitter:card\" content=\"summary_large_image\" \/>\n<meta name=\"twitter:label1\" content=\"Prix\" \/>\n\t<meta name=\"twitter:data1\" content=\"\" \/>\n\t<meta name=\"twitter:label2\" content=\"Disponibilit\u00e9\" \/>\n\t<meta name=\"twitter:data2\" content=\"En stock\" \/>\n<script type=\"application\/ld+json\" class=\"yoast-schema-graph\">{\"@context\":\"https:\/\/schema.org\",\"@graph\":[{\"@type\":[\"WebPage\",\"ItemPage\"],\"@id\":\"https:\/\/staging.belleflamme.ca\/fr\/produit\/blaze-50-livres-machine-a-glacons-exterieure-de-15-pouces-avec-vidange-par-gravite\/\",\"url\":\"https:\/\/staging.belleflamme.ca\/fr\/produit\/blaze-50-livres-machine-a-glacons-exterieure-de-15-pouces-avec-vidange-par-gravite\/\",\"name\":\"Blaze 50 livres. Machine \u00e0 gla\u00e7ons ext\u00e9rieure de 15 pouces avec vidange par gravit\u00e9 - Groupe BelleFlamme\",\"isPartOf\":{\"@id\":\"https:\/\/www.belleflamme.ca\/fr\/#website\"},\"primaryImageOfPage\":{\"@id\":\"https:\/\/staging.belleflamme.ca\/fr\/produit\/blaze-50-livres-machine-a-glacons-exterieure-de-15-pouces-avec-vidange-par-gravite\/#primaryimage\"},\"image\":{\"@id\":\"https:\/\/staging.belleflamme.ca\/fr\/produit\/blaze-50-livres-machine-a-glacons-exterieure-de-15-pouces-avec-vidange-par-gravite\/#primaryimage\"},\"thumbnailUrl\":\"https:\/\/staging.belleflamme.ca\/wp-content\/uploads\/2023\/06\/Machine-a-glacons-exterieure-de-15-pouces-avec-vidange-par-gravite.webp\",\"datePublished\":\"2023-06-07T15:53:41+00:00\",\"dateModified\":\"2024-05-16T16:41:20+00:00\",\"description\":\"Blaze 50 livres. Machine \u00e0 gla\u00e7ons ext\u00e9rieure de 15 pouces avec vidange par gravit\u00e9 [get_meta_en_fr]\",\"breadcrumb\":{\"@id\":\"https:\/\/staging.belleflamme.ca\/fr\/produit\/blaze-50-livres-machine-a-glacons-exterieure-de-15-pouces-avec-vidange-par-gravite\/#breadcrumb\"},\"inLanguage\":\"fr-FR\",\"potentialAction\":[{\"@type\":\"ReadAction\",\"target\":[\"https:\/\/staging.belleflamme.ca\/fr\/produit\/blaze-50-livres-machine-a-glacons-exterieure-de-15-pouces-avec-vidange-par-gravite\/\"]}]},{\"@type\":\"ImageObject\",\"inLanguage\":\"fr-FR\",\"@id\":\"https:\/\/staging.belleflamme.ca\/fr\/produit\/blaze-50-livres-machine-a-glacons-exterieure-de-15-pouces-avec-vidange-par-gravite\/#primaryimage\",\"url\":\"https:\/\/staging.belleflamme.ca\/wp-content\/uploads\/2023\/06\/Machine-a-glacons-exterieure-de-15-pouces-avec-vidange-par-gravite.webp\",\"contentUrl\":\"https:\/\/staging.belleflamme.ca\/wp-content\/uploads\/2023\/06\/Machine-a-glacons-exterieure-de-15-pouces-avec-vidange-par-gravite.webp\",\"width\":600,\"height\":600,\"caption\":\"Machine \u00e0 gla\u00e7ons ext\u00e9rieure de 15 pouces avec vidange par gravit\u00e9\"},{\"@type\":\"BreadcrumbList\",\"@id\":\"https:\/\/staging.belleflamme.ca\/fr\/produit\/blaze-50-livres-machine-a-glacons-exterieure-de-15-pouces-avec-vidange-par-gravite\/#breadcrumb\",\"itemListElement\":[{\"@type\":\"ListItem\",\"position\":1,\"name\":\"Accueil\",\"item\":\"https:\/\/www.belleflamme.ca\/fr\/\"},{\"@type\":\"ListItem\",\"position\":2,\"name\":\"Boutique\",\"item\":\"https:\/\/www.belleflamme.ca\/fr\/boutique\/\"},{\"@type\":\"ListItem\",\"position\":3,\"name\":\"BBQ &amp; Produits Ext\u00e9rieurs\",\"item\":\"https:\/\/staging.belleflamme.ca\/fr\/categories\/bbq-produits-exterieurs\/\"},{\"@type\":\"ListItem\",\"position\":4,\"name\":\"Cuisine Ext\u00e9rieure\",\"item\":\"https:\/\/staging.belleflamme.ca\/fr\/categories\/bbq-produits-exterieurs\/cuisine-exterieure\/\"},{\"@type\":\"ListItem\",\"position\":5,\"name\":\"Cabinets et Modules\",\"item\":\"https:\/\/staging.belleflamme.ca\/fr\/categories\/bbq-produits-exterieurs\/cuisine-exterieure\/cabinets-et-modules\/\"},{\"@type\":\"ListItem\",\"position\":6,\"name\":\"Blaze 50 livres. Machine \u00e0 gla\u00e7ons ext\u00e9rieure de 15 pouces avec vidange par gravit\u00e9\"}]},{\"@type\":\"WebSite\",\"@id\":\"https:\/\/www.belleflamme.ca\/fr\/#website\",\"url\":\"https:\/\/www.belleflamme.ca\/fr\/\",\"name\":\"Groupe Belleflamme\",\"description\":\"La m\u00e9canique du b\u00e2timent dans le sang.\",\"publisher\":{\"@id\":\"https:\/\/www.belleflamme.ca\/fr\/#organization\"},\"potentialAction\":[{\"@type\":\"SearchAction\",\"target\":{\"@type\":\"EntryPoint\",\"urlTemplate\":\"https:\/\/www.belleflamme.ca\/fr\/?s={search_term_string}\"},\"query-input\":{\"@type\":\"PropertyValueSpecification\",\"valueRequired\":true,\"valueName\":\"search_term_string\"}}],\"inLanguage\":\"fr-FR\"},{\"@type\":[\"Organization\",\"Place\"],\"@id\":\"https:\/\/www.belleflamme.ca\/fr\/#organization\",\"name\":\"Groupe Belleflamme\",\"alternateName\":\"Belleflamme\",\"url\":\"https:\/\/www.belleflamme.ca\/fr\/\",\"logo\":{\"@type\":\"ImageObject\",\"inLanguage\":\"fr-FR\",\"@id\":\"https:\/\/www.belleflamme.ca\/fr\/#\/schema\/logo\/image\/\",\"url\":\"https:\/\/staging.belleflamme.ca\/wp-content\/uploads\/2023\/01\/og-image.jpg\",\"contentUrl\":\"https:\/\/staging.belleflamme.ca\/wp-content\/uploads\/2023\/01\/og-image.jpg\",\"width\":1200,\"height\":630,\"caption\":\"Groupe Belleflamme\"},\"image\":{\"@id\":\"https:\/\/www.belleflamme.ca\/fr\/#\/schema\/logo\/image\/\"},\"sameAs\":[\"https:\/\/www.facebook.com\/belleflamme.ca\/\",\"https:\/\/www.linkedin.com\/company\/belleflamme\/\",\"https:\/\/www.pinterest.ca\/groupebelleflamme\/\",\"https:\/\/www.instagram.com\/legroupebelleflamme\/\"],\"mainEntityOfPage\":{\"@id\":\"https:\/\/staging.belleflamme.ca\/fr\/produit\/blaze-50-livres-machine-a-glacons-exterieure-de-15-pouces-avec-vidange-par-gravite\/\"}}]}<\/script>\n<meta property=\"product:brand\" content=\"Blaze\" \/>\n<meta property=\"product:price:amount\" content=\"0.00\" \/>\n<meta property=\"product:price:currency\" content=\"CAD\" \/>\n<meta property=\"og:availability\" content=\"instock\" \/>\n<meta property=\"product:availability\" content=\"instock\" \/>\n<meta property=\"product:condition\" content=\"new\" \/>\n<!-- \/ Yoast SEO Premium plugin. -->","yoast_head_json":{"title":"Blaze 50 livres. Machine \u00e0 gla\u00e7ons ext\u00e9rieure de 15 pouces avec vidange par gravit\u00e9 - Groupe BelleFlamme","description":"Blaze 50 livres. Machine \u00e0 gla\u00e7ons ext\u00e9rieure de 15 pouces avec vidange par gravit\u00e9 vendu et install\u00e9 par le Groupe Belleflamme. Laval, Montr\u00e9al, Gatineau, Drummondville et Saint-Sauveur.","robots":{"index":"index","follow":"follow","max-snippet":"max-snippet:-1","max-image-preview":"max-image-preview:large","max-video-preview":"max-video-preview:-1"},"canonical":"https:\/\/staging.belleflamme.ca\/fr\/produit\/blaze-50-livres-machine-a-glacons-exterieure-de-15-pouces-avec-vidange-par-gravite\/","og_locale":"fr_FR","og_type":"article","og_title":"Blaze 50 livres. Machine \u00e0 gla\u00e7ons ext\u00e9rieure de 15 pouces avec vidange par gravit\u00e9","og_description":"Blaze 50 livres. Machine \u00e0 gla\u00e7ons ext\u00e9rieure de 15 pouces avec vidange par gravit\u00e9 vendu et install\u00e9 par le Groupe Belleflamme. Laval, Montr\u00e9al, Gatineau, Drummondville et Saint-Sauveur.","og_url":"https:\/\/staging.belleflamme.ca\/fr\/produit\/blaze-50-livres-machine-a-glacons-exterieure-de-15-pouces-avec-vidange-par-gravite\/","og_site_name":"Groupe BelleFlamme","article_publisher":"https:\/\/www.facebook.com\/belleflamme.ca\/","article_modified_time":"2024-05-16T16:41:20+00:00","og_image":[{"width":600,"height":600,"url":"https:\/\/www.belleflamme.ca\/wp-content\/uploads\/2023\/06\/Machine-a-glacons-exterieure-de-15-pouces-avec-vidange-par-gravite.webp","type":"image\/webp"}],"twitter_card":"summary_large_image","twitter_misc":{"Prix":"","Disponibilit\u00e9":"En stock"},"schema":{"@context":"https:\/\/schema.org","@graph":[{"@type":["WebPage","ItemPage"],"@id":"https:\/\/staging.belleflamme.ca\/fr\/produit\/blaze-50-livres-machine-a-glacons-exterieure-de-15-pouces-avec-vidange-par-gravite\/","url":"https:\/\/staging.belleflamme.ca\/fr\/produit\/blaze-50-livres-machine-a-glacons-exterieure-de-15-pouces-avec-vidange-par-gravite\/","name":"Blaze 50 livres. Machine \u00e0 gla\u00e7ons ext\u00e9rieure de 15 pouces avec vidange par gravit\u00e9 - Groupe BelleFlamme","isPartOf":{"@id":"https:\/\/www.belleflamme.ca\/fr\/#website"},"primaryImageOfPage":{"@id":"https:\/\/staging.belleflamme.ca\/fr\/produit\/blaze-50-livres-machine-a-glacons-exterieure-de-15-pouces-avec-vidange-par-gravite\/#primaryimage"},"image":{"@id":"https:\/\/staging.belleflamme.ca\/fr\/produit\/blaze-50-livres-machine-a-glacons-exterieure-de-15-pouces-avec-vidange-par-gravite\/#primaryimage"},"thumbnailUrl":"https:\/\/staging.belleflamme.ca\/wp-content\/uploads\/2023\/06\/Machine-a-glacons-exterieure-de-15-pouces-avec-vidange-par-gravite.webp","datePublished":"2023-06-07T15:53:41+00:00","dateModified":"2024-05-16T16:41:20+00:00","description":"Blaze 50 livres. Machine \u00e0 gla\u00e7ons ext\u00e9rieure de 15 pouces avec vidange par gravit\u00e9 [get_meta_en_fr]","breadcrumb":{"@id":"https:\/\/staging.belleflamme.ca\/fr\/produit\/blaze-50-livres-machine-a-glacons-exterieure-de-15-pouces-avec-vidange-par-gravite\/#breadcrumb"},"inLanguage":"fr-FR","potentialAction":[{"@type":"ReadAction","target":["https:\/\/staging.belleflamme.ca\/fr\/produit\/blaze-50-livres-machine-a-glacons-exterieure-de-15-pouces-avec-vidange-par-gravite\/"]}]},{"@type":"ImageObject","inLanguage":"fr-FR","@id":"https:\/\/staging.belleflamme.ca\/fr\/produit\/blaze-50-livres-machine-a-glacons-exterieure-de-15-pouces-avec-vidange-par-gravite\/#primaryimage","url":"https:\/\/staging.belleflamme.ca\/wp-content\/uploads\/2023\/06\/Machine-a-glacons-exterieure-de-15-pouces-avec-vidange-par-gravite.webp","contentUrl":"https:\/\/staging.belleflamme.ca\/wp-content\/uploads\/2023\/06\/Machine-a-glacons-exterieure-de-15-pouces-avec-vidange-par-gravite.webp","width":600,"height":600,"caption":"Machine \u00e0 gla\u00e7ons ext\u00e9rieure de 15 pouces avec vidange par gravit\u00e9"},{"@type":"BreadcrumbList","@id":"https:\/\/staging.belleflamme.ca\/fr\/produit\/blaze-50-livres-machine-a-glacons-exterieure-de-15-pouces-avec-vidange-par-gravite\/#breadcrumb","itemListElement":[{"@type":"ListItem","position":1,"name":"Accueil","item":"https:\/\/www.belleflamme.ca\/fr\/"},{"@type":"ListItem","position":2,"name":"Boutique","item":"https:\/\/www.belleflamme.ca\/fr\/boutique\/"},{"@type":"ListItem","position":3,"name":"BBQ &amp; Produits Ext\u00e9rieurs","item":"https:\/\/staging.belleflamme.ca\/fr\/categories\/bbq-produits-exterieurs\/"},{"@type":"ListItem","position":4,"name":"Cuisine Ext\u00e9rieure","item":"https:\/\/staging.belleflamme.ca\/fr\/categories\/bbq-produits-exterieurs\/cuisine-exterieure\/"},{"@type":"ListItem","position":5,"name":"Cabinets et Modules","item":"https:\/\/staging.belleflamme.ca\/fr\/categories\/bbq-produits-exterieurs\/cuisine-exterieure\/cabinets-et-modules\/"},{"@type":"ListItem","position":6,"name":"Blaze 50 livres. Machine \u00e0 gla\u00e7ons ext\u00e9rieure de 15 pouces avec vidange par gravit\u00e9"}]},{"@type":"WebSite","@id":"https:\/\/www.belleflamme.ca\/fr\/#website","url":"https:\/\/www.belleflamme.ca\/fr\/","name":"Groupe Belleflamme","description":"La m\u00e9canique du b\u00e2timent dans le sang.","publisher":{"@id":"https:\/\/www.belleflamme.ca\/fr\/#organization"},"potentialAction":[{"@type":"SearchAction","target":{"@type":"EntryPoint","urlTemplate":"https:\/\/www.belleflamme.ca\/fr\/?s={search_term_string}"},"query-input":{"@type":"PropertyValueSpecification","valueRequired":true,"valueName":"search_term_string"}}],"inLanguage":"fr-FR"},{"@type":["Organization","Place"],"@id":"https:\/\/www.belleflamme.ca\/fr\/#organization","name":"Groupe Belleflamme","alternateName":"Belleflamme","url":"https:\/\/www.belleflamme.ca\/fr\/","logo":{"@type":"ImageObject","inLanguage":"fr-FR","@id":"https:\/\/www.belleflamme.ca\/fr\/#\/schema\/logo\/image\/","url":"https:\/\/staging.belleflamme.ca\/wp-content\/uploads\/2023\/01\/og-image.jpg","contentUrl":"https:\/\/staging.belleflamme.ca\/wp-content\/uploads\/2023\/01\/og-image.jpg","width":1200,"height":630,"caption":"Groupe Belleflamme"},"image":{"@id":"https:\/\/www.belleflamme.ca\/fr\/#\/schema\/logo\/image\/"},"sameAs":["https:\/\/www.facebook.com\/belleflamme.ca\/","https:\/\/www.linkedin.com\/company\/belleflamme\/","https:\/\/www.pinterest.ca\/groupebelleflamme\/","https:\/\/www.instagram.com\/legroupebelleflamme\/"],"mainEntityOfPage":{"@id":"https:\/\/staging.belleflamme.ca\/fr\/produit\/blaze-50-livres-machine-a-glacons-exterieure-de-15-pouces-avec-vidange-par-gravite\/"}}]},"product_brand":"Blaze","product_price_amount":"0.00","product_price_currency":"CAD","og_availability":"instock","product_availability":"instock","product_condition":"new"},"_links":{"self":[{"href":"https:\/\/staging.belleflamme.ca\/fr\/wp-json\/wp\/v2\/product\/15625","targetHints":{"allow":["GET"]}}],"collection":[{"href":"https:\/\/staging.belleflamme.ca\/fr\/wp-json\/wp\/v2\/product"}],"about":[{"href":"https:\/\/staging.belleflamme.ca\/fr\/wp-json\/wp\/v2\/types\/product"}],"version-history":[{"count":2,"href":"https:\/\/staging.belleflamme.ca\/fr\/wp-json\/wp\/v2\/product\/15625\/revisions"}],"predecessor-version":[{"id":38797,"href":"https:\/\/staging.belleflamme.ca\/fr\/wp-json\/wp\/v2\/product\/15625\/revisions\/38797"}],"wp:featuredmedia":[{"embeddable":true,"href":"https:\/\/staging.belleflamme.ca\/fr\/wp-json\/wp\/v2\/media\/15626"}],"wp:attachment":[{"href":"https:\/\/staging.belleflamme.ca\/fr\/wp-json\/wp\/v2\/media?parent=15625"}],"wp:term":[{"taxonomy":"product_brand","embeddable":true,"href":"https:\/\/staging.belleflamme.ca\/fr\/wp-json\/wp\/v2\/product_brand?post=15625"},{"taxonomy":"product_cat","embeddable":true,"href":"https:\/\/staging.belleflamme.ca\/fr\/wp-json\/wp\/v2\/product_cat?post=15625"},{"taxonomy":"product_tag","embeddable":true,"href":"https:\/\/staging.belleflamme.ca\/fr\/wp-json\/wp\/v2\/product_tag?post=15625"}],"curies":[{"name":"wp","href":"https:\/\/api.w.org\/{rel}","templated":true}]}}