{"id":15608,"date":"2023-06-07T11:33:32","date_gmt":"2023-06-07T15:33:32","guid":{"rendered":"https:\/\/www.belleflamme.ca\/?post_type=product&#038;p=15608"},"modified":"2024-05-16T13:05:12","modified_gmt":"2024-05-16T17:05:12","slug":"refrigerateur-compact-dexterieur-blaze-de-20-pouces","status":"publish","type":"product","link":"https:\/\/staging.belleflamme.ca\/fr\/produit\/refrigerateur-compact-dexterieur-blaze-de-20-pouces\/","title":{"rendered":"R\u00e9frig\u00e9rateur compact d&#8217;ext\u00e9rieur Blaze de 20 pouces"},"content":{"rendered":"<ul>\n<li>L&#8217;int\u00e9rieur du r\u00e9frig\u00e9rateur est \u00e9clair\u00e9 par des lumi\u00e8res LED blanches pour vous donner toujours une vue claire de son contenu.<\/li>\n<li>Le contr\u00f4le du thermostat \u00e0 cadran vous permet de contr\u00f4ler la temp\u00e9rature de vos aliments et de vos boissons<\/li>\n<li>Blaze offre une garantie limit\u00e9e d&#8217;un an en plus d&#8217;un excellent service client pour votre commodit\u00e9<\/li>\n<li>La conception compacte et peu encombrante s&#8217;int\u00e8gre m\u00eame dans les espaces les plus petits, ce qui permet une r\u00e9frig\u00e9ration de qualit\u00e9 sup\u00e9rieure n&#8217;importe o\u00f9<\/li>\n<\/ul>\n<p>Ce r\u00e9frig\u00e9rateur compact d&#8217;ext\u00e9rieur Blaze 20\u2033 a une conception peu encombrante qui apporte un refroidissement de qualit\u00e9 sup\u00e9rieure m\u00eame dans les plus petits espaces. Le r\u00e9frig\u00e9rateur de 4,4 cu. L&#8217;int\u00e9rieur de 50 pi est \u00e9clair\u00e9 par un \u00e9clairage \u00e0 DEL blanc pour vous donner une vue claire de son contenu, m\u00eame apr\u00e8s le coucher du soleil. Id\u00e9al pour conserver les boissons et pour garder les aliments au frais avant de les griller. La garantie limit\u00e9e d&#8217;un an de Blaze est soutenue par le meilleur service client de sa cat\u00e9gorie. Vous m\u00e9ritez un r\u00e9frig\u00e9rateur compact d&#8217;ext\u00e9rieur qui fera passer votre \u00eelot barbecue au niveau sup\u00e9rieur\u00a0!<\/p>\n<p>&nbsp;<\/p>\n<table class=\"woocommerce-product-attributes shop_attributes\">\n<tbody>\n<tr class=\"woocommerce-product-attributes-item woocommerce-product-attributes-item--attribute_overall-dimensions\">\n<th class=\"woocommerce-product-attributes-item__label\">Dimensions<\/th>\n<td class=\"woocommerce-product-attributes-item__value\">32\u00be\u2033 H \u00d7 20.69\u2033 L \u00d7 20.88\u2033 P<\/td>\n<\/tr>\n<tr class=\"woocommerce-product-attributes-item woocommerce-product-attributes-item--attribute_cut-out-dimensions\">\n<th class=\"woocommerce-product-attributes-item__label\">Dimensions de d\u00e9coupe<\/th>\n<td class=\"woocommerce-product-attributes-item__value\">34\u00bc\u2033 H \u00d7 22 9\/16\u2033 L \u00d7 24\u2033 P<\/td>\n<\/tr>\n<\/tbody>\n<\/table>\n","protected":false},"excerpt":{"rendered":"<p>L&#8217;int\u00e9rieur du r\u00e9frig\u00e9rateur est \u00e9clair\u00e9 par des lumi\u00e8res LED blanches pour vous donner toujours une vue claire de son contenu. Le contr\u00f4le du thermostat \u00e0 cadran vous permet de contr\u00f4ler la temp\u00e9rature de vos aliments et de vos boissons Blaze offre une garantie limit\u00e9e d&#8217;un an en plus d&#8217;un excellent service client pour votre commodit\u00e9 [&hellip;]<\/p>\n","protected":false},"featured_media":15610,"template":"","meta":{"inline_featured_image":false},"product_brand":[346],"product_cat":[113,352,116],"product_tag":[],"class_list":{"0":"post-15608","1":"product","2":"type-product","3":"status-publish","4":"has-post-thumbnail","6":"product_brand-blaze","7":"product_cat-bbq-produits-exterieurs","8":"product_cat-cabinets-et-modules","9":"product_cat-cuisine-exterieure","11":"first","12":"instock","13":"taxable","14":"shipping-taxable","15":"product-type-simple"},"yoast_head":"<!-- This site is optimized with the Yoast SEO Premium plugin v24.2 (Yoast SEO v24.2) - https:\/\/yoast.com\/wordpress\/plugins\/seo\/ -->\n<title>R\u00e9frig\u00e9rateur compact d&#039;ext\u00e9rieur Blaze de 20 pouces - Groupe BelleFlamme<\/title>\n<meta name=\"description\" content=\"R\u00e9frig\u00e9rateur compact d&#039;ext\u00e9rieur Blaze de 20 pouces vendu et install\u00e9 par le Groupe Belleflamme. Laval, Montr\u00e9al, Gatineau, Drummondville et Saint-Sauveur.\" \/>\n<meta name=\"robots\" content=\"index, follow, max-snippet:-1, max-image-preview:large, max-video-preview:-1\" \/>\n<link rel=\"canonical\" href=\"https:\/\/staging.belleflamme.ca\/fr\/produit\/refrigerateur-compact-dexterieur-blaze-de-20-pouces\/\" \/>\n<meta property=\"og:locale\" content=\"fr_FR\" \/>\n<meta property=\"og:type\" content=\"article\" \/>\n<meta property=\"og:title\" content=\"R\u00e9frig\u00e9rateur compact d&#039;ext\u00e9rieur Blaze de 20 pouces\" \/>\n<meta property=\"og:description\" content=\"R\u00e9frig\u00e9rateur compact d&#039;ext\u00e9rieur Blaze de 20 pouces vendu et install\u00e9 par le Groupe Belleflamme. Laval, Montr\u00e9al, Gatineau, Drummondville et Saint-Sauveur.\" \/>\n<meta property=\"og:url\" content=\"https:\/\/staging.belleflamme.ca\/fr\/produit\/refrigerateur-compact-dexterieur-blaze-de-20-pouces\/\" \/>\n<meta property=\"og:site_name\" content=\"Groupe BelleFlamme\" \/>\n<meta property=\"article:publisher\" content=\"https:\/\/www.facebook.com\/belleflamme.ca\/\" \/>\n<meta property=\"article:modified_time\" content=\"2024-05-16T17:05:12+00:00\" \/>\n<meta property=\"og:image\" content=\"https:\/\/www.belleflamme.ca\/wp-content\/uploads\/2023\/06\/Refrigerateur-compact-dexterieur-Blaze-de-20-pouces.webp\" \/>\n\t<meta property=\"og:image:width\" content=\"600\" \/>\n\t<meta property=\"og:image:height\" content=\"600\" \/>\n\t<meta property=\"og:image:type\" content=\"image\/webp\" \/>\n<meta name=\"twitter:card\" content=\"summary_large_image\" \/>\n<meta name=\"twitter:label1\" content=\"Prix\" \/>\n\t<meta name=\"twitter:data1\" content=\"\" \/>\n\t<meta name=\"twitter:label2\" content=\"Disponibilit\u00e9\" \/>\n\t<meta name=\"twitter:data2\" content=\"En stock\" \/>\n<script type=\"application\/ld+json\" class=\"yoast-schema-graph\">{\"@context\":\"https:\/\/schema.org\",\"@graph\":[{\"@type\":[\"WebPage\",\"ItemPage\"],\"@id\":\"https:\/\/staging.belleflamme.ca\/fr\/produit\/refrigerateur-compact-dexterieur-blaze-de-20-pouces\/\",\"url\":\"https:\/\/staging.belleflamme.ca\/fr\/produit\/refrigerateur-compact-dexterieur-blaze-de-20-pouces\/\",\"name\":\"R\u00e9frig\u00e9rateur compact d'ext\u00e9rieur Blaze de 20 pouces - Groupe BelleFlamme\",\"isPartOf\":{\"@id\":\"https:\/\/www.belleflamme.ca\/fr\/#website\"},\"primaryImageOfPage\":{\"@id\":\"https:\/\/staging.belleflamme.ca\/fr\/produit\/refrigerateur-compact-dexterieur-blaze-de-20-pouces\/#primaryimage\"},\"image\":{\"@id\":\"https:\/\/staging.belleflamme.ca\/fr\/produit\/refrigerateur-compact-dexterieur-blaze-de-20-pouces\/#primaryimage\"},\"thumbnailUrl\":\"https:\/\/staging.belleflamme.ca\/wp-content\/uploads\/2023\/06\/Refrigerateur-compact-dexterieur-Blaze-de-20-pouces.webp\",\"datePublished\":\"2023-06-07T15:33:32+00:00\",\"dateModified\":\"2024-05-16T17:05:12+00:00\",\"description\":\"R\u00e9frig\u00e9rateur compact d'ext\u00e9rieur Blaze de 20 pouces [get_meta_en_fr]\",\"breadcrumb\":{\"@id\":\"https:\/\/staging.belleflamme.ca\/fr\/produit\/refrigerateur-compact-dexterieur-blaze-de-20-pouces\/#breadcrumb\"},\"inLanguage\":\"fr-FR\",\"potentialAction\":[{\"@type\":\"ReadAction\",\"target\":[\"https:\/\/staging.belleflamme.ca\/fr\/produit\/refrigerateur-compact-dexterieur-blaze-de-20-pouces\/\"]}]},{\"@type\":\"ImageObject\",\"inLanguage\":\"fr-FR\",\"@id\":\"https:\/\/staging.belleflamme.ca\/fr\/produit\/refrigerateur-compact-dexterieur-blaze-de-20-pouces\/#primaryimage\",\"url\":\"https:\/\/staging.belleflamme.ca\/wp-content\/uploads\/2023\/06\/Refrigerateur-compact-dexterieur-Blaze-de-20-pouces.webp\",\"contentUrl\":\"https:\/\/staging.belleflamme.ca\/wp-content\/uploads\/2023\/06\/Refrigerateur-compact-dexterieur-Blaze-de-20-pouces.webp\",\"width\":600,\"height\":600,\"caption\":\"R\u00e9frig\u00e9rateur compact d'ext\u00e9rieur Blaze de 20 pouces\"},{\"@type\":\"BreadcrumbList\",\"@id\":\"https:\/\/staging.belleflamme.ca\/fr\/produit\/refrigerateur-compact-dexterieur-blaze-de-20-pouces\/#breadcrumb\",\"itemListElement\":[{\"@type\":\"ListItem\",\"position\":1,\"name\":\"Accueil\",\"item\":\"https:\/\/www.belleflamme.ca\/fr\/\"},{\"@type\":\"ListItem\",\"position\":2,\"name\":\"Boutique\",\"item\":\"https:\/\/www.belleflamme.ca\/fr\/boutique\/\"},{\"@type\":\"ListItem\",\"position\":3,\"name\":\"BBQ &amp; Produits Ext\u00e9rieurs\",\"item\":\"https:\/\/staging.belleflamme.ca\/fr\/categories\/bbq-produits-exterieurs\/\"},{\"@type\":\"ListItem\",\"position\":4,\"name\":\"Cuisine Ext\u00e9rieure\",\"item\":\"https:\/\/staging.belleflamme.ca\/fr\/categories\/bbq-produits-exterieurs\/cuisine-exterieure\/\"},{\"@type\":\"ListItem\",\"position\":5,\"name\":\"Cabinets et Modules\",\"item\":\"https:\/\/staging.belleflamme.ca\/fr\/categories\/bbq-produits-exterieurs\/cuisine-exterieure\/cabinets-et-modules\/\"},{\"@type\":\"ListItem\",\"position\":6,\"name\":\"R\u00e9frig\u00e9rateur compact d&#8217;ext\u00e9rieur Blaze de 20 pouces\"}]},{\"@type\":\"WebSite\",\"@id\":\"https:\/\/www.belleflamme.ca\/fr\/#website\",\"url\":\"https:\/\/www.belleflamme.ca\/fr\/\",\"name\":\"Groupe Belleflamme\",\"description\":\"La m\u00e9canique du b\u00e2timent dans le sang.\",\"publisher\":{\"@id\":\"https:\/\/www.belleflamme.ca\/fr\/#organization\"},\"potentialAction\":[{\"@type\":\"SearchAction\",\"target\":{\"@type\":\"EntryPoint\",\"urlTemplate\":\"https:\/\/www.belleflamme.ca\/fr\/?s={search_term_string}\"},\"query-input\":{\"@type\":\"PropertyValueSpecification\",\"valueRequired\":true,\"valueName\":\"search_term_string\"}}],\"inLanguage\":\"fr-FR\"},{\"@type\":[\"Organization\",\"Place\"],\"@id\":\"https:\/\/www.belleflamme.ca\/fr\/#organization\",\"name\":\"Groupe Belleflamme\",\"alternateName\":\"Belleflamme\",\"url\":\"https:\/\/www.belleflamme.ca\/fr\/\",\"logo\":{\"@type\":\"ImageObject\",\"inLanguage\":\"fr-FR\",\"@id\":\"https:\/\/www.belleflamme.ca\/fr\/#\/schema\/logo\/image\/\",\"url\":\"https:\/\/staging.belleflamme.ca\/wp-content\/uploads\/2023\/01\/og-image.jpg\",\"contentUrl\":\"https:\/\/staging.belleflamme.ca\/wp-content\/uploads\/2023\/01\/og-image.jpg\",\"width\":1200,\"height\":630,\"caption\":\"Groupe Belleflamme\"},\"image\":{\"@id\":\"https:\/\/www.belleflamme.ca\/fr\/#\/schema\/logo\/image\/\"},\"sameAs\":[\"https:\/\/www.facebook.com\/belleflamme.ca\/\",\"https:\/\/www.linkedin.com\/company\/belleflamme\/\",\"https:\/\/www.pinterest.ca\/groupebelleflamme\/\",\"https:\/\/www.instagram.com\/legroupebelleflamme\/\"],\"mainEntityOfPage\":{\"@id\":\"https:\/\/staging.belleflamme.ca\/fr\/produit\/refrigerateur-compact-dexterieur-blaze-de-20-pouces\/\"}}]}<\/script>\n<meta property=\"product:brand\" content=\"Blaze\" \/>\n<meta property=\"product:price:amount\" content=\"0.00\" \/>\n<meta property=\"product:price:currency\" content=\"CAD\" \/>\n<meta property=\"og:availability\" content=\"instock\" \/>\n<meta property=\"product:availability\" content=\"instock\" \/>\n<meta property=\"product:condition\" content=\"new\" \/>\n<!-- \/ Yoast SEO Premium plugin. -->","yoast_head_json":{"title":"R\u00e9frig\u00e9rateur compact d'ext\u00e9rieur Blaze de 20 pouces - Groupe BelleFlamme","description":"R\u00e9frig\u00e9rateur compact d'ext\u00e9rieur Blaze de 20 pouces vendu et install\u00e9 par le Groupe Belleflamme. Laval, Montr\u00e9al, Gatineau, Drummondville et Saint-Sauveur.","robots":{"index":"index","follow":"follow","max-snippet":"max-snippet:-1","max-image-preview":"max-image-preview:large","max-video-preview":"max-video-preview:-1"},"canonical":"https:\/\/staging.belleflamme.ca\/fr\/produit\/refrigerateur-compact-dexterieur-blaze-de-20-pouces\/","og_locale":"fr_FR","og_type":"article","og_title":"R\u00e9frig\u00e9rateur compact d'ext\u00e9rieur Blaze de 20 pouces","og_description":"R\u00e9frig\u00e9rateur compact d'ext\u00e9rieur Blaze de 20 pouces vendu et install\u00e9 par le Groupe Belleflamme. Laval, Montr\u00e9al, Gatineau, Drummondville et Saint-Sauveur.","og_url":"https:\/\/staging.belleflamme.ca\/fr\/produit\/refrigerateur-compact-dexterieur-blaze-de-20-pouces\/","og_site_name":"Groupe BelleFlamme","article_publisher":"https:\/\/www.facebook.com\/belleflamme.ca\/","article_modified_time":"2024-05-16T17:05:12+00:00","og_image":[{"width":600,"height":600,"url":"https:\/\/www.belleflamme.ca\/wp-content\/uploads\/2023\/06\/Refrigerateur-compact-dexterieur-Blaze-de-20-pouces.webp","type":"image\/webp"}],"twitter_card":"summary_large_image","twitter_misc":{"Prix":"","Disponibilit\u00e9":"En stock"},"schema":{"@context":"https:\/\/schema.org","@graph":[{"@type":["WebPage","ItemPage"],"@id":"https:\/\/staging.belleflamme.ca\/fr\/produit\/refrigerateur-compact-dexterieur-blaze-de-20-pouces\/","url":"https:\/\/staging.belleflamme.ca\/fr\/produit\/refrigerateur-compact-dexterieur-blaze-de-20-pouces\/","name":"R\u00e9frig\u00e9rateur compact d'ext\u00e9rieur Blaze de 20 pouces - Groupe BelleFlamme","isPartOf":{"@id":"https:\/\/www.belleflamme.ca\/fr\/#website"},"primaryImageOfPage":{"@id":"https:\/\/staging.belleflamme.ca\/fr\/produit\/refrigerateur-compact-dexterieur-blaze-de-20-pouces\/#primaryimage"},"image":{"@id":"https:\/\/staging.belleflamme.ca\/fr\/produit\/refrigerateur-compact-dexterieur-blaze-de-20-pouces\/#primaryimage"},"thumbnailUrl":"https:\/\/staging.belleflamme.ca\/wp-content\/uploads\/2023\/06\/Refrigerateur-compact-dexterieur-Blaze-de-20-pouces.webp","datePublished":"2023-06-07T15:33:32+00:00","dateModified":"2024-05-16T17:05:12+00:00","description":"R\u00e9frig\u00e9rateur compact d'ext\u00e9rieur Blaze de 20 pouces [get_meta_en_fr]","breadcrumb":{"@id":"https:\/\/staging.belleflamme.ca\/fr\/produit\/refrigerateur-compact-dexterieur-blaze-de-20-pouces\/#breadcrumb"},"inLanguage":"fr-FR","potentialAction":[{"@type":"ReadAction","target":["https:\/\/staging.belleflamme.ca\/fr\/produit\/refrigerateur-compact-dexterieur-blaze-de-20-pouces\/"]}]},{"@type":"ImageObject","inLanguage":"fr-FR","@id":"https:\/\/staging.belleflamme.ca\/fr\/produit\/refrigerateur-compact-dexterieur-blaze-de-20-pouces\/#primaryimage","url":"https:\/\/staging.belleflamme.ca\/wp-content\/uploads\/2023\/06\/Refrigerateur-compact-dexterieur-Blaze-de-20-pouces.webp","contentUrl":"https:\/\/staging.belleflamme.ca\/wp-content\/uploads\/2023\/06\/Refrigerateur-compact-dexterieur-Blaze-de-20-pouces.webp","width":600,"height":600,"caption":"R\u00e9frig\u00e9rateur compact d'ext\u00e9rieur Blaze de 20 pouces"},{"@type":"BreadcrumbList","@id":"https:\/\/staging.belleflamme.ca\/fr\/produit\/refrigerateur-compact-dexterieur-blaze-de-20-pouces\/#breadcrumb","itemListElement":[{"@type":"ListItem","position":1,"name":"Accueil","item":"https:\/\/www.belleflamme.ca\/fr\/"},{"@type":"ListItem","position":2,"name":"Boutique","item":"https:\/\/www.belleflamme.ca\/fr\/boutique\/"},{"@type":"ListItem","position":3,"name":"BBQ &amp; Produits Ext\u00e9rieurs","item":"https:\/\/staging.belleflamme.ca\/fr\/categories\/bbq-produits-exterieurs\/"},{"@type":"ListItem","position":4,"name":"Cuisine Ext\u00e9rieure","item":"https:\/\/staging.belleflamme.ca\/fr\/categories\/bbq-produits-exterieurs\/cuisine-exterieure\/"},{"@type":"ListItem","position":5,"name":"Cabinets et Modules","item":"https:\/\/staging.belleflamme.ca\/fr\/categories\/bbq-produits-exterieurs\/cuisine-exterieure\/cabinets-et-modules\/"},{"@type":"ListItem","position":6,"name":"R\u00e9frig\u00e9rateur compact d&#8217;ext\u00e9rieur Blaze de 20 pouces"}]},{"@type":"WebSite","@id":"https:\/\/www.belleflamme.ca\/fr\/#website","url":"https:\/\/www.belleflamme.ca\/fr\/","name":"Groupe Belleflamme","description":"La m\u00e9canique du b\u00e2timent dans le sang.","publisher":{"@id":"https:\/\/www.belleflamme.ca\/fr\/#organization"},"potentialAction":[{"@type":"SearchAction","target":{"@type":"EntryPoint","urlTemplate":"https:\/\/www.belleflamme.ca\/fr\/?s={search_term_string}"},"query-input":{"@type":"PropertyValueSpecification","valueRequired":true,"valueName":"search_term_string"}}],"inLanguage":"fr-FR"},{"@type":["Organization","Place"],"@id":"https:\/\/www.belleflamme.ca\/fr\/#organization","name":"Groupe Belleflamme","alternateName":"Belleflamme","url":"https:\/\/www.belleflamme.ca\/fr\/","logo":{"@type":"ImageObject","inLanguage":"fr-FR","@id":"https:\/\/www.belleflamme.ca\/fr\/#\/schema\/logo\/image\/","url":"https:\/\/staging.belleflamme.ca\/wp-content\/uploads\/2023\/01\/og-image.jpg","contentUrl":"https:\/\/staging.belleflamme.ca\/wp-content\/uploads\/2023\/01\/og-image.jpg","width":1200,"height":630,"caption":"Groupe Belleflamme"},"image":{"@id":"https:\/\/www.belleflamme.ca\/fr\/#\/schema\/logo\/image\/"},"sameAs":["https:\/\/www.facebook.com\/belleflamme.ca\/","https:\/\/www.linkedin.com\/company\/belleflamme\/","https:\/\/www.pinterest.ca\/groupebelleflamme\/","https:\/\/www.instagram.com\/legroupebelleflamme\/"],"mainEntityOfPage":{"@id":"https:\/\/staging.belleflamme.ca\/fr\/produit\/refrigerateur-compact-dexterieur-blaze-de-20-pouces\/"}}]},"product_brand":"Blaze","product_price_amount":"0.00","product_price_currency":"CAD","og_availability":"instock","product_availability":"instock","product_condition":"new"},"_links":{"self":[{"href":"https:\/\/staging.belleflamme.ca\/fr\/wp-json\/wp\/v2\/product\/15608","targetHints":{"allow":["GET"]}}],"collection":[{"href":"https:\/\/staging.belleflamme.ca\/fr\/wp-json\/wp\/v2\/product"}],"about":[{"href":"https:\/\/staging.belleflamme.ca\/fr\/wp-json\/wp\/v2\/types\/product"}],"version-history":[{"count":2,"href":"https:\/\/staging.belleflamme.ca\/fr\/wp-json\/wp\/v2\/product\/15608\/revisions"}],"predecessor-version":[{"id":38829,"href":"https:\/\/staging.belleflamme.ca\/fr\/wp-json\/wp\/v2\/product\/15608\/revisions\/38829"}],"wp:featuredmedia":[{"embeddable":true,"href":"https:\/\/staging.belleflamme.ca\/fr\/wp-json\/wp\/v2\/media\/15610"}],"wp:attachment":[{"href":"https:\/\/staging.belleflamme.ca\/fr\/wp-json\/wp\/v2\/media?parent=15608"}],"wp:term":[{"taxonomy":"product_brand","embeddable":true,"href":"https:\/\/staging.belleflamme.ca\/fr\/wp-json\/wp\/v2\/product_brand?post=15608"},{"taxonomy":"product_cat","embeddable":true,"href":"https:\/\/staging.belleflamme.ca\/fr\/wp-json\/wp\/v2\/product_cat?post=15608"},{"taxonomy":"product_tag","embeddable":true,"href":"https:\/\/staging.belleflamme.ca\/fr\/wp-json\/wp\/v2\/product_tag?post=15608"}],"curies":[{"name":"wp","href":"https:\/\/api.w.org\/{rel}","templated":true}]}}