{"id":15601,"date":"2023-06-07T11:06:04","date_gmt":"2023-06-07T15:06:04","guid":{"rendered":"https:\/\/www.belleflamme.ca\/?post_type=product&#038;p=15601"},"modified":"2024-05-16T13:12:01","modified_gmt":"2024-05-16T17:12:01","slug":"tiroir-double-blaze-de-51-pi%c2%b3-pi-refrigerateur","status":"publish","type":"product","link":"https:\/\/staging.belleflamme.ca\/fr\/produit\/tiroir-double-blaze-de-51-pi%c2%b3-pi-refrigerateur\/","title":{"rendered":"Tiroir double Blaze de 5,1 pi\u00b3. pi. R\u00e9frig\u00e9rateur"},"content":{"rendered":"<ul>\n<li>Peut contenir jusqu&#8217;\u00e0 154 canettes<\/li>\n<li>Approuv\u00e9 ETL pour une utilisation en ext\u00e9rieur<\/li>\n<li>Acier inoxydable 304<\/li>\n<li>Tiroirs coulissants \u00e0 fermeture amortie<\/li>\n<li>Thermostat num\u00e9rique et affichage de la temp\u00e9rature<\/li>\n<li>\u00c9clairage LED<\/li>\n<\/ul>\n<p>Le r\u00e9frig\u00e9rateur \u00e0 double tiroir ext\u00e9rieur Blaze 5.1 est la solution id\u00e9ale pour \u00e9conomiser de l&#8217;espace pour les cuisines ext\u00e9rieures int\u00e9gr\u00e9es \u00e0 votre \u00eelot. Avec 5,1 pieds cubes d&#8217;espace, ce r\u00e9frig\u00e9rateur a amplement d&#8217;espace et peut contenir jusqu&#8217;\u00e0 154 canettes ! Les doubles tiroirs comprennent des s\u00e9parateurs de tiroirs r\u00e9glables et amovibles, vous permettant de personnaliser l&#8217;int\u00e9rieur. Ce r\u00e9frig\u00e9rateur comprend \u00e9galement des tiroirs \u00e0 fermeture amortie de haute qualit\u00e9 ! La conception en acier inoxydable 304 se marie bien avec tous vos autres produits de cuisine ext\u00e9rieure et comprend un thermostat num\u00e9rique et un affichage de la temp\u00e9rature. Le r\u00e9frig\u00e9rateur \u00e0 double tiroir Blaze comprend \u00e9galement un \u00e9clairage int\u00e9rieur \u00e0 DEL pour se divertir la nuit.<\/p>\n<p>Le r\u00e9frig\u00e9rateur, y compris le compresseur, est garanti pendant 1 an au propri\u00e9taire d&#8217;origine contre les d\u00e9fauts de fabrication et de fabrication. Cette garantie s&#8217;\u00e9tend \u00e0 l&#8217;acheteur d&#8217;origine contre les d\u00e9fauts de fabrication pour les produits achet\u00e9s pour une utilisation domestique unifamiliale ordinaire.<\/p>\n<table class=\"woocommerce-product-attributes shop_attributes\">\n<tbody>\n<tr class=\"woocommerce-product-attributes-item woocommerce-product-attributes-item--attribute_overall-dimensions\">\n<th class=\"woocommerce-product-attributes-item__label\">Dimensions<\/th>\n<td class=\"woocommerce-product-attributes-item__value\">33\u00bd\u2033 H \u00d7 23\u00bd\u2033 L \u00d7 23\u00bd\u2033 P<\/td>\n<\/tr>\n<tr class=\"woocommerce-product-attributes-item woocommerce-product-attributes-item--attribute_cut-out-dimensions\">\n<th class=\"woocommerce-product-attributes-item__label\">Dimensions de d\u00e9coupe<\/th>\n<td class=\"woocommerce-product-attributes-item__value\">34\u00bc\u2033 H \u00d7 24\u00bd\u2033 L \u00d7 26\u2033 P<\/td>\n<\/tr>\n<\/tbody>\n<\/table>\n<p>&nbsp;<\/p>\n","protected":false},"excerpt":{"rendered":"<p>Peut contenir jusqu&#8217;\u00e0 154 canettes Approuv\u00e9 ETL pour une utilisation en ext\u00e9rieur Acier inoxydable 304 Tiroirs coulissants \u00e0 fermeture amortie Thermostat num\u00e9rique et affichage de la temp\u00e9rature \u00c9clairage LED Le r\u00e9frig\u00e9rateur \u00e0 double tiroir ext\u00e9rieur Blaze 5.1 est la solution id\u00e9ale pour \u00e9conomiser de l&#8217;espace pour les cuisines ext\u00e9rieures int\u00e9gr\u00e9es \u00e0 votre \u00eelot. Avec 5,1 [&hellip;]<\/p>\n","protected":false},"featured_media":15602,"template":"","meta":{"inline_featured_image":false},"product_brand":[346],"product_cat":[113,352,116],"product_tag":[],"class_list":{"0":"post-15601","1":"product","2":"type-product","3":"status-publish","4":"has-post-thumbnail","6":"product_brand-blaze","7":"product_cat-bbq-produits-exterieurs","8":"product_cat-cabinets-et-modules","9":"product_cat-cuisine-exterieure","11":"first","12":"instock","13":"taxable","14":"shipping-taxable","15":"product-type-simple"},"yoast_head":"<!-- This site is optimized with the Yoast SEO Premium plugin v24.2 (Yoast SEO v24.2) - https:\/\/yoast.com\/wordpress\/plugins\/seo\/ -->\n<title>Tiroir double Blaze de 5,1 pi\u00b3. pi. R\u00e9frig\u00e9rateur - Groupe BelleFlamme<\/title>\n<meta name=\"description\" content=\"Tiroir double Blaze de 5,1 pi\u00b3. pi. R\u00e9frig\u00e9rateur vendu et install\u00e9 par le Groupe Belleflamme. Laval, Montr\u00e9al, Gatineau, Drummondville et Saint-Sauveur.\" \/>\n<meta name=\"robots\" content=\"index, follow, max-snippet:-1, max-image-preview:large, max-video-preview:-1\" \/>\n<link rel=\"canonical\" href=\"https:\/\/staging.belleflamme.ca\/fr\/produit\/tiroir-double-blaze-de-51-pi%c2%b3-pi-refrigerateur\/\" \/>\n<meta property=\"og:locale\" content=\"fr_FR\" \/>\n<meta property=\"og:type\" content=\"article\" \/>\n<meta property=\"og:title\" content=\"Tiroir double Blaze de 5,1 pi\u00b3. pi. R\u00e9frig\u00e9rateur\" \/>\n<meta property=\"og:description\" content=\"Tiroir double Blaze de 5,1 pi\u00b3. pi. R\u00e9frig\u00e9rateur vendu et install\u00e9 par le Groupe Belleflamme. Laval, Montr\u00e9al, Gatineau, Drummondville et Saint-Sauveur.\" \/>\n<meta property=\"og:url\" content=\"https:\/\/staging.belleflamme.ca\/fr\/produit\/tiroir-double-blaze-de-51-pi%c2%b3-pi-refrigerateur\/\" \/>\n<meta property=\"og:site_name\" content=\"Groupe BelleFlamme\" \/>\n<meta property=\"article:publisher\" content=\"https:\/\/www.facebook.com\/belleflamme.ca\/\" \/>\n<meta property=\"article:modified_time\" content=\"2024-05-16T17:12:01+00:00\" \/>\n<meta property=\"og:image\" content=\"https:\/\/www.belleflamme.ca\/wp-content\/uploads\/2023\/06\/Tiroir-double-Blaze-de-5-1-pi.webp\" \/>\n\t<meta property=\"og:image:width\" content=\"600\" \/>\n\t<meta property=\"og:image:height\" content=\"600\" \/>\n\t<meta property=\"og:image:type\" content=\"image\/webp\" \/>\n<meta name=\"twitter:card\" content=\"summary_large_image\" \/>\n<meta name=\"twitter:label1\" content=\"Prix\" \/>\n\t<meta name=\"twitter:data1\" content=\"\" \/>\n\t<meta name=\"twitter:label2\" content=\"Disponibilit\u00e9\" \/>\n\t<meta name=\"twitter:data2\" content=\"En stock\" \/>\n<script type=\"application\/ld+json\" class=\"yoast-schema-graph\">{\"@context\":\"https:\/\/schema.org\",\"@graph\":[{\"@type\":[\"WebPage\",\"ItemPage\"],\"@id\":\"https:\/\/staging.belleflamme.ca\/fr\/produit\/tiroir-double-blaze-de-51-pi%c2%b3-pi-refrigerateur\/\",\"url\":\"https:\/\/staging.belleflamme.ca\/fr\/produit\/tiroir-double-blaze-de-51-pi%c2%b3-pi-refrigerateur\/\",\"name\":\"Tiroir double Blaze de 5,1 pi\u00b3. pi. R\u00e9frig\u00e9rateur - Groupe BelleFlamme\",\"isPartOf\":{\"@id\":\"https:\/\/www.belleflamme.ca\/fr\/#website\"},\"primaryImageOfPage\":{\"@id\":\"https:\/\/staging.belleflamme.ca\/fr\/produit\/tiroir-double-blaze-de-51-pi%c2%b3-pi-refrigerateur\/#primaryimage\"},\"image\":{\"@id\":\"https:\/\/staging.belleflamme.ca\/fr\/produit\/tiroir-double-blaze-de-51-pi%c2%b3-pi-refrigerateur\/#primaryimage\"},\"thumbnailUrl\":\"https:\/\/staging.belleflamme.ca\/wp-content\/uploads\/2023\/06\/Tiroir-double-Blaze-de-5-1-pi.webp\",\"datePublished\":\"2023-06-07T15:06:04+00:00\",\"dateModified\":\"2024-05-16T17:12:01+00:00\",\"description\":\"Tiroir double Blaze de 5,1 pi\u00b3. pi. R\u00e9frig\u00e9rateur [get_meta_en_fr]\",\"breadcrumb\":{\"@id\":\"https:\/\/staging.belleflamme.ca\/fr\/produit\/tiroir-double-blaze-de-51-pi%c2%b3-pi-refrigerateur\/#breadcrumb\"},\"inLanguage\":\"fr-FR\",\"potentialAction\":[{\"@type\":\"ReadAction\",\"target\":[\"https:\/\/staging.belleflamme.ca\/fr\/produit\/tiroir-double-blaze-de-51-pi%c2%b3-pi-refrigerateur\/\"]}]},{\"@type\":\"ImageObject\",\"inLanguage\":\"fr-FR\",\"@id\":\"https:\/\/staging.belleflamme.ca\/fr\/produit\/tiroir-double-blaze-de-51-pi%c2%b3-pi-refrigerateur\/#primaryimage\",\"url\":\"https:\/\/staging.belleflamme.ca\/wp-content\/uploads\/2023\/06\/Tiroir-double-Blaze-de-5-1-pi.webp\",\"contentUrl\":\"https:\/\/staging.belleflamme.ca\/wp-content\/uploads\/2023\/06\/Tiroir-double-Blaze-de-5-1-pi.webp\",\"width\":600,\"height\":600,\"caption\":\"Tiroir double Blaze de 5-1 pi\"},{\"@type\":\"BreadcrumbList\",\"@id\":\"https:\/\/staging.belleflamme.ca\/fr\/produit\/tiroir-double-blaze-de-51-pi%c2%b3-pi-refrigerateur\/#breadcrumb\",\"itemListElement\":[{\"@type\":\"ListItem\",\"position\":1,\"name\":\"Accueil\",\"item\":\"https:\/\/www.belleflamme.ca\/fr\/\"},{\"@type\":\"ListItem\",\"position\":2,\"name\":\"Boutique\",\"item\":\"https:\/\/www.belleflamme.ca\/fr\/boutique\/\"},{\"@type\":\"ListItem\",\"position\":3,\"name\":\"BBQ &amp; Produits Ext\u00e9rieurs\",\"item\":\"https:\/\/staging.belleflamme.ca\/fr\/categories\/bbq-produits-exterieurs\/\"},{\"@type\":\"ListItem\",\"position\":4,\"name\":\"Cuisine Ext\u00e9rieure\",\"item\":\"https:\/\/staging.belleflamme.ca\/fr\/categories\/bbq-produits-exterieurs\/cuisine-exterieure\/\"},{\"@type\":\"ListItem\",\"position\":5,\"name\":\"Cabinets et Modules\",\"item\":\"https:\/\/staging.belleflamme.ca\/fr\/categories\/bbq-produits-exterieurs\/cuisine-exterieure\/cabinets-et-modules\/\"},{\"@type\":\"ListItem\",\"position\":6,\"name\":\"Tiroir double Blaze de 5,1 pi\u00b3. pi. R\u00e9frig\u00e9rateur\"}]},{\"@type\":\"WebSite\",\"@id\":\"https:\/\/www.belleflamme.ca\/fr\/#website\",\"url\":\"https:\/\/www.belleflamme.ca\/fr\/\",\"name\":\"Groupe Belleflamme\",\"description\":\"La m\u00e9canique du b\u00e2timent dans le sang.\",\"publisher\":{\"@id\":\"https:\/\/www.belleflamme.ca\/fr\/#organization\"},\"potentialAction\":[{\"@type\":\"SearchAction\",\"target\":{\"@type\":\"EntryPoint\",\"urlTemplate\":\"https:\/\/www.belleflamme.ca\/fr\/?s={search_term_string}\"},\"query-input\":{\"@type\":\"PropertyValueSpecification\",\"valueRequired\":true,\"valueName\":\"search_term_string\"}}],\"inLanguage\":\"fr-FR\"},{\"@type\":[\"Organization\",\"Place\"],\"@id\":\"https:\/\/www.belleflamme.ca\/fr\/#organization\",\"name\":\"Groupe Belleflamme\",\"alternateName\":\"Belleflamme\",\"url\":\"https:\/\/www.belleflamme.ca\/fr\/\",\"logo\":{\"@type\":\"ImageObject\",\"inLanguage\":\"fr-FR\",\"@id\":\"https:\/\/www.belleflamme.ca\/fr\/#\/schema\/logo\/image\/\",\"url\":\"https:\/\/staging.belleflamme.ca\/wp-content\/uploads\/2023\/01\/og-image.jpg\",\"contentUrl\":\"https:\/\/staging.belleflamme.ca\/wp-content\/uploads\/2023\/01\/og-image.jpg\",\"width\":1200,\"height\":630,\"caption\":\"Groupe Belleflamme\"},\"image\":{\"@id\":\"https:\/\/www.belleflamme.ca\/fr\/#\/schema\/logo\/image\/\"},\"sameAs\":[\"https:\/\/www.facebook.com\/belleflamme.ca\/\",\"https:\/\/www.linkedin.com\/company\/belleflamme\/\",\"https:\/\/www.pinterest.ca\/groupebelleflamme\/\",\"https:\/\/www.instagram.com\/legroupebelleflamme\/\"],\"mainEntityOfPage\":{\"@id\":\"https:\/\/staging.belleflamme.ca\/fr\/produit\/tiroir-double-blaze-de-51-pi%c2%b3-pi-refrigerateur\/\"}}]}<\/script>\n<meta property=\"product:brand\" content=\"Blaze\" \/>\n<meta property=\"product:price:amount\" content=\"0.00\" \/>\n<meta property=\"product:price:currency\" content=\"CAD\" \/>\n<meta property=\"og:availability\" content=\"instock\" \/>\n<meta property=\"product:availability\" content=\"instock\" \/>\n<meta property=\"product:condition\" content=\"new\" \/>\n<!-- \/ Yoast SEO Premium plugin. -->","yoast_head_json":{"title":"Tiroir double Blaze de 5,1 pi\u00b3. pi. R\u00e9frig\u00e9rateur - Groupe BelleFlamme","description":"Tiroir double Blaze de 5,1 pi\u00b3. pi. R\u00e9frig\u00e9rateur vendu et install\u00e9 par le Groupe Belleflamme. Laval, Montr\u00e9al, Gatineau, Drummondville et Saint-Sauveur.","robots":{"index":"index","follow":"follow","max-snippet":"max-snippet:-1","max-image-preview":"max-image-preview:large","max-video-preview":"max-video-preview:-1"},"canonical":"https:\/\/staging.belleflamme.ca\/fr\/produit\/tiroir-double-blaze-de-51-pi%c2%b3-pi-refrigerateur\/","og_locale":"fr_FR","og_type":"article","og_title":"Tiroir double Blaze de 5,1 pi\u00b3. pi. R\u00e9frig\u00e9rateur","og_description":"Tiroir double Blaze de 5,1 pi\u00b3. pi. R\u00e9frig\u00e9rateur vendu et install\u00e9 par le Groupe Belleflamme. Laval, Montr\u00e9al, Gatineau, Drummondville et Saint-Sauveur.","og_url":"https:\/\/staging.belleflamme.ca\/fr\/produit\/tiroir-double-blaze-de-51-pi%c2%b3-pi-refrigerateur\/","og_site_name":"Groupe BelleFlamme","article_publisher":"https:\/\/www.facebook.com\/belleflamme.ca\/","article_modified_time":"2024-05-16T17:12:01+00:00","og_image":[{"width":600,"height":600,"url":"https:\/\/www.belleflamme.ca\/wp-content\/uploads\/2023\/06\/Tiroir-double-Blaze-de-5-1-pi.webp","type":"image\/webp"}],"twitter_card":"summary_large_image","twitter_misc":{"Prix":"","Disponibilit\u00e9":"En stock"},"schema":{"@context":"https:\/\/schema.org","@graph":[{"@type":["WebPage","ItemPage"],"@id":"https:\/\/staging.belleflamme.ca\/fr\/produit\/tiroir-double-blaze-de-51-pi%c2%b3-pi-refrigerateur\/","url":"https:\/\/staging.belleflamme.ca\/fr\/produit\/tiroir-double-blaze-de-51-pi%c2%b3-pi-refrigerateur\/","name":"Tiroir double Blaze de 5,1 pi\u00b3. pi. R\u00e9frig\u00e9rateur - Groupe BelleFlamme","isPartOf":{"@id":"https:\/\/www.belleflamme.ca\/fr\/#website"},"primaryImageOfPage":{"@id":"https:\/\/staging.belleflamme.ca\/fr\/produit\/tiroir-double-blaze-de-51-pi%c2%b3-pi-refrigerateur\/#primaryimage"},"image":{"@id":"https:\/\/staging.belleflamme.ca\/fr\/produit\/tiroir-double-blaze-de-51-pi%c2%b3-pi-refrigerateur\/#primaryimage"},"thumbnailUrl":"https:\/\/staging.belleflamme.ca\/wp-content\/uploads\/2023\/06\/Tiroir-double-Blaze-de-5-1-pi.webp","datePublished":"2023-06-07T15:06:04+00:00","dateModified":"2024-05-16T17:12:01+00:00","description":"Tiroir double Blaze de 5,1 pi\u00b3. pi. R\u00e9frig\u00e9rateur [get_meta_en_fr]","breadcrumb":{"@id":"https:\/\/staging.belleflamme.ca\/fr\/produit\/tiroir-double-blaze-de-51-pi%c2%b3-pi-refrigerateur\/#breadcrumb"},"inLanguage":"fr-FR","potentialAction":[{"@type":"ReadAction","target":["https:\/\/staging.belleflamme.ca\/fr\/produit\/tiroir-double-blaze-de-51-pi%c2%b3-pi-refrigerateur\/"]}]},{"@type":"ImageObject","inLanguage":"fr-FR","@id":"https:\/\/staging.belleflamme.ca\/fr\/produit\/tiroir-double-blaze-de-51-pi%c2%b3-pi-refrigerateur\/#primaryimage","url":"https:\/\/staging.belleflamme.ca\/wp-content\/uploads\/2023\/06\/Tiroir-double-Blaze-de-5-1-pi.webp","contentUrl":"https:\/\/staging.belleflamme.ca\/wp-content\/uploads\/2023\/06\/Tiroir-double-Blaze-de-5-1-pi.webp","width":600,"height":600,"caption":"Tiroir double Blaze de 5-1 pi"},{"@type":"BreadcrumbList","@id":"https:\/\/staging.belleflamme.ca\/fr\/produit\/tiroir-double-blaze-de-51-pi%c2%b3-pi-refrigerateur\/#breadcrumb","itemListElement":[{"@type":"ListItem","position":1,"name":"Accueil","item":"https:\/\/www.belleflamme.ca\/fr\/"},{"@type":"ListItem","position":2,"name":"Boutique","item":"https:\/\/www.belleflamme.ca\/fr\/boutique\/"},{"@type":"ListItem","position":3,"name":"BBQ &amp; Produits Ext\u00e9rieurs","item":"https:\/\/staging.belleflamme.ca\/fr\/categories\/bbq-produits-exterieurs\/"},{"@type":"ListItem","position":4,"name":"Cuisine Ext\u00e9rieure","item":"https:\/\/staging.belleflamme.ca\/fr\/categories\/bbq-produits-exterieurs\/cuisine-exterieure\/"},{"@type":"ListItem","position":5,"name":"Cabinets et Modules","item":"https:\/\/staging.belleflamme.ca\/fr\/categories\/bbq-produits-exterieurs\/cuisine-exterieure\/cabinets-et-modules\/"},{"@type":"ListItem","position":6,"name":"Tiroir double Blaze de 5,1 pi\u00b3. pi. R\u00e9frig\u00e9rateur"}]},{"@type":"WebSite","@id":"https:\/\/www.belleflamme.ca\/fr\/#website","url":"https:\/\/www.belleflamme.ca\/fr\/","name":"Groupe Belleflamme","description":"La m\u00e9canique du b\u00e2timent dans le sang.","publisher":{"@id":"https:\/\/www.belleflamme.ca\/fr\/#organization"},"potentialAction":[{"@type":"SearchAction","target":{"@type":"EntryPoint","urlTemplate":"https:\/\/www.belleflamme.ca\/fr\/?s={search_term_string}"},"query-input":{"@type":"PropertyValueSpecification","valueRequired":true,"valueName":"search_term_string"}}],"inLanguage":"fr-FR"},{"@type":["Organization","Place"],"@id":"https:\/\/www.belleflamme.ca\/fr\/#organization","name":"Groupe Belleflamme","alternateName":"Belleflamme","url":"https:\/\/www.belleflamme.ca\/fr\/","logo":{"@type":"ImageObject","inLanguage":"fr-FR","@id":"https:\/\/www.belleflamme.ca\/fr\/#\/schema\/logo\/image\/","url":"https:\/\/staging.belleflamme.ca\/wp-content\/uploads\/2023\/01\/og-image.jpg","contentUrl":"https:\/\/staging.belleflamme.ca\/wp-content\/uploads\/2023\/01\/og-image.jpg","width":1200,"height":630,"caption":"Groupe Belleflamme"},"image":{"@id":"https:\/\/www.belleflamme.ca\/fr\/#\/schema\/logo\/image\/"},"sameAs":["https:\/\/www.facebook.com\/belleflamme.ca\/","https:\/\/www.linkedin.com\/company\/belleflamme\/","https:\/\/www.pinterest.ca\/groupebelleflamme\/","https:\/\/www.instagram.com\/legroupebelleflamme\/"],"mainEntityOfPage":{"@id":"https:\/\/staging.belleflamme.ca\/fr\/produit\/tiroir-double-blaze-de-51-pi%c2%b3-pi-refrigerateur\/"}}]},"product_brand":"Blaze","product_price_amount":"0.00","product_price_currency":"CAD","og_availability":"instock","product_availability":"instock","product_condition":"new"},"_links":{"self":[{"href":"https:\/\/staging.belleflamme.ca\/fr\/wp-json\/wp\/v2\/product\/15601","targetHints":{"allow":["GET"]}}],"collection":[{"href":"https:\/\/staging.belleflamme.ca\/fr\/wp-json\/wp\/v2\/product"}],"about":[{"href":"https:\/\/staging.belleflamme.ca\/fr\/wp-json\/wp\/v2\/types\/product"}],"version-history":[{"count":2,"href":"https:\/\/staging.belleflamme.ca\/fr\/wp-json\/wp\/v2\/product\/15601\/revisions"}],"predecessor-version":[{"id":38839,"href":"https:\/\/staging.belleflamme.ca\/fr\/wp-json\/wp\/v2\/product\/15601\/revisions\/38839"}],"wp:featuredmedia":[{"embeddable":true,"href":"https:\/\/staging.belleflamme.ca\/fr\/wp-json\/wp\/v2\/media\/15602"}],"wp:attachment":[{"href":"https:\/\/staging.belleflamme.ca\/fr\/wp-json\/wp\/v2\/media?parent=15601"}],"wp:term":[{"taxonomy":"product_brand","embeddable":true,"href":"https:\/\/staging.belleflamme.ca\/fr\/wp-json\/wp\/v2\/product_brand?post=15601"},{"taxonomy":"product_cat","embeddable":true,"href":"https:\/\/staging.belleflamme.ca\/fr\/wp-json\/wp\/v2\/product_cat?post=15601"},{"taxonomy":"product_tag","embeddable":true,"href":"https:\/\/staging.belleflamme.ca\/fr\/wp-json\/wp\/v2\/product_tag?post=15601"}],"curies":[{"name":"wp","href":"https:\/\/api.w.org\/{rel}","templated":true}]}}