{"id":15586,"date":"2023-06-07T10:52:27","date_gmt":"2023-06-07T14:52:27","guid":{"rendered":"https:\/\/www.belleflamme.ca\/?post_type=product&#038;p=15586"},"modified":"2024-05-16T13:07:11","modified_gmt":"2024-05-16T17:07:11","slug":"refrigerateur-dexterieur-blaze-de-15-pouces","status":"publish","type":"product","link":"https:\/\/staging.belleflamme.ca\/fr\/produit\/refrigerateur-dexterieur-blaze-de-15-pouces\/","title":{"rendered":"R\u00e9frig\u00e9rateur d&#8217;ext\u00e9rieur Blaze de 15 pouces"},"content":{"rendered":"<ul>\n<li>L&#8217;\u00e9clairage LED blanc dans l&#8217;armoire vous \u00e9vite d&#8217;atteindre aveugl\u00e9ment les boissons la nuit<\/li>\n<li>Composez et surveillez les temp\u00e9ratures dans le r\u00e9frig\u00e9rateur avec un thermostat num\u00e9rique et un affichage de la temp\u00e9rature<\/li>\n<li>La construction en acier inoxydable de qualit\u00e9 304 est in\u00e9gal\u00e9e en termes de long\u00e9vit\u00e9 en ext\u00e9rieur<\/li>\n<li>La garantie limit\u00e9e d&#8217;un an vous permet de d\u00e9marrer votre exp\u00e9rience de r\u00e9frig\u00e9ration ext\u00e9rieure du bon pied<\/li>\n<li>La conception mince est id\u00e9ale pour les petits espaces et donne un look \u00e9l\u00e9gant, peu importe le r\u00e9glage<\/li>\n<li>M\u00eame avec une conception peu encombrante, ce r\u00e9frig\u00e9rateur mince peut contenir jusqu&#8217;\u00e0 74 canettes de boisson<\/li>\n<\/ul>\n<p>Ce r\u00e9frig\u00e9rateur d&#8217;ext\u00e9rieur Blaze 15\u2033 pr\u00e9sente un design mince pour les petits espaces et donne un look \u00e9l\u00e9gant, peu importe le r\u00e9glage. Malgr\u00e9 sa conception peu encombrante, ce r\u00e9frig\u00e9rateur discret peut toujours contenir jusqu&#8217;\u00e0 74 canettes de vos boissons pr\u00e9f\u00e9r\u00e9es ! L&#8217;\u00e9clairage LED blanc, quant \u00e0 lui, vous permet de retrouver vos boissons pr\u00e9f\u00e9r\u00e9es, de jour comme de nuit. Pour couronner le tout, la construction robuste en acier inoxydable 304 de l&#8217;appareil et la garantie limit\u00e9e d&#8217;un an vous donnent confiance dans votre nouvel appareil ext\u00e9rieur.<\/p>\n<table class=\"woocommerce-product-attributes shop_attributes\">\n<tbody>\n<tr class=\"woocommerce-product-attributes-item woocommerce-product-attributes-item--attribute_overall-dimensions\">\n<th class=\"woocommerce-product-attributes-item__label\">Dimensions<\/th>\n<td class=\"woocommerce-product-attributes-item__value\">34\u00bc\u2033 H \u00d7 14.96\u2033 L \u00d7 23\u00be\u2033 P<\/td>\n<\/tr>\n<tr class=\"woocommerce-product-attributes-item woocommerce-product-attributes-item--attribute_cut-out-dimensions\">\n<th class=\"woocommerce-product-attributes-item__label\">Dimensions de d\u00e9coupe<\/th>\n<td class=\"woocommerce-product-attributes-item__value\">34 7\/16\u2033 H \u00d7 15 3\/16\u2033 L \u00d7 25\u00be\u2033 P<\/td>\n<\/tr>\n<\/tbody>\n<\/table>\n","protected":false},"excerpt":{"rendered":"<p>L&#8217;\u00e9clairage LED blanc dans l&#8217;armoire vous \u00e9vite d&#8217;atteindre aveugl\u00e9ment les boissons la nuit Composez et surveillez les temp\u00e9ratures dans le r\u00e9frig\u00e9rateur avec un thermostat num\u00e9rique et un affichage de la temp\u00e9rature La construction en acier inoxydable de qualit\u00e9 304 est in\u00e9gal\u00e9e en termes de long\u00e9vit\u00e9 en ext\u00e9rieur La garantie limit\u00e9e d&#8217;un an vous permet de [&hellip;]<\/p>\n","protected":false},"featured_media":15587,"template":"","meta":{"inline_featured_image":false},"product_brand":[346],"product_cat":[113,352,116],"product_tag":[],"class_list":{"0":"post-15586","1":"product","2":"type-product","3":"status-publish","4":"has-post-thumbnail","6":"product_brand-blaze","7":"product_cat-bbq-produits-exterieurs","8":"product_cat-cabinets-et-modules","9":"product_cat-cuisine-exterieure","11":"first","12":"instock","13":"taxable","14":"shipping-taxable","15":"product-type-simple"},"yoast_head":"<!-- This site is optimized with the Yoast SEO Premium plugin v24.2 (Yoast SEO v24.2) - https:\/\/yoast.com\/wordpress\/plugins\/seo\/ -->\n<title>R\u00e9frig\u00e9rateur d&#039;ext\u00e9rieur Blaze de 15 pouces - Groupe BelleFlamme<\/title>\n<meta name=\"description\" content=\"R\u00e9frig\u00e9rateur d&#039;ext\u00e9rieur Blaze de 15 pouces vendu et install\u00e9 par le Groupe Belleflamme. Laval, Montr\u00e9al, Gatineau, Drummondville et Saint-Sauveur.\" \/>\n<meta name=\"robots\" content=\"index, follow, max-snippet:-1, max-image-preview:large, max-video-preview:-1\" \/>\n<link rel=\"canonical\" href=\"https:\/\/staging.belleflamme.ca\/fr\/produit\/refrigerateur-dexterieur-blaze-de-15-pouces\/\" \/>\n<meta property=\"og:locale\" content=\"fr_FR\" \/>\n<meta property=\"og:type\" content=\"article\" \/>\n<meta property=\"og:title\" content=\"R\u00e9frig\u00e9rateur d&#039;ext\u00e9rieur Blaze de 15 pouces\" \/>\n<meta property=\"og:description\" content=\"R\u00e9frig\u00e9rateur d&#039;ext\u00e9rieur Blaze de 15 pouces vendu et install\u00e9 par le Groupe Belleflamme. Laval, Montr\u00e9al, Gatineau, Drummondville et Saint-Sauveur.\" \/>\n<meta property=\"og:url\" content=\"https:\/\/staging.belleflamme.ca\/fr\/produit\/refrigerateur-dexterieur-blaze-de-15-pouces\/\" \/>\n<meta property=\"og:site_name\" content=\"Groupe BelleFlamme\" \/>\n<meta property=\"article:publisher\" content=\"https:\/\/www.facebook.com\/belleflamme.ca\/\" \/>\n<meta property=\"article:modified_time\" content=\"2024-05-16T17:07:11+00:00\" \/>\n<meta property=\"og:image\" content=\"https:\/\/www.belleflamme.ca\/wp-content\/uploads\/2023\/06\/Refrigerateur-dexterieur-Blaze-de-15-pouces.webp\" \/>\n\t<meta property=\"og:image:width\" content=\"600\" \/>\n\t<meta property=\"og:image:height\" content=\"600\" \/>\n\t<meta property=\"og:image:type\" content=\"image\/webp\" \/>\n<meta name=\"twitter:card\" content=\"summary_large_image\" \/>\n<meta name=\"twitter:label1\" content=\"Prix\" \/>\n\t<meta name=\"twitter:data1\" content=\"\" \/>\n\t<meta name=\"twitter:label2\" content=\"Disponibilit\u00e9\" \/>\n\t<meta name=\"twitter:data2\" content=\"En stock\" \/>\n<script type=\"application\/ld+json\" class=\"yoast-schema-graph\">{\"@context\":\"https:\/\/schema.org\",\"@graph\":[{\"@type\":[\"WebPage\",\"ItemPage\"],\"@id\":\"https:\/\/staging.belleflamme.ca\/fr\/produit\/refrigerateur-dexterieur-blaze-de-15-pouces\/\",\"url\":\"https:\/\/staging.belleflamme.ca\/fr\/produit\/refrigerateur-dexterieur-blaze-de-15-pouces\/\",\"name\":\"R\u00e9frig\u00e9rateur d'ext\u00e9rieur Blaze de 15 pouces - Groupe BelleFlamme\",\"isPartOf\":{\"@id\":\"https:\/\/www.belleflamme.ca\/fr\/#website\"},\"primaryImageOfPage\":{\"@id\":\"https:\/\/staging.belleflamme.ca\/fr\/produit\/refrigerateur-dexterieur-blaze-de-15-pouces\/#primaryimage\"},\"image\":{\"@id\":\"https:\/\/staging.belleflamme.ca\/fr\/produit\/refrigerateur-dexterieur-blaze-de-15-pouces\/#primaryimage\"},\"thumbnailUrl\":\"https:\/\/staging.belleflamme.ca\/wp-content\/uploads\/2023\/06\/Refrigerateur-dexterieur-Blaze-de-15-pouces.webp\",\"datePublished\":\"2023-06-07T14:52:27+00:00\",\"dateModified\":\"2024-05-16T17:07:11+00:00\",\"description\":\"R\u00e9frig\u00e9rateur d'ext\u00e9rieur Blaze de 15 pouces [get_meta_en_fr]\",\"breadcrumb\":{\"@id\":\"https:\/\/staging.belleflamme.ca\/fr\/produit\/refrigerateur-dexterieur-blaze-de-15-pouces\/#breadcrumb\"},\"inLanguage\":\"fr-FR\",\"potentialAction\":[{\"@type\":\"ReadAction\",\"target\":[\"https:\/\/staging.belleflamme.ca\/fr\/produit\/refrigerateur-dexterieur-blaze-de-15-pouces\/\"]}]},{\"@type\":\"ImageObject\",\"inLanguage\":\"fr-FR\",\"@id\":\"https:\/\/staging.belleflamme.ca\/fr\/produit\/refrigerateur-dexterieur-blaze-de-15-pouces\/#primaryimage\",\"url\":\"https:\/\/staging.belleflamme.ca\/wp-content\/uploads\/2023\/06\/Refrigerateur-dexterieur-Blaze-de-15-pouces.webp\",\"contentUrl\":\"https:\/\/staging.belleflamme.ca\/wp-content\/uploads\/2023\/06\/Refrigerateur-dexterieur-Blaze-de-15-pouces.webp\",\"width\":600,\"height\":600,\"caption\":\"R\u00e9frig\u00e9rateur d'ext\u00e9rieur Blaze de 15 pouces\"},{\"@type\":\"BreadcrumbList\",\"@id\":\"https:\/\/staging.belleflamme.ca\/fr\/produit\/refrigerateur-dexterieur-blaze-de-15-pouces\/#breadcrumb\",\"itemListElement\":[{\"@type\":\"ListItem\",\"position\":1,\"name\":\"Accueil\",\"item\":\"https:\/\/www.belleflamme.ca\/fr\/\"},{\"@type\":\"ListItem\",\"position\":2,\"name\":\"Boutique\",\"item\":\"https:\/\/www.belleflamme.ca\/fr\/boutique\/\"},{\"@type\":\"ListItem\",\"position\":3,\"name\":\"BBQ &amp; Produits Ext\u00e9rieurs\",\"item\":\"https:\/\/staging.belleflamme.ca\/fr\/categories\/bbq-produits-exterieurs\/\"},{\"@type\":\"ListItem\",\"position\":4,\"name\":\"Cuisine Ext\u00e9rieure\",\"item\":\"https:\/\/staging.belleflamme.ca\/fr\/categories\/bbq-produits-exterieurs\/cuisine-exterieure\/\"},{\"@type\":\"ListItem\",\"position\":5,\"name\":\"Cabinets et Modules\",\"item\":\"https:\/\/staging.belleflamme.ca\/fr\/categories\/bbq-produits-exterieurs\/cuisine-exterieure\/cabinets-et-modules\/\"},{\"@type\":\"ListItem\",\"position\":6,\"name\":\"R\u00e9frig\u00e9rateur d&#8217;ext\u00e9rieur Blaze de 15 pouces\"}]},{\"@type\":\"WebSite\",\"@id\":\"https:\/\/www.belleflamme.ca\/fr\/#website\",\"url\":\"https:\/\/www.belleflamme.ca\/fr\/\",\"name\":\"Groupe Belleflamme\",\"description\":\"La m\u00e9canique du b\u00e2timent dans le sang.\",\"publisher\":{\"@id\":\"https:\/\/www.belleflamme.ca\/fr\/#organization\"},\"potentialAction\":[{\"@type\":\"SearchAction\",\"target\":{\"@type\":\"EntryPoint\",\"urlTemplate\":\"https:\/\/www.belleflamme.ca\/fr\/?s={search_term_string}\"},\"query-input\":{\"@type\":\"PropertyValueSpecification\",\"valueRequired\":true,\"valueName\":\"search_term_string\"}}],\"inLanguage\":\"fr-FR\"},{\"@type\":[\"Organization\",\"Place\"],\"@id\":\"https:\/\/www.belleflamme.ca\/fr\/#organization\",\"name\":\"Groupe Belleflamme\",\"alternateName\":\"Belleflamme\",\"url\":\"https:\/\/www.belleflamme.ca\/fr\/\",\"logo\":{\"@type\":\"ImageObject\",\"inLanguage\":\"fr-FR\",\"@id\":\"https:\/\/www.belleflamme.ca\/fr\/#\/schema\/logo\/image\/\",\"url\":\"https:\/\/staging.belleflamme.ca\/wp-content\/uploads\/2023\/01\/og-image.jpg\",\"contentUrl\":\"https:\/\/staging.belleflamme.ca\/wp-content\/uploads\/2023\/01\/og-image.jpg\",\"width\":1200,\"height\":630,\"caption\":\"Groupe Belleflamme\"},\"image\":{\"@id\":\"https:\/\/www.belleflamme.ca\/fr\/#\/schema\/logo\/image\/\"},\"sameAs\":[\"https:\/\/www.facebook.com\/belleflamme.ca\/\",\"https:\/\/www.linkedin.com\/company\/belleflamme\/\",\"https:\/\/www.pinterest.ca\/groupebelleflamme\/\",\"https:\/\/www.instagram.com\/legroupebelleflamme\/\"],\"mainEntityOfPage\":{\"@id\":\"https:\/\/staging.belleflamme.ca\/fr\/produit\/refrigerateur-dexterieur-blaze-de-15-pouces\/\"}}]}<\/script>\n<meta property=\"product:brand\" content=\"Blaze\" \/>\n<meta property=\"product:price:amount\" content=\"0.00\" \/>\n<meta property=\"product:price:currency\" content=\"CAD\" \/>\n<meta property=\"og:availability\" content=\"instock\" \/>\n<meta property=\"product:availability\" content=\"instock\" \/>\n<meta property=\"product:condition\" content=\"new\" \/>\n<!-- \/ Yoast SEO Premium plugin. -->","yoast_head_json":{"title":"R\u00e9frig\u00e9rateur d'ext\u00e9rieur Blaze de 15 pouces - Groupe BelleFlamme","description":"R\u00e9frig\u00e9rateur d'ext\u00e9rieur Blaze de 15 pouces vendu et install\u00e9 par le Groupe Belleflamme. Laval, Montr\u00e9al, Gatineau, Drummondville et Saint-Sauveur.","robots":{"index":"index","follow":"follow","max-snippet":"max-snippet:-1","max-image-preview":"max-image-preview:large","max-video-preview":"max-video-preview:-1"},"canonical":"https:\/\/staging.belleflamme.ca\/fr\/produit\/refrigerateur-dexterieur-blaze-de-15-pouces\/","og_locale":"fr_FR","og_type":"article","og_title":"R\u00e9frig\u00e9rateur d'ext\u00e9rieur Blaze de 15 pouces","og_description":"R\u00e9frig\u00e9rateur d'ext\u00e9rieur Blaze de 15 pouces vendu et install\u00e9 par le Groupe Belleflamme. Laval, Montr\u00e9al, Gatineau, Drummondville et Saint-Sauveur.","og_url":"https:\/\/staging.belleflamme.ca\/fr\/produit\/refrigerateur-dexterieur-blaze-de-15-pouces\/","og_site_name":"Groupe BelleFlamme","article_publisher":"https:\/\/www.facebook.com\/belleflamme.ca\/","article_modified_time":"2024-05-16T17:07:11+00:00","og_image":[{"width":600,"height":600,"url":"https:\/\/www.belleflamme.ca\/wp-content\/uploads\/2023\/06\/Refrigerateur-dexterieur-Blaze-de-15-pouces.webp","type":"image\/webp"}],"twitter_card":"summary_large_image","twitter_misc":{"Prix":"","Disponibilit\u00e9":"En stock"},"schema":{"@context":"https:\/\/schema.org","@graph":[{"@type":["WebPage","ItemPage"],"@id":"https:\/\/staging.belleflamme.ca\/fr\/produit\/refrigerateur-dexterieur-blaze-de-15-pouces\/","url":"https:\/\/staging.belleflamme.ca\/fr\/produit\/refrigerateur-dexterieur-blaze-de-15-pouces\/","name":"R\u00e9frig\u00e9rateur d'ext\u00e9rieur Blaze de 15 pouces - Groupe BelleFlamme","isPartOf":{"@id":"https:\/\/www.belleflamme.ca\/fr\/#website"},"primaryImageOfPage":{"@id":"https:\/\/staging.belleflamme.ca\/fr\/produit\/refrigerateur-dexterieur-blaze-de-15-pouces\/#primaryimage"},"image":{"@id":"https:\/\/staging.belleflamme.ca\/fr\/produit\/refrigerateur-dexterieur-blaze-de-15-pouces\/#primaryimage"},"thumbnailUrl":"https:\/\/staging.belleflamme.ca\/wp-content\/uploads\/2023\/06\/Refrigerateur-dexterieur-Blaze-de-15-pouces.webp","datePublished":"2023-06-07T14:52:27+00:00","dateModified":"2024-05-16T17:07:11+00:00","description":"R\u00e9frig\u00e9rateur d'ext\u00e9rieur Blaze de 15 pouces [get_meta_en_fr]","breadcrumb":{"@id":"https:\/\/staging.belleflamme.ca\/fr\/produit\/refrigerateur-dexterieur-blaze-de-15-pouces\/#breadcrumb"},"inLanguage":"fr-FR","potentialAction":[{"@type":"ReadAction","target":["https:\/\/staging.belleflamme.ca\/fr\/produit\/refrigerateur-dexterieur-blaze-de-15-pouces\/"]}]},{"@type":"ImageObject","inLanguage":"fr-FR","@id":"https:\/\/staging.belleflamme.ca\/fr\/produit\/refrigerateur-dexterieur-blaze-de-15-pouces\/#primaryimage","url":"https:\/\/staging.belleflamme.ca\/wp-content\/uploads\/2023\/06\/Refrigerateur-dexterieur-Blaze-de-15-pouces.webp","contentUrl":"https:\/\/staging.belleflamme.ca\/wp-content\/uploads\/2023\/06\/Refrigerateur-dexterieur-Blaze-de-15-pouces.webp","width":600,"height":600,"caption":"R\u00e9frig\u00e9rateur d'ext\u00e9rieur Blaze de 15 pouces"},{"@type":"BreadcrumbList","@id":"https:\/\/staging.belleflamme.ca\/fr\/produit\/refrigerateur-dexterieur-blaze-de-15-pouces\/#breadcrumb","itemListElement":[{"@type":"ListItem","position":1,"name":"Accueil","item":"https:\/\/www.belleflamme.ca\/fr\/"},{"@type":"ListItem","position":2,"name":"Boutique","item":"https:\/\/www.belleflamme.ca\/fr\/boutique\/"},{"@type":"ListItem","position":3,"name":"BBQ &amp; Produits Ext\u00e9rieurs","item":"https:\/\/staging.belleflamme.ca\/fr\/categories\/bbq-produits-exterieurs\/"},{"@type":"ListItem","position":4,"name":"Cuisine Ext\u00e9rieure","item":"https:\/\/staging.belleflamme.ca\/fr\/categories\/bbq-produits-exterieurs\/cuisine-exterieure\/"},{"@type":"ListItem","position":5,"name":"Cabinets et Modules","item":"https:\/\/staging.belleflamme.ca\/fr\/categories\/bbq-produits-exterieurs\/cuisine-exterieure\/cabinets-et-modules\/"},{"@type":"ListItem","position":6,"name":"R\u00e9frig\u00e9rateur d&#8217;ext\u00e9rieur Blaze de 15 pouces"}]},{"@type":"WebSite","@id":"https:\/\/www.belleflamme.ca\/fr\/#website","url":"https:\/\/www.belleflamme.ca\/fr\/","name":"Groupe Belleflamme","description":"La m\u00e9canique du b\u00e2timent dans le sang.","publisher":{"@id":"https:\/\/www.belleflamme.ca\/fr\/#organization"},"potentialAction":[{"@type":"SearchAction","target":{"@type":"EntryPoint","urlTemplate":"https:\/\/www.belleflamme.ca\/fr\/?s={search_term_string}"},"query-input":{"@type":"PropertyValueSpecification","valueRequired":true,"valueName":"search_term_string"}}],"inLanguage":"fr-FR"},{"@type":["Organization","Place"],"@id":"https:\/\/www.belleflamme.ca\/fr\/#organization","name":"Groupe Belleflamme","alternateName":"Belleflamme","url":"https:\/\/www.belleflamme.ca\/fr\/","logo":{"@type":"ImageObject","inLanguage":"fr-FR","@id":"https:\/\/www.belleflamme.ca\/fr\/#\/schema\/logo\/image\/","url":"https:\/\/staging.belleflamme.ca\/wp-content\/uploads\/2023\/01\/og-image.jpg","contentUrl":"https:\/\/staging.belleflamme.ca\/wp-content\/uploads\/2023\/01\/og-image.jpg","width":1200,"height":630,"caption":"Groupe Belleflamme"},"image":{"@id":"https:\/\/www.belleflamme.ca\/fr\/#\/schema\/logo\/image\/"},"sameAs":["https:\/\/www.facebook.com\/belleflamme.ca\/","https:\/\/www.linkedin.com\/company\/belleflamme\/","https:\/\/www.pinterest.ca\/groupebelleflamme\/","https:\/\/www.instagram.com\/legroupebelleflamme\/"],"mainEntityOfPage":{"@id":"https:\/\/staging.belleflamme.ca\/fr\/produit\/refrigerateur-dexterieur-blaze-de-15-pouces\/"}}]},"product_brand":"Blaze","product_price_amount":"0.00","product_price_currency":"CAD","og_availability":"instock","product_availability":"instock","product_condition":"new"},"_links":{"self":[{"href":"https:\/\/staging.belleflamme.ca\/fr\/wp-json\/wp\/v2\/product\/15586","targetHints":{"allow":["GET"]}}],"collection":[{"href":"https:\/\/staging.belleflamme.ca\/fr\/wp-json\/wp\/v2\/product"}],"about":[{"href":"https:\/\/staging.belleflamme.ca\/fr\/wp-json\/wp\/v2\/types\/product"}],"version-history":[{"count":2,"href":"https:\/\/staging.belleflamme.ca\/fr\/wp-json\/wp\/v2\/product\/15586\/revisions"}],"predecessor-version":[{"id":38831,"href":"https:\/\/staging.belleflamme.ca\/fr\/wp-json\/wp\/v2\/product\/15586\/revisions\/38831"}],"wp:featuredmedia":[{"embeddable":true,"href":"https:\/\/staging.belleflamme.ca\/fr\/wp-json\/wp\/v2\/media\/15587"}],"wp:attachment":[{"href":"https:\/\/staging.belleflamme.ca\/fr\/wp-json\/wp\/v2\/media?parent=15586"}],"wp:term":[{"taxonomy":"product_brand","embeddable":true,"href":"https:\/\/staging.belleflamme.ca\/fr\/wp-json\/wp\/v2\/product_brand?post=15586"},{"taxonomy":"product_cat","embeddable":true,"href":"https:\/\/staging.belleflamme.ca\/fr\/wp-json\/wp\/v2\/product_cat?post=15586"},{"taxonomy":"product_tag","embeddable":true,"href":"https:\/\/staging.belleflamme.ca\/fr\/wp-json\/wp\/v2\/product_tag?post=15586"}],"curies":[{"name":"wp","href":"https:\/\/api.w.org\/{rel}","templated":true}]}}