{"id":15580,"date":"2023-06-07T10:47:42","date_gmt":"2023-06-07T14:47:42","guid":{"rendered":"https:\/\/www.belleflamme.ca\/?post_type=product&#038;p=15580"},"modified":"2024-05-16T13:07:29","modified_gmt":"2024-05-16T17:07:29","slug":"refroidisseur-de-boissons-exterieur-a-facade-en-verre","status":"publish","type":"product","link":"https:\/\/staging.belleflamme.ca\/fr\/produit\/refroidisseur-de-boissons-exterieur-a-facade-en-verre\/","title":{"rendered":"Refroidisseur de boissons ext\u00e9rieur \u00e0 fa\u00e7ade en verre"},"content":{"rendered":"<ul>\n<li>La fa\u00e7ade en verre du centre de boissons de 24 po vous permet de v\u00e9rifier le contenu de la glaci\u00e8re en un coup d&#8217;\u0153il<\/li>\n<li>Votre choix entre \u00e9tag\u00e8res en h\u00eatre et \u00e9tag\u00e8res en verre pour une esth\u00e9tique personnalis\u00e9e<\/li>\n<li>L&#8217;int\u00e9rieur \u00e9clair\u00e9 par des DEL blanches offre un look \u00e9pur\u00e9 tout en vous permettant de saisir ce dont vous avez besoin la nuit<\/li>\n<li>Le thermostat num\u00e9rique et l&#8217;affichage de la temp\u00e9rature vous permettent de contr\u00f4ler le refroidissement<\/li>\n<li>Glaci\u00e8re spacieuse pouvant contenir 84 canettes et 22 bouteilles de vin, ou 42 canettes et 62 bouteilles de vin, ce qui la rend parfaite pour divertir des foules de go\u00fbts diff\u00e9rents<\/li>\n<li>L&#8217;acier inoxydable 304 est le mat\u00e9riau ultime pour une durabilit\u00e9 durable \u00e0 l&#8217;ext\u00e9rieur.<\/li>\n<li>Une garantie limit\u00e9e d&#8217;un an et un service client de premier ordre vous couvrent<\/li>\n<li>Le centre de boissons \u00e9l\u00e9gant se transforme facilement en r\u00e9frig\u00e9rateur \u00e0 vin avec des \u00e9tag\u00e8res en h\u00eatre suppl\u00e9mentaires.<\/li>\n<\/ul>\n<p>Le refroidisseur de boissons d&#8217;ext\u00e9rieur Blaze Glass Front est la station de boissons id\u00e9ale pour se divertir, avec des fonctionnalit\u00e9s utiles et une capacit\u00e9 massive pour continuer la f\u00eate. Pour commencer, l&#8217;unit\u00e9 est fabriqu\u00e9e en acier inoxydable ultra-durable de qualit\u00e9 304 pour une long\u00e9vit\u00e9 dans les espaces ext\u00e9rieurs. Des \u00e9tag\u00e8res en h\u00eatre et en verre sont disponibles pour personnaliser facilement l&#8217;apparence et la convivialit\u00e9 de la glaci\u00e8re, tandis que les \u00e9tag\u00e8res en h\u00eatre ajout\u00e9es vous permettent de la transformer en une cave \u00e0 vin \u00e0 part enti\u00e8re ! En termes de capacit\u00e9, cette glaci\u00e8re est difficile \u00e0 battre : elle peut contenir une combinaison de 84 canettes et 22 bouteilles de vin, ou 42 canettes et 62 bouteilles de vin. Quelle que soit la configuration que vous choisissez, la fa\u00e7ade en verre de l&#8217;unit\u00e9 vous permet de surveiller votre contenu sans ouvrir la porte et lib\u00e9rer ce pr\u00e9cieux froid. Vous pouvez facilement g\u00e9rer ces temp\u00e9ratures froides via le thermostat num\u00e9rique, puis rester inform\u00e9 de sa pr\u00e9cision gr\u00e2ce \u00e0 l&#8217;affichage de la temp\u00e9rature. Le refroidisseur de boissons d&#8217;ext\u00e9rieur Blaze Glass Front est \u00e9galement livr\u00e9 avec une garantie limit\u00e9e d&#8217;un an, sans parler du support client haut de gamme, pour votre tranquillit\u00e9 d&#8217;esprit.<\/p>\n<table class=\"woocommerce-product-attributes shop_attributes\">\n<tbody>\n<tr class=\"woocommerce-product-attributes-item woocommerce-product-attributes-item--attribute_overall-dimensions\">\n<th class=\"woocommerce-product-attributes-item__label\">Dimensions<\/th>\n<td class=\"woocommerce-product-attributes-item__value\">34.13\u2033 H \u00d7 23.81\u2033 L \u00d7 23.63\u2033 P<\/td>\n<\/tr>\n<tr class=\"woocommerce-product-attributes-item woocommerce-product-attributes-item--attribute_cut-out-dimensions\">\n<th class=\"woocommerce-product-attributes-item__label\">Dimension de d\u00e9coupe<\/th>\n<td class=\"woocommerce-product-attributes-item__value\">34 7\/16\u2033 H \u00d7 24\u2033 L \u00d7 25\u00be\u2033 P<\/td>\n<\/tr>\n<\/tbody>\n<\/table>\n","protected":false},"excerpt":{"rendered":"<p>La fa\u00e7ade en verre du centre de boissons de 24 po vous permet de v\u00e9rifier le contenu de la glaci\u00e8re en un coup d&#8217;\u0153il Votre choix entre \u00e9tag\u00e8res en h\u00eatre et \u00e9tag\u00e8res en verre pour une esth\u00e9tique personnalis\u00e9e L&#8217;int\u00e9rieur \u00e9clair\u00e9 par des DEL blanches offre un look \u00e9pur\u00e9 tout en vous permettant de saisir ce [&hellip;]<\/p>\n","protected":false},"featured_media":15581,"template":"","meta":{"inline_featured_image":false},"product_brand":[346],"product_cat":[113,352,116],"product_tag":[],"class_list":{"0":"post-15580","1":"product","2":"type-product","3":"status-publish","4":"has-post-thumbnail","6":"product_brand-blaze","7":"product_cat-bbq-produits-exterieurs","8":"product_cat-cabinets-et-modules","9":"product_cat-cuisine-exterieure","11":"first","12":"instock","13":"taxable","14":"shipping-taxable","15":"product-type-simple"},"yoast_head":"<!-- This site is optimized with the Yoast SEO Premium plugin v24.2 (Yoast SEO v24.2) - https:\/\/yoast.com\/wordpress\/plugins\/seo\/ -->\n<title>Refroidisseur de boissons ext\u00e9rieur \u00e0 fa\u00e7ade en verre - Groupe BelleFlamme<\/title>\n<meta name=\"description\" content=\"Refroidisseur de boissons ext\u00e9rieur \u00e0 fa\u00e7ade en verre vendu et install\u00e9 par le Groupe Belleflamme. Laval, Montr\u00e9al, Gatineau, Drummondville et Saint-Sauveur.\" \/>\n<meta name=\"robots\" content=\"index, follow, max-snippet:-1, max-image-preview:large, max-video-preview:-1\" \/>\n<link rel=\"canonical\" href=\"https:\/\/staging.belleflamme.ca\/fr\/produit\/refroidisseur-de-boissons-exterieur-a-facade-en-verre\/\" \/>\n<meta property=\"og:locale\" content=\"fr_FR\" \/>\n<meta property=\"og:type\" content=\"article\" \/>\n<meta property=\"og:title\" content=\"Refroidisseur de boissons ext\u00e9rieur \u00e0 fa\u00e7ade en verre\" \/>\n<meta property=\"og:description\" content=\"Refroidisseur de boissons ext\u00e9rieur \u00e0 fa\u00e7ade en verre vendu et install\u00e9 par le Groupe Belleflamme. Laval, Montr\u00e9al, Gatineau, Drummondville et Saint-Sauveur.\" \/>\n<meta property=\"og:url\" content=\"https:\/\/staging.belleflamme.ca\/fr\/produit\/refroidisseur-de-boissons-exterieur-a-facade-en-verre\/\" \/>\n<meta property=\"og:site_name\" content=\"Groupe BelleFlamme\" \/>\n<meta property=\"article:publisher\" content=\"https:\/\/www.facebook.com\/belleflamme.ca\/\" \/>\n<meta property=\"article:modified_time\" content=\"2024-05-16T17:07:29+00:00\" \/>\n<meta property=\"og:image\" content=\"https:\/\/www.belleflamme.ca\/wp-content\/uploads\/2023\/06\/Refroidisseur-de-boissons-exterieur-a-facade-en-verre.webp\" \/>\n\t<meta property=\"og:image:width\" content=\"450\" \/>\n\t<meta property=\"og:image:height\" content=\"450\" \/>\n\t<meta property=\"og:image:type\" content=\"image\/webp\" \/>\n<meta name=\"twitter:card\" content=\"summary_large_image\" \/>\n<meta name=\"twitter:label1\" content=\"Prix\" \/>\n\t<meta name=\"twitter:data1\" content=\"\" \/>\n\t<meta name=\"twitter:label2\" content=\"Disponibilit\u00e9\" \/>\n\t<meta name=\"twitter:data2\" content=\"En stock\" \/>\n<script type=\"application\/ld+json\" class=\"yoast-schema-graph\">{\"@context\":\"https:\/\/schema.org\",\"@graph\":[{\"@type\":[\"WebPage\",\"ItemPage\"],\"@id\":\"https:\/\/staging.belleflamme.ca\/fr\/produit\/refroidisseur-de-boissons-exterieur-a-facade-en-verre\/\",\"url\":\"https:\/\/staging.belleflamme.ca\/fr\/produit\/refroidisseur-de-boissons-exterieur-a-facade-en-verre\/\",\"name\":\"Refroidisseur de boissons ext\u00e9rieur \u00e0 fa\u00e7ade en verre - Groupe BelleFlamme\",\"isPartOf\":{\"@id\":\"https:\/\/www.belleflamme.ca\/fr\/#website\"},\"primaryImageOfPage\":{\"@id\":\"https:\/\/staging.belleflamme.ca\/fr\/produit\/refroidisseur-de-boissons-exterieur-a-facade-en-verre\/#primaryimage\"},\"image\":{\"@id\":\"https:\/\/staging.belleflamme.ca\/fr\/produit\/refroidisseur-de-boissons-exterieur-a-facade-en-verre\/#primaryimage\"},\"thumbnailUrl\":\"https:\/\/staging.belleflamme.ca\/wp-content\/uploads\/2023\/06\/Refroidisseur-de-boissons-exterieur-a-facade-en-verre.webp\",\"datePublished\":\"2023-06-07T14:47:42+00:00\",\"dateModified\":\"2024-05-16T17:07:29+00:00\",\"description\":\"Refroidisseur de boissons ext\u00e9rieur \u00e0 fa\u00e7ade en verre [get_meta_en_fr]\",\"breadcrumb\":{\"@id\":\"https:\/\/staging.belleflamme.ca\/fr\/produit\/refroidisseur-de-boissons-exterieur-a-facade-en-verre\/#breadcrumb\"},\"inLanguage\":\"fr-FR\",\"potentialAction\":[{\"@type\":\"ReadAction\",\"target\":[\"https:\/\/staging.belleflamme.ca\/fr\/produit\/refroidisseur-de-boissons-exterieur-a-facade-en-verre\/\"]}]},{\"@type\":\"ImageObject\",\"inLanguage\":\"fr-FR\",\"@id\":\"https:\/\/staging.belleflamme.ca\/fr\/produit\/refroidisseur-de-boissons-exterieur-a-facade-en-verre\/#primaryimage\",\"url\":\"https:\/\/staging.belleflamme.ca\/wp-content\/uploads\/2023\/06\/Refroidisseur-de-boissons-exterieur-a-facade-en-verre.webp\",\"contentUrl\":\"https:\/\/staging.belleflamme.ca\/wp-content\/uploads\/2023\/06\/Refroidisseur-de-boissons-exterieur-a-facade-en-verre.webp\",\"width\":450,\"height\":450,\"caption\":\"Refroidisseur de boissons ext\u00e9rieur \u00e0 fa\u00e7ade en verre\"},{\"@type\":\"BreadcrumbList\",\"@id\":\"https:\/\/staging.belleflamme.ca\/fr\/produit\/refroidisseur-de-boissons-exterieur-a-facade-en-verre\/#breadcrumb\",\"itemListElement\":[{\"@type\":\"ListItem\",\"position\":1,\"name\":\"Accueil\",\"item\":\"https:\/\/www.belleflamme.ca\/fr\/\"},{\"@type\":\"ListItem\",\"position\":2,\"name\":\"Boutique\",\"item\":\"https:\/\/www.belleflamme.ca\/fr\/boutique\/\"},{\"@type\":\"ListItem\",\"position\":3,\"name\":\"BBQ &amp; Produits Ext\u00e9rieurs\",\"item\":\"https:\/\/staging.belleflamme.ca\/fr\/categories\/bbq-produits-exterieurs\/\"},{\"@type\":\"ListItem\",\"position\":4,\"name\":\"Cuisine Ext\u00e9rieure\",\"item\":\"https:\/\/staging.belleflamme.ca\/fr\/categories\/bbq-produits-exterieurs\/cuisine-exterieure\/\"},{\"@type\":\"ListItem\",\"position\":5,\"name\":\"Cabinets et Modules\",\"item\":\"https:\/\/staging.belleflamme.ca\/fr\/categories\/bbq-produits-exterieurs\/cuisine-exterieure\/cabinets-et-modules\/\"},{\"@type\":\"ListItem\",\"position\":6,\"name\":\"Refroidisseur de boissons ext\u00e9rieur \u00e0 fa\u00e7ade en verre\"}]},{\"@type\":\"WebSite\",\"@id\":\"https:\/\/www.belleflamme.ca\/fr\/#website\",\"url\":\"https:\/\/www.belleflamme.ca\/fr\/\",\"name\":\"Groupe Belleflamme\",\"description\":\"La m\u00e9canique du b\u00e2timent dans le sang.\",\"publisher\":{\"@id\":\"https:\/\/www.belleflamme.ca\/fr\/#organization\"},\"potentialAction\":[{\"@type\":\"SearchAction\",\"target\":{\"@type\":\"EntryPoint\",\"urlTemplate\":\"https:\/\/www.belleflamme.ca\/fr\/?s={search_term_string}\"},\"query-input\":{\"@type\":\"PropertyValueSpecification\",\"valueRequired\":true,\"valueName\":\"search_term_string\"}}],\"inLanguage\":\"fr-FR\"},{\"@type\":[\"Organization\",\"Place\"],\"@id\":\"https:\/\/www.belleflamme.ca\/fr\/#organization\",\"name\":\"Groupe Belleflamme\",\"alternateName\":\"Belleflamme\",\"url\":\"https:\/\/www.belleflamme.ca\/fr\/\",\"logo\":{\"@type\":\"ImageObject\",\"inLanguage\":\"fr-FR\",\"@id\":\"https:\/\/www.belleflamme.ca\/fr\/#\/schema\/logo\/image\/\",\"url\":\"https:\/\/staging.belleflamme.ca\/wp-content\/uploads\/2023\/01\/og-image.jpg\",\"contentUrl\":\"https:\/\/staging.belleflamme.ca\/wp-content\/uploads\/2023\/01\/og-image.jpg\",\"width\":1200,\"height\":630,\"caption\":\"Groupe Belleflamme\"},\"image\":{\"@id\":\"https:\/\/www.belleflamme.ca\/fr\/#\/schema\/logo\/image\/\"},\"sameAs\":[\"https:\/\/www.facebook.com\/belleflamme.ca\/\",\"https:\/\/www.linkedin.com\/company\/belleflamme\/\",\"https:\/\/www.pinterest.ca\/groupebelleflamme\/\",\"https:\/\/www.instagram.com\/legroupebelleflamme\/\"],\"mainEntityOfPage\":{\"@id\":\"https:\/\/staging.belleflamme.ca\/fr\/produit\/refroidisseur-de-boissons-exterieur-a-facade-en-verre\/\"}}]}<\/script>\n<meta property=\"product:brand\" content=\"Blaze\" \/>\n<meta property=\"product:price:amount\" content=\"0.00\" \/>\n<meta property=\"product:price:currency\" content=\"CAD\" \/>\n<meta property=\"og:availability\" content=\"instock\" \/>\n<meta property=\"product:availability\" content=\"instock\" \/>\n<meta property=\"product:condition\" content=\"new\" \/>\n<!-- \/ Yoast SEO Premium plugin. -->","yoast_head_json":{"title":"Refroidisseur de boissons ext\u00e9rieur \u00e0 fa\u00e7ade en verre - Groupe BelleFlamme","description":"Refroidisseur de boissons ext\u00e9rieur \u00e0 fa\u00e7ade en verre vendu et install\u00e9 par le Groupe Belleflamme. Laval, Montr\u00e9al, Gatineau, Drummondville et Saint-Sauveur.","robots":{"index":"index","follow":"follow","max-snippet":"max-snippet:-1","max-image-preview":"max-image-preview:large","max-video-preview":"max-video-preview:-1"},"canonical":"https:\/\/staging.belleflamme.ca\/fr\/produit\/refroidisseur-de-boissons-exterieur-a-facade-en-verre\/","og_locale":"fr_FR","og_type":"article","og_title":"Refroidisseur de boissons ext\u00e9rieur \u00e0 fa\u00e7ade en verre","og_description":"Refroidisseur de boissons ext\u00e9rieur \u00e0 fa\u00e7ade en verre vendu et install\u00e9 par le Groupe Belleflamme. Laval, Montr\u00e9al, Gatineau, Drummondville et Saint-Sauveur.","og_url":"https:\/\/staging.belleflamme.ca\/fr\/produit\/refroidisseur-de-boissons-exterieur-a-facade-en-verre\/","og_site_name":"Groupe BelleFlamme","article_publisher":"https:\/\/www.facebook.com\/belleflamme.ca\/","article_modified_time":"2024-05-16T17:07:29+00:00","og_image":[{"width":450,"height":450,"url":"https:\/\/www.belleflamme.ca\/wp-content\/uploads\/2023\/06\/Refroidisseur-de-boissons-exterieur-a-facade-en-verre.webp","type":"image\/webp"}],"twitter_card":"summary_large_image","twitter_misc":{"Prix":"","Disponibilit\u00e9":"En stock"},"schema":{"@context":"https:\/\/schema.org","@graph":[{"@type":["WebPage","ItemPage"],"@id":"https:\/\/staging.belleflamme.ca\/fr\/produit\/refroidisseur-de-boissons-exterieur-a-facade-en-verre\/","url":"https:\/\/staging.belleflamme.ca\/fr\/produit\/refroidisseur-de-boissons-exterieur-a-facade-en-verre\/","name":"Refroidisseur de boissons ext\u00e9rieur \u00e0 fa\u00e7ade en verre - Groupe BelleFlamme","isPartOf":{"@id":"https:\/\/www.belleflamme.ca\/fr\/#website"},"primaryImageOfPage":{"@id":"https:\/\/staging.belleflamme.ca\/fr\/produit\/refroidisseur-de-boissons-exterieur-a-facade-en-verre\/#primaryimage"},"image":{"@id":"https:\/\/staging.belleflamme.ca\/fr\/produit\/refroidisseur-de-boissons-exterieur-a-facade-en-verre\/#primaryimage"},"thumbnailUrl":"https:\/\/staging.belleflamme.ca\/wp-content\/uploads\/2023\/06\/Refroidisseur-de-boissons-exterieur-a-facade-en-verre.webp","datePublished":"2023-06-07T14:47:42+00:00","dateModified":"2024-05-16T17:07:29+00:00","description":"Refroidisseur de boissons ext\u00e9rieur \u00e0 fa\u00e7ade en verre [get_meta_en_fr]","breadcrumb":{"@id":"https:\/\/staging.belleflamme.ca\/fr\/produit\/refroidisseur-de-boissons-exterieur-a-facade-en-verre\/#breadcrumb"},"inLanguage":"fr-FR","potentialAction":[{"@type":"ReadAction","target":["https:\/\/staging.belleflamme.ca\/fr\/produit\/refroidisseur-de-boissons-exterieur-a-facade-en-verre\/"]}]},{"@type":"ImageObject","inLanguage":"fr-FR","@id":"https:\/\/staging.belleflamme.ca\/fr\/produit\/refroidisseur-de-boissons-exterieur-a-facade-en-verre\/#primaryimage","url":"https:\/\/staging.belleflamme.ca\/wp-content\/uploads\/2023\/06\/Refroidisseur-de-boissons-exterieur-a-facade-en-verre.webp","contentUrl":"https:\/\/staging.belleflamme.ca\/wp-content\/uploads\/2023\/06\/Refroidisseur-de-boissons-exterieur-a-facade-en-verre.webp","width":450,"height":450,"caption":"Refroidisseur de boissons ext\u00e9rieur \u00e0 fa\u00e7ade en verre"},{"@type":"BreadcrumbList","@id":"https:\/\/staging.belleflamme.ca\/fr\/produit\/refroidisseur-de-boissons-exterieur-a-facade-en-verre\/#breadcrumb","itemListElement":[{"@type":"ListItem","position":1,"name":"Accueil","item":"https:\/\/www.belleflamme.ca\/fr\/"},{"@type":"ListItem","position":2,"name":"Boutique","item":"https:\/\/www.belleflamme.ca\/fr\/boutique\/"},{"@type":"ListItem","position":3,"name":"BBQ &amp; Produits Ext\u00e9rieurs","item":"https:\/\/staging.belleflamme.ca\/fr\/categories\/bbq-produits-exterieurs\/"},{"@type":"ListItem","position":4,"name":"Cuisine Ext\u00e9rieure","item":"https:\/\/staging.belleflamme.ca\/fr\/categories\/bbq-produits-exterieurs\/cuisine-exterieure\/"},{"@type":"ListItem","position":5,"name":"Cabinets et Modules","item":"https:\/\/staging.belleflamme.ca\/fr\/categories\/bbq-produits-exterieurs\/cuisine-exterieure\/cabinets-et-modules\/"},{"@type":"ListItem","position":6,"name":"Refroidisseur de boissons ext\u00e9rieur \u00e0 fa\u00e7ade en verre"}]},{"@type":"WebSite","@id":"https:\/\/www.belleflamme.ca\/fr\/#website","url":"https:\/\/www.belleflamme.ca\/fr\/","name":"Groupe Belleflamme","description":"La m\u00e9canique du b\u00e2timent dans le sang.","publisher":{"@id":"https:\/\/www.belleflamme.ca\/fr\/#organization"},"potentialAction":[{"@type":"SearchAction","target":{"@type":"EntryPoint","urlTemplate":"https:\/\/www.belleflamme.ca\/fr\/?s={search_term_string}"},"query-input":{"@type":"PropertyValueSpecification","valueRequired":true,"valueName":"search_term_string"}}],"inLanguage":"fr-FR"},{"@type":["Organization","Place"],"@id":"https:\/\/www.belleflamme.ca\/fr\/#organization","name":"Groupe Belleflamme","alternateName":"Belleflamme","url":"https:\/\/www.belleflamme.ca\/fr\/","logo":{"@type":"ImageObject","inLanguage":"fr-FR","@id":"https:\/\/www.belleflamme.ca\/fr\/#\/schema\/logo\/image\/","url":"https:\/\/staging.belleflamme.ca\/wp-content\/uploads\/2023\/01\/og-image.jpg","contentUrl":"https:\/\/staging.belleflamme.ca\/wp-content\/uploads\/2023\/01\/og-image.jpg","width":1200,"height":630,"caption":"Groupe Belleflamme"},"image":{"@id":"https:\/\/www.belleflamme.ca\/fr\/#\/schema\/logo\/image\/"},"sameAs":["https:\/\/www.facebook.com\/belleflamme.ca\/","https:\/\/www.linkedin.com\/company\/belleflamme\/","https:\/\/www.pinterest.ca\/groupebelleflamme\/","https:\/\/www.instagram.com\/legroupebelleflamme\/"],"mainEntityOfPage":{"@id":"https:\/\/staging.belleflamme.ca\/fr\/produit\/refroidisseur-de-boissons-exterieur-a-facade-en-verre\/"}}]},"product_brand":"Blaze","product_price_amount":"0.00","product_price_currency":"CAD","og_availability":"instock","product_availability":"instock","product_condition":"new"},"_links":{"self":[{"href":"https:\/\/staging.belleflamme.ca\/fr\/wp-json\/wp\/v2\/product\/15580","targetHints":{"allow":["GET"]}}],"collection":[{"href":"https:\/\/staging.belleflamme.ca\/fr\/wp-json\/wp\/v2\/product"}],"about":[{"href":"https:\/\/staging.belleflamme.ca\/fr\/wp-json\/wp\/v2\/types\/product"}],"version-history":[{"count":2,"href":"https:\/\/staging.belleflamme.ca\/fr\/wp-json\/wp\/v2\/product\/15580\/revisions"}],"predecessor-version":[{"id":38832,"href":"https:\/\/staging.belleflamme.ca\/fr\/wp-json\/wp\/v2\/product\/15580\/revisions\/38832"}],"wp:featuredmedia":[{"embeddable":true,"href":"https:\/\/staging.belleflamme.ca\/fr\/wp-json\/wp\/v2\/media\/15581"}],"wp:attachment":[{"href":"https:\/\/staging.belleflamme.ca\/fr\/wp-json\/wp\/v2\/media?parent=15580"}],"wp:term":[{"taxonomy":"product_brand","embeddable":true,"href":"https:\/\/staging.belleflamme.ca\/fr\/wp-json\/wp\/v2\/product_brand?post=15580"},{"taxonomy":"product_cat","embeddable":true,"href":"https:\/\/staging.belleflamme.ca\/fr\/wp-json\/wp\/v2\/product_cat?post=15580"},{"taxonomy":"product_tag","embeddable":true,"href":"https:\/\/staging.belleflamme.ca\/fr\/wp-json\/wp\/v2\/product_tag?post=15580"}],"curies":[{"name":"wp","href":"https:\/\/api.w.org\/{rel}","templated":true}]}}