{"id":14835,"date":"2023-05-16T16:51:46","date_gmt":"2023-05-16T20:51:46","guid":{"rendered":"https:\/\/www.belleflamme.ca\/?post_type=product&#038;p=14835"},"modified":"2024-05-16T12:49:10","modified_gmt":"2024-05-16T16:49:10","slug":"chariot-de-gril-blaze-pour-grils-a-gaz-traditionnels-lte-de-32-pouces-et-gril-a-charbon","status":"publish","type":"product","link":"https:\/\/staging.belleflamme.ca\/fr\/produit\/chariot-de-gril-blaze-pour-grils-a-gaz-traditionnels-lte-de-32-pouces-et-gril-a-charbon\/","title":{"rendered":"Chariot de gril Blaze pour grils \u00e0 gaz traditionnels\/LTE de 32 pouces et gril \u00e0 charbon"},"content":{"rendered":"<ul>\n<li>La construction en acier inoxydable est durable dans des conditions ext\u00e9rieures<\/li>\n<li>Charni\u00e8res \u00e0 fermeture en douceur pour une fermeture facile de toutes les portes<\/li>\n<li>Ajoute un espace de rangement pratique pour vos accessoires de barbecue<\/li>\n<li>2 tablettes lat\u00e9rales offrent un espace de travail pratique pendant la cuisson<\/li>\n<li>4 roulettes robustes vous permettent de repositionner le gril au besoin<\/li>\n<li>Contient\u00a0les mod\u00e8les de gril\u00a0<strong>BLZ-4-NG\/LP<\/strong>\u00a0,\u00a0<strong>BLZ-4LTE2-NG\/LP<\/strong>\u00a0et\u00a0<strong>BLZ-4-CHAR<\/strong><\/li>\n<\/ul>\n<p>Ce chariot de gril en acier inoxydable Blaze est sp\u00e9cialement con\u00e7u pour accueillir les grils \u00e0 gaz et \u00e0 charbon Blaze de 32 pouces. La construction en acier inoxydable assure une longue dur\u00e9e de vie pour des ann\u00e9es d&#8217;utilisation en ext\u00e9rieur et les quatre roulettes robustes vous permettent de d\u00e9placer facilement le gril chaque fois que n\u00e9cessaire. Les deux \u00e9tag\u00e8res lat\u00e9rales en acier inoxydable gardent vos outils de barbecue \u00e0 port\u00e9e de main et offrent un espace de travail pratique pendant que vous cuisinez. Le chariot de barbecue Blaze comprend \u00e9galement deux portes avant avec des poign\u00e9es modernes pour acc\u00e9der \u00e0 l&#8217;armoire \u00e0 fermeture en douceur sous le gril o\u00f9 vous pouvez ranger votre r\u00e9servoir de propane, votre couvercle de gril et vos accessoires de barbecue. Garantie \u00e0 vie au propri\u00e9taire d&#8217;origine contre les d\u00e9fauts de fabrication et de fabrication. Cette garantie s&#8217;\u00e9tend \u00e0 l&#8217;acheteur d&#8217;origine contre les d\u00e9fauts de fabrication pour les produits achet\u00e9s pour une utilisation domestique unifamiliale ordinaire.<\/p>\n<p>Poids 69 livres<br \/>\nConfiguration<br \/>\nSur le panier<\/p>\n<p>Taille<br \/>\n32 pouces<\/p>\n<p>Mat\u00e9riau ext\u00e9rieur<br \/>\nAcier inoxydable<\/p>\n<p>Espace de travail<br \/>\nOui<\/p>\n<p>Nombre d&#8217;\u00e9tag\u00e8res lat\u00e9rales<br \/>\n2<\/p>\n<p>Sur roues<br \/>\nOui<\/p>\n<p>garantie<br \/>\nDur\u00e9e de vie<\/p>\n<p>Dimensions<br \/>\n35\u00bd\u2033 H \u00d7 56\u00bc\u2033 L \u00d7 22\u215b\u2033 P<\/p>\n<p>Chariot sans \u00e9tag\u00e8res<br \/>\n35\u215d\u2033 H \u00d7 34\u00bd\u2033 L \u00d7 22\u2033 P<\/p>\n<p>Dimensions de l&#8217;\u00e9tag\u00e8re unique<br \/>\n11\u2033 L \u00d7 22\u2033 P<\/p>\n<p>Ouverture de porte physique<br \/>\n18\u00bd\u2033 H \u00d7 28\u00be\u2033 L<\/p>\n","protected":false},"excerpt":{"rendered":"<p>La construction en acier inoxydable est durable dans des conditions ext\u00e9rieures Charni\u00e8res \u00e0 fermeture en douceur pour une fermeture facile de toutes les portes Ajoute un espace de rangement pratique pour vos accessoires de barbecue 2 tablettes lat\u00e9rales offrent un espace de travail pratique pendant la cuisson 4 roulettes robustes vous permettent de repositionner le [&hellip;]<\/p>\n","protected":false},"featured_media":14836,"template":"","meta":{"inline_featured_image":false},"product_brand":[],"product_cat":[117,113,352,116],"product_tag":[],"class_list":{"0":"post-14835","1":"product","2":"type-product","3":"status-publish","4":"has-post-thumbnail","6":"product_cat-accessoires-de-bbq","7":"product_cat-bbq-produits-exterieurs","8":"product_cat-cabinets-et-modules","9":"product_cat-cuisine-exterieure","11":"first","12":"instock","13":"taxable","14":"shipping-taxable","15":"product-type-simple"},"yoast_head":"<!-- This site is optimized with the Yoast SEO Premium plugin v24.2 (Yoast SEO v24.2) - https:\/\/yoast.com\/wordpress\/plugins\/seo\/ -->\n<title>Chariot de gril Blaze pour grils \u00e0 gaz traditionnels\/LTE de 32 pouces et gril \u00e0 charbon - Groupe BelleFlamme<\/title>\n<meta name=\"description\" content=\"Chariot de gril Blaze pour grils \u00e0 gaz traditionnels\/LTE de 32 pouces et gril \u00e0 charbon vendu et install\u00e9 par le Groupe Belleflamme. Laval, Montr\u00e9al, Gatineau, Drummondville et Saint-Sauveur.\" \/>\n<meta name=\"robots\" content=\"index, follow, max-snippet:-1, max-image-preview:large, max-video-preview:-1\" \/>\n<link rel=\"canonical\" href=\"https:\/\/staging.belleflamme.ca\/fr\/produit\/chariot-de-gril-blaze-pour-grils-a-gaz-traditionnels-lte-de-32-pouces-et-gril-a-charbon\/\" \/>\n<meta property=\"og:locale\" content=\"fr_FR\" \/>\n<meta property=\"og:type\" content=\"article\" \/>\n<meta property=\"og:title\" content=\"Chariot de gril Blaze pour grils \u00e0 gaz traditionnels\/LTE de 32 pouces et gril \u00e0 charbon\" \/>\n<meta property=\"og:description\" content=\"Chariot de gril Blaze pour grils \u00e0 gaz traditionnels\/LTE de 32 pouces et gril \u00e0 charbon vendu et install\u00e9 par le Groupe Belleflamme. Laval, Montr\u00e9al, Gatineau, Drummondville et Saint-Sauveur.\" \/>\n<meta property=\"og:url\" content=\"https:\/\/staging.belleflamme.ca\/fr\/produit\/chariot-de-gril-blaze-pour-grils-a-gaz-traditionnels-lte-de-32-pouces-et-gril-a-charbon\/\" \/>\n<meta property=\"og:site_name\" content=\"Groupe BelleFlamme\" \/>\n<meta property=\"article:publisher\" content=\"https:\/\/www.facebook.com\/belleflamme.ca\/\" \/>\n<meta property=\"article:modified_time\" content=\"2024-05-16T16:49:10+00:00\" \/>\n<meta property=\"og:image\" content=\"https:\/\/www.belleflamme.ca\/wp-content\/uploads\/2023\/05\/BLZ-4-CART-SC-scaled-1.webp\" \/>\n\t<meta property=\"og:image:width\" content=\"1080\" \/>\n\t<meta property=\"og:image:height\" content=\"1080\" \/>\n\t<meta property=\"og:image:type\" content=\"image\/webp\" \/>\n<meta name=\"twitter:card\" content=\"summary_large_image\" \/>\n<meta name=\"twitter:label1\" content=\"Prix\" \/>\n\t<meta name=\"twitter:data1\" content=\"\" \/>\n\t<meta name=\"twitter:label2\" content=\"Disponibilit\u00e9\" \/>\n\t<meta name=\"twitter:data2\" content=\"En stock\" \/>\n<script type=\"application\/ld+json\" class=\"yoast-schema-graph\">{\"@context\":\"https:\/\/schema.org\",\"@graph\":[{\"@type\":[\"WebPage\",\"ItemPage\"],\"@id\":\"https:\/\/staging.belleflamme.ca\/fr\/produit\/chariot-de-gril-blaze-pour-grils-a-gaz-traditionnels-lte-de-32-pouces-et-gril-a-charbon\/\",\"url\":\"https:\/\/staging.belleflamme.ca\/fr\/produit\/chariot-de-gril-blaze-pour-grils-a-gaz-traditionnels-lte-de-32-pouces-et-gril-a-charbon\/\",\"name\":\"Chariot de gril Blaze pour grils \u00e0 gaz traditionnels\/LTE de 32 pouces et gril \u00e0 charbon - Groupe BelleFlamme\",\"isPartOf\":{\"@id\":\"https:\/\/www.belleflamme.ca\/fr\/#website\"},\"primaryImageOfPage\":{\"@id\":\"https:\/\/staging.belleflamme.ca\/fr\/produit\/chariot-de-gril-blaze-pour-grils-a-gaz-traditionnels-lte-de-32-pouces-et-gril-a-charbon\/#primaryimage\"},\"image\":{\"@id\":\"https:\/\/staging.belleflamme.ca\/fr\/produit\/chariot-de-gril-blaze-pour-grils-a-gaz-traditionnels-lte-de-32-pouces-et-gril-a-charbon\/#primaryimage\"},\"thumbnailUrl\":\"https:\/\/staging.belleflamme.ca\/wp-content\/uploads\/2023\/05\/BLZ-4-CART-SC-scaled-1.webp\",\"datePublished\":\"2023-05-16T20:51:46+00:00\",\"dateModified\":\"2024-05-16T16:49:10+00:00\",\"description\":\"Chariot de gril Blaze pour grils \u00e0 gaz traditionnels\/LTE de 32 pouces et gril \u00e0 charbon [get_meta_en_fr]\",\"breadcrumb\":{\"@id\":\"https:\/\/staging.belleflamme.ca\/fr\/produit\/chariot-de-gril-blaze-pour-grils-a-gaz-traditionnels-lte-de-32-pouces-et-gril-a-charbon\/#breadcrumb\"},\"inLanguage\":\"fr-FR\",\"potentialAction\":[{\"@type\":\"ReadAction\",\"target\":[\"https:\/\/staging.belleflamme.ca\/fr\/produit\/chariot-de-gril-blaze-pour-grils-a-gaz-traditionnels-lte-de-32-pouces-et-gril-a-charbon\/\"]}]},{\"@type\":\"ImageObject\",\"inLanguage\":\"fr-FR\",\"@id\":\"https:\/\/staging.belleflamme.ca\/fr\/produit\/chariot-de-gril-blaze-pour-grils-a-gaz-traditionnels-lte-de-32-pouces-et-gril-a-charbon\/#primaryimage\",\"url\":\"https:\/\/staging.belleflamme.ca\/wp-content\/uploads\/2023\/05\/BLZ-4-CART-SC-scaled-1.webp\",\"contentUrl\":\"https:\/\/staging.belleflamme.ca\/wp-content\/uploads\/2023\/05\/BLZ-4-CART-SC-scaled-1.webp\",\"width\":1080,\"height\":1080,\"caption\":\"Chariot de gril Blaze pour grils \u00e0 gaz traditionnels\/LTE de 32 pouces et gril \u00e0 charbon\"},{\"@type\":\"BreadcrumbList\",\"@id\":\"https:\/\/staging.belleflamme.ca\/fr\/produit\/chariot-de-gril-blaze-pour-grils-a-gaz-traditionnels-lte-de-32-pouces-et-gril-a-charbon\/#breadcrumb\",\"itemListElement\":[{\"@type\":\"ListItem\",\"position\":1,\"name\":\"Accueil\",\"item\":\"https:\/\/www.belleflamme.ca\/fr\/\"},{\"@type\":\"ListItem\",\"position\":2,\"name\":\"Boutique\",\"item\":\"https:\/\/www.belleflamme.ca\/fr\/boutique\/\"},{\"@type\":\"ListItem\",\"position\":3,\"name\":\"BBQ &amp; Produits Ext\u00e9rieurs\",\"item\":\"https:\/\/staging.belleflamme.ca\/fr\/categories\/bbq-produits-exterieurs\/\"},{\"@type\":\"ListItem\",\"position\":4,\"name\":\"Cuisine Ext\u00e9rieure\",\"item\":\"https:\/\/staging.belleflamme.ca\/fr\/categories\/bbq-produits-exterieurs\/cuisine-exterieure\/\"},{\"@type\":\"ListItem\",\"position\":5,\"name\":\"Cabinets et Modules\",\"item\":\"https:\/\/staging.belleflamme.ca\/fr\/categories\/bbq-produits-exterieurs\/cuisine-exterieure\/cabinets-et-modules\/\"},{\"@type\":\"ListItem\",\"position\":6,\"name\":\"Chariot de gril Blaze pour grils \u00e0 gaz traditionnels\/LTE de 32 pouces et gril \u00e0 charbon\"}]},{\"@type\":\"WebSite\",\"@id\":\"https:\/\/www.belleflamme.ca\/fr\/#website\",\"url\":\"https:\/\/www.belleflamme.ca\/fr\/\",\"name\":\"Groupe Belleflamme\",\"description\":\"La m\u00e9canique du b\u00e2timent dans le sang.\",\"publisher\":{\"@id\":\"https:\/\/www.belleflamme.ca\/fr\/#organization\"},\"potentialAction\":[{\"@type\":\"SearchAction\",\"target\":{\"@type\":\"EntryPoint\",\"urlTemplate\":\"https:\/\/www.belleflamme.ca\/fr\/?s={search_term_string}\"},\"query-input\":{\"@type\":\"PropertyValueSpecification\",\"valueRequired\":true,\"valueName\":\"search_term_string\"}}],\"inLanguage\":\"fr-FR\"},{\"@type\":[\"Organization\",\"Place\"],\"@id\":\"https:\/\/www.belleflamme.ca\/fr\/#organization\",\"name\":\"Groupe Belleflamme\",\"alternateName\":\"Belleflamme\",\"url\":\"https:\/\/www.belleflamme.ca\/fr\/\",\"logo\":{\"@type\":\"ImageObject\",\"inLanguage\":\"fr-FR\",\"@id\":\"https:\/\/www.belleflamme.ca\/fr\/#\/schema\/logo\/image\/\",\"url\":\"https:\/\/staging.belleflamme.ca\/wp-content\/uploads\/2023\/01\/og-image.jpg\",\"contentUrl\":\"https:\/\/staging.belleflamme.ca\/wp-content\/uploads\/2023\/01\/og-image.jpg\",\"width\":1200,\"height\":630,\"caption\":\"Groupe Belleflamme\"},\"image\":{\"@id\":\"https:\/\/www.belleflamme.ca\/fr\/#\/schema\/logo\/image\/\"},\"sameAs\":[\"https:\/\/www.facebook.com\/belleflamme.ca\/\",\"https:\/\/www.linkedin.com\/company\/belleflamme\/\",\"https:\/\/www.pinterest.ca\/groupebelleflamme\/\",\"https:\/\/www.instagram.com\/legroupebelleflamme\/\"],\"mainEntityOfPage\":{\"@id\":\"https:\/\/staging.belleflamme.ca\/fr\/produit\/chariot-de-gril-blaze-pour-grils-a-gaz-traditionnels-lte-de-32-pouces-et-gril-a-charbon\/\"}}]}<\/script>\n<meta property=\"product:price:amount\" content=\"0.00\" \/>\n<meta property=\"product:price:currency\" content=\"CAD\" \/>\n<meta property=\"og:availability\" content=\"instock\" \/>\n<meta property=\"product:availability\" content=\"instock\" \/>\n<meta property=\"product:condition\" content=\"new\" \/>\n<!-- \/ Yoast SEO Premium plugin. -->","yoast_head_json":{"title":"Chariot de gril Blaze pour grils \u00e0 gaz traditionnels\/LTE de 32 pouces et gril \u00e0 charbon - Groupe BelleFlamme","description":"Chariot de gril Blaze pour grils \u00e0 gaz traditionnels\/LTE de 32 pouces et gril \u00e0 charbon vendu et install\u00e9 par le Groupe Belleflamme. Laval, Montr\u00e9al, Gatineau, Drummondville et Saint-Sauveur.","robots":{"index":"index","follow":"follow","max-snippet":"max-snippet:-1","max-image-preview":"max-image-preview:large","max-video-preview":"max-video-preview:-1"},"canonical":"https:\/\/staging.belleflamme.ca\/fr\/produit\/chariot-de-gril-blaze-pour-grils-a-gaz-traditionnels-lte-de-32-pouces-et-gril-a-charbon\/","og_locale":"fr_FR","og_type":"article","og_title":"Chariot de gril Blaze pour grils \u00e0 gaz traditionnels\/LTE de 32 pouces et gril \u00e0 charbon","og_description":"Chariot de gril Blaze pour grils \u00e0 gaz traditionnels\/LTE de 32 pouces et gril \u00e0 charbon vendu et install\u00e9 par le Groupe Belleflamme. Laval, Montr\u00e9al, Gatineau, Drummondville et Saint-Sauveur.","og_url":"https:\/\/staging.belleflamme.ca\/fr\/produit\/chariot-de-gril-blaze-pour-grils-a-gaz-traditionnels-lte-de-32-pouces-et-gril-a-charbon\/","og_site_name":"Groupe BelleFlamme","article_publisher":"https:\/\/www.facebook.com\/belleflamme.ca\/","article_modified_time":"2024-05-16T16:49:10+00:00","og_image":[{"width":1080,"height":1080,"url":"https:\/\/www.belleflamme.ca\/wp-content\/uploads\/2023\/05\/BLZ-4-CART-SC-scaled-1.webp","type":"image\/webp"}],"twitter_card":"summary_large_image","twitter_misc":{"Prix":"","Disponibilit\u00e9":"En stock"},"schema":{"@context":"https:\/\/schema.org","@graph":[{"@type":["WebPage","ItemPage"],"@id":"https:\/\/staging.belleflamme.ca\/fr\/produit\/chariot-de-gril-blaze-pour-grils-a-gaz-traditionnels-lte-de-32-pouces-et-gril-a-charbon\/","url":"https:\/\/staging.belleflamme.ca\/fr\/produit\/chariot-de-gril-blaze-pour-grils-a-gaz-traditionnels-lte-de-32-pouces-et-gril-a-charbon\/","name":"Chariot de gril Blaze pour grils \u00e0 gaz traditionnels\/LTE de 32 pouces et gril \u00e0 charbon - Groupe BelleFlamme","isPartOf":{"@id":"https:\/\/www.belleflamme.ca\/fr\/#website"},"primaryImageOfPage":{"@id":"https:\/\/staging.belleflamme.ca\/fr\/produit\/chariot-de-gril-blaze-pour-grils-a-gaz-traditionnels-lte-de-32-pouces-et-gril-a-charbon\/#primaryimage"},"image":{"@id":"https:\/\/staging.belleflamme.ca\/fr\/produit\/chariot-de-gril-blaze-pour-grils-a-gaz-traditionnels-lte-de-32-pouces-et-gril-a-charbon\/#primaryimage"},"thumbnailUrl":"https:\/\/staging.belleflamme.ca\/wp-content\/uploads\/2023\/05\/BLZ-4-CART-SC-scaled-1.webp","datePublished":"2023-05-16T20:51:46+00:00","dateModified":"2024-05-16T16:49:10+00:00","description":"Chariot de gril Blaze pour grils \u00e0 gaz traditionnels\/LTE de 32 pouces et gril \u00e0 charbon [get_meta_en_fr]","breadcrumb":{"@id":"https:\/\/staging.belleflamme.ca\/fr\/produit\/chariot-de-gril-blaze-pour-grils-a-gaz-traditionnels-lte-de-32-pouces-et-gril-a-charbon\/#breadcrumb"},"inLanguage":"fr-FR","potentialAction":[{"@type":"ReadAction","target":["https:\/\/staging.belleflamme.ca\/fr\/produit\/chariot-de-gril-blaze-pour-grils-a-gaz-traditionnels-lte-de-32-pouces-et-gril-a-charbon\/"]}]},{"@type":"ImageObject","inLanguage":"fr-FR","@id":"https:\/\/staging.belleflamme.ca\/fr\/produit\/chariot-de-gril-blaze-pour-grils-a-gaz-traditionnels-lte-de-32-pouces-et-gril-a-charbon\/#primaryimage","url":"https:\/\/staging.belleflamme.ca\/wp-content\/uploads\/2023\/05\/BLZ-4-CART-SC-scaled-1.webp","contentUrl":"https:\/\/staging.belleflamme.ca\/wp-content\/uploads\/2023\/05\/BLZ-4-CART-SC-scaled-1.webp","width":1080,"height":1080,"caption":"Chariot de gril Blaze pour grils \u00e0 gaz traditionnels\/LTE de 32 pouces et gril \u00e0 charbon"},{"@type":"BreadcrumbList","@id":"https:\/\/staging.belleflamme.ca\/fr\/produit\/chariot-de-gril-blaze-pour-grils-a-gaz-traditionnels-lte-de-32-pouces-et-gril-a-charbon\/#breadcrumb","itemListElement":[{"@type":"ListItem","position":1,"name":"Accueil","item":"https:\/\/www.belleflamme.ca\/fr\/"},{"@type":"ListItem","position":2,"name":"Boutique","item":"https:\/\/www.belleflamme.ca\/fr\/boutique\/"},{"@type":"ListItem","position":3,"name":"BBQ &amp; Produits Ext\u00e9rieurs","item":"https:\/\/staging.belleflamme.ca\/fr\/categories\/bbq-produits-exterieurs\/"},{"@type":"ListItem","position":4,"name":"Cuisine Ext\u00e9rieure","item":"https:\/\/staging.belleflamme.ca\/fr\/categories\/bbq-produits-exterieurs\/cuisine-exterieure\/"},{"@type":"ListItem","position":5,"name":"Cabinets et Modules","item":"https:\/\/staging.belleflamme.ca\/fr\/categories\/bbq-produits-exterieurs\/cuisine-exterieure\/cabinets-et-modules\/"},{"@type":"ListItem","position":6,"name":"Chariot de gril Blaze pour grils \u00e0 gaz traditionnels\/LTE de 32 pouces et gril \u00e0 charbon"}]},{"@type":"WebSite","@id":"https:\/\/www.belleflamme.ca\/fr\/#website","url":"https:\/\/www.belleflamme.ca\/fr\/","name":"Groupe Belleflamme","description":"La m\u00e9canique du b\u00e2timent dans le sang.","publisher":{"@id":"https:\/\/www.belleflamme.ca\/fr\/#organization"},"potentialAction":[{"@type":"SearchAction","target":{"@type":"EntryPoint","urlTemplate":"https:\/\/www.belleflamme.ca\/fr\/?s={search_term_string}"},"query-input":{"@type":"PropertyValueSpecification","valueRequired":true,"valueName":"search_term_string"}}],"inLanguage":"fr-FR"},{"@type":["Organization","Place"],"@id":"https:\/\/www.belleflamme.ca\/fr\/#organization","name":"Groupe Belleflamme","alternateName":"Belleflamme","url":"https:\/\/www.belleflamme.ca\/fr\/","logo":{"@type":"ImageObject","inLanguage":"fr-FR","@id":"https:\/\/www.belleflamme.ca\/fr\/#\/schema\/logo\/image\/","url":"https:\/\/staging.belleflamme.ca\/wp-content\/uploads\/2023\/01\/og-image.jpg","contentUrl":"https:\/\/staging.belleflamme.ca\/wp-content\/uploads\/2023\/01\/og-image.jpg","width":1200,"height":630,"caption":"Groupe Belleflamme"},"image":{"@id":"https:\/\/www.belleflamme.ca\/fr\/#\/schema\/logo\/image\/"},"sameAs":["https:\/\/www.facebook.com\/belleflamme.ca\/","https:\/\/www.linkedin.com\/company\/belleflamme\/","https:\/\/www.pinterest.ca\/groupebelleflamme\/","https:\/\/www.instagram.com\/legroupebelleflamme\/"],"mainEntityOfPage":{"@id":"https:\/\/staging.belleflamme.ca\/fr\/produit\/chariot-de-gril-blaze-pour-grils-a-gaz-traditionnels-lte-de-32-pouces-et-gril-a-charbon\/"}}]},"product_price_amount":"0.00","product_price_currency":"CAD","og_availability":"instock","product_availability":"instock","product_condition":"new"},"_links":{"self":[{"href":"https:\/\/staging.belleflamme.ca\/fr\/wp-json\/wp\/v2\/product\/14835","targetHints":{"allow":["GET"]}}],"collection":[{"href":"https:\/\/staging.belleflamme.ca\/fr\/wp-json\/wp\/v2\/product"}],"about":[{"href":"https:\/\/staging.belleflamme.ca\/fr\/wp-json\/wp\/v2\/types\/product"}],"version-history":[{"count":2,"href":"https:\/\/staging.belleflamme.ca\/fr\/wp-json\/wp\/v2\/product\/14835\/revisions"}],"predecessor-version":[{"id":38805,"href":"https:\/\/staging.belleflamme.ca\/fr\/wp-json\/wp\/v2\/product\/14835\/revisions\/38805"}],"wp:featuredmedia":[{"embeddable":true,"href":"https:\/\/staging.belleflamme.ca\/fr\/wp-json\/wp\/v2\/media\/14836"}],"wp:attachment":[{"href":"https:\/\/staging.belleflamme.ca\/fr\/wp-json\/wp\/v2\/media?parent=14835"}],"wp:term":[{"taxonomy":"product_brand","embeddable":true,"href":"https:\/\/staging.belleflamme.ca\/fr\/wp-json\/wp\/v2\/product_brand?post=14835"},{"taxonomy":"product_cat","embeddable":true,"href":"https:\/\/staging.belleflamme.ca\/fr\/wp-json\/wp\/v2\/product_cat?post=14835"},{"taxonomy":"product_tag","embeddable":true,"href":"https:\/\/staging.belleflamme.ca\/fr\/wp-json\/wp\/v2\/product_tag?post=14835"}],"curies":[{"name":"wp","href":"https:\/\/api.w.org\/{rel}","templated":true}]}}