{"id":14803,"date":"2023-05-16T16:29:42","date_gmt":"2023-05-16T20:29:42","guid":{"rendered":"https:\/\/www.belleflamme.ca\/?post_type=product&#038;p=14803"},"modified":"2023-05-16T16:32:12","modified_gmt":"2023-05-16T20:32:12","slug":"pare-vent-blaze","status":"publish","type":"product","link":"https:\/\/staging.belleflamme.ca\/fr\/produit\/pare-vent-blaze\/","title":{"rendered":"Pare-vent Blaze"},"content":{"rendered":"<p><span>Ce pare-vent robuste en acier inoxydable 304 s&#8217;int\u00e8gre facilement dans les espaces ext\u00e9rieurs en se montant facilement dans votre d\u00e9coupe ou votre veste isolante existante.\u00a0Les pare-vent prot\u00e8gent le gril des vents allant jusqu&#8217;\u00e0 25 mi\/h et sont couverts par une garantie \u00e0 vie.<\/span><\/p>\n<ul>\n<li><strong><span>BLZ-WG-25\u00a0:<\/span><\/strong><span>\u00a0Pare-vent pour gril traditionnel \u00e0 3 br\u00fbleurs<\/span><\/li>\n<li><strong><span>BLZ-WG-32\u00a0:<\/span><\/strong><span>\u00a0Pare-vent pour gril traditionnel\/LTE \u00e0 4 br\u00fbleurs<\/span><\/li>\n<li><strong><span>BLZ-WG-40\u00a0:<\/span><\/strong><span>\u00a0Pare-vent pour gril traditionnel\/LTE \u00e0 5 br\u00fbleurs<\/span><\/li>\n<li><strong><span>BLZ-PROWG-34\u00a0:<\/span><\/strong><span>\u00a0Pare-vent professionnel pour gril \u00e0 3 br\u00fbleurs<\/span><\/li>\n<li><strong><span>BLZ-PROWG-44\u00a0:<\/span><\/strong><span>\u00a0Pare-vent professionnel pour gril \u00e0 4 br\u00fbleurs<\/span><\/li>\n<\/ul>\n<p>Le pare-vent Blaze est con\u00e7u sur mesure pour les situations de vent fort, telles que les zones c\u00f4ti\u00e8res ou les balcons. Griller par vent fort est souvent difficile. Le Blaze Wind Guard vous permet de cuisiner \u00e0 des r\u00e9glages plus bas, maintient les br\u00fbleurs allum\u00e9s et emp\u00eache le feu de s&#8217;\u00e9teindre, m\u00eame par vent fort. Con\u00e7u pour \u00eatre mont\u00e9 dans la d\u00e9coupe du gril existant ou \u00e0 l&#8217;int\u00e9rieur de la gaine isol\u00e9e pour une installation facile. Ce produit est couvert par une garantie \u00e0 vie.<\/p>\n<p>Dimensions du BLZ-WG-25<br \/>\n19\u2033 H \u00d7 28\u00bd\u2033 L \u00d7 12\u2033 P<\/p>\n<p>Dimensions du BLZ-WG-32<br \/>\n19\u2033 H \u00d7 36\u2033 L \u00d7 12\u2033 P<\/p>\n<p>Dimensions du BLZ-WG-40<br \/>\n19\u2033 H \u00d7 43 11\/16\u2033 L \u00d7 12\u2033 P<\/p>\n<p>Dimensions du BLZ-PROWG-27<br \/>\n20\u00bd\u2033 H \u00d7 30\u00bd\u2033 L \u00d7 12\u2033 P<\/p>\n<p>Dimensions du BLZ-PROWG-34<br \/>\n20\u00bd\u2033 H \u00d7 38\u2033 L \u00d7 12\u2033 P<\/p>\n<p>Dimensions du BLZ-PROWG-44<br \/>\n20\u00bd\u2033 H \u00d7 48\u2033 L \u00d7 12\u2033 P<\/p>\n","protected":false},"excerpt":{"rendered":"<p>Ce pare-vent robuste en acier inoxydable 304 s&#8217;int\u00e8gre facilement dans les espaces ext\u00e9rieurs en se montant facilement dans votre d\u00e9coupe ou votre veste isolante existante.\u00a0Les pare-vent prot\u00e8gent le gril des vents allant jusqu&#8217;\u00e0 25 mi\/h et sont couverts par une garantie \u00e0 vie. BLZ-WG-25\u00a0:\u00a0Pare-vent pour gril traditionnel \u00e0 3 br\u00fbleurs BLZ-WG-32\u00a0:\u00a0Pare-vent pour gril traditionnel\/LTE \u00e0 [&hellip;]<\/p>\n","protected":false},"featured_media":14804,"template":"","meta":{"inline_featured_image":false},"product_brand":[346],"product_cat":[117,113],"product_tag":[],"class_list":{"0":"post-14803","1":"product","2":"type-product","3":"status-publish","4":"has-post-thumbnail","6":"product_brand-blaze","7":"product_cat-accessoires-de-bbq","8":"product_cat-bbq-produits-exterieurs","10":"first","11":"instock","12":"taxable","13":"shipping-taxable","14":"product-type-simple"},"yoast_head":"<!-- This site is optimized with the Yoast SEO Premium plugin v24.2 (Yoast SEO v24.2) - https:\/\/yoast.com\/wordpress\/plugins\/seo\/ -->\n<title>Pare-vent Blaze - Groupe BelleFlamme<\/title>\n<meta name=\"description\" content=\"Pare-vent Blaze vendu et install\u00e9 par le Groupe Belleflamme. Laval, Montr\u00e9al, Gatineau, Drummondville et Saint-Sauveur.\" \/>\n<meta name=\"robots\" content=\"index, follow, max-snippet:-1, max-image-preview:large, max-video-preview:-1\" \/>\n<link rel=\"canonical\" href=\"https:\/\/staging.belleflamme.ca\/fr\/produit\/pare-vent-blaze\/\" \/>\n<meta property=\"og:locale\" content=\"fr_FR\" \/>\n<meta property=\"og:type\" content=\"article\" \/>\n<meta property=\"og:title\" content=\"Pare-vent Blaze\" \/>\n<meta property=\"og:description\" content=\"Pare-vent Blaze vendu et install\u00e9 par le Groupe Belleflamme. Laval, Montr\u00e9al, Gatineau, Drummondville et Saint-Sauveur.\" \/>\n<meta property=\"og:url\" content=\"https:\/\/staging.belleflamme.ca\/fr\/produit\/pare-vent-blaze\/\" \/>\n<meta property=\"og:site_name\" content=\"Groupe BelleFlamme\" \/>\n<meta property=\"article:publisher\" content=\"https:\/\/www.facebook.com\/belleflamme.ca\/\" \/>\n<meta property=\"article:modified_time\" content=\"2023-05-16T20:32:12+00:00\" \/>\n<meta property=\"og:image\" content=\"https:\/\/www.belleflamme.ca\/wp-content\/uploads\/2023\/05\/windguard4-scaled-1.webp\" \/>\n\t<meta property=\"og:image:width\" content=\"1620\" \/>\n\t<meta property=\"og:image:height\" content=\"1080\" \/>\n\t<meta property=\"og:image:type\" content=\"image\/webp\" \/>\n<meta name=\"twitter:card\" content=\"summary_large_image\" \/>\n<meta name=\"twitter:label1\" content=\"Prix\" \/>\n\t<meta name=\"twitter:data1\" content=\"\" \/>\n\t<meta name=\"twitter:label2\" content=\"Disponibilit\u00e9\" \/>\n\t<meta name=\"twitter:data2\" content=\"En stock\" \/>\n<script type=\"application\/ld+json\" class=\"yoast-schema-graph\">{\"@context\":\"https:\/\/schema.org\",\"@graph\":[{\"@type\":[\"WebPage\",\"ItemPage\"],\"@id\":\"https:\/\/staging.belleflamme.ca\/fr\/produit\/pare-vent-blaze\/\",\"url\":\"https:\/\/staging.belleflamme.ca\/fr\/produit\/pare-vent-blaze\/\",\"name\":\"Pare-vent Blaze - Groupe BelleFlamme\",\"isPartOf\":{\"@id\":\"https:\/\/www.belleflamme.ca\/fr\/#website\"},\"primaryImageOfPage\":{\"@id\":\"https:\/\/staging.belleflamme.ca\/fr\/produit\/pare-vent-blaze\/#primaryimage\"},\"image\":{\"@id\":\"https:\/\/staging.belleflamme.ca\/fr\/produit\/pare-vent-blaze\/#primaryimage\"},\"thumbnailUrl\":\"https:\/\/staging.belleflamme.ca\/wp-content\/uploads\/2023\/05\/windguard4-scaled-1.webp\",\"datePublished\":\"2023-05-16T20:29:42+00:00\",\"dateModified\":\"2023-05-16T20:32:12+00:00\",\"description\":\"Pare-vent Blaze [get_meta_en_fr]\",\"breadcrumb\":{\"@id\":\"https:\/\/staging.belleflamme.ca\/fr\/produit\/pare-vent-blaze\/#breadcrumb\"},\"inLanguage\":\"fr-FR\",\"potentialAction\":[{\"@type\":\"ReadAction\",\"target\":[\"https:\/\/staging.belleflamme.ca\/fr\/produit\/pare-vent-blaze\/\"]}]},{\"@type\":\"ImageObject\",\"inLanguage\":\"fr-FR\",\"@id\":\"https:\/\/staging.belleflamme.ca\/fr\/produit\/pare-vent-blaze\/#primaryimage\",\"url\":\"https:\/\/staging.belleflamme.ca\/wp-content\/uploads\/2023\/05\/windguard4-scaled-1.webp\",\"contentUrl\":\"https:\/\/staging.belleflamme.ca\/wp-content\/uploads\/2023\/05\/windguard4-scaled-1.webp\",\"width\":1620,\"height\":1080,\"caption\":\"Gardes vent Blaze\"},{\"@type\":\"BreadcrumbList\",\"@id\":\"https:\/\/staging.belleflamme.ca\/fr\/produit\/pare-vent-blaze\/#breadcrumb\",\"itemListElement\":[{\"@type\":\"ListItem\",\"position\":1,\"name\":\"Accueil\",\"item\":\"https:\/\/www.belleflamme.ca\/fr\/\"},{\"@type\":\"ListItem\",\"position\":2,\"name\":\"Boutique\",\"item\":\"https:\/\/www.belleflamme.ca\/fr\/boutique\/\"},{\"@type\":\"ListItem\",\"position\":3,\"name\":\"BBQ &amp; Produits Ext\u00e9rieurs\",\"item\":\"https:\/\/staging.belleflamme.ca\/fr\/categories\/bbq-produits-exterieurs\/\"},{\"@type\":\"ListItem\",\"position\":4,\"name\":\"Accessoires de BBQ\",\"item\":\"https:\/\/staging.belleflamme.ca\/fr\/categories\/bbq-produits-exterieurs\/accessoires-de-bbq\/\"},{\"@type\":\"ListItem\",\"position\":5,\"name\":\"Pare-vent Blaze\"}]},{\"@type\":\"WebSite\",\"@id\":\"https:\/\/www.belleflamme.ca\/fr\/#website\",\"url\":\"https:\/\/www.belleflamme.ca\/fr\/\",\"name\":\"Groupe Belleflamme\",\"description\":\"La m\u00e9canique du b\u00e2timent dans le sang.\",\"publisher\":{\"@id\":\"https:\/\/www.belleflamme.ca\/fr\/#organization\"},\"potentialAction\":[{\"@type\":\"SearchAction\",\"target\":{\"@type\":\"EntryPoint\",\"urlTemplate\":\"https:\/\/www.belleflamme.ca\/fr\/?s={search_term_string}\"},\"query-input\":{\"@type\":\"PropertyValueSpecification\",\"valueRequired\":true,\"valueName\":\"search_term_string\"}}],\"inLanguage\":\"fr-FR\"},{\"@type\":[\"Organization\",\"Place\"],\"@id\":\"https:\/\/www.belleflamme.ca\/fr\/#organization\",\"name\":\"Groupe Belleflamme\",\"alternateName\":\"Belleflamme\",\"url\":\"https:\/\/www.belleflamme.ca\/fr\/\",\"logo\":{\"@type\":\"ImageObject\",\"inLanguage\":\"fr-FR\",\"@id\":\"https:\/\/www.belleflamme.ca\/fr\/#\/schema\/logo\/image\/\",\"url\":\"https:\/\/staging.belleflamme.ca\/wp-content\/uploads\/2023\/01\/og-image.jpg\",\"contentUrl\":\"https:\/\/staging.belleflamme.ca\/wp-content\/uploads\/2023\/01\/og-image.jpg\",\"width\":1200,\"height\":630,\"caption\":\"Groupe Belleflamme\"},\"image\":{\"@id\":\"https:\/\/www.belleflamme.ca\/fr\/#\/schema\/logo\/image\/\"},\"sameAs\":[\"https:\/\/www.facebook.com\/belleflamme.ca\/\",\"https:\/\/www.linkedin.com\/company\/belleflamme\/\",\"https:\/\/www.pinterest.ca\/groupebelleflamme\/\",\"https:\/\/www.instagram.com\/legroupebelleflamme\/\"],\"mainEntityOfPage\":{\"@id\":\"https:\/\/staging.belleflamme.ca\/fr\/produit\/pare-vent-blaze\/\"}}]}<\/script>\n<meta property=\"product:brand\" content=\"Blaze\" \/>\n<meta property=\"product:price:amount\" content=\"0.00\" \/>\n<meta property=\"product:price:currency\" content=\"CAD\" \/>\n<meta property=\"og:availability\" content=\"instock\" \/>\n<meta property=\"product:availability\" content=\"instock\" \/>\n<meta property=\"product:condition\" content=\"new\" \/>\n<!-- \/ Yoast SEO Premium plugin. -->","yoast_head_json":{"title":"Pare-vent Blaze - Groupe BelleFlamme","description":"Pare-vent Blaze vendu et install\u00e9 par le Groupe Belleflamme. Laval, Montr\u00e9al, Gatineau, Drummondville et Saint-Sauveur.","robots":{"index":"index","follow":"follow","max-snippet":"max-snippet:-1","max-image-preview":"max-image-preview:large","max-video-preview":"max-video-preview:-1"},"canonical":"https:\/\/staging.belleflamme.ca\/fr\/produit\/pare-vent-blaze\/","og_locale":"fr_FR","og_type":"article","og_title":"Pare-vent Blaze","og_description":"Pare-vent Blaze vendu et install\u00e9 par le Groupe Belleflamme. Laval, Montr\u00e9al, Gatineau, Drummondville et Saint-Sauveur.","og_url":"https:\/\/staging.belleflamme.ca\/fr\/produit\/pare-vent-blaze\/","og_site_name":"Groupe BelleFlamme","article_publisher":"https:\/\/www.facebook.com\/belleflamme.ca\/","article_modified_time":"2023-05-16T20:32:12+00:00","og_image":[{"width":1620,"height":1080,"url":"https:\/\/www.belleflamme.ca\/wp-content\/uploads\/2023\/05\/windguard4-scaled-1.webp","type":"image\/webp"}],"twitter_card":"summary_large_image","twitter_misc":{"Prix":"","Disponibilit\u00e9":"En stock"},"schema":{"@context":"https:\/\/schema.org","@graph":[{"@type":["WebPage","ItemPage"],"@id":"https:\/\/staging.belleflamme.ca\/fr\/produit\/pare-vent-blaze\/","url":"https:\/\/staging.belleflamme.ca\/fr\/produit\/pare-vent-blaze\/","name":"Pare-vent Blaze - Groupe BelleFlamme","isPartOf":{"@id":"https:\/\/www.belleflamme.ca\/fr\/#website"},"primaryImageOfPage":{"@id":"https:\/\/staging.belleflamme.ca\/fr\/produit\/pare-vent-blaze\/#primaryimage"},"image":{"@id":"https:\/\/staging.belleflamme.ca\/fr\/produit\/pare-vent-blaze\/#primaryimage"},"thumbnailUrl":"https:\/\/staging.belleflamme.ca\/wp-content\/uploads\/2023\/05\/windguard4-scaled-1.webp","datePublished":"2023-05-16T20:29:42+00:00","dateModified":"2023-05-16T20:32:12+00:00","description":"Pare-vent Blaze [get_meta_en_fr]","breadcrumb":{"@id":"https:\/\/staging.belleflamme.ca\/fr\/produit\/pare-vent-blaze\/#breadcrumb"},"inLanguage":"fr-FR","potentialAction":[{"@type":"ReadAction","target":["https:\/\/staging.belleflamme.ca\/fr\/produit\/pare-vent-blaze\/"]}]},{"@type":"ImageObject","inLanguage":"fr-FR","@id":"https:\/\/staging.belleflamme.ca\/fr\/produit\/pare-vent-blaze\/#primaryimage","url":"https:\/\/staging.belleflamme.ca\/wp-content\/uploads\/2023\/05\/windguard4-scaled-1.webp","contentUrl":"https:\/\/staging.belleflamme.ca\/wp-content\/uploads\/2023\/05\/windguard4-scaled-1.webp","width":1620,"height":1080,"caption":"Gardes vent Blaze"},{"@type":"BreadcrumbList","@id":"https:\/\/staging.belleflamme.ca\/fr\/produit\/pare-vent-blaze\/#breadcrumb","itemListElement":[{"@type":"ListItem","position":1,"name":"Accueil","item":"https:\/\/www.belleflamme.ca\/fr\/"},{"@type":"ListItem","position":2,"name":"Boutique","item":"https:\/\/www.belleflamme.ca\/fr\/boutique\/"},{"@type":"ListItem","position":3,"name":"BBQ &amp; Produits Ext\u00e9rieurs","item":"https:\/\/staging.belleflamme.ca\/fr\/categories\/bbq-produits-exterieurs\/"},{"@type":"ListItem","position":4,"name":"Accessoires de BBQ","item":"https:\/\/staging.belleflamme.ca\/fr\/categories\/bbq-produits-exterieurs\/accessoires-de-bbq\/"},{"@type":"ListItem","position":5,"name":"Pare-vent Blaze"}]},{"@type":"WebSite","@id":"https:\/\/www.belleflamme.ca\/fr\/#website","url":"https:\/\/www.belleflamme.ca\/fr\/","name":"Groupe Belleflamme","description":"La m\u00e9canique du b\u00e2timent dans le sang.","publisher":{"@id":"https:\/\/www.belleflamme.ca\/fr\/#organization"},"potentialAction":[{"@type":"SearchAction","target":{"@type":"EntryPoint","urlTemplate":"https:\/\/www.belleflamme.ca\/fr\/?s={search_term_string}"},"query-input":{"@type":"PropertyValueSpecification","valueRequired":true,"valueName":"search_term_string"}}],"inLanguage":"fr-FR"},{"@type":["Organization","Place"],"@id":"https:\/\/www.belleflamme.ca\/fr\/#organization","name":"Groupe Belleflamme","alternateName":"Belleflamme","url":"https:\/\/www.belleflamme.ca\/fr\/","logo":{"@type":"ImageObject","inLanguage":"fr-FR","@id":"https:\/\/www.belleflamme.ca\/fr\/#\/schema\/logo\/image\/","url":"https:\/\/staging.belleflamme.ca\/wp-content\/uploads\/2023\/01\/og-image.jpg","contentUrl":"https:\/\/staging.belleflamme.ca\/wp-content\/uploads\/2023\/01\/og-image.jpg","width":1200,"height":630,"caption":"Groupe Belleflamme"},"image":{"@id":"https:\/\/www.belleflamme.ca\/fr\/#\/schema\/logo\/image\/"},"sameAs":["https:\/\/www.facebook.com\/belleflamme.ca\/","https:\/\/www.linkedin.com\/company\/belleflamme\/","https:\/\/www.pinterest.ca\/groupebelleflamme\/","https:\/\/www.instagram.com\/legroupebelleflamme\/"],"mainEntityOfPage":{"@id":"https:\/\/staging.belleflamme.ca\/fr\/produit\/pare-vent-blaze\/"}}]},"product_brand":"Blaze","product_price_amount":"0.00","product_price_currency":"CAD","og_availability":"instock","product_availability":"instock","product_condition":"new"},"_links":{"self":[{"href":"https:\/\/staging.belleflamme.ca\/fr\/wp-json\/wp\/v2\/product\/14803","targetHints":{"allow":["GET"]}}],"collection":[{"href":"https:\/\/staging.belleflamme.ca\/fr\/wp-json\/wp\/v2\/product"}],"about":[{"href":"https:\/\/staging.belleflamme.ca\/fr\/wp-json\/wp\/v2\/types\/product"}],"version-history":[{"count":1,"href":"https:\/\/staging.belleflamme.ca\/fr\/wp-json\/wp\/v2\/product\/14803\/revisions"}],"predecessor-version":[{"id":14806,"href":"https:\/\/staging.belleflamme.ca\/fr\/wp-json\/wp\/v2\/product\/14803\/revisions\/14806"}],"wp:featuredmedia":[{"embeddable":true,"href":"https:\/\/staging.belleflamme.ca\/fr\/wp-json\/wp\/v2\/media\/14804"}],"wp:attachment":[{"href":"https:\/\/staging.belleflamme.ca\/fr\/wp-json\/wp\/v2\/media?parent=14803"}],"wp:term":[{"taxonomy":"product_brand","embeddable":true,"href":"https:\/\/staging.belleflamme.ca\/fr\/wp-json\/wp\/v2\/product_brand?post=14803"},{"taxonomy":"product_cat","embeddable":true,"href":"https:\/\/staging.belleflamme.ca\/fr\/wp-json\/wp\/v2\/product_cat?post=14803"},{"taxonomy":"product_tag","embeddable":true,"href":"https:\/\/staging.belleflamme.ca\/fr\/wp-json\/wp\/v2\/product_tag?post=14803"}],"curies":[{"name":"wp","href":"https:\/\/api.w.org\/{rel}","templated":true}]}}