{"id":14764,"date":"2023-05-16T15:57:07","date_gmt":"2023-05-16T19:57:07","guid":{"rendered":"https:\/\/www.belleflamme.ca\/?post_type=product&#038;p=14764"},"modified":"2023-05-16T15:59:53","modified_gmt":"2023-05-16T19:59:53","slug":"kit-de-rotisserie-blaze-pour-gril-a-gaz-a-4-bruleurs-de-32-pouces","status":"publish","type":"product","link":"https:\/\/staging.belleflamme.ca\/fr\/produit\/kit-de-rotisserie-blaze-pour-gril-a-gaz-a-4-bruleurs-de-32-pouces\/","title":{"rendered":"Kit de r\u00f4tisserie Blaze pour gril \u00e0 gaz \u00e0 4 br\u00fbleurs de 32 pouces"},"content":{"rendered":"<ul>\n<li><span>Compatible avec les barbecues Blaze 4 br\u00fbleurs.<\/span><\/li>\n<li><span>Comprend un moteur, une tige de broche, 2 fourches et un contrepoids<\/span><\/li>\n<li><span>Ajoute de la polyvalence \u00e0 votre cuisine en plein air<\/span><\/li>\n<\/ul>\n<p>Ce kit de r\u00f4tisserie Blaze est sp\u00e9cialement con\u00e7u pour le gril \u00e0 gaz Blaze 32 pouces. L&#8217;ajout d&#8217;un kit de r\u00f4tissoire vous permet de r\u00f4tir du poulet entier, de la longe de porc, des r\u00f4tis de b\u0153uf et bien plus encore dans le confort de votre barbecue. Le moteur 120V est enferm\u00e9 dans un bo\u00eetier en acier inoxydable pour r\u00e9sister aux \u00e9l\u00e9ments ext\u00e9rieurs. Ce kit comprend le moteur, une tige de broche avec poign\u00e9e, 2 fourches, un support en L et un contrepoids. Le Rotis est garanti 1 an au propri\u00e9taire d&#8217;origine contre les d\u00e9fauts de fabrication et de fabrication. Cette garantie s&#8217;\u00e9tend \u00e0 l&#8217;acheteur d&#8217;origine contre les d\u00e9fauts de fabrication pour les produits achet\u00e9s pour une utilisation domestique unifamiliale ordinaire.<\/p>\n<table class=\"woocommerce-product-attributes shop_attributes\">\n<tbody>\n<tr class=\"woocommerce-product-attributes-item woocommerce-product-attributes-item--attribute_dimensions\">\n<th class=\"woocommerce-product-attributes-item__label\">Dimensions<\/th>\n<td class=\"woocommerce-product-attributes-item__value\">38\u2033 P<\/td>\n<\/tr>\n<\/tbody>\n<\/table>\n","protected":false},"excerpt":{"rendered":"<p>Compatible avec les barbecues Blaze 4 br\u00fbleurs. Comprend un moteur, une tige de broche, 2 fourches et un contrepoids Ajoute de la polyvalence \u00e0 votre cuisine en plein air Ce kit de r\u00f4tisserie Blaze est sp\u00e9cialement con\u00e7u pour le gril \u00e0 gaz Blaze 32 pouces. L&#8217;ajout d&#8217;un kit de r\u00f4tissoire vous permet de r\u00f4tir du [&hellip;]<\/p>\n","protected":false},"featured_media":14765,"template":"","meta":{"inline_featured_image":false},"product_brand":[346],"product_cat":[117,113],"product_tag":[],"class_list":{"0":"post-14764","1":"product","2":"type-product","3":"status-publish","4":"has-post-thumbnail","6":"product_brand-blaze","7":"product_cat-accessoires-de-bbq","8":"product_cat-bbq-produits-exterieurs","10":"first","11":"instock","12":"taxable","13":"shipping-taxable","14":"product-type-simple"},"yoast_head":"<!-- This site is optimized with the Yoast SEO Premium plugin v24.2 (Yoast SEO v24.2) - https:\/\/yoast.com\/wordpress\/plugins\/seo\/ -->\n<title>Kit de r\u00f4tisserie Blaze pour gril \u00e0 gaz \u00e0 4 br\u00fbleurs de 32 pouces - Groupe BelleFlamme<\/title>\n<meta name=\"description\" content=\"Kit de r\u00f4tisserie Blaze pour gril \u00e0 gaz \u00e0 4 br\u00fbleurs de 32 pouces vendu et install\u00e9 par le Groupe Belleflamme. Laval, Montr\u00e9al, Gatineau, Drummondville et Saint-Sauveur.\" \/>\n<meta name=\"robots\" content=\"index, follow, max-snippet:-1, max-image-preview:large, max-video-preview:-1\" \/>\n<link rel=\"canonical\" href=\"https:\/\/staging.belleflamme.ca\/fr\/produit\/kit-de-rotisserie-blaze-pour-gril-a-gaz-a-4-bruleurs-de-32-pouces\/\" \/>\n<meta property=\"og:locale\" content=\"fr_FR\" \/>\n<meta property=\"og:type\" content=\"article\" \/>\n<meta property=\"og:title\" content=\"Kit de r\u00f4tisserie Blaze pour gril \u00e0 gaz \u00e0 4 br\u00fbleurs de 32 pouces\" \/>\n<meta property=\"og:description\" content=\"Kit de r\u00f4tisserie Blaze pour gril \u00e0 gaz \u00e0 4 br\u00fbleurs de 32 pouces vendu et install\u00e9 par le Groupe Belleflamme. Laval, Montr\u00e9al, Gatineau, Drummondville et Saint-Sauveur.\" \/>\n<meta property=\"og:url\" content=\"https:\/\/staging.belleflamme.ca\/fr\/produit\/kit-de-rotisserie-blaze-pour-gril-a-gaz-a-4-bruleurs-de-32-pouces\/\" \/>\n<meta property=\"og:site_name\" content=\"Groupe BelleFlamme\" \/>\n<meta property=\"article:publisher\" content=\"https:\/\/www.facebook.com\/belleflamme.ca\/\" \/>\n<meta property=\"article:modified_time\" content=\"2023-05-16T19:59:53+00:00\" \/>\n<meta property=\"og:image\" content=\"https:\/\/www.belleflamme.ca\/wp-content\/uploads\/2023\/05\/rotis-new-website-small.webp\" \/>\n\t<meta property=\"og:image:width\" content=\"1000\" \/>\n\t<meta property=\"og:image:height\" content=\"1000\" \/>\n\t<meta property=\"og:image:type\" content=\"image\/webp\" \/>\n<meta name=\"twitter:card\" content=\"summary_large_image\" \/>\n<meta name=\"twitter:label1\" content=\"Prix\" \/>\n\t<meta name=\"twitter:data1\" content=\"\" \/>\n\t<meta name=\"twitter:label2\" content=\"Disponibilit\u00e9\" \/>\n\t<meta name=\"twitter:data2\" content=\"En stock\" \/>\n<script type=\"application\/ld+json\" class=\"yoast-schema-graph\">{\"@context\":\"https:\/\/schema.org\",\"@graph\":[{\"@type\":[\"WebPage\",\"ItemPage\"],\"@id\":\"https:\/\/staging.belleflamme.ca\/fr\/produit\/kit-de-rotisserie-blaze-pour-gril-a-gaz-a-4-bruleurs-de-32-pouces\/\",\"url\":\"https:\/\/staging.belleflamme.ca\/fr\/produit\/kit-de-rotisserie-blaze-pour-gril-a-gaz-a-4-bruleurs-de-32-pouces\/\",\"name\":\"Kit de r\u00f4tisserie Blaze pour gril \u00e0 gaz \u00e0 4 br\u00fbleurs de 32 pouces - Groupe BelleFlamme\",\"isPartOf\":{\"@id\":\"https:\/\/www.belleflamme.ca\/fr\/#website\"},\"primaryImageOfPage\":{\"@id\":\"https:\/\/staging.belleflamme.ca\/fr\/produit\/kit-de-rotisserie-blaze-pour-gril-a-gaz-a-4-bruleurs-de-32-pouces\/#primaryimage\"},\"image\":{\"@id\":\"https:\/\/staging.belleflamme.ca\/fr\/produit\/kit-de-rotisserie-blaze-pour-gril-a-gaz-a-4-bruleurs-de-32-pouces\/#primaryimage\"},\"thumbnailUrl\":\"https:\/\/staging.belleflamme.ca\/wp-content\/uploads\/2023\/05\/rotis-new-website-small.webp\",\"datePublished\":\"2023-05-16T19:57:07+00:00\",\"dateModified\":\"2023-05-16T19:59:53+00:00\",\"description\":\"Kit de r\u00f4tisserie Blaze pour gril \u00e0 gaz \u00e0 4 br\u00fbleurs de 32 pouces [get_meta_en_fr]\",\"breadcrumb\":{\"@id\":\"https:\/\/staging.belleflamme.ca\/fr\/produit\/kit-de-rotisserie-blaze-pour-gril-a-gaz-a-4-bruleurs-de-32-pouces\/#breadcrumb\"},\"inLanguage\":\"fr-FR\",\"potentialAction\":[{\"@type\":\"ReadAction\",\"target\":[\"https:\/\/staging.belleflamme.ca\/fr\/produit\/kit-de-rotisserie-blaze-pour-gril-a-gaz-a-4-bruleurs-de-32-pouces\/\"]}]},{\"@type\":\"ImageObject\",\"inLanguage\":\"fr-FR\",\"@id\":\"https:\/\/staging.belleflamme.ca\/fr\/produit\/kit-de-rotisserie-blaze-pour-gril-a-gaz-a-4-bruleurs-de-32-pouces\/#primaryimage\",\"url\":\"https:\/\/staging.belleflamme.ca\/wp-content\/uploads\/2023\/05\/rotis-new-website-small.webp\",\"contentUrl\":\"https:\/\/staging.belleflamme.ca\/wp-content\/uploads\/2023\/05\/rotis-new-website-small.webp\",\"width\":1000,\"height\":1000,\"caption\":\"Kit de r\u00f4tisserie Blaze pour gril \u00e0 gaz \u00e0 4 br\u00fbleurs de 32 pouces\"},{\"@type\":\"BreadcrumbList\",\"@id\":\"https:\/\/staging.belleflamme.ca\/fr\/produit\/kit-de-rotisserie-blaze-pour-gril-a-gaz-a-4-bruleurs-de-32-pouces\/#breadcrumb\",\"itemListElement\":[{\"@type\":\"ListItem\",\"position\":1,\"name\":\"Accueil\",\"item\":\"https:\/\/www.belleflamme.ca\/fr\/\"},{\"@type\":\"ListItem\",\"position\":2,\"name\":\"Boutique\",\"item\":\"https:\/\/www.belleflamme.ca\/fr\/boutique\/\"},{\"@type\":\"ListItem\",\"position\":3,\"name\":\"BBQ &amp; Produits Ext\u00e9rieurs\",\"item\":\"https:\/\/staging.belleflamme.ca\/fr\/categories\/bbq-produits-exterieurs\/\"},{\"@type\":\"ListItem\",\"position\":4,\"name\":\"Accessoires de BBQ\",\"item\":\"https:\/\/staging.belleflamme.ca\/fr\/categories\/bbq-produits-exterieurs\/accessoires-de-bbq\/\"},{\"@type\":\"ListItem\",\"position\":5,\"name\":\"Kit de r\u00f4tisserie Blaze pour gril \u00e0 gaz \u00e0 4 br\u00fbleurs de 32 pouces\"}]},{\"@type\":\"WebSite\",\"@id\":\"https:\/\/www.belleflamme.ca\/fr\/#website\",\"url\":\"https:\/\/www.belleflamme.ca\/fr\/\",\"name\":\"Groupe Belleflamme\",\"description\":\"La m\u00e9canique du b\u00e2timent dans le sang.\",\"publisher\":{\"@id\":\"https:\/\/www.belleflamme.ca\/fr\/#organization\"},\"potentialAction\":[{\"@type\":\"SearchAction\",\"target\":{\"@type\":\"EntryPoint\",\"urlTemplate\":\"https:\/\/www.belleflamme.ca\/fr\/?s={search_term_string}\"},\"query-input\":{\"@type\":\"PropertyValueSpecification\",\"valueRequired\":true,\"valueName\":\"search_term_string\"}}],\"inLanguage\":\"fr-FR\"},{\"@type\":[\"Organization\",\"Place\"],\"@id\":\"https:\/\/www.belleflamme.ca\/fr\/#organization\",\"name\":\"Groupe Belleflamme\",\"alternateName\":\"Belleflamme\",\"url\":\"https:\/\/www.belleflamme.ca\/fr\/\",\"logo\":{\"@type\":\"ImageObject\",\"inLanguage\":\"fr-FR\",\"@id\":\"https:\/\/www.belleflamme.ca\/fr\/#\/schema\/logo\/image\/\",\"url\":\"https:\/\/staging.belleflamme.ca\/wp-content\/uploads\/2023\/01\/og-image.jpg\",\"contentUrl\":\"https:\/\/staging.belleflamme.ca\/wp-content\/uploads\/2023\/01\/og-image.jpg\",\"width\":1200,\"height\":630,\"caption\":\"Groupe Belleflamme\"},\"image\":{\"@id\":\"https:\/\/www.belleflamme.ca\/fr\/#\/schema\/logo\/image\/\"},\"sameAs\":[\"https:\/\/www.facebook.com\/belleflamme.ca\/\",\"https:\/\/www.linkedin.com\/company\/belleflamme\/\",\"https:\/\/www.pinterest.ca\/groupebelleflamme\/\",\"https:\/\/www.instagram.com\/legroupebelleflamme\/\"],\"mainEntityOfPage\":{\"@id\":\"https:\/\/staging.belleflamme.ca\/fr\/produit\/kit-de-rotisserie-blaze-pour-gril-a-gaz-a-4-bruleurs-de-32-pouces\/\"}}]}<\/script>\n<meta property=\"product:brand\" content=\"Blaze\" \/>\n<meta property=\"product:price:amount\" content=\"0.00\" \/>\n<meta property=\"product:price:currency\" content=\"CAD\" \/>\n<meta property=\"og:availability\" content=\"instock\" \/>\n<meta property=\"product:availability\" content=\"instock\" \/>\n<meta property=\"product:condition\" content=\"new\" \/>\n<!-- \/ Yoast SEO Premium plugin. -->","yoast_head_json":{"title":"Kit de r\u00f4tisserie Blaze pour gril \u00e0 gaz \u00e0 4 br\u00fbleurs de 32 pouces - Groupe BelleFlamme","description":"Kit de r\u00f4tisserie Blaze pour gril \u00e0 gaz \u00e0 4 br\u00fbleurs de 32 pouces vendu et install\u00e9 par le Groupe Belleflamme. Laval, Montr\u00e9al, Gatineau, Drummondville et Saint-Sauveur.","robots":{"index":"index","follow":"follow","max-snippet":"max-snippet:-1","max-image-preview":"max-image-preview:large","max-video-preview":"max-video-preview:-1"},"canonical":"https:\/\/staging.belleflamme.ca\/fr\/produit\/kit-de-rotisserie-blaze-pour-gril-a-gaz-a-4-bruleurs-de-32-pouces\/","og_locale":"fr_FR","og_type":"article","og_title":"Kit de r\u00f4tisserie Blaze pour gril \u00e0 gaz \u00e0 4 br\u00fbleurs de 32 pouces","og_description":"Kit de r\u00f4tisserie Blaze pour gril \u00e0 gaz \u00e0 4 br\u00fbleurs de 32 pouces vendu et install\u00e9 par le Groupe Belleflamme. Laval, Montr\u00e9al, Gatineau, Drummondville et Saint-Sauveur.","og_url":"https:\/\/staging.belleflamme.ca\/fr\/produit\/kit-de-rotisserie-blaze-pour-gril-a-gaz-a-4-bruleurs-de-32-pouces\/","og_site_name":"Groupe BelleFlamme","article_publisher":"https:\/\/www.facebook.com\/belleflamme.ca\/","article_modified_time":"2023-05-16T19:59:53+00:00","og_image":[{"width":1000,"height":1000,"url":"https:\/\/www.belleflamme.ca\/wp-content\/uploads\/2023\/05\/rotis-new-website-small.webp","type":"image\/webp"}],"twitter_card":"summary_large_image","twitter_misc":{"Prix":"","Disponibilit\u00e9":"En stock"},"schema":{"@context":"https:\/\/schema.org","@graph":[{"@type":["WebPage","ItemPage"],"@id":"https:\/\/staging.belleflamme.ca\/fr\/produit\/kit-de-rotisserie-blaze-pour-gril-a-gaz-a-4-bruleurs-de-32-pouces\/","url":"https:\/\/staging.belleflamme.ca\/fr\/produit\/kit-de-rotisserie-blaze-pour-gril-a-gaz-a-4-bruleurs-de-32-pouces\/","name":"Kit de r\u00f4tisserie Blaze pour gril \u00e0 gaz \u00e0 4 br\u00fbleurs de 32 pouces - Groupe BelleFlamme","isPartOf":{"@id":"https:\/\/www.belleflamme.ca\/fr\/#website"},"primaryImageOfPage":{"@id":"https:\/\/staging.belleflamme.ca\/fr\/produit\/kit-de-rotisserie-blaze-pour-gril-a-gaz-a-4-bruleurs-de-32-pouces\/#primaryimage"},"image":{"@id":"https:\/\/staging.belleflamme.ca\/fr\/produit\/kit-de-rotisserie-blaze-pour-gril-a-gaz-a-4-bruleurs-de-32-pouces\/#primaryimage"},"thumbnailUrl":"https:\/\/staging.belleflamme.ca\/wp-content\/uploads\/2023\/05\/rotis-new-website-small.webp","datePublished":"2023-05-16T19:57:07+00:00","dateModified":"2023-05-16T19:59:53+00:00","description":"Kit de r\u00f4tisserie Blaze pour gril \u00e0 gaz \u00e0 4 br\u00fbleurs de 32 pouces [get_meta_en_fr]","breadcrumb":{"@id":"https:\/\/staging.belleflamme.ca\/fr\/produit\/kit-de-rotisserie-blaze-pour-gril-a-gaz-a-4-bruleurs-de-32-pouces\/#breadcrumb"},"inLanguage":"fr-FR","potentialAction":[{"@type":"ReadAction","target":["https:\/\/staging.belleflamme.ca\/fr\/produit\/kit-de-rotisserie-blaze-pour-gril-a-gaz-a-4-bruleurs-de-32-pouces\/"]}]},{"@type":"ImageObject","inLanguage":"fr-FR","@id":"https:\/\/staging.belleflamme.ca\/fr\/produit\/kit-de-rotisserie-blaze-pour-gril-a-gaz-a-4-bruleurs-de-32-pouces\/#primaryimage","url":"https:\/\/staging.belleflamme.ca\/wp-content\/uploads\/2023\/05\/rotis-new-website-small.webp","contentUrl":"https:\/\/staging.belleflamme.ca\/wp-content\/uploads\/2023\/05\/rotis-new-website-small.webp","width":1000,"height":1000,"caption":"Kit de r\u00f4tisserie Blaze pour gril \u00e0 gaz \u00e0 4 br\u00fbleurs de 32 pouces"},{"@type":"BreadcrumbList","@id":"https:\/\/staging.belleflamme.ca\/fr\/produit\/kit-de-rotisserie-blaze-pour-gril-a-gaz-a-4-bruleurs-de-32-pouces\/#breadcrumb","itemListElement":[{"@type":"ListItem","position":1,"name":"Accueil","item":"https:\/\/www.belleflamme.ca\/fr\/"},{"@type":"ListItem","position":2,"name":"Boutique","item":"https:\/\/www.belleflamme.ca\/fr\/boutique\/"},{"@type":"ListItem","position":3,"name":"BBQ &amp; Produits Ext\u00e9rieurs","item":"https:\/\/staging.belleflamme.ca\/fr\/categories\/bbq-produits-exterieurs\/"},{"@type":"ListItem","position":4,"name":"Accessoires de BBQ","item":"https:\/\/staging.belleflamme.ca\/fr\/categories\/bbq-produits-exterieurs\/accessoires-de-bbq\/"},{"@type":"ListItem","position":5,"name":"Kit de r\u00f4tisserie Blaze pour gril \u00e0 gaz \u00e0 4 br\u00fbleurs de 32 pouces"}]},{"@type":"WebSite","@id":"https:\/\/www.belleflamme.ca\/fr\/#website","url":"https:\/\/www.belleflamme.ca\/fr\/","name":"Groupe Belleflamme","description":"La m\u00e9canique du b\u00e2timent dans le sang.","publisher":{"@id":"https:\/\/www.belleflamme.ca\/fr\/#organization"},"potentialAction":[{"@type":"SearchAction","target":{"@type":"EntryPoint","urlTemplate":"https:\/\/www.belleflamme.ca\/fr\/?s={search_term_string}"},"query-input":{"@type":"PropertyValueSpecification","valueRequired":true,"valueName":"search_term_string"}}],"inLanguage":"fr-FR"},{"@type":["Organization","Place"],"@id":"https:\/\/www.belleflamme.ca\/fr\/#organization","name":"Groupe Belleflamme","alternateName":"Belleflamme","url":"https:\/\/www.belleflamme.ca\/fr\/","logo":{"@type":"ImageObject","inLanguage":"fr-FR","@id":"https:\/\/www.belleflamme.ca\/fr\/#\/schema\/logo\/image\/","url":"https:\/\/staging.belleflamme.ca\/wp-content\/uploads\/2023\/01\/og-image.jpg","contentUrl":"https:\/\/staging.belleflamme.ca\/wp-content\/uploads\/2023\/01\/og-image.jpg","width":1200,"height":630,"caption":"Groupe Belleflamme"},"image":{"@id":"https:\/\/www.belleflamme.ca\/fr\/#\/schema\/logo\/image\/"},"sameAs":["https:\/\/www.facebook.com\/belleflamme.ca\/","https:\/\/www.linkedin.com\/company\/belleflamme\/","https:\/\/www.pinterest.ca\/groupebelleflamme\/","https:\/\/www.instagram.com\/legroupebelleflamme\/"],"mainEntityOfPage":{"@id":"https:\/\/staging.belleflamme.ca\/fr\/produit\/kit-de-rotisserie-blaze-pour-gril-a-gaz-a-4-bruleurs-de-32-pouces\/"}}]},"product_brand":"Blaze","product_price_amount":"0.00","product_price_currency":"CAD","og_availability":"instock","product_availability":"instock","product_condition":"new"},"_links":{"self":[{"href":"https:\/\/staging.belleflamme.ca\/fr\/wp-json\/wp\/v2\/product\/14764","targetHints":{"allow":["GET"]}}],"collection":[{"href":"https:\/\/staging.belleflamme.ca\/fr\/wp-json\/wp\/v2\/product"}],"about":[{"href":"https:\/\/staging.belleflamme.ca\/fr\/wp-json\/wp\/v2\/types\/product"}],"version-history":[{"count":1,"href":"https:\/\/staging.belleflamme.ca\/fr\/wp-json\/wp\/v2\/product\/14764\/revisions"}],"predecessor-version":[{"id":14767,"href":"https:\/\/staging.belleflamme.ca\/fr\/wp-json\/wp\/v2\/product\/14764\/revisions\/14767"}],"wp:featuredmedia":[{"embeddable":true,"href":"https:\/\/staging.belleflamme.ca\/fr\/wp-json\/wp\/v2\/media\/14765"}],"wp:attachment":[{"href":"https:\/\/staging.belleflamme.ca\/fr\/wp-json\/wp\/v2\/media?parent=14764"}],"wp:term":[{"taxonomy":"product_brand","embeddable":true,"href":"https:\/\/staging.belleflamme.ca\/fr\/wp-json\/wp\/v2\/product_brand?post=14764"},{"taxonomy":"product_cat","embeddable":true,"href":"https:\/\/staging.belleflamme.ca\/fr\/wp-json\/wp\/v2\/product_cat?post=14764"},{"taxonomy":"product_tag","embeddable":true,"href":"https:\/\/staging.belleflamme.ca\/fr\/wp-json\/wp\/v2\/product_tag?post=14764"}],"curies":[{"name":"wp","href":"https:\/\/api.w.org\/{rel}","templated":true}]}}