{"id":14720,"date":"2023-05-16T15:36:18","date_gmt":"2023-05-16T19:36:18","guid":{"rendered":"https:\/\/www.belleflamme.ca\/?post_type=product&#038;p=14720"},"modified":"2023-05-16T15:38:00","modified_gmt":"2023-05-16T19:38:00","slug":"housses-de-gril-encastrables-blaze","status":"publish","type":"product","link":"https:\/\/staging.belleflamme.ca\/fr\/produit\/housses-de-gril-encastrables-blaze\/","title":{"rendered":"Housses de gril encastrables Blaze"},"content":{"rendered":"<p><span>Prot\u00e9gez votre gril int\u00e9gr\u00e9 Blaze des \u00e9l\u00e9ments avec cette housse de gril de qualit\u00e9.<\/span><\/p>\n<ul>\n<li><strong><span>3BICV :<\/span><\/strong><span>\u00a0Couvercle int\u00e9gr\u00e9 traditionnel \u00e0 3 br\u00fbleurs<\/span><\/li>\n<li><strong><span>4BICV :<\/span><\/strong><span>\u00a0Couvercle int\u00e9gr\u00e9 traditionnel\/LTE \u00e0 4 br\u00fbleurs<\/span><\/li>\n<li><strong><span>5BICV :<\/span><\/strong><span>\u00a0Couvercle int\u00e9gr\u00e9 traditionnel\/LTE \u00e0 5 br\u00fbleurs<\/span><\/li>\n<li><strong><span>3PROBICV :<\/span><\/strong><span>\u00a0Couvercle int\u00e9gr\u00e9 professionnel \u00e0 3 br\u00fbleurs<\/span><\/li>\n<li><strong><span>4PROBICV\u00a0:<\/span><\/strong><span>\u00a0Couvercle int\u00e9gr\u00e9 professionnel \u00e0 4 br\u00fbleurs<\/span><\/li>\n<\/ul>\n<p>Prot\u00e9gez votre gril int\u00e9gr\u00e9 Blaze des \u00e9l\u00e9ments avec cette housse de gril de qualit\u00e9. Blaze propose une solution de couverture de gril pour chacun de nos mod\u00e8les de gril encastrable. La housse du gril est garantie pendant 30 jours au propri\u00e9taire d&#8217;origine contre les d\u00e9fauts de fabrication et de fabrication. Cette garantie s&#8217;\u00e9tend \u00e0 l&#8217;acheteur d&#8217;origine contre les d\u00e9fauts de fabrication pour les produits achet\u00e9s pour une utilisation domestique unifamiliale ordinaire.<\/p>\n","protected":false},"excerpt":{"rendered":"<p>Prot\u00e9gez votre gril int\u00e9gr\u00e9 Blaze des \u00e9l\u00e9ments avec cette housse de gril de qualit\u00e9. 3BICV :\u00a0Couvercle int\u00e9gr\u00e9 traditionnel \u00e0 3 br\u00fbleurs 4BICV :\u00a0Couvercle int\u00e9gr\u00e9 traditionnel\/LTE \u00e0 4 br\u00fbleurs 5BICV :\u00a0Couvercle int\u00e9gr\u00e9 traditionnel\/LTE \u00e0 5 br\u00fbleurs 3PROBICV :\u00a0Couvercle int\u00e9gr\u00e9 professionnel \u00e0 3 br\u00fbleurs 4PROBICV\u00a0:\u00a0Couvercle int\u00e9gr\u00e9 professionnel \u00e0 4 br\u00fbleurs Prot\u00e9gez votre gril int\u00e9gr\u00e9 Blaze des \u00e9l\u00e9ments [&hellip;]<\/p>\n","protected":false},"featured_media":14721,"template":"","meta":{"inline_featured_image":false},"product_brand":[346],"product_cat":[117,113],"product_tag":[],"class_list":{"0":"post-14720","1":"product","2":"type-product","3":"status-publish","4":"has-post-thumbnail","6":"product_brand-blaze","7":"product_cat-accessoires-de-bbq","8":"product_cat-bbq-produits-exterieurs","10":"first","11":"instock","12":"taxable","13":"shipping-taxable","14":"product-type-simple"},"yoast_head":"<!-- This site is optimized with the Yoast SEO Premium plugin v24.2 (Yoast SEO v24.2) - https:\/\/yoast.com\/wordpress\/plugins\/seo\/ -->\n<title>Housses de gril encastrables Blaze - Groupe BelleFlamme<\/title>\n<meta name=\"description\" content=\"Housses de gril encastrables Blaze vendu et install\u00e9 par le Groupe Belleflamme. Laval, Montr\u00e9al, Gatineau, Drummondville et Saint-Sauveur.\" \/>\n<meta name=\"robots\" content=\"index, follow, max-snippet:-1, max-image-preview:large, max-video-preview:-1\" \/>\n<link rel=\"canonical\" href=\"https:\/\/staging.belleflamme.ca\/fr\/produit\/housses-de-gril-encastrables-blaze\/\" \/>\n<meta property=\"og:locale\" content=\"fr_FR\" \/>\n<meta property=\"og:type\" content=\"article\" \/>\n<meta property=\"og:title\" content=\"Housses de gril encastrables Blaze\" \/>\n<meta property=\"og:description\" content=\"Housses de gril encastrables Blaze vendu et install\u00e9 par le Groupe Belleflamme. Laval, Montr\u00e9al, Gatineau, Drummondville et Saint-Sauveur.\" \/>\n<meta property=\"og:url\" content=\"https:\/\/staging.belleflamme.ca\/fr\/produit\/housses-de-gril-encastrables-blaze\/\" \/>\n<meta property=\"og:site_name\" content=\"Groupe BelleFlamme\" \/>\n<meta property=\"article:publisher\" content=\"https:\/\/www.facebook.com\/belleflamme.ca\/\" \/>\n<meta property=\"article:modified_time\" content=\"2023-05-16T19:38:00+00:00\" \/>\n<meta property=\"og:image\" content=\"https:\/\/www.belleflamme.ca\/wp-content\/uploads\/2023\/05\/Blaze-Grill-Cover-5BICV.webp\" \/>\n\t<meta property=\"og:image:width\" content=\"220\" \/>\n\t<meta property=\"og:image:height\" content=\"220\" \/>\n\t<meta property=\"og:image:type\" content=\"image\/webp\" \/>\n<meta name=\"twitter:card\" content=\"summary_large_image\" \/>\n<meta name=\"twitter:label1\" content=\"Prix\" \/>\n\t<meta name=\"twitter:data1\" content=\"\" \/>\n\t<meta name=\"twitter:label2\" content=\"Disponibilit\u00e9\" \/>\n\t<meta name=\"twitter:data2\" content=\"En stock\" \/>\n<script type=\"application\/ld+json\" class=\"yoast-schema-graph\">{\"@context\":\"https:\/\/schema.org\",\"@graph\":[{\"@type\":[\"WebPage\",\"ItemPage\"],\"@id\":\"https:\/\/staging.belleflamme.ca\/fr\/produit\/housses-de-gril-encastrables-blaze\/\",\"url\":\"https:\/\/staging.belleflamme.ca\/fr\/produit\/housses-de-gril-encastrables-blaze\/\",\"name\":\"Housses de gril encastrables Blaze - Groupe BelleFlamme\",\"isPartOf\":{\"@id\":\"https:\/\/www.belleflamme.ca\/fr\/#website\"},\"primaryImageOfPage\":{\"@id\":\"https:\/\/staging.belleflamme.ca\/fr\/produit\/housses-de-gril-encastrables-blaze\/#primaryimage\"},\"image\":{\"@id\":\"https:\/\/staging.belleflamme.ca\/fr\/produit\/housses-de-gril-encastrables-blaze\/#primaryimage\"},\"thumbnailUrl\":\"https:\/\/staging.belleflamme.ca\/wp-content\/uploads\/2023\/05\/Blaze-Grill-Cover-5BICV.webp\",\"datePublished\":\"2023-05-16T19:36:18+00:00\",\"dateModified\":\"2023-05-16T19:38:00+00:00\",\"description\":\"Housses de gril encastrables Blaze [get_meta_en_fr]\",\"breadcrumb\":{\"@id\":\"https:\/\/staging.belleflamme.ca\/fr\/produit\/housses-de-gril-encastrables-blaze\/#breadcrumb\"},\"inLanguage\":\"fr-FR\",\"potentialAction\":[{\"@type\":\"ReadAction\",\"target\":[\"https:\/\/staging.belleflamme.ca\/fr\/produit\/housses-de-gril-encastrables-blaze\/\"]}]},{\"@type\":\"ImageObject\",\"inLanguage\":\"fr-FR\",\"@id\":\"https:\/\/staging.belleflamme.ca\/fr\/produit\/housses-de-gril-encastrables-blaze\/#primaryimage\",\"url\":\"https:\/\/staging.belleflamme.ca\/wp-content\/uploads\/2023\/05\/Blaze-Grill-Cover-5BICV.webp\",\"contentUrl\":\"https:\/\/staging.belleflamme.ca\/wp-content\/uploads\/2023\/05\/Blaze-Grill-Cover-5BICV.webp\",\"width\":220,\"height\":220,\"caption\":\"Housses de gril encastrables Blaze\"},{\"@type\":\"BreadcrumbList\",\"@id\":\"https:\/\/staging.belleflamme.ca\/fr\/produit\/housses-de-gril-encastrables-blaze\/#breadcrumb\",\"itemListElement\":[{\"@type\":\"ListItem\",\"position\":1,\"name\":\"Accueil\",\"item\":\"https:\/\/www.belleflamme.ca\/fr\/\"},{\"@type\":\"ListItem\",\"position\":2,\"name\":\"Boutique\",\"item\":\"https:\/\/www.belleflamme.ca\/fr\/boutique\/\"},{\"@type\":\"ListItem\",\"position\":3,\"name\":\"BBQ &amp; Produits Ext\u00e9rieurs\",\"item\":\"https:\/\/staging.belleflamme.ca\/fr\/categories\/bbq-produits-exterieurs\/\"},{\"@type\":\"ListItem\",\"position\":4,\"name\":\"Accessoires de BBQ\",\"item\":\"https:\/\/staging.belleflamme.ca\/fr\/categories\/bbq-produits-exterieurs\/accessoires-de-bbq\/\"},{\"@type\":\"ListItem\",\"position\":5,\"name\":\"Housses de gril encastrables Blaze\"}]},{\"@type\":\"WebSite\",\"@id\":\"https:\/\/www.belleflamme.ca\/fr\/#website\",\"url\":\"https:\/\/www.belleflamme.ca\/fr\/\",\"name\":\"Groupe Belleflamme\",\"description\":\"La m\u00e9canique du b\u00e2timent dans le sang.\",\"publisher\":{\"@id\":\"https:\/\/www.belleflamme.ca\/fr\/#organization\"},\"potentialAction\":[{\"@type\":\"SearchAction\",\"target\":{\"@type\":\"EntryPoint\",\"urlTemplate\":\"https:\/\/www.belleflamme.ca\/fr\/?s={search_term_string}\"},\"query-input\":{\"@type\":\"PropertyValueSpecification\",\"valueRequired\":true,\"valueName\":\"search_term_string\"}}],\"inLanguage\":\"fr-FR\"},{\"@type\":[\"Organization\",\"Place\"],\"@id\":\"https:\/\/www.belleflamme.ca\/fr\/#organization\",\"name\":\"Groupe Belleflamme\",\"alternateName\":\"Belleflamme\",\"url\":\"https:\/\/www.belleflamme.ca\/fr\/\",\"logo\":{\"@type\":\"ImageObject\",\"inLanguage\":\"fr-FR\",\"@id\":\"https:\/\/www.belleflamme.ca\/fr\/#\/schema\/logo\/image\/\",\"url\":\"https:\/\/staging.belleflamme.ca\/wp-content\/uploads\/2023\/01\/og-image.jpg\",\"contentUrl\":\"https:\/\/staging.belleflamme.ca\/wp-content\/uploads\/2023\/01\/og-image.jpg\",\"width\":1200,\"height\":630,\"caption\":\"Groupe Belleflamme\"},\"image\":{\"@id\":\"https:\/\/www.belleflamme.ca\/fr\/#\/schema\/logo\/image\/\"},\"sameAs\":[\"https:\/\/www.facebook.com\/belleflamme.ca\/\",\"https:\/\/www.linkedin.com\/company\/belleflamme\/\",\"https:\/\/www.pinterest.ca\/groupebelleflamme\/\",\"https:\/\/www.instagram.com\/legroupebelleflamme\/\"],\"mainEntityOfPage\":{\"@id\":\"https:\/\/staging.belleflamme.ca\/fr\/produit\/housses-de-gril-encastrables-blaze\/\"}}]}<\/script>\n<meta property=\"product:brand\" content=\"Blaze\" \/>\n<meta property=\"product:price:amount\" content=\"0.00\" \/>\n<meta property=\"product:price:currency\" content=\"CAD\" \/>\n<meta property=\"og:availability\" content=\"instock\" \/>\n<meta property=\"product:availability\" content=\"instock\" \/>\n<meta property=\"product:condition\" content=\"new\" \/>\n<!-- \/ Yoast SEO Premium plugin. -->","yoast_head_json":{"title":"Housses de gril encastrables Blaze - Groupe BelleFlamme","description":"Housses de gril encastrables Blaze vendu et install\u00e9 par le Groupe Belleflamme. Laval, Montr\u00e9al, Gatineau, Drummondville et Saint-Sauveur.","robots":{"index":"index","follow":"follow","max-snippet":"max-snippet:-1","max-image-preview":"max-image-preview:large","max-video-preview":"max-video-preview:-1"},"canonical":"https:\/\/staging.belleflamme.ca\/fr\/produit\/housses-de-gril-encastrables-blaze\/","og_locale":"fr_FR","og_type":"article","og_title":"Housses de gril encastrables Blaze","og_description":"Housses de gril encastrables Blaze vendu et install\u00e9 par le Groupe Belleflamme. Laval, Montr\u00e9al, Gatineau, Drummondville et Saint-Sauveur.","og_url":"https:\/\/staging.belleflamme.ca\/fr\/produit\/housses-de-gril-encastrables-blaze\/","og_site_name":"Groupe BelleFlamme","article_publisher":"https:\/\/www.facebook.com\/belleflamme.ca\/","article_modified_time":"2023-05-16T19:38:00+00:00","og_image":[{"width":220,"height":220,"url":"https:\/\/www.belleflamme.ca\/wp-content\/uploads\/2023\/05\/Blaze-Grill-Cover-5BICV.webp","type":"image\/webp"}],"twitter_card":"summary_large_image","twitter_misc":{"Prix":"","Disponibilit\u00e9":"En stock"},"schema":{"@context":"https:\/\/schema.org","@graph":[{"@type":["WebPage","ItemPage"],"@id":"https:\/\/staging.belleflamme.ca\/fr\/produit\/housses-de-gril-encastrables-blaze\/","url":"https:\/\/staging.belleflamme.ca\/fr\/produit\/housses-de-gril-encastrables-blaze\/","name":"Housses de gril encastrables Blaze - Groupe BelleFlamme","isPartOf":{"@id":"https:\/\/www.belleflamme.ca\/fr\/#website"},"primaryImageOfPage":{"@id":"https:\/\/staging.belleflamme.ca\/fr\/produit\/housses-de-gril-encastrables-blaze\/#primaryimage"},"image":{"@id":"https:\/\/staging.belleflamme.ca\/fr\/produit\/housses-de-gril-encastrables-blaze\/#primaryimage"},"thumbnailUrl":"https:\/\/staging.belleflamme.ca\/wp-content\/uploads\/2023\/05\/Blaze-Grill-Cover-5BICV.webp","datePublished":"2023-05-16T19:36:18+00:00","dateModified":"2023-05-16T19:38:00+00:00","description":"Housses de gril encastrables Blaze [get_meta_en_fr]","breadcrumb":{"@id":"https:\/\/staging.belleflamme.ca\/fr\/produit\/housses-de-gril-encastrables-blaze\/#breadcrumb"},"inLanguage":"fr-FR","potentialAction":[{"@type":"ReadAction","target":["https:\/\/staging.belleflamme.ca\/fr\/produit\/housses-de-gril-encastrables-blaze\/"]}]},{"@type":"ImageObject","inLanguage":"fr-FR","@id":"https:\/\/staging.belleflamme.ca\/fr\/produit\/housses-de-gril-encastrables-blaze\/#primaryimage","url":"https:\/\/staging.belleflamme.ca\/wp-content\/uploads\/2023\/05\/Blaze-Grill-Cover-5BICV.webp","contentUrl":"https:\/\/staging.belleflamme.ca\/wp-content\/uploads\/2023\/05\/Blaze-Grill-Cover-5BICV.webp","width":220,"height":220,"caption":"Housses de gril encastrables Blaze"},{"@type":"BreadcrumbList","@id":"https:\/\/staging.belleflamme.ca\/fr\/produit\/housses-de-gril-encastrables-blaze\/#breadcrumb","itemListElement":[{"@type":"ListItem","position":1,"name":"Accueil","item":"https:\/\/www.belleflamme.ca\/fr\/"},{"@type":"ListItem","position":2,"name":"Boutique","item":"https:\/\/www.belleflamme.ca\/fr\/boutique\/"},{"@type":"ListItem","position":3,"name":"BBQ &amp; Produits Ext\u00e9rieurs","item":"https:\/\/staging.belleflamme.ca\/fr\/categories\/bbq-produits-exterieurs\/"},{"@type":"ListItem","position":4,"name":"Accessoires de BBQ","item":"https:\/\/staging.belleflamme.ca\/fr\/categories\/bbq-produits-exterieurs\/accessoires-de-bbq\/"},{"@type":"ListItem","position":5,"name":"Housses de gril encastrables Blaze"}]},{"@type":"WebSite","@id":"https:\/\/www.belleflamme.ca\/fr\/#website","url":"https:\/\/www.belleflamme.ca\/fr\/","name":"Groupe Belleflamme","description":"La m\u00e9canique du b\u00e2timent dans le sang.","publisher":{"@id":"https:\/\/www.belleflamme.ca\/fr\/#organization"},"potentialAction":[{"@type":"SearchAction","target":{"@type":"EntryPoint","urlTemplate":"https:\/\/www.belleflamme.ca\/fr\/?s={search_term_string}"},"query-input":{"@type":"PropertyValueSpecification","valueRequired":true,"valueName":"search_term_string"}}],"inLanguage":"fr-FR"},{"@type":["Organization","Place"],"@id":"https:\/\/www.belleflamme.ca\/fr\/#organization","name":"Groupe Belleflamme","alternateName":"Belleflamme","url":"https:\/\/www.belleflamme.ca\/fr\/","logo":{"@type":"ImageObject","inLanguage":"fr-FR","@id":"https:\/\/www.belleflamme.ca\/fr\/#\/schema\/logo\/image\/","url":"https:\/\/staging.belleflamme.ca\/wp-content\/uploads\/2023\/01\/og-image.jpg","contentUrl":"https:\/\/staging.belleflamme.ca\/wp-content\/uploads\/2023\/01\/og-image.jpg","width":1200,"height":630,"caption":"Groupe Belleflamme"},"image":{"@id":"https:\/\/www.belleflamme.ca\/fr\/#\/schema\/logo\/image\/"},"sameAs":["https:\/\/www.facebook.com\/belleflamme.ca\/","https:\/\/www.linkedin.com\/company\/belleflamme\/","https:\/\/www.pinterest.ca\/groupebelleflamme\/","https:\/\/www.instagram.com\/legroupebelleflamme\/"],"mainEntityOfPage":{"@id":"https:\/\/staging.belleflamme.ca\/fr\/produit\/housses-de-gril-encastrables-blaze\/"}}]},"product_brand":"Blaze","product_price_amount":"0.00","product_price_currency":"CAD","og_availability":"instock","product_availability":"instock","product_condition":"new"},"_links":{"self":[{"href":"https:\/\/staging.belleflamme.ca\/fr\/wp-json\/wp\/v2\/product\/14720","targetHints":{"allow":["GET"]}}],"collection":[{"href":"https:\/\/staging.belleflamme.ca\/fr\/wp-json\/wp\/v2\/product"}],"about":[{"href":"https:\/\/staging.belleflamme.ca\/fr\/wp-json\/wp\/v2\/types\/product"}],"version-history":[{"count":1,"href":"https:\/\/staging.belleflamme.ca\/fr\/wp-json\/wp\/v2\/product\/14720\/revisions"}],"predecessor-version":[{"id":14723,"href":"https:\/\/staging.belleflamme.ca\/fr\/wp-json\/wp\/v2\/product\/14720\/revisions\/14723"}],"wp:featuredmedia":[{"embeddable":true,"href":"https:\/\/staging.belleflamme.ca\/fr\/wp-json\/wp\/v2\/media\/14721"}],"wp:attachment":[{"href":"https:\/\/staging.belleflamme.ca\/fr\/wp-json\/wp\/v2\/media?parent=14720"}],"wp:term":[{"taxonomy":"product_brand","embeddable":true,"href":"https:\/\/staging.belleflamme.ca\/fr\/wp-json\/wp\/v2\/product_brand?post=14720"},{"taxonomy":"product_cat","embeddable":true,"href":"https:\/\/staging.belleflamme.ca\/fr\/wp-json\/wp\/v2\/product_cat?post=14720"},{"taxonomy":"product_tag","embeddable":true,"href":"https:\/\/staging.belleflamme.ca\/fr\/wp-json\/wp\/v2\/product_tag?post=14720"}],"curies":[{"name":"wp","href":"https:\/\/api.w.org\/{rel}","templated":true}]}}