{"id":14677,"date":"2023-05-16T15:08:19","date_gmt":"2023-05-16T19:08:19","guid":{"rendered":"https:\/\/www.belleflamme.ca\/?post_type=product&#038;p=14677"},"modified":"2023-05-16T15:11:43","modified_gmt":"2023-05-16T19:11:43","slug":"veste-isolee-blaze-pour-plaque-chauffante-a-gaz","status":"publish","type":"product","link":"https:\/\/staging.belleflamme.ca\/fr\/produit\/veste-isolee-blaze-pour-plaque-chauffante-a-gaz\/","title":{"rendered":"Veste isol\u00e9e Blaze pour plaque chauffante \u00e0 gaz"},"content":{"rendered":"<ul>\n<li><span>La construction en acier inoxydable est durable dans des conditions ext\u00e9rieures<\/span><\/li>\n<li><span>N\u00e9cessaire pour installer un br\u00fbleur lat\u00e9ral dans des \u00eelots combustibles<\/span><\/li>\n<li><span>Convient \u00e0 la plaque chauffante \u00e0 gaz int\u00e9gr\u00e9e Blaze de 30 pouces<\/span><\/li>\n<\/ul>\n<p>Cette veste isol\u00e9e Blaze Professional est essentielle lors de l&#8217;installation de votre plaque chauffante \u00e0 gaz Blaze 30 pouces dans une enceinte combustible telle qu&#8217;une cuisine ext\u00e9rieure ou un \u00eelot de barbecue. Cette veste isol\u00e9e est fabriqu\u00e9e en acier inoxydable avec un rebord autoportant sur les c\u00f4t\u00e9s et \u00e0 l&#8217;arri\u00e8re qui ajoute une couche suppl\u00e9mentaire de qualit\u00e9 \u00e0 votre cuisine ext\u00e9rieure. Les vestes isol\u00e9es sont couvertes par une garantie \u00e0 vie contre les d\u00e9fauts de fabrication et de fabrication. Cette garantie s&#8217;\u00e9tend \u00e0 l&#8217;acheteur d&#8217;origine contre les d\u00e9fauts de fabrication pour les produits achet\u00e9s pour une utilisation domestique unifamiliale ordinaire.<\/p>\n<table class=\"woocommerce-product-attributes shop_attributes\">\n<tbody>\n<tr class=\"woocommerce-product-attributes-item woocommerce-product-attributes-item--attribute_overall-dimensions\">\n<th class=\"woocommerce-product-attributes-item__label\">Dimensions<\/th>\n<td class=\"woocommerce-product-attributes-item__value\">13\u215b\u2033 H \u00d7 32\u215c\u2033 L \u00d7 26\u215c\u2033 P<\/td>\n<\/tr>\n<tr class=\"woocommerce-product-attributes-item woocommerce-product-attributes-item--attribute_cut-out-dimensions\">\n<th class=\"woocommerce-product-attributes-item__label\">Dimensions de d\u00e9coupe<\/th>\n<td class=\"woocommerce-product-attributes-item__value\">12\u00be\u2033 H \u00d7 30\u215d\u2033 L \u00d7 25\u2033 P<\/td>\n<\/tr>\n<tr class=\"woocommerce-product-attributes-item woocommerce-product-attributes-item--attribute_cut-out-variations\">\n<th class=\"woocommerce-product-attributes-item__label\">D\u00e9couper les variations<\/th>\n<td class=\"woocommerce-product-attributes-item__value\">\u00bc\u2033 to \u00bd\u2033 un espace est possible sous la gaine isolante<\/td>\n<\/tr>\n<\/tbody>\n<\/table>\n","protected":false},"excerpt":{"rendered":"<p>La construction en acier inoxydable est durable dans des conditions ext\u00e9rieures N\u00e9cessaire pour installer un br\u00fbleur lat\u00e9ral dans des \u00eelots combustibles Convient \u00e0 la plaque chauffante \u00e0 gaz int\u00e9gr\u00e9e Blaze de 30 pouces Cette veste isol\u00e9e Blaze Professional est essentielle lors de l&#8217;installation de votre plaque chauffante \u00e0 gaz Blaze 30 pouces dans une enceinte [&hellip;]<\/p>\n","protected":false},"featured_media":14678,"template":"","meta":{"inline_featured_image":false},"product_brand":[346],"product_cat":[117,113],"product_tag":[],"class_list":{"0":"post-14677","1":"product","2":"type-product","3":"status-publish","4":"has-post-thumbnail","6":"product_brand-blaze","7":"product_cat-accessoires-de-bbq","8":"product_cat-bbq-produits-exterieurs","10":"first","11":"instock","12":"taxable","13":"shipping-taxable","14":"product-type-simple"},"yoast_head":"<!-- This site is optimized with the Yoast SEO Premium plugin v24.2 (Yoast SEO v24.2) - https:\/\/yoast.com\/wordpress\/plugins\/seo\/ -->\n<title>Veste isol\u00e9e Blaze pour plaque chauffante \u00e0 gaz - Groupe BelleFlamme<\/title>\n<meta name=\"description\" content=\"Veste isol\u00e9e Blaze pour plaque chauffante \u00e0 gaz vendu et install\u00e9 par le Groupe Belleflamme. Laval, Montr\u00e9al, Gatineau, Drummondville et Saint-Sauveur.\" \/>\n<meta name=\"robots\" content=\"index, follow, max-snippet:-1, max-image-preview:large, max-video-preview:-1\" \/>\n<link rel=\"canonical\" href=\"https:\/\/staging.belleflamme.ca\/fr\/produit\/veste-isolee-blaze-pour-plaque-chauffante-a-gaz\/\" \/>\n<meta property=\"og:locale\" content=\"fr_FR\" \/>\n<meta property=\"og:type\" content=\"article\" \/>\n<meta property=\"og:title\" content=\"Veste isol\u00e9e Blaze pour plaque chauffante \u00e0 gaz\" \/>\n<meta property=\"og:description\" content=\"Veste isol\u00e9e Blaze pour plaque chauffante \u00e0 gaz vendu et install\u00e9 par le Groupe Belleflamme. Laval, Montr\u00e9al, Gatineau, Drummondville et Saint-Sauveur.\" \/>\n<meta property=\"og:url\" content=\"https:\/\/staging.belleflamme.ca\/fr\/produit\/veste-isolee-blaze-pour-plaque-chauffante-a-gaz\/\" \/>\n<meta property=\"og:site_name\" content=\"Groupe BelleFlamme\" \/>\n<meta property=\"article:publisher\" content=\"https:\/\/www.facebook.com\/belleflamme.ca\/\" \/>\n<meta property=\"article:modified_time\" content=\"2023-05-16T19:11:43+00:00\" \/>\n<meta property=\"og:image\" content=\"https:\/\/www.belleflamme.ca\/wp-content\/uploads\/2023\/05\/Blaze-Pro-2-Insulated-Jacket-02-scaled-1.webp\" \/>\n\t<meta property=\"og:image:width\" content=\"1080\" \/>\n\t<meta property=\"og:image:height\" content=\"1080\" \/>\n\t<meta property=\"og:image:type\" content=\"image\/webp\" \/>\n<meta name=\"twitter:card\" content=\"summary_large_image\" \/>\n<meta name=\"twitter:label1\" content=\"Prix\" \/>\n\t<meta name=\"twitter:data1\" content=\"\" \/>\n\t<meta name=\"twitter:label2\" content=\"Disponibilit\u00e9\" \/>\n\t<meta name=\"twitter:data2\" content=\"En stock\" \/>\n<script type=\"application\/ld+json\" class=\"yoast-schema-graph\">{\"@context\":\"https:\/\/schema.org\",\"@graph\":[{\"@type\":[\"WebPage\",\"ItemPage\"],\"@id\":\"https:\/\/staging.belleflamme.ca\/fr\/produit\/veste-isolee-blaze-pour-plaque-chauffante-a-gaz\/\",\"url\":\"https:\/\/staging.belleflamme.ca\/fr\/produit\/veste-isolee-blaze-pour-plaque-chauffante-a-gaz\/\",\"name\":\"Veste isol\u00e9e Blaze pour plaque chauffante \u00e0 gaz - Groupe BelleFlamme\",\"isPartOf\":{\"@id\":\"https:\/\/www.belleflamme.ca\/fr\/#website\"},\"primaryImageOfPage\":{\"@id\":\"https:\/\/staging.belleflamme.ca\/fr\/produit\/veste-isolee-blaze-pour-plaque-chauffante-a-gaz\/#primaryimage\"},\"image\":{\"@id\":\"https:\/\/staging.belleflamme.ca\/fr\/produit\/veste-isolee-blaze-pour-plaque-chauffante-a-gaz\/#primaryimage\"},\"thumbnailUrl\":\"https:\/\/staging.belleflamme.ca\/wp-content\/uploads\/2023\/05\/Blaze-Pro-2-Insulated-Jacket-02-scaled-1.webp\",\"datePublished\":\"2023-05-16T19:08:19+00:00\",\"dateModified\":\"2023-05-16T19:11:43+00:00\",\"description\":\"Veste isol\u00e9e Blaze pour plaque chauffante \u00e0 gaz [get_meta_en_fr]\",\"breadcrumb\":{\"@id\":\"https:\/\/staging.belleflamme.ca\/fr\/produit\/veste-isolee-blaze-pour-plaque-chauffante-a-gaz\/#breadcrumb\"},\"inLanguage\":\"fr-FR\",\"potentialAction\":[{\"@type\":\"ReadAction\",\"target\":[\"https:\/\/staging.belleflamme.ca\/fr\/produit\/veste-isolee-blaze-pour-plaque-chauffante-a-gaz\/\"]}]},{\"@type\":\"ImageObject\",\"inLanguage\":\"fr-FR\",\"@id\":\"https:\/\/staging.belleflamme.ca\/fr\/produit\/veste-isolee-blaze-pour-plaque-chauffante-a-gaz\/#primaryimage\",\"url\":\"https:\/\/staging.belleflamme.ca\/wp-content\/uploads\/2023\/05\/Blaze-Pro-2-Insulated-Jacket-02-scaled-1.webp\",\"contentUrl\":\"https:\/\/staging.belleflamme.ca\/wp-content\/uploads\/2023\/05\/Blaze-Pro-2-Insulated-Jacket-02-scaled-1.webp\",\"width\":1080,\"height\":1080,\"caption\":\"Veste isol\u00e9e Blaze pour plaque chauffante \u00e0 gaz\"},{\"@type\":\"BreadcrumbList\",\"@id\":\"https:\/\/staging.belleflamme.ca\/fr\/produit\/veste-isolee-blaze-pour-plaque-chauffante-a-gaz\/#breadcrumb\",\"itemListElement\":[{\"@type\":\"ListItem\",\"position\":1,\"name\":\"Accueil\",\"item\":\"https:\/\/www.belleflamme.ca\/fr\/\"},{\"@type\":\"ListItem\",\"position\":2,\"name\":\"Boutique\",\"item\":\"https:\/\/www.belleflamme.ca\/fr\/boutique\/\"},{\"@type\":\"ListItem\",\"position\":3,\"name\":\"BBQ &amp; Produits Ext\u00e9rieurs\",\"item\":\"https:\/\/staging.belleflamme.ca\/fr\/categories\/bbq-produits-exterieurs\/\"},{\"@type\":\"ListItem\",\"position\":4,\"name\":\"Accessoires de BBQ\",\"item\":\"https:\/\/staging.belleflamme.ca\/fr\/categories\/bbq-produits-exterieurs\/accessoires-de-bbq\/\"},{\"@type\":\"ListItem\",\"position\":5,\"name\":\"Veste isol\u00e9e Blaze pour plaque chauffante \u00e0 gaz\"}]},{\"@type\":\"WebSite\",\"@id\":\"https:\/\/www.belleflamme.ca\/fr\/#website\",\"url\":\"https:\/\/www.belleflamme.ca\/fr\/\",\"name\":\"Groupe Belleflamme\",\"description\":\"La m\u00e9canique du b\u00e2timent dans le sang.\",\"publisher\":{\"@id\":\"https:\/\/www.belleflamme.ca\/fr\/#organization\"},\"potentialAction\":[{\"@type\":\"SearchAction\",\"target\":{\"@type\":\"EntryPoint\",\"urlTemplate\":\"https:\/\/www.belleflamme.ca\/fr\/?s={search_term_string}\"},\"query-input\":{\"@type\":\"PropertyValueSpecification\",\"valueRequired\":true,\"valueName\":\"search_term_string\"}}],\"inLanguage\":\"fr-FR\"},{\"@type\":[\"Organization\",\"Place\"],\"@id\":\"https:\/\/www.belleflamme.ca\/fr\/#organization\",\"name\":\"Groupe Belleflamme\",\"alternateName\":\"Belleflamme\",\"url\":\"https:\/\/www.belleflamme.ca\/fr\/\",\"logo\":{\"@type\":\"ImageObject\",\"inLanguage\":\"fr-FR\",\"@id\":\"https:\/\/www.belleflamme.ca\/fr\/#\/schema\/logo\/image\/\",\"url\":\"https:\/\/staging.belleflamme.ca\/wp-content\/uploads\/2023\/01\/og-image.jpg\",\"contentUrl\":\"https:\/\/staging.belleflamme.ca\/wp-content\/uploads\/2023\/01\/og-image.jpg\",\"width\":1200,\"height\":630,\"caption\":\"Groupe Belleflamme\"},\"image\":{\"@id\":\"https:\/\/www.belleflamme.ca\/fr\/#\/schema\/logo\/image\/\"},\"sameAs\":[\"https:\/\/www.facebook.com\/belleflamme.ca\/\",\"https:\/\/www.linkedin.com\/company\/belleflamme\/\",\"https:\/\/www.pinterest.ca\/groupebelleflamme\/\",\"https:\/\/www.instagram.com\/legroupebelleflamme\/\"],\"mainEntityOfPage\":{\"@id\":\"https:\/\/staging.belleflamme.ca\/fr\/produit\/veste-isolee-blaze-pour-plaque-chauffante-a-gaz\/\"}}]}<\/script>\n<meta property=\"product:brand\" content=\"Blaze\" \/>\n<meta property=\"product:price:amount\" content=\"0.00\" \/>\n<meta property=\"product:price:currency\" content=\"CAD\" \/>\n<meta property=\"og:availability\" content=\"instock\" \/>\n<meta property=\"product:availability\" content=\"instock\" \/>\n<meta property=\"product:condition\" content=\"new\" \/>\n<!-- \/ Yoast SEO Premium plugin. -->","yoast_head_json":{"title":"Veste isol\u00e9e Blaze pour plaque chauffante \u00e0 gaz - Groupe BelleFlamme","description":"Veste isol\u00e9e Blaze pour plaque chauffante \u00e0 gaz vendu et install\u00e9 par le Groupe Belleflamme. Laval, Montr\u00e9al, Gatineau, Drummondville et Saint-Sauveur.","robots":{"index":"index","follow":"follow","max-snippet":"max-snippet:-1","max-image-preview":"max-image-preview:large","max-video-preview":"max-video-preview:-1"},"canonical":"https:\/\/staging.belleflamme.ca\/fr\/produit\/veste-isolee-blaze-pour-plaque-chauffante-a-gaz\/","og_locale":"fr_FR","og_type":"article","og_title":"Veste isol\u00e9e Blaze pour plaque chauffante \u00e0 gaz","og_description":"Veste isol\u00e9e Blaze pour plaque chauffante \u00e0 gaz vendu et install\u00e9 par le Groupe Belleflamme. Laval, Montr\u00e9al, Gatineau, Drummondville et Saint-Sauveur.","og_url":"https:\/\/staging.belleflamme.ca\/fr\/produit\/veste-isolee-blaze-pour-plaque-chauffante-a-gaz\/","og_site_name":"Groupe BelleFlamme","article_publisher":"https:\/\/www.facebook.com\/belleflamme.ca\/","article_modified_time":"2023-05-16T19:11:43+00:00","og_image":[{"width":1080,"height":1080,"url":"https:\/\/www.belleflamme.ca\/wp-content\/uploads\/2023\/05\/Blaze-Pro-2-Insulated-Jacket-02-scaled-1.webp","type":"image\/webp"}],"twitter_card":"summary_large_image","twitter_misc":{"Prix":"","Disponibilit\u00e9":"En stock"},"schema":{"@context":"https:\/\/schema.org","@graph":[{"@type":["WebPage","ItemPage"],"@id":"https:\/\/staging.belleflamme.ca\/fr\/produit\/veste-isolee-blaze-pour-plaque-chauffante-a-gaz\/","url":"https:\/\/staging.belleflamme.ca\/fr\/produit\/veste-isolee-blaze-pour-plaque-chauffante-a-gaz\/","name":"Veste isol\u00e9e Blaze pour plaque chauffante \u00e0 gaz - Groupe BelleFlamme","isPartOf":{"@id":"https:\/\/www.belleflamme.ca\/fr\/#website"},"primaryImageOfPage":{"@id":"https:\/\/staging.belleflamme.ca\/fr\/produit\/veste-isolee-blaze-pour-plaque-chauffante-a-gaz\/#primaryimage"},"image":{"@id":"https:\/\/staging.belleflamme.ca\/fr\/produit\/veste-isolee-blaze-pour-plaque-chauffante-a-gaz\/#primaryimage"},"thumbnailUrl":"https:\/\/staging.belleflamme.ca\/wp-content\/uploads\/2023\/05\/Blaze-Pro-2-Insulated-Jacket-02-scaled-1.webp","datePublished":"2023-05-16T19:08:19+00:00","dateModified":"2023-05-16T19:11:43+00:00","description":"Veste isol\u00e9e Blaze pour plaque chauffante \u00e0 gaz [get_meta_en_fr]","breadcrumb":{"@id":"https:\/\/staging.belleflamme.ca\/fr\/produit\/veste-isolee-blaze-pour-plaque-chauffante-a-gaz\/#breadcrumb"},"inLanguage":"fr-FR","potentialAction":[{"@type":"ReadAction","target":["https:\/\/staging.belleflamme.ca\/fr\/produit\/veste-isolee-blaze-pour-plaque-chauffante-a-gaz\/"]}]},{"@type":"ImageObject","inLanguage":"fr-FR","@id":"https:\/\/staging.belleflamme.ca\/fr\/produit\/veste-isolee-blaze-pour-plaque-chauffante-a-gaz\/#primaryimage","url":"https:\/\/staging.belleflamme.ca\/wp-content\/uploads\/2023\/05\/Blaze-Pro-2-Insulated-Jacket-02-scaled-1.webp","contentUrl":"https:\/\/staging.belleflamme.ca\/wp-content\/uploads\/2023\/05\/Blaze-Pro-2-Insulated-Jacket-02-scaled-1.webp","width":1080,"height":1080,"caption":"Veste isol\u00e9e Blaze pour plaque chauffante \u00e0 gaz"},{"@type":"BreadcrumbList","@id":"https:\/\/staging.belleflamme.ca\/fr\/produit\/veste-isolee-blaze-pour-plaque-chauffante-a-gaz\/#breadcrumb","itemListElement":[{"@type":"ListItem","position":1,"name":"Accueil","item":"https:\/\/www.belleflamme.ca\/fr\/"},{"@type":"ListItem","position":2,"name":"Boutique","item":"https:\/\/www.belleflamme.ca\/fr\/boutique\/"},{"@type":"ListItem","position":3,"name":"BBQ &amp; Produits Ext\u00e9rieurs","item":"https:\/\/staging.belleflamme.ca\/fr\/categories\/bbq-produits-exterieurs\/"},{"@type":"ListItem","position":4,"name":"Accessoires de BBQ","item":"https:\/\/staging.belleflamme.ca\/fr\/categories\/bbq-produits-exterieurs\/accessoires-de-bbq\/"},{"@type":"ListItem","position":5,"name":"Veste isol\u00e9e Blaze pour plaque chauffante \u00e0 gaz"}]},{"@type":"WebSite","@id":"https:\/\/www.belleflamme.ca\/fr\/#website","url":"https:\/\/www.belleflamme.ca\/fr\/","name":"Groupe Belleflamme","description":"La m\u00e9canique du b\u00e2timent dans le sang.","publisher":{"@id":"https:\/\/www.belleflamme.ca\/fr\/#organization"},"potentialAction":[{"@type":"SearchAction","target":{"@type":"EntryPoint","urlTemplate":"https:\/\/www.belleflamme.ca\/fr\/?s={search_term_string}"},"query-input":{"@type":"PropertyValueSpecification","valueRequired":true,"valueName":"search_term_string"}}],"inLanguage":"fr-FR"},{"@type":["Organization","Place"],"@id":"https:\/\/www.belleflamme.ca\/fr\/#organization","name":"Groupe Belleflamme","alternateName":"Belleflamme","url":"https:\/\/www.belleflamme.ca\/fr\/","logo":{"@type":"ImageObject","inLanguage":"fr-FR","@id":"https:\/\/www.belleflamme.ca\/fr\/#\/schema\/logo\/image\/","url":"https:\/\/staging.belleflamme.ca\/wp-content\/uploads\/2023\/01\/og-image.jpg","contentUrl":"https:\/\/staging.belleflamme.ca\/wp-content\/uploads\/2023\/01\/og-image.jpg","width":1200,"height":630,"caption":"Groupe Belleflamme"},"image":{"@id":"https:\/\/www.belleflamme.ca\/fr\/#\/schema\/logo\/image\/"},"sameAs":["https:\/\/www.facebook.com\/belleflamme.ca\/","https:\/\/www.linkedin.com\/company\/belleflamme\/","https:\/\/www.pinterest.ca\/groupebelleflamme\/","https:\/\/www.instagram.com\/legroupebelleflamme\/"],"mainEntityOfPage":{"@id":"https:\/\/staging.belleflamme.ca\/fr\/produit\/veste-isolee-blaze-pour-plaque-chauffante-a-gaz\/"}}]},"product_brand":"Blaze","product_price_amount":"0.00","product_price_currency":"CAD","og_availability":"instock","product_availability":"instock","product_condition":"new"},"_links":{"self":[{"href":"https:\/\/staging.belleflamme.ca\/fr\/wp-json\/wp\/v2\/product\/14677","targetHints":{"allow":["GET"]}}],"collection":[{"href":"https:\/\/staging.belleflamme.ca\/fr\/wp-json\/wp\/v2\/product"}],"about":[{"href":"https:\/\/staging.belleflamme.ca\/fr\/wp-json\/wp\/v2\/types\/product"}],"version-history":[{"count":1,"href":"https:\/\/staging.belleflamme.ca\/fr\/wp-json\/wp\/v2\/product\/14677\/revisions"}],"predecessor-version":[{"id":14680,"href":"https:\/\/staging.belleflamme.ca\/fr\/wp-json\/wp\/v2\/product\/14677\/revisions\/14680"}],"wp:featuredmedia":[{"embeddable":true,"href":"https:\/\/staging.belleflamme.ca\/fr\/wp-json\/wp\/v2\/media\/14678"}],"wp:attachment":[{"href":"https:\/\/staging.belleflamme.ca\/fr\/wp-json\/wp\/v2\/media?parent=14677"}],"wp:term":[{"taxonomy":"product_brand","embeddable":true,"href":"https:\/\/staging.belleflamme.ca\/fr\/wp-json\/wp\/v2\/product_brand?post=14677"},{"taxonomy":"product_cat","embeddable":true,"href":"https:\/\/staging.belleflamme.ca\/fr\/wp-json\/wp\/v2\/product_cat?post=14677"},{"taxonomy":"product_tag","embeddable":true,"href":"https:\/\/staging.belleflamme.ca\/fr\/wp-json\/wp\/v2\/product_tag?post=14677"}],"curies":[{"name":"wp","href":"https:\/\/api.w.org\/{rel}","templated":true}]}}