{"id":14670,"date":"2023-05-16T15:02:34","date_gmt":"2023-05-16T19:02:34","guid":{"rendered":"https:\/\/www.belleflamme.ca\/?post_type=product&#038;p=14670"},"modified":"2024-05-16T12:47:37","modified_gmt":"2024-05-16T16:47:37","slug":"chariot-de-barbecue-professionnel-blaze-44-pouces-a-4-bruleurs","status":"publish","type":"product","link":"https:\/\/staging.belleflamme.ca\/fr\/produit\/chariot-de-barbecue-professionnel-blaze-44-pouces-a-4-bruleurs\/","title":{"rendered":"Chariot de barbecue professionnel Blaze 44 pouces \u00e0 4 br\u00fbleurs"},"content":{"rendered":"<ul>\n<li>La construction en acier inoxydable est durable dans des conditions ext\u00e9rieures<\/li>\n<li>L&#8217;\u00e9clairage blanc ambiant dans les tiroirs assure un \u00e9clairage parfait et naturel<\/li>\n<li>Charni\u00e8res \u00e0 fermeture en douceur pour une fermeture facile de toutes les portes<\/li>\n<li>Deux tiroirs ajoutent un espace de rangement pratique pour vos accessoires de barbecue<\/li>\n<li>2 tablettes lat\u00e9rales pliantes offrent une zone de travail pratique pendant la cuisson<\/li>\n<li>4 roulettes robustes vous permettent de repositionner le gril au besoin<\/li>\n<\/ul>\n<p>Ce chariot de gril en acier inoxydable Blaze est sp\u00e9cialement con\u00e7u pour accueillir le gril \u00e0 gaz \u00e0 4 br\u00fbleurs Blaze Professional. Les deux \u00e9tag\u00e8res lat\u00e9rales en acier inoxydable gardent vos outils de barbecue \u00e0 port\u00e9e de main et offrent un espace de travail pratique pendant que vous cuisinez. Le chariot de gril Blaze comprend \u00e9galement une porte avant \u00e0 charni\u00e8re \u00e0 fermeture douce avec une poign\u00e9e moderne pour acc\u00e9der \u00e0 l&#8217;armoire sous le gril o\u00f9 vous pouvez ranger votre r\u00e9servoir de propane. Il comprend \u00e9galement deux tiroirs \u00e9clair\u00e9s pour ranger votre couvercle de gril et vos accessoires de barbecue. Le chariot est garanti \u00e0 vie au propri\u00e9taire d&#8217;origine contre les d\u00e9fauts de fabrication et de fabrication. Cette garantie s&#8217;\u00e9tend \u00e0 l&#8217;acheteur d&#8217;origine contre les d\u00e9fauts de fabrication pour les produits achet\u00e9s pour une utilisation domestique unifamiliale ordinaire.<\/p>\n<table class=\"woocommerce-product-attributes shop_attributes\">\n<tbody>\n<tr class=\"woocommerce-product-attributes-item woocommerce-product-attributes-item--attribute_overall-dimensions\">\n<th class=\"woocommerce-product-attributes-item__label\">Dimensions<\/th>\n<td class=\"woocommerce-product-attributes-item__value\">35\u00bc\u2033 H \u00d7 75 11\/16\u2033 L \u00d7 23\u215e\u2033 P<\/td>\n<\/tr>\n<tr class=\"woocommerce-product-attributes-item woocommerce-product-attributes-item--attribute_cart-without-shelves\">\n<th class=\"woocommerce-product-attributes-item__label\">Chariot sans \u00e9tag\u00e8res<\/th>\n<td class=\"woocommerce-product-attributes-item__value\">35\u00bc\u2033 H \u00d7 44\u00bd\u2033 L \u00d7 23\u215e\u2033 P<\/td>\n<\/tr>\n<tr class=\"woocommerce-product-attributes-item woocommerce-product-attributes-item--attribute_single-shelf-dimensions\">\n<th class=\"woocommerce-product-attributes-item__label\">Dimensions de l&#8217;\u00e9tag\u00e8re unique<\/th>\n<td class=\"woocommerce-product-attributes-item__value\">15\u00be\u2033 L \u00d7 23\u215e\u2033 P<\/td>\n<\/tr>\n<tr class=\"woocommerce-product-attributes-item woocommerce-product-attributes-item--attribute_drawer-internal-dimensions\">\n<th class=\"woocommerce-product-attributes-item__label\">Dimensions internes du tiroir<\/th>\n<td class=\"woocommerce-product-attributes-item__value\">5\u215e\u2033 H \u00d7 18\u2033 L \u00d7 19\u2033 P<\/td>\n<\/tr>\n<tr class=\"woocommerce-product-attributes-item woocommerce-product-attributes-item--attribute_physical-door-opening\">\n<th class=\"woocommerce-product-attributes-item__label\">Ouverture de porte physique<\/th>\n<td class=\"woocommerce-product-attributes-item__value\">19\u2033 H \u00d7 20\u2033 L<\/td>\n<\/tr>\n<\/tbody>\n<\/table>\n","protected":false},"excerpt":{"rendered":"<p>La construction en acier inoxydable est durable dans des conditions ext\u00e9rieures L&#8217;\u00e9clairage blanc ambiant dans les tiroirs assure un \u00e9clairage parfait et naturel Charni\u00e8res \u00e0 fermeture en douceur pour une fermeture facile de toutes les portes Deux tiroirs ajoutent un espace de rangement pratique pour vos accessoires de barbecue 2 tablettes lat\u00e9rales pliantes offrent une [&hellip;]<\/p>\n","protected":false},"featured_media":14671,"template":"","meta":{"inline_featured_image":false},"product_brand":[346],"product_cat":[117,113,352,116],"product_tag":[],"class_list":{"0":"post-14670","1":"product","2":"type-product","3":"status-publish","4":"has-post-thumbnail","6":"product_brand-blaze","7":"product_cat-accessoires-de-bbq","8":"product_cat-bbq-produits-exterieurs","9":"product_cat-cabinets-et-modules","10":"product_cat-cuisine-exterieure","12":"first","13":"instock","14":"taxable","15":"shipping-taxable","16":"product-type-simple"},"yoast_head":"<!-- This site is optimized with the Yoast SEO Premium plugin v24.2 (Yoast SEO v24.2) - https:\/\/yoast.com\/wordpress\/plugins\/seo\/ -->\n<title>Chariot de barbecue professionnel Blaze 44 pouces \u00e0 4 br\u00fbleurs - Groupe BelleFlamme<\/title>\n<meta name=\"description\" content=\"Chariot de barbecue professionnel Blaze 44 pouces \u00e0 4 br\u00fbleurs vendu et install\u00e9 par le Groupe Belleflamme. Laval, Montr\u00e9al, Gatineau, Drummondville et Saint-Sauveur.\" \/>\n<meta name=\"robots\" content=\"index, follow, max-snippet:-1, max-image-preview:large, max-video-preview:-1\" \/>\n<link rel=\"canonical\" href=\"https:\/\/staging.belleflamme.ca\/fr\/produit\/chariot-de-barbecue-professionnel-blaze-44-pouces-a-4-bruleurs\/\" \/>\n<meta property=\"og:locale\" content=\"fr_FR\" \/>\n<meta property=\"og:type\" content=\"article\" \/>\n<meta property=\"og:title\" content=\"Chariot de barbecue professionnel Blaze 44 pouces \u00e0 4 br\u00fbleurs\" \/>\n<meta property=\"og:description\" content=\"Chariot de barbecue professionnel Blaze 44 pouces \u00e0 4 br\u00fbleurs vendu et install\u00e9 par le Groupe Belleflamme. Laval, Montr\u00e9al, Gatineau, Drummondville et Saint-Sauveur.\" \/>\n<meta property=\"og:url\" content=\"https:\/\/staging.belleflamme.ca\/fr\/produit\/chariot-de-barbecue-professionnel-blaze-44-pouces-a-4-bruleurs\/\" \/>\n<meta property=\"og:site_name\" content=\"Groupe BelleFlamme\" \/>\n<meta property=\"article:publisher\" content=\"https:\/\/www.facebook.com\/belleflamme.ca\/\" \/>\n<meta property=\"article:modified_time\" content=\"2024-05-16T16:47:37+00:00\" \/>\n<meta property=\"og:image\" content=\"https:\/\/www.belleflamme.ca\/wp-content\/uploads\/2023\/05\/BLZ-4PRO-CART-LTSC-scaled-1.webp\" \/>\n\t<meta property=\"og:image:width\" content=\"1080\" \/>\n\t<meta property=\"og:image:height\" content=\"1080\" \/>\n\t<meta property=\"og:image:type\" content=\"image\/webp\" \/>\n<meta name=\"twitter:card\" content=\"summary_large_image\" \/>\n<meta name=\"twitter:label1\" content=\"Prix\" \/>\n\t<meta name=\"twitter:data1\" content=\"\" \/>\n\t<meta name=\"twitter:label2\" content=\"Disponibilit\u00e9\" \/>\n\t<meta name=\"twitter:data2\" content=\"En stock\" \/>\n<script type=\"application\/ld+json\" class=\"yoast-schema-graph\">{\"@context\":\"https:\/\/schema.org\",\"@graph\":[{\"@type\":[\"WebPage\",\"ItemPage\"],\"@id\":\"https:\/\/staging.belleflamme.ca\/fr\/produit\/chariot-de-barbecue-professionnel-blaze-44-pouces-a-4-bruleurs\/\",\"url\":\"https:\/\/staging.belleflamme.ca\/fr\/produit\/chariot-de-barbecue-professionnel-blaze-44-pouces-a-4-bruleurs\/\",\"name\":\"Chariot de barbecue professionnel Blaze 44 pouces \u00e0 4 br\u00fbleurs - Groupe BelleFlamme\",\"isPartOf\":{\"@id\":\"https:\/\/www.belleflamme.ca\/fr\/#website\"},\"primaryImageOfPage\":{\"@id\":\"https:\/\/staging.belleflamme.ca\/fr\/produit\/chariot-de-barbecue-professionnel-blaze-44-pouces-a-4-bruleurs\/#primaryimage\"},\"image\":{\"@id\":\"https:\/\/staging.belleflamme.ca\/fr\/produit\/chariot-de-barbecue-professionnel-blaze-44-pouces-a-4-bruleurs\/#primaryimage\"},\"thumbnailUrl\":\"https:\/\/staging.belleflamme.ca\/wp-content\/uploads\/2023\/05\/BLZ-4PRO-CART-LTSC-scaled-1.webp\",\"datePublished\":\"2023-05-16T19:02:34+00:00\",\"dateModified\":\"2024-05-16T16:47:37+00:00\",\"description\":\"Chariot de barbecue professionnel Blaze 44 pouces \u00e0 4 br\u00fbleurs [get_meta_en_fr]\",\"breadcrumb\":{\"@id\":\"https:\/\/staging.belleflamme.ca\/fr\/produit\/chariot-de-barbecue-professionnel-blaze-44-pouces-a-4-bruleurs\/#breadcrumb\"},\"inLanguage\":\"fr-FR\",\"potentialAction\":[{\"@type\":\"ReadAction\",\"target\":[\"https:\/\/staging.belleflamme.ca\/fr\/produit\/chariot-de-barbecue-professionnel-blaze-44-pouces-a-4-bruleurs\/\"]}]},{\"@type\":\"ImageObject\",\"inLanguage\":\"fr-FR\",\"@id\":\"https:\/\/staging.belleflamme.ca\/fr\/produit\/chariot-de-barbecue-professionnel-blaze-44-pouces-a-4-bruleurs\/#primaryimage\",\"url\":\"https:\/\/staging.belleflamme.ca\/wp-content\/uploads\/2023\/05\/BLZ-4PRO-CART-LTSC-scaled-1.webp\",\"contentUrl\":\"https:\/\/staging.belleflamme.ca\/wp-content\/uploads\/2023\/05\/BLZ-4PRO-CART-LTSC-scaled-1.webp\",\"width\":1080,\"height\":1080,\"caption\":\"Chariot de barbecue professionnel Blaze 44 pouces \u00e0 4 br\u00fbleurs\"},{\"@type\":\"BreadcrumbList\",\"@id\":\"https:\/\/staging.belleflamme.ca\/fr\/produit\/chariot-de-barbecue-professionnel-blaze-44-pouces-a-4-bruleurs\/#breadcrumb\",\"itemListElement\":[{\"@type\":\"ListItem\",\"position\":1,\"name\":\"Accueil\",\"item\":\"https:\/\/www.belleflamme.ca\/fr\/\"},{\"@type\":\"ListItem\",\"position\":2,\"name\":\"Boutique\",\"item\":\"https:\/\/www.belleflamme.ca\/fr\/boutique\/\"},{\"@type\":\"ListItem\",\"position\":3,\"name\":\"BBQ &amp; Produits Ext\u00e9rieurs\",\"item\":\"https:\/\/staging.belleflamme.ca\/fr\/categories\/bbq-produits-exterieurs\/\"},{\"@type\":\"ListItem\",\"position\":4,\"name\":\"Cuisine Ext\u00e9rieure\",\"item\":\"https:\/\/staging.belleflamme.ca\/fr\/categories\/bbq-produits-exterieurs\/cuisine-exterieure\/\"},{\"@type\":\"ListItem\",\"position\":5,\"name\":\"Cabinets et Modules\",\"item\":\"https:\/\/staging.belleflamme.ca\/fr\/categories\/bbq-produits-exterieurs\/cuisine-exterieure\/cabinets-et-modules\/\"},{\"@type\":\"ListItem\",\"position\":6,\"name\":\"Chariot de barbecue professionnel Blaze 44 pouces \u00e0 4 br\u00fbleurs\"}]},{\"@type\":\"WebSite\",\"@id\":\"https:\/\/www.belleflamme.ca\/fr\/#website\",\"url\":\"https:\/\/www.belleflamme.ca\/fr\/\",\"name\":\"Groupe Belleflamme\",\"description\":\"La m\u00e9canique du b\u00e2timent dans le sang.\",\"publisher\":{\"@id\":\"https:\/\/www.belleflamme.ca\/fr\/#organization\"},\"potentialAction\":[{\"@type\":\"SearchAction\",\"target\":{\"@type\":\"EntryPoint\",\"urlTemplate\":\"https:\/\/www.belleflamme.ca\/fr\/?s={search_term_string}\"},\"query-input\":{\"@type\":\"PropertyValueSpecification\",\"valueRequired\":true,\"valueName\":\"search_term_string\"}}],\"inLanguage\":\"fr-FR\"},{\"@type\":[\"Organization\",\"Place\"],\"@id\":\"https:\/\/www.belleflamme.ca\/fr\/#organization\",\"name\":\"Groupe Belleflamme\",\"alternateName\":\"Belleflamme\",\"url\":\"https:\/\/www.belleflamme.ca\/fr\/\",\"logo\":{\"@type\":\"ImageObject\",\"inLanguage\":\"fr-FR\",\"@id\":\"https:\/\/www.belleflamme.ca\/fr\/#\/schema\/logo\/image\/\",\"url\":\"https:\/\/staging.belleflamme.ca\/wp-content\/uploads\/2023\/01\/og-image.jpg\",\"contentUrl\":\"https:\/\/staging.belleflamme.ca\/wp-content\/uploads\/2023\/01\/og-image.jpg\",\"width\":1200,\"height\":630,\"caption\":\"Groupe Belleflamme\"},\"image\":{\"@id\":\"https:\/\/www.belleflamme.ca\/fr\/#\/schema\/logo\/image\/\"},\"sameAs\":[\"https:\/\/www.facebook.com\/belleflamme.ca\/\",\"https:\/\/www.linkedin.com\/company\/belleflamme\/\",\"https:\/\/www.pinterest.ca\/groupebelleflamme\/\",\"https:\/\/www.instagram.com\/legroupebelleflamme\/\"],\"mainEntityOfPage\":{\"@id\":\"https:\/\/staging.belleflamme.ca\/fr\/produit\/chariot-de-barbecue-professionnel-blaze-44-pouces-a-4-bruleurs\/\"}}]}<\/script>\n<meta property=\"product:brand\" content=\"Blaze\" \/>\n<meta property=\"product:price:amount\" content=\"0.00\" \/>\n<meta property=\"product:price:currency\" content=\"CAD\" \/>\n<meta property=\"og:availability\" content=\"instock\" \/>\n<meta property=\"product:availability\" content=\"instock\" \/>\n<meta property=\"product:condition\" content=\"new\" \/>\n<!-- \/ Yoast SEO Premium plugin. -->","yoast_head_json":{"title":"Chariot de barbecue professionnel Blaze 44 pouces \u00e0 4 br\u00fbleurs - Groupe BelleFlamme","description":"Chariot de barbecue professionnel Blaze 44 pouces \u00e0 4 br\u00fbleurs vendu et install\u00e9 par le Groupe Belleflamme. Laval, Montr\u00e9al, Gatineau, Drummondville et Saint-Sauveur.","robots":{"index":"index","follow":"follow","max-snippet":"max-snippet:-1","max-image-preview":"max-image-preview:large","max-video-preview":"max-video-preview:-1"},"canonical":"https:\/\/staging.belleflamme.ca\/fr\/produit\/chariot-de-barbecue-professionnel-blaze-44-pouces-a-4-bruleurs\/","og_locale":"fr_FR","og_type":"article","og_title":"Chariot de barbecue professionnel Blaze 44 pouces \u00e0 4 br\u00fbleurs","og_description":"Chariot de barbecue professionnel Blaze 44 pouces \u00e0 4 br\u00fbleurs vendu et install\u00e9 par le Groupe Belleflamme. Laval, Montr\u00e9al, Gatineau, Drummondville et Saint-Sauveur.","og_url":"https:\/\/staging.belleflamme.ca\/fr\/produit\/chariot-de-barbecue-professionnel-blaze-44-pouces-a-4-bruleurs\/","og_site_name":"Groupe BelleFlamme","article_publisher":"https:\/\/www.facebook.com\/belleflamme.ca\/","article_modified_time":"2024-05-16T16:47:37+00:00","og_image":[{"width":1080,"height":1080,"url":"https:\/\/www.belleflamme.ca\/wp-content\/uploads\/2023\/05\/BLZ-4PRO-CART-LTSC-scaled-1.webp","type":"image\/webp"}],"twitter_card":"summary_large_image","twitter_misc":{"Prix":"","Disponibilit\u00e9":"En stock"},"schema":{"@context":"https:\/\/schema.org","@graph":[{"@type":["WebPage","ItemPage"],"@id":"https:\/\/staging.belleflamme.ca\/fr\/produit\/chariot-de-barbecue-professionnel-blaze-44-pouces-a-4-bruleurs\/","url":"https:\/\/staging.belleflamme.ca\/fr\/produit\/chariot-de-barbecue-professionnel-blaze-44-pouces-a-4-bruleurs\/","name":"Chariot de barbecue professionnel Blaze 44 pouces \u00e0 4 br\u00fbleurs - Groupe BelleFlamme","isPartOf":{"@id":"https:\/\/www.belleflamme.ca\/fr\/#website"},"primaryImageOfPage":{"@id":"https:\/\/staging.belleflamme.ca\/fr\/produit\/chariot-de-barbecue-professionnel-blaze-44-pouces-a-4-bruleurs\/#primaryimage"},"image":{"@id":"https:\/\/staging.belleflamme.ca\/fr\/produit\/chariot-de-barbecue-professionnel-blaze-44-pouces-a-4-bruleurs\/#primaryimage"},"thumbnailUrl":"https:\/\/staging.belleflamme.ca\/wp-content\/uploads\/2023\/05\/BLZ-4PRO-CART-LTSC-scaled-1.webp","datePublished":"2023-05-16T19:02:34+00:00","dateModified":"2024-05-16T16:47:37+00:00","description":"Chariot de barbecue professionnel Blaze 44 pouces \u00e0 4 br\u00fbleurs [get_meta_en_fr]","breadcrumb":{"@id":"https:\/\/staging.belleflamme.ca\/fr\/produit\/chariot-de-barbecue-professionnel-blaze-44-pouces-a-4-bruleurs\/#breadcrumb"},"inLanguage":"fr-FR","potentialAction":[{"@type":"ReadAction","target":["https:\/\/staging.belleflamme.ca\/fr\/produit\/chariot-de-barbecue-professionnel-blaze-44-pouces-a-4-bruleurs\/"]}]},{"@type":"ImageObject","inLanguage":"fr-FR","@id":"https:\/\/staging.belleflamme.ca\/fr\/produit\/chariot-de-barbecue-professionnel-blaze-44-pouces-a-4-bruleurs\/#primaryimage","url":"https:\/\/staging.belleflamme.ca\/wp-content\/uploads\/2023\/05\/BLZ-4PRO-CART-LTSC-scaled-1.webp","contentUrl":"https:\/\/staging.belleflamme.ca\/wp-content\/uploads\/2023\/05\/BLZ-4PRO-CART-LTSC-scaled-1.webp","width":1080,"height":1080,"caption":"Chariot de barbecue professionnel Blaze 44 pouces \u00e0 4 br\u00fbleurs"},{"@type":"BreadcrumbList","@id":"https:\/\/staging.belleflamme.ca\/fr\/produit\/chariot-de-barbecue-professionnel-blaze-44-pouces-a-4-bruleurs\/#breadcrumb","itemListElement":[{"@type":"ListItem","position":1,"name":"Accueil","item":"https:\/\/www.belleflamme.ca\/fr\/"},{"@type":"ListItem","position":2,"name":"Boutique","item":"https:\/\/www.belleflamme.ca\/fr\/boutique\/"},{"@type":"ListItem","position":3,"name":"BBQ &amp; Produits Ext\u00e9rieurs","item":"https:\/\/staging.belleflamme.ca\/fr\/categories\/bbq-produits-exterieurs\/"},{"@type":"ListItem","position":4,"name":"Cuisine Ext\u00e9rieure","item":"https:\/\/staging.belleflamme.ca\/fr\/categories\/bbq-produits-exterieurs\/cuisine-exterieure\/"},{"@type":"ListItem","position":5,"name":"Cabinets et Modules","item":"https:\/\/staging.belleflamme.ca\/fr\/categories\/bbq-produits-exterieurs\/cuisine-exterieure\/cabinets-et-modules\/"},{"@type":"ListItem","position":6,"name":"Chariot de barbecue professionnel Blaze 44 pouces \u00e0 4 br\u00fbleurs"}]},{"@type":"WebSite","@id":"https:\/\/www.belleflamme.ca\/fr\/#website","url":"https:\/\/www.belleflamme.ca\/fr\/","name":"Groupe Belleflamme","description":"La m\u00e9canique du b\u00e2timent dans le sang.","publisher":{"@id":"https:\/\/www.belleflamme.ca\/fr\/#organization"},"potentialAction":[{"@type":"SearchAction","target":{"@type":"EntryPoint","urlTemplate":"https:\/\/www.belleflamme.ca\/fr\/?s={search_term_string}"},"query-input":{"@type":"PropertyValueSpecification","valueRequired":true,"valueName":"search_term_string"}}],"inLanguage":"fr-FR"},{"@type":["Organization","Place"],"@id":"https:\/\/www.belleflamme.ca\/fr\/#organization","name":"Groupe Belleflamme","alternateName":"Belleflamme","url":"https:\/\/www.belleflamme.ca\/fr\/","logo":{"@type":"ImageObject","inLanguage":"fr-FR","@id":"https:\/\/www.belleflamme.ca\/fr\/#\/schema\/logo\/image\/","url":"https:\/\/staging.belleflamme.ca\/wp-content\/uploads\/2023\/01\/og-image.jpg","contentUrl":"https:\/\/staging.belleflamme.ca\/wp-content\/uploads\/2023\/01\/og-image.jpg","width":1200,"height":630,"caption":"Groupe Belleflamme"},"image":{"@id":"https:\/\/www.belleflamme.ca\/fr\/#\/schema\/logo\/image\/"},"sameAs":["https:\/\/www.facebook.com\/belleflamme.ca\/","https:\/\/www.linkedin.com\/company\/belleflamme\/","https:\/\/www.pinterest.ca\/groupebelleflamme\/","https:\/\/www.instagram.com\/legroupebelleflamme\/"],"mainEntityOfPage":{"@id":"https:\/\/staging.belleflamme.ca\/fr\/produit\/chariot-de-barbecue-professionnel-blaze-44-pouces-a-4-bruleurs\/"}}]},"product_brand":"Blaze","product_price_amount":"0.00","product_price_currency":"CAD","og_availability":"instock","product_availability":"instock","product_condition":"new"},"_links":{"self":[{"href":"https:\/\/staging.belleflamme.ca\/fr\/wp-json\/wp\/v2\/product\/14670","targetHints":{"allow":["GET"]}}],"collection":[{"href":"https:\/\/staging.belleflamme.ca\/fr\/wp-json\/wp\/v2\/product"}],"about":[{"href":"https:\/\/staging.belleflamme.ca\/fr\/wp-json\/wp\/v2\/types\/product"}],"version-history":[{"count":2,"href":"https:\/\/staging.belleflamme.ca\/fr\/wp-json\/wp\/v2\/product\/14670\/revisions"}],"predecessor-version":[{"id":14676,"href":"https:\/\/staging.belleflamme.ca\/fr\/wp-json\/wp\/v2\/product\/14670\/revisions\/14676"}],"wp:featuredmedia":[{"embeddable":true,"href":"https:\/\/staging.belleflamme.ca\/fr\/wp-json\/wp\/v2\/media\/14671"}],"wp:attachment":[{"href":"https:\/\/staging.belleflamme.ca\/fr\/wp-json\/wp\/v2\/media?parent=14670"}],"wp:term":[{"taxonomy":"product_brand","embeddable":true,"href":"https:\/\/staging.belleflamme.ca\/fr\/wp-json\/wp\/v2\/product_brand?post=14670"},{"taxonomy":"product_cat","embeddable":true,"href":"https:\/\/staging.belleflamme.ca\/fr\/wp-json\/wp\/v2\/product_cat?post=14670"},{"taxonomy":"product_tag","embeddable":true,"href":"https:\/\/staging.belleflamme.ca\/fr\/wp-json\/wp\/v2\/product_tag?post=14670"}],"curies":[{"name":"wp","href":"https:\/\/api.w.org\/{rel}","templated":true}]}}