{"id":14664,"date":"2023-05-16T14:58:43","date_gmt":"2023-05-16T18:58:43","guid":{"rendered":"https:\/\/www.belleflamme.ca\/?post_type=product&#038;p=14664"},"modified":"2023-05-16T15:00:20","modified_gmt":"2023-05-16T19:00:20","slug":"plaque-de-cuisson-en-acier-inoxydable-4-en-1-blaze","status":"publish","type":"product","link":"https:\/\/staging.belleflamme.ca\/fr\/produit\/plaque-de-cuisson-en-acier-inoxydable-4-en-1-blaze\/","title":{"rendered":"Plaque de cuisson en acier inoxydable 4 en 1 Blaze"},"content":{"rendered":"<ul>\n<li><span>La construction en acier inoxydable est durable dans des conditions ext\u00e9rieures<\/span><\/li>\n<li><span>D\u00e9viation de la chaleur radiante pour une cuisson et un fumage doux et lents<\/span><\/li>\n<li><span>Le large diam\u00e8tre de 15 pouces est parfait pour installer des casseroles et des fours hollandais pour ajouter un peu de fum\u00e9e \u00e0 votre rago\u00fbt, sauce ou gombo pr\u00e9f\u00e9r\u00e9 pendant la cuisson<\/span><\/li>\n<li><span>Alternative durable aux pierres \u00e0 pizza traditionnelles et permet une belle cro\u00fbte croustillante<\/span><\/li>\n<li><span>Peut \u00eatre utilis\u00e9 comme plaque chauffante pour cuisiner des petits-d\u00e9jeuners ou pour saisir du poisson et des steaks<\/span><\/li>\n<li><span>Garantie \u00e0 vie<\/span><\/li>\n<\/ul>\n<p>La plaque de cuisson en acier inoxydable 4-en-1 Blaze est le moyen id\u00e9al d&#8217;ajouter une vari\u00e9t\u00e9 d&#8217;options de cuisson \u00e0 votre Blaze Kamado ou \u00e0 n&#8217;importe quel gril \u00e0 charbon. Il peut \u00eatre utilis\u00e9 pour la d\u00e9viation de la chaleur rayonnante pour une cuisson lente et lente, transformant votre kamado en fumoir ultime. Fournit une solution plus durable et durable aux pierres \u00e0 pizza. Il peut \u00e9galement \u00eatre utilis\u00e9 comme plaque de cuisson pour poser des casseroles et des fours hollandais. Vous permettant d&#8217;ajouter un peu de fum\u00e9e \u00e0 vos sauces, rago\u00fbts ou gombos pr\u00e9f\u00e9r\u00e9s pendant la cuisson. La plaque de cuisson Blaze 4 en 1 sert \u00e9galement de plaque chauffante. Vous permettant d&#8217;obtenir de belles saisies sur toute la surface de vos steaks, poissons ou m\u00eame de pr\u00e9parer le petit-d\u00e9jeuner. Ce produit est couvert par une garantie \u00e0 vie qui garantit contre tout d\u00e9faut de fabrication et de fabrication du produit.<\/p>\n","protected":false},"excerpt":{"rendered":"<p>La construction en acier inoxydable est durable dans des conditions ext\u00e9rieures D\u00e9viation de la chaleur radiante pour une cuisson et un fumage doux et lents Le large diam\u00e8tre de 15 pouces est parfait pour installer des casseroles et des fours hollandais pour ajouter un peu de fum\u00e9e \u00e0 votre rago\u00fbt, sauce ou gombo pr\u00e9f\u00e9r\u00e9 pendant [&hellip;]<\/p>\n","protected":false},"featured_media":14665,"template":"","meta":{"inline_featured_image":false},"product_brand":[346],"product_cat":[117,113],"product_tag":[],"class_list":{"0":"post-14664","1":"product","2":"type-product","3":"status-publish","4":"has-post-thumbnail","6":"product_brand-blaze","7":"product_cat-accessoires-de-bbq","8":"product_cat-bbq-produits-exterieurs","10":"first","11":"instock","12":"taxable","13":"shipping-taxable","14":"product-type-simple"},"yoast_head":"<!-- This site is optimized with the Yoast SEO Premium plugin v24.2 (Yoast SEO v24.2) - https:\/\/yoast.com\/wordpress\/plugins\/seo\/ -->\n<title>Plaque de cuisson en acier inoxydable 4 en 1 Blaze - Groupe BelleFlamme<\/title>\n<meta name=\"description\" content=\"Plaque de cuisson en acier inoxydable 4 en 1 Blaze vendu et install\u00e9 par le Groupe Belleflamme. Laval, Montr\u00e9al, Gatineau, Drummondville et Saint-Sauveur.\" \/>\n<meta name=\"robots\" content=\"index, follow, max-snippet:-1, max-image-preview:large, max-video-preview:-1\" \/>\n<link rel=\"canonical\" href=\"https:\/\/staging.belleflamme.ca\/fr\/produit\/plaque-de-cuisson-en-acier-inoxydable-4-en-1-blaze\/\" \/>\n<meta property=\"og:locale\" content=\"fr_FR\" \/>\n<meta property=\"og:type\" content=\"article\" \/>\n<meta property=\"og:title\" content=\"Plaque de cuisson en acier inoxydable 4 en 1 Blaze\" \/>\n<meta property=\"og:description\" content=\"Plaque de cuisson en acier inoxydable 4 en 1 Blaze vendu et install\u00e9 par le Groupe Belleflamme. Laval, Montr\u00e9al, Gatineau, Drummondville et Saint-Sauveur.\" \/>\n<meta property=\"og:url\" content=\"https:\/\/staging.belleflamme.ca\/fr\/produit\/plaque-de-cuisson-en-acier-inoxydable-4-en-1-blaze\/\" \/>\n<meta property=\"og:site_name\" content=\"Groupe BelleFlamme\" \/>\n<meta property=\"article:publisher\" content=\"https:\/\/www.facebook.com\/belleflamme.ca\/\" \/>\n<meta property=\"article:modified_time\" content=\"2023-05-16T19:00:20+00:00\" \/>\n<meta property=\"og:image\" content=\"https:\/\/www.belleflamme.ca\/wp-content\/uploads\/2023\/05\/2in1-plate.webp\" \/>\n\t<meta property=\"og:image:width\" content=\"400\" \/>\n\t<meta property=\"og:image:height\" content=\"400\" \/>\n\t<meta property=\"og:image:type\" content=\"image\/webp\" \/>\n<meta name=\"twitter:card\" content=\"summary_large_image\" \/>\n<meta name=\"twitter:label1\" content=\"Prix\" \/>\n\t<meta name=\"twitter:data1\" content=\"\" \/>\n\t<meta name=\"twitter:label2\" content=\"Disponibilit\u00e9\" \/>\n\t<meta name=\"twitter:data2\" content=\"En stock\" \/>\n<script type=\"application\/ld+json\" class=\"yoast-schema-graph\">{\"@context\":\"https:\/\/schema.org\",\"@graph\":[{\"@type\":[\"WebPage\",\"ItemPage\"],\"@id\":\"https:\/\/staging.belleflamme.ca\/fr\/produit\/plaque-de-cuisson-en-acier-inoxydable-4-en-1-blaze\/\",\"url\":\"https:\/\/staging.belleflamme.ca\/fr\/produit\/plaque-de-cuisson-en-acier-inoxydable-4-en-1-blaze\/\",\"name\":\"Plaque de cuisson en acier inoxydable 4 en 1 Blaze - Groupe BelleFlamme\",\"isPartOf\":{\"@id\":\"https:\/\/www.belleflamme.ca\/fr\/#website\"},\"primaryImageOfPage\":{\"@id\":\"https:\/\/staging.belleflamme.ca\/fr\/produit\/plaque-de-cuisson-en-acier-inoxydable-4-en-1-blaze\/#primaryimage\"},\"image\":{\"@id\":\"https:\/\/staging.belleflamme.ca\/fr\/produit\/plaque-de-cuisson-en-acier-inoxydable-4-en-1-blaze\/#primaryimage\"},\"thumbnailUrl\":\"https:\/\/staging.belleflamme.ca\/wp-content\/uploads\/2023\/05\/2in1-plate.webp\",\"datePublished\":\"2023-05-16T18:58:43+00:00\",\"dateModified\":\"2023-05-16T19:00:20+00:00\",\"description\":\"Plaque de cuisson en acier inoxydable 4 en 1 Blaze [get_meta_en_fr]\",\"breadcrumb\":{\"@id\":\"https:\/\/staging.belleflamme.ca\/fr\/produit\/plaque-de-cuisson-en-acier-inoxydable-4-en-1-blaze\/#breadcrumb\"},\"inLanguage\":\"fr-FR\",\"potentialAction\":[{\"@type\":\"ReadAction\",\"target\":[\"https:\/\/staging.belleflamme.ca\/fr\/produit\/plaque-de-cuisson-en-acier-inoxydable-4-en-1-blaze\/\"]}]},{\"@type\":\"ImageObject\",\"inLanguage\":\"fr-FR\",\"@id\":\"https:\/\/staging.belleflamme.ca\/fr\/produit\/plaque-de-cuisson-en-acier-inoxydable-4-en-1-blaze\/#primaryimage\",\"url\":\"https:\/\/staging.belleflamme.ca\/wp-content\/uploads\/2023\/05\/2in1-plate.webp\",\"contentUrl\":\"https:\/\/staging.belleflamme.ca\/wp-content\/uploads\/2023\/05\/2in1-plate.webp\",\"width\":400,\"height\":400,\"caption\":\"Plaque de cuisson en acier inoxydable 4 en 1 Blaze\"},{\"@type\":\"BreadcrumbList\",\"@id\":\"https:\/\/staging.belleflamme.ca\/fr\/produit\/plaque-de-cuisson-en-acier-inoxydable-4-en-1-blaze\/#breadcrumb\",\"itemListElement\":[{\"@type\":\"ListItem\",\"position\":1,\"name\":\"Accueil\",\"item\":\"https:\/\/www.belleflamme.ca\/fr\/\"},{\"@type\":\"ListItem\",\"position\":2,\"name\":\"Boutique\",\"item\":\"https:\/\/www.belleflamme.ca\/fr\/boutique\/\"},{\"@type\":\"ListItem\",\"position\":3,\"name\":\"BBQ &amp; Produits Ext\u00e9rieurs\",\"item\":\"https:\/\/staging.belleflamme.ca\/fr\/categories\/bbq-produits-exterieurs\/\"},{\"@type\":\"ListItem\",\"position\":4,\"name\":\"Accessoires de BBQ\",\"item\":\"https:\/\/staging.belleflamme.ca\/fr\/categories\/bbq-produits-exterieurs\/accessoires-de-bbq\/\"},{\"@type\":\"ListItem\",\"position\":5,\"name\":\"Plaque de cuisson en acier inoxydable 4 en 1 Blaze\"}]},{\"@type\":\"WebSite\",\"@id\":\"https:\/\/www.belleflamme.ca\/fr\/#website\",\"url\":\"https:\/\/www.belleflamme.ca\/fr\/\",\"name\":\"Groupe Belleflamme\",\"description\":\"La m\u00e9canique du b\u00e2timent dans le sang.\",\"publisher\":{\"@id\":\"https:\/\/www.belleflamme.ca\/fr\/#organization\"},\"potentialAction\":[{\"@type\":\"SearchAction\",\"target\":{\"@type\":\"EntryPoint\",\"urlTemplate\":\"https:\/\/www.belleflamme.ca\/fr\/?s={search_term_string}\"},\"query-input\":{\"@type\":\"PropertyValueSpecification\",\"valueRequired\":true,\"valueName\":\"search_term_string\"}}],\"inLanguage\":\"fr-FR\"},{\"@type\":[\"Organization\",\"Place\"],\"@id\":\"https:\/\/www.belleflamme.ca\/fr\/#organization\",\"name\":\"Groupe Belleflamme\",\"alternateName\":\"Belleflamme\",\"url\":\"https:\/\/www.belleflamme.ca\/fr\/\",\"logo\":{\"@type\":\"ImageObject\",\"inLanguage\":\"fr-FR\",\"@id\":\"https:\/\/www.belleflamme.ca\/fr\/#\/schema\/logo\/image\/\",\"url\":\"https:\/\/staging.belleflamme.ca\/wp-content\/uploads\/2023\/01\/og-image.jpg\",\"contentUrl\":\"https:\/\/staging.belleflamme.ca\/wp-content\/uploads\/2023\/01\/og-image.jpg\",\"width\":1200,\"height\":630,\"caption\":\"Groupe Belleflamme\"},\"image\":{\"@id\":\"https:\/\/www.belleflamme.ca\/fr\/#\/schema\/logo\/image\/\"},\"sameAs\":[\"https:\/\/www.facebook.com\/belleflamme.ca\/\",\"https:\/\/www.linkedin.com\/company\/belleflamme\/\",\"https:\/\/www.pinterest.ca\/groupebelleflamme\/\",\"https:\/\/www.instagram.com\/legroupebelleflamme\/\"],\"mainEntityOfPage\":{\"@id\":\"https:\/\/staging.belleflamme.ca\/fr\/produit\/plaque-de-cuisson-en-acier-inoxydable-4-en-1-blaze\/\"}}]}<\/script>\n<meta property=\"product:brand\" content=\"Blaze\" \/>\n<meta property=\"product:price:amount\" content=\"0.00\" \/>\n<meta property=\"product:price:currency\" content=\"CAD\" \/>\n<meta property=\"og:availability\" content=\"instock\" \/>\n<meta property=\"product:availability\" content=\"instock\" \/>\n<meta property=\"product:condition\" content=\"new\" \/>\n<!-- \/ Yoast SEO Premium plugin. -->","yoast_head_json":{"title":"Plaque de cuisson en acier inoxydable 4 en 1 Blaze - Groupe BelleFlamme","description":"Plaque de cuisson en acier inoxydable 4 en 1 Blaze vendu et install\u00e9 par le Groupe Belleflamme. Laval, Montr\u00e9al, Gatineau, Drummondville et Saint-Sauveur.","robots":{"index":"index","follow":"follow","max-snippet":"max-snippet:-1","max-image-preview":"max-image-preview:large","max-video-preview":"max-video-preview:-1"},"canonical":"https:\/\/staging.belleflamme.ca\/fr\/produit\/plaque-de-cuisson-en-acier-inoxydable-4-en-1-blaze\/","og_locale":"fr_FR","og_type":"article","og_title":"Plaque de cuisson en acier inoxydable 4 en 1 Blaze","og_description":"Plaque de cuisson en acier inoxydable 4 en 1 Blaze vendu et install\u00e9 par le Groupe Belleflamme. Laval, Montr\u00e9al, Gatineau, Drummondville et Saint-Sauveur.","og_url":"https:\/\/staging.belleflamme.ca\/fr\/produit\/plaque-de-cuisson-en-acier-inoxydable-4-en-1-blaze\/","og_site_name":"Groupe BelleFlamme","article_publisher":"https:\/\/www.facebook.com\/belleflamme.ca\/","article_modified_time":"2023-05-16T19:00:20+00:00","og_image":[{"width":400,"height":400,"url":"https:\/\/www.belleflamme.ca\/wp-content\/uploads\/2023\/05\/2in1-plate.webp","type":"image\/webp"}],"twitter_card":"summary_large_image","twitter_misc":{"Prix":"","Disponibilit\u00e9":"En stock"},"schema":{"@context":"https:\/\/schema.org","@graph":[{"@type":["WebPage","ItemPage"],"@id":"https:\/\/staging.belleflamme.ca\/fr\/produit\/plaque-de-cuisson-en-acier-inoxydable-4-en-1-blaze\/","url":"https:\/\/staging.belleflamme.ca\/fr\/produit\/plaque-de-cuisson-en-acier-inoxydable-4-en-1-blaze\/","name":"Plaque de cuisson en acier inoxydable 4 en 1 Blaze - Groupe BelleFlamme","isPartOf":{"@id":"https:\/\/www.belleflamme.ca\/fr\/#website"},"primaryImageOfPage":{"@id":"https:\/\/staging.belleflamme.ca\/fr\/produit\/plaque-de-cuisson-en-acier-inoxydable-4-en-1-blaze\/#primaryimage"},"image":{"@id":"https:\/\/staging.belleflamme.ca\/fr\/produit\/plaque-de-cuisson-en-acier-inoxydable-4-en-1-blaze\/#primaryimage"},"thumbnailUrl":"https:\/\/staging.belleflamme.ca\/wp-content\/uploads\/2023\/05\/2in1-plate.webp","datePublished":"2023-05-16T18:58:43+00:00","dateModified":"2023-05-16T19:00:20+00:00","description":"Plaque de cuisson en acier inoxydable 4 en 1 Blaze [get_meta_en_fr]","breadcrumb":{"@id":"https:\/\/staging.belleflamme.ca\/fr\/produit\/plaque-de-cuisson-en-acier-inoxydable-4-en-1-blaze\/#breadcrumb"},"inLanguage":"fr-FR","potentialAction":[{"@type":"ReadAction","target":["https:\/\/staging.belleflamme.ca\/fr\/produit\/plaque-de-cuisson-en-acier-inoxydable-4-en-1-blaze\/"]}]},{"@type":"ImageObject","inLanguage":"fr-FR","@id":"https:\/\/staging.belleflamme.ca\/fr\/produit\/plaque-de-cuisson-en-acier-inoxydable-4-en-1-blaze\/#primaryimage","url":"https:\/\/staging.belleflamme.ca\/wp-content\/uploads\/2023\/05\/2in1-plate.webp","contentUrl":"https:\/\/staging.belleflamme.ca\/wp-content\/uploads\/2023\/05\/2in1-plate.webp","width":400,"height":400,"caption":"Plaque de cuisson en acier inoxydable 4 en 1 Blaze"},{"@type":"BreadcrumbList","@id":"https:\/\/staging.belleflamme.ca\/fr\/produit\/plaque-de-cuisson-en-acier-inoxydable-4-en-1-blaze\/#breadcrumb","itemListElement":[{"@type":"ListItem","position":1,"name":"Accueil","item":"https:\/\/www.belleflamme.ca\/fr\/"},{"@type":"ListItem","position":2,"name":"Boutique","item":"https:\/\/www.belleflamme.ca\/fr\/boutique\/"},{"@type":"ListItem","position":3,"name":"BBQ &amp; Produits Ext\u00e9rieurs","item":"https:\/\/staging.belleflamme.ca\/fr\/categories\/bbq-produits-exterieurs\/"},{"@type":"ListItem","position":4,"name":"Accessoires de BBQ","item":"https:\/\/staging.belleflamme.ca\/fr\/categories\/bbq-produits-exterieurs\/accessoires-de-bbq\/"},{"@type":"ListItem","position":5,"name":"Plaque de cuisson en acier inoxydable 4 en 1 Blaze"}]},{"@type":"WebSite","@id":"https:\/\/www.belleflamme.ca\/fr\/#website","url":"https:\/\/www.belleflamme.ca\/fr\/","name":"Groupe Belleflamme","description":"La m\u00e9canique du b\u00e2timent dans le sang.","publisher":{"@id":"https:\/\/www.belleflamme.ca\/fr\/#organization"},"potentialAction":[{"@type":"SearchAction","target":{"@type":"EntryPoint","urlTemplate":"https:\/\/www.belleflamme.ca\/fr\/?s={search_term_string}"},"query-input":{"@type":"PropertyValueSpecification","valueRequired":true,"valueName":"search_term_string"}}],"inLanguage":"fr-FR"},{"@type":["Organization","Place"],"@id":"https:\/\/www.belleflamme.ca\/fr\/#organization","name":"Groupe Belleflamme","alternateName":"Belleflamme","url":"https:\/\/www.belleflamme.ca\/fr\/","logo":{"@type":"ImageObject","inLanguage":"fr-FR","@id":"https:\/\/www.belleflamme.ca\/fr\/#\/schema\/logo\/image\/","url":"https:\/\/staging.belleflamme.ca\/wp-content\/uploads\/2023\/01\/og-image.jpg","contentUrl":"https:\/\/staging.belleflamme.ca\/wp-content\/uploads\/2023\/01\/og-image.jpg","width":1200,"height":630,"caption":"Groupe Belleflamme"},"image":{"@id":"https:\/\/www.belleflamme.ca\/fr\/#\/schema\/logo\/image\/"},"sameAs":["https:\/\/www.facebook.com\/belleflamme.ca\/","https:\/\/www.linkedin.com\/company\/belleflamme\/","https:\/\/www.pinterest.ca\/groupebelleflamme\/","https:\/\/www.instagram.com\/legroupebelleflamme\/"],"mainEntityOfPage":{"@id":"https:\/\/staging.belleflamme.ca\/fr\/produit\/plaque-de-cuisson-en-acier-inoxydable-4-en-1-blaze\/"}}]},"product_brand":"Blaze","product_price_amount":"0.00","product_price_currency":"CAD","og_availability":"instock","product_availability":"instock","product_condition":"new"},"_links":{"self":[{"href":"https:\/\/staging.belleflamme.ca\/fr\/wp-json\/wp\/v2\/product\/14664","targetHints":{"allow":["GET"]}}],"collection":[{"href":"https:\/\/staging.belleflamme.ca\/fr\/wp-json\/wp\/v2\/product"}],"about":[{"href":"https:\/\/staging.belleflamme.ca\/fr\/wp-json\/wp\/v2\/types\/product"}],"version-history":[{"count":1,"href":"https:\/\/staging.belleflamme.ca\/fr\/wp-json\/wp\/v2\/product\/14664\/revisions"}],"predecessor-version":[{"id":14667,"href":"https:\/\/staging.belleflamme.ca\/fr\/wp-json\/wp\/v2\/product\/14664\/revisions\/14667"}],"wp:featuredmedia":[{"embeddable":true,"href":"https:\/\/staging.belleflamme.ca\/fr\/wp-json\/wp\/v2\/media\/14665"}],"wp:attachment":[{"href":"https:\/\/staging.belleflamme.ca\/fr\/wp-json\/wp\/v2\/media?parent=14664"}],"wp:term":[{"taxonomy":"product_brand","embeddable":true,"href":"https:\/\/staging.belleflamme.ca\/fr\/wp-json\/wp\/v2\/product_brand?post=14664"},{"taxonomy":"product_cat","embeddable":true,"href":"https:\/\/staging.belleflamme.ca\/fr\/wp-json\/wp\/v2\/product_cat?post=14664"},{"taxonomy":"product_tag","embeddable":true,"href":"https:\/\/staging.belleflamme.ca\/fr\/wp-json\/wp\/v2\/product_tag?post=14664"}],"curies":[{"name":"wp","href":"https:\/\/api.w.org\/{rel}","templated":true}]}}