{"id":14652,"date":"2023-05-16T14:51:06","date_gmt":"2023-05-16T18:51:06","guid":{"rendered":"https:\/\/www.belleflamme.ca\/?post_type=product&#038;p=14652"},"modified":"2023-05-16T14:53:19","modified_gmt":"2023-05-16T18:53:19","slug":"systeme-de-cuisson-indirect-blaze-easy-light-avec-poele-ameliorant-lhumidite","status":"publish","type":"product","link":"https:\/\/staging.belleflamme.ca\/fr\/produit\/systeme-de-cuisson-indirect-blaze-easy-light-avec-poele-ameliorant-lhumidite\/","title":{"rendered":"Syst\u00e8me de cuisson indirect Blaze Easy Light avec po\u00eale am\u00e9liorant l&#8217;humidit\u00e9"},"content":{"rendered":"<ul>\n<li><span>Le panier \u00e0 charbon permet de s\u00e9parer le charbon de bois pour une chaleur indirecte ou pour la cuisson infrarouge lorsqu&#8217;il est utilis\u00e9 avec la r\u00f4tisserie Blaze Kamado<\/span><\/li>\n<li><span>La chambre inf\u00e9rieure du panier fonctionne comme un d\u00e9marreur de chemin\u00e9e pour une utilisation avec des d\u00e9marreurs \u00e0 charbon et d&#8217;autres m\u00e9thodes d&#8217;allumage.<\/span><\/li>\n<li><span>Le bac d&#8217;\u00e9gouttement en acier inoxydable r\u00e9cup\u00e8re tous les \u00e9gouttements essentiels pour les sauces et les badigeons, il peut \u00e9galement \u00eatre utilis\u00e9 comme bac \u00e0 eau pour plus d&#8217;humidit\u00e9 lors du fumage.<\/span><\/li>\n<li><span>Construction en acier inoxydable 304 robuste pour une durabilit\u00e9 durable<\/span><\/li>\n<li><span>1 an de garantie<\/span><\/li>\n<\/ul>\n<p>Le syst\u00e8me de cuisson indirect Blaze Easy Light est le pendant parfait de la polyvalence du Blaze Kamado. Le panier \u00e0 charbon s\u00e9pare le charbon de bois d&#8217;un c\u00f4t\u00e9 du gril pour une cuisson indirecte et un meilleur contr\u00f4le. Lorsqu&#8217;il est associ\u00e9 \u00e0 la r\u00f4tisserie Blaze Kamado, le charbon de bois chaud dans le panier fournit une chaleur infrarouge qui permet aux aliments de conserver davantage leur propre saveur naturelle. La po\u00eale am\u00e9liorant l&#8217;humidit\u00e9 s&#8217;adapte parfaitement avec ou sans le panier \u00e0 charbon pour attraper tous ces d\u00e9licieux jus pour les sauces et les sauces, ou peut \u00eatre utilis\u00e9e comme une casserole humide pour l&#8217;eau ou l&#8217;un de vos liquides de cuisson pr\u00e9f\u00e9r\u00e9s lorsque vous fumez. Le syst\u00e8me de cuisson indirect Blaze Easy Light avec casserole am\u00e9liorant l&#8217;humidit\u00e9 est garanti pendant 1 an au propri\u00e9taire d&#8217;origine contre les d\u00e9fauts de fabrication et de fabrication. Cette garantie s&#8217;\u00e9tend \u00e0 l&#8217;acheteur d&#8217;origine contre les d\u00e9fauts de fabrication pour les produits achet\u00e9s pour une utilisation domestique unifamiliale ordinaire.<\/p>\n<p>* Le syst\u00e8me de cuisson indirect Blaze Easy Light avec po\u00eale am\u00e9liorant l&#8217;humidit\u00e9 n&#8217;inclut PAS le kit de r\u00f4tisserie Blaze.<\/p>\n<table class=\"woocommerce-product-attributes shop_attributes\">\n<tbody>\n<tr class=\"woocommerce-product-attributes-item woocommerce-product-attributes-item--attribute_drip-pan-dimensions\">\n<th class=\"woocommerce-product-attributes-item__label\">Dimensions du bac d&#8217;\u00e9gouttage<\/th>\n<td class=\"woocommerce-product-attributes-item__value\">2\u2033 H \u00d7 16\u215d\u2033 L \u00d7 12\u00bc\u2033 P<\/td>\n<\/tr>\n<tr class=\"woocommerce-product-attributes-item woocommerce-product-attributes-item--attribute_charcoal-basket-dimensions\">\n<th class=\"woocommerce-product-attributes-item__label\">Dimensions du panier \u00e0 charbon<\/th>\n<td class=\"woocommerce-product-attributes-item__value\">11\u215b\u2033 H \u00d7 16\u2033 L \u00d7 4\u2033 P<\/td>\n<\/tr>\n<\/tbody>\n<\/table>\n","protected":false},"excerpt":{"rendered":"<p>Le panier \u00e0 charbon permet de s\u00e9parer le charbon de bois pour une chaleur indirecte ou pour la cuisson infrarouge lorsqu&#8217;il est utilis\u00e9 avec la r\u00f4tisserie Blaze Kamado La chambre inf\u00e9rieure du panier fonctionne comme un d\u00e9marreur de chemin\u00e9e pour une utilisation avec des d\u00e9marreurs \u00e0 charbon et d&#8217;autres m\u00e9thodes d&#8217;allumage. Le bac d&#8217;\u00e9gouttement en [&hellip;]<\/p>\n","protected":false},"featured_media":14653,"template":"","meta":{"inline_featured_image":false},"product_brand":[346],"product_cat":[117,113],"product_tag":[],"class_list":{"0":"post-14652","1":"product","2":"type-product","3":"status-publish","4":"has-post-thumbnail","6":"product_brand-blaze","7":"product_cat-accessoires-de-bbq","8":"product_cat-bbq-produits-exterieurs","10":"first","11":"instock","12":"taxable","13":"shipping-taxable","14":"product-type-simple"},"yoast_head":"<!-- This site is optimized with the Yoast SEO Premium plugin v24.2 (Yoast SEO v24.2) - https:\/\/yoast.com\/wordpress\/plugins\/seo\/ -->\n<title>Syst\u00e8me de cuisson indirect Blaze Easy Light avec po\u00eale am\u00e9liorant l&#039;humidit\u00e9 - Groupe BelleFlamme<\/title>\n<meta name=\"description\" content=\"Syst\u00e8me de cuisson indirect Blaze Easy Light avec po\u00eale am\u00e9liorant l&#039;humidit\u00e9 vendu et install\u00e9 par le Groupe Belleflamme. Laval, Montr\u00e9al, Gatineau, Drummondville et Saint-Sauveur.\" \/>\n<meta name=\"robots\" content=\"index, follow, max-snippet:-1, max-image-preview:large, max-video-preview:-1\" \/>\n<link rel=\"canonical\" href=\"https:\/\/staging.belleflamme.ca\/fr\/produit\/systeme-de-cuisson-indirect-blaze-easy-light-avec-poele-ameliorant-lhumidite\/\" \/>\n<meta property=\"og:locale\" content=\"fr_FR\" \/>\n<meta property=\"og:type\" content=\"article\" \/>\n<meta property=\"og:title\" content=\"Syst\u00e8me de cuisson indirect Blaze Easy Light avec po\u00eale am\u00e9liorant l&#039;humidit\u00e9\" \/>\n<meta property=\"og:description\" content=\"Syst\u00e8me de cuisson indirect Blaze Easy Light avec po\u00eale am\u00e9liorant l&#039;humidit\u00e9 vendu et install\u00e9 par le Groupe Belleflamme. Laval, Montr\u00e9al, Gatineau, Drummondville et Saint-Sauveur.\" \/>\n<meta property=\"og:url\" content=\"https:\/\/staging.belleflamme.ca\/fr\/produit\/systeme-de-cuisson-indirect-blaze-easy-light-avec-poele-ameliorant-lhumidite\/\" \/>\n<meta property=\"og:site_name\" content=\"Groupe BelleFlamme\" \/>\n<meta property=\"article:publisher\" content=\"https:\/\/www.facebook.com\/belleflamme.ca\/\" \/>\n<meta property=\"article:modified_time\" content=\"2023-05-16T18:53:19+00:00\" \/>\n<meta property=\"og:image\" content=\"https:\/\/www.belleflamme.ca\/wp-content\/uploads\/2023\/05\/cooking-basket-1-1.webp\" \/>\n\t<meta property=\"og:image:width\" content=\"700\" \/>\n\t<meta property=\"og:image:height\" content=\"875\" \/>\n\t<meta property=\"og:image:type\" content=\"image\/webp\" \/>\n<meta name=\"twitter:card\" content=\"summary_large_image\" \/>\n<meta name=\"twitter:label1\" content=\"Prix\" \/>\n\t<meta name=\"twitter:data1\" content=\"\" \/>\n\t<meta name=\"twitter:label2\" content=\"Disponibilit\u00e9\" \/>\n\t<meta name=\"twitter:data2\" content=\"En stock\" \/>\n<script type=\"application\/ld+json\" class=\"yoast-schema-graph\">{\"@context\":\"https:\/\/schema.org\",\"@graph\":[{\"@type\":[\"WebPage\",\"ItemPage\"],\"@id\":\"https:\/\/staging.belleflamme.ca\/fr\/produit\/systeme-de-cuisson-indirect-blaze-easy-light-avec-poele-ameliorant-lhumidite\/\",\"url\":\"https:\/\/staging.belleflamme.ca\/fr\/produit\/systeme-de-cuisson-indirect-blaze-easy-light-avec-poele-ameliorant-lhumidite\/\",\"name\":\"Syst\u00e8me de cuisson indirect Blaze Easy Light avec po\u00eale am\u00e9liorant l'humidit\u00e9 - Groupe BelleFlamme\",\"isPartOf\":{\"@id\":\"https:\/\/www.belleflamme.ca\/fr\/#website\"},\"primaryImageOfPage\":{\"@id\":\"https:\/\/staging.belleflamme.ca\/fr\/produit\/systeme-de-cuisson-indirect-blaze-easy-light-avec-poele-ameliorant-lhumidite\/#primaryimage\"},\"image\":{\"@id\":\"https:\/\/staging.belleflamme.ca\/fr\/produit\/systeme-de-cuisson-indirect-blaze-easy-light-avec-poele-ameliorant-lhumidite\/#primaryimage\"},\"thumbnailUrl\":\"https:\/\/staging.belleflamme.ca\/wp-content\/uploads\/2023\/05\/cooking-basket-1-1.webp\",\"datePublished\":\"2023-05-16T18:51:06+00:00\",\"dateModified\":\"2023-05-16T18:53:19+00:00\",\"description\":\"Syst\u00e8me de cuisson indirect Blaze Easy Light avec po\u00eale am\u00e9liorant l'humidit\u00e9 [get_meta_en_fr]\",\"breadcrumb\":{\"@id\":\"https:\/\/staging.belleflamme.ca\/fr\/produit\/systeme-de-cuisson-indirect-blaze-easy-light-avec-poele-ameliorant-lhumidite\/#breadcrumb\"},\"inLanguage\":\"fr-FR\",\"potentialAction\":[{\"@type\":\"ReadAction\",\"target\":[\"https:\/\/staging.belleflamme.ca\/fr\/produit\/systeme-de-cuisson-indirect-blaze-easy-light-avec-poele-ameliorant-lhumidite\/\"]}]},{\"@type\":\"ImageObject\",\"inLanguage\":\"fr-FR\",\"@id\":\"https:\/\/staging.belleflamme.ca\/fr\/produit\/systeme-de-cuisson-indirect-blaze-easy-light-avec-poele-ameliorant-lhumidite\/#primaryimage\",\"url\":\"https:\/\/staging.belleflamme.ca\/wp-content\/uploads\/2023\/05\/cooking-basket-1-1.webp\",\"contentUrl\":\"https:\/\/staging.belleflamme.ca\/wp-content\/uploads\/2023\/05\/cooking-basket-1-1.webp\",\"width\":700,\"height\":875,\"caption\":\"Syst\u00e8me de cuisson indirect Blaze Easy Light avec po\u00eale am\u00e9liorant l'humidit\u00e9\"},{\"@type\":\"BreadcrumbList\",\"@id\":\"https:\/\/staging.belleflamme.ca\/fr\/produit\/systeme-de-cuisson-indirect-blaze-easy-light-avec-poele-ameliorant-lhumidite\/#breadcrumb\",\"itemListElement\":[{\"@type\":\"ListItem\",\"position\":1,\"name\":\"Accueil\",\"item\":\"https:\/\/www.belleflamme.ca\/fr\/\"},{\"@type\":\"ListItem\",\"position\":2,\"name\":\"Boutique\",\"item\":\"https:\/\/www.belleflamme.ca\/fr\/boutique\/\"},{\"@type\":\"ListItem\",\"position\":3,\"name\":\"BBQ &amp; Produits Ext\u00e9rieurs\",\"item\":\"https:\/\/staging.belleflamme.ca\/fr\/categories\/bbq-produits-exterieurs\/\"},{\"@type\":\"ListItem\",\"position\":4,\"name\":\"Accessoires de BBQ\",\"item\":\"https:\/\/staging.belleflamme.ca\/fr\/categories\/bbq-produits-exterieurs\/accessoires-de-bbq\/\"},{\"@type\":\"ListItem\",\"position\":5,\"name\":\"Syst\u00e8me de cuisson indirect Blaze Easy Light avec po\u00eale am\u00e9liorant l&#8217;humidit\u00e9\"}]},{\"@type\":\"WebSite\",\"@id\":\"https:\/\/www.belleflamme.ca\/fr\/#website\",\"url\":\"https:\/\/www.belleflamme.ca\/fr\/\",\"name\":\"Groupe Belleflamme\",\"description\":\"La m\u00e9canique du b\u00e2timent dans le sang.\",\"publisher\":{\"@id\":\"https:\/\/www.belleflamme.ca\/fr\/#organization\"},\"potentialAction\":[{\"@type\":\"SearchAction\",\"target\":{\"@type\":\"EntryPoint\",\"urlTemplate\":\"https:\/\/www.belleflamme.ca\/fr\/?s={search_term_string}\"},\"query-input\":{\"@type\":\"PropertyValueSpecification\",\"valueRequired\":true,\"valueName\":\"search_term_string\"}}],\"inLanguage\":\"fr-FR\"},{\"@type\":[\"Organization\",\"Place\"],\"@id\":\"https:\/\/www.belleflamme.ca\/fr\/#organization\",\"name\":\"Groupe Belleflamme\",\"alternateName\":\"Belleflamme\",\"url\":\"https:\/\/www.belleflamme.ca\/fr\/\",\"logo\":{\"@type\":\"ImageObject\",\"inLanguage\":\"fr-FR\",\"@id\":\"https:\/\/www.belleflamme.ca\/fr\/#\/schema\/logo\/image\/\",\"url\":\"https:\/\/staging.belleflamme.ca\/wp-content\/uploads\/2023\/01\/og-image.jpg\",\"contentUrl\":\"https:\/\/staging.belleflamme.ca\/wp-content\/uploads\/2023\/01\/og-image.jpg\",\"width\":1200,\"height\":630,\"caption\":\"Groupe Belleflamme\"},\"image\":{\"@id\":\"https:\/\/www.belleflamme.ca\/fr\/#\/schema\/logo\/image\/\"},\"sameAs\":[\"https:\/\/www.facebook.com\/belleflamme.ca\/\",\"https:\/\/www.linkedin.com\/company\/belleflamme\/\",\"https:\/\/www.pinterest.ca\/groupebelleflamme\/\",\"https:\/\/www.instagram.com\/legroupebelleflamme\/\"],\"mainEntityOfPage\":{\"@id\":\"https:\/\/staging.belleflamme.ca\/fr\/produit\/systeme-de-cuisson-indirect-blaze-easy-light-avec-poele-ameliorant-lhumidite\/\"}}]}<\/script>\n<meta property=\"product:brand\" content=\"Blaze\" \/>\n<meta property=\"product:price:amount\" content=\"0.00\" \/>\n<meta property=\"product:price:currency\" content=\"CAD\" \/>\n<meta property=\"og:availability\" content=\"instock\" \/>\n<meta property=\"product:availability\" content=\"instock\" \/>\n<meta property=\"product:condition\" content=\"new\" \/>\n<!-- \/ Yoast SEO Premium plugin. -->","yoast_head_json":{"title":"Syst\u00e8me de cuisson indirect Blaze Easy Light avec po\u00eale am\u00e9liorant l'humidit\u00e9 - Groupe BelleFlamme","description":"Syst\u00e8me de cuisson indirect Blaze Easy Light avec po\u00eale am\u00e9liorant l'humidit\u00e9 vendu et install\u00e9 par le Groupe Belleflamme. Laval, Montr\u00e9al, Gatineau, Drummondville et Saint-Sauveur.","robots":{"index":"index","follow":"follow","max-snippet":"max-snippet:-1","max-image-preview":"max-image-preview:large","max-video-preview":"max-video-preview:-1"},"canonical":"https:\/\/staging.belleflamme.ca\/fr\/produit\/systeme-de-cuisson-indirect-blaze-easy-light-avec-poele-ameliorant-lhumidite\/","og_locale":"fr_FR","og_type":"article","og_title":"Syst\u00e8me de cuisson indirect Blaze Easy Light avec po\u00eale am\u00e9liorant l'humidit\u00e9","og_description":"Syst\u00e8me de cuisson indirect Blaze Easy Light avec po\u00eale am\u00e9liorant l'humidit\u00e9 vendu et install\u00e9 par le Groupe Belleflamme. Laval, Montr\u00e9al, Gatineau, Drummondville et Saint-Sauveur.","og_url":"https:\/\/staging.belleflamme.ca\/fr\/produit\/systeme-de-cuisson-indirect-blaze-easy-light-avec-poele-ameliorant-lhumidite\/","og_site_name":"Groupe BelleFlamme","article_publisher":"https:\/\/www.facebook.com\/belleflamme.ca\/","article_modified_time":"2023-05-16T18:53:19+00:00","og_image":[{"width":700,"height":875,"url":"https:\/\/www.belleflamme.ca\/wp-content\/uploads\/2023\/05\/cooking-basket-1-1.webp","type":"image\/webp"}],"twitter_card":"summary_large_image","twitter_misc":{"Prix":"","Disponibilit\u00e9":"En stock"},"schema":{"@context":"https:\/\/schema.org","@graph":[{"@type":["WebPage","ItemPage"],"@id":"https:\/\/staging.belleflamme.ca\/fr\/produit\/systeme-de-cuisson-indirect-blaze-easy-light-avec-poele-ameliorant-lhumidite\/","url":"https:\/\/staging.belleflamme.ca\/fr\/produit\/systeme-de-cuisson-indirect-blaze-easy-light-avec-poele-ameliorant-lhumidite\/","name":"Syst\u00e8me de cuisson indirect Blaze Easy Light avec po\u00eale am\u00e9liorant l'humidit\u00e9 - Groupe BelleFlamme","isPartOf":{"@id":"https:\/\/www.belleflamme.ca\/fr\/#website"},"primaryImageOfPage":{"@id":"https:\/\/staging.belleflamme.ca\/fr\/produit\/systeme-de-cuisson-indirect-blaze-easy-light-avec-poele-ameliorant-lhumidite\/#primaryimage"},"image":{"@id":"https:\/\/staging.belleflamme.ca\/fr\/produit\/systeme-de-cuisson-indirect-blaze-easy-light-avec-poele-ameliorant-lhumidite\/#primaryimage"},"thumbnailUrl":"https:\/\/staging.belleflamme.ca\/wp-content\/uploads\/2023\/05\/cooking-basket-1-1.webp","datePublished":"2023-05-16T18:51:06+00:00","dateModified":"2023-05-16T18:53:19+00:00","description":"Syst\u00e8me de cuisson indirect Blaze Easy Light avec po\u00eale am\u00e9liorant l'humidit\u00e9 [get_meta_en_fr]","breadcrumb":{"@id":"https:\/\/staging.belleflamme.ca\/fr\/produit\/systeme-de-cuisson-indirect-blaze-easy-light-avec-poele-ameliorant-lhumidite\/#breadcrumb"},"inLanguage":"fr-FR","potentialAction":[{"@type":"ReadAction","target":["https:\/\/staging.belleflamme.ca\/fr\/produit\/systeme-de-cuisson-indirect-blaze-easy-light-avec-poele-ameliorant-lhumidite\/"]}]},{"@type":"ImageObject","inLanguage":"fr-FR","@id":"https:\/\/staging.belleflamme.ca\/fr\/produit\/systeme-de-cuisson-indirect-blaze-easy-light-avec-poele-ameliorant-lhumidite\/#primaryimage","url":"https:\/\/staging.belleflamme.ca\/wp-content\/uploads\/2023\/05\/cooking-basket-1-1.webp","contentUrl":"https:\/\/staging.belleflamme.ca\/wp-content\/uploads\/2023\/05\/cooking-basket-1-1.webp","width":700,"height":875,"caption":"Syst\u00e8me de cuisson indirect Blaze Easy Light avec po\u00eale am\u00e9liorant l'humidit\u00e9"},{"@type":"BreadcrumbList","@id":"https:\/\/staging.belleflamme.ca\/fr\/produit\/systeme-de-cuisson-indirect-blaze-easy-light-avec-poele-ameliorant-lhumidite\/#breadcrumb","itemListElement":[{"@type":"ListItem","position":1,"name":"Accueil","item":"https:\/\/www.belleflamme.ca\/fr\/"},{"@type":"ListItem","position":2,"name":"Boutique","item":"https:\/\/www.belleflamme.ca\/fr\/boutique\/"},{"@type":"ListItem","position":3,"name":"BBQ &amp; Produits Ext\u00e9rieurs","item":"https:\/\/staging.belleflamme.ca\/fr\/categories\/bbq-produits-exterieurs\/"},{"@type":"ListItem","position":4,"name":"Accessoires de BBQ","item":"https:\/\/staging.belleflamme.ca\/fr\/categories\/bbq-produits-exterieurs\/accessoires-de-bbq\/"},{"@type":"ListItem","position":5,"name":"Syst\u00e8me de cuisson indirect Blaze Easy Light avec po\u00eale am\u00e9liorant l&#8217;humidit\u00e9"}]},{"@type":"WebSite","@id":"https:\/\/www.belleflamme.ca\/fr\/#website","url":"https:\/\/www.belleflamme.ca\/fr\/","name":"Groupe Belleflamme","description":"La m\u00e9canique du b\u00e2timent dans le sang.","publisher":{"@id":"https:\/\/www.belleflamme.ca\/fr\/#organization"},"potentialAction":[{"@type":"SearchAction","target":{"@type":"EntryPoint","urlTemplate":"https:\/\/www.belleflamme.ca\/fr\/?s={search_term_string}"},"query-input":{"@type":"PropertyValueSpecification","valueRequired":true,"valueName":"search_term_string"}}],"inLanguage":"fr-FR"},{"@type":["Organization","Place"],"@id":"https:\/\/www.belleflamme.ca\/fr\/#organization","name":"Groupe Belleflamme","alternateName":"Belleflamme","url":"https:\/\/www.belleflamme.ca\/fr\/","logo":{"@type":"ImageObject","inLanguage":"fr-FR","@id":"https:\/\/www.belleflamme.ca\/fr\/#\/schema\/logo\/image\/","url":"https:\/\/staging.belleflamme.ca\/wp-content\/uploads\/2023\/01\/og-image.jpg","contentUrl":"https:\/\/staging.belleflamme.ca\/wp-content\/uploads\/2023\/01\/og-image.jpg","width":1200,"height":630,"caption":"Groupe Belleflamme"},"image":{"@id":"https:\/\/www.belleflamme.ca\/fr\/#\/schema\/logo\/image\/"},"sameAs":["https:\/\/www.facebook.com\/belleflamme.ca\/","https:\/\/www.linkedin.com\/company\/belleflamme\/","https:\/\/www.pinterest.ca\/groupebelleflamme\/","https:\/\/www.instagram.com\/legroupebelleflamme\/"],"mainEntityOfPage":{"@id":"https:\/\/staging.belleflamme.ca\/fr\/produit\/systeme-de-cuisson-indirect-blaze-easy-light-avec-poele-ameliorant-lhumidite\/"}}]},"product_brand":"Blaze","product_price_amount":"0.00","product_price_currency":"CAD","og_availability":"instock","product_availability":"instock","product_condition":"new"},"_links":{"self":[{"href":"https:\/\/staging.belleflamme.ca\/fr\/wp-json\/wp\/v2\/product\/14652","targetHints":{"allow":["GET"]}}],"collection":[{"href":"https:\/\/staging.belleflamme.ca\/fr\/wp-json\/wp\/v2\/product"}],"about":[{"href":"https:\/\/staging.belleflamme.ca\/fr\/wp-json\/wp\/v2\/types\/product"}],"version-history":[{"count":1,"href":"https:\/\/staging.belleflamme.ca\/fr\/wp-json\/wp\/v2\/product\/14652\/revisions"}],"predecessor-version":[{"id":14655,"href":"https:\/\/staging.belleflamme.ca\/fr\/wp-json\/wp\/v2\/product\/14652\/revisions\/14655"}],"wp:featuredmedia":[{"embeddable":true,"href":"https:\/\/staging.belleflamme.ca\/fr\/wp-json\/wp\/v2\/media\/14653"}],"wp:attachment":[{"href":"https:\/\/staging.belleflamme.ca\/fr\/wp-json\/wp\/v2\/media?parent=14652"}],"wp:term":[{"taxonomy":"product_brand","embeddable":true,"href":"https:\/\/staging.belleflamme.ca\/fr\/wp-json\/wp\/v2\/product_brand?post=14652"},{"taxonomy":"product_cat","embeddable":true,"href":"https:\/\/staging.belleflamme.ca\/fr\/wp-json\/wp\/v2\/product_cat?post=14652"},{"taxonomy":"product_tag","embeddable":true,"href":"https:\/\/staging.belleflamme.ca\/fr\/wp-json\/wp\/v2\/product_tag?post=14652"}],"curies":[{"name":"wp","href":"https:\/\/api.w.org\/{rel}","templated":true}]}}