{"id":14641,"date":"2023-05-16T14:39:29","date_gmt":"2023-05-16T18:39:29","guid":{"rendered":"https:\/\/www.belleflamme.ca\/?post_type=product&#038;p=14641"},"modified":"2023-05-16T14:42:33","modified_gmt":"2023-05-16T18:42:33","slug":"recouvrement-de-gril","status":"publish","type":"product","link":"https:\/\/staging.belleflamme.ca\/fr\/produit\/recouvrement-de-gril\/","title":{"rendered":"Recouvrement de gril"},"content":{"rendered":"<ul>\n<li><span>Changez facilement l&#8217;apparence de votre gril \u00e0 tout moment<\/span><\/li>\n<li><span>2 nouvelles couleurs de recouvrement de gril disponibles : Rose Gold et Black<\/span><\/li>\n<li><span>La peau en acier inoxydable couvre les imperfections tout en renfor\u00e7ant une esth\u00e9tique \u00e9l\u00e9gante<\/span><\/li>\n<li><span>Disponible pour les barbecues \u00e0 gaz Premium LTE et Professional LUX<\/span><\/li>\n<li><span>Disponible\u00a0<\/span><strong><span>jusqu&#8217;\u00e0 \u00e9puisement des stocks<\/span><\/strong><span>\u00a0pour le gril Prelude LBM \u00e0 3 br\u00fbleurs<\/span><\/li>\n<\/ul>\n<p>Changez facilement l&#8217;apparence et la convivialit\u00e9 de votre cuisine ext\u00e9rieure avec la prochaine gamme de Blaze Grill Skins, disponible en 2 belles nouvelles couleurs &#8211; Rose Gold et Black. Ces recouvrement de gril Blaze peuvent ajouter une touche de sophistication \u00e0 votre cuisine ext\u00e9rieure ou vous aider \u00e0 r\u00e9am\u00e9nager votre jardin pour un co\u00fbt et un effort minimes.<\/p>\n<p>Vous aimez le look en acier inoxydable de votre gril, mais vous avez quelques bosses et \u00e9gratignures que vous pr\u00e9f\u00e9reriez que vos invit\u00e9s ne remarquent pas\u00a0? Tu es chanceux! Blaze propose \u00e9galement une peau de gril en acier inoxydable pour dissimuler les imperfections et conserver cette magnifique esth\u00e9tique originale en acier inoxydable.<\/p>\n<table class=\"woocommerce-product-attributes shop_attributes\">\n<tbody>\n<tr class=\"woocommerce-product-attributes-item woocommerce-product-attributes-item--attribute_blz-4bsk-rg\">\n<th class=\"woocommerce-product-attributes-item__label\">BLZ-4BSK-RG<\/th>\n<td class=\"woocommerce-product-attributes-item__value\">4 Burner Premium LTE Rose Gold Grill Skin<\/td>\n<\/tr>\n<tr class=\"woocommerce-product-attributes-item woocommerce-product-attributes-item--attribute_blz-5bsk-rg\">\n<th class=\"woocommerce-product-attributes-item__label\">BLZ-5BSK-RG<\/th>\n<td class=\"woocommerce-product-attributes-item__value\">5 Burner Premium LTE Rose Gold Grill Skin<\/td>\n<\/tr>\n<tr class=\"woocommerce-product-attributes-item woocommerce-product-attributes-item--attribute_blz-3prosk-rg\">\n<th class=\"woocommerce-product-attributes-item__label\">BLZ-3PROSK-RG<\/th>\n<td class=\"woocommerce-product-attributes-item__value\">3 Burner Professional LUX Rose Gold Grill Skin<\/td>\n<\/tr>\n<tr class=\"woocommerce-product-attributes-item woocommerce-product-attributes-item--attribute_blz-4prosk-rg\">\n<th class=\"woocommerce-product-attributes-item__label\">BLZ-4PROSK-RG<\/th>\n<td class=\"woocommerce-product-attributes-item__value\">4 Burner Professional LUX Rose Gold Grill Skin<\/td>\n<\/tr>\n<tr class=\"woocommerce-product-attributes-item woocommerce-product-attributes-item--attribute_blz-4bsk-blk\">\n<th class=\"woocommerce-product-attributes-item__label\">BLZ-4BSK-BLK<\/th>\n<td class=\"woocommerce-product-attributes-item__value\">4 Burner Premium LTE Black Grill Skin<\/td>\n<\/tr>\n<tr class=\"woocommerce-product-attributes-item woocommerce-product-attributes-item--attribute_blz-5bsk-blk\">\n<th class=\"woocommerce-product-attributes-item__label\">BLZ-5BSK-BLK<\/th>\n<td class=\"woocommerce-product-attributes-item__value\">5 Burner Premium LTE Black Grill Skin<\/td>\n<\/tr>\n<tr class=\"woocommerce-product-attributes-item woocommerce-product-attributes-item--attribute_blz-3prosk-blk\">\n<th class=\"woocommerce-product-attributes-item__label\">BLZ-3PROSK-BLK<\/th>\n<td class=\"woocommerce-product-attributes-item__value\">3 Burner Professional LUX Black Grill Skin<\/td>\n<\/tr>\n<tr class=\"woocommerce-product-attributes-item woocommerce-product-attributes-item--attribute_blz-4prosk-blk\">\n<th class=\"woocommerce-product-attributes-item__label\">BLZ-4PROSK-BLK<\/th>\n<td class=\"woocommerce-product-attributes-item__value\">4 Burner Professional LUX Black Grill Skin<\/td>\n<\/tr>\n<tr class=\"woocommerce-product-attributes-item woocommerce-product-attributes-item--attribute_blz-4bsk-ss\">\n<th class=\"woocommerce-product-attributes-item__label\">BLZ-4BSK-SS<\/th>\n<td class=\"woocommerce-product-attributes-item__value\">4 Burner Premium LTE Stainless Steel Grill Skin<\/td>\n<\/tr>\n<tr class=\"woocommerce-product-attributes-item woocommerce-product-attributes-item--attribute_blz-5bsk-ss\">\n<th class=\"woocommerce-product-attributes-item__label\">BLZ-5BSK-SS<\/th>\n<td class=\"woocommerce-product-attributes-item__value\">5 Burner Premium LTE Stainless Steel Grill Skin<\/td>\n<\/tr>\n<tr class=\"woocommerce-product-attributes-item woocommerce-product-attributes-item--attribute_blz-3prosk-ss\">\n<th class=\"woocommerce-product-attributes-item__label\">BLZ-3PROSK-SS<\/th>\n<td class=\"woocommerce-product-attributes-item__value\">3 Burner Professional LUX Stainless Steel Grill Skin<\/td>\n<\/tr>\n<tr class=\"woocommerce-product-attributes-item woocommerce-product-attributes-item--attribute_blz-4prosk-ss\">\n<th class=\"woocommerce-product-attributes-item__label\">BLZ-4PROSK-SS<\/th>\n<td class=\"woocommerce-product-attributes-item__value\">4 Burner Professional LUX Stainless Steel Grill Skin<\/td>\n<\/tr>\n<\/tbody>\n<\/table>\n","protected":false},"excerpt":{"rendered":"<p>Changez facilement l&#8217;apparence de votre gril \u00e0 tout moment 2 nouvelles couleurs de recouvrement de gril disponibles : Rose Gold et Black La peau en acier inoxydable couvre les imperfections tout en renfor\u00e7ant une esth\u00e9tique \u00e9l\u00e9gante Disponible pour les barbecues \u00e0 gaz Premium LTE et Professional LUX Disponible\u00a0jusqu&#8217;\u00e0 \u00e9puisement des stocks\u00a0pour le gril Prelude LBM [&hellip;]<\/p>\n","protected":false},"featured_media":0,"template":"","meta":{"inline_featured_image":false},"product_brand":[346],"product_cat":[117,113],"product_tag":[],"class_list":{"0":"post-14641","1":"product","2":"type-product","3":"status-publish","5":"product_brand-blaze","6":"product_cat-accessoires-de-bbq","7":"product_cat-bbq-produits-exterieurs","9":"first","10":"instock","11":"taxable","12":"shipping-taxable","13":"product-type-simple"},"yoast_head":"<!-- This site is optimized with the Yoast SEO Premium plugin v24.2 (Yoast SEO v24.2) - https:\/\/yoast.com\/wordpress\/plugins\/seo\/ -->\n<title>Recouvrement de gril - Groupe BelleFlamme<\/title>\n<meta name=\"description\" content=\"Recouvrement de gril vendu et install\u00e9 par le Groupe Belleflamme. Laval, Montr\u00e9al, Gatineau, Drummondville et Saint-Sauveur.\" \/>\n<meta name=\"robots\" content=\"index, follow, max-snippet:-1, max-image-preview:large, max-video-preview:-1\" \/>\n<link rel=\"canonical\" href=\"https:\/\/staging.belleflamme.ca\/fr\/produit\/recouvrement-de-gril\/\" \/>\n<meta property=\"og:locale\" content=\"fr_FR\" \/>\n<meta property=\"og:type\" content=\"article\" \/>\n<meta property=\"og:title\" content=\"Recouvrement de gril\" \/>\n<meta property=\"og:description\" content=\"Recouvrement de gril vendu et install\u00e9 par le Groupe Belleflamme. Laval, Montr\u00e9al, Gatineau, Drummondville et Saint-Sauveur.\" \/>\n<meta property=\"og:url\" content=\"https:\/\/staging.belleflamme.ca\/fr\/produit\/recouvrement-de-gril\/\" \/>\n<meta property=\"og:site_name\" content=\"Groupe BelleFlamme\" \/>\n<meta property=\"article:publisher\" content=\"https:\/\/www.facebook.com\/belleflamme.ca\/\" \/>\n<meta property=\"article:modified_time\" content=\"2023-05-16T18:42:33+00:00\" \/>\n<meta property=\"og:image\" content=\"https:\/\/staging.belleflamme.ca\/wp-content\/uploads\/2023\/01\/og-image.jpg\" \/>\n\t<meta property=\"og:image:width\" content=\"1200\" \/>\n\t<meta property=\"og:image:height\" content=\"630\" \/>\n\t<meta property=\"og:image:type\" content=\"image\/jpeg\" \/>\n<meta name=\"twitter:card\" content=\"summary_large_image\" \/>\n<meta name=\"twitter:label1\" content=\"Prix\" \/>\n\t<meta name=\"twitter:data1\" content=\"\" \/>\n\t<meta name=\"twitter:label2\" content=\"Disponibilit\u00e9\" \/>\n\t<meta name=\"twitter:data2\" content=\"En stock\" \/>\n<script type=\"application\/ld+json\" class=\"yoast-schema-graph\">{\"@context\":\"https:\/\/schema.org\",\"@graph\":[{\"@type\":[\"WebPage\",\"ItemPage\"],\"@id\":\"https:\/\/staging.belleflamme.ca\/fr\/produit\/recouvrement-de-gril\/\",\"url\":\"https:\/\/staging.belleflamme.ca\/fr\/produit\/recouvrement-de-gril\/\",\"name\":\"Recouvrement de gril - Groupe BelleFlamme\",\"isPartOf\":{\"@id\":\"https:\/\/www.belleflamme.ca\/fr\/#website\"},\"datePublished\":\"2023-05-16T18:39:29+00:00\",\"dateModified\":\"2023-05-16T18:42:33+00:00\",\"description\":\"Recouvrement de gril [get_meta_en_fr]\",\"breadcrumb\":{\"@id\":\"https:\/\/staging.belleflamme.ca\/fr\/produit\/recouvrement-de-gril\/#breadcrumb\"},\"inLanguage\":\"fr-FR\",\"potentialAction\":[{\"@type\":\"ReadAction\",\"target\":[\"https:\/\/staging.belleflamme.ca\/fr\/produit\/recouvrement-de-gril\/\"]}]},{\"@type\":\"BreadcrumbList\",\"@id\":\"https:\/\/staging.belleflamme.ca\/fr\/produit\/recouvrement-de-gril\/#breadcrumb\",\"itemListElement\":[{\"@type\":\"ListItem\",\"position\":1,\"name\":\"Accueil\",\"item\":\"https:\/\/www.belleflamme.ca\/fr\/\"},{\"@type\":\"ListItem\",\"position\":2,\"name\":\"Boutique\",\"item\":\"https:\/\/www.belleflamme.ca\/fr\/boutique\/\"},{\"@type\":\"ListItem\",\"position\":3,\"name\":\"BBQ &amp; Produits Ext\u00e9rieurs\",\"item\":\"https:\/\/staging.belleflamme.ca\/fr\/categories\/bbq-produits-exterieurs\/\"},{\"@type\":\"ListItem\",\"position\":4,\"name\":\"Accessoires de BBQ\",\"item\":\"https:\/\/staging.belleflamme.ca\/fr\/categories\/bbq-produits-exterieurs\/accessoires-de-bbq\/\"},{\"@type\":\"ListItem\",\"position\":5,\"name\":\"Recouvrement de gril\"}]},{\"@type\":\"WebSite\",\"@id\":\"https:\/\/www.belleflamme.ca\/fr\/#website\",\"url\":\"https:\/\/www.belleflamme.ca\/fr\/\",\"name\":\"Groupe Belleflamme\",\"description\":\"La m\u00e9canique du b\u00e2timent dans le sang.\",\"publisher\":{\"@id\":\"https:\/\/www.belleflamme.ca\/fr\/#organization\"},\"potentialAction\":[{\"@type\":\"SearchAction\",\"target\":{\"@type\":\"EntryPoint\",\"urlTemplate\":\"https:\/\/www.belleflamme.ca\/fr\/?s={search_term_string}\"},\"query-input\":{\"@type\":\"PropertyValueSpecification\",\"valueRequired\":true,\"valueName\":\"search_term_string\"}}],\"inLanguage\":\"fr-FR\"},{\"@type\":[\"Organization\",\"Place\"],\"@id\":\"https:\/\/www.belleflamme.ca\/fr\/#organization\",\"name\":\"Groupe Belleflamme\",\"alternateName\":\"Belleflamme\",\"url\":\"https:\/\/www.belleflamme.ca\/fr\/\",\"logo\":{\"@type\":\"ImageObject\",\"inLanguage\":\"fr-FR\",\"@id\":\"https:\/\/www.belleflamme.ca\/fr\/#\/schema\/logo\/image\/\",\"url\":\"https:\/\/staging.belleflamme.ca\/wp-content\/uploads\/2023\/01\/og-image.jpg\",\"contentUrl\":\"https:\/\/staging.belleflamme.ca\/wp-content\/uploads\/2023\/01\/og-image.jpg\",\"width\":1200,\"height\":630,\"caption\":\"Groupe Belleflamme\"},\"image\":{\"@id\":\"https:\/\/www.belleflamme.ca\/fr\/#\/schema\/logo\/image\/\"},\"sameAs\":[\"https:\/\/www.facebook.com\/belleflamme.ca\/\",\"https:\/\/www.linkedin.com\/company\/belleflamme\/\",\"https:\/\/www.pinterest.ca\/groupebelleflamme\/\",\"https:\/\/www.instagram.com\/legroupebelleflamme\/\"],\"mainEntityOfPage\":{\"@id\":\"https:\/\/staging.belleflamme.ca\/fr\/produit\/recouvrement-de-gril\/\"}}]}<\/script>\n<meta property=\"product:brand\" content=\"Blaze\" \/>\n<meta property=\"product:price:amount\" content=\"0.00\" \/>\n<meta property=\"product:price:currency\" content=\"CAD\" \/>\n<meta property=\"og:availability\" content=\"instock\" \/>\n<meta property=\"product:availability\" content=\"instock\" \/>\n<meta property=\"product:condition\" content=\"new\" \/>\n<!-- \/ Yoast SEO Premium plugin. -->","yoast_head_json":{"title":"Recouvrement de gril - Groupe BelleFlamme","description":"Recouvrement de gril vendu et install\u00e9 par le Groupe Belleflamme. Laval, Montr\u00e9al, Gatineau, Drummondville et Saint-Sauveur.","robots":{"index":"index","follow":"follow","max-snippet":"max-snippet:-1","max-image-preview":"max-image-preview:large","max-video-preview":"max-video-preview:-1"},"canonical":"https:\/\/staging.belleflamme.ca\/fr\/produit\/recouvrement-de-gril\/","og_locale":"fr_FR","og_type":"article","og_title":"Recouvrement de gril","og_description":"Recouvrement de gril vendu et install\u00e9 par le Groupe Belleflamme. Laval, Montr\u00e9al, Gatineau, Drummondville et Saint-Sauveur.","og_url":"https:\/\/staging.belleflamme.ca\/fr\/produit\/recouvrement-de-gril\/","og_site_name":"Groupe BelleFlamme","article_publisher":"https:\/\/www.facebook.com\/belleflamme.ca\/","article_modified_time":"2023-05-16T18:42:33+00:00","og_image":[{"width":1200,"height":630,"url":"https:\/\/staging.belleflamme.ca\/wp-content\/uploads\/2023\/01\/og-image.jpg","type":"image\/jpeg"}],"twitter_card":"summary_large_image","twitter_misc":{"Prix":"","Disponibilit\u00e9":"En stock"},"schema":{"@context":"https:\/\/schema.org","@graph":[{"@type":["WebPage","ItemPage"],"@id":"https:\/\/staging.belleflamme.ca\/fr\/produit\/recouvrement-de-gril\/","url":"https:\/\/staging.belleflamme.ca\/fr\/produit\/recouvrement-de-gril\/","name":"Recouvrement de gril - Groupe BelleFlamme","isPartOf":{"@id":"https:\/\/www.belleflamme.ca\/fr\/#website"},"datePublished":"2023-05-16T18:39:29+00:00","dateModified":"2023-05-16T18:42:33+00:00","description":"Recouvrement de gril [get_meta_en_fr]","breadcrumb":{"@id":"https:\/\/staging.belleflamme.ca\/fr\/produit\/recouvrement-de-gril\/#breadcrumb"},"inLanguage":"fr-FR","potentialAction":[{"@type":"ReadAction","target":["https:\/\/staging.belleflamme.ca\/fr\/produit\/recouvrement-de-gril\/"]}]},{"@type":"BreadcrumbList","@id":"https:\/\/staging.belleflamme.ca\/fr\/produit\/recouvrement-de-gril\/#breadcrumb","itemListElement":[{"@type":"ListItem","position":1,"name":"Accueil","item":"https:\/\/www.belleflamme.ca\/fr\/"},{"@type":"ListItem","position":2,"name":"Boutique","item":"https:\/\/www.belleflamme.ca\/fr\/boutique\/"},{"@type":"ListItem","position":3,"name":"BBQ &amp; Produits Ext\u00e9rieurs","item":"https:\/\/staging.belleflamme.ca\/fr\/categories\/bbq-produits-exterieurs\/"},{"@type":"ListItem","position":4,"name":"Accessoires de BBQ","item":"https:\/\/staging.belleflamme.ca\/fr\/categories\/bbq-produits-exterieurs\/accessoires-de-bbq\/"},{"@type":"ListItem","position":5,"name":"Recouvrement de gril"}]},{"@type":"WebSite","@id":"https:\/\/www.belleflamme.ca\/fr\/#website","url":"https:\/\/www.belleflamme.ca\/fr\/","name":"Groupe Belleflamme","description":"La m\u00e9canique du b\u00e2timent dans le sang.","publisher":{"@id":"https:\/\/www.belleflamme.ca\/fr\/#organization"},"potentialAction":[{"@type":"SearchAction","target":{"@type":"EntryPoint","urlTemplate":"https:\/\/www.belleflamme.ca\/fr\/?s={search_term_string}"},"query-input":{"@type":"PropertyValueSpecification","valueRequired":true,"valueName":"search_term_string"}}],"inLanguage":"fr-FR"},{"@type":["Organization","Place"],"@id":"https:\/\/www.belleflamme.ca\/fr\/#organization","name":"Groupe Belleflamme","alternateName":"Belleflamme","url":"https:\/\/www.belleflamme.ca\/fr\/","logo":{"@type":"ImageObject","inLanguage":"fr-FR","@id":"https:\/\/www.belleflamme.ca\/fr\/#\/schema\/logo\/image\/","url":"https:\/\/staging.belleflamme.ca\/wp-content\/uploads\/2023\/01\/og-image.jpg","contentUrl":"https:\/\/staging.belleflamme.ca\/wp-content\/uploads\/2023\/01\/og-image.jpg","width":1200,"height":630,"caption":"Groupe Belleflamme"},"image":{"@id":"https:\/\/www.belleflamme.ca\/fr\/#\/schema\/logo\/image\/"},"sameAs":["https:\/\/www.facebook.com\/belleflamme.ca\/","https:\/\/www.linkedin.com\/company\/belleflamme\/","https:\/\/www.pinterest.ca\/groupebelleflamme\/","https:\/\/www.instagram.com\/legroupebelleflamme\/"],"mainEntityOfPage":{"@id":"https:\/\/staging.belleflamme.ca\/fr\/produit\/recouvrement-de-gril\/"}}]},"product_brand":"Blaze","product_price_amount":"0.00","product_price_currency":"CAD","og_availability":"instock","product_availability":"instock","product_condition":"new"},"_links":{"self":[{"href":"https:\/\/staging.belleflamme.ca\/fr\/wp-json\/wp\/v2\/product\/14641","targetHints":{"allow":["GET"]}}],"collection":[{"href":"https:\/\/staging.belleflamme.ca\/fr\/wp-json\/wp\/v2\/product"}],"about":[{"href":"https:\/\/staging.belleflamme.ca\/fr\/wp-json\/wp\/v2\/types\/product"}],"version-history":[{"count":1,"href":"https:\/\/staging.belleflamme.ca\/fr\/wp-json\/wp\/v2\/product\/14641\/revisions"}],"predecessor-version":[{"id":14643,"href":"https:\/\/staging.belleflamme.ca\/fr\/wp-json\/wp\/v2\/product\/14641\/revisions\/14643"}],"wp:attachment":[{"href":"https:\/\/staging.belleflamme.ca\/fr\/wp-json\/wp\/v2\/media?parent=14641"}],"wp:term":[{"taxonomy":"product_brand","embeddable":true,"href":"https:\/\/staging.belleflamme.ca\/fr\/wp-json\/wp\/v2\/product_brand?post=14641"},{"taxonomy":"product_cat","embeddable":true,"href":"https:\/\/staging.belleflamme.ca\/fr\/wp-json\/wp\/v2\/product_cat?post=14641"},{"taxonomy":"product_tag","embeddable":true,"href":"https:\/\/staging.belleflamme.ca\/fr\/wp-json\/wp\/v2\/product_tag?post=14641"}],"curies":[{"name":"wp","href":"https:\/\/api.w.org\/{rel}","templated":true}]}}