{"id":14598,"date":"2023-05-16T12:47:49","date_gmt":"2023-05-16T16:47:49","guid":{"rendered":"https:\/\/www.belleflamme.ca\/?post_type=product&#038;p=14598"},"modified":"2024-05-16T13:00:57","modified_gmt":"2024-05-16T17:00:57","slug":"mise-a-niveau-du-manchon-de-porte-en-acier-inoxydable-blaze-pour-blz-ssrf126","status":"publish","type":"product","link":"https:\/\/staging.belleflamme.ca\/fr\/produit\/mise-a-niveau-du-manchon-de-porte-en-acier-inoxydable-blaze-pour-blz-ssrf126\/","title":{"rendered":"Mise \u00e0 niveau du manchon de porte en acier inoxydable Blaze pour BLZ-SSRF126"},"content":{"rendered":"<ul>\n<li>Porte en acier inoxydable solide pour plus de durabilit\u00e9<\/li>\n<li>Poign\u00e9e porte-serviettes pour un design \u00e9l\u00e9gant<\/li>\n<li>Sp\u00e9cialement con\u00e7u pour le r\u00e9frig\u00e9rateur compact ext\u00e9rieur Blaze 20 pouces<\/li>\n<li>Options de charni\u00e8re \u00e0 droite (BLZ-SSFP-126) et de charni\u00e8re \u00e0 gauche (BLZ-SSFP-126LH) disponibles<\/li>\n<\/ul>\n<p>Am\u00e9liorez votre r\u00e9frig\u00e9rateur compact ext\u00e9rieur Blaze de 20 pouces avec ce kit de mise \u00e0 niveau de manchon de porte en acier inoxydable. Ce panneau de porte se glisse sur la porte du r\u00e9frig\u00e9rateur Blaze existant, rehaussant l&#8217;apparence avec une lourde poign\u00e9e verticale. Le manchon de porte en acier inoxydable est garanti 1 an au propri\u00e9taire d&#8217;origine contre les d\u00e9fauts de fabrication et de fabrication. Cette garantie s&#8217;\u00e9tend aux acheteurs d&#8217;origine pour les produits achet\u00e9s pour un usage domestique unifamilial ordinaire.<\/p>\n","protected":false},"excerpt":{"rendered":"<p>Porte en acier inoxydable solide pour plus de durabilit\u00e9 Poign\u00e9e porte-serviettes pour un design \u00e9l\u00e9gant Sp\u00e9cialement con\u00e7u pour le r\u00e9frig\u00e9rateur compact ext\u00e9rieur Blaze 20 pouces Options de charni\u00e8re \u00e0 droite (BLZ-SSFP-126) et de charni\u00e8re \u00e0 gauche (BLZ-SSFP-126LH) disponibles Am\u00e9liorez votre r\u00e9frig\u00e9rateur compact ext\u00e9rieur Blaze de 20 pouces avec ce kit de mise \u00e0 niveau de [&hellip;]<\/p>\n","protected":false},"featured_media":14599,"template":"","meta":{"inline_featured_image":false},"product_brand":[346],"product_cat":[117,113,352,116],"product_tag":[],"class_list":{"0":"post-14598","1":"product","2":"type-product","3":"status-publish","4":"has-post-thumbnail","6":"product_brand-blaze","7":"product_cat-accessoires-de-bbq","8":"product_cat-bbq-produits-exterieurs","9":"product_cat-cabinets-et-modules","10":"product_cat-cuisine-exterieure","12":"first","13":"instock","14":"taxable","15":"shipping-taxable","16":"product-type-simple"},"yoast_head":"<!-- This site is optimized with the Yoast SEO Premium plugin v24.2 (Yoast SEO v24.2) - https:\/\/yoast.com\/wordpress\/plugins\/seo\/ -->\n<title>Mise \u00e0 niveau du manchon de porte en acier inoxydable Blaze pour BLZ-SSRF126 - Groupe BelleFlamme<\/title>\n<meta name=\"description\" content=\"Mise \u00e0 niveau du manchon de porte en acier inoxydable Blaze pour BLZ-SSRF126 vendu et install\u00e9 par le Groupe Belleflamme. Laval, Montr\u00e9al, Gatineau, Drummondville et Saint-Sauveur.\" \/>\n<meta name=\"robots\" content=\"index, follow, max-snippet:-1, max-image-preview:large, max-video-preview:-1\" \/>\n<link rel=\"canonical\" href=\"https:\/\/staging.belleflamme.ca\/fr\/produit\/mise-a-niveau-du-manchon-de-porte-en-acier-inoxydable-blaze-pour-blz-ssrf126\/\" \/>\n<meta property=\"og:locale\" content=\"fr_FR\" \/>\n<meta property=\"og:type\" content=\"article\" \/>\n<meta property=\"og:title\" content=\"Mise \u00e0 niveau du manchon de porte en acier inoxydable Blaze pour BLZ-SSRF126\" \/>\n<meta property=\"og:description\" content=\"Mise \u00e0 niveau du manchon de porte en acier inoxydable Blaze pour BLZ-SSRF126 vendu et install\u00e9 par le Groupe Belleflamme. Laval, Montr\u00e9al, Gatineau, Drummondville et Saint-Sauveur.\" \/>\n<meta property=\"og:url\" content=\"https:\/\/staging.belleflamme.ca\/fr\/produit\/mise-a-niveau-du-manchon-de-porte-en-acier-inoxydable-blaze-pour-blz-ssrf126\/\" \/>\n<meta property=\"og:site_name\" content=\"Groupe BelleFlamme\" \/>\n<meta property=\"article:publisher\" content=\"https:\/\/www.facebook.com\/belleflamme.ca\/\" \/>\n<meta property=\"article:modified_time\" content=\"2024-05-16T17:00:57+00:00\" \/>\n<meta property=\"og:image\" content=\"https:\/\/www.belleflamme.ca\/wp-content\/uploads\/2023\/05\/BLZ-SSFP-126.webp\" \/>\n\t<meta property=\"og:image:width\" content=\"1080\" \/>\n\t<meta property=\"og:image:height\" content=\"1080\" \/>\n\t<meta property=\"og:image:type\" content=\"image\/webp\" \/>\n<meta name=\"twitter:card\" content=\"summary_large_image\" \/>\n<meta name=\"twitter:label1\" content=\"Prix\" \/>\n\t<meta name=\"twitter:data1\" content=\"\" \/>\n\t<meta name=\"twitter:label2\" content=\"Disponibilit\u00e9\" \/>\n\t<meta name=\"twitter:data2\" content=\"En stock\" \/>\n<script type=\"application\/ld+json\" class=\"yoast-schema-graph\">{\"@context\":\"https:\/\/schema.org\",\"@graph\":[{\"@type\":[\"WebPage\",\"ItemPage\"],\"@id\":\"https:\/\/staging.belleflamme.ca\/fr\/produit\/mise-a-niveau-du-manchon-de-porte-en-acier-inoxydable-blaze-pour-blz-ssrf126\/\",\"url\":\"https:\/\/staging.belleflamme.ca\/fr\/produit\/mise-a-niveau-du-manchon-de-porte-en-acier-inoxydable-blaze-pour-blz-ssrf126\/\",\"name\":\"Mise \u00e0 niveau du manchon de porte en acier inoxydable Blaze pour BLZ-SSRF126 - Groupe BelleFlamme\",\"isPartOf\":{\"@id\":\"https:\/\/www.belleflamme.ca\/fr\/#website\"},\"primaryImageOfPage\":{\"@id\":\"https:\/\/staging.belleflamme.ca\/fr\/produit\/mise-a-niveau-du-manchon-de-porte-en-acier-inoxydable-blaze-pour-blz-ssrf126\/#primaryimage\"},\"image\":{\"@id\":\"https:\/\/staging.belleflamme.ca\/fr\/produit\/mise-a-niveau-du-manchon-de-porte-en-acier-inoxydable-blaze-pour-blz-ssrf126\/#primaryimage\"},\"thumbnailUrl\":\"https:\/\/staging.belleflamme.ca\/wp-content\/uploads\/2023\/05\/BLZ-SSFP-126.webp\",\"datePublished\":\"2023-05-16T16:47:49+00:00\",\"dateModified\":\"2024-05-16T17:00:57+00:00\",\"description\":\"Mise \u00e0 niveau du manchon de porte en acier inoxydable Blaze pour BLZ-SSRF126 [get_meta_en_fr]\",\"breadcrumb\":{\"@id\":\"https:\/\/staging.belleflamme.ca\/fr\/produit\/mise-a-niveau-du-manchon-de-porte-en-acier-inoxydable-blaze-pour-blz-ssrf126\/#breadcrumb\"},\"inLanguage\":\"fr-FR\",\"potentialAction\":[{\"@type\":\"ReadAction\",\"target\":[\"https:\/\/staging.belleflamme.ca\/fr\/produit\/mise-a-niveau-du-manchon-de-porte-en-acier-inoxydable-blaze-pour-blz-ssrf126\/\"]}]},{\"@type\":\"ImageObject\",\"inLanguage\":\"fr-FR\",\"@id\":\"https:\/\/staging.belleflamme.ca\/fr\/produit\/mise-a-niveau-du-manchon-de-porte-en-acier-inoxydable-blaze-pour-blz-ssrf126\/#primaryimage\",\"url\":\"https:\/\/staging.belleflamme.ca\/wp-content\/uploads\/2023\/05\/BLZ-SSFP-126.webp\",\"contentUrl\":\"https:\/\/staging.belleflamme.ca\/wp-content\/uploads\/2023\/05\/BLZ-SSFP-126.webp\",\"width\":1080,\"height\":1080,\"caption\":\"Mise \u00e0 niveau du manchon de porte en acier inoxydable Blaze pour BLZ-SSRF126\"},{\"@type\":\"BreadcrumbList\",\"@id\":\"https:\/\/staging.belleflamme.ca\/fr\/produit\/mise-a-niveau-du-manchon-de-porte-en-acier-inoxydable-blaze-pour-blz-ssrf126\/#breadcrumb\",\"itemListElement\":[{\"@type\":\"ListItem\",\"position\":1,\"name\":\"Accueil\",\"item\":\"https:\/\/www.belleflamme.ca\/fr\/\"},{\"@type\":\"ListItem\",\"position\":2,\"name\":\"Boutique\",\"item\":\"https:\/\/www.belleflamme.ca\/fr\/boutique\/\"},{\"@type\":\"ListItem\",\"position\":3,\"name\":\"BBQ &amp; Produits Ext\u00e9rieurs\",\"item\":\"https:\/\/staging.belleflamme.ca\/fr\/categories\/bbq-produits-exterieurs\/\"},{\"@type\":\"ListItem\",\"position\":4,\"name\":\"Cuisine Ext\u00e9rieure\",\"item\":\"https:\/\/staging.belleflamme.ca\/fr\/categories\/bbq-produits-exterieurs\/cuisine-exterieure\/\"},{\"@type\":\"ListItem\",\"position\":5,\"name\":\"Cabinets et Modules\",\"item\":\"https:\/\/staging.belleflamme.ca\/fr\/categories\/bbq-produits-exterieurs\/cuisine-exterieure\/cabinets-et-modules\/\"},{\"@type\":\"ListItem\",\"position\":6,\"name\":\"Mise \u00e0 niveau du manchon de porte en acier inoxydable Blaze pour BLZ-SSRF126\"}]},{\"@type\":\"WebSite\",\"@id\":\"https:\/\/www.belleflamme.ca\/fr\/#website\",\"url\":\"https:\/\/www.belleflamme.ca\/fr\/\",\"name\":\"Groupe Belleflamme\",\"description\":\"La m\u00e9canique du b\u00e2timent dans le sang.\",\"publisher\":{\"@id\":\"https:\/\/www.belleflamme.ca\/fr\/#organization\"},\"potentialAction\":[{\"@type\":\"SearchAction\",\"target\":{\"@type\":\"EntryPoint\",\"urlTemplate\":\"https:\/\/www.belleflamme.ca\/fr\/?s={search_term_string}\"},\"query-input\":{\"@type\":\"PropertyValueSpecification\",\"valueRequired\":true,\"valueName\":\"search_term_string\"}}],\"inLanguage\":\"fr-FR\"},{\"@type\":[\"Organization\",\"Place\"],\"@id\":\"https:\/\/www.belleflamme.ca\/fr\/#organization\",\"name\":\"Groupe Belleflamme\",\"alternateName\":\"Belleflamme\",\"url\":\"https:\/\/www.belleflamme.ca\/fr\/\",\"logo\":{\"@type\":\"ImageObject\",\"inLanguage\":\"fr-FR\",\"@id\":\"https:\/\/www.belleflamme.ca\/fr\/#\/schema\/logo\/image\/\",\"url\":\"https:\/\/staging.belleflamme.ca\/wp-content\/uploads\/2023\/01\/og-image.jpg\",\"contentUrl\":\"https:\/\/staging.belleflamme.ca\/wp-content\/uploads\/2023\/01\/og-image.jpg\",\"width\":1200,\"height\":630,\"caption\":\"Groupe Belleflamme\"},\"image\":{\"@id\":\"https:\/\/www.belleflamme.ca\/fr\/#\/schema\/logo\/image\/\"},\"sameAs\":[\"https:\/\/www.facebook.com\/belleflamme.ca\/\",\"https:\/\/www.linkedin.com\/company\/belleflamme\/\",\"https:\/\/www.pinterest.ca\/groupebelleflamme\/\",\"https:\/\/www.instagram.com\/legroupebelleflamme\/\"],\"mainEntityOfPage\":{\"@id\":\"https:\/\/staging.belleflamme.ca\/fr\/produit\/mise-a-niveau-du-manchon-de-porte-en-acier-inoxydable-blaze-pour-blz-ssrf126\/\"}}]}<\/script>\n<meta property=\"product:brand\" content=\"Blaze\" \/>\n<meta property=\"product:price:amount\" content=\"0.00\" \/>\n<meta property=\"product:price:currency\" content=\"CAD\" \/>\n<meta property=\"og:availability\" content=\"instock\" \/>\n<meta property=\"product:availability\" content=\"instock\" \/>\n<meta property=\"product:condition\" content=\"new\" \/>\n<!-- \/ Yoast SEO Premium plugin. -->","yoast_head_json":{"title":"Mise \u00e0 niveau du manchon de porte en acier inoxydable Blaze pour BLZ-SSRF126 - Groupe BelleFlamme","description":"Mise \u00e0 niveau du manchon de porte en acier inoxydable Blaze pour BLZ-SSRF126 vendu et install\u00e9 par le Groupe Belleflamme. Laval, Montr\u00e9al, Gatineau, Drummondville et Saint-Sauveur.","robots":{"index":"index","follow":"follow","max-snippet":"max-snippet:-1","max-image-preview":"max-image-preview:large","max-video-preview":"max-video-preview:-1"},"canonical":"https:\/\/staging.belleflamme.ca\/fr\/produit\/mise-a-niveau-du-manchon-de-porte-en-acier-inoxydable-blaze-pour-blz-ssrf126\/","og_locale":"fr_FR","og_type":"article","og_title":"Mise \u00e0 niveau du manchon de porte en acier inoxydable Blaze pour BLZ-SSRF126","og_description":"Mise \u00e0 niveau du manchon de porte en acier inoxydable Blaze pour BLZ-SSRF126 vendu et install\u00e9 par le Groupe Belleflamme. Laval, Montr\u00e9al, Gatineau, Drummondville et Saint-Sauveur.","og_url":"https:\/\/staging.belleflamme.ca\/fr\/produit\/mise-a-niveau-du-manchon-de-porte-en-acier-inoxydable-blaze-pour-blz-ssrf126\/","og_site_name":"Groupe BelleFlamme","article_publisher":"https:\/\/www.facebook.com\/belleflamme.ca\/","article_modified_time":"2024-05-16T17:00:57+00:00","og_image":[{"width":1080,"height":1080,"url":"https:\/\/www.belleflamme.ca\/wp-content\/uploads\/2023\/05\/BLZ-SSFP-126.webp","type":"image\/webp"}],"twitter_card":"summary_large_image","twitter_misc":{"Prix":"","Disponibilit\u00e9":"En stock"},"schema":{"@context":"https:\/\/schema.org","@graph":[{"@type":["WebPage","ItemPage"],"@id":"https:\/\/staging.belleflamme.ca\/fr\/produit\/mise-a-niveau-du-manchon-de-porte-en-acier-inoxydable-blaze-pour-blz-ssrf126\/","url":"https:\/\/staging.belleflamme.ca\/fr\/produit\/mise-a-niveau-du-manchon-de-porte-en-acier-inoxydable-blaze-pour-blz-ssrf126\/","name":"Mise \u00e0 niveau du manchon de porte en acier inoxydable Blaze pour BLZ-SSRF126 - Groupe BelleFlamme","isPartOf":{"@id":"https:\/\/www.belleflamme.ca\/fr\/#website"},"primaryImageOfPage":{"@id":"https:\/\/staging.belleflamme.ca\/fr\/produit\/mise-a-niveau-du-manchon-de-porte-en-acier-inoxydable-blaze-pour-blz-ssrf126\/#primaryimage"},"image":{"@id":"https:\/\/staging.belleflamme.ca\/fr\/produit\/mise-a-niveau-du-manchon-de-porte-en-acier-inoxydable-blaze-pour-blz-ssrf126\/#primaryimage"},"thumbnailUrl":"https:\/\/staging.belleflamme.ca\/wp-content\/uploads\/2023\/05\/BLZ-SSFP-126.webp","datePublished":"2023-05-16T16:47:49+00:00","dateModified":"2024-05-16T17:00:57+00:00","description":"Mise \u00e0 niveau du manchon de porte en acier inoxydable Blaze pour BLZ-SSRF126 [get_meta_en_fr]","breadcrumb":{"@id":"https:\/\/staging.belleflamme.ca\/fr\/produit\/mise-a-niveau-du-manchon-de-porte-en-acier-inoxydable-blaze-pour-blz-ssrf126\/#breadcrumb"},"inLanguage":"fr-FR","potentialAction":[{"@type":"ReadAction","target":["https:\/\/staging.belleflamme.ca\/fr\/produit\/mise-a-niveau-du-manchon-de-porte-en-acier-inoxydable-blaze-pour-blz-ssrf126\/"]}]},{"@type":"ImageObject","inLanguage":"fr-FR","@id":"https:\/\/staging.belleflamme.ca\/fr\/produit\/mise-a-niveau-du-manchon-de-porte-en-acier-inoxydable-blaze-pour-blz-ssrf126\/#primaryimage","url":"https:\/\/staging.belleflamme.ca\/wp-content\/uploads\/2023\/05\/BLZ-SSFP-126.webp","contentUrl":"https:\/\/staging.belleflamme.ca\/wp-content\/uploads\/2023\/05\/BLZ-SSFP-126.webp","width":1080,"height":1080,"caption":"Mise \u00e0 niveau du manchon de porte en acier inoxydable Blaze pour BLZ-SSRF126"},{"@type":"BreadcrumbList","@id":"https:\/\/staging.belleflamme.ca\/fr\/produit\/mise-a-niveau-du-manchon-de-porte-en-acier-inoxydable-blaze-pour-blz-ssrf126\/#breadcrumb","itemListElement":[{"@type":"ListItem","position":1,"name":"Accueil","item":"https:\/\/www.belleflamme.ca\/fr\/"},{"@type":"ListItem","position":2,"name":"Boutique","item":"https:\/\/www.belleflamme.ca\/fr\/boutique\/"},{"@type":"ListItem","position":3,"name":"BBQ &amp; Produits Ext\u00e9rieurs","item":"https:\/\/staging.belleflamme.ca\/fr\/categories\/bbq-produits-exterieurs\/"},{"@type":"ListItem","position":4,"name":"Cuisine Ext\u00e9rieure","item":"https:\/\/staging.belleflamme.ca\/fr\/categories\/bbq-produits-exterieurs\/cuisine-exterieure\/"},{"@type":"ListItem","position":5,"name":"Cabinets et Modules","item":"https:\/\/staging.belleflamme.ca\/fr\/categories\/bbq-produits-exterieurs\/cuisine-exterieure\/cabinets-et-modules\/"},{"@type":"ListItem","position":6,"name":"Mise \u00e0 niveau du manchon de porte en acier inoxydable Blaze pour BLZ-SSRF126"}]},{"@type":"WebSite","@id":"https:\/\/www.belleflamme.ca\/fr\/#website","url":"https:\/\/www.belleflamme.ca\/fr\/","name":"Groupe Belleflamme","description":"La m\u00e9canique du b\u00e2timent dans le sang.","publisher":{"@id":"https:\/\/www.belleflamme.ca\/fr\/#organization"},"potentialAction":[{"@type":"SearchAction","target":{"@type":"EntryPoint","urlTemplate":"https:\/\/www.belleflamme.ca\/fr\/?s={search_term_string}"},"query-input":{"@type":"PropertyValueSpecification","valueRequired":true,"valueName":"search_term_string"}}],"inLanguage":"fr-FR"},{"@type":["Organization","Place"],"@id":"https:\/\/www.belleflamme.ca\/fr\/#organization","name":"Groupe Belleflamme","alternateName":"Belleflamme","url":"https:\/\/www.belleflamme.ca\/fr\/","logo":{"@type":"ImageObject","inLanguage":"fr-FR","@id":"https:\/\/www.belleflamme.ca\/fr\/#\/schema\/logo\/image\/","url":"https:\/\/staging.belleflamme.ca\/wp-content\/uploads\/2023\/01\/og-image.jpg","contentUrl":"https:\/\/staging.belleflamme.ca\/wp-content\/uploads\/2023\/01\/og-image.jpg","width":1200,"height":630,"caption":"Groupe Belleflamme"},"image":{"@id":"https:\/\/www.belleflamme.ca\/fr\/#\/schema\/logo\/image\/"},"sameAs":["https:\/\/www.facebook.com\/belleflamme.ca\/","https:\/\/www.linkedin.com\/company\/belleflamme\/","https:\/\/www.pinterest.ca\/groupebelleflamme\/","https:\/\/www.instagram.com\/legroupebelleflamme\/"],"mainEntityOfPage":{"@id":"https:\/\/staging.belleflamme.ca\/fr\/produit\/mise-a-niveau-du-manchon-de-porte-en-acier-inoxydable-blaze-pour-blz-ssrf126\/"}}]},"product_brand":"Blaze","product_price_amount":"0.00","product_price_currency":"CAD","og_availability":"instock","product_availability":"instock","product_condition":"new"},"_links":{"self":[{"href":"https:\/\/staging.belleflamme.ca\/fr\/wp-json\/wp\/v2\/product\/14598","targetHints":{"allow":["GET"]}}],"collection":[{"href":"https:\/\/staging.belleflamme.ca\/fr\/wp-json\/wp\/v2\/product"}],"about":[{"href":"https:\/\/staging.belleflamme.ca\/fr\/wp-json\/wp\/v2\/types\/product"}],"version-history":[{"count":2,"href":"https:\/\/staging.belleflamme.ca\/fr\/wp-json\/wp\/v2\/product\/14598\/revisions"}],"predecessor-version":[{"id":38820,"href":"https:\/\/staging.belleflamme.ca\/fr\/wp-json\/wp\/v2\/product\/14598\/revisions\/38820"}],"wp:featuredmedia":[{"embeddable":true,"href":"https:\/\/staging.belleflamme.ca\/fr\/wp-json\/wp\/v2\/media\/14599"}],"wp:attachment":[{"href":"https:\/\/staging.belleflamme.ca\/fr\/wp-json\/wp\/v2\/media?parent=14598"}],"wp:term":[{"taxonomy":"product_brand","embeddable":true,"href":"https:\/\/staging.belleflamme.ca\/fr\/wp-json\/wp\/v2\/product_brand?post=14598"},{"taxonomy":"product_cat","embeddable":true,"href":"https:\/\/staging.belleflamme.ca\/fr\/wp-json\/wp\/v2\/product_cat?post=14598"},{"taxonomy":"product_tag","embeddable":true,"href":"https:\/\/staging.belleflamme.ca\/fr\/wp-json\/wp\/v2\/product_tag?post=14598"}],"curies":[{"name":"wp","href":"https:\/\/api.w.org\/{rel}","templated":true}]}}