{"id":14592,"date":"2023-05-16T12:42:09","date_gmt":"2023-05-16T16:42:09","guid":{"rendered":"https:\/\/www.belleflamme.ca\/?post_type=product&#038;p=14592"},"modified":"2024-05-16T12:46:33","modified_gmt":"2024-05-16T16:46:33","slug":"bruleur-lateral-simple-encastrable-blaze","status":"publish","type":"product","link":"https:\/\/staging.belleflamme.ca\/fr\/produit\/bruleur-lateral-simple-encastrable-blaze\/","title":{"rendered":"Br\u00fbleur lat\u00e9ral simple encastrable Blaze"},"content":{"rendered":"\t\t<div data-elementor-type=\"product-post\" data-elementor-id=\"14592\" class=\"elementor elementor-14592\" data-elementor-post-type=\"product\">\n\t\t\t\t\t\t<section class=\"elementor-section elementor-top-section elementor-element elementor-element-73c4845b elementor-section-boxed elementor-section-height-default elementor-section-height-default\" data-id=\"73c4845b\" data-element_type=\"section\">\n\t\t\t\t\t\t<div class=\"elementor-container elementor-column-gap-default\">\n\t\t\t\t\t<div class=\"elementor-column elementor-col-100 elementor-top-column elementor-element elementor-element-a358aae\" data-id=\"a358aae\" data-element_type=\"column\">\n\t\t\t<div class=\"elementor-widget-wrap elementor-element-populated\">\n\t\t\t\t\t\t<div class=\"elementor-element elementor-element-47374e71 elementor-widget elementor-widget-text-editor\" data-id=\"47374e71\" data-element_type=\"widget\" data-widget_type=\"text-editor.default\">\n\t\t\t\t<div class=\"elementor-widget-container\">\n\t\t\t\t\t\t\t\t\t<ul>\r\n \t<li><span>Un br\u00fbleur en laiton robuste de 12 000 BTU fournit une puissance calorifique sup\u00e9rieure<\/span><\/li>\r\n \t<li><span>La construction en acier inoxydable est durable dans un environnement ext\u00e9rieur<\/span><\/li>\r\n \t<li><span>Le couvercle en acier inoxydable prot\u00e8ge le br\u00fbleur des \u00e9l\u00e9ments ext\u00e9rieurs<\/span><\/li>\r\n \t<li><span>Le syst\u00e8me d&#8217;allumage \u00e0 bouton poussoir et rotatif fournit une flamme fiable \u00e0 chaque d\u00e9marrage<\/span><\/li>\r\n<\/ul>\r\nCe br\u00fbleur lat\u00e9ral coup\u00e9 avec pr\u00e9cision et fait \u00e0 la main est fabriqu\u00e9 en acier inoxydable et vous procurera des ann\u00e9es de plaisir \u00e0 cuisiner en plein air. Si vous cherchez \u00e0 cr\u00e9er un repas gastronomique en plein air avec des soupes ou des plats d&#8217;accompagnement, un br\u00fbleur lat\u00e9ral encastrable est le compl\u00e9ment id\u00e9al \u00e0 votre cuisine ext\u00e9rieure. Depuis le 15 mars 2016, les br\u00fbleurs lat\u00e9raux Blaze b\u00e9n\u00e9ficient d&#8217;une garantie \u00e0 vie contre tout d\u00e9faut de fabrication et de fabrication du br\u00fbleur, de la grille du br\u00fbleur, du corps, du couvercle et de la soupape de commande. Alors que le syst\u00e8me d&#8217;allumage est couvert pendant un (1) an apr\u00e8s la date d&#8217;achat. Le produit doit \u00eatre enregistr\u00e9 dans les trente jours pour que la garantie s&#8217;applique.\r\n<table class=\"woocommerce-product-attributes shop_attributes\">\r\n<tbody>\r\n<tr class=\"woocommerce-product-attributes-item woocommerce-product-attributes-item--attribute_configuration\">\r\n<th class=\"woocommerce-product-attributes-item__label\">Configuration<\/th>\r\n<td class=\"woocommerce-product-attributes-item__value\">Int\u00e9gr\u00e9<\/td>\r\n<\/tr>\r\n<tr class=\"woocommerce-product-attributes-item woocommerce-product-attributes-item--attribute_style\">\r\n<th class=\"woocommerce-product-attributes-item__label\">Style<\/th>\r\n<td class=\"woocommerce-product-attributes-item__value\">Conventionnel<\/td>\r\n<\/tr>\r\n<tr class=\"woocommerce-product-attributes-item woocommerce-product-attributes-item--attribute_number-of-burners\">\r\n<th class=\"woocommerce-product-attributes-item__label\">Nombre de bruleurs<\/th>\r\n<td class=\"woocommerce-product-attributes-item__value\">Br\u00fbleur simple (1)<\/td>\r\n<\/tr>\r\n<tr class=\"woocommerce-product-attributes-item woocommerce-product-attributes-item--attribute_material\">\r\n<th class=\"woocommerce-product-attributes-item__label\">Mat\u00e9riel<\/th>\r\n<td class=\"woocommerce-product-attributes-item__value\">Acier inoxydable<\/td>\r\n<\/tr>\r\n<tr class=\"woocommerce-product-attributes-item woocommerce-product-attributes-item--attribute_overall-dimensions\">\r\n<th class=\"woocommerce-product-attributes-item__label\">Overall Dimensions<\/th>\r\n<td class=\"woocommerce-product-attributes-item__value\">4\u00bd\u2033 H \u00d7 12\u00bd\u2033 L \u00d7 19\u00bd\u2033 P<\/td>\r\n<\/tr>\r\n<tr class=\"woocommerce-product-attributes-item woocommerce-product-attributes-item--attribute_cut-out-dimensions\">\r\n<th class=\"woocommerce-product-attributes-item__label\">Dimensions de d\u00e9coupe<\/th>\r\n<td class=\"woocommerce-product-attributes-item__value\">2 13\/16\u2033 H \u00d7 11\u00bc\u2033 L \u00d7 18\u2033 P<\/td>\r\n<\/tr>\r\n<tr class=\"woocommerce-product-attributes-item woocommerce-product-attributes-item--attribute_warranty\">\r\n<th class=\"woocommerce-product-attributes-item__label\">Garantie<\/th>\r\n<td class=\"woocommerce-product-attributes-item__value\">PI\u00c8CES UNIQUEMENT (en vigueur le 15\/03\/16)\r\nBr\u00fbleurs\u00a0: \u00e0 vie\r\nGrille de br\u00fbleur\u00a0: \u00e0 vie\r\nCorps + couvercle\u00a0: \u00e0 vie\r\nVannes\u00a0: \u00e0 vie\r\nAllumage : 1 an<\/td>\r\n<\/tr>\r\n<tr class=\"woocommerce-product-attributes-item woocommerce-product-attributes-item--attribute_connection-sizes\">\r\n<th class=\"woocommerce-product-attributes-item__label\">Tailles de connexion<\/th>\r\n<td class=\"woocommerce-product-attributes-item__value\">Tout type: \u215c\u2033<\/td>\r\n<\/tr>\r\n<\/tbody>\r\n<\/table>\t\t\t\t\t\t\t\t<\/div>\n\t\t\t\t<\/div>\n\t\t\t\t\t<\/div>\n\t\t<\/div>\n\t\t\t\t\t<\/div>\n\t\t<\/section>\n\t\t\t\t<section class=\"elementor-section elementor-top-section elementor-element elementor-element-58962d9 elementor-section-boxed elementor-section-height-default elementor-section-height-default\" data-id=\"58962d9\" data-element_type=\"section\">\n\t\t\t\t\t\t<div class=\"elementor-container elementor-column-gap-default\">\n\t\t\t\t\t<div class=\"elementor-column elementor-col-100 elementor-top-column elementor-element elementor-element-c11817a\" data-id=\"c11817a\" data-element_type=\"column\">\n\t\t\t<div class=\"elementor-widget-wrap elementor-element-populated\">\n\t\t\t\t\t\t<div class=\"elementor-element elementor-element-1629810 elementor-tabs-view-horizontal elementor-widget elementor-widget-tabs\" data-id=\"1629810\" data-element_type=\"widget\" data-widget_type=\"tabs.default\">\n\t\t\t\t<div class=\"elementor-widget-container\">\n\t\t\t\t\t\t\t<div class=\"elementor-tabs\">\n\t\t\t<div class=\"elementor-tabs-wrapper\" role=\"tablist\" >\n\t\t\t\t\t\t\t\t\t<div id=\"elementor-tab-title-2321\" class=\"elementor-tab-title elementor-tab-desktop-title\" aria-selected=\"true\" data-tab=\"1\" role=\"tab\" tabindex=\"0\" aria-controls=\"elementor-tab-content-2321\" aria-expanded=\"false\">Fichiers<\/div>\n\t\t\t\t\t\t\t<\/div>\n\t\t\t<div class=\"elementor-tabs-content-wrapper\" role=\"tablist\" aria-orientation=\"vertical\">\n\t\t\t\t\t\t\t\t\t<div class=\"elementor-tab-title elementor-tab-mobile-title\" aria-selected=\"true\" data-tab=\"1\" role=\"tab\" tabindex=\"0\" aria-controls=\"elementor-tab-content-2321\" aria-expanded=\"false\">Fichiers<\/div>\n\t\t\t\t\t<div id=\"elementor-tab-content-2321\" class=\"elementor-tab-content elementor-clearfix\" data-tab=\"1\" role=\"tabpanel\" aria-labelledby=\"elementor-tab-title-2321\" tabindex=\"0\" hidden=\"false\"><i class=\"far fa-file-pdf fa-xl\" style=\"font-size:35px\"><\/i><a href=\"https:\/\/www.belleflamme.ca\/wp-content\/uploads\/2023\/07\/Blaze-Single-Burner-User-Manual.pdf\"> Manuel<\/a><\/br><\/div>\n\t\t\t\t\t\t\t<\/div>\n\t\t<\/div>\n\t\t\t\t\t\t<\/div>\n\t\t\t\t<\/div>\n\t\t\t\t\t<\/div>\n\t\t<\/div>\n\t\t\t\t\t<\/div>\n\t\t<\/section>\n\t\t\t\t<\/div>\n\t\t","protected":false},"excerpt":{"rendered":"<p>Un br\u00fbleur en laiton robuste de 12 000 BTU fournit une puissance calorifique sup\u00e9rieure La construction en acier inoxydable est durable dans un environnement ext\u00e9rieur Le couvercle en acier inoxydable prot\u00e8ge le br\u00fbleur des \u00e9l\u00e9ments ext\u00e9rieurs Le syst\u00e8me d&#8217;allumage \u00e0 bouton poussoir et rotatif fournit une flamme fiable \u00e0 chaque d\u00e9marrage Ce br\u00fbleur lat\u00e9ral coup\u00e9 [&hellip;]<\/p>\n","protected":false},"featured_media":14593,"template":"","meta":{"inline_featured_image":false},"product_brand":[346],"product_cat":[113,114,351,116],"product_tag":[],"class_list":{"0":"post-14592","1":"product","2":"type-product","3":"status-publish","4":"has-post-thumbnail","6":"product_brand-blaze","7":"product_cat-bbq-produits-exterieurs","8":"product_cat-bbq-au-gaz","9":"product_cat-bbq-exterieurs","10":"product_cat-cuisine-exterieure","12":"first","13":"instock","14":"taxable","15":"shipping-taxable","16":"product-type-simple"},"yoast_head":"<!-- This site is optimized with the Yoast SEO Premium plugin v24.2 (Yoast SEO v24.2) - https:\/\/yoast.com\/wordpress\/plugins\/seo\/ -->\n<title>Br\u00fbleur lat\u00e9ral simple encastrable Blaze - Groupe BelleFlamme<\/title>\n<meta name=\"description\" content=\"Br\u00fbleur lat\u00e9ral simple encastrable Blaze vendu et install\u00e9 par le Groupe Belleflamme. Laval, Montr\u00e9al, Gatineau, Drummondville et Saint-Sauveur.\" \/>\n<meta name=\"robots\" content=\"index, follow, max-snippet:-1, max-image-preview:large, max-video-preview:-1\" \/>\n<link rel=\"canonical\" href=\"https:\/\/staging.belleflamme.ca\/fr\/produit\/bruleur-lateral-simple-encastrable-blaze\/\" \/>\n<meta property=\"og:locale\" content=\"fr_FR\" \/>\n<meta property=\"og:type\" content=\"article\" \/>\n<meta property=\"og:title\" content=\"Br\u00fbleur lat\u00e9ral simple encastrable Blaze\" \/>\n<meta property=\"og:description\" content=\"Br\u00fbleur lat\u00e9ral simple encastrable Blaze vendu et install\u00e9 par le Groupe Belleflamme. Laval, Montr\u00e9al, Gatineau, Drummondville et Saint-Sauveur.\" \/>\n<meta property=\"og:url\" content=\"https:\/\/staging.belleflamme.ca\/fr\/produit\/bruleur-lateral-simple-encastrable-blaze\/\" \/>\n<meta property=\"og:site_name\" content=\"Groupe BelleFlamme\" \/>\n<meta property=\"article:publisher\" content=\"https:\/\/www.facebook.com\/belleflamme.ca\/\" \/>\n<meta property=\"article:modified_time\" content=\"2024-05-16T16:46:33+00:00\" \/>\n<meta property=\"og:image\" content=\"https:\/\/www.belleflamme.ca\/wp-content\/uploads\/2023\/05\/DSCF25031.webp\" \/>\n\t<meta property=\"og:image:width\" content=\"889\" \/>\n\t<meta property=\"og:image:height\" content=\"1080\" \/>\n\t<meta property=\"og:image:type\" content=\"image\/webp\" \/>\n<meta name=\"twitter:card\" content=\"summary_large_image\" \/>\n<meta name=\"twitter:label1\" content=\"Prix\" \/>\n\t<meta name=\"twitter:data1\" content=\"\" \/>\n\t<meta name=\"twitter:label2\" content=\"Disponibilit\u00e9\" \/>\n\t<meta name=\"twitter:data2\" content=\"En stock\" \/>\n<script type=\"application\/ld+json\" class=\"yoast-schema-graph\">{\"@context\":\"https:\/\/schema.org\",\"@graph\":[{\"@type\":[\"WebPage\",\"ItemPage\"],\"@id\":\"https:\/\/staging.belleflamme.ca\/fr\/produit\/bruleur-lateral-simple-encastrable-blaze\/\",\"url\":\"https:\/\/staging.belleflamme.ca\/fr\/produit\/bruleur-lateral-simple-encastrable-blaze\/\",\"name\":\"Br\u00fbleur lat\u00e9ral simple encastrable Blaze - Groupe BelleFlamme\",\"isPartOf\":{\"@id\":\"https:\/\/www.belleflamme.ca\/fr\/#website\"},\"primaryImageOfPage\":{\"@id\":\"https:\/\/staging.belleflamme.ca\/fr\/produit\/bruleur-lateral-simple-encastrable-blaze\/#primaryimage\"},\"image\":{\"@id\":\"https:\/\/staging.belleflamme.ca\/fr\/produit\/bruleur-lateral-simple-encastrable-blaze\/#primaryimage\"},\"thumbnailUrl\":\"https:\/\/staging.belleflamme.ca\/wp-content\/uploads\/2023\/05\/DSCF25031.webp\",\"datePublished\":\"2023-05-16T16:42:09+00:00\",\"dateModified\":\"2024-05-16T16:46:33+00:00\",\"description\":\"Br\u00fbleur lat\u00e9ral simple encastrable Blaze [get_meta_en_fr]\",\"breadcrumb\":{\"@id\":\"https:\/\/staging.belleflamme.ca\/fr\/produit\/bruleur-lateral-simple-encastrable-blaze\/#breadcrumb\"},\"inLanguage\":\"fr-FR\",\"potentialAction\":[{\"@type\":\"ReadAction\",\"target\":[\"https:\/\/staging.belleflamme.ca\/fr\/produit\/bruleur-lateral-simple-encastrable-blaze\/\"]}]},{\"@type\":\"ImageObject\",\"inLanguage\":\"fr-FR\",\"@id\":\"https:\/\/staging.belleflamme.ca\/fr\/produit\/bruleur-lateral-simple-encastrable-blaze\/#primaryimage\",\"url\":\"https:\/\/staging.belleflamme.ca\/wp-content\/uploads\/2023\/05\/DSCF25031.webp\",\"contentUrl\":\"https:\/\/staging.belleflamme.ca\/wp-content\/uploads\/2023\/05\/DSCF25031.webp\",\"width\":889,\"height\":1080,\"caption\":\"Br\u00fbleur lat\u00e9ral simple encastrable Blaze\"},{\"@type\":\"BreadcrumbList\",\"@id\":\"https:\/\/staging.belleflamme.ca\/fr\/produit\/bruleur-lateral-simple-encastrable-blaze\/#breadcrumb\",\"itemListElement\":[{\"@type\":\"ListItem\",\"position\":1,\"name\":\"Accueil\",\"item\":\"https:\/\/www.belleflamme.ca\/fr\/\"},{\"@type\":\"ListItem\",\"position\":2,\"name\":\"Boutique\",\"item\":\"https:\/\/www.belleflamme.ca\/fr\/boutique\/\"},{\"@type\":\"ListItem\",\"position\":3,\"name\":\"BBQ &amp; Produits Ext\u00e9rieurs\",\"item\":\"https:\/\/staging.belleflamme.ca\/fr\/categories\/bbq-produits-exterieurs\/\"},{\"@type\":\"ListItem\",\"position\":4,\"name\":\"Cuisine Ext\u00e9rieure\",\"item\":\"https:\/\/staging.belleflamme.ca\/fr\/categories\/bbq-produits-exterieurs\/cuisine-exterieure\/\"},{\"@type\":\"ListItem\",\"position\":5,\"name\":\"BBQ Ext\u00e9rieurs\",\"item\":\"https:\/\/staging.belleflamme.ca\/fr\/categories\/bbq-produits-exterieurs\/cuisine-exterieure\/bbq-exterieurs\/\"},{\"@type\":\"ListItem\",\"position\":6,\"name\":\"Br\u00fbleur lat\u00e9ral simple encastrable Blaze\"}]},{\"@type\":\"WebSite\",\"@id\":\"https:\/\/www.belleflamme.ca\/fr\/#website\",\"url\":\"https:\/\/www.belleflamme.ca\/fr\/\",\"name\":\"Groupe Belleflamme\",\"description\":\"La m\u00e9canique du b\u00e2timent dans le sang.\",\"publisher\":{\"@id\":\"https:\/\/www.belleflamme.ca\/fr\/#organization\"},\"potentialAction\":[{\"@type\":\"SearchAction\",\"target\":{\"@type\":\"EntryPoint\",\"urlTemplate\":\"https:\/\/www.belleflamme.ca\/fr\/?s={search_term_string}\"},\"query-input\":{\"@type\":\"PropertyValueSpecification\",\"valueRequired\":true,\"valueName\":\"search_term_string\"}}],\"inLanguage\":\"fr-FR\"},{\"@type\":[\"Organization\",\"Place\"],\"@id\":\"https:\/\/www.belleflamme.ca\/fr\/#organization\",\"name\":\"Groupe Belleflamme\",\"alternateName\":\"Belleflamme\",\"url\":\"https:\/\/www.belleflamme.ca\/fr\/\",\"logo\":{\"@type\":\"ImageObject\",\"inLanguage\":\"fr-FR\",\"@id\":\"https:\/\/www.belleflamme.ca\/fr\/#\/schema\/logo\/image\/\",\"url\":\"https:\/\/staging.belleflamme.ca\/wp-content\/uploads\/2023\/01\/og-image.jpg\",\"contentUrl\":\"https:\/\/staging.belleflamme.ca\/wp-content\/uploads\/2023\/01\/og-image.jpg\",\"width\":1200,\"height\":630,\"caption\":\"Groupe Belleflamme\"},\"image\":{\"@id\":\"https:\/\/www.belleflamme.ca\/fr\/#\/schema\/logo\/image\/\"},\"sameAs\":[\"https:\/\/www.facebook.com\/belleflamme.ca\/\",\"https:\/\/www.linkedin.com\/company\/belleflamme\/\",\"https:\/\/www.pinterest.ca\/groupebelleflamme\/\",\"https:\/\/www.instagram.com\/legroupebelleflamme\/\"],\"mainEntityOfPage\":{\"@id\":\"https:\/\/staging.belleflamme.ca\/fr\/produit\/bruleur-lateral-simple-encastrable-blaze\/\"}}]}<\/script>\n<meta property=\"product:brand\" content=\"Blaze\" \/>\n<meta property=\"product:price:amount\" content=\"0.00\" \/>\n<meta property=\"product:price:currency\" content=\"CAD\" \/>\n<meta property=\"og:availability\" content=\"instock\" \/>\n<meta property=\"product:availability\" content=\"instock\" \/>\n<meta property=\"product:condition\" content=\"new\" \/>\n<!-- \/ Yoast SEO Premium plugin. -->","yoast_head_json":{"title":"Br\u00fbleur lat\u00e9ral simple encastrable Blaze - Groupe BelleFlamme","description":"Br\u00fbleur lat\u00e9ral simple encastrable Blaze vendu et install\u00e9 par le Groupe Belleflamme. Laval, Montr\u00e9al, Gatineau, Drummondville et Saint-Sauveur.","robots":{"index":"index","follow":"follow","max-snippet":"max-snippet:-1","max-image-preview":"max-image-preview:large","max-video-preview":"max-video-preview:-1"},"canonical":"https:\/\/staging.belleflamme.ca\/fr\/produit\/bruleur-lateral-simple-encastrable-blaze\/","og_locale":"fr_FR","og_type":"article","og_title":"Br\u00fbleur lat\u00e9ral simple encastrable Blaze","og_description":"Br\u00fbleur lat\u00e9ral simple encastrable Blaze vendu et install\u00e9 par le Groupe Belleflamme. Laval, Montr\u00e9al, Gatineau, Drummondville et Saint-Sauveur.","og_url":"https:\/\/staging.belleflamme.ca\/fr\/produit\/bruleur-lateral-simple-encastrable-blaze\/","og_site_name":"Groupe BelleFlamme","article_publisher":"https:\/\/www.facebook.com\/belleflamme.ca\/","article_modified_time":"2024-05-16T16:46:33+00:00","og_image":[{"width":889,"height":1080,"url":"https:\/\/www.belleflamme.ca\/wp-content\/uploads\/2023\/05\/DSCF25031.webp","type":"image\/webp"}],"twitter_card":"summary_large_image","twitter_misc":{"Prix":"","Disponibilit\u00e9":"En stock"},"schema":{"@context":"https:\/\/schema.org","@graph":[{"@type":["WebPage","ItemPage"],"@id":"https:\/\/staging.belleflamme.ca\/fr\/produit\/bruleur-lateral-simple-encastrable-blaze\/","url":"https:\/\/staging.belleflamme.ca\/fr\/produit\/bruleur-lateral-simple-encastrable-blaze\/","name":"Br\u00fbleur lat\u00e9ral simple encastrable Blaze - Groupe BelleFlamme","isPartOf":{"@id":"https:\/\/www.belleflamme.ca\/fr\/#website"},"primaryImageOfPage":{"@id":"https:\/\/staging.belleflamme.ca\/fr\/produit\/bruleur-lateral-simple-encastrable-blaze\/#primaryimage"},"image":{"@id":"https:\/\/staging.belleflamme.ca\/fr\/produit\/bruleur-lateral-simple-encastrable-blaze\/#primaryimage"},"thumbnailUrl":"https:\/\/staging.belleflamme.ca\/wp-content\/uploads\/2023\/05\/DSCF25031.webp","datePublished":"2023-05-16T16:42:09+00:00","dateModified":"2024-05-16T16:46:33+00:00","description":"Br\u00fbleur lat\u00e9ral simple encastrable Blaze [get_meta_en_fr]","breadcrumb":{"@id":"https:\/\/staging.belleflamme.ca\/fr\/produit\/bruleur-lateral-simple-encastrable-blaze\/#breadcrumb"},"inLanguage":"fr-FR","potentialAction":[{"@type":"ReadAction","target":["https:\/\/staging.belleflamme.ca\/fr\/produit\/bruleur-lateral-simple-encastrable-blaze\/"]}]},{"@type":"ImageObject","inLanguage":"fr-FR","@id":"https:\/\/staging.belleflamme.ca\/fr\/produit\/bruleur-lateral-simple-encastrable-blaze\/#primaryimage","url":"https:\/\/staging.belleflamme.ca\/wp-content\/uploads\/2023\/05\/DSCF25031.webp","contentUrl":"https:\/\/staging.belleflamme.ca\/wp-content\/uploads\/2023\/05\/DSCF25031.webp","width":889,"height":1080,"caption":"Br\u00fbleur lat\u00e9ral simple encastrable Blaze"},{"@type":"BreadcrumbList","@id":"https:\/\/staging.belleflamme.ca\/fr\/produit\/bruleur-lateral-simple-encastrable-blaze\/#breadcrumb","itemListElement":[{"@type":"ListItem","position":1,"name":"Accueil","item":"https:\/\/www.belleflamme.ca\/fr\/"},{"@type":"ListItem","position":2,"name":"Boutique","item":"https:\/\/www.belleflamme.ca\/fr\/boutique\/"},{"@type":"ListItem","position":3,"name":"BBQ &amp; Produits Ext\u00e9rieurs","item":"https:\/\/staging.belleflamme.ca\/fr\/categories\/bbq-produits-exterieurs\/"},{"@type":"ListItem","position":4,"name":"Cuisine Ext\u00e9rieure","item":"https:\/\/staging.belleflamme.ca\/fr\/categories\/bbq-produits-exterieurs\/cuisine-exterieure\/"},{"@type":"ListItem","position":5,"name":"BBQ Ext\u00e9rieurs","item":"https:\/\/staging.belleflamme.ca\/fr\/categories\/bbq-produits-exterieurs\/cuisine-exterieure\/bbq-exterieurs\/"},{"@type":"ListItem","position":6,"name":"Br\u00fbleur lat\u00e9ral simple encastrable Blaze"}]},{"@type":"WebSite","@id":"https:\/\/www.belleflamme.ca\/fr\/#website","url":"https:\/\/www.belleflamme.ca\/fr\/","name":"Groupe Belleflamme","description":"La m\u00e9canique du b\u00e2timent dans le sang.","publisher":{"@id":"https:\/\/www.belleflamme.ca\/fr\/#organization"},"potentialAction":[{"@type":"SearchAction","target":{"@type":"EntryPoint","urlTemplate":"https:\/\/www.belleflamme.ca\/fr\/?s={search_term_string}"},"query-input":{"@type":"PropertyValueSpecification","valueRequired":true,"valueName":"search_term_string"}}],"inLanguage":"fr-FR"},{"@type":["Organization","Place"],"@id":"https:\/\/www.belleflamme.ca\/fr\/#organization","name":"Groupe Belleflamme","alternateName":"Belleflamme","url":"https:\/\/www.belleflamme.ca\/fr\/","logo":{"@type":"ImageObject","inLanguage":"fr-FR","@id":"https:\/\/www.belleflamme.ca\/fr\/#\/schema\/logo\/image\/","url":"https:\/\/staging.belleflamme.ca\/wp-content\/uploads\/2023\/01\/og-image.jpg","contentUrl":"https:\/\/staging.belleflamme.ca\/wp-content\/uploads\/2023\/01\/og-image.jpg","width":1200,"height":630,"caption":"Groupe Belleflamme"},"image":{"@id":"https:\/\/www.belleflamme.ca\/fr\/#\/schema\/logo\/image\/"},"sameAs":["https:\/\/www.facebook.com\/belleflamme.ca\/","https:\/\/www.linkedin.com\/company\/belleflamme\/","https:\/\/www.pinterest.ca\/groupebelleflamme\/","https:\/\/www.instagram.com\/legroupebelleflamme\/"],"mainEntityOfPage":{"@id":"https:\/\/staging.belleflamme.ca\/fr\/produit\/bruleur-lateral-simple-encastrable-blaze\/"}}]},"product_brand":"Blaze","product_price_amount":"0.00","product_price_currency":"CAD","og_availability":"instock","product_availability":"instock","product_condition":"new"},"_links":{"self":[{"href":"https:\/\/staging.belleflamme.ca\/fr\/wp-json\/wp\/v2\/product\/14592","targetHints":{"allow":["GET"]}}],"collection":[{"href":"https:\/\/staging.belleflamme.ca\/fr\/wp-json\/wp\/v2\/product"}],"about":[{"href":"https:\/\/staging.belleflamme.ca\/fr\/wp-json\/wp\/v2\/types\/product"}],"version-history":[{"count":5,"href":"https:\/\/staging.belleflamme.ca\/fr\/wp-json\/wp\/v2\/product\/14592\/revisions"}],"predecessor-version":[{"id":38803,"href":"https:\/\/staging.belleflamme.ca\/fr\/wp-json\/wp\/v2\/product\/14592\/revisions\/38803"}],"wp:featuredmedia":[{"embeddable":true,"href":"https:\/\/staging.belleflamme.ca\/fr\/wp-json\/wp\/v2\/media\/14593"}],"wp:attachment":[{"href":"https:\/\/staging.belleflamme.ca\/fr\/wp-json\/wp\/v2\/media?parent=14592"}],"wp:term":[{"taxonomy":"product_brand","embeddable":true,"href":"https:\/\/staging.belleflamme.ca\/fr\/wp-json\/wp\/v2\/product_brand?post=14592"},{"taxonomy":"product_cat","embeddable":true,"href":"https:\/\/staging.belleflamme.ca\/fr\/wp-json\/wp\/v2\/product_cat?post=14592"},{"taxonomy":"product_tag","embeddable":true,"href":"https:\/\/staging.belleflamme.ca\/fr\/wp-json\/wp\/v2\/product_tag?post=14592"}],"curies":[{"name":"wp","href":"https:\/\/api.w.org\/{rel}","templated":true}]}}